{"id":6493,"date":"2023-09-29T21:13:19","date_gmt":"2023-09-29T19:13:19","guid":{"rendered":"http:\/\/www.ams-ag.de\/?page_id=6493"},"modified":"2025-03-22T01:40:42","modified_gmt":"2025-03-22T00:40:42","slug":"yedek-filtre-purwater-pro","status":"publish","type":"page","link":"https:\/\/www.ams-ag.de\/tr\/produkte\/heimbedarf\/wasseraufbereitung\/ersatzfilter-purwater-pro\/","title":{"rendered":"Yedek filtre PURWATER pro"},"content":{"rendered":"<div data-elementor-type=\"wp-page\" data-elementor-id=\"6493\" class=\"elementor elementor-6493\" data-elementor-post-type=\"page\">\n\t\t\t\t\t\t<section class=\"elementor-section elementor-top-section elementor-element elementor-element-d8f1a38 elementor-section-boxed elementor-section-height-default elementor-section-height-default\" data-id=\"d8f1a38\" data-element_type=\"section\" data-e-type=\"section\">\n\t\t\t\t\t\t<div class=\"elementor-container elementor-column-gap-default\">\n\t\t\t\t\t<div class=\"elementor-column elementor-col-100 elementor-top-column elementor-element elementor-element-12ab49c\" data-id=\"12ab49c\" data-element_type=\"column\" data-e-type=\"column\">\n\t\t\t<div class=\"elementor-widget-wrap elementor-element-populated\">\n\t\t\t\t\t\t<div class=\"elementor-element elementor-element-174879a elementor-widget elementor-widget-heading\" data-id=\"174879a\" data-element_type=\"widget\" data-e-type=\"widget\" data-widget_type=\"heading.default\">\n\t\t\t\t<div class=\"elementor-widget-container\">\n\t\t\t\t\t<h2 class=\"elementor-heading-title elementor-size-default\">Yedek filtre PURWATER pro<\/h2>\t\t\t\t<\/div>\n\t\t\t\t<\/div>\n\t\t\t\t<div class=\"elementor-element elementor-element-821918e elementor-widget elementor-widget-button\" data-id=\"821918e\" data-element_type=\"widget\" data-e-type=\"widget\" data-widget_type=\"button.default\">\n\t\t\t\t<div class=\"elementor-widget-container\">\n\t\t\t\t\t\t\t\t\t<div class=\"elementor-button-wrapper\">\n\t\t\t\t\t<a class=\"elementor-button elementor-button-link elementor-size-sm\" href=\"http:\/\/ams-onlineshop.de\/produkt-kategorie\/heimbedarf\/wasseraufbereitung\/purwater-pro\/\" target=\"_blank\">\n\t\t\t\t\t\t<span class=\"elementor-button-content-wrapper\">\n\t\t\t\t\t\t<span class=\"elementor-button-icon\">\n\t\t\t\t<i aria-hidden=\"true\" class=\"fas fa-arrow-right\"><\/i>\t\t\t<\/span>\n\t\t\t\t\t\t\t\t\t<span class=\"elementor-button-text\">Ma\u011fazada yedek filtreler<\/span>\n\t\t\t\t\t<\/span>\n\t\t\t\t\t<\/a>\n\t\t\t\t<\/div>\n\t\t\t\t\t\t\t\t<\/div>\n\t\t\t\t<\/div>\n\t\t\t\t<div class=\"elementor-element elementor-element-d372367 elementor-widget__width-auto elementor-widget elementor-widget-heading\" data-id=\"d372367\" data-element_type=\"widget\" data-e-type=\"widget\" data-widget_type=\"heading.default\">\n\t\t\t\t<div class=\"elementor-widget-container\">\n\t\t\t\t\t<span class=\"elementor-heading-title elementor-size-default\">Yaln\u0131zca \u015fu \u00fclkelerde mevcuttur: Almanya, Avusturya, \u0130svi\u00e7re<\/span>\t\t\t\t<\/div>\n\t\t\t\t<\/div>\n\t\t\t\t\t<\/div>\n\t\t<\/div>\n\t\t\t\t\t<\/div>\n\t\t<\/section>\n\t\t\t\t<section class=\"elementor-section elementor-top-section elementor-element elementor-element-3a1e3e9 elementor-section-boxed elementor-section-height-default elementor-section-height-default\" data-id=\"3a1e3e9\" data-element_type=\"section\" data-e-type=\"section\">\n\t\t\t\t\t\t<div class=\"elementor-container elementor-column-gap-default\">\n\t\t\t\t\t<div class=\"elementor-column elementor-col-100 elementor-top-column elementor-element elementor-element-743eda9\" data-id=\"743eda9\" data-element_type=\"column\" data-e-type=\"column\">\n\t\t\t<div class=\"elementor-widget-wrap elementor-element-populated\">\n\t\t\t\t\t\t<div class=\"elementor-element elementor-element-aa901bc elementor-widget elementor-widget-heading\" data-id=\"aa901bc\" data-element_type=\"widget\" data-e-type=\"widget\" data-widget_type=\"heading.default\">\n\t\t\t\t<div class=\"elementor-widget-container\">\n\t\t\t\t\t<h2 class=\"elementor-heading-title elementor-size-default\">\u0130yi haber ve k\u00f6t\u00fc haber...<\/h2>\t\t\t\t<\/div>\n\t\t\t\t<\/div>\n\t\t\t\t<div class=\"elementor-element elementor-element-d5e7fed elementor-widget elementor-widget-text-editor\" data-id=\"d5e7fed\" data-element_type=\"widget\" data-e-type=\"widget\" data-widget_type=\"text-editor.default\">\n\t\t\t\t<div class=\"elementor-widget-container\">\n\t\t\t\t\t\t\t\t\t<p><b>\u00d6ncelikle k\u00f6t\u00fc:<br>\n<\/b>Uzun zamand\u0131r sat\u0131\u015f\u0131n\u0131 yapt\u0131\u011f\u0131m\u0131z su ar\u0131tma cihaz\u0131m\u0131z PURWATER pro maalesef art\u0131k stoklar\u0131m\u0131zda bulunmamaktad\u0131r. \u00dcretimi durdu ve son cihazlar\u0131m\u0131z\u0131 da satt\u0131k.<\/p>\n<p><b>\u0130yi haber \u015fu:<br>\n<\/b>Bir PURWATER pro cihaz\u0131n\u0131z varsa, kullan\u0131m \u00f6mr\u00fc boyunca yap\u0131lacak filtre de\u011fi\u015fiklikleri konusunda endi\u015felenmenize gerek yoktur. Filtreler mevcut ve mevcut kalacak. Bunun nedeni, PURWATER pro&#039;ye ek olarak bu filtrelerle donat\u0131lm\u0131\u015f ba\u015fka cihazlar\u0131n da bulunmas\u0131d\u0131r; dolay\u0131s\u0131yla PURWATER pro cihaz\u0131n\u0131n \u00fcretiminin durdurulmas\u0131n\u0131n, filtrelerin kullan\u0131labilirli\u011fi ile hi\u00e7bir ilgisi yoktur.<\/p>\n<p><b>Bir g\u00fczel haber daha:<br>\n<\/b>Hen\u00fcz bir su ar\u0131tma cihaz\u0131n\u0131z yoksa veya birine tavsiye etmek istiyorsan\u0131z, sizin i\u00e7in zaten do\u011fru olan\u0131 bulduk.<\/p>\n<p>spring-time\u00ae420 pro ile \u00fcr\u00fcn yelpazemize yeni bir su ar\u0131tma cihaz\u0131 ekledik.<\/p>\n<p>Yo\u011fun ara\u015ft\u0131rmalar\u0131n ard\u0131ndan yeni bir i\u015fbirli\u011fi orta\u011f\u0131 buldu\u011fumuz i\u00e7in \u00e7ok mutluyuz:<br>\nAqua Living \u015firketi, yaln\u0131zca Almanya&#039;da \u00fcretilen su ar\u0131tma sistemlerinin \u00f6nde gelen sa\u011flay\u0131c\u0131lar\u0131ndan biridir.<\/p>\n<p>Daha fazla bilgi i\u00e7in buraya t\u0131klay\u0131n:<\/p>\n<p><a href=\"https:\/\/www.ams-ag.de\/tr\/ueruenler\/ev-malzemeleri\/su-aritma\/bahar-zamani420-pro\/\"><b>spring-time\u00ae420 pro<\/b><\/a><\/p>\t\t\t\t\t\t\t\t<\/div>\n\t\t\t\t<\/div>\n\t\t\t\t<div class=\"elementor-element elementor-element-541aa02 elementor-widget elementor-widget-button\" data-id=\"541aa02\" data-element_type=\"widget\" data-e-type=\"widget\" data-widget_type=\"button.default\">\n\t\t\t\t<div class=\"elementor-widget-container\">\n\t\t\t\t\t\t\t\t\t<div class=\"elementor-button-wrapper\">\n\t\t\t\t\t<a class=\"elementor-button elementor-button-link elementor-size-sm\" href=\"http:\/\/ams-onlineshop.de\/produkt-kategorie\/heimbedarf\/wasseraufbereitung\/purwater-pro\/\" target=\"_blank\">\n\t\t\t\t\t\t<span class=\"elementor-button-content-wrapper\">\n\t\t\t\t\t\t<span class=\"elementor-button-icon\">\n\t\t\t\t<i aria-hidden=\"true\" class=\"fas fa-arrow-right\"><\/i>\t\t\t<\/span>\n\t\t\t\t\t\t\t\t\t<span class=\"elementor-button-text\">Ma\u011fazada yedek filtreler<\/span>\n\t\t\t\t\t<\/span>\n\t\t\t\t\t<\/a>\n\t\t\t\t<\/div>\n\t\t\t\t\t\t\t\t<\/div>\n\t\t\t\t<\/div>\n\t\t\t\t\t<\/div>\n\t\t<\/div>\n\t\t\t\t\t<\/div>\n\t\t<\/section>\n\t\t\t\t<section class=\"elementor-section elementor-top-section elementor-element elementor-element-1784d46 elementor-section-boxed elementor-section-height-default elementor-section-height-default\" data-id=\"1784d46\" data-element_type=\"section\" data-e-type=\"section\" data-settings=\"{&quot;background_background&quot;:&quot;classic&quot;}\">\n\t\t\t\t\t\t<div class=\"elementor-container elementor-column-gap-default\">\n\t\t\t\t\t<div class=\"elementor-column elementor-col-100 elementor-top-column elementor-element elementor-element-a0f2297\" data-id=\"a0f2297\" data-element_type=\"column\" data-e-type=\"column\">\n\t\t\t<div class=\"elementor-widget-wrap elementor-element-populated\">\n\t\t\t\t\t\t<div class=\"elementor-element elementor-element-d6b214c elementor-align-right elementor-mobile-align-center elementor-widget elementor-widget-button\" data-id=\"d6b214c\" data-element_type=\"widget\" data-e-type=\"widget\" data-widget_type=\"button.default\">\n\t\t\t\t<div class=\"elementor-widget-container\">\n\t\t\t\t\t\t\t\t\t<div class=\"elementor-button-wrapper\">\n\t\t\t\t\t<a class=\"elementor-button elementor-button-link elementor-size-sm\" href=\"https:\/\/www.ams-ag.de\/tr\/veranstaltungen-und-termine\/\">\n\t\t\t\t\t\t<span class=\"elementor-button-content-wrapper\">\n\t\t\t\t\t\t<span class=\"elementor-button-icon\">\n\t\t\t\t<i aria-hidden=\"true\" class=\"fas fa-arrow-right\"><\/i>\t\t\t<\/span>\n\t\t\t\t\t\t\t\t\t<span class=\"elementor-button-text\">Etkinlikler ve tarihler<\/span>\n\t\t\t\t\t<\/span>\n\t\t\t\t\t<\/a>\n\t\t\t\t<\/div>\n\t\t\t\t\t\t\t\t<\/div>\n\t\t\t\t<\/div>\n\t\t\t\t\t<\/div>\n\t\t<\/div>\n\t\t\t\t\t<\/div>\n\t\t<\/section>\n\t\t\t\t<\/div>","protected":false},"excerpt":{"rendered":"<p>Ersatzfilter PURWATER pro Ersatzfilter im Shop Nur verf\u00fcgbar in: Deutschland, \u00d6sterreich, Schweiz Eine gute und eine schlechte Nachricht &#8230; Zuerst die schlechte: Unser PURWATER pro, das Wasseraufbereitungsger\u00e4t, das wir \u00fcber [&hellip;]<\/p>\n","protected":false},"author":1,"featured_media":0,"parent":3990,"menu_order":8,"comment_status":"closed","ping_status":"closed","template":"","meta":{"pmpro_default_level":"","footnotes":""},"class_list":["post-6493","page","type-page","status-publish","hentry","pmpro-has-access"],"_links":{"self":[{"href":"https:\/\/www.ams-ag.de\/tr\/wp-json\/wp\/v2\/pages\/6493","targetHints":{"allow":["GET"]}}],"collection":[{"href":"https:\/\/www.ams-ag.de\/tr\/wp-json\/wp\/v2\/pages"}],"about":[{"href":"https:\/\/www.ams-ag.de\/tr\/wp-json\/wp\/v2\/types\/page"}],"author":[{"embeddable":true,"href":"https:\/\/www.ams-ag.de\/tr\/wp-json\/wp\/v2\/users\/1"}],"replies":[{"embeddable":true,"href":"https:\/\/www.ams-ag.de\/tr\/wp-json\/wp\/v2\/comments?post=6493"}],"version-history":[{"count":12,"href":"https:\/\/www.ams-ag.de\/tr\/wp-json\/wp\/v2\/pages\/6493\/revisions"}],"predecessor-version":[{"id":18664,"href":"https:\/\/www.ams-ag.de\/tr\/wp-json\/wp\/v2\/pages\/6493\/revisions\/18664"}],"up":[{"embeddable":true,"href":"https:\/\/www.ams-ag.de\/tr\/wp-json\/wp\/v2\/pages\/3990"}],"wp:attachment":[{"href":"https:\/\/www.ams-ag.de\/tr\/wp-json\/wp\/v2\/media?parent=6493"}],"curies":[{"name":"wp","href":"https:\/\/api.w.org\/{rel}","templated":true}]}}