{"id":3990,"date":"2023-09-05T18:44:55","date_gmt":"2023-09-05T16:44:55","guid":{"rendered":"http:\/\/www.ams-ag.de\/?page_id=3990"},"modified":"2025-07-25T14:41:51","modified_gmt":"2025-07-25T12:41:51","slug":"su-aritma","status":"publish","type":"page","link":"https:\/\/www.ams-ag.de\/tr\/produkte\/heimbedarf\/wasseraufbereitung\/","title":{"rendered":"Su ar\u0131tma"},"content":{"rendered":"<div data-elementor-type=\"wp-page\" data-elementor-id=\"3990\" class=\"elementor elementor-3990\" data-elementor-post-type=\"page\">\n\t\t\t\t\t\t<section class=\"elementor-section elementor-top-section elementor-element elementor-element-92d41f9 elementor-section-boxed elementor-section-height-default elementor-section-height-default\" data-id=\"92d41f9\" data-element_type=\"section\" data-e-type=\"section\" data-settings=\"{&quot;background_background&quot;:&quot;classic&quot;}\">\n\t\t\t\t\t\t<div class=\"elementor-container elementor-column-gap-default\">\n\t\t\t\t\t<div class=\"elementor-column elementor-col-50 elementor-top-column elementor-element elementor-element-047fe45\" data-id=\"047fe45\" data-element_type=\"column\" data-e-type=\"column\">\n\t\t\t<div class=\"elementor-widget-wrap elementor-element-populated\">\n\t\t\t\t\t\t<div class=\"elementor-element elementor-element-9fc910b elementor-widget elementor-widget-image\" data-id=\"9fc910b\" data-element_type=\"widget\" data-e-type=\"widget\" data-widget_type=\"image.default\">\n\t\t\t\t<div class=\"elementor-widget-container\">\n\t\t\t\t\t\t\t\t\t\t\t\t\t\t\t<img fetchpriority=\"high\" decoding=\"async\" width=\"768\" height=\"548\" src=\"https:\/\/www.ams-ag.de\/wp-content\/uploads\/2024\/01\/pexels-pixabay-416528-768x548.jpg\" class=\"attachment-medium_large size-medium_large wp-image-14137\" alt=\"\" srcset=\"https:\/\/www.ams-ag.de\/wp-content\/uploads\/2024\/01\/pexels-pixabay-416528-768x548.jpg 768w, https:\/\/www.ams-ag.de\/wp-content\/uploads\/2024\/01\/pexels-pixabay-416528-300x214.jpg 300w, https:\/\/www.ams-ag.de\/wp-content\/uploads\/2024\/01\/pexels-pixabay-416528-1434x1024.jpg 1434w, https:\/\/www.ams-ag.de\/wp-content\/uploads\/2024\/01\/pexels-pixabay-416528-1536x1097.jpg 1536w, https:\/\/www.ams-ag.de\/wp-content\/uploads\/2024\/01\/pexels-pixabay-416528-18x12.jpg 18w, https:\/\/www.ams-ag.de\/wp-content\/uploads\/2024\/01\/pexels-pixabay-416528.jpg 1920w\" sizes=\"(max-width: 768px) 100vw, 768px\" \/>\t\t\t\t\t\t\t\t\t\t\t\t\t\t\t<\/div>\n\t\t\t\t<\/div>\n\t\t\t\t\t<\/div>\n\t\t<\/div>\n\t\t\t\t<div class=\"elementor-column elementor-col-50 elementor-top-column elementor-element elementor-element-6ff9a75\" data-id=\"6ff9a75\" data-element_type=\"column\" data-e-type=\"column\">\n\t\t\t<div class=\"elementor-widget-wrap elementor-element-populated\">\n\t\t\t\t\t\t<div class=\"elementor-element elementor-element-577aa42 elementor-widget elementor-widget-heading\" data-id=\"577aa42\" data-element_type=\"widget\" data-e-type=\"widget\" data-widget_type=\"heading.default\">\n\t\t\t\t<div class=\"elementor-widget-container\">\n\t\t\t\t\t<h1 class=\"elementor-heading-title elementor-size-default\">Su ar\u0131tma<\/h1>\t\t\t\t<\/div>\n\t\t\t\t<\/div>\n\t\t\t\t<div class=\"elementor-element elementor-element-44a14f0 elementor-widget elementor-widget-text-editor\" data-id=\"44a14f0\" data-element_type=\"widget\" data-e-type=\"widget\" data-widget_type=\"text-editor.default\">\n\t\t\t\t<div class=\"elementor-widget-container\">\n\t\t\t\t\t\t\t\t\t<a href=\"http:\/\/ams-onlineshop.de\/wp-content\/uploads\/2023\/03\/Achtung_Preisvergleich_spring-time.pdf\" target=\"_blank\" rel=\"noopener\"><b>Fiyatlar\u0131 kar\u015f\u0131la\u015ft\u0131r\u0131rken dikkatli olun!<\/b><\/a>\t\t\t\t\t\t\t\t<\/div>\n\t\t\t\t<\/div>\n\t\t\t\t<div class=\"elementor-element elementor-element-8874bb2 elementor-widget__width-auto elementor-widget elementor-widget-heading\" data-id=\"8874bb2\" data-element_type=\"widget\" data-e-type=\"widget\" data-widget_type=\"heading.default\">\n\t\t\t\t<div class=\"elementor-widget-container\">\n\t\t\t\t\t<span class=\"elementor-heading-title elementor-size-default\">Baz\u0131 AB \u00fclkeleri ve \u0130svi\u00e7re&#039;de do\u011frudan ma\u011fazadan temin edilebilir.<br>Di\u011fer \u00fclkeler talep \u00fczerine. Bize nas\u0131l ula\u015fabilece\u011fimizi anlatan k\u0131sa bir e-posta g\u00f6nderin.<\/span>\t\t\t\t<\/div>\n\t\t\t\t<\/div>\n\t\t\t\t\t<\/div>\n\t\t<\/div>\n\t\t\t\t\t<\/div>\n\t\t<\/section>\n\t\t\t\t<section class=\"elementor-section elementor-top-section elementor-element elementor-element-68e0b9f elementor-section-boxed elementor-section-height-default elementor-section-height-default\" data-id=\"68e0b9f\" data-element_type=\"section\" data-e-type=\"section\" data-settings=\"{&quot;background_background&quot;:&quot;classic&quot;}\">\n\t\t\t\t\t\t<div class=\"elementor-container elementor-column-gap-default\">\n\t\t\t\t\t<div class=\"elementor-column elementor-col-100 elementor-top-column elementor-element elementor-element-17540ae\" data-id=\"17540ae\" data-element_type=\"column\" data-e-type=\"column\">\n\t\t\t<div class=\"elementor-widget-wrap elementor-element-populated\">\n\t\t\t\t\t\t<div class=\"elementor-element elementor-element-ade309c elementor-widget elementor-widget-heading\" data-id=\"ade309c\" data-element_type=\"widget\" data-e-type=\"widget\" data-widget_type=\"heading.default\">\n\t\t\t\t<div class=\"elementor-widget-container\">\n\t\t\t\t\t<h2 class=\"elementor-heading-title elementor-size-default\">H\u0131zl\u0131 se\u00e7im<\/h2>\t\t\t\t<\/div>\n\t\t\t\t<\/div>\n\t\t\t\t<div class=\"elementor-element elementor-element-41f71a7 elementor-widget elementor-widget-text-editor\" data-id=\"41f71a7\" data-element_type=\"widget\" data-e-type=\"widget\" data-widget_type=\"text-editor.default\">\n\t\t\t\t<div class=\"elementor-widget-container\">\n\t\t\t\t\t\t\t\t\tSu ar\u0131tma kategorisinde hangi \u00fcr\u00fcn\u00fc sat\u0131n almak istedi\u011finizi zaten biliyorsan\u0131z, ba\u011flant\u0131ya t\u0131klay\u0131p \u00fcr\u00fcn\u00fcn\u00fcz\u00fc bulman\u0131z yeterli:\t\t\t\t\t\t\t\t<\/div>\n\t\t\t\t<\/div>\n\t\t\t\t<div class=\"elementor-element elementor-element-9b2adce elementor-widget elementor-widget-button\" data-id=\"9b2adce\" data-element_type=\"widget\" data-e-type=\"widget\" data-widget_type=\"button.default\">\n\t\t\t\t<div class=\"elementor-widget-container\">\n\t\t\t\t\t\t\t\t\t<div class=\"elementor-button-wrapper\">\n\t\t\t\t\t<a class=\"elementor-button elementor-button-link elementor-size-sm\" href=\"http:\/\/ams-onlineshop.de\/produkt-kategorie\/heimbedarf\/wasseraufbereitung\/\" target=\"_blank\">\n\t\t\t\t\t\t<span class=\"elementor-button-content-wrapper\">\n\t\t\t\t\t\t<span class=\"elementor-button-icon\">\n\t\t\t\t<i aria-hidden=\"true\" class=\"fas fa-arrow-right\"><\/i>\t\t\t<\/span>\n\t\t\t\t\t\t\t\t\t<span class=\"elementor-button-text\">Ma\u011fazada su ar\u0131tma<\/span>\n\t\t\t\t\t<\/span>\n\t\t\t\t\t<\/a>\n\t\t\t\t<\/div>\n\t\t\t\t\t\t\t\t<\/div>\n\t\t\t\t<\/div>\n\t\t\t\t\t<\/div>\n\t\t<\/div>\n\t\t\t\t\t<\/div>\n\t\t<\/section>\n\t\t\t\t<section class=\"elementor-section elementor-top-section elementor-element elementor-element-0339bd0 elementor-section-boxed elementor-section-height-default elementor-section-height-default\" data-id=\"0339bd0\" data-element_type=\"section\" data-e-type=\"section\">\n\t\t\t\t\t\t<div class=\"elementor-container elementor-column-gap-default\">\n\t\t\t\t\t<div class=\"elementor-column elementor-col-100 elementor-top-column elementor-element elementor-element-307f589\" data-id=\"307f589\" data-element_type=\"column\" data-e-type=\"column\">\n\t\t\t<div class=\"elementor-widget-wrap elementor-element-populated\">\n\t\t\t\t\t\t<div class=\"elementor-element elementor-element-8a88e63 elementor-widget elementor-widget-heading\" data-id=\"8a88e63\" data-element_type=\"widget\" data-e-type=\"widget\" data-widget_type=\"heading.default\">\n\t\t\t\t<div class=\"elementor-widget-container\">\n\t\t\t\t\t<h2 class=\"elementor-heading-title elementor-size-default\">Su hayatt\u0131r<\/h2>\t\t\t\t<\/div>\n\t\t\t\t<\/div>\n\t\t\t\t<div class=\"elementor-element elementor-element-4e71773 elementor-widget elementor-widget-text-editor\" data-id=\"4e71773\" data-element_type=\"widget\" data-e-type=\"widget\" data-widget_type=\"text-editor.default\">\n\t\t\t\t<div class=\"elementor-widget-container\">\n\t\t\t\t\t\t\t\t\t<p>Su, gezegenimizdeki ya\u015fam\u0131n temelidir ve t\u00fcm canl\u0131 organizmalar\u0131n en \u00f6nemli yap\u0131 ta\u015f\u0131d\u0131r. V\u00fccuttaki her h\u00fccreye n\u00fcfuz ederek v\u00fccudumuzun t\u00fcm fonksiyonlar\u0131n\u0131 d\u00fczenler. Su, bilincimizden bile sorumludur ve d\u00fc\u015f\u00fcnmeyi ve hissetmeyi m\u00fcmk\u00fcn k\u0131lar.<\/p><p><b>\u0130\u00e7me suyu en \u00f6nemli besinimizdir.<\/b><\/p><p>Ortalama olarak biz insanlar yakla\u015f\u0131k 60% sudan olu\u015furuz; bebeklikte bu oran neredeyse 90%&#039;dir ve ya\u015fl\u0131 bir adamda hala 45% civar\u0131ndad\u0131r. Suyun v\u00fccuttaki en \u00f6nemli fonksiyonlar\u0131 metabolizma ve s\u0131cakl\u0131k d\u00fczenlemesidir.<br \/>G\u00fcnl\u00fck yeterli i\u00e7me suyunun sa\u011flanmas\u0131 ya\u015fam i\u00e7in \u00e7ok \u00f6nemlidir. S\u0131v\u0131 al\u0131m\u0131n\u0131n eksikli\u011fi v\u00fccuda \u00e7ok fazla y\u00fck bindirir ve er ya da ge\u00e7 sa\u011fl\u0131k sorunlar\u0131na yol a\u00e7ar. S\u0131v\u0131 eksikli\u011fi nedeniyle h\u00fccreler ve organlar \u00e7ok az besin al\u0131r ve konsantrasyon ve performans g\u00f6zle g\u00f6r\u00fcl\u00fcr \u015fekilde d\u00fc\u015fer.<\/p><p>Kat\u0131 g\u0131da olmadan 50 g\u00fcn hayatta kalabiliriz, ancak su i\u00e7meden yaln\u0131zca birka\u00e7 g\u00fcn hayatta kalabiliriz.<\/p><p>Her g\u00fcn iki ila \u00fc\u00e7 litre su i\u00e7meliyiz. Elbette meyve ve sebzeler gibi su i\u00e7eren yiyecekler de ek s\u0131v\u0131 sa\u011flar ancak bunlar tek ba\u015f\u0131na s\u0131v\u0131 ihtiyac\u0131n\u0131z\u0131 kar\u015f\u0131layamaz.<\/p>\t\t\t\t\t\t\t\t<\/div>\n\t\t\t\t<\/div>\n\t\t\t\t\t<\/div>\n\t\t<\/div>\n\t\t\t\t\t<\/div>\n\t\t<\/section>\n\t\t\t\t<section class=\"elementor-section elementor-top-section elementor-element elementor-element-f325829 elementor-section-boxed elementor-section-height-default elementor-section-height-default\" data-id=\"f325829\" data-element_type=\"section\" data-e-type=\"section\">\n\t\t\t\t\t\t<div class=\"elementor-container elementor-column-gap-default\">\n\t\t\t\t\t<div class=\"elementor-column elementor-col-100 elementor-top-column elementor-element elementor-element-f44798b\" data-id=\"f44798b\" data-element_type=\"column\" data-e-type=\"column\">\n\t\t\t<div class=\"elementor-widget-wrap elementor-element-populated\">\n\t\t\t\t\t\t<div class=\"elementor-element elementor-element-dc317d9 elementor-widget elementor-widget-heading\" data-id=\"dc317d9\" data-element_type=\"widget\" data-e-type=\"widget\" data-widget_type=\"heading.default\">\n\t\t\t\t<div class=\"elementor-widget-container\">\n\t\t\t\t\t<h2 class=\"elementor-heading-title elementor-size-default\">Bunu biliyor muydun?<\/h2>\t\t\t\t<\/div>\n\t\t\t\t<\/div>\n\t\t\t\t<div class=\"elementor-element elementor-element-d19d053 elementor-widget elementor-widget-text-editor\" data-id=\"d19d053\" data-element_type=\"widget\" data-e-type=\"widget\" data-widget_type=\"text-editor.default\">\n\t\t\t\t<div class=\"elementor-widget-container\">\n\t\t\t\t\t\t\t\t\t<p>Su, Almanya&#039;da en \u00e7ok kontrol edilen g\u0131dalardan biridir ama bunu biliyor muydunuz?<\/p><ul><li>Alman \u0130\u00e7me Suyu Y\u00f6netmeli\u011fi&#039;nde izin verilen su kirlili\u011fi i\u00e7in genel s\u0131n\u0131r de\u011feri (rehber de\u011fer) 1990&#039;daki seviyeye g\u00f6re iki kattan fazla m\u0131 artt\u0131?<\/li><li>Alman Federal \u00c7evre Ajans\u0131 \u015funu do\u011fruluyor: &quot;Muslukta 4 saatten fazla bekleyen su, art\u0131k i\u00e7me suyu veya yiyecek de\u011fildir.&quot;<\/li><\/ul><p>Tabii ki bunu yapabilir ve piyasada sat\u0131lan maden suyuna ge\u00e7ebilirsiniz. Ancak bu, kutular\u0131 ta\u015f\u0131mak ve ayn\u0131 zamanda \u00e7evreye zarar vermek anlam\u0131na geliyor. \u0130ster cam \u015fi\u015fe, ister PET&#039;ten yap\u0131lm\u0131\u015f \u015fi\u015fe sat\u0131n al\u0131n: \u015ei\u015felerin ta\u015f\u0131nmas\u0131, temizlenmesi veya geri d\u00f6n\u00fc\u015f\u00fcm\u00fcnden kaynaklanan \u00e7evre kirlili\u011fi ka\u00e7\u0131n\u0131lmazd\u0131r.<\/p><p>D\u00fc\u015f\u00fcn\u00fcn: Kendi &quot;kaynak suyunuz&quot; var ve litre ba\u015f\u0131na sadece birka\u00e7 sent \u00f6deyerek, mevcut musluk suyunuzu filtreleyip &quot;Ludwig Teknolojisi&quot; ile enerjilendirebiliyorsunuz; \u015fi\u015felenmi\u015f su i\u00e7in y\u00fcksek fiyatlar \u00f6demek ve \u015fi\u015felenmi\u015f su ta\u015f\u0131mak zorunda kalm\u0131yorsunuz. Y\u0131lda birka\u00e7 y\u00fcz avro tasarruf etmek m\u00fcmk\u00fcn.<\/p><p>Lezzetli, saf suyu istedi\u011finiz zaman kendiniz s\u0131kmak ister misiniz?<\/p><p>O halde ters ozmoz sistemlerimize bir g\u00f6z at\u0131n:<\/p><p><a href=\"https:\/\/www.ams-ag.de\/tr\/ueruenler\/ev-malzemeleri\/su-aritma\/bahar-zamani420-pro\/\"><b>spring-time\u00ae420 pro<\/b><\/a><\/p><p><a href=\"https:\/\/www.ams-ag.de\/tr\/ueruenler\/ev-malzemeleri\/su-aritma\/bahar-zamani-premium-pro\/\"><b>spring-time\u00aepremium pro<\/b><\/a><\/p><p><a href=\"https:\/\/www.ams-ag.de\/tr\/ueruenler\/ev-malzemeleri\/su-aritma\/bahar-zamani-profesyonel-profesyonel\/\"><b>bahar-zaman\u0131\u00aeprofesyonel profesyonel<\/b><\/a><\/p><p>Ters ozmoz prensibi veya genel olarak su filtreleri hakk\u0131nda endi\u015feleriniz ne olursa olsun, l\u00fctfen bizi aramaktan \u00e7ekinmeyin. Sorular\u0131n\u0131z\u0131 yan\u0131tlamaktan mutluluk duyar\u0131z!<\/p>\t\t\t\t\t\t\t\t<\/div>\n\t\t\t\t<\/div>\n\t\t\t\t<div class=\"elementor-element elementor-element-d3c2151 elementor-widget elementor-widget-button\" data-id=\"d3c2151\" data-element_type=\"widget\" data-e-type=\"widget\" data-widget_type=\"button.default\">\n\t\t\t\t<div class=\"elementor-widget-container\">\n\t\t\t\t\t\t\t\t\t<div class=\"elementor-button-wrapper\">\n\t\t\t\t\t<a class=\"elementor-button elementor-button-link elementor-size-sm\" href=\"http:\/\/ams-onlineshop.de\/produkt-kategorie\/heimbedarf\/wasseraufbereitung\/\" target=\"_blank\">\n\t\t\t\t\t\t<span class=\"elementor-button-content-wrapper\">\n\t\t\t\t\t\t<span class=\"elementor-button-icon\">\n\t\t\t\t<i aria-hidden=\"true\" class=\"fas fa-arrow-right\"><\/i>\t\t\t<\/span>\n\t\t\t\t\t\t\t\t\t<span class=\"elementor-button-text\">Ma\u011fazada su ar\u0131tma<\/span>\n\t\t\t\t\t<\/span>\n\t\t\t\t\t<\/a>\n\t\t\t\t<\/div>\n\t\t\t\t\t\t\t\t<\/div>\n\t\t\t\t<\/div>\n\t\t\t\t\t<\/div>\n\t\t<\/div>\n\t\t\t\t\t<\/div>\n\t\t<\/section>\n\t\t\t\t<section class=\"elementor-section elementor-top-section elementor-element elementor-element-1249374 elementor-section-boxed elementor-section-height-default elementor-section-height-default\" data-id=\"1249374\" data-element_type=\"section\" data-e-type=\"section\" data-settings=\"{&quot;background_background&quot;:&quot;classic&quot;}\">\n\t\t\t\t\t\t<div class=\"elementor-container elementor-column-gap-default\">\n\t\t\t\t\t<div class=\"elementor-column elementor-col-100 elementor-top-column elementor-element elementor-element-3c9892c\" data-id=\"3c9892c\" data-element_type=\"column\" data-e-type=\"column\">\n\t\t\t<div class=\"elementor-widget-wrap elementor-element-populated\">\n\t\t\t\t\t\t<div class=\"elementor-element elementor-element-6500389 elementor-align-right elementor-mobile-align-center elementor-widget elementor-widget-button\" data-id=\"6500389\" data-element_type=\"widget\" data-e-type=\"widget\" data-widget_type=\"button.default\">\n\t\t\t\t<div class=\"elementor-widget-container\">\n\t\t\t\t\t\t\t\t\t<div class=\"elementor-button-wrapper\">\n\t\t\t\t\t<a class=\"elementor-button elementor-button-link elementor-size-sm\" href=\"https:\/\/www.ams-ag.de\/tr\/produkte\/heimbedarf\/wasseraufbereitung\/spring-time420-pro\/\">\n\t\t\t\t\t\t<span class=\"elementor-button-content-wrapper\">\n\t\t\t\t\t\t<span class=\"elementor-button-icon\">\n\t\t\t\t<i aria-hidden=\"true\" class=\"fas fa-arrow-right\"><\/i>\t\t\t<\/span>\n\t\t\t\t\t\t\t\t\t<span class=\"elementor-button-text\">spring-time\u00ae420 pro<\/span>\n\t\t\t\t\t<\/span>\n\t\t\t\t\t<\/a>\n\t\t\t\t<\/div>\n\t\t\t\t\t\t\t\t<\/div>\n\t\t\t\t<\/div>\n\t\t\t\t\t<\/div>\n\t\t<\/div>\n\t\t\t\t\t<\/div>\n\t\t<\/section>\n\t\t\t\t<\/div>","protected":false},"excerpt":{"rendered":"<p>Wasseraufbereitung Obacht beim Preisvergleich! Direkt \u00fcber den Shop verf\u00fcgbar in einigen L\u00e4ndern der EU und der Schweiz.Andere L\u00e4nder auf Anfrage. Schreiben Sie uns eine kurze E-Mail wie wir Sie erreichen [&hellip;]<\/p>\n","protected":false},"author":1,"featured_media":0,"parent":4153,"menu_order":3,"comment_status":"closed","ping_status":"closed","template":"","meta":{"pmpro_default_level":"","footnotes":""},"class_list":["post-3990","page","type-page","status-publish","hentry","pmpro-has-access"],"_links":{"self":[{"href":"https:\/\/www.ams-ag.de\/tr\/wp-json\/wp\/v2\/pages\/3990","targetHints":{"allow":["GET"]}}],"collection":[{"href":"https:\/\/www.ams-ag.de\/tr\/wp-json\/wp\/v2\/pages"}],"about":[{"href":"https:\/\/www.ams-ag.de\/tr\/wp-json\/wp\/v2\/types\/page"}],"author":[{"embeddable":true,"href":"https:\/\/www.ams-ag.de\/tr\/wp-json\/wp\/v2\/users\/1"}],"replies":[{"embeddable":true,"href":"https:\/\/www.ams-ag.de\/tr\/wp-json\/wp\/v2\/comments?post=3990"}],"version-history":[{"count":72,"href":"https:\/\/www.ams-ag.de\/tr\/wp-json\/wp\/v2\/pages\/3990\/revisions"}],"predecessor-version":[{"id":19352,"href":"https:\/\/www.ams-ag.de\/tr\/wp-json\/wp\/v2\/pages\/3990\/revisions\/19352"}],"up":[{"embeddable":true,"href":"https:\/\/www.ams-ag.de\/tr\/wp-json\/wp\/v2\/pages\/4153"}],"wp:attachment":[{"href":"https:\/\/www.ams-ag.de\/tr\/wp-json\/wp\/v2\/media?parent=3990"}],"curies":[{"name":"wp","href":"https:\/\/api.w.org\/{rel}","templated":true}]}}