{"id":2568,"date":"2023-06-07T20:53:55","date_gmt":"2023-06-07T18:53:55","guid":{"rendered":"http:\/\/www.ams-ag.de\/?page_id=2568"},"modified":"2024-12-04T20:22:54","modified_gmt":"2024-12-04T19:22:54","slug":"dr-rer-nat-frank-beck","status":"publish","type":"page","link":"https:\/\/www.ams-ag.de\/tr\/ueber-ams\/dr-rer-nat-frank-beck\/","title":{"rendered":"Dr. rer. nat. Frank Beck"},"content":{"rendered":"<div data-elementor-type=\"wp-page\" data-elementor-id=\"2568\" class=\"elementor elementor-2568\" data-elementor-post-type=\"page\">\n\t\t\t\t\t\t<section class=\"elementor-section elementor-top-section elementor-element elementor-element-2b27f78 elementor-section-boxed elementor-section-height-default elementor-section-height-default\" data-id=\"2b27f78\" data-element_type=\"section\" data-e-type=\"section\">\n\t\t\t\t\t\t<div class=\"elementor-container elementor-column-gap-default\">\n\t\t\t\t\t<div class=\"elementor-column elementor-col-100 elementor-top-column elementor-element elementor-element-f2cae81\" data-id=\"f2cae81\" data-element_type=\"column\" data-e-type=\"column\">\n\t\t\t<div class=\"elementor-widget-wrap elementor-element-populated\">\n\t\t\t\t\t\t<div class=\"elementor-element elementor-element-47eb35a elementor-widget elementor-widget-heading\" data-id=\"47eb35a\" data-element_type=\"widget\" data-e-type=\"widget\" data-widget_type=\"heading.default\">\n\t\t\t\t<div class=\"elementor-widget-container\">\n\t\t\t\t\t<h1 class=\"elementor-heading-title elementor-size-default\">Dr. rer. nat. Frank Beck<\/h1>\t\t\t\t<\/div>\n\t\t\t\t<\/div>\n\t\t\t\t<section class=\"elementor-section elementor-inner-section elementor-element elementor-element-0e977c6 elementor-section-boxed elementor-section-height-default elementor-section-height-default\" data-id=\"0e977c6\" data-element_type=\"section\" data-e-type=\"section\">\n\t\t\t\t\t\t<div class=\"elementor-container elementor-column-gap-default\">\n\t\t\t\t\t<div class=\"elementor-column elementor-col-66 elementor-inner-column elementor-element elementor-element-8145fed\" data-id=\"8145fed\" data-element_type=\"column\" data-e-type=\"column\">\n\t\t\t<div class=\"elementor-widget-wrap elementor-element-populated\">\n\t\t\t\t\t\t<div class=\"elementor-element elementor-element-80ba1f9 elementor-widget elementor-widget-text-editor\" data-id=\"80ba1f9\" data-element_type=\"widget\" data-e-type=\"widget\" data-widget_type=\"text-editor.default\">\n\t\t\t\t<div class=\"elementor-widget-container\">\n\t\t\t\t\t\t\t\t\t<p><b>AMS GmbH&#039;nin genel m\u00fcd\u00fcr\u00fc ve tek hissedar\u0131, &quot;Biyoenformatif T\u0131p Enstit\u00fcs\u00fc Dr. Ludwig&quot; ba\u015fkan\u0131<\/b><\/p><ul><li>\u201cBiyoinformatif T\u0131p Enstit\u00fcs\u00fc Dr. Ludwig\u201d Ba\u015fkan\u0131<\/li><li>Bad Mergentheim itfaiye te\u015fkilat\u0131nda tehlikeli maddeler konusunda teknik dan\u0131\u015fman<\/li><li>1961&#039;de Tauberbischofsheim&#039;da do\u011fdu (Yenge\u00e7 burcu)<\/li><li>1989&#039;dan beri Angelika Beck (k\u0131zl\u0131k soyad\u0131 Heer) ile evli<\/li><li>\u00fc\u00e7 k\u0131z\u0131: ikizler Laura ve Sina, Tara<\/li><li>Evcil Hayvan: Kedi \u201cChi-Chu\u201d<\/li><\/ul>\t\t\t\t\t\t\t\t<\/div>\n\t\t\t\t<\/div>\n\t\t\t\t\t<\/div>\n\t\t<\/div>\n\t\t\t\t<div class=\"elementor-column elementor-col-33 elementor-inner-column elementor-element elementor-element-0925844\" data-id=\"0925844\" data-element_type=\"column\" data-e-type=\"column\">\n\t\t\t<div class=\"elementor-widget-wrap elementor-element-populated\">\n\t\t\t\t\t\t<div class=\"elementor-element elementor-element-f391be8 elementor-widget elementor-widget-image\" data-id=\"f391be8\" data-element_type=\"widget\" data-e-type=\"widget\" data-widget_type=\"image.default\">\n\t\t\t\t<div class=\"elementor-widget-container\">\n\t\t\t\t\t\t\t\t\t\t\t\t\t\t\t<img fetchpriority=\"high\" decoding=\"async\" width=\"245\" height=\"300\" src=\"https:\/\/www.ams-ag.de\/wp-content\/uploads\/2023\/06\/csm_Frank_Beck_GF_06d1c7cd2a-245x300.jpg\" class=\"attachment-medium size-medium wp-image-2570\" alt=\"Dr. tekrar. a\u00e7\u0131k. Frank Beck\" srcset=\"https:\/\/www.ams-ag.de\/wp-content\/uploads\/2023\/06\/csm_Frank_Beck_GF_06d1c7cd2a-245x300.jpg 245w, https:\/\/www.ams-ag.de\/wp-content\/uploads\/2023\/06\/csm_Frank_Beck_GF_06d1c7cd2a.jpg 250w\" sizes=\"(max-width: 245px) 100vw, 245px\" \/>\t\t\t\t\t\t\t\t\t\t\t\t\t\t\t<\/div>\n\t\t\t\t<\/div>\n\t\t\t\t\t<\/div>\n\t\t<\/div>\n\t\t\t\t\t<\/div>\n\t\t<\/section>\n\t\t\t\t\t<\/div>\n\t\t<\/div>\n\t\t\t\t\t<\/div>\n\t\t<\/section>\n\t\t\t\t<section class=\"elementor-section elementor-top-section elementor-element elementor-element-00b2e8c elementor-section-boxed elementor-section-height-default elementor-section-height-default\" data-id=\"00b2e8c\" data-element_type=\"section\" data-e-type=\"section\">\n\t\t\t\t\t\t<div class=\"elementor-container elementor-column-gap-default\">\n\t\t\t\t\t<div class=\"elementor-column elementor-col-100 elementor-top-column elementor-element elementor-element-7db3989\" data-id=\"7db3989\" data-element_type=\"column\" data-e-type=\"column\">\n\t\t\t<div class=\"elementor-widget-wrap elementor-element-populated\">\n\t\t\t\t\t\t<div class=\"elementor-element elementor-element-5e580a6 elementor-widget elementor-widget-heading\" data-id=\"5e580a6\" data-element_type=\"widget\" data-e-type=\"widget\" data-widget_type=\"heading.default\">\n\t\t\t\t<div class=\"elementor-widget-container\">\n\t\t\t\t\t<h2 class=\"elementor-heading-title elementor-size-default\">Hayat<\/h2>\t\t\t\t<\/div>\n\t\t\t\t<\/div>\n\t\t\t\t<div class=\"elementor-element elementor-element-6f3f64b elementor-widget elementor-widget-text-editor\" data-id=\"6f3f64b\" data-element_type=\"widget\" data-e-type=\"widget\" data-widget_type=\"text-editor.default\">\n\t\t\t\t<div class=\"elementor-widget-container\">\n\t\t\t\t\t\t\t\t\t<table class=\"contenttable contenttable-0\">\n<tbody>\n<tr class=\"tr-even tr-0\">\n<td class=\"td-0\">1983<\/td>\n<td class=\"td-last td-1\">Viyana&#039;daki D\u00fcnya Eskrim \u015eampiyonas\u0131&#039;nda (folyo, tak\u0131m) alt\u0131n madalya<\/td>\n<\/tr>\n<tr class=\"tr-odd tr-1\">\n<td class=\"td-0\">1984<\/td>\n<td class=\"td-last td-1\">Los Angeles&#039;taki Olimpiyat Oyunlar\u0131nda g\u00fcm\u00fc\u015f madalya (folyo, tak\u0131m)<\/td>\n<\/tr>\n<tr class=\"tr-even tr-2\">\n<td class=\"td-0\">84-92<\/td>\n<td class=\"td-last td-1\">W\u00fcrzburg Julius Maximilian \u00dcniversitesi&#039;nde kimya okudu (derece: nitelikli kimyager)<\/td>\n<\/tr>\n<tr class=\"tr-odd tr-3\">\n<td class=\"td-0\">1992<\/td>\n<td class=\"td-last td-1\">Doktora (toksikolojiye odaklanma dahil)<\/td>\n<\/tr>\n<tr class=\"tr-even tr-4\">\n<td class=\"td-0\">92-97<\/td>\n<td class=\"td-last td-1\">Ara\u015ft\u0131rma\/geli\u015ftirme odakl\u0131, \u00f6zel makine yap\u0131m\u0131na y\u00f6nelik ticari bir \u015firkette y\u00f6netici pozisyonu<\/td>\n<\/tr>\n<tr class=\"tr-odd tr-5\">\n<td class=\"td-0\">1997<\/td>\n<td class=\"td-last td-1\">AMS \u2013 Advanced Medical Systems GmbH&#039;de t\u0131bbi teknoloji alan\u0131nda lider konum<\/td>\n<\/tr>\n<tr class=\"tr-even tr-6\">\n<td class=\"td-0\">1998&#039;den beri<\/td>\n<td class=\"td-last td-1\">AMS GmbH&#039;nin y\u00f6netici orta\u011f\u0131<\/td>\n<\/tr>\n<tr class=\"tr-odd tr-7\">\n<td class=\"td-0\">1999<\/td>\n<td class=\"td-last td-1\">Manyetik alan terapisi, biorezonans ve reg\u00fclasyon terapisi, renk ve lazer terapisi ve biyofiziksel bilgi aktar\u0131m\u0131 gibi ana ara\u015ft\u0131rma alanlar\u0131yla birlikte \u201cBiyoenformatif T\u0131p Enstit\u00fcs\u00fc Dr. Ludwig\u201dnin devral\u0131nmas\u0131 ve y\u00f6netimi<\/td>\n<\/tr>\n<tr class=\"tr-even tr-last\">\n<td class=\"td-0\">1999&#039;dan beri<\/td>\n<td class=\"td-last td-1\">Manyetik alan ve biorezonans terapisi, enerji bilgi ta\u015f\u0131y\u0131c\u0131s\u0131 olarak su ve elektrosmog duyarl\u0131l\u0131\u011f\u0131 alanlar\u0131nda ulusal ve uluslararas\u0131 dersler<\/td>\n<\/tr>\n<\/tbody>\n<\/table>\t\t\t\t\t\t\t\t<\/div>\n\t\t\t\t<\/div>\n\t\t\t\t\t<\/div>\n\t\t<\/div>\n\t\t\t\t\t<\/div>\n\t\t<\/section>\n\t\t\t\t<section class=\"elementor-section elementor-top-section elementor-element elementor-element-d99c03c elementor-section-boxed elementor-section-height-default elementor-section-height-default\" data-id=\"d99c03c\" data-element_type=\"section\" data-e-type=\"section\">\n\t\t\t\t\t\t<div class=\"elementor-container elementor-column-gap-default\">\n\t\t\t\t\t<div class=\"elementor-column elementor-col-100 elementor-top-column elementor-element elementor-element-4783df8\" data-id=\"4783df8\" data-element_type=\"column\" data-e-type=\"column\">\n\t\t\t<div class=\"elementor-widget-wrap elementor-element-populated\">\n\t\t\t\t\t\t<div class=\"elementor-element elementor-element-956ad3f elementor-widget elementor-widget-heading\" data-id=\"956ad3f\" data-element_type=\"widget\" data-e-type=\"widget\" data-widget_type=\"heading.default\">\n\t\t\t\t<div class=\"elementor-widget-container\">\n\t\t\t\t\t<h2 class=\"elementor-heading-title elementor-size-default\"><span style=\"color: inherit;font-family: inherit;font-size: 2rem;font-weight: 500\">Ders ve \u00f6\u011fretim faaliyetleri (al\u0131nt\u0131)<\/span><\/h2>\t\t\t\t<\/div>\n\t\t\t\t<\/div>\n\t\t\t\t<div class=\"elementor-element elementor-element-25d3216 elementor-widget elementor-widget-text-editor\" data-id=\"25d3216\" data-element_type=\"widget\" data-e-type=\"widget\" data-widget_type=\"text-editor.default\">\n\t\t\t\t<div class=\"elementor-widget-container\">\n\t\t\t\t\t\t\t\t\t<table class=\"contenttable contenttable-0\">\n<tbody>\n<tr class=\"tr-even tr-0\">\n<td class=\"td-0\">2024<\/td>\n<td class=\"td-last td-1\">Sa\u011fl\u0131k platformu i\u015fbirli\u011fiyle\u00a0<b><a href=\"https:\/\/schnelleinfachgesund.de\/\" target=\"_blank\" rel=\"noopener\">Schnelleinfachgesund.de<\/a>,<\/b> Tema: <b>WiFi ve Bluetooth hakk\u0131ndaki ger\u00e7ek<\/b><\/td>\n<\/tr>\n<tr class=\"tr-even tr-0\">\n<td class=\"td-0\">2023<\/td>\n<td class=\"td-last td-1\">Sa\u011fl\u0131k platformu i\u015fbirli\u011fiyle\u00a0<b><a href=\"https:\/\/schnelleinfachgesund.de\/\" target=\"_blank\" rel=\"noopener\">Schnelleinfachgesund.de<\/a>,<\/b> Ders:\u00a0<b>\u00d6z d\u00fczenlemeyi g\u00fc\u00e7lendirin \u2013 do\u011fal titre\u015fimlerle yeniden dengeye ula\u015f\u0131n!<\/b><\/td>\n<\/tr>\n<tr class=\"tr-even tr-0\">\n<td class=\"td-0\">2022<\/td>\n<td class=\"td-last td-1\">Vitality Su Kongresi 2022, konferans: <b>Elektrosmogun su yap\u0131s\u0131 \u00fczerindeki etkileri<b><\/b><\/b><\/td>\n<\/tr>\n<tr class=\"tr-odd tr-1\">\n<td class=\"td-0\">2022<\/td>\n<td class=\"td-last td-1\">Vitality Su Kongresi 2022, konferans: <b>Elektrosmog \/ 5G. Hangi koruma se\u00e7enekleri var?<b><\/b><\/b><\/td>\n<\/tr>\n<tr class=\"tr-even tr-2\">\n<td class=\"td-0\">2020<\/td>\n<td class=\"td-last td-1\">Wiesbaden&#039;deki Paracelsus Fuar\u0131, ders: <b>\u00d6zellikle gelecekteki 5G cep telefonu a\u011f\u0131 dikkate al\u0131nd\u0131\u011f\u0131nda, elektrosmogun bizim ve i\u00e7me suyumuz \u00fczerindeki etkisine ili\u015fkin daha yeni bulgular. Hangi koruma se\u00e7enekleri var?<b><\/b><\/b><\/td>\n<\/tr>\n<tr class=\"tr-odd tr-3\">\n<td class=\"td-0\">2019<\/td>\n<td class=\"td-last td-1\">23. Barbek\u00fc \u2013 Kremmen&#039;deki Ziehten Kalesi&#039;nde do\u011fal \u015fifa y\u00f6ntemleri i\u00e7in Berlin-Bavyera kalite \u00e7emberi Konferans: <b>Suyun enerji ve bilgi depolama yetene\u011fi. Bu \u00f6zelli\u011fi sa\u011fl\u0131\u011f\u0131m i\u00e7in nas\u0131l kullanabilirim?<b><\/b><\/b><\/td>\n<\/tr>\n<tr class=\"tr-even tr-4\">\n<td class=\"td-0\">2019<\/td>\n<td class=\"td-last td-1\">Hohenroda&#039;daki hayvan sa\u011fl\u0131\u011f\u0131 uygulay\u0131c\u0131s\u0131 g\u00fcnleri, a\u00e7\u0131l\u0131\u015f konu\u015fmas\u0131: <b>Elektrosmogun insanlar ve hayvanlar, i\u00e7me suyumuz ve yiyeceklerimiz \u00fczerindeki etkileri. Hangi koruma se\u00e7enekleri var?<b><\/b><\/b><\/td>\n<\/tr>\n<tr class=\"tr-odd tr-5\">\n<td class=\"td-0\">2019<\/td>\n<td class=\"td-last td-1\">Baden-Baden&#039;de T\u0131p Haftas\u0131 vesilesiyle 20. Uluslararas\u0131 Biyoinformatif T\u0131p Sempozyumu, ders: <b>Biyoinformatif t\u0131p elektrosensitivite konusunda bana hangi koruma se\u00e7eneklerini sunuyor?<b><\/b><\/b><\/td>\n<\/tr>\n<tr class=\"tr-even tr-6\">\n<td class=\"td-0\">2018<\/td>\n<td class=\"td-last td-1\">31. Uluslararas\u0131 Medizina Kongresi ortomolek\u00fclerler ve radicais canl\u0131lar\u0131 Sao Paulo \/ Brezilya&#039;da, ders: <b>Elektrosmog veya g\u00f6r\u00fcnmez perigo! Pasif ve aktif koruma olanaklar\u0131<b><\/b><\/b><\/td>\n<\/tr>\n<tr class=\"tr-odd tr-7\">\n<td class=\"td-0\">2018<\/td>\n<td class=\"td-last td-1\">D\u00fcsseldorf&#039;taki tamamlay\u0131c\u0131 ve alternatif t\u0131p i\u00e7in CAM Avrupa ticaret fuar\u0131, ders: <b>Elektrosmogun insanlar ve hayvanlar, i\u00e7me suyumuz ve yiyeceklerimiz \u00fczerindeki etkileri. Hangi koruma se\u00e7enekleri var?<b><\/b><\/b><\/td>\n<\/tr>\n<tr class=\"tr-even tr-8\">\n<td class=\"td-0\">2018<\/td>\n<td class=\"td-last td-1\">Fellbach&#039;ta 36. G\u00fcney Almanya Naturopati G\u00fcnleri, konferans: <b>Elektrosmog, g\u00f6r\u00fcnmez tehlike! Pasif ve aktif koruma olanaklar\u0131<b><\/b><\/b><\/td>\n<\/tr>\n<tr class=\"tr-odd tr-9\">\n<td class=\"td-0\">2017<\/td>\n<td class=\"td-last td-1\">\u00dc\u00e7 \u00dclke Su Kongresi 2017, Konstanz G\u00f6l\u00fc Forumu Konstanz, ders: <b>Elektrosmogun su yap\u0131s\u0131 \u00fczerindeki etkileri<b><\/b><\/b><\/td>\n<\/tr>\n<tr class=\"tr-even tr-10\">\n<td class=\"td-0\">2017<\/td>\n<td class=\"td-last td-1\">30. Uluslararas\u0131 Medizina Kongresi ortomolek\u00fclerler ve radicais canl\u0131lar\u0131 Sao Paulo \/ Brezilya&#039;da, ders: <b>Terapia do Campo Magn\u00e9tico ve da Bioresson\u00e2ncia&#039;n\u0131n g\u00fcnl\u00fck ve kronik terapilerde olanaklar\u0131 olarak<b><\/b><\/b><\/td>\n<\/tr>\n<tr class=\"tr-odd tr-11\">\n<td class=\"td-0\">2017<\/td>\n<td class=\"td-last td-1\">20. Barbek\u00fc \u2013 Nauen&#039;de do\u011fal \u015fifa y\u00f6ntemleri i\u00e7in Berlin-Bavyera kalite \u00e7emberi, ders: <b>Sadece iyi hisler! Akut ve kronik hastal\u0131klarda manyetik alan ve biorezonans tedavisinin olanaklar\u0131<b><\/b><\/b><\/td>\n<\/tr>\n<tr class=\"tr-even tr-12\">\n<td class=\"td-0\">2017<\/td>\n<td class=\"td-last td-1\">36. DGfAN Kongresi (Alman Akupunktur ve N\u00f6ral Terapi Derne\u011fi) Erfurt&#039;ta, genel oturum: <b>Biyoinformatif t\u0131bb\u0131n etkili modelleri \u2013 teori ve pratik<b><\/b><\/b><\/td>\n<\/tr>\n<tr class=\"tr-odd tr-13\">\n<td class=\"td-0\">2016<\/td>\n<td class=\"td-last td-1\">Baden-Baden&#039;de T\u0131p Haftas\u0131 vesilesiyle 17. Uluslararas\u0131 Biyoinformatif T\u0131p Sempozyumu, ders: <b>Analog bilgilerle dijital test! Bu nas\u0131l \u00e7al\u0131\u015f\u0131yor?<b><\/b><\/b><\/td>\n<\/tr>\n<tr class=\"tr-even tr-14\">\n<td class=\"td-0\">2016<\/td>\n<td class=\"td-last td-1\">Fellbach&#039;ta 34. G\u00fcney Almanya Naturopati G\u00fcnleri, konferans: <b>Akut ve kronik hastal\u0131klarda manyetik alan ve biorezonans tedavisinin olanaklar\u0131<b><\/b><\/b><\/td>\n<\/tr>\n<tr class=\"tr-odd tr-15\">\n<td class=\"td-0\">2015<\/td>\n<td class=\"td-last td-1\">34. DGfAN Kongresi (Alman Akupunktur ve N\u00f6ral Terapi Derne\u011fi) Erfurt&#039;ta, genel oturum: <b>Elektrosmog \u2013 Sa\u011fl\u0131\u011f\u0131m\u0131za etkileri ve kendimizi nas\u0131l koruyabiliriz<b><\/b><\/b><\/td>\n<\/tr>\n<tr class=\"tr-even tr-16\">\n<td class=\"td-0\">2015<\/td>\n<td class=\"td-last td-1\">Wallau&#039;daki Paracelsus Fuar\u0131, ders: <b>Suyun enerji ve bilgi depolama yetene\u011fi. Bu \u00f6zelli\u011fi sa\u011fl\u0131\u011f\u0131m i\u00e7in nas\u0131l kullanabilirim?<b><\/b><\/b><\/td>\n<\/tr>\n<tr class=\"tr-odd tr-17\">\n<td class=\"td-0\">2014<\/td>\n<td class=\"td-last td-1\">Baden-Baden&#039;de T\u0131p Haftas\u0131 vesilesiyle 15. Uluslararas\u0131 Biyoinformatif T\u0131p Sempozyumu, ders: <b>Suyun haf\u0131zas\u0131 var m\u0131? Biyoinformatif t\u0131bb\u0131n etkili modelleri<b><\/b><\/b><\/td>\n<\/tr>\n<tr class=\"tr-even tr-18\">\n<td class=\"td-0\">2014<\/td>\n<td class=\"td-last td-1\">5. Uluslararas\u0131 N\u00f6ralterapi Kongresi, \u0130stanbul \/ T\u00fcrkiye, konferans: <b> Elektrosmog \u2013 Sa\u011fl\u0131\u011f\u0131m\u0131za etkileri ve kendimizi nas\u0131l koruyabiliriz<b><\/b><\/b><\/td>\n<\/tr>\n<tr class=\"tr-odd tr-19\">\n<td class=\"td-0\">2014<\/td>\n<td class=\"td-last td-1\">33. DGfAN Kongresi (Alman Akupunktur ve N\u00f6ral Terapi Derne\u011fi) Erfurt&#039;ta, genel oturum: <b>Suyun haf\u0131zas\u0131 var m\u0131? Homeopati ve biyoinformatif t\u0131bb\u0131n etkili modelleri<b><\/b><\/b><\/td>\n<\/tr>\n<tr class=\"tr-even tr-20\">\n<td class=\"td-0\">2013<\/td>\n<td class=\"td-last td-1\">Baden-Baden T\u0131p Haftas\u0131 vesilesiyle 14. Uluslararas\u0131 Biyoenformatif T\u0131p Sempozyumunun Y\u00f6netimi, konu: <b>Biyoinformatif s\u00fcre\u00e7ler yoluyla d\u00fczenleme yetene\u011finin geli\u015ftirilmesi<b><\/b><\/b><\/td>\n<\/tr>\n<tr class=\"tr-odd tr-21\">\n<td class=\"td-0\">2013<\/td>\n<td class=\"td-last td-1\">\u0130svi\u00e7re Enerji, Biorezonans ve Bili\u015fim T\u0131bb\u0131 Derne\u011fi&#039;nin (SEBIM) Z\u00fcrih \/ \u0130svi\u00e7re&#039;deki genel toplant\u0131s\u0131, ders: <b>Analog bilgilerle dijital test! Bu nas\u0131l \u00e7al\u0131\u015f\u0131yor?<b><\/b><\/b><\/td>\n<\/tr>\n<tr class=\"tr-even tr-22\">\n<td class=\"td-0\">2012<\/td>\n<td class=\"td-last td-1\">4. Uluslararas\u0131 N\u00f6ralterapi Kongresi, \u0130stanbul \/ T\u00fcrkiye, konferans: <b>T\u0131bbi teknoloji ve modern do\u011fal \u015fifa y\u00f6ntemleri tek sistemde<b> \u00c7al\u0131\u015ftay\u0131n y\u00f6netimi: <b>Biyoinformatif y\u00f6ntemlerin pratikteki olanaklar\u0131<b><\/b><\/b><\/b><\/b><\/td>\n<\/tr>\n<tr class=\"tr-odd tr-23\">\n<td class=\"td-0\">2011<\/td>\n<td class=\"td-last td-1\">Baden-Baden T\u0131p Haftas\u0131 vesilesiyle 13. Uluslararas\u0131 Biyoinformatif T\u0131p Sempozyumunun Y\u00f6netimi, konu: <b>Yeni C nesli \u2013 Her \u015fey tek bir sistemde! Test ve Terapi \u2013 Analog ve dijital<b><\/b><\/b><\/td>\n<\/tr>\n<tr class=\"tr-even tr-24\">\n<td class=\"td-0\">2011<\/td>\n<td class=\"td-last td-1\">Wiesbaden&#039;deki Paracelsus Fuar\u0131, ders: <b>Titre\u015fimli manyetik alan\u0131n kullan\u0131m\u0131 ve uygulamas\u0131. Bilgi yoluyla terapi \u2013 yan etkiler olmadan<b><\/b><\/b><\/td>\n<\/tr>\n<tr class=\"tr-odd tr-25\">\n<td class=\"td-0\">2010<\/td>\n<td class=\"td-last td-1\">Baden-Baden T\u0131p Haftas\u0131 vesilesiyle Uluslararas\u0131 Biyoenformatif T\u0131p Sempozyumunun Y\u00f6netimi, konu: <b>Terapiye diren\u00e7 mi? Ne yapal\u0131m? D\u00fczenleme ve biorezonans terapisinin bir par\u00e7as\u0131 olarak \u0131\u015f\u0131k ve renkler<b><\/b><\/b><\/td>\n<\/tr>\n<tr class=\"tr-even tr-26\">\n<td class=\"td-0\">2010<\/td>\n<td class=\"td-last td-1\">23. Uluslararas\u0131 Medizina Kongresi ortomolek\u00fclerler ve radicais canl\u0131lar\u0131 Sao Paulo \/ Brezilya&#039;da, ders: <b>Tamamlay\u0131c\u0131 Metodologia taraf\u0131ndan Interacao Terapeutica<b><\/b><\/b><\/td>\n<\/tr>\n<tr class=\"tr-odd tr-27\">\n<td class=\"td-0\">2009<\/td>\n<td class=\"td-last td-1\">Hohenroda&#039;daki hayvan sa\u011fl\u0131\u011f\u0131 uygulay\u0131c\u0131s\u0131 g\u00fcnleri, a\u00e7\u0131l\u0131\u015f konu\u015fmas\u0131: <b>Suyun haf\u0131zas\u0131 var m\u0131? Homeopati ve biyoinformatif t\u0131bb\u0131n etkili modelleri<b><\/b><\/b><\/td>\n<\/tr>\n<tr class=\"tr-even tr-28\">\n<td class=\"td-0\">2009<\/td>\n<td class=\"td-last td-1\">K\u00f6stence \/ Romanya&#039;da d\u00fczenlenen VII. Uluslararas\u0131 Karadeniz \u00dclkelerinde Di\u015f Sa\u011fl\u0131\u011f\u0131 ve Y\u00f6netimi Kongresi, konferans: <b>Nat\u00fcropatik di\u015f hekimli\u011finde manyetik alan ve biyorezonans tedavisinin bilimsel temelleri ve uygulamalar\u0131, 28-31 May\u0131s tarihleri aras\u0131nda \u00f6\u011fretiliyor: <b>Zaman odakl\u0131 tamamlay\u0131c\u0131 di\u015f hekimli\u011fi<b><\/b><\/b><\/b><\/td>\n<\/tr>\n<tr class=\"tr-odd tr-29\">\n<td class=\"td-0\">2008<\/td>\n<td class=\"td-last td-1\">Baden-Baden T\u0131p Haftas\u0131 vesilesiyle Uluslararas\u0131 Biyoenformatif T\u0131p Sempozyumunun Y\u00f6netimi, konu: <b>Biyobilgiyle iyile\u015fme \u2013 pratik tedavi konseptleri<b><\/b><\/b><\/td>\n<\/tr>\n<tr class=\"tr-even tr-30\">\n<td class=\"td-0\">2008<\/td>\n<td class=\"td-last td-1\">K\u00f6stence \/ Romanya&#039;daki \u201cOvidius\u201d K\u00f6stence \u00dcniversitesi Di\u015f Hekimli\u011fi ve Eczac\u0131l\u0131k Fak\u00fcltesi, 25-31 May\u0131s tarihleri aras\u0131nda ders veriyor: <b>Uygulamada manyetik alan terapisi, su ile homeopatinin kan\u0131t\u0131<b><\/b><\/b><\/td>\n<\/tr>\n<tr class=\"tr-odd tr-31\">\n<td class=\"td-0\">2008<\/td>\n<td class=\"td-last td-1\">21. Uluslararas\u0131 Medizina Kongresi ortomolek\u00fclerler ve radicais canl\u0131lar\u0131 Sao Paulo \/ Brezilya&#039;da, ders: <b>Novos Avancos&#039;un manyetik titre\u015fimi ve sempozyumun y\u00f6netimi: Simposio Satelite&#039;in konusu: manyetik titre\u015fimin g\u00fcc\u00fc<b><\/b><\/b><\/td>\n<\/tr>\n<tr class=\"tr-even tr-32\">\n<td class=\"td-0\">2007<\/td>\n<td class=\"td-last td-1\">\u201cOvidius\u201d \u00dcniversitesi K\u00f6stence Di\u015f Hekimli\u011fi ve Eczac\u0131l\u0131k Fak\u00fcltesi, K\u00f6stence \/ Romanya, ders: <b>Manyetik Alan Terapisi ve Manyetik Y\u00fcksek Teknoloji T\u0131bb\u0131<b><\/b><\/b><\/td>\n<\/tr>\n<tr class=\"tr-odd tr-last\">\n<td class=\"td-0\">2006<\/td>\n<td class=\"td-last td-1\">19. Uluslararas\u0131 Medizina Kongresi ortomolek\u00fclerler ve radicais canl\u0131lar\u0131 Sao Paulo \/ Brezilya&#039;da, ders: <b>Manyetik alan terapisi ve biyoinformatik t\u0131p<\/b><\/td>\n<\/tr>\n<\/tbody>\n<\/table>\t\t\t\t\t\t\t\t<\/div>\n\t\t\t\t<\/div>\n\t\t\t\t\t<\/div>\n\t\t<\/div>\n\t\t\t\t\t<\/div>\n\t\t<\/section>\n\t\t\t\t<section class=\"elementor-section elementor-top-section elementor-element elementor-element-a8309b5 elementor-section-boxed elementor-section-height-default elementor-section-height-default\" data-id=\"a8309b5\" data-element_type=\"section\" data-e-type=\"section\" data-settings=\"{&quot;background_background&quot;:&quot;classic&quot;}\">\n\t\t\t\t\t\t<div class=\"elementor-container elementor-column-gap-default\">\n\t\t\t\t\t<div class=\"elementor-column elementor-col-100 elementor-top-column elementor-element elementor-element-c66b0ff\" data-id=\"c66b0ff\" data-element_type=\"column\" data-e-type=\"column\">\n\t\t\t<div class=\"elementor-widget-wrap elementor-element-populated\">\n\t\t\t\t\t\t<div class=\"elementor-element elementor-element-93147df elementor-align-right elementor-mobile-align-center elementor-widget elementor-widget-button\" data-id=\"93147df\" data-element_type=\"widget\" data-e-type=\"widget\" data-widget_type=\"button.default\">\n\t\t\t\t<div class=\"elementor-widget-container\">\n\t\t\t\t\t\t\t\t\t<div class=\"elementor-button-wrapper\">\n\t\t\t\t\t<a class=\"elementor-button elementor-button-link elementor-size-sm\" href=\"https:\/\/www.ams-ag.de\/tr\/ueber-ams\/ams-team\/\">\n\t\t\t\t\t\t<span class=\"elementor-button-content-wrapper\">\n\t\t\t\t\t\t<span class=\"elementor-button-icon\">\n\t\t\t\t<i aria-hidden=\"true\" class=\"fas fa-arrow-right\"><\/i>\t\t\t<\/span>\n\t\t\t\t\t\t\t\t\t<span class=\"elementor-button-text\">AMS ekibi<\/span>\n\t\t\t\t\t<\/span>\n\t\t\t\t\t<\/a>\n\t\t\t\t<\/div>\n\t\t\t\t\t\t\t\t<\/div>\n\t\t\t\t<\/div>\n\t\t\t\t\t<\/div>\n\t\t<\/div>\n\t\t\t\t\t<\/div>\n\t\t<\/section>\n\t\t\t\t<\/div>","protected":false},"excerpt":{"rendered":"<p>Dr. rer. nat. Frank Beck Gesch\u00e4ftsf\u00fchrer und alleiniger Gesellschafter der AMS GmbH, Leiter des &#8222;Instituts f\u00fcr Bioinformative Medizin Dr. Ludwig&#8220; Leitung des &#8222;Instituts f\u00fcr Bioinformative Medizin Dr. Ludwig&#8220; Technischer Fachberater [&hellip;]<\/p>\n","protected":false},"author":1,"featured_media":0,"parent":177,"menu_order":2,"comment_status":"closed","ping_status":"closed","template":"","meta":{"pmpro_default_level":"","footnotes":""},"class_list":["post-2568","page","type-page","status-publish","hentry","pmpro-has-access"],"_links":{"self":[{"href":"https:\/\/www.ams-ag.de\/tr\/wp-json\/wp\/v2\/pages\/2568","targetHints":{"allow":["GET"]}}],"collection":[{"href":"https:\/\/www.ams-ag.de\/tr\/wp-json\/wp\/v2\/pages"}],"about":[{"href":"https:\/\/www.ams-ag.de\/tr\/wp-json\/wp\/v2\/types\/page"}],"author":[{"embeddable":true,"href":"https:\/\/www.ams-ag.de\/tr\/wp-json\/wp\/v2\/users\/1"}],"replies":[{"embeddable":true,"href":"https:\/\/www.ams-ag.de\/tr\/wp-json\/wp\/v2\/comments?post=2568"}],"version-history":[{"count":9,"href":"https:\/\/www.ams-ag.de\/tr\/wp-json\/wp\/v2\/pages\/2568\/revisions"}],"predecessor-version":[{"id":18760,"href":"https:\/\/www.ams-ag.de\/tr\/wp-json\/wp\/v2\/pages\/2568\/revisions\/18760"}],"up":[{"embeddable":true,"href":"https:\/\/www.ams-ag.de\/tr\/wp-json\/wp\/v2\/pages\/177"}],"wp:attachment":[{"href":"https:\/\/www.ams-ag.de\/tr\/wp-json\/wp\/v2\/media?parent=2568"}],"curies":[{"name":"wp","href":"https:\/\/api.w.org\/{rel}","templated":true}]}}