{"id":2461,"date":"2023-05-11T16:50:34","date_gmt":"2023-05-11T14:50:34","guid":{"rendered":"http:\/\/www.ams-ag.de\/?page_id=2461"},"modified":"2024-09-05T17:57:12","modified_gmt":"2024-09-05T15:57:12","slug":"genel-sartlar-ve-kosullar","status":"publish","type":"page","link":"https:\/\/www.ams-ag.de\/tr\/agb\/","title":{"rendered":"\u015eartlar ve ko\u015fullar"},"content":{"rendered":"<div data-elementor-type=\"wp-page\" data-elementor-id=\"2461\" class=\"elementor elementor-2461\" data-elementor-post-type=\"page\">\n\t\t\t\t\t\t<section class=\"elementor-section elementor-top-section elementor-element elementor-element-28c086de elementor-section-boxed elementor-section-height-default elementor-section-height-default\" data-id=\"28c086de\" data-element_type=\"section\" data-e-type=\"section\">\n\t\t\t\t\t\t<div class=\"elementor-container elementor-column-gap-default\">\n\t\t\t\t\t<div class=\"elementor-column elementor-col-100 elementor-top-column elementor-element elementor-element-29ee1980\" data-id=\"29ee1980\" data-element_type=\"column\" data-e-type=\"column\">\n\t\t\t<div class=\"elementor-widget-wrap elementor-element-populated\">\n\t\t\t\t\t\t<div class=\"elementor-element elementor-element-44754997 elementor-widget elementor-widget-heading\" data-id=\"44754997\" data-element_type=\"widget\" data-e-type=\"widget\" data-widget_type=\"heading.default\">\n\t\t\t\t<div class=\"elementor-widget-container\">\n\t\t\t\t\t<h1 class=\"elementor-heading-title elementor-size-default\">AMS GmbH&#039;ye ho\u015f geldiniz!<\/h1>\t\t\t\t<\/div>\n\t\t\t\t<\/div>\n\t\t\t\t<div class=\"elementor-element elementor-element-dbe26be elementor-widget elementor-widget-heading\" data-id=\"dbe26be\" data-element_type=\"widget\" data-e-type=\"widget\" data-widget_type=\"heading.default\">\n\t\t\t\t<div class=\"elementor-widget-container\">\n\t\t\t\t\t<h2 class=\"elementor-heading-title elementor-size-default\">AMS Advanced Medical Systems GmbH GENEL H\u00dcK\u00dcM VE KO\u015eULLARI (GTC)<\/h2>\t\t\t\t<\/div>\n\t\t\t\t<\/div>\n\t\t\t\t<div class=\"elementor-element elementor-element-c0f6db2 elementor-widget elementor-widget-text-editor\" data-id=\"c0f6db2\" data-element_type=\"widget\" data-e-type=\"widget\" data-widget_type=\"text-editor.default\">\n\t\t\t\t<div class=\"elementor-widget-container\">\n\t\t\t\t\t\t\t\t\t<p>\u015eu tarihten itibaren: 1 Eyl\u00fcl 2023<\/p><p>Bu ma\u011fazan\u0131n genel h\u00fck\u00fcm ve ko\u015fullar\u0131n\u0131n g\u00fcncel s\u00fcr\u00fcm\u00fcn\u00fc Acrobat Reader dosyas\u0131 (PDF dosyas\u0131) olarak indirebilirsiniz.\u00a0 <b><a href=\"https:\/\/www.ams-ag.de\/wp-content\/uploads\/2023\/10\/AMS_AGB_shop.pdf\" target=\"_blank\" rel=\"noopener\">AMS Genel \u015eartlar ve Ko\u015fullar ma\u011fazas\u0131<\/a><\/b>\u00a0veya kal\u0131c\u0131 olarak alt\u0131nda <a href=\"https:\/\/www.ams-ag.de\/tr\/\" target=\"_blank\" rel=\"noopener\">www.ams-ag.de<\/a> kaydedildi. Ayr\u0131ca, genel taray\u0131c\u0131 i\u015flevlerini kullanarak (&quot;Dosya&quot; men\u00fcs\u00fc - &quot;Yazd\u0131r&quot; komutu) Genel H\u00fck\u00fcm ve Ko\u015fullar\u0131 istedi\u011finiz zaman yazd\u0131rman\u0131z veya bunlar\u0131 kendi sabit s\u00fcr\u00fcc\u00fcn\u00fcze veya ba\u015fka bir depolama ortam\u0131na kopyalaman\u0131z (&quot;Dosya&quot; men\u00fcs\u00fc - \u201cKaydet\u201d komutu).<\/p><hr \/><h3><b>1. Kapsam<\/b><\/h3><p>A\u015fa\u011f\u0131daki genel \u015fartlar ve ko\u015fullar (G\u015eK), t\u00fcketicilere y\u00f6nelik t\u00fcm s\u00f6zle\u015fmeler, teslimatlar ve di\u011fer hizmetler i\u00e7in ge\u00e7erlidir.<\/p><p>T\u00fcketici, a\u011f\u0131rl\u0131kl\u0131 olarak ticari veya ba\u011f\u0131ms\u0131z mesleki faaliyetlerine atfedilemeyecek bir ama\u00e7 i\u00e7in yasal bir i\u015flem ger\u00e7ekle\u015ftiren herhangi bir ger\u00e7ek ki\u015fidir.<\/p><hr \/><h3><b>2. Teklif<\/b><\/h3><p>Tekliflerimiz ba\u011flay\u0131c\u0131 de\u011fildir. \u00dcr\u00fcnlerin \u00e7evrimi\u00e7i ma\u011fazam\u0131zda sunulmas\u0131 yasal olarak ba\u011flay\u0131c\u0131 bir teklif te\u015fkil etmez, aksine sipari\u015fe davet niteli\u011findedir. Resimlerimize veya a\u00e7\u0131klamalar\u0131m\u0131za g\u00f6re k\u00fc\u00e7\u00fck sapmalar ve teknik de\u011fi\u015fiklikler m\u00fcmk\u00fcnd\u00fcr.<\/p><hr \/><h3><b>3. Fiyatlar, teslimat ve nakliye masraflar\u0131<\/b><\/h3><p>AMS&#039;nin teslimat ko\u015fullar\u0131 sipari\u015f formunda ayr\u0131nt\u0131l\u0131 olarak a\u00e7\u0131klanm\u0131\u015ft\u0131r. Minimum sipari\u015f miktar\u0131 yoktur. T\u00fcm fiyatlar\u0131m\u0131za \u015fu anda 19% veya 7% (kitaplar) tutar\u0131ndaki yasal KDV dahildir. Almanya&#039;da kitap g\u00f6nderimi, \u201cGlukosamin Alt\u0131n Jel\u201d (sipari\u015f no. 650) ve CD-ROM B\u0130YO\u0130NFORMAT\u0130F \u0130LA\u00c7 (sipari\u015f no. 406) \u00fccretsizdir. Di\u011fer t\u00fcm \u00fcr\u00fcnler i\u00e7in Almanya i\u00e7inde \u00fcr\u00fcne ba\u011fl\u0131 olarak 7 Euro veya 15 Euro tutar\u0131nda sabit kargo \u00fccreti al\u0131yoruz. Numune \u015fi\u015feleri, CEPES lazeri i\u00e7in ba\u011flant\u0131 ucu ve ampul tutucusu, 4 Euro nakliye \u00fccretiyle Almanya i\u00e7inde g\u00f6nderilir. Ge\u00e7erli nakliye masraflar\u0131, al\u0131\u015fveri\u015f sepeti sisteminde veya sipari\u015f sayfas\u0131nda size a\u00e7\u0131k\u00e7a bildirilecektir. Di\u011fer AB \u00fclkelerine veya di\u011fer t\u00fcm \u00fclkelere yap\u0131lan teslimatlarda, sipari\u015f sayfas\u0131nda da g\u00f6sterilen farkl\u0131 nakliye \u00fccretleri uygulan\u0131r.<\/p><hr \/><h3><b>4. Teslimat s\u00fcreleri<\/b><\/h3><p>Sipari\u015f edilen \u00fcr\u00fcnler maksimum 3 i\u015f g\u00fcn\u00fc i\u00e7erisinde kargoya verilmektedir. Farkl\u0131 teslimat s\u00fcrelerini ilgili \u00fcr\u00fcn sayfas\u0131nda belirtece\u011fiz.<\/p><hr \/><h3><b>5. \u0130ptal politikas\u0131<\/b><\/h3><p>Alman Medeni Kanunu&#039;nun (BGB) 14. Maddesi kapsam\u0131nda bir giri\u015fimci iseniz ve s\u00f6zle\u015fmeyi imzalarken ticari veya serbest meslek faaliyetinizde bulunuyorsan\u0131z, cayma hakk\u0131n\u0131z yoktur.<\/p><p><b>Cayma hakk\u0131<\/b><\/p><p>Bu s\u00f6zle\u015fmeyi ond\u00f6rt g\u00fcn i\u00e7erisinde hi\u00e7bir gerek\u00e7e g\u00f6stermeksizin fesih hakk\u0131na sahipsiniz. \u0130ptal s\u00fcresi, sizin veya sizin ad\u0131n\u0131za, ta\u015f\u0131y\u0131c\u0131 olmayan \u00fc\u00e7\u00fcnc\u00fc bir \u015fahs\u0131n son mallar\u0131 teslim ald\u0131\u011f\u0131 g\u00fcnden itibaren on d\u00f6rt g\u00fcnd\u00fcr.<\/p><p>Cayma hakk\u0131n\u0131z\u0131 kullanmak i\u00e7in bizimle ileti\u015fime ge\u00e7melisiniz (AMS GmbH, Hauptstra\u00dfe 26, 97990 Weikersheim, telefon 07934\/993489-0, faks 07934\/993489-44, e-posta)\u00a0<a href=\"mailto:info@ams-ag.de\">info@ams-ag.de<\/a>) a\u00e7\u0131k bir beyanla (\u00f6rne\u011fin posta, faks veya e-posta yoluyla g\u00f6nderilen bir mektup) bu s\u00f6zle\u015fmeden \u00e7ekilme karar\u0131n\u0131z\u0131 size bildirmek. Zorunlu olmamakla birlikte a\u015fa\u011f\u0131daki \u00f6rnek iptal formunu kullanabilirsiniz.<\/p><p><b>\u00d6rnek iptal formu<\/b><\/p><p>Al\u0131c\u0131: AMS GmbH, Hauptstra\u00dfe 26, 97990 Weikersheim<br \/>Telefon 07934\/993489-0, Faks 07934\/993489-44 (ge\u00e7erli yerel \u00fccret \u00fczerinden)<br \/>e-posta\u00a0 <a href=\"mailto:info@ams-ag.de\">info@ams-ag.de<\/a><br \/><a href=\"mailto:info@ams-ag.de\">info@ams-ag.de<\/a><\/p><p>Ben\/biz (*) a\u015fa\u011f\u0131daki mallar\u0131n sat\u0131n al\u0131nmas\u0131 (*)\/a\u015fa\u011f\u0131daki hizmetin sa\u011flanmas\u0131 (*) i\u00e7in taraf\u0131mca\/taraf\u0131m\u0131zca (*) akdedilen s\u00f6zle\u015fmeyi iptal ediyorum\/iptal ediyoruz<\/p><p class=\"bodytext\">__________________________<\/p><p class=\"bodytext\">__________________________<\/p><p class=\"bodytext\">(*)_________ tarihinde sipari\u015f edildi \/ (*)________ tarihinde teslim al\u0131nd\u0131<\/p><p class=\"bodytext\">__________________________<\/p><p class=\"bodytext\">T\u00fcketicinin\/t\u00fcketicilerin ad\u0131<\/p><p class=\"bodytext\">\u00a0__________________________<\/p><p class=\"bodytext\">T\u00fcketicinin\/t\u00fcketicilerin adresi<\/p><p class=\"bodytext\">___________________________<\/p><p class=\"bodytext\">T\u00fcketicinin\/t\u00fcketicilerin imzas\u0131 (sadece ka\u011f\u0131t \u00fczerinde bildirim i\u00e7in)<\/p><p class=\"bodytext\">___________________________<\/p><p>Tarih<br \/>(*) Uygun olmayanlar\u0131 silin.<\/p><p>\u0130ptal s\u00fcresinin kar\u015f\u0131lanmas\u0131 i\u00e7in, iptal hakk\u0131n\u0131z\u0131 kulland\u0131\u011f\u0131n\u0131za ili\u015fkin bildirimi, iptal s\u00fcresi dolmadan g\u00f6ndermeniz yeterlidir.<\/p><p><b>\u0130ptalin sonu\u00e7lar\u0131<\/b><\/p><p>Mallar\u0131 derhal ve her hal\u00fckarda bu s\u00f6zle\u015fmeyi iptal etti\u011finizi bize bildirdi\u011finiz g\u00fcnden itibaren en ge\u00e7 on d\u00f6rt g\u00fcn i\u00e7inde bize iade etmeli veya teslim etmelisiniz. Mallar\u0131 on d\u00f6rt g\u00fcnl\u00fck s\u00fcre dolmadan g\u00f6nderirseniz son teslim tarihi kar\u015f\u0131lanm\u0131\u015f olur. Mallar\u0131 iade etmenin do\u011frudan masraflar\u0131n\u0131 kar\u015f\u0131lars\u0131n\u0131z.<\/p><p>Mallar\u0131n de\u011ferindeki herhangi bir kay\u0131ptan, yaln\u0131zca bu de\u011fer kayb\u0131n\u0131n mallar\u0131n niteli\u011fini, \u00f6zelliklerini ve i\u015fleyi\u015fini belirlemek i\u00e7in gerekli olan\u0131n d\u0131\u015f\u0131nda bir muameleden kaynaklanmas\u0131 durumunda sorumlu olursunuz.<\/p><p>\u0130PTAL POL\u0130T\u0130KASI SONU<\/p><p><b>\u00dcr\u00fcn\/sipari\u015f numaras\u0131 i\u00e7in G\u00d6N\u00dcLL\u00dc \u0130ADE GARANT\u0130M\u0130Z. 100-107 (MEDISEND, MEDISEND koruma, MEDICUR pro, METRONOM solar, METRONOM C, MEDICUR renkli ve CEPES lazer):<br \/>Yasal haklar\u0131n\u0131za halel getirmeksizin, AMS size a\u015fa\u011f\u0131daki g\u00f6n\u00fcll\u00fc iade garantisini sunmaktad\u0131r:<br \/>Yukar\u0131da belirtilen t\u00fcm k\u00fc\u00e7\u00fck ev aletlerini (\u00fcr\u00fcn\/sipari\u015f no. 100-107) mallar\u0131 ald\u0131ktan sonra 90 g\u00fcn i\u00e7inde AMS&#039;ye iade edebilirsiniz.<\/b><\/p><p><b>Mallar\u0131 bu G\u00f6n\u00fcll\u00fc \u0130ade Garantisine uygun olarak iade ederseniz, halihaz\u0131rda \u00f6demi\u015f oldu\u011funuz sat\u0131n alma fiyat\u0131n\u0131 iade edece\u011fiz, ancak ilk sat\u0131n alma i\u015fleminizin nakliye masraflar\u0131n\u0131 iade etmeyece\u011fiz. \u00d6n ko\u015ful, mallar\u0131n m\u00fckemmel durumda olmas\u0131d\u0131r. Ancak mallar\u0131n ama\u00e7lanan kullan\u0131m\u0131na izin verilmektedir. Kullan\u0131lm\u0131\u015f pillerin yenileriyle de\u011fi\u015ftirilmesine gerek yoktur. Nakliye riski ve iade masraflar\u0131 size aittir.<\/b><br \/><b>Bu uzat\u0131lm\u0131\u015f iade garantisi, yasal haklar\u0131n\u0131z\u0131 s\u0131n\u0131rlamaz ve dolay\u0131s\u0131yla yukar\u0131da a\u00e7\u0131kland\u0131\u011f\u0131 gibi cayma hakk\u0131n\u0131z\u0131 s\u0131n\u0131rlamaz.<\/b><\/p><p>Bu g\u00f6n\u00fcll\u00fc iade garantisi indirimli \u00fcr\u00fcnlerde ve \u00f6zel indirim kampanyalar\u0131nda ge\u00e7erli de\u011fildir.<\/p><hr \/><h3><b>6. T\u00fcketici Uyu\u015fmazl\u0131klar\u0131n\u0131n \u00c7\u00f6z\u00fcm\u00fc Yasas\u0131<\/b><\/h3><p>\u00c7al\u0131\u015fan \u00e7al\u0131\u015fan say\u0131s\u0131 nedeniyle T\u00fcketici Uyu\u015fmazl\u0131klar\u0131n\u0131n \u00c7\u00f6z\u00fcm\u00fc Yasas\u0131 (VSBG), AMS i\u00e7in ge\u00e7erli de\u011fildir. AMS, t\u00fcketici tahkim kurulu \u00f6n\u00fcndeki uyu\u015fmazl\u0131k \u00e7\u00f6z\u00fcm\u00fc prosed\u00fcr\u00fcnde yer almaz.<\/p><hr \/><h3><b>7. \u00d6deme y\u00f6ntemleri<\/b><\/h3><p>\u00d6deme pe\u015fin olarak yap\u0131labilir (sipari\u015f onay\u0131yla birlikte, banka bilgilerimizin gerekli ayr\u0131nt\u0131lar\u0131n\u0131 i\u00e7eren bir fatura PDF&#039;si alacaks\u0131n\u0131z ve \u00f6demeyi ald\u0131ktan sonra \u00fcr\u00fcnleri size teslim edece\u011fiz), teslimatta nakit (yaln\u0131zca Almanya&#039;da m\u00fcmk\u00fcn ve yaln\u0131zca GLS \u00fczerinden g\u00f6nderim yap\u0131l\u0131rsa veya se\u00e7ilirse m\u00fcmk\u00fcnd\u00fcr), Otomatik \u00f6deme \/ Otomatik \u00f6deme (Avrupa genelinde m\u00fcmk\u00fcnd\u00fcr), Kredi kart\u0131 (Master ve Visa; sipari\u015finizi tamamlad\u0131\u011f\u0131n\u0131zda kredi kart\u0131n\u0131zdan \u00e7ekim yap\u0131lacakt\u0131r), PayPal (her zaman PayPal&#039;a kaydolun veya \u00f6nce kaydolun, eri\u015fim verileriniz ve \u00f6deme talimat\u0131n\u0131n bizimle onaylanmas\u0131yla kimli\u011finizi do\u011frulay\u0131n) ve faturayla (yaln\u0131zca mevcut m\u00fc\u015fteriler i\u00e7in m\u00fcmk\u00fcnd\u00fcr).<\/p><hr \/><h3><b>8. Sorumluluk reddi beyan\u0131<\/b><\/h3><p>Sunulan \u00fcr\u00fcnlerin kullan\u0131m\u0131yla ilgili risk size aittir. \u00dcr\u00fcnler hi\u00e7bir \u015fekilde bir doktor veya alternatif pratisyen taraf\u0131ndan yap\u0131lan muayene ve tedavinin yerine ge\u00e7mez. MEDICUR pro \u00fcr\u00fcn\u00fc hari\u00e7 hi\u00e7bir \u00fcr\u00fcn MPG (T\u0131bbi Cihazlar Yasas\u0131) anlam\u0131nda t\u0131bbi cihaz de\u011fildir.<\/p><hr \/><h3><b>9. M\u00fclkiyetin muhafazas\u0131<\/b><\/h3><p>\u00d6demenin tamam\u0131 yap\u0131lana kadar mallar AMS&#039;nin m\u00fclkiyetinde kalacakt\u0131r.<\/p><hr \/><h3><b>10. Veri Depolama<\/b><\/h3><p>Federal Veri Koruma Yasas\u0131&#039;n\u0131n (BDSG) 28. Maddesi uyar\u0131nca, ticari i\u015flemler i\u00e7in gerekli verilerin, 33. Maddeye (BDSG) uygun olarak bir bilgisayar sistemi kullan\u0131larak i\u015flendi\u011fini ve sakland\u0131\u011f\u0131n\u0131 belirtmek isteriz. Ki\u015fisel veriler elbette gizli tutulacak ve \u00fc\u00e7\u00fcnc\u00fc \u015fah\u0131slara aktar\u0131lmayacakt\u0131r.<\/p>\t\t\t\t\t\t\t\t<\/div>\n\t\t\t\t<\/div>\n\t\t\t\t\t<\/div>\n\t\t<\/div>\n\t\t\t\t\t<\/div>\n\t\t<\/section>\n\t\t\t\t<section class=\"elementor-section elementor-top-section elementor-element elementor-element-f162e14 elementor-section-boxed elementor-section-height-default elementor-section-height-default\" data-id=\"f162e14\" data-element_type=\"section\" data-e-type=\"section\" data-settings=\"{&quot;background_background&quot;:&quot;classic&quot;}\">\n\t\t\t\t\t\t<div class=\"elementor-container elementor-column-gap-default\">\n\t\t\t\t\t<div class=\"elementor-column elementor-col-100 elementor-top-column elementor-element elementor-element-2c7e19b\" data-id=\"2c7e19b\" data-element_type=\"column\" data-e-type=\"column\">\n\t\t\t<div class=\"elementor-widget-wrap elementor-element-populated\">\n\t\t\t\t\t\t<div class=\"elementor-element elementor-element-fccb9c4 elementor-align-right elementor-mobile-align-center elementor-widget elementor-widget-button\" data-id=\"fccb9c4\" data-element_type=\"widget\" data-e-type=\"widget\" data-widget_type=\"button.default\">\n\t\t\t\t<div class=\"elementor-widget-container\">\n\t\t\t\t\t\t\t\t\t<div class=\"elementor-button-wrapper\">\n\t\t\t\t\t<a class=\"elementor-button elementor-button-link elementor-size-sm\" href=\"https:\/\/www.ams-ag.de\/tr\/impressum\/\">\n\t\t\t\t\t\t<span class=\"elementor-button-content-wrapper\">\n\t\t\t\t\t\t<span class=\"elementor-button-icon\">\n\t\t\t\t<i aria-hidden=\"true\" class=\"fas fa-arrow-right\"><\/i>\t\t\t<\/span>\n\t\t\t\t\t\t\t\t\t<span class=\"elementor-button-text\">damga<\/span>\n\t\t\t\t\t<\/span>\n\t\t\t\t\t<\/a>\n\t\t\t\t<\/div>\n\t\t\t\t\t\t\t\t<\/div>\n\t\t\t\t<\/div>\n\t\t\t\t\t<\/div>\n\t\t<\/div>\n\t\t\t\t\t<\/div>\n\t\t<\/section>\n\t\t\t\t<\/div>","protected":false},"excerpt":{"rendered":"<p>Herzlich Willkommen bei der AMS GmbH! ALLGEMEINE GESCH\u00c4FTSBEDINGUNGEN (AGB) der AMS Advanced Medical Systems GmbH Stand: 01.09.2023 Die jeweils aktuelle Version der Allgemeinen Gesch\u00e4ftsbedingungen dieses Shops k\u00f6nnen Sie sich als [&hellip;]<\/p>\n","protected":false},"author":1,"featured_media":0,"parent":0,"menu_order":10,"comment_status":"closed","ping_status":"closed","template":"","meta":{"pmpro_default_level":"","footnotes":""},"class_list":["post-2461","page","type-page","status-publish","hentry","pmpro-has-access"],"_links":{"self":[{"href":"https:\/\/www.ams-ag.de\/tr\/wp-json\/wp\/v2\/pages\/2461","targetHints":{"allow":["GET"]}}],"collection":[{"href":"https:\/\/www.ams-ag.de\/tr\/wp-json\/wp\/v2\/pages"}],"about":[{"href":"https:\/\/www.ams-ag.de\/tr\/wp-json\/wp\/v2\/types\/page"}],"author":[{"embeddable":true,"href":"https:\/\/www.ams-ag.de\/tr\/wp-json\/wp\/v2\/users\/1"}],"replies":[{"embeddable":true,"href":"https:\/\/www.ams-ag.de\/tr\/wp-json\/wp\/v2\/comments?post=2461"}],"version-history":[{"count":9,"href":"https:\/\/www.ams-ag.de\/tr\/wp-json\/wp\/v2\/pages\/2461\/revisions"}],"predecessor-version":[{"id":18442,"href":"https:\/\/www.ams-ag.de\/tr\/wp-json\/wp\/v2\/pages\/2461\/revisions\/18442"}],"wp:attachment":[{"href":"https:\/\/www.ams-ag.de\/tr\/wp-json\/wp\/v2\/media?parent=2461"}],"curies":[{"name":"wp","href":"https:\/\/api.w.org\/{rel}","templated":true}]}}