{"id":2451,"date":"2023-05-11T16:45:06","date_gmt":"2023-05-11T14:45:06","guid":{"rendered":"http:\/\/www.ams-ag.de\/?page_id=2451"},"modified":"2024-03-08T13:08:07","modified_gmt":"2024-03-08T12:08:07","slug":"damga","status":"publish","type":"page","link":"https:\/\/www.ams-ag.de\/tr\/impressum\/","title":{"rendered":"damga"},"content":{"rendered":"<div data-elementor-type=\"wp-page\" data-elementor-id=\"2451\" class=\"elementor elementor-2451\" data-elementor-post-type=\"page\">\n\t\t\t\t\t\t<section class=\"elementor-section elementor-top-section elementor-element elementor-element-28c086de elementor-section-boxed elementor-section-height-default elementor-section-height-default\" data-id=\"28c086de\" data-element_type=\"section\" data-e-type=\"section\">\n\t\t\t\t\t\t<div class=\"elementor-container elementor-column-gap-default\">\n\t\t\t\t\t<div class=\"elementor-column elementor-col-100 elementor-top-column elementor-element elementor-element-29ee1980\" data-id=\"29ee1980\" data-element_type=\"column\" data-e-type=\"column\">\n\t\t\t<div class=\"elementor-widget-wrap elementor-element-populated\">\n\t\t\t\t\t\t<div class=\"elementor-element elementor-element-44754997 elementor-widget elementor-widget-heading\" data-id=\"44754997\" data-element_type=\"widget\" data-e-type=\"widget\" data-widget_type=\"heading.default\">\n\t\t\t\t<div class=\"elementor-widget-container\">\n\t\t\t\t\t<h1 class=\"elementor-heading-title elementor-size-default\">AMS GmbH&#039;ye ho\u015f geldiniz!<\/h1>\t\t\t\t<\/div>\n\t\t\t\t<\/div>\n\t\t\t\t<div class=\"elementor-element elementor-element-c0f6db2 elementor-widget elementor-widget-text-editor\" data-id=\"c0f6db2\" data-element_type=\"widget\" data-e-type=\"widget\" data-widget_type=\"text-editor.default\">\n\t\t\t\t<div class=\"elementor-widget-container\">\n\t\t\t\t\t\t\t\t\t<p>Geli\u015fmi\u015f T\u0131bbi Sistemler \u2013 <b>D\u00fczenleme ve biorezonans prosed\u00fcrleri, manyetik alan terapisi, (renkli) \u0131\u015f\u0131k ve lazer<\/b><\/p>\t\t\t\t\t\t\t\t<\/div>\n\t\t\t\t<\/div>\n\t\t\t\t<div class=\"elementor-element elementor-element-43d2f05 elementor-widget-divider--view-line elementor-widget elementor-widget-divider\" data-id=\"43d2f05\" data-element_type=\"widget\" data-e-type=\"widget\" data-widget_type=\"divider.default\">\n\t\t\t\t<div class=\"elementor-widget-container\">\n\t\t\t\t\t\t\t<div class=\"elementor-divider\">\n\t\t\t<span class=\"elementor-divider-separator\">\n\t\t\t\t\t\t<\/span>\n\t\t<\/div>\n\t\t\t\t\t\t<\/div>\n\t\t\t\t<\/div>\n\t\t\t\t<section class=\"elementor-section elementor-inner-section elementor-element elementor-element-138ad37 elementor-section-boxed elementor-section-height-default elementor-section-height-default\" data-id=\"138ad37\" data-element_type=\"section\" data-e-type=\"section\">\n\t\t\t\t\t\t<div class=\"elementor-container elementor-column-gap-default\">\n\t\t\t\t\t<div class=\"elementor-column elementor-col-50 elementor-inner-column elementor-element elementor-element-af99ad3\" data-id=\"af99ad3\" data-element_type=\"column\" data-e-type=\"column\">\n\t\t\t<div class=\"elementor-widget-wrap elementor-element-populated\">\n\t\t\t\t\t\t<div class=\"elementor-element elementor-element-dbe26be elementor-widget elementor-widget-heading\" data-id=\"dbe26be\" data-element_type=\"widget\" data-e-type=\"widget\" data-widget_type=\"heading.default\">\n\t\t\t\t<div class=\"elementor-widget-container\">\n\t\t\t\t\t<h2 class=\"elementor-heading-title elementor-size-default\">K\u00fcnye ve <br>Sa\u011flay\u0131c\u0131 kimli\u011fi<\/h2>\t\t\t\t<\/div>\n\t\t\t\t<\/div>\n\t\t\t\t<div class=\"elementor-element elementor-element-7c3f29c elementor-widget elementor-widget-text-editor\" data-id=\"7c3f29c\" data-element_type=\"widget\" data-e-type=\"widget\" data-widget_type=\"text-editor.default\">\n\t\t\t\t<div class=\"elementor-widget-container\">\n\t\t\t\t\t\t\t\t\t<h3><b>B\u00f6l\u00fcm 5 TMG uyar\u0131nca bilgiler<\/b><\/h3><p>AMSAdvanced Medical Systems GmbH<br \/>Hauptstra\u00dfe 26<br \/>97990 Weikersheim<\/p><p>genel m\u00fcd\u00fcr taraf\u0131ndan temsil edilir: <br \/>Dr. rer. nat. Frank Beck<\/p><p>temas etmek<br \/>Telefon: +49 (0) 79 34 \/ 99 34 89-0<br \/>Faks: +49 (0) 79 34 \/ 99 34 89-44<br \/>E-posta: <a href=\"mailto:info@ams-ag.de\">info@ams-ag.de<\/a><\/p><p>\u015eikayetlerinizi buradan da iletebilirsiniz.<\/p><hr \/><h3><b>Giri\u015fi kaydet<\/b><\/h3><p>Ticaret siciline kay\u0131t.<br \/>Kay\u0131t mahkemesi: Handelsregister AG Ulm<br \/>Kay\u0131t numaras\u0131: HRB 731284<br \/>KDV No:<br \/>Sat\u0131\u015f Vergisi Kanunu B\u00f6l\u00fcm 27 a uyar\u0131nca sat\u0131\u015f vergisi kimlik numaras\u0131: DE 177547347<\/p><hr \/><h3><b>Elektrikli ve Elektronik Ekipman Yasas\u0131 (ElektroG):<\/b><\/h3><p>Sorumlu bir elektrikli ve elektronik ekipman \u00fcreticisi olarak ElektroG uyar\u0131nca kay\u0131t y\u00fck\u00fcml\u00fcl\u00fc\u011f\u00fcm\u00fcz\u00fc yerine getirdik. EAR Vakf\u0131 kay\u0131t numaram\u0131z: WEEE Reg No. DE 49140629.<\/p><hr \/><h3><strong>Kaynaklar<\/strong><\/h3><p>Kullan\u0131lan g\u00f6rseller ve grafikler i\u00e7in:<\/p><p>Fotolia<a href=\"https:\/\/de.fotolia.com\/\" target=\"_blank\" rel=\"noopener\"><br \/>https:\/\/de.fotolia.com\/<\/a><br \/>Resim numaralar\u0131: 5517971_M, 2998396_L, 41373138_L, 53075506_M,59334364_S, 67940016_L, 68728113_XXL, 82500533_XXL, 83215542_XXL, 84477543_L , 844477547_L, 84478039_L, 87848782_L, 89302270_L, 90785386_M<\/p><p>iStock<a href=\"http:\/\/www.istockphoto.com\/de\" target=\"_blank\" rel=\"noopener\"><br \/>http:\/\/www.istockphoto.com\/de<\/a><br \/>Resim numaras\u0131: 000015045170_XXXLarge<\/p><p>Eva Maria Linhart<a href=\"http:\/\/linhart-foto.de\/\" target=\"_blank\" rel=\"noopener\"><br \/>http:\/\/linhart-foto.de\/<\/a><\/p><p>aha tasar\u0131m<a href=\"http:\/\/www.aha-design.de\/\" target=\"_blank\" rel=\"noopener\"><br \/>http:\/\/www.aha-design.de\/<\/a><\/p>\t\t\t\t\t\t\t\t<\/div>\n\t\t\t\t<\/div>\n\t\t\t\t\t<\/div>\n\t\t<\/div>\n\t\t\t\t<div class=\"elementor-column elementor-col-50 elementor-inner-column elementor-element elementor-element-184d9cd\" data-id=\"184d9cd\" data-element_type=\"column\" data-e-type=\"column\">\n\t\t\t<div class=\"elementor-widget-wrap elementor-element-populated\">\n\t\t\t\t\t\t<div class=\"elementor-element elementor-element-6a04b22 elementor-widget elementor-widget-heading\" data-id=\"6a04b22\" data-element_type=\"widget\" data-e-type=\"widget\" data-widget_type=\"heading.default\">\n\t\t\t\t<div class=\"elementor-widget-container\">\n\t\t\t\t\t<h2 class=\"elementor-heading-title elementor-size-default\">Sorumluluk reddi beyan\u0131 <br>(sorumluluk reddi beyan\u0131)<\/h2>\t\t\t\t<\/div>\n\t\t\t\t<\/div>\n\t\t\t\t<div class=\"elementor-element elementor-element-5b18813 elementor-widget elementor-widget-text-editor\" data-id=\"5b18813\" data-element_type=\"widget\" data-e-type=\"widget\" data-widget_type=\"text-editor.default\">\n\t\t\t\t<div class=\"elementor-widget-container\">\n\t\t\t\t\t\t\t\t\t<h3><b>\u0130\u00e7erik sorumlulu\u011fu<\/b><\/h3><p>Bir hizmet sa\u011flay\u0131c\u0131 olarak, bu sayfalardaki kendi i\u00e7eri\u011fimizden, TMG B\u00f6l\u00fcm 7 Paragraf 1 uyar\u0131nca genel yasalara uygun olarak sorumluyuz. Ancak TMG&#039;nin 8 ila 10. Maddeleri uyar\u0131nca, bir hizmet sa\u011flay\u0131c\u0131 olarak iletilen veya saklanan \u00fc\u00e7\u00fcnc\u00fc taraf bilgilerini izlemek veya yasa d\u0131\u015f\u0131 faaliyete i\u015faret eden durumlar\u0131 ara\u015ft\u0131rmakla y\u00fck\u00fcml\u00fc de\u011filiz. Genel yasa uyar\u0131nca bilgilerin kullan\u0131m\u0131n\u0131n kald\u0131r\u0131lmas\u0131 veya engellenmesine ili\u015fkin y\u00fck\u00fcml\u00fcl\u00fckler etkilenmeden kal\u0131r. Ancak bu konudaki sorumluluk ancak belirli bir yasal ihlalin \u00f6\u011frenildi\u011fi andan itibaren m\u00fcmk\u00fcnd\u00fcr. \u0130lgili herhangi bir yasal ihlalin fark\u0131na var\u0131rsak bu i\u00e7eri\u011fi derhal kald\u0131raca\u011f\u0131z.<\/p><hr \/><h3><b>Ba\u011flant\u0131lara ili\u015fkin sorumluluk<\/b><\/h3><p>Teklifimiz, i\u00e7erikleri \u00fczerinde hi\u00e7bir etkimizin olmad\u0131\u011f\u0131 harici \u00fc\u00e7\u00fcnc\u00fc taraf web sitelerine ba\u011flant\u0131lar i\u00e7erir. Bu nedenle bu harici i\u00e7erikle ilgili herhangi bir sorumluluk kabul edemeyiz. Ba\u011flant\u0131 verilen sayfalar\u0131n i\u00e7eri\u011finden her zaman sayfalar\u0131n ilgili sa\u011flay\u0131c\u0131s\u0131 veya operat\u00f6r\u00fc sorumludur. Ba\u011flant\u0131 verilen sayfalar, ba\u011flant\u0131 verildi\u011fi s\u0131rada olas\u0131 yasal ihlallere kar\u015f\u0131 kontrol edildi. Ba\u011flant\u0131 verildi\u011fi s\u0131rada yasa d\u0131\u015f\u0131 i\u00e7erik belirgin de\u011fildi. Ancak, ba\u011flant\u0131l\u0131 sayfalar\u0131n i\u00e7eri\u011finin kal\u0131c\u0131 olarak kontrol edilmesi, yasal bir ihlalin somut bir kan\u0131t\u0131 olmadan makul de\u011fildir. Herhangi bir yasal ihlalin fark\u0131na var\u0131rsak bu t\u00fcr ba\u011flant\u0131lar\u0131 derhal kald\u0131raca\u011f\u0131z.<\/p><hr \/><h3><b>telif hakk\u0131<\/b><\/h3><p>Bu sayfalarda site operat\u00f6rleri taraf\u0131ndan olu\u015fturulan i\u00e7erik ve eserler Alman telif hakk\u0131 kanununa tabidir. Telif hakk\u0131 kanununun s\u0131n\u0131rlar\u0131 d\u0131\u015f\u0131nda \u00e7o\u011falt\u0131lmas\u0131, i\u015flenmesi, da\u011f\u0131t\u0131lmas\u0131 ve her t\u00fcrl\u00fc kullan\u0131m\u0131, ilgili yazar\u0131n veya yarat\u0131c\u0131n\u0131n yaz\u0131l\u0131 iznini gerektirir. Bu sayfan\u0131n indirilmesine ve kopyalanmas\u0131na yaln\u0131zca \u00f6zel, ticari olmayan kullan\u0131m i\u00e7in izin verilmektedir. Bu sitedeki i\u00e7erik operat\u00f6r taraf\u0131ndan olu\u015fturulmam\u0131\u015fsa \u00fc\u00e7\u00fcnc\u00fc \u015fah\u0131slar\u0131n telif haklar\u0131na sayg\u0131 g\u00f6sterilir. \u00d6zellikle \u00fc\u00e7\u00fcnc\u00fc taraf i\u00e7erikleri bu \u015fekilde i\u015faretlenir. Yine de bir telif hakk\u0131 ihlalinin fark\u0131na var\u0131rsan\u0131z, bunu bize bildirmenizi rica ederiz. Herhangi bir yasal ihlalin fark\u0131na var\u0131rsak bu t\u00fcr i\u00e7erikleri derhal kald\u0131raca\u011f\u0131z.<\/p><hr \/><h3><b>ODR Y\u00f6netmeli\u011finin 14. Maddesinin 1. Paragraf\u0131na g\u00f6re \u00e7evrimi\u00e7i anla\u015fmazl\u0131k \u00e7\u00f6z\u00fcm\u00fc:<\/b><\/h3><p>Avrupa Komisyonu \u00e7evrimi\u00e7i anla\u015fmazl\u0131k \u00e7\u00f6z\u00fcm\u00fc (OS) i\u00e7in bir platform sa\u011flar. Bunlar\u0131 \u015fu adreste bulabilirsiniz: <a href=\"http:\/\/ec.europa.eu\/consumers\/odr\/\" target=\"_blank\" rel=\"noopener\">http:\/\/ec.europa.eu\/consumers\/odr\/<\/a><br \/>Bu platform, t\u00fcketicinin dahil oldu\u011fu \u00e7evrimi\u00e7i sat\u0131n alma veya hizmet s\u00f6zle\u015fmelerinden kaynaklanan uyu\u015fmazl\u0131klar\u0131n mahkeme d\u0131\u015f\u0131nda \u00e7\u00f6z\u00fcm\u00fc i\u00e7in bir irtibat noktas\u0131 g\u00f6revi g\u00f6rmektedir.<\/p><p>\u00c7al\u0131\u015fan \u00e7al\u0131\u015fan say\u0131s\u0131 nedeniyle T\u00fcketici Uyu\u015fmazl\u0131klar\u0131n\u0131n \u00c7\u00f6z\u00fcm\u00fc Yasas\u0131 (VSBG), AMS i\u00e7in ge\u00e7erli de\u011fildir. AMS, t\u00fcketici tahkim kurulu \u00f6n\u00fcndeki uyu\u015fmazl\u0131k \u00e7\u00f6z\u00fcm\u00fc prosed\u00fcr\u00fcnde yer almaz.<\/p>\t\t\t\t\t\t\t\t<\/div>\n\t\t\t\t<\/div>\n\t\t\t\t\t<\/div>\n\t\t<\/div>\n\t\t\t\t\t<\/div>\n\t\t<\/section>\n\t\t\t\t\t<\/div>\n\t\t<\/div>\n\t\t\t\t\t<\/div>\n\t\t<\/section>\n\t\t\t\t<section class=\"elementor-section elementor-top-section elementor-element elementor-element-ed36c07 elementor-section-boxed elementor-section-height-default elementor-section-height-default\" data-id=\"ed36c07\" data-element_type=\"section\" data-e-type=\"section\" data-settings=\"{&quot;background_background&quot;:&quot;classic&quot;}\">\n\t\t\t\t\t\t<div class=\"elementor-container elementor-column-gap-default\">\n\t\t\t\t\t<div class=\"elementor-column elementor-col-100 elementor-top-column elementor-element elementor-element-1a997d6\" data-id=\"1a997d6\" data-element_type=\"column\" data-e-type=\"column\">\n\t\t\t<div class=\"elementor-widget-wrap elementor-element-populated\">\n\t\t\t\t\t\t<div class=\"elementor-element elementor-element-e520942 elementor-align-right elementor-mobile-align-center elementor-widget elementor-widget-button\" data-id=\"e520942\" data-element_type=\"widget\" data-e-type=\"widget\" data-widget_type=\"button.default\">\n\t\t\t\t<div class=\"elementor-widget-container\">\n\t\t\t\t\t\t\t\t\t<div class=\"elementor-button-wrapper\">\n\t\t\t\t\t<a class=\"elementor-button elementor-button-link elementor-size-sm\" href=\"https:\/\/www.ams-ag.de\/tr\/datenschutz\/\">\n\t\t\t\t\t\t<span class=\"elementor-button-content-wrapper\">\n\t\t\t\t\t\t<span class=\"elementor-button-icon\">\n\t\t\t\t<i aria-hidden=\"true\" class=\"fas fa-arrow-right\"><\/i>\t\t\t<\/span>\n\t\t\t\t\t\t\t\t\t<span class=\"elementor-button-text\">Veri koruma<\/span>\n\t\t\t\t\t<\/span>\n\t\t\t\t\t<\/a>\n\t\t\t\t<\/div>\n\t\t\t\t\t\t\t\t<\/div>\n\t\t\t\t<\/div>\n\t\t\t\t\t<\/div>\n\t\t<\/div>\n\t\t\t\t\t<\/div>\n\t\t<\/section>\n\t\t\t\t<\/div>","protected":false},"excerpt":{"rendered":"<p>Herzlich Willkommen bei der AMS GmbH! Advanced Medical Systems &#8211; Regulations- und Bioresonanzverfahren, Magnetfeldtherapie, (Farb-) Licht und Laser Impressum &#038; Anbieterkennzeichnung Angaben gem\u00e4\u00df \u00a7 5 TMG AMS Advanced Medical Systems [&hellip;]<\/p>\n","protected":false},"author":1,"featured_media":0,"parent":0,"menu_order":7,"comment_status":"closed","ping_status":"closed","template":"","meta":{"pmpro_default_level":"","footnotes":""},"class_list":["post-2451","page","type-page","status-publish","hentry","pmpro-has-access"],"_links":{"self":[{"href":"https:\/\/www.ams-ag.de\/tr\/wp-json\/wp\/v2\/pages\/2451","targetHints":{"allow":["GET"]}}],"collection":[{"href":"https:\/\/www.ams-ag.de\/tr\/wp-json\/wp\/v2\/pages"}],"about":[{"href":"https:\/\/www.ams-ag.de\/tr\/wp-json\/wp\/v2\/types\/page"}],"author":[{"embeddable":true,"href":"https:\/\/www.ams-ag.de\/tr\/wp-json\/wp\/v2\/users\/1"}],"replies":[{"embeddable":true,"href":"https:\/\/www.ams-ag.de\/tr\/wp-json\/wp\/v2\/comments?post=2451"}],"version-history":[{"count":3,"href":"https:\/\/www.ams-ag.de\/tr\/wp-json\/wp\/v2\/pages\/2451\/revisions"}],"predecessor-version":[{"id":14510,"href":"https:\/\/www.ams-ag.de\/tr\/wp-json\/wp\/v2\/pages\/2451\/revisions\/14510"}],"wp:attachment":[{"href":"https:\/\/www.ams-ag.de\/tr\/wp-json\/wp\/v2\/media?parent=2451"}],"curies":[{"name":"wp","href":"https:\/\/api.w.org\/{rel}","templated":true}]}}