{"id":177,"date":"2023-02-14T06:23:34","date_gmt":"2023-02-14T05:23:34","guid":{"rendered":"http:\/\/www.ams-ag.de\/?page_id=177"},"modified":"2024-04-28T21:29:29","modified_gmt":"2024-04-28T19:29:29","slug":"ams-araciligiyla","status":"publish","type":"page","link":"https:\/\/www.ams-ag.de\/tr\/ueber-ams\/","title":{"rendered":"AMS arac\u0131l\u0131\u011f\u0131yla"},"content":{"rendered":"<div data-elementor-type=\"wp-page\" data-elementor-id=\"177\" class=\"elementor elementor-177\" data-elementor-post-type=\"page\">\n\t\t\t\t\t\t<section class=\"elementor-section elementor-top-section elementor-element elementor-element-91bd841 elementor-section-boxed elementor-section-height-default elementor-section-height-default\" data-id=\"91bd841\" data-element_type=\"section\" data-e-type=\"section\">\n\t\t\t\t\t\t<div class=\"elementor-container elementor-column-gap-default\">\n\t\t\t\t\t<div class=\"elementor-column elementor-col-100 elementor-top-column elementor-element elementor-element-be57439\" data-id=\"be57439\" data-element_type=\"column\" data-e-type=\"column\">\n\t\t\t<div class=\"elementor-widget-wrap elementor-element-populated\">\n\t\t\t\t\t\t<div class=\"elementor-element elementor-element-1e251fe6 elementor-widget elementor-widget-heading\" data-id=\"1e251fe6\" data-element_type=\"widget\" data-e-type=\"widget\" data-widget_type=\"heading.default\">\n\t\t\t\t<div class=\"elementor-widget-container\">\n\t\t\t\t\t<h1 class=\"elementor-heading-title elementor-size-default\">AMS Hakk\u0131nda<\/h1>\t\t\t\t<\/div>\n\t\t\t\t<\/div>\n\t\t\t\t\t<\/div>\n\t\t<\/div>\n\t\t\t\t\t<\/div>\n\t\t<\/section>\n\t\t\t\t<section class=\"elementor-section elementor-top-section elementor-element elementor-element-a68b91f elementor-section-boxed elementor-section-height-default elementor-section-height-default\" data-id=\"a68b91f\" data-element_type=\"section\" data-e-type=\"section\">\n\t\t\t\t\t\t<div class=\"elementor-container elementor-column-gap-default\">\n\t\t\t\t\t<div class=\"elementor-column elementor-col-100 elementor-top-column elementor-element elementor-element-30efd8c\" data-id=\"30efd8c\" data-element_type=\"column\" data-e-type=\"column\">\n\t\t\t<div class=\"elementor-widget-wrap elementor-element-populated\">\n\t\t\t\t\t\t<div class=\"elementor-element elementor-element-62109b5 elementor-widget elementor-widget-heading\" data-id=\"62109b5\" data-element_type=\"widget\" data-e-type=\"widget\" data-widget_type=\"heading.default\">\n\t\t\t\t<div class=\"elementor-widget-container\">\n\t\t\t\t\t<h2 class=\"elementor-heading-title elementor-size-default\">Merhaba ve ho\u015f geldiniz!<\/h2>\t\t\t\t<\/div>\n\t\t\t\t<\/div>\n\t\t\t\t<div class=\"elementor-element elementor-element-401cdb3c elementor-widget elementor-widget-text-editor\" data-id=\"401cdb3c\" data-element_type=\"widget\" data-e-type=\"widget\" data-widget_type=\"text-editor.default\">\n\t\t\t\t<div class=\"elementor-widget-container\">\n\t\t\t\t\t\t\t\t\t<p>Bu b\u00f6l\u00fcmde bizim ve \u015firketimiz hakk\u0131nda daha fazla bilgi edinebilirsiniz. Genel m\u00fcd\u00fcr Dr. Frank Beck&#039;i ve t\u00fcm ekibi tan\u0131y\u0131n, manyetik alan terapisinin babas\u0131 Dr. Ludwig hakk\u0131nda bilgi edinin ve bilgilendirici k\u0131sa videolar\u0131 izleyin.<\/p>\t\t\t\t\t\t\t\t<\/div>\n\t\t\t\t<\/div>\n\t\t\t\t\t<\/div>\n\t\t<\/div>\n\t\t\t\t\t<\/div>\n\t\t<\/section>\n\t\t\t\t<section class=\"elementor-section elementor-top-section elementor-element elementor-element-98c3102 elementor-section-boxed elementor-section-height-default elementor-section-height-default\" data-id=\"98c3102\" data-element_type=\"section\" data-e-type=\"section\">\n\t\t\t\t\t\t<div class=\"elementor-container elementor-column-gap-default\">\n\t\t\t\t\t<div class=\"elementor-column elementor-col-100 elementor-top-column elementor-element elementor-element-0748039\" data-id=\"0748039\" data-element_type=\"column\" data-e-type=\"column\">\n\t\t\t<div class=\"elementor-widget-wrap elementor-element-populated\">\n\t\t\t\t\t\t<div class=\"elementor-element elementor-element-5b2bf71 elementor-widget elementor-widget-heading\" data-id=\"5b2bf71\" data-element_type=\"widget\" data-e-type=\"widget\" data-widget_type=\"heading.default\">\n\t\t\t\t<div class=\"elementor-widget-container\">\n\t\t\t\t\t<h2 class=\"elementor-heading-title elementor-size-default\">A\u015fa\u011f\u0131daki kategorilere g\u00f6z atabilirsiniz:<\/h2>\t\t\t\t<\/div>\n\t\t\t\t<\/div>\n\t\t\t\t<div class=\"elementor-element elementor-element-e02928d elementor-widget elementor-widget-text-editor\" data-id=\"e02928d\" data-element_type=\"widget\" data-e-type=\"widget\" data-widget_type=\"text-editor.default\">\n\t\t\t\t<div class=\"elementor-widget-container\">\n\t\t\t\t\t\t\t\t\t<ul><li><a href=\"https:\/\/www.ams-ag.de\/tr\/ams-araciligiyla\/biz-kimiz\/\"><b>Biz kimiz<\/b><\/a><br \/>Burada AMS GmbH hakk\u0131nda baz\u0131 \u00f6nemli bilgileri bulabilirsiniz.<\/li><li><a href=\"https:\/\/www.ams-ag.de\/tr\/ams-araciligiyla\/dr-rer-nat-frank-beck\/\"><b>Dr. Frank Beck<\/b><\/a><br \/>AMS&#039;nin genel m\u00fcd\u00fcr\u00fcd\u00fcr ve hareketli bir ge\u00e7mi\u015fe sahiptir. Yolu onu sporun \u00f6nemli anlar\u0131ndan ve zorlu kimya diplomas\u0131ndan Dr. Ludwig ve manyetik alan terapisine g\u00f6t\u00fcrd\u00fc.<\/li><li><a href=\"https:\/\/www.ams-ag.de\/tr\/ams-araciligiyla\/benim-takimim\/\"><b>AMS ekibi<\/b><\/a><br \/>AMS, dost canl\u0131s\u0131 ve \u00e7al\u0131\u015fkan insanlardan olu\u015fan k\u00fc\u00e7\u00fck bir gruptan ve ayr\u0131ca birka\u00e7 hayvandan olu\u015fuyor. Onlar\u0131 burada biraz daha iyi tan\u0131y\u0131n.<\/li><li><a href=\"https:\/\/www.ams-ag.de\/tr\/ams-araciligiyla\/ben-dr-ludwig\/\"><b>AMS Dr. Ludwig<\/b><\/a><br \/>O olmasayd\u0131 manyetik alan terapisi ne olurdu? B\u00f6yle bir \u015fey olmazd\u0131 \u00e7\u00fcnk\u00fc Dr. rer. nat. W. Ludwig onun mucidi ve geli\u015ftiricisidir. Bir fizik\u00e7i olarak ara\u015ft\u0131rma ve geli\u015ftirmenin zorluklar\u0131n\u0131 seviyordu. Bu b\u00f6l\u00fcmde bu e\u015fsiz adam hakk\u0131nda daha fazla bilgi edinin.<\/li><li><a href=\"https:\/\/www.ams-ag.de\/tr\/ams-araciligiyla\/ams-filmi-portreleri\/\"><b>AMS film portreleri<\/b><\/a><br \/>Ayr\u0131ca bizimle ilgili birka\u00e7 hareketli resim de var. Burada farkl\u0131 kaynaklardan gelen eski ve yeni video katk\u0131lar\u0131n\u0131 izleyebilirsiniz.<\/li><\/ul>\t\t\t\t\t\t\t\t<\/div>\n\t\t\t\t<\/div>\n\t\t\t\t\t<\/div>\n\t\t<\/div>\n\t\t\t\t\t<\/div>\n\t\t<\/section>\n\t\t\t\t<section class=\"elementor-section elementor-top-section elementor-element elementor-element-83a2f00 elementor-section-boxed elementor-section-height-default elementor-section-height-default\" data-id=\"83a2f00\" data-element_type=\"section\" data-e-type=\"section\" data-settings=\"{&quot;background_background&quot;:&quot;classic&quot;}\">\n\t\t\t\t\t\t<div class=\"elementor-container elementor-column-gap-default\">\n\t\t\t\t\t<div class=\"elementor-column elementor-col-100 elementor-top-column elementor-element elementor-element-8c1007c\" data-id=\"8c1007c\" data-element_type=\"column\" data-e-type=\"column\">\n\t\t\t<div class=\"elementor-widget-wrap elementor-element-populated\">\n\t\t\t\t\t\t<div class=\"elementor-element elementor-element-2bbae04 elementor-align-right elementor-mobile-align-center elementor-widget elementor-widget-button\" data-id=\"2bbae04\" data-element_type=\"widget\" data-e-type=\"widget\" data-widget_type=\"button.default\">\n\t\t\t\t<div class=\"elementor-widget-container\">\n\t\t\t\t\t\t\t\t\t<div class=\"elementor-button-wrapper\">\n\t\t\t\t\t<a class=\"elementor-button elementor-button-link elementor-size-sm\" href=\"https:\/\/www.ams-ag.de\/tr\/ueber-ams\/wer-wir-sind\/\">\n\t\t\t\t\t\t<span class=\"elementor-button-content-wrapper\">\n\t\t\t\t\t\t<span class=\"elementor-button-icon\">\n\t\t\t\t<i aria-hidden=\"true\" class=\"fas fa-arrow-right\"><\/i>\t\t\t<\/span>\n\t\t\t\t\t\t\t\t\t<span class=\"elementor-button-text\">Biz kimiz<\/span>\n\t\t\t\t\t<\/span>\n\t\t\t\t\t<\/a>\n\t\t\t\t<\/div>\n\t\t\t\t\t\t\t\t<\/div>\n\t\t\t\t<\/div>\n\t\t\t\t\t<\/div>\n\t\t<\/div>\n\t\t\t\t\t<\/div>\n\t\t<\/section>\n\t\t\t\t<\/div>","protected":false},"excerpt":{"rendered":"<p>\u00dcber AMS Hallo und herzlich Willkommen! In diesem Bereich erfahren Sie mehr \u00fcber uns und unser Unternehmen. Lernen Sie den Gesch\u00e4ftsf\u00fchrer Dr. Frank Beck und das gesamte Team kennen, lesen [&hellip;]<\/p>\n","protected":false},"author":1,"featured_media":0,"parent":0,"menu_order":5,"comment_status":"closed","ping_status":"closed","template":"","meta":{"pmpro_default_level":"","footnotes":""},"class_list":["post-177","page","type-page","status-publish","hentry","pmpro-has-access"],"_links":{"self":[{"href":"https:\/\/www.ams-ag.de\/tr\/wp-json\/wp\/v2\/pages\/177","targetHints":{"allow":["GET"]}}],"collection":[{"href":"https:\/\/www.ams-ag.de\/tr\/wp-json\/wp\/v2\/pages"}],"about":[{"href":"https:\/\/www.ams-ag.de\/tr\/wp-json\/wp\/v2\/types\/page"}],"author":[{"embeddable":true,"href":"https:\/\/www.ams-ag.de\/tr\/wp-json\/wp\/v2\/users\/1"}],"replies":[{"embeddable":true,"href":"https:\/\/www.ams-ag.de\/tr\/wp-json\/wp\/v2\/comments?post=177"}],"version-history":[{"count":6,"href":"https:\/\/www.ams-ag.de\/tr\/wp-json\/wp\/v2\/pages\/177\/revisions"}],"predecessor-version":[{"id":15748,"href":"https:\/\/www.ams-ag.de\/tr\/wp-json\/wp\/v2\/pages\/177\/revisions\/15748"}],"wp:attachment":[{"href":"https:\/\/www.ams-ag.de\/tr\/wp-json\/wp\/v2\/media?parent=177"}],"curies":[{"name":"wp","href":"https:\/\/api.w.org\/{rel}","templated":true}]}}