{"id":1426,"date":"2023-05-01T13:17:50","date_gmt":"2023-05-01T11:17:50","guid":{"rendered":"http:\/\/www.ams-ag.de\/?page_id=1426"},"modified":"2024-05-16T20:02:30","modified_gmt":"2024-05-16T18:02:30","slug":"manyetik-alan-terapisi-ve-biyoinformatif-tip","status":"publish","type":"page","link":"https:\/\/www.ams-ag.de\/tr\/grundlagen-magnetfeldtherapie\/magnetfeldtherapie-und-bioinformative-medizin\/","title":{"rendered":"Manyetik alan terapisi ve biyoinformatif t\u0131p"},"content":{"rendered":"<div data-elementor-type=\"wp-page\" data-elementor-id=\"1426\" class=\"elementor elementor-1426\" data-elementor-post-type=\"page\">\n\t\t\t\t\t\t<section class=\"elementor-section elementor-top-section elementor-element elementor-element-cdce28a elementor-section-boxed elementor-section-height-default elementor-section-height-default\" data-id=\"cdce28a\" data-element_type=\"section\" data-e-type=\"section\" data-settings=\"{&quot;background_background&quot;:&quot;classic&quot;}\">\n\t\t\t\t\t\t<div class=\"elementor-container elementor-column-gap-default\">\n\t\t\t\t\t<div class=\"elementor-column elementor-col-50 elementor-top-column elementor-element elementor-element-181e548\" data-id=\"181e548\" data-element_type=\"column\" data-e-type=\"column\">\n\t\t\t<div class=\"elementor-widget-wrap elementor-element-populated\">\n\t\t\t\t\t\t<div class=\"elementor-element elementor-element-18bf617 elementor-widget elementor-widget-image\" data-id=\"18bf617\" data-element_type=\"widget\" data-e-type=\"widget\" data-widget_type=\"image.default\">\n\t\t\t\t<div class=\"elementor-widget-container\">\n\t\t\t\t\t\t\t\t\t\t\t\t\t\t\t<img fetchpriority=\"high\" decoding=\"async\" width=\"768\" height=\"512\" src=\"https:\/\/www.ams-ag.de\/wp-content\/uploads\/2024\/02\/pexels-susanne-jutzeler-sujufoto-1169084-768x512.jpg\" class=\"attachment-medium_large size-medium_large wp-image-14375\" alt=\"\" srcset=\"https:\/\/www.ams-ag.de\/wp-content\/uploads\/2024\/02\/pexels-susanne-jutzeler-sujufoto-1169084-768x512.jpg 768w, https:\/\/www.ams-ag.de\/wp-content\/uploads\/2024\/02\/pexels-susanne-jutzeler-sujufoto-1169084-300x200.jpg 300w, https:\/\/www.ams-ag.de\/wp-content\/uploads\/2024\/02\/pexels-susanne-jutzeler-sujufoto-1169084-1536x1024.jpg 1536w, https:\/\/www.ams-ag.de\/wp-content\/uploads\/2024\/02\/pexels-susanne-jutzeler-sujufoto-1169084-18x12.jpg 18w, https:\/\/www.ams-ag.de\/wp-content\/uploads\/2024\/02\/pexels-susanne-jutzeler-sujufoto-1169084.jpg 1920w\" sizes=\"(max-width: 768px) 100vw, 768px\" \/>\t\t\t\t\t\t\t\t\t\t\t\t\t\t\t<\/div>\n\t\t\t\t<\/div>\n\t\t\t\t\t<\/div>\n\t\t<\/div>\n\t\t\t\t<div class=\"elementor-column elementor-col-50 elementor-top-column elementor-element elementor-element-c9d3ccb\" data-id=\"c9d3ccb\" data-element_type=\"column\" data-e-type=\"column\">\n\t\t\t<div class=\"elementor-widget-wrap elementor-element-populated\">\n\t\t\t\t\t\t<div class=\"elementor-element elementor-element-3578d0ff elementor-widget elementor-widget-heading\" data-id=\"3578d0ff\" data-element_type=\"widget\" data-e-type=\"widget\" data-widget_type=\"heading.default\">\n\t\t\t\t<div class=\"elementor-widget-container\">\n\t\t\t\t\t<h1 class=\"elementor-heading-title elementor-size-default\">Manyetik alan terapisi ve biyoinformatif t\u0131p<\/h1>\t\t\t\t<\/div>\n\t\t\t\t<\/div>\n\t\t\t\t\t<\/div>\n\t\t<\/div>\n\t\t\t\t\t<\/div>\n\t\t<\/section>\n\t\t\t\t<section class=\"elementor-section elementor-top-section elementor-element elementor-element-5387abd elementor-section-boxed elementor-section-height-default elementor-section-height-default\" data-id=\"5387abd\" data-element_type=\"section\" data-e-type=\"section\">\n\t\t\t\t\t\t<div class=\"elementor-container elementor-column-gap-default\">\n\t\t\t\t\t<div class=\"elementor-column elementor-col-100 elementor-top-column elementor-element elementor-element-4e2cbe2\" data-id=\"4e2cbe2\" data-element_type=\"column\" data-e-type=\"column\">\n\t\t\t<div class=\"elementor-widget-wrap elementor-element-populated\">\n\t\t\t\t\t\t<div class=\"elementor-element elementor-element-d115451 elementor-widget elementor-widget-heading\" data-id=\"d115451\" data-element_type=\"widget\" data-e-type=\"widget\" data-widget_type=\"heading.default\">\n\t\t\t\t<div class=\"elementor-widget-container\">\n\t\t\t\t\t<h2 class=\"elementor-heading-title elementor-size-default\">Manyetik alan terapisi \u2013 ne i\u00e7in?<\/h2>\t\t\t\t<\/div>\n\t\t\t\t<\/div>\n\t\t\t\t<div class=\"elementor-element elementor-element-58da6699 elementor-widget elementor-widget-text-editor\" data-id=\"58da6699\" data-element_type=\"widget\" data-e-type=\"widget\" data-widget_type=\"text-editor.default\">\n\t\t\t\t<div class=\"elementor-widget-container\">\n\t\t\t\t\t\t\t\t\t<p><b>Manyetik alan terapisi \/ biyoenformatif t\u0131p ile ne kastedilmektedir?<\/b><\/p><p>Manyetik alan terapisi v\u00fccudun kendini d\u00fczenlemesine yard\u0131mc\u0131 olmak i\u00e7in uygundur. Yani mesele belirli bir hastal\u0131\u011f\u0131n tedavisi de\u011fil - bunu iddia etmek istemiyoruz ve bunu iddia etmemize de izin verilmiyor - ama cihazlar\u0131m\u0131z, \u00f6z d\u00fczenleme s\u00fcre\u00e7lerini te\u015fvik eden biyoenerjetik titre\u015fimler \u00fcretiyor.<\/p><p>Bunu yapmak i\u00e7in cihazlar v\u00fccuda iletilen bir elektromanyetik alan olu\u015fturur. Uygulama olduk\u00e7a basittir: Cihaza ba\u011fl\u0131 olarak ba\u011fl\u0131 aplikat\u00f6r veya cihaz\u0131n kendisi g\u00f6vdenin \u00fczerine veya yan\u0131na yerle\u015ftirilir. Elektromanyetik alan giysilere n\u00fcfuz eder ve her h\u00fccreyi sular alt\u0131nda b\u0131rak\u0131r.<\/p><p>Farkl\u0131 frekanslar kullan\u0131labilir. \u00d6rne\u011fin, bir uygulaman\u0131n amac\u0131 uyar\u0131c\u0131 veya sakinle\u015ftirici olabilir veya elektrosmog duyarl\u0131l\u0131\u011f\u0131 a\u00e7\u0131s\u0131ndan faydal\u0131 olabilir. Ba\u015fka pek \u00e7ok olas\u0131 uygulama vard\u0131r; daha \u00f6nce de a\u00e7\u0131kland\u0131\u011f\u0131 gibi, v\u00fccudun d\u00fczenlenmesine yard\u0131mc\u0131 olmakla ilgilidir.<\/p><p>K\u00fc\u00e7\u00fck cihazlar\u0131m\u0131z\u0131n, duruma g\u00f6re kullan\u0131labilecek ve se\u00e7ilebilecek \u00f6nceden ayarlanm\u0131\u015f frekanslar\u0131 vard\u0131r. B\u00fcy\u00fck cihazlarda program \u00f6n se\u00e7imi yoktur; belirli bir bant geni\u015fli\u011fi dahilinde farkl\u0131 frekanslar\u0131 ayarlama se\u00e7ene\u011fi sunarlar.<\/p><p>\u00d6zel bilgileri ilgili \u00fcr\u00fcnlerin ilgili b\u00f6l\u00fcmlerinde bulacaks\u0131n\u0131z.<\/p>\t\t\t\t\t\t\t\t<\/div>\n\t\t\t\t<\/div>\n\t\t\t\t\t<\/div>\n\t\t<\/div>\n\t\t\t\t\t<\/div>\n\t\t<\/section>\n\t\t\t\t<section class=\"elementor-section elementor-top-section elementor-element elementor-element-68677c8 elementor-section-boxed elementor-section-height-default elementor-section-height-default\" data-id=\"68677c8\" data-element_type=\"section\" data-e-type=\"section\">\n\t\t\t\t\t\t<div class=\"elementor-container elementor-column-gap-default\">\n\t\t\t\t\t<div class=\"elementor-column elementor-col-100 elementor-top-column elementor-element elementor-element-ac7f362\" data-id=\"ac7f362\" data-element_type=\"column\" data-e-type=\"column\">\n\t\t\t<div class=\"elementor-widget-wrap elementor-element-populated\">\n\t\t\t\t\t\t<div class=\"elementor-element elementor-element-7a3f7ce elementor-widget elementor-widget-heading\" data-id=\"7a3f7ce\" data-element_type=\"widget\" data-e-type=\"widget\" data-widget_type=\"heading.default\">\n\t\t\t\t<div class=\"elementor-widget-container\">\n\t\t\t\t\t<h2 class=\"elementor-heading-title elementor-size-default\">Alternatif elektromanyetik alanlar<\/h2>\t\t\t\t<\/div>\n\t\t\t\t<\/div>\n\t\t\t\t<div class=\"elementor-element elementor-element-c55d7f2 elementor-widget elementor-widget-text-editor\" data-id=\"c55d7f2\" data-element_type=\"widget\" data-e-type=\"widget\" data-widget_type=\"text-editor.default\">\n\t\t\t\t<div class=\"elementor-widget-container\">\n\t\t\t\t\t\t\t\t\t<p>V\u00fccudumuzdaki ileti\u015fim, alternatif elektromanyetik alanlar\u0131n yard\u0131m\u0131yla ger\u00e7ekle\u015fir. Biyofizik onlara biyofotonlar diyor. T\u00fcm h\u00fccre aktivitelerini kontrol eden ve biyoenerjetik \u00f6z d\u00fczenlemenin temelini destekleyen kablosuz bir bilgi a\u011f\u0131 olarak i\u015flev g\u00f6r\u00fcrler. Bilginin h\u00fccre i\u00e7i ve h\u00fccre d\u0131\u015f\u0131 iletimi biyolojik rezonans etkileri yoluyla ger\u00e7ekle\u015fir.<\/p><p>Biyofotonlar veya alternatif elektromanyetik alanlar organizmada meydana gelen en temel e\u015fle\u015fmelerdir. Biyolojik rezonans etkileri yoluyla t\u00fcm h\u00fccre aktivitelerini kontrol ederler ve biyoenerjetik \u00f6z d\u00fczenlemenin temelini olu\u015ftururlar.<\/p><p>Dr. W. Ludwig taraf\u0131ndan geli\u015ftirilen manyetik alan terapisi cihazlar\u0131, biyolojik rezonans etkileri yaratan alternatif elektromanyetik alanlar \u00fcretir ve b\u00f6ylece d\u00fczenleyici s\u00fcre\u00e7leri biyoenerjetik olarak uyarabilir ve kendi kendini iyile\u015ftirme g\u00fc\u00e7lerini etkinle\u015ftirebilir. Cihazlar, d\u00fc\u015f\u00fck ve y\u00fcksek frekans aral\u0131\u011f\u0131nda (10 MHz&#039;e kadar harmoniklerde) zay\u0131f, h\u0131zla de\u011fi\u015fen elektromanyetik alanlar temelinde \u00e7al\u0131\u015f\u0131r.<\/p>\t\t\t\t\t\t\t\t<\/div>\n\t\t\t\t<\/div>\n\t\t\t\t\t<\/div>\n\t\t<\/div>\n\t\t\t\t\t<\/div>\n\t\t<\/section>\n\t\t\t\t<section class=\"elementor-section elementor-top-section elementor-element elementor-element-b0c4549 elementor-section-boxed elementor-section-height-default elementor-section-height-default\" data-id=\"b0c4549\" data-element_type=\"section\" data-e-type=\"section\">\n\t\t\t\t\t\t<div class=\"elementor-container elementor-column-gap-default\">\n\t\t\t\t\t<div class=\"elementor-column elementor-col-100 elementor-top-column elementor-element elementor-element-57d96ec\" data-id=\"57d96ec\" data-element_type=\"column\" data-e-type=\"column\">\n\t\t\t<div class=\"elementor-widget-wrap elementor-element-populated\">\n\t\t\t\t\t\t<div class=\"elementor-element elementor-element-eefc975 elementor-widget elementor-widget-heading\" data-id=\"eefc975\" data-element_type=\"widget\" data-e-type=\"widget\" data-widget_type=\"heading.default\">\n\t\t\t\t<div class=\"elementor-widget-container\">\n\t\t\t\t\t<h2 class=\"elementor-heading-title elementor-size-default\">Neden Dr. Ludwig&#039;den bir cihaz?<\/h2>\t\t\t\t<\/div>\n\t\t\t\t<\/div>\n\t\t\t\t<div class=\"elementor-element elementor-element-30efbcf elementor-widget elementor-widget-text-editor\" data-id=\"30efbcf\" data-element_type=\"widget\" data-e-type=\"widget\" data-widget_type=\"text-editor.default\">\n\t\t\t\t<div class=\"elementor-widget-container\">\n\t\t\t\t\t\t\t\t\t<p><b>Dr. Ludwig&#039;deki AMS cihazlar\u0131n\u0131n \u00f6zelli\u011fi nedir?<\/b><br \/>Dr. Ludwig, \u00e7evrenin do\u011fal alan\u0131na m\u00fcmk\u00fcn oldu\u011funca benzer, yapay titre\u015fimli bir elektromanyetik alan \u00fcreten cihazlar\u0131n geli\u015ftirilmesi a\u00e7\u0131s\u0131ndan \u00f6nemliydi. V\u00fccudun bu sinyalleri kolayca anlayabilece\u011finden emin olmak istiyordu.<\/p><p>Bu nedenle \u00e7evremizi ve bizi \u00e7evreleyen do\u011fal alanlar\u0131 detayl\u0131 bir \u015fekilde incelemi\u015f ve manyetik alan cihazlar\u0131n\u0131 bu do\u011fal frekanslar\u0131 m\u00fcmk\u00fcn oldu\u011funca do\u011fru bir \u015fekilde \u00fcretecek \u015fekilde tasarlam\u0131\u015ft\u0131r.<\/p><p>Bug\u00fcn bile t\u00fcm cihazlar\u0131m\u0131z Dr. Ludwig spesifikasyonlar\u0131na uygun olarak \u00fcretilmekte ve bu nedenle \u00f6zellikle v\u00fccut taraf\u0131ndan anla\u015f\u0131lmas\u0131 kolay, farkl\u0131 frekanslarda elektromanyetik alanlar \u00fcretmektedir.<\/p><p>Dr. Ludwig&#039;nin cihazlar\u0131n\u0131 geli\u015ftirirken \u00f6zellikle nelere dikkat etti\u011fini ve kapsaml\u0131 bilgisini cihazlar\u0131n geli\u015ftirilmesine nas\u0131l dahil etti\u011fini a\u015fa\u011f\u0131da okuyun.<\/p>\t\t\t\t\t\t\t\t<\/div>\n\t\t\t\t<\/div>\n\t\t\t\t\t<\/div>\n\t\t<\/div>\n\t\t\t\t\t<\/div>\n\t\t<\/section>\n\t\t\t\t<section class=\"elementor-section elementor-top-section elementor-element elementor-element-4851977 elementor-section-boxed elementor-section-height-default elementor-section-height-default\" data-id=\"4851977\" data-element_type=\"section\" data-e-type=\"section\">\n\t\t\t\t\t\t<div class=\"elementor-container elementor-column-gap-default\">\n\t\t\t\t\t<div class=\"elementor-column elementor-col-100 elementor-top-column elementor-element elementor-element-919a965\" data-id=\"919a965\" data-element_type=\"column\" data-e-type=\"column\">\n\t\t\t<div class=\"elementor-widget-wrap elementor-element-populated\">\n\t\t\t\t\t\t<div class=\"elementor-element elementor-element-be0251a elementor-widget elementor-widget-heading\" data-id=\"be0251a\" data-element_type=\"widget\" data-e-type=\"widget\" data-widget_type=\"heading.default\">\n\t\t\t\t<div class=\"elementor-widget-container\">\n\t\t\t\t\t<h2 class=\"elementor-heading-title elementor-size-default\">Titre\u015fen manyetik alanlar<\/h2>\t\t\t\t<\/div>\n\t\t\t\t<\/div>\n\t\t\t\t<div class=\"elementor-element elementor-element-cb3413c elementor-widget elementor-widget-text-editor\" data-id=\"cb3413c\" data-element_type=\"widget\" data-e-type=\"widget\" data-widget_type=\"text-editor.default\">\n\t\t\t\t<div class=\"elementor-widget-container\">\n\t\t\t\t\t\t\t\t\t<p><b>Titre\u015fimli manyetik alanlar\u0131n yararlanabilece\u011fimiz belirli \u00f6zellikleri vard\u0131r. Bu konuda daha fazla bilgiyi a\u015fa\u011f\u0131daki men\u00fc \u00f6\u011felerinde bulabilirsiniz:<\/b><\/p><ul><li>Elektromanyetik alanlarla ilgili baz\u0131 temel bilgiler i\u00e7in fizi\u011fe k\u00fc\u00e7\u00fck bir gezi:<br \/><a class=\"internal-link\" title=\"Dahili ba\u011flant\u0131y\u0131 ge\u00e7erli pencerede a\u00e7ar\" href=\"https:\/\/www.ams-ag.de\/tr\/fizik\/\"><b>fizik<\/b>.<\/a><\/li><li>Fizyolojik \u00e7evresel sinyaller: Schumann, jeom\u0131knat\u0131s ve g\u00fcne\u015f frekanslar\u0131 - bizi do\u011fal olarak \u00e7evreleyen sinyaller:<br \/><a class=\"internal-link\" title=\"Dahili ba\u011flant\u0131y\u0131 ge\u00e7erli pencerede a\u00e7ar\" href=\"https:\/\/www.ams-ag.de\/tr\/cevresel-sinyaller\/\"><b>\u00c7evresel sinyaller<\/b>.<\/a><\/li><li>Fizyolojik olarak etkili manyetik alan cihazlar\u0131n\u0131n kalite \u00f6zellikleri - Cihazlar\u0131n tam etkisini geli\u015ftirebilmesi i\u00e7in manyetik alan g\u00fcc\u00fc ve darbe \u015fekli a\u00e7\u0131s\u0131ndan hangi kriterleri kar\u015f\u0131lamas\u0131 gerekir?<br \/><a class=\"internal-link\" title=\"Dahili ba\u011flant\u0131y\u0131 ge\u00e7erli pencerede a\u00e7ar\" href=\"https:\/\/www.ams-ag.de\/tr\/kalite-oezellikleri\/\"><b>Kalite \u00f6zellikleri<\/b><\/a><\/li><li><a class=\"internal-link\" title=\"Dahili ba\u011flant\u0131y\u0131 ge\u00e7erli pencerede a\u00e7ar\" href=\"https:\/\/www.ams-ag.de\/tr\/frekanslar-ve-olasi-uygulamalar\/\"><b>Frekanslar ve olas\u0131 uygulamalar<\/b><\/a> \u2013 Hangi frekanslar kullan\u0131ma uygundur?<\/li><li><a class=\"internal-link\" title=\"Dahili ba\u011flant\u0131y\u0131 ge\u00e7erli pencerede a\u00e7ar\" href=\"https:\/\/www.ams-ag.de\/tr\/substrat-transferi\/\"><b>Substrat transferi<\/b><\/a> \u2013 Titre\u015fimli manyetik alan\u0131n bilgi aktar\u0131m\u0131 i\u00e7in ta\u015f\u0131ma ray\u0131 olarak kullan\u0131lmas\u0131.<\/li><\/ul>\t\t\t\t\t\t\t\t<\/div>\n\t\t\t\t<\/div>\n\t\t\t\t\t<\/div>\n\t\t<\/div>\n\t\t\t\t\t<\/div>\n\t\t<\/section>\n\t\t\t\t<section class=\"elementor-section elementor-top-section elementor-element elementor-element-141228c elementor-section-boxed elementor-section-height-default elementor-section-height-default\" data-id=\"141228c\" data-element_type=\"section\" data-e-type=\"section\" data-settings=\"{&quot;background_background&quot;:&quot;classic&quot;}\">\n\t\t\t\t\t\t<div class=\"elementor-container elementor-column-gap-default\">\n\t\t\t\t\t<div class=\"elementor-column elementor-col-100 elementor-top-column elementor-element elementor-element-585427f\" data-id=\"585427f\" data-element_type=\"column\" data-e-type=\"column\">\n\t\t\t<div class=\"elementor-widget-wrap elementor-element-populated\">\n\t\t\t\t\t\t<div class=\"elementor-element elementor-element-5653943 elementor-align-right elementor-mobile-align-center elementor-widget elementor-widget-button\" data-id=\"5653943\" data-element_type=\"widget\" data-e-type=\"widget\" data-widget_type=\"button.default\">\n\t\t\t\t<div class=\"elementor-widget-container\">\n\t\t\t\t\t\t\t\t\t<div class=\"elementor-button-wrapper\">\n\t\t\t\t\t<a class=\"elementor-button elementor-button-link elementor-size-sm\" href=\"https:\/\/www.ams-ag.de\/tr\/grundlagen-magnetfeldtherapie\/magnetfeldtherapie-und-bioinformative-medizin\/physik\/\">\n\t\t\t\t\t\t<span class=\"elementor-button-content-wrapper\">\n\t\t\t\t\t\t<span class=\"elementor-button-icon\">\n\t\t\t\t<i aria-hidden=\"true\" class=\"fas fa-arrow-right\"><\/i>\t\t\t<\/span>\n\t\t\t\t\t\t\t\t\t<span class=\"elementor-button-text\">fizik<\/span>\n\t\t\t\t\t<\/span>\n\t\t\t\t\t<\/a>\n\t\t\t\t<\/div>\n\t\t\t\t\t\t\t\t<\/div>\n\t\t\t\t<\/div>\n\t\t\t\t\t<\/div>\n\t\t<\/div>\n\t\t\t\t\t<\/div>\n\t\t<\/section>\n\t\t\t\t<\/div>","protected":false},"excerpt":{"rendered":"<p>Magnetfeldtherapie und Bioinformative Medizin Magnetfeldtherapie &#8211; wof\u00fcr? Was versteht man unter der Magnetfeldtherapie \/ Bioinformativer Medizin Die Magnetfeldtherapie ist daf\u00fcr geeignet, dem K\u00f6rper zur Regulation zu verhelfen. Es geht also [&hellip;]<\/p>\n","protected":false},"author":1,"featured_media":0,"parent":1499,"menu_order":1,"comment_status":"closed","ping_status":"closed","template":"","meta":{"pmpro_default_level":"","footnotes":""},"class_list":["post-1426","page","type-page","status-publish","hentry","pmpro-has-access"],"_links":{"self":[{"href":"https:\/\/www.ams-ag.de\/tr\/wp-json\/wp\/v2\/pages\/1426","targetHints":{"allow":["GET"]}}],"collection":[{"href":"https:\/\/www.ams-ag.de\/tr\/wp-json\/wp\/v2\/pages"}],"about":[{"href":"https:\/\/www.ams-ag.de\/tr\/wp-json\/wp\/v2\/types\/page"}],"author":[{"embeddable":true,"href":"https:\/\/www.ams-ag.de\/tr\/wp-json\/wp\/v2\/users\/1"}],"replies":[{"embeddable":true,"href":"https:\/\/www.ams-ag.de\/tr\/wp-json\/wp\/v2\/comments?post=1426"}],"version-history":[{"count":24,"href":"https:\/\/www.ams-ag.de\/tr\/wp-json\/wp\/v2\/pages\/1426\/revisions"}],"predecessor-version":[{"id":17513,"href":"https:\/\/www.ams-ag.de\/tr\/wp-json\/wp\/v2\/pages\/1426\/revisions\/17513"}],"up":[{"embeddable":true,"href":"https:\/\/www.ams-ag.de\/tr\/wp-json\/wp\/v2\/pages\/1499"}],"wp:attachment":[{"href":"https:\/\/www.ams-ag.de\/tr\/wp-json\/wp\/v2\/media?parent=1426"}],"curies":[{"name":"wp","href":"https:\/\/api.w.org\/{rel}","templated":true}]}}