{"id":1411,"date":"2023-05-01T13:13:20","date_gmt":"2023-05-01T11:13:20","guid":{"rendered":"http:\/\/www.ams-ag.de\/?page_id=1411"},"modified":"2024-04-28T21:32:49","modified_gmt":"2024-04-28T19:32:49","slug":"biz-kimiz","status":"publish","type":"page","link":"https:\/\/www.ams-ag.de\/tr\/ueber-ams\/wer-wir-sind\/","title":{"rendered":"Biz kimiz"},"content":{"rendered":"<div data-elementor-type=\"wp-page\" data-elementor-id=\"1411\" class=\"elementor elementor-1411\" data-elementor-post-type=\"page\">\n\t\t\t\t\t\t<section class=\"elementor-section elementor-top-section elementor-element elementor-element-9d61625 elementor-section-boxed elementor-section-height-default elementor-section-height-default\" data-id=\"9d61625\" data-element_type=\"section\" data-e-type=\"section\" data-settings=\"{&quot;background_background&quot;:&quot;classic&quot;}\">\n\t\t\t\t\t\t<div class=\"elementor-container elementor-column-gap-default\">\n\t\t\t\t\t<div class=\"elementor-column elementor-col-50 elementor-top-column elementor-element elementor-element-7a0cec6\" data-id=\"7a0cec6\" data-element_type=\"column\" data-e-type=\"column\">\n\t\t\t<div class=\"elementor-widget-wrap elementor-element-populated\">\n\t\t\t\t\t\t<div class=\"elementor-element elementor-element-a315795 elementor-widget elementor-widget-image\" data-id=\"a315795\" data-element_type=\"widget\" data-e-type=\"widget\" data-widget_type=\"image.default\">\n\t\t\t\t<div class=\"elementor-widget-container\">\n\t\t\t\t\t\t\t\t\t\t\t\t\t\t\t<img fetchpriority=\"high\" decoding=\"async\" width=\"760\" height=\"760\" src=\"https:\/\/www.ams-ag.de\/wp-content\/uploads\/2024\/01\/ams-team.jpg\" class=\"attachment-medium_large size-medium_large wp-image-14195\" alt=\"\" srcset=\"https:\/\/www.ams-ag.de\/wp-content\/uploads\/2024\/01\/ams-team.jpg 760w, https:\/\/www.ams-ag.de\/wp-content\/uploads\/2024\/01\/ams-team-300x300.jpg 300w, https:\/\/www.ams-ag.de\/wp-content\/uploads\/2024\/01\/ams-team-150x150.jpg 150w, https:\/\/www.ams-ag.de\/wp-content\/uploads\/2024\/01\/ams-team-12x12.jpg 12w\" sizes=\"(max-width: 760px) 100vw, 760px\" \/>\t\t\t\t\t\t\t\t\t\t\t\t\t\t\t<\/div>\n\t\t\t\t<\/div>\n\t\t\t\t\t<\/div>\n\t\t<\/div>\n\t\t\t\t<div class=\"elementor-column elementor-col-50 elementor-top-column elementor-element elementor-element-5a4ae40\" data-id=\"5a4ae40\" data-element_type=\"column\" data-e-type=\"column\">\n\t\t\t<div class=\"elementor-widget-wrap elementor-element-populated\">\n\t\t\t\t\t\t<div class=\"elementor-element elementor-element-02d87ea elementor-widget elementor-widget-heading\" data-id=\"02d87ea\" data-element_type=\"widget\" data-e-type=\"widget\" data-widget_type=\"heading.default\">\n\t\t\t\t<div class=\"elementor-widget-container\">\n\t\t\t\t\t<div class=\"elementor-heading-title elementor-size-default\">Biz kimiz<\/div>\t\t\t\t<\/div>\n\t\t\t\t<\/div>\n\t\t\t\t<div class=\"elementor-element elementor-element-903de9b elementor-widget elementor-widget-heading\" data-id=\"903de9b\" data-element_type=\"widget\" data-e-type=\"widget\" data-widget_type=\"heading.default\">\n\t\t\t\t<div class=\"elementor-widget-container\">\n\t\t\t\t\t<h1 class=\"elementor-heading-title elementor-size-default\">AMS GmbH - Geli\u015fmi\u015f T\u0131bbi Sistemler<\/h1>\t\t\t\t<\/div>\n\t\t\t\t<\/div>\n\t\t\t\t<div class=\"elementor-element elementor-element-18a35dd elementor-widget elementor-widget-text-editor\" data-id=\"18a35dd\" data-element_type=\"widget\" data-e-type=\"widget\" data-widget_type=\"text-editor.default\">\n\t\t\t\t<div class=\"elementor-widget-container\">\n\t\t\t\t\t\t\t\t\tAMS GmbH&#039;nin merkezi Baden-W\u00fcrttemberg&#039;in g\u00fczel Taubertal b\u00f6lgesinde, Bad Mergentheim&#039;\u0131n yakla\u015f\u0131k 10 km do\u011fusunda ve W\u00fcrzburg&#039;un 40 km g\u00fcneyinde Weikersheim&#039;da bulunmaktad\u0131r.\t\t\t\t\t\t\t\t<\/div>\n\t\t\t\t<\/div>\n\t\t\t\t\t<\/div>\n\t\t<\/div>\n\t\t\t\t\t<\/div>\n\t\t<\/section>\n\t\t\t\t<section class=\"elementor-section elementor-top-section elementor-element elementor-element-7f90dfa elementor-section-boxed elementor-section-height-default elementor-section-height-default\" data-id=\"7f90dfa\" data-element_type=\"section\" data-e-type=\"section\">\n\t\t\t\t\t\t<div class=\"elementor-container elementor-column-gap-default\">\n\t\t\t\t\t<div class=\"elementor-column elementor-col-100 elementor-top-column elementor-element elementor-element-98e3270\" data-id=\"98e3270\" data-element_type=\"column\" data-e-type=\"column\">\n\t\t\t<div class=\"elementor-widget-wrap elementor-element-populated\">\n\t\t\t\t\t\t<div class=\"elementor-element elementor-element-5ed91fc1 elementor-widget elementor-widget-text-editor\" data-id=\"5ed91fc1\" data-element_type=\"widget\" data-e-type=\"widget\" data-widget_type=\"text-editor.default\">\n\t\t\t\t<div class=\"elementor-widget-container\">\n\t\t\t\t\t\t\t\t\t<p>\u015eirketimiz biyoenerjetik t\u0131bbi teknolojinin \u00fcretimi ve da\u011f\u0131t\u0131m\u0131n\u0131n yan\u0131 s\u0131ra ara\u015ft\u0131rma ve geli\u015ftirmeyi de temsil etmektedir.<\/p><p><b>Geni\u015f \u00fcr\u00fcn yelpazesi \u015funlar\u0131 i\u00e7erir:<\/b><\/p><ul><li>Manyetik alan terapi cihazlar\u0131<\/li><li>Biyorezonans sistemleri<\/li><li>Titre\u015fimli bir manyetik alanla birle\u015ftirilmi\u015f renkli \u0131\u015f\u0131k ve lazer cihazlar\u0131<\/li><li>E\u015f zamanl\u0131 enerjilendirme ile ters ozmoz yoluyla su ar\u0131tma<\/li><li>\u0130nsanlar ve hayvanlar \u00fczerinde test edilmek ve kullan\u0131lmak \u00fczere biyobilgilerin dijital olarak depolanmas\u0131\/iletilmesi i\u00e7in cihazlar.<\/li><\/ul><p>\u00dcr\u00fcn yelpazemiz, hem \u00f6zel kullan\u0131ma\/evde tedaviye y\u00f6nelik k\u00fc\u00e7\u00fck ve elle tutulan cihazlar\u0131n yan\u0131 s\u0131ra, be\u015feri ve veteriner hekimli\u011fi alanlar\u0131ndaki terapistlere y\u00f6nelik b\u00fcy\u00fck ve pratik cihazlar\u0131 i\u00e7ermektedir.<\/p><p>65&#039;ten fazla \u00fclkede m\u00fc\u015fteri ili\u015fkilerimiz var.<\/p><p>Cihazlar\u0131m\u0131z Almanya&#039;da \u00fcretilmektedir ve baz\u0131lar\u0131 40 y\u0131l\u0131 a\u015fk\u0131n s\u00fcredir piyasadad\u0131r.<\/p><p>Gerekli ara\u015ft\u0131rma ve geli\u015ftirme \u00e7al\u0131\u015fmalar\u0131, AMS GmbH&#039;nin 1998 y\u0131l\u0131nda d\u00fcnyaca \u00fcnl\u00fc biyofizik\u00e7i Dr. rer. nat. W. Ludwig&#039;den devrald\u0131\u011f\u0131 Biyofizik Enstit\u00fcs\u00fc&#039;nde y\u00fcr\u00fct\u00fclmektedir.<\/p><p>\u201cManyetik alan terapisinin babas\u0131\u201d Dr. Ludwig&#039;nin ara\u015ft\u0131rma bulgular\u0131na g\u00f6re, AMS sadece piyasadaki rakiplerine g\u00f6re teknolojik bir avantaja sahip olmakla kalm\u0131yor, ayn\u0131 zamanda AMS, d\u00fcnyada e\u015fi benzeri olmayan ve var olan teknolojik bilgi birikiminin de haklar\u0131na sahip. Dr. Ludwig&#039;nin 30 y\u0131l\u0131 a\u015fk\u0131n s\u00fcredir yo\u011fun ve kapsaml\u0131 ara\u015ft\u0131rma ve geli\u015ftirme \u00e7al\u0131\u015fmalar\u0131.<\/p><p><b>AMS GmbH \u2013 Geli\u015fmi\u015f T\u0131bbi Sistemler<br \/>Hauptstra\u00dfe 26<br \/>97990 Weikersheim<\/b><\/p>\t\t\t\t\t\t\t\t<\/div>\n\t\t\t\t<\/div>\n\t\t\t\t<div class=\"elementor-element elementor-element-35b13e1 elementor-widget elementor-widget-google_maps\" data-id=\"35b13e1\" data-element_type=\"widget\" data-e-type=\"widget\" data-widget_type=\"google_maps.default\">\n\t\t\t\t<div class=\"elementor-widget-container\">\n\t\t\t\t\t\t\t<div class=\"elementor-custom-embed\">\n\t\t\t<iframe loading=\"lazy\"\n\t\t\t\t\tsrc=\"https:\/\/maps.google.com\/maps?q=ams%20gmbh%20weikersheim&#038;t=m&#038;z=10&#038;output=embed&#038;iwloc=near\"\n\t\t\t\t\ttitle=\"ams gmbh weikersheim\"\n\t\t\t\t\taria-label=\"ams gmbh weikersheim\"\n\t\t\t><\/iframe>\n\t\t<\/div>\n\t\t\t\t\t\t<\/div>\n\t\t\t\t<\/div>\n\t\t\t\t\t<\/div>\n\t\t<\/div>\n\t\t\t\t\t<\/div>\n\t\t<\/section>\n\t\t\t\t<section class=\"elementor-section elementor-top-section elementor-element elementor-element-a393b52 elementor-section-boxed elementor-section-height-default elementor-section-height-default\" data-id=\"a393b52\" data-element_type=\"section\" data-e-type=\"section\" data-settings=\"{&quot;background_background&quot;:&quot;classic&quot;}\">\n\t\t\t\t\t\t<div class=\"elementor-container elementor-column-gap-default\">\n\t\t\t\t\t<div class=\"elementor-column elementor-col-100 elementor-top-column elementor-element elementor-element-d6769f8\" data-id=\"d6769f8\" data-element_type=\"column\" data-e-type=\"column\">\n\t\t\t<div class=\"elementor-widget-wrap elementor-element-populated\">\n\t\t\t\t\t\t<div class=\"elementor-element elementor-element-b08bc18 elementor-align-right elementor-mobile-align-center elementor-widget elementor-widget-button\" data-id=\"b08bc18\" data-element_type=\"widget\" data-e-type=\"widget\" data-widget_type=\"button.default\">\n\t\t\t\t<div class=\"elementor-widget-container\">\n\t\t\t\t\t\t\t\t\t<div class=\"elementor-button-wrapper\">\n\t\t\t\t\t<a class=\"elementor-button elementor-button-link elementor-size-sm\" href=\"https:\/\/www.ams-ag.de\/tr\/ueber-ams\/dr-rer-nat-frank-beck\/\">\n\t\t\t\t\t\t<span class=\"elementor-button-content-wrapper\">\n\t\t\t\t\t\t<span class=\"elementor-button-icon\">\n\t\t\t\t<i aria-hidden=\"true\" class=\"fas fa-arrow-right\"><\/i>\t\t\t<\/span>\n\t\t\t\t\t\t\t\t\t<span class=\"elementor-button-text\">Dr. rer. nat. Frank Beck<\/span>\n\t\t\t\t\t<\/span>\n\t\t\t\t\t<\/a>\n\t\t\t\t<\/div>\n\t\t\t\t\t\t\t\t<\/div>\n\t\t\t\t<\/div>\n\t\t\t\t\t<\/div>\n\t\t<\/div>\n\t\t\t\t\t<\/div>\n\t\t<\/section>\n\t\t\t\t<\/div>","protected":false},"excerpt":{"rendered":"<p>Wer wir sind Die AMS GmbH &#8211; Advanced Medical Systems Die AMS GmbH ist ans\u00e4ssig in Weikersheim im sch\u00f6nen Taubertal in Baden-W\u00fcrttemberg, etwa 10 km \u00f6stlich von Bad Mergentheim und [&hellip;]<\/p>\n","protected":false},"author":1,"featured_media":0,"parent":177,"menu_order":1,"comment_status":"closed","ping_status":"closed","template":"","meta":{"pmpro_default_level":"","footnotes":""},"class_list":["post-1411","page","type-page","status-publish","hentry","pmpro-has-access"],"_links":{"self":[{"href":"https:\/\/www.ams-ag.de\/tr\/wp-json\/wp\/v2\/pages\/1411","targetHints":{"allow":["GET"]}}],"collection":[{"href":"https:\/\/www.ams-ag.de\/tr\/wp-json\/wp\/v2\/pages"}],"about":[{"href":"https:\/\/www.ams-ag.de\/tr\/wp-json\/wp\/v2\/types\/page"}],"author":[{"embeddable":true,"href":"https:\/\/www.ams-ag.de\/tr\/wp-json\/wp\/v2\/users\/1"}],"replies":[{"embeddable":true,"href":"https:\/\/www.ams-ag.de\/tr\/wp-json\/wp\/v2\/comments?post=1411"}],"version-history":[{"count":6,"href":"https:\/\/www.ams-ag.de\/tr\/wp-json\/wp\/v2\/pages\/1411\/revisions"}],"predecessor-version":[{"id":15754,"href":"https:\/\/www.ams-ag.de\/tr\/wp-json\/wp\/v2\/pages\/1411\/revisions\/15754"}],"up":[{"embeddable":true,"href":"https:\/\/www.ams-ag.de\/tr\/wp-json\/wp\/v2\/pages\/177"}],"wp:attachment":[{"href":"https:\/\/www.ams-ag.de\/tr\/wp-json\/wp\/v2\/media?parent=1411"}],"curies":[{"name":"wp","href":"https:\/\/api.w.org\/{rel}","templated":true}]}}