{"id":1400,"date":"2023-05-01T13:09:21","date_gmt":"2023-05-01T11:09:21","guid":{"rendered":"http:\/\/www.ams-ag.de\/?page_id=1400"},"modified":"2024-05-07T16:31:27","modified_gmt":"2024-05-07T14:31:27","slug":"ok-sembolue","status":"publish","type":"page","link":"https:\/\/www.ams-ag.de\/tr\/grundlagen-magnetfeldtherapie\/pfeilsymbol\/","title":{"rendered":"Ok sembol\u00fc"},"content":{"rendered":"<div data-elementor-type=\"wp-page\" data-elementor-id=\"1400\" class=\"elementor elementor-1400\" data-elementor-post-type=\"page\">\n\t\t\t\t\t\t<section class=\"elementor-section elementor-top-section elementor-element elementor-element-dd69c20 elementor-section-boxed elementor-section-height-default elementor-section-height-default\" data-id=\"dd69c20\" data-element_type=\"section\" data-e-type=\"section\">\n\t\t\t\t\t\t<div class=\"elementor-container elementor-column-gap-default\">\n\t\t\t\t\t<div class=\"elementor-column elementor-col-100 elementor-top-column elementor-element elementor-element-cc12421\" data-id=\"cc12421\" data-element_type=\"column\" data-e-type=\"column\">\n\t\t\t<div class=\"elementor-widget-wrap elementor-element-populated\">\n\t\t\t\t\t\t<div class=\"elementor-element elementor-element-44754997 elementor-widget elementor-widget-heading\" data-id=\"44754997\" data-element_type=\"widget\" data-e-type=\"widget\" data-widget_type=\"heading.default\">\n\t\t\t\t<div class=\"elementor-widget-container\">\n\t\t\t\t\t<h1 class=\"elementor-heading-title elementor-size-default\">Ok sembol\u00fc<\/h1>\t\t\t\t<\/div>\n\t\t\t\t<\/div>\n\t\t\t\t\t<\/div>\n\t\t<\/div>\n\t\t\t\t\t<\/div>\n\t\t<\/section>\n\t\t\t\t<section class=\"elementor-section elementor-top-section elementor-element elementor-element-db092ed elementor-section-boxed elementor-section-height-default elementor-section-height-default\" data-id=\"db092ed\" data-element_type=\"section\" data-e-type=\"section\">\n\t\t\t\t\t\t<div class=\"elementor-container elementor-column-gap-default\">\n\t\t\t\t\t<div class=\"elementor-column elementor-col-100 elementor-top-column elementor-element elementor-element-c4a6401\" data-id=\"c4a6401\" data-element_type=\"column\" data-e-type=\"column\">\n\t\t\t<div class=\"elementor-widget-wrap elementor-element-populated\">\n\t\t\t\t\t\t<div class=\"elementor-element elementor-element-9aa6a7d elementor-widget elementor-widget-heading\" data-id=\"9aa6a7d\" data-element_type=\"widget\" data-e-type=\"widget\" data-widget_type=\"heading.default\">\n\t\t\t\t<div class=\"elementor-widget-container\">\n\t\t\t\t\t<h2 class=\"elementor-heading-title elementor-size-default\">Dr. Ludwig - ok sembol\u00fc<\/h2>\t\t\t\t<\/div>\n\t\t\t\t<\/div>\n\t\t\t\t<div class=\"elementor-element elementor-element-1cf97f0e elementor-widget elementor-widget-text-editor\" data-id=\"1cf97f0e\" data-element_type=\"widget\" data-e-type=\"widget\" data-widget_type=\"text-editor.default\">\n\t\t\t\t<div class=\"elementor-widget-container\">\n\t\t\t\t\t\t\t\t\t<p>Dr. Ludwig taraf\u0131ndan geli\u015ftirilen cihazlar\u0131 bir bak\u0131\u015fta ok simgesinden tan\u0131yabilirsiniz. Bu sembol, bozulmam\u0131\u015f do\u011fay\u0131 \u00f6rnek alan bir elektromanyetik biyoalan\u0131n yarat\u0131lmas\u0131n\u0131 temsil eder. Tamam\u0131 Dr. Ludwig teknolojisine dayal\u0131, k\u00fc\u00e7\u00fck ve b\u00fcy\u00fck farkl\u0131 cihazlardan olu\u015fan geni\u015f bir \u00fcr\u00fcn yelpazesi sunuyoruz.<\/p>\t\t\t\t\t\t\t\t<\/div>\n\t\t\t\t<\/div>\n\t\t\t\t<div class=\"elementor-element elementor-element-7de9013 elementor-widget elementor-widget-image\" data-id=\"7de9013\" data-element_type=\"widget\" data-e-type=\"widget\" data-widget_type=\"image.default\">\n\t\t\t\t<div class=\"elementor-widget-container\">\n\t\t\t\t\t\t\t\t\t\t\t\t\t\t\t<img decoding=\"async\" width=\"75\" height=\"75\" src=\"https:\/\/www.ams-ag.de\/wp-content\/uploads\/2023\/05\/image-32.jpeg\" class=\"attachment-large size-large wp-image-1730\" alt=\"Dr. Ludwig&#039;nin ok sembol\u00fc\" \/>\t\t\t\t\t\t\t\t\t\t\t\t\t\t\t<\/div>\n\t\t\t\t<\/div>\n\t\t\t\t\t<\/div>\n\t\t<\/div>\n\t\t\t\t\t<\/div>\n\t\t<\/section>\n\t\t\t\t<section class=\"elementor-section elementor-top-section elementor-element elementor-element-d4cbb4a elementor-section-boxed elementor-section-height-default elementor-section-height-default\" data-id=\"d4cbb4a\" data-element_type=\"section\" data-e-type=\"section\">\n\t\t\t\t\t\t<div class=\"elementor-container elementor-column-gap-default\">\n\t\t\t\t\t<div class=\"elementor-column elementor-col-100 elementor-top-column elementor-element elementor-element-fdc414f\" data-id=\"fdc414f\" data-element_type=\"column\" data-e-type=\"column\">\n\t\t\t<div class=\"elementor-widget-wrap elementor-element-populated\">\n\t\t\t\t\t\t<div class=\"elementor-element elementor-element-ead1d37 elementor-widget-divider--view-line elementor-widget elementor-widget-divider\" data-id=\"ead1d37\" data-element_type=\"widget\" data-e-type=\"widget\" data-widget_type=\"divider.default\">\n\t\t\t\t<div class=\"elementor-widget-container\">\n\t\t\t\t\t\t\t<div class=\"elementor-divider\">\n\t\t\t<span class=\"elementor-divider-separator\">\n\t\t\t\t\t\t<\/span>\n\t\t<\/div>\n\t\t\t\t\t\t<\/div>\n\t\t\t\t<\/div>\n\t\t\t\t<div class=\"elementor-element elementor-element-a89db95 elementor-widget elementor-widget-heading\" data-id=\"a89db95\" data-element_type=\"widget\" data-e-type=\"widget\" data-widget_type=\"heading.default\">\n\t\t\t\t<div class=\"elementor-widget-container\">\n\t\t\t\t\t<h2 class=\"elementor-heading-title elementor-size-default\">A\u015fa\u011f\u0131daki kriterler kar\u015f\u0131lanmaktad\u0131r:<\/h2>\t\t\t\t<\/div>\n\t\t\t\t<\/div>\n\t\t\t\t<div class=\"elementor-element elementor-element-c0f6db2 elementor-widget elementor-widget-text-editor\" data-id=\"c0f6db2\" data-element_type=\"widget\" data-e-type=\"widget\" data-widget_type=\"text-editor.default\">\n\t\t\t\t<div class=\"elementor-widget-container\">\n\t\t\t\t\t\t\t\t\t<ul><li>\u00c7e\u015fitli \u00e7evresel sinyallerin \u00fcretilmesi (Schumann, jeomanyetik ve g\u00fcne\u015f frekanslar\u0131)<br \/><a href=\"https:\/\/www.ams-ag.de\/tr\/manyetik-alan-terapisinin-temelleri\/manyetik-alan-terapisi-ve-biyoinformatif-tip\/cevresel-sinyaller\/\"><b>\u00c7evresel sinyaller<\/b><\/a><\/li><li>Kalite \u00f6zelliklerinin dikkate al\u0131nmas\u0131:<br \/><a href=\"https:\/\/www.ams-ag.de\/tr\/manyetik-alan-terapisinin-temelleri\/manyetik-alan-terapisi-ve-biyoinformatif-tip\/kalite-oezellikleri\/\"><b>Kalite \u00f6zellikleri<\/b><\/a><ul><li>Sinyal \u015fekli sinir impulsunun iletimine kar\u015f\u0131l\u0131k gelir.<\/li><li>Yay\u0131lan manyetik alan\u0131n \u015fiddeti cihaza ba\u011fl\u0131 olarak 0,2 \u2013 20 \u00b5Tesla aras\u0131nda de\u011fi\u015fmektedir.<\/li><\/ul><\/li><li>T\u00fcm cihazlar, k\u00fc\u00e7\u00fck cihazlar i\u00e7in \u00f6nceden ayarlanm\u0131\u015f programlardan veya b\u00fcy\u00fck cihazlar i\u00e7in 0,1 - 1000 Hz&#039;lik tam aral\u0131ktan farkl\u0131 frekans se\u00e7eneklerine sahiptir. Ayr\u0131ca, t\u00fcm cihazlar jeomanyetik frekanslar\u0131 ve b\u00fcy\u00fck bir k\u0131sm\u0131n\u0131 g\u00fcne\u015f frekanslar\u0131n\u0131 ve ek olarak 2000 Hz (2 KHz) frekans\u0131 \u00fcretir.<br \/><a href=\"https:\/\/www.ams-ag.de\/tr\/manyetik-alan-terapisinin-temelleri\/manyetik-alan-terapisi-ve-biyoinformatif-tip\/frekanslar-ve-olasi-uygulamalar\/\"><b>frekanslar<\/b><\/a><\/li><li>Cihazlar\u0131n her biri, titre\u015fimli manyetik alan\u0131 arac\u0131l\u0131\u011f\u0131yla eksojen ve endojen bilgilerin substrat aktar\u0131m\u0131 i\u00e7in kullan\u0131labilir.<br \/><a href=\"https:\/\/www.ams-ag.de\/tr\/manyetik-alan-terapisinin-temelleri\/manyetik-alan-terapisi-ve-biyoinformatif-tip\/substrat-transferi\/\"><b>Substrat transferi<\/b><\/a><\/li><\/ul>\t\t\t\t\t\t\t\t<\/div>\n\t\t\t\t<\/div>\n\t\t\t\t\t<\/div>\n\t\t<\/div>\n\t\t\t\t\t<\/div>\n\t\t<\/section>\n\t\t\t\t<section class=\"elementor-section elementor-top-section elementor-element elementor-element-66d8ba8 elementor-section-boxed elementor-section-height-default elementor-section-height-default\" data-id=\"66d8ba8\" data-element_type=\"section\" data-e-type=\"section\" data-settings=\"{&quot;background_background&quot;:&quot;classic&quot;}\">\n\t\t\t\t\t\t<div class=\"elementor-container elementor-column-gap-default\">\n\t\t\t\t\t<div class=\"elementor-column elementor-col-100 elementor-top-column elementor-element elementor-element-56e08a6\" data-id=\"56e08a6\" data-element_type=\"column\" data-e-type=\"column\">\n\t\t\t<div class=\"elementor-widget-wrap elementor-element-populated\">\n\t\t\t\t\t\t<div class=\"elementor-element elementor-element-1904865 elementor-align-right elementor-mobile-align-center elementor-widget elementor-widget-button\" data-id=\"1904865\" data-element_type=\"widget\" data-e-type=\"widget\" data-widget_type=\"button.default\">\n\t\t\t\t<div class=\"elementor-widget-container\">\n\t\t\t\t\t\t\t\t\t<div class=\"elementor-button-wrapper\">\n\t\t\t\t\t<a class=\"elementor-button elementor-button-link elementor-size-sm\" href=\"https:\/\/www.ams-ag.de\/tr\/grundlagen-magnetfeldtherapie\/geschichte-unserer-geraete\/\">\n\t\t\t\t\t\t<span class=\"elementor-button-content-wrapper\">\n\t\t\t\t\t\t<span class=\"elementor-button-icon\">\n\t\t\t\t<i aria-hidden=\"true\" class=\"fas fa-arrow-right\"><\/i>\t\t\t<\/span>\n\t\t\t\t\t\t\t\t\t<span class=\"elementor-button-text\">Cihazlar\u0131m\u0131z\u0131n ge\u00e7mi\u015fi<\/span>\n\t\t\t\t\t<\/span>\n\t\t\t\t\t<\/a>\n\t\t\t\t<\/div>\n\t\t\t\t\t\t\t\t<\/div>\n\t\t\t\t<\/div>\n\t\t\t\t\t<\/div>\n\t\t<\/div>\n\t\t\t\t\t<\/div>\n\t\t<\/section>\n\t\t\t\t<\/div>","protected":false},"excerpt":{"rendered":"<p>Das Pfeilsymbol Dr. Ludwig &#8211; Pfeilsymbol Die von Dr. Ludwig entwickelten Ger\u00e4te erkennen Sie auf einen Blick an dem Pfeilsymbol. Dieses Symbol steht f\u00fcr die Erzeugung eines elektromagnetischen Biofeldes, das [&hellip;]<\/p>\n","protected":false},"author":1,"featured_media":0,"parent":1499,"menu_order":2,"comment_status":"closed","ping_status":"closed","template":"","meta":{"pmpro_default_level":"","footnotes":""},"class_list":["post-1400","page","type-page","status-publish","hentry","pmpro-has-access"],"_links":{"self":[{"href":"https:\/\/www.ams-ag.de\/tr\/wp-json\/wp\/v2\/pages\/1400","targetHints":{"allow":["GET"]}}],"collection":[{"href":"https:\/\/www.ams-ag.de\/tr\/wp-json\/wp\/v2\/pages"}],"about":[{"href":"https:\/\/www.ams-ag.de\/tr\/wp-json\/wp\/v2\/types\/page"}],"author":[{"embeddable":true,"href":"https:\/\/www.ams-ag.de\/tr\/wp-json\/wp\/v2\/users\/1"}],"replies":[{"embeddable":true,"href":"https:\/\/www.ams-ag.de\/tr\/wp-json\/wp\/v2\/comments?post=1400"}],"version-history":[{"count":9,"href":"https:\/\/www.ams-ag.de\/tr\/wp-json\/wp\/v2\/pages\/1400\/revisions"}],"predecessor-version":[{"id":17236,"href":"https:\/\/www.ams-ag.de\/tr\/wp-json\/wp\/v2\/pages\/1400\/revisions\/17236"}],"up":[{"embeddable":true,"href":"https:\/\/www.ams-ag.de\/tr\/wp-json\/wp\/v2\/pages\/1499"}],"wp:attachment":[{"href":"https:\/\/www.ams-ag.de\/tr\/wp-json\/wp\/v2\/media?parent=1400"}],"curies":[{"name":"wp","href":"https:\/\/api.w.org\/{rel}","templated":true}]}}