{"id":1398,"date":"2023-05-01T13:08:29","date_gmt":"2023-05-01T11:08:29","guid":{"rendered":"http:\/\/www.ams-ag.de\/?page_id=1398"},"modified":"2024-05-04T18:04:00","modified_gmt":"2024-05-04T16:04:00","slug":"substrat-transferi","status":"publish","type":"page","link":"https:\/\/www.ams-ag.de\/tr\/grundlagen-magnetfeldtherapie\/magnetfeldtherapie-und-bioinformative-medizin\/substratuebertragung\/","title":{"rendered":"Substrat transferi"},"content":{"rendered":"<div data-elementor-type=\"wp-page\" data-elementor-id=\"1398\" class=\"elementor elementor-1398\" data-elementor-post-type=\"page\">\n\t\t\t\t\t\t<section class=\"elementor-section elementor-top-section elementor-element elementor-element-c1df69a elementor-section-boxed elementor-section-height-default elementor-section-height-default\" data-id=\"c1df69a\" data-element_type=\"section\" data-e-type=\"section\" data-settings=\"{&quot;background_background&quot;:&quot;classic&quot;}\">\n\t\t\t\t\t\t<div class=\"elementor-container elementor-column-gap-default\">\n\t\t\t\t\t<div class=\"elementor-column elementor-col-50 elementor-top-column elementor-element elementor-element-9f1c352\" data-id=\"9f1c352\" data-element_type=\"column\" data-e-type=\"column\">\n\t\t\t<div class=\"elementor-widget-wrap elementor-element-populated\">\n\t\t\t\t\t\t<div class=\"elementor-element elementor-element-c2873ec elementor-widget elementor-widget-image\" data-id=\"c2873ec\" data-element_type=\"widget\" data-e-type=\"widget\" data-widget_type=\"image.default\">\n\t\t\t\t<div class=\"elementor-widget-container\">\n\t\t\t\t\t\t\t\t\t\t\t\t\t\t\t<img fetchpriority=\"high\" decoding=\"async\" width=\"768\" height=\"512\" src=\"https:\/\/www.ams-ag.de\/wp-content\/uploads\/2024\/02\/milada-vigerova-YbiL2tzN_ig-unsplash-768x512.jpg\" class=\"attachment-medium_large size-medium_large wp-image-14412\" alt=\"\" srcset=\"https:\/\/www.ams-ag.de\/wp-content\/uploads\/2024\/02\/milada-vigerova-YbiL2tzN_ig-unsplash-768x512.jpg 768w, https:\/\/www.ams-ag.de\/wp-content\/uploads\/2024\/02\/milada-vigerova-YbiL2tzN_ig-unsplash-300x200.jpg 300w, https:\/\/www.ams-ag.de\/wp-content\/uploads\/2024\/02\/milada-vigerova-YbiL2tzN_ig-unsplash-1536x1024.jpg 1536w, https:\/\/www.ams-ag.de\/wp-content\/uploads\/2024\/02\/milada-vigerova-YbiL2tzN_ig-unsplash-18x12.jpg 18w, https:\/\/www.ams-ag.de\/wp-content\/uploads\/2024\/02\/milada-vigerova-YbiL2tzN_ig-unsplash.jpg 1920w\" sizes=\"(max-width: 768px) 100vw, 768px\" \/>\t\t\t\t\t\t\t\t\t\t\t\t\t\t\t<\/div>\n\t\t\t\t<\/div>\n\t\t\t\t\t<\/div>\n\t\t<\/div>\n\t\t\t\t<div class=\"elementor-column elementor-col-50 elementor-top-column elementor-element elementor-element-0a69ad8\" data-id=\"0a69ad8\" data-element_type=\"column\" data-e-type=\"column\">\n\t\t\t<div class=\"elementor-widget-wrap elementor-element-populated\">\n\t\t\t\t\t\t<div class=\"elementor-element elementor-element-27973f85 elementor-widget elementor-widget-heading\" data-id=\"27973f85\" data-element_type=\"widget\" data-e-type=\"widget\" data-widget_type=\"heading.default\">\n\t\t\t\t<div class=\"elementor-widget-container\">\n\t\t\t\t\t<h1 class=\"elementor-heading-title elementor-size-default\">Substrat transferi<\/h1>\t\t\t\t<\/div>\n\t\t\t\t<\/div>\n\t\t\t\t\t<\/div>\n\t\t<\/div>\n\t\t\t\t\t<\/div>\n\t\t<\/section>\n\t\t\t\t<section class=\"elementor-section elementor-top-section elementor-element elementor-element-63e20c25 elementor-section-boxed elementor-section-height-default elementor-section-height-default\" data-id=\"63e20c25\" data-element_type=\"section\" data-e-type=\"section\">\n\t\t\t\t\t\t<div class=\"elementor-container elementor-column-gap-default\">\n\t\t\t\t\t<div class=\"elementor-column elementor-col-100 elementor-top-column elementor-element elementor-element-56f7f6cb\" data-id=\"56f7f6cb\" data-element_type=\"column\" data-e-type=\"column\">\n\t\t\t<div class=\"elementor-widget-wrap elementor-element-populated\">\n\t\t\t\t\t\t<div class=\"elementor-element elementor-element-faaff3d elementor-widget elementor-widget-heading\" data-id=\"faaff3d\" data-element_type=\"widget\" data-e-type=\"widget\" data-widget_type=\"heading.default\">\n\t\t\t\t<div class=\"elementor-widget-container\">\n\t\t\t\t\t<h2 class=\"elementor-heading-title elementor-size-default\">Substrat bilgilerinin aktar\u0131lmas\u0131<\/h2>\t\t\t\t<\/div>\n\t\t\t\t<\/div>\n\t\t\t\t<div class=\"elementor-element elementor-element-20a33dc2 elementor-widget elementor-widget-text-editor\" data-id=\"20a33dc2\" data-element_type=\"widget\" data-e-type=\"widget\" data-widget_type=\"text-editor.default\">\n\t\t\t\t<div class=\"elementor-widget-container\">\n\t\t\t\t\t\t\t\t\t<p>Manyetik alan terapisini kullan\u0131rken yararlan\u0131labilecek ve yararlan\u0131lmas\u0131 gereken \u00f6zel bir vurgu, substrat bilgilerinin iletilmesidir.<\/p><p>Elektromanyetik dalgalar\u0131n \u00f6zelliklerinden biri de bilgiyi emebilmeleri ve aktarabilmeleridir.<\/p><p>Bu, se\u00e7ilen frekanslar\u0131n her biriyle uygulamaya ek bilgilerin aktar\u0131labilece\u011fi anlam\u0131na gelir.<\/p><p>Elektromanyetik dalga iki \u015fekilde kullan\u0131labilir:<\/p><ul><li>kar\u015f\u0131l\u0131k gelen frekansa sahip saf bir uygulama sinyali olarak<\/li><li>ve ayr\u0131ca ta\u015f\u0131nacak bilgileri i\u00e7eren bir ta\u015f\u0131y\u0131c\u0131 dalga olarak<\/li><\/ul><p>Radyo ve televizyonla ayn\u0131 prensiptir: g\u00f6r\u00fcnt\u00fcleri, sesleri veya bilgileri ileten bir ta\u015f\u0131y\u0131c\u0131 dalga mod\u00fcle edilir.<\/p>\t\t\t\t\t\t\t\t<\/div>\n\t\t\t\t<\/div>\n\t\t\t\t<div class=\"elementor-element elementor-element-7faaee9 elementor-widget-divider--view-line elementor-widget elementor-widget-divider\" data-id=\"7faaee9\" data-element_type=\"widget\" data-e-type=\"widget\" data-widget_type=\"divider.default\">\n\t\t\t\t<div class=\"elementor-widget-container\">\n\t\t\t\t\t\t\t<div class=\"elementor-divider\">\n\t\t\t<span class=\"elementor-divider-separator\">\n\t\t\t\t\t\t<\/span>\n\t\t<\/div>\n\t\t\t\t\t\t<\/div>\n\t\t\t\t<\/div>\n\t\t\t\t<div class=\"elementor-element elementor-element-2fa7bc4 elementor-widget elementor-widget-heading\" data-id=\"2fa7bc4\" data-element_type=\"widget\" data-e-type=\"widget\" data-widget_type=\"heading.default\">\n\t\t\t\t<div class=\"elementor-widget-container\">\n\t\t\t\t\t<h2 class=\"elementor-heading-title elementor-size-default\">Ne aktar\u0131l\u0131yor?<\/h2>\t\t\t\t<\/div>\n\t\t\t\t<\/div>\n\t\t\t\t<div class=\"elementor-element elementor-element-13dea28 elementor-widget elementor-widget-text-editor\" data-id=\"13dea28\" data-element_type=\"widget\" data-e-type=\"widget\" data-widget_type=\"text-editor.default\">\n\t\t\t\t<div class=\"elementor-widget-container\">\n\t\t\t\t\t\t\t\t\t<p>Elektromanyetik dalgalar hem eksojen (yabanc\u0131 cisim) hem de endojen (v\u00fccudun kendi) bilgilerini ta\u015f\u0131yabilir.<\/p>\n<p><b>D\u0131\u015fsal bilgilere \u00f6rnekler:<\/b><\/p>\n<ul>\n<li>titre\u015fim d\u00fczenine dayal\u0131 olarak \u00e7al\u0131\u015fan herhangi bir haz\u0131rl\u0131k<\/li>\n<\/ul>\t\t\t\t\t\t\t\t<\/div>\n\t\t\t\t<\/div>\n\t\t\t\t<section class=\"elementor-section elementor-inner-section elementor-element elementor-element-2ab0770a elementor-section-boxed elementor-section-height-default elementor-section-height-default\" data-id=\"2ab0770a\" data-element_type=\"section\" data-e-type=\"section\">\n\t\t\t\t\t\t<div class=\"elementor-container elementor-column-gap-default\">\n\t\t\t\t\t<div class=\"elementor-column elementor-col-50 elementor-inner-column elementor-element elementor-element-103081d7\" data-id=\"103081d7\" data-element_type=\"column\" data-e-type=\"column\">\n\t\t\t<div class=\"elementor-widget-wrap elementor-element-populated\">\n\t\t\t\t\t\t<div class=\"elementor-element elementor-element-4d03f1e6 elementor-widget elementor-widget-text-editor\" data-id=\"4d03f1e6\" data-element_type=\"widget\" data-e-type=\"widget\" data-widget_type=\"text-editor.default\">\n\t\t\t\t<div class=\"elementor-widget-container\">\n\t\t\t\t\t\t\t\t\t<p><b>Endojen bilgi \u00f6rnekleri:<\/b><\/p><ul><li>t\u00fck\u00fcr\u00fck<\/li><li>salg\u0131<\/li><\/ul><p>Her ta\u015f\u0131nabilir k\u00fc\u00e7\u00fck cihazda, bilgi aktar\u0131m\u0131n\u0131 kullanmak i\u00e7in cam ampul\u00fc tutan bir ampul tutucu bulunur. Bu \u015fekilde eklenen madde se\u00e7ilen manyetik alan frekans\u0131yla iletilir.<\/p>\t\t\t\t\t\t\t\t<\/div>\n\t\t\t\t<\/div>\n\t\t\t\t\t<\/div>\n\t\t<\/div>\n\t\t\t\t<div class=\"elementor-column elementor-col-50 elementor-inner-column elementor-element elementor-element-25f498bb\" data-id=\"25f498bb\" data-element_type=\"column\" data-e-type=\"column\">\n\t\t\t<div class=\"elementor-widget-wrap elementor-element-populated\">\n\t\t\t\t\t\t<div class=\"elementor-element elementor-element-f18ed62 elementor-widget elementor-widget-image\" data-id=\"f18ed62\" data-element_type=\"widget\" data-e-type=\"widget\" data-widget_type=\"image.default\">\n\t\t\t\t<div class=\"elementor-widget-container\">\n\t\t\t\t\t\t\t\t\t\t\t\t\t\t\t<img decoding=\"async\" width=\"800\" height=\"309\" src=\"https:\/\/www.ams-ag.de\/wp-content\/uploads\/2023\/09\/csm_AMS_Metronom_solar_Ampullenhalter_Magnetfeldtherapie.jpg\" class=\"attachment-large size-large wp-image-5520\" alt=\"AMS metronom g\u00fcne\u015f ampul tutucusu\" srcset=\"https:\/\/www.ams-ag.de\/wp-content\/uploads\/2023\/09\/csm_AMS_Metronom_solar_Ampullenhalter_Magnetfeldtherapie.jpg 1024w, https:\/\/www.ams-ag.de\/wp-content\/uploads\/2023\/09\/csm_AMS_Metronom_solar_Ampullenhalter_Magnetfeldtherapie-300x116.jpg 300w, https:\/\/www.ams-ag.de\/wp-content\/uploads\/2023\/09\/csm_AMS_Metronom_solar_Ampullenhalter_Magnetfeldtherapie-768x296.jpg 768w\" sizes=\"(max-width: 800px) 100vw, 800px\" \/>\t\t\t\t\t\t\t\t\t\t\t\t\t\t\t<\/div>\n\t\t\t\t<\/div>\n\t\t\t\t\t<\/div>\n\t\t<\/div>\n\t\t\t\t\t<\/div>\n\t\t<\/section>\n\t\t\t\t<div class=\"elementor-element elementor-element-5f7b3d3 elementor-widget elementor-widget-text-editor\" data-id=\"5f7b3d3\" data-element_type=\"widget\" data-e-type=\"widget\" data-widget_type=\"text-editor.default\">\n\t\t\t\t<div class=\"elementor-widget-container\">\n\t\t\t\t\t\t\t\t\tB\u00fcy\u00fck cihazlarda ayn\u0131 anda birden fazla ampul\u00fcn tutulabilece\u011fi bir kap (MEDICUP) ba\u011flant\u0131s\u0131 bulunur. Bu, ayn\u0131 anda farkl\u0131 bilgilerin iletilmesine olanak sa\u011flar.\t\t\t\t\t\t\t\t<\/div>\n\t\t\t\t<\/div>\n\t\t\t\t<section class=\"elementor-section elementor-inner-section elementor-element elementor-element-5bc833b elementor-section-boxed elementor-section-height-default elementor-section-height-default\" data-id=\"5bc833b\" data-element_type=\"section\" data-e-type=\"section\">\n\t\t\t\t\t\t<div class=\"elementor-container elementor-column-gap-default\">\n\t\t\t\t\t<div class=\"elementor-column elementor-col-50 elementor-inner-column elementor-element elementor-element-aadc9ed\" data-id=\"aadc9ed\" data-element_type=\"column\" data-e-type=\"column\">\n\t\t\t<div class=\"elementor-widget-wrap elementor-element-populated\">\n\t\t\t\t\t\t<div class=\"elementor-element elementor-element-9d3ab2e elementor-widget elementor-widget-text-editor\" data-id=\"9d3ab2e\" data-element_type=\"widget\" data-e-type=\"widget\" data-widget_type=\"text-editor.default\">\n\t\t\t\t<div class=\"elementor-widget-container\">\n\t\t\t\t\t\t\t\t\t<p>Manyetik alan\u0131 kullanarak bilgi aktarmak i\u00e7in, istenen arac\u0131 bir ampule veya cam t\u00fcpe doldurmak en iyisidir - hem s\u0131v\u0131 hem de kat\u0131 form m\u00fcmk\u00fcnd\u00fcr. \u015ei\u015fenin tamam\u0131n\u0131n doldurulmas\u0131na gerek yoktur; t\u00fcp\u00fcn alt k\u0131sm\u0131n\u0131n doldurulmas\u0131 yeterlidir.<\/p><p>Baz\u0131 kullan\u0131c\u0131lar kendi ihtiya\u00e7lar\u0131na g\u00f6re doldurduklar\u0131 cam t\u00fcpleri bir kalem kutusuyla bir araya getiriyorlar (\u00f6rne\u011fin resme bak\u0131n). Bu, en s\u0131k kulland\u0131\u011f\u0131n\u0131z maddelerin her zaman elinizin alt\u0131nda oldu\u011fu anlam\u0131na gelir.<\/p>\t\t\t\t\t\t\t\t<\/div>\n\t\t\t\t<\/div>\n\t\t\t\t\t<\/div>\n\t\t<\/div>\n\t\t\t\t<div class=\"elementor-column elementor-col-50 elementor-inner-column elementor-element elementor-element-08a1cef\" data-id=\"08a1cef\" data-element_type=\"column\" data-e-type=\"column\">\n\t\t\t<div class=\"elementor-widget-wrap elementor-element-populated\">\n\t\t\t\t\t\t<div class=\"elementor-element elementor-element-c5901af elementor-widget elementor-widget-image\" data-id=\"c5901af\" data-element_type=\"widget\" data-e-type=\"widget\" data-widget_type=\"image.default\">\n\t\t\t\t<div class=\"elementor-widget-container\">\n\t\t\t\t\t\t\t\t\t\t\t\t\t\t\t<img decoding=\"async\" width=\"250\" height=\"248\" src=\"https:\/\/www.ams-ag.de\/wp-content\/uploads\/2023\/05\/image-40.jpeg\" class=\"attachment-medium size-medium wp-image-1801\" alt=\"\" srcset=\"https:\/\/www.ams-ag.de\/wp-content\/uploads\/2023\/05\/image-40.jpeg 250w, https:\/\/www.ams-ag.de\/wp-content\/uploads\/2023\/05\/image-40-150x150.jpeg 150w\" sizes=\"(max-width: 250px) 100vw, 250px\" \/>\t\t\t\t\t\t\t\t\t\t\t\t\t\t\t<\/div>\n\t\t\t\t<\/div>\n\t\t\t\t\t<\/div>\n\t\t<\/div>\n\t\t\t\t\t<\/div>\n\t\t<\/section>\n\t\t\t\t\t<\/div>\n\t\t<\/div>\n\t\t\t\t\t<\/div>\n\t\t<\/section>\n\t\t\t\t<section class=\"elementor-section elementor-top-section elementor-element elementor-element-a9e9b67 elementor-section-boxed elementor-section-height-default elementor-section-height-default\" data-id=\"a9e9b67\" data-element_type=\"section\" data-e-type=\"section\" data-settings=\"{&quot;background_background&quot;:&quot;classic&quot;}\">\n\t\t\t\t\t\t<div class=\"elementor-container elementor-column-gap-default\">\n\t\t\t\t\t<div class=\"elementor-column elementor-col-100 elementor-top-column elementor-element elementor-element-a1140c9\" data-id=\"a1140c9\" data-element_type=\"column\" data-e-type=\"column\">\n\t\t\t<div class=\"elementor-widget-wrap elementor-element-populated\">\n\t\t\t\t\t\t<div class=\"elementor-element elementor-element-e62cbdd elementor-align-right elementor-mobile-align-center elementor-widget elementor-widget-button\" data-id=\"e62cbdd\" data-element_type=\"widget\" data-e-type=\"widget\" data-widget_type=\"button.default\">\n\t\t\t\t<div class=\"elementor-widget-container\">\n\t\t\t\t\t\t\t\t\t<div class=\"elementor-button-wrapper\">\n\t\t\t\t\t<a class=\"elementor-button elementor-button-link elementor-size-sm\" href=\"https:\/\/www.ams-ag.de\/tr\/grundlagen-magnetfeldtherapie\/pfeilsymbol\/\">\n\t\t\t\t\t\t<span class=\"elementor-button-content-wrapper\">\n\t\t\t\t\t\t<span class=\"elementor-button-icon\">\n\t\t\t\t<i aria-hidden=\"true\" class=\"fas fa-arrow-right\"><\/i>\t\t\t<\/span>\n\t\t\t\t\t\t\t\t\t<span class=\"elementor-button-text\">Ok sembol\u00fc<\/span>\n\t\t\t\t\t<\/span>\n\t\t\t\t\t<\/a>\n\t\t\t\t<\/div>\n\t\t\t\t\t\t\t\t<\/div>\n\t\t\t\t<\/div>\n\t\t\t\t\t<\/div>\n\t\t<\/div>\n\t\t\t\t\t<\/div>\n\t\t<\/section>\n\t\t\t\t<\/div>","protected":false},"excerpt":{"rendered":"<p>Substrat\u00fcbertragung \u00dcbertragung von Substratinformation Ein besonderes Highlight, das man sich bei der Anwendung der Magnetfeldtherapie zunutze machen kann und sollte, ist die \u00dcbertragung von Substratinformationen. Eine der Eigenschaften von elektromagnetischen [&hellip;]<\/p>\n","protected":false},"author":1,"featured_media":0,"parent":1426,"menu_order":5,"comment_status":"closed","ping_status":"closed","template":"","meta":{"pmpro_default_level":"","footnotes":""},"class_list":["post-1398","page","type-page","status-publish","hentry","pmpro-has-access"],"_links":{"self":[{"href":"https:\/\/www.ams-ag.de\/tr\/wp-json\/wp\/v2\/pages\/1398","targetHints":{"allow":["GET"]}}],"collection":[{"href":"https:\/\/www.ams-ag.de\/tr\/wp-json\/wp\/v2\/pages"}],"about":[{"href":"https:\/\/www.ams-ag.de\/tr\/wp-json\/wp\/v2\/types\/page"}],"author":[{"embeddable":true,"href":"https:\/\/www.ams-ag.de\/tr\/wp-json\/wp\/v2\/users\/1"}],"replies":[{"embeddable":true,"href":"https:\/\/www.ams-ag.de\/tr\/wp-json\/wp\/v2\/comments?post=1398"}],"version-history":[{"count":15,"href":"https:\/\/www.ams-ag.de\/tr\/wp-json\/wp\/v2\/pages\/1398\/revisions"}],"predecessor-version":[{"id":16137,"href":"https:\/\/www.ams-ag.de\/tr\/wp-json\/wp\/v2\/pages\/1398\/revisions\/16137"}],"up":[{"embeddable":true,"href":"https:\/\/www.ams-ag.de\/tr\/wp-json\/wp\/v2\/pages\/1426"}],"wp:attachment":[{"href":"https:\/\/www.ams-ag.de\/tr\/wp-json\/wp\/v2\/media?parent=1398"}],"curies":[{"name":"wp","href":"https:\/\/api.w.org\/{rel}","templated":true}]}}