{"id":1396,"date":"2023-05-01T13:08:03","date_gmt":"2023-05-01T11:08:03","guid":{"rendered":"http:\/\/www.ams-ag.de\/?page_id=1396"},"modified":"2024-05-07T16:29:06","modified_gmt":"2024-05-07T14:29:06","slug":"frekanslar-ve-olasi-uygulamalar","status":"publish","type":"page","link":"https:\/\/www.ams-ag.de\/tr\/grundlagen-magnetfeldtherapie\/magnetfeldtherapie-und-bioinformative-medizin\/frequenzen-und-anwendungsmoeglichkeiten\/","title":{"rendered":"Frekanslar ve olas\u0131 uygulamalar"},"content":{"rendered":"<div data-elementor-type=\"wp-page\" data-elementor-id=\"1396\" class=\"elementor elementor-1396\" data-elementor-post-type=\"page\">\n\t\t\t\t\t\t<section class=\"elementor-section elementor-top-section elementor-element elementor-element-dd3b7bd elementor-section-boxed elementor-section-height-default elementor-section-height-default\" data-id=\"dd3b7bd\" data-element_type=\"section\" data-e-type=\"section\" data-settings=\"{&quot;background_background&quot;:&quot;classic&quot;}\">\n\t\t\t\t\t\t<div class=\"elementor-container elementor-column-gap-default\">\n\t\t\t\t\t<div class=\"elementor-column elementor-col-50 elementor-top-column elementor-element elementor-element-451a6df\" data-id=\"451a6df\" data-element_type=\"column\" data-e-type=\"column\">\n\t\t\t<div class=\"elementor-widget-wrap elementor-element-populated\">\n\t\t\t\t\t\t<div class=\"elementor-element elementor-element-750fb81 elementor-widget elementor-widget-image\" data-id=\"750fb81\" data-element_type=\"widget\" data-e-type=\"widget\" data-widget_type=\"image.default\">\n\t\t\t\t<div class=\"elementor-widget-container\">\n\t\t\t\t\t\t\t\t\t\t\t\t\t\t\t<img fetchpriority=\"high\" decoding=\"async\" width=\"768\" height=\"576\" src=\"https:\/\/www.ams-ag.de\/wp-content\/uploads\/2024\/02\/pexels-luan-rezende-1093161-768x576.jpg\" class=\"attachment-medium_large size-medium_large wp-image-14407\" alt=\"\" srcset=\"https:\/\/www.ams-ag.de\/wp-content\/uploads\/2024\/02\/pexels-luan-rezende-1093161-768x576.jpg 768w, https:\/\/www.ams-ag.de\/wp-content\/uploads\/2024\/02\/pexels-luan-rezende-1093161-300x225.jpg 300w, https:\/\/www.ams-ag.de\/wp-content\/uploads\/2024\/02\/pexels-luan-rezende-1093161-1365x1024.jpg 1365w, https:\/\/www.ams-ag.de\/wp-content\/uploads\/2024\/02\/pexels-luan-rezende-1093161-1536x1152.jpg 1536w, https:\/\/www.ams-ag.de\/wp-content\/uploads\/2024\/02\/pexels-luan-rezende-1093161-16x12.jpg 16w, https:\/\/www.ams-ag.de\/wp-content\/uploads\/2024\/02\/pexels-luan-rezende-1093161.jpg 1920w\" sizes=\"(max-width: 768px) 100vw, 768px\" \/>\t\t\t\t\t\t\t\t\t\t\t\t\t\t\t<\/div>\n\t\t\t\t<\/div>\n\t\t\t\t\t<\/div>\n\t\t<\/div>\n\t\t\t\t<div class=\"elementor-column elementor-col-50 elementor-top-column elementor-element elementor-element-30d22ed\" data-id=\"30d22ed\" data-element_type=\"column\" data-e-type=\"column\">\n\t\t\t<div class=\"elementor-widget-wrap elementor-element-populated\">\n\t\t\t\t\t\t<div class=\"elementor-element elementor-element-41a8966c elementor-widget elementor-widget-heading\" data-id=\"41a8966c\" data-element_type=\"widget\" data-e-type=\"widget\" data-widget_type=\"heading.default\">\n\t\t\t\t<div class=\"elementor-widget-container\">\n\t\t\t\t\t<h1 class=\"elementor-heading-title elementor-size-default\">Frekanslar ve olas\u0131 uygulamalar<\/h1>\t\t\t\t<\/div>\n\t\t\t\t<\/div>\n\t\t\t\t\t<\/div>\n\t\t<\/div>\n\t\t\t\t\t<\/div>\n\t\t<\/section>\n\t\t\t\t<section class=\"elementor-section elementor-top-section elementor-element elementor-element-33692e36 elementor-section-boxed elementor-section-height-default elementor-section-height-default\" data-id=\"33692e36\" data-element_type=\"section\" data-e-type=\"section\">\n\t\t\t\t\t\t<div class=\"elementor-container elementor-column-gap-default\">\n\t\t\t\t\t<div class=\"elementor-column elementor-col-100 elementor-top-column elementor-element elementor-element-2e746f82\" data-id=\"2e746f82\" data-element_type=\"column\" data-e-type=\"column\">\n\t\t\t<div class=\"elementor-widget-wrap elementor-element-populated\">\n\t\t\t\t\t\t<div class=\"elementor-element elementor-element-d2a5aec elementor-widget elementor-widget-heading\" data-id=\"d2a5aec\" data-element_type=\"widget\" data-e-type=\"widget\" data-widget_type=\"heading.default\">\n\t\t\t\t<div class=\"elementor-widget-container\">\n\t\t\t\t\t<h2 class=\"elementor-heading-title elementor-size-default\">D\u00fczenleme yetene\u011fini geli\u015ftirmek<\/h2>\t\t\t\t<\/div>\n\t\t\t\t<\/div>\n\t\t\t\t<div class=\"elementor-element elementor-element-695a6a88 elementor-widget elementor-widget-text-editor\" data-id=\"695a6a88\" data-element_type=\"widget\" data-e-type=\"widget\" data-widget_type=\"text-editor.default\">\n\t\t\t\t<div class=\"elementor-widget-container\">\n\t\t\t\t\t\t\t\t\t<p>Antik \u00e7a\u011flarda bile hastal\u0131klar \u201cmanyetit\u201d (do\u011fal manyetik ta\u015f) ad\u0131 verilen maddelerle ba\u015far\u0131l\u0131 bir \u015fekilde tedavi ediliyordu. Prensip basittir: Manyetik alanlar d\u00fczenleme yetene\u011fini geli\u015ftirebilir ve b\u00f6ylece kendi kendini iyile\u015ftirme g\u00fc\u00e7lerinin etkinle\u015ftirilmesine katk\u0131da bulunabilir.<\/p><p>Frekanslar\u0131n en \u00f6nemlisi olmasa da en \u00f6nemlilerinden biri Schumann frekans spektrumunun ana de\u011feri olan 7,8 Hz de\u011feridir. N\u00f6trd\u00fcr, dengeleyicidir ve konsantrasyonu destekler. Biz buna \u201ciyi hissetme frekans\u0131\u201d diyoruz.<\/p><p><a href=\"https:\/\/www.ams-ag.de\/tr\/manyetik-alan-terapisinin-temelleri\/manyetik-alan-terapisi-ve-biyoinformatif-tip\/cevresel-sinyaller\/#Schumannfrequenz\"><b>Schumann frekans spektrumu<\/b><\/a><\/p>\t\t\t\t\t\t\t\t<\/div>\n\t\t\t\t<\/div>\n\t\t\t\t\t<\/div>\n\t\t<\/div>\n\t\t\t\t\t<\/div>\n\t\t<\/section>\n\t\t\t\t<section class=\"elementor-section elementor-top-section elementor-element elementor-element-65120cdc elementor-section-boxed elementor-section-height-default elementor-section-height-default\" data-id=\"65120cdc\" data-element_type=\"section\" data-e-type=\"section\">\n\t\t\t\t\t\t<div class=\"elementor-container elementor-column-gap-default\">\n\t\t\t\t\t<div class=\"elementor-column elementor-col-100 elementor-top-column elementor-element elementor-element-28b9658c\" data-id=\"28b9658c\" data-element_type=\"column\" data-e-type=\"column\" data-settings=\"{&quot;background_background&quot;:&quot;classic&quot;}\">\n\t\t\t<div class=\"elementor-widget-wrap elementor-element-populated\">\n\t\t\t\t\t\t<div class=\"elementor-element elementor-element-7f3e3c0b elementor-widget elementor-widget-heading\" data-id=\"7f3e3c0b\" data-element_type=\"widget\" data-e-type=\"widget\" data-widget_type=\"heading.default\">\n\t\t\t\t<div class=\"elementor-widget-container\">\n\t\t\t\t\t<h2 class=\"elementor-heading-title elementor-size-default\">\u00c7ift k\u00f6r \u00e7al\u0131\u015fma<\/h2>\t\t\t\t<\/div>\n\t\t\t\t<\/div>\n\t\t\t\t<div class=\"elementor-element elementor-element-1c03cb58 elementor-widget elementor-widget-text-editor\" data-id=\"1c03cb58\" data-element_type=\"widget\" data-e-type=\"widget\" data-widget_type=\"text-editor.default\">\n\t\t\t\t<div class=\"elementor-widget-container\">\n\t\t\t\t\t\t\t\t\t2001 y\u0131l\u0131nda Londra&#039;daki King&#039;s College Hastanesi&#039;nde Dr. Ludwig taraf\u0131ndan geli\u015ftirilen MEDICUR\u00ae ile ger\u00e7ekle\u015ftirilen randomize, plasebo kontroll\u00fc, \u00e7ift k\u00f6r \u00e7al\u0131\u015fma, geleneksel t\u0131bbi kriterlere g\u00f6re diz osteoartritinde 7,8 Hz&#039;nin etkinli\u011fini g\u00f6sterdi. E\u011fer ilgileniyorsan\u0131z, hakemli bir dergide yay\u0131nlanan (\u0130ngilizce) \u00e7al\u0131\u015fmay\u0131 buradan indirebilirsiniz:\t\t\t\t\t\t\t\t<\/div>\n\t\t\t\t<\/div>\n\t\t\t\t<div class=\"elementor-element elementor-element-f254201 elementor-tabs-view-vertical elementor-widget elementor-widget-tabs\" data-id=\"f254201\" data-element_type=\"widget\" data-e-type=\"widget\" data-widget_type=\"tabs.default\">\n\t\t\t\t<div class=\"elementor-widget-container\">\n\t\t\t\t\t\t\t<div class=\"elementor-tabs\">\n\t\t\t<div class=\"elementor-tabs-wrapper\" role=\"tablist\" >\n\t\t\t\t\t\t\t\t\t<div id=\"elementor-tab-title-2541\" class=\"elementor-tab-title elementor-tab-desktop-title\" aria-selected=\"true\" data-tab=\"1\" role=\"tab\" tabindex=\"0\" aria-controls=\"elementor-tab-content-2541\" aria-expanded=\"false\">\u0130ngilizce<\/div>\n\t\t\t\t\t\t\t<\/div>\n\t\t\t<div class=\"elementor-tabs-content-wrapper\" role=\"tablist\" aria-orientation=\"vertical\">\n\t\t\t\t\t\t\t\t\t<div class=\"elementor-tab-title elementor-tab-mobile-title\" aria-selected=\"true\" data-tab=\"1\" role=\"tab\" tabindex=\"0\" aria-controls=\"elementor-tab-content-2541\" aria-expanded=\"false\">\u0130ngilizce<\/div>\n\t\t\t\t\t<div id=\"elementor-tab-content-2541\" class=\"elementor-tab-content elementor-clearfix\" data-tab=\"1\" role=\"tabpanel\" aria-labelledby=\"elementor-tab-title-2541\" tabindex=\"0\" hidden=\"false\"><ul>\n \t<li><strong><a href=\"https:\/\/www.ams-ag.de\/wp-content\/uploads\/2023\/06\/AMS_Doubleblind_study_Medicur.pdf\" target=\"_blank\" rel=\"noopener\">\u00e7ift k\u00f6r \u00e7al\u0131\u015fma MEDICUR\u00ae (100 KB) tr<\/a><\/strong><\/li>\n<\/ul><\/div>\n\t\t\t\t\t\t\t<\/div>\n\t\t<\/div>\n\t\t\t\t\t\t<\/div>\n\t\t\t\t<\/div>\n\t\t\t\t\t<\/div>\n\t\t<\/div>\n\t\t\t\t\t<\/div>\n\t\t<\/section>\n\t\t\t\t<section class=\"elementor-section elementor-top-section elementor-element elementor-element-b7bc0b8 elementor-section-boxed elementor-section-height-default elementor-section-height-default\" data-id=\"b7bc0b8\" data-element_type=\"section\" data-e-type=\"section\">\n\t\t\t\t\t\t<div class=\"elementor-container elementor-column-gap-default\">\n\t\t\t\t\t<div class=\"elementor-column elementor-col-100 elementor-top-column elementor-element elementor-element-42710d07\" data-id=\"42710d07\" data-element_type=\"column\" data-e-type=\"column\">\n\t\t\t<div class=\"elementor-widget-wrap elementor-element-populated\">\n\t\t\t\t\t\t<section class=\"elementor-section elementor-inner-section elementor-element elementor-element-4f5e64a3 elementor-section-boxed elementor-section-height-default elementor-section-height-default\" data-id=\"4f5e64a3\" data-element_type=\"section\" data-e-type=\"section\">\n\t\t\t\t\t\t<div class=\"elementor-container elementor-column-gap-default\">\n\t\t\t\t\t<div class=\"elementor-column elementor-col-100 elementor-inner-column elementor-element elementor-element-6675cf93\" data-id=\"6675cf93\" data-element_type=\"column\" data-e-type=\"column\">\n\t\t\t<div class=\"elementor-widget-wrap elementor-element-populated\">\n\t\t\t\t\t\t<div class=\"elementor-element elementor-element-cab1ce3 elementor-widget elementor-widget-heading\" data-id=\"cab1ce3\" data-element_type=\"widget\" data-e-type=\"widget\" data-widget_type=\"heading.default\">\n\t\t\t\t<div class=\"elementor-widget-container\">\n\t\t\t\t\t<h2 class=\"elementor-heading-title elementor-size-default\">Frekans se\u00e7imi<\/h2>\t\t\t\t<\/div>\n\t\t\t\t<\/div>\n\t\t\t\t<div class=\"elementor-element elementor-element-1b7e305c elementor-widget elementor-widget-text-editor\" data-id=\"1b7e305c\" data-element_type=\"widget\" data-e-type=\"widget\" data-widget_type=\"text-editor.default\">\n\t\t\t\t<div class=\"elementor-widget-container\">\n\t\t\t\t\t\t\t\t\t<p>Uygulama i\u00e7in do\u011fru frekans\u0131 bulmak \u00f6nemlidir. Genel olarak herhangi bir frekans bir uygulama i\u00e7in uygun olabilir. Baz\u0131 frekanslar\u0131n belirli durumlar i\u00e7in yararl\u0131 oldu\u011fu kan\u0131tlanm\u0131\u015ft\u0131r. \u00d6rne\u011fin bir yanda uyar\u0131c\u0131 frekanslar var, di\u011fer yanda daha \u00e7ok rahatlamak i\u00e7in kullan\u0131lan frekanslar var.<\/p><table class=\"contenttable contenttable-0\"><tbody><tr class=\"tr-even tr-0\"><td class=\"td-0\">7,8 Hz<\/td><td class=\"td-1\">dengeleme<\/td><td class=\"td-last td-2\">\u0130yi hissetme s\u0131kl\u0131\u011f\u0131<\/td><\/tr><tr class=\"tr-odd tr-1\"><td class=\"td-0\">33 Hz<\/td><td class=\"td-1\">uyar\u0131c\u0131<\/td><td class=\"td-last td-2\">elektromanyetik kahve<\/td><\/tr><tr class=\"tr-even tr-2\"><td class=\"td-0\">3.0Hz<\/td><td class=\"td-1\">sakinle\u015ftirici<\/td><td class=\"td-last td-2\">elektromanyetik lavanta<\/td><\/tr><tr class=\"tr-odd tr-last\"><td class=\"td-0\">1,2 Hz<\/td><td class=\"td-1\">rahatlat\u0131c\u0131<\/td><td class=\"td-last td-2\">elektroduyarl\u0131l\u0131k i\u00e7in yararl\u0131<\/td><\/tr><\/tbody><\/table>\t\t\t\t\t\t\t\t<\/div>\n\t\t\t\t<\/div>\n\t\t\t\t<div class=\"elementor-element elementor-element-cceb8bf elementor-widget elementor-widget-heading\" data-id=\"cceb8bf\" data-element_type=\"widget\" data-e-type=\"widget\" data-widget_type=\"heading.default\">\n\t\t\t\t<div class=\"elementor-widget-container\">\n\t\t\t\t\t<h2 class=\"elementor-heading-title elementor-size-default\">Dr. Ludwig&#039;den manyetik alan cihazlar\u0131<\/h2>\t\t\t\t<\/div>\n\t\t\t\t<\/div>\n\t\t\t\t<div class=\"elementor-element elementor-element-07c05a2 elementor-widget elementor-widget-text-editor\" data-id=\"07c05a2\" data-element_type=\"widget\" data-e-type=\"widget\" data-widget_type=\"text-editor.default\">\n\t\t\t\t<div class=\"elementor-widget-container\">\n\t\t\t\t\t\t\t\t\t<p>Dr. Ludwig&#039;nin k\u00fc\u00e7\u00fck cihazlar\u0131yla, modele ba\u011fl\u0131 olarak farkl\u0131 \u00f6nceden ayarlanm\u0131\u015f frekanslar se\u00e7ilebilir. Her cihazda Schumann frekans spektrumunun ana de\u011feri olan 7,8 Hz i\u00e7in bir ayar mevcuttur.<\/p>\n<p><a href=\"https:\/\/www.ams-ag.de\/tr\/ueruenler\/ev-malzemeleri\/kuecuek-cihazlar\/\"><b>K\u00fc\u00e7\u00fck ev aletleri<\/b><\/a><\/p>\n<p>T\u00fcm cihazlar ayn\u0131 zamanda daha \u00f6nce a\u00e7\u0131klanan jeomanyetik frekanslar taraf\u0131ndan bilgilendirilen bile\u015fenler de i\u00e7erir, b\u00f6ylece bu bilgiler se\u00e7ilen her frekans\u0131n manyetik alan\u0131yla ta\u015f\u0131n\u0131r.<\/p>\n<p>Baz\u0131 k\u00fc\u00e7\u00fck cihazlar (MEDICUR\u00aepro, METRONOM solar ve METRONOM C) ayr\u0131ca se\u00e7ilen her frekansta a\u015fa\u011f\u0131daki frekans spektrumlar\u0131n\u0131 yayan iki ayr\u0131 bobin i\u00e7erir:<\/p>\n<ul>\n<li>G\u00fcne\u015f frekanslar\u0131<\/li>\n<li>2000Hz (2KHz)<\/li>\n<\/ul>\n<p>MEDICUR\u00aecolor ile elektromanyetik g\u00fcne\u015f frekanslar\u0131 renk se\u00e7imine ba\u011fl\u0131 olarak farkl\u0131 spektrumlarda yay\u0131l\u0131r.<\/p>\n<p>B\u00fcy\u00fck cihazlar 0,1 ila 1000 Hz aras\u0131nda herhangi bir frekans\u0131 ayarlamak i\u00e7in kullan\u0131labilir. Ayr\u0131ca jeomanyetik ve g\u00fcne\u015f frekanslar\u0131 otomatik olarak \u00fcretilir.<\/p>\n<p><a href=\"https:\/\/www.ams-ag.de\/tr\/ueruenler\/terapistler\/bueyuek-cihazlar\/\"><b>B\u00fcy\u00fck aletler<\/b><\/a><\/p>\n<p>Schumann, jeomanyetik ve g\u00fcne\u015f frekanslar\u0131na \u201cbiyolojik standartlar\u201d diyoruz. Bu frekanslar\u0131n tam a\u00e7\u0131klamas\u0131 \u00c7evresel Sinyaller men\u00fc \u00f6\u011fesinde bulunabilir.<\/p>\n<p><a href=\"https:\/\/www.ams-ag.de\/tr\/manyetik-alan-terapisinin-temelleri\/manyetik-alan-terapisi-ve-biyoinformatif-tip\/cevresel-sinyaller\/\"><b>\u00c7evresel sinyaller<\/b><\/a><\/p>\t\t\t\t\t\t\t\t<\/div>\n\t\t\t\t<\/div>\n\t\t\t\t<div class=\"elementor-element elementor-element-afa9feb elementor-widget elementor-widget-heading\" data-id=\"afa9feb\" data-element_type=\"widget\" data-e-type=\"widget\" data-widget_type=\"heading.default\">\n\t\t\t\t<div class=\"elementor-widget-container\">\n\t\t\t\t\t<h2 class=\"elementor-heading-title elementor-size-default\">Bilgi aktar\u0131m\u0131<\/h2>\t\t\t\t<\/div>\n\t\t\t\t<\/div>\n\t\t\t\t<div class=\"elementor-element elementor-element-e47b280 elementor-widget elementor-widget-text-editor\" data-id=\"e47b280\" data-element_type=\"widget\" data-e-type=\"widget\" data-widget_type=\"text-editor.default\">\n\t\t\t\t<div class=\"elementor-widget-container\">\n\t\t\t\t\t\t\t\t\t<p>Elektromanyetik dalgalar\u0131n bir \u00f6zelli\u011fi de bilgiyi absorbe etme ve ta\u015f\u0131ma yetenekleridir. Cihazlar\u0131m\u0131zdan \u00e7\u0131kan elektromanyetik dalga, uygun frekansta saf uygulama sinyali ve ayn\u0131 zamanda ta\u015f\u0131y\u0131c\u0131 dalga olarak da kullan\u0131labilmektedir. Hem eksojen (yabanc\u0131 cisim) hem de endojen (v\u00fccudun kendi) bilgilerini ta\u015f\u0131yabilir.<\/p>\n<p>K\u00fc\u00e7\u00fck cihazlarda bu ama\u00e7 i\u00e7in bir ampul tutucu bulunur. B\u00fcy\u00fck cihazlar, bilgi aktar\u0131m\u0131\/alt tabaka sal\u0131n\u0131m\u0131 i\u00e7in bir kap (MEDICUP) ba\u011flama se\u00e7ene\u011fini sunar.<\/p>\n<p>Substratlar\u0131n ve bilgilerin sal\u0131n\u0131m\u0131n\u0131n neyle ilgili oldu\u011funu buradan okuyabilirsiniz:<\/p>\t\t\t\t\t\t\t\t<\/div>\n\t\t\t\t<\/div>\n\t\t\t\t\t<\/div>\n\t\t<\/div>\n\t\t\t\t\t<\/div>\n\t\t<\/section>\n\t\t\t\t\t<\/div>\n\t\t<\/div>\n\t\t\t\t\t<\/div>\n\t\t<\/section>\n\t\t\t\t<section class=\"elementor-section elementor-top-section elementor-element elementor-element-157b915 elementor-section-boxed elementor-section-height-default elementor-section-height-default\" data-id=\"157b915\" data-element_type=\"section\" data-e-type=\"section\" data-settings=\"{&quot;background_background&quot;:&quot;classic&quot;}\">\n\t\t\t\t\t\t<div class=\"elementor-container elementor-column-gap-default\">\n\t\t\t\t\t<div class=\"elementor-column elementor-col-100 elementor-top-column elementor-element elementor-element-a085a92\" data-id=\"a085a92\" data-element_type=\"column\" data-e-type=\"column\">\n\t\t\t<div class=\"elementor-widget-wrap elementor-element-populated\">\n\t\t\t\t\t\t<div class=\"elementor-element elementor-element-0b3fc97 elementor-align-right elementor-mobile-align-center elementor-widget elementor-widget-button\" data-id=\"0b3fc97\" data-element_type=\"widget\" data-e-type=\"widget\" data-widget_type=\"button.default\">\n\t\t\t\t<div class=\"elementor-widget-container\">\n\t\t\t\t\t\t\t\t\t<div class=\"elementor-button-wrapper\">\n\t\t\t\t\t<a class=\"elementor-button elementor-button-link elementor-size-sm\" href=\"https:\/\/www.ams-ag.de\/tr\/grundlagen-magnetfeldtherapie\/magnetfeldtherapie-und-bioinformative-medizin\/substratuebertragung\/\">\n\t\t\t\t\t\t<span class=\"elementor-button-content-wrapper\">\n\t\t\t\t\t\t<span class=\"elementor-button-icon\">\n\t\t\t\t<i aria-hidden=\"true\" class=\"fas fa-arrow-right\"><\/i>\t\t\t<\/span>\n\t\t\t\t\t\t\t\t\t<span class=\"elementor-button-text\">Substrat transferi<\/span>\n\t\t\t\t\t<\/span>\n\t\t\t\t\t<\/a>\n\t\t\t\t<\/div>\n\t\t\t\t\t\t\t\t<\/div>\n\t\t\t\t<\/div>\n\t\t\t\t\t<\/div>\n\t\t<\/div>\n\t\t\t\t\t<\/div>\n\t\t<\/section>\n\t\t\t\t<\/div>","protected":false},"excerpt":{"rendered":"<p>Frequenzen und Anwendungsm\u00f6glichkeiten Verbesserung der Regulationsf\u00e4higkeit Bereits im Altertum wurden Krankheiten mit sogenanntem &#8222;Magnetit&#8220; (nat\u00fcrlicher Magnet\u00adstein) erfolgreich behandelt. Das Prinzip ist einfach: Magnetfelder k\u00f6nnen die Regulations\u00adf\u00e4higkeit\u00a0verbessern und so zur Aktivierung [&hellip;]<\/p>\n","protected":false},"author":1,"featured_media":0,"parent":1426,"menu_order":4,"comment_status":"closed","ping_status":"closed","template":"","meta":{"pmpro_default_level":"","footnotes":""},"class_list":["post-1396","page","type-page","status-publish","hentry","pmpro-has-access"],"_links":{"self":[{"href":"https:\/\/www.ams-ag.de\/tr\/wp-json\/wp\/v2\/pages\/1396","targetHints":{"allow":["GET"]}}],"collection":[{"href":"https:\/\/www.ams-ag.de\/tr\/wp-json\/wp\/v2\/pages"}],"about":[{"href":"https:\/\/www.ams-ag.de\/tr\/wp-json\/wp\/v2\/types\/page"}],"author":[{"embeddable":true,"href":"https:\/\/www.ams-ag.de\/tr\/wp-json\/wp\/v2\/users\/1"}],"replies":[{"embeddable":true,"href":"https:\/\/www.ams-ag.de\/tr\/wp-json\/wp\/v2\/comments?post=1396"}],"version-history":[{"count":33,"href":"https:\/\/www.ams-ag.de\/tr\/wp-json\/wp\/v2\/pages\/1396\/revisions"}],"predecessor-version":[{"id":17233,"href":"https:\/\/www.ams-ag.de\/tr\/wp-json\/wp\/v2\/pages\/1396\/revisions\/17233"}],"up":[{"embeddable":true,"href":"https:\/\/www.ams-ag.de\/tr\/wp-json\/wp\/v2\/pages\/1426"}],"wp:attachment":[{"href":"https:\/\/www.ams-ag.de\/tr\/wp-json\/wp\/v2\/media?parent=1396"}],"curies":[{"name":"wp","href":"https:\/\/api.w.org\/{rel}","templated":true}]}}