{"id":1390,"date":"2023-05-01T13:06:27","date_gmt":"2023-05-01T11:06:27","guid":{"rendered":"http:\/\/www.ams-ag.de\/?page_id=1390"},"modified":"2024-05-04T17:41:13","modified_gmt":"2024-05-04T15:41:13","slug":"fizik","status":"publish","type":"page","link":"https:\/\/www.ams-ag.de\/tr\/grundlagen-magnetfeldtherapie\/magnetfeldtherapie-und-bioinformative-medizin\/physik\/","title":{"rendered":"fizik"},"content":{"rendered":"<div data-elementor-type=\"wp-page\" data-elementor-id=\"1390\" class=\"elementor elementor-1390\" data-elementor-post-type=\"page\">\n\t\t\t\t\t\t<section class=\"elementor-section elementor-top-section elementor-element elementor-element-0bf3d98 elementor-section-boxed elementor-section-height-default elementor-section-height-default\" data-id=\"0bf3d98\" data-element_type=\"section\" data-e-type=\"section\" data-settings=\"{&quot;background_background&quot;:&quot;classic&quot;}\">\n\t\t\t\t\t\t<div class=\"elementor-container elementor-column-gap-default\">\n\t\t\t\t\t<div class=\"elementor-column elementor-col-50 elementor-top-column elementor-element elementor-element-03f1c4a\" data-id=\"03f1c4a\" data-element_type=\"column\" data-e-type=\"column\">\n\t\t\t<div class=\"elementor-widget-wrap elementor-element-populated\">\n\t\t\t\t\t\t<div class=\"elementor-element elementor-element-39bb046 elementor-widget elementor-widget-image\" data-id=\"39bb046\" data-element_type=\"widget\" data-e-type=\"widget\" data-widget_type=\"image.default\">\n\t\t\t\t<div class=\"elementor-widget-container\">\n\t\t\t\t\t\t\t\t\t\t\t\t\t\t\t<img fetchpriority=\"high\" decoding=\"async\" width=\"768\" height=\"538\" src=\"https:\/\/www.ams-ag.de\/wp-content\/uploads\/2024\/02\/pexels-pixabay-60582-768x538.jpg\" class=\"attachment-medium_large size-medium_large wp-image-14386\" alt=\"\" srcset=\"https:\/\/www.ams-ag.de\/wp-content\/uploads\/2024\/02\/pexels-pixabay-60582-768x538.jpg 768w, https:\/\/www.ams-ag.de\/wp-content\/uploads\/2024\/02\/pexels-pixabay-60582-300x210.jpg 300w, https:\/\/www.ams-ag.de\/wp-content\/uploads\/2024\/02\/pexels-pixabay-60582-1461x1024.jpg 1461w, https:\/\/www.ams-ag.de\/wp-content\/uploads\/2024\/02\/pexels-pixabay-60582-1536x1077.jpg 1536w, https:\/\/www.ams-ag.de\/wp-content\/uploads\/2024\/02\/pexels-pixabay-60582-18x12.jpg 18w, https:\/\/www.ams-ag.de\/wp-content\/uploads\/2024\/02\/pexels-pixabay-60582.jpg 1920w\" sizes=\"(max-width: 768px) 100vw, 768px\" \/>\t\t\t\t\t\t\t\t\t\t\t\t\t\t\t<\/div>\n\t\t\t\t<\/div>\n\t\t\t\t\t<\/div>\n\t\t<\/div>\n\t\t\t\t<div class=\"elementor-column elementor-col-50 elementor-top-column elementor-element elementor-element-6555d40\" data-id=\"6555d40\" data-element_type=\"column\" data-e-type=\"column\">\n\t\t\t<div class=\"elementor-widget-wrap elementor-element-populated\">\n\t\t\t\t\t\t<div class=\"elementor-element elementor-element-4ac6ddc2 elementor-widget elementor-widget-heading\" data-id=\"4ac6ddc2\" data-element_type=\"widget\" data-e-type=\"widget\" data-widget_type=\"heading.default\">\n\t\t\t\t<div class=\"elementor-widget-container\">\n\t\t\t\t\t<h1 class=\"elementor-heading-title elementor-size-default\">Fiziksel<\/br> Temel bilgiler<\/h1>\t\t\t\t<\/div>\n\t\t\t\t<\/div>\n\t\t\t\t\t<\/div>\n\t\t<\/div>\n\t\t\t\t\t<\/div>\n\t\t<\/section>\n\t\t\t\t<section class=\"elementor-section elementor-top-section elementor-element elementor-element-a1fb2f8 elementor-section-boxed elementor-section-height-default elementor-section-height-default\" data-id=\"a1fb2f8\" data-element_type=\"section\" data-e-type=\"section\">\n\t\t\t\t\t\t<div class=\"elementor-container elementor-column-gap-default\">\n\t\t\t\t\t<div class=\"elementor-column elementor-col-100 elementor-top-column elementor-element elementor-element-715ff52\" data-id=\"715ff52\" data-element_type=\"column\" data-e-type=\"column\">\n\t\t\t<div class=\"elementor-widget-wrap elementor-element-populated\">\n\t\t\t\t\t\t<div class=\"elementor-element elementor-element-42cdfd8 elementor-widget elementor-widget-heading\" data-id=\"42cdfd8\" data-element_type=\"widget\" data-e-type=\"widget\" data-widget_type=\"heading.default\">\n\t\t\t\t<div class=\"elementor-widget-container\">\n\t\t\t\t\t<h2 class=\"elementor-heading-title elementor-size-default\">Elektromanyetik alanlar<\/h2>\t\t\t\t<\/div>\n\t\t\t\t<\/div>\n\t\t\t\t<div class=\"elementor-element elementor-element-3c25946 elementor-widget elementor-widget-text-editor\" data-id=\"3c25946\" data-element_type=\"widget\" data-e-type=\"widget\" data-widget_type=\"text-editor.default\">\n\t\t\t\t<div class=\"elementor-widget-container\">\n\t\t\t\t\t\t\t\t\t<p>Bu asl\u0131nda nedir? Peki neredeler?<\/p>\n<p>Evren, t\u00fcm canl\u0131 organizmalar, insanlar, hayvanlar ve bitkiler kat\u0131 maddenin yaln\u0131zca milyarda biri, atom \u00e7ekirde\u011fi ve onlar\u0131 \u00e7evreleyen elektronlardan olu\u015fur. Arada \u201cbo\u015f\u201d g\u00f6r\u00fcnen ama elektromanyetik dalgalarla dolu geni\u015f bir alan var. Bu elektromanyetik alanlar birbirleriyle ve d\u0131\u015f d\u00fcnyayla ileti\u015fim kurar.<\/p>\t\t\t\t\t\t\t\t<\/div>\n\t\t\t\t<\/div>\n\t\t\t\t\t<\/div>\n\t\t<\/div>\n\t\t\t\t\t<\/div>\n\t\t<\/section>\n\t\t\t\t<section class=\"elementor-section elementor-top-section elementor-element elementor-element-78e8d74 elementor-section-boxed elementor-section-height-default elementor-section-height-default\" data-id=\"78e8d74\" data-element_type=\"section\" data-e-type=\"section\">\n\t\t\t\t\t\t<div class=\"elementor-container elementor-column-gap-default\">\n\t\t\t\t\t<div class=\"elementor-column elementor-col-100 elementor-top-column elementor-element elementor-element-ba99030\" data-id=\"ba99030\" data-element_type=\"column\" data-e-type=\"column\">\n\t\t\t<div class=\"elementor-widget-wrap elementor-element-populated\">\n\t\t\t\t\t\t<div class=\"elementor-element elementor-element-5d44fbf elementor-widget elementor-widget-heading\" data-id=\"5d44fbf\" data-element_type=\"widget\" data-e-type=\"widget\" data-widget_type=\"heading.default\">\n\t\t\t\t<div class=\"elementor-widget-container\">\n\t\t\t\t\t<h2 class=\"elementor-heading-title elementor-size-default\">Ara\u015ft\u0131rma<\/h2>\t\t\t\t<\/div>\n\t\t\t\t<\/div>\n\t\t\t\t<div class=\"elementor-element elementor-element-479cd60 elementor-widget elementor-widget-text-editor\" data-id=\"479cd60\" data-element_type=\"widget\" data-e-type=\"widget\" data-widget_type=\"text-editor.default\">\n\t\t\t\t<div class=\"elementor-widget-container\">\n\t\t\t\t\t\t\t\t\t<p>Fizik\u00e7i Dr. W. Ludwig, standart \u00e7al\u0131\u015fmas\u0131 \u201cBilgilendirici T\u0131p\u201dta \u015f\u00f6yle yaz\u0131yor:<\/p><p>\u201cKuantum fizi\u011fi, titre\u015fim kuantumlar\u0131n\u0131n (etkile\u015fim kuantumlar\u0131, \u00f6zellikle de fotonlar) maddeden \u00fcst\u00fcn oldu\u011funu ve onu etkiledi\u011fini kan\u0131tlad\u0131.\u201d<\/p><p>Cenevre yak\u0131nlar\u0131ndaki par\u00e7ac\u0131k h\u0131zland\u0131r\u0131c\u0131 CERN&#039;in Genel M\u00fcd\u00fcr\u00fc, Nobel \u00d6d\u00fcl\u00fc sahibi Carlo Rubia (Nobel \u00d6d\u00fcl\u00fc 1984), bunu \u00e7ok a\u00e7\u0131k bir \u015fekilde ortaya koyuyor: \u201cGenellikle maddeye yaln\u0131zca onu g\u00f6rebildi\u011fimiz ve dokunabildi\u011fimiz i\u00e7in bak\u0131yoruz. Ancak maddeyi bir arada tutan ve kontrol eden etkile\u015fim kuantumlar\u0131 \u00e7ok daha \u00f6nemli.\u201d<\/p><p>Prof. FA Popp&#039;un kapsaml\u0131 deneyleri, \u00f6len bir h\u00fccrenin aniden \u0131\u015f\u0131\u011f\u0131n\u0131 yayd\u0131\u011f\u0131n\u0131 ve mod\u00fcle edilmi\u015f yap\u0131sal bilgiyi mahalleye g\u00f6ndererek ayn\u0131 yap\u0131ya sahip yeni bir h\u00fccrenin ortaya \u00e7\u0131kabilece\u011fini g\u00f6stermeyi ba\u015fard\u0131.<\/p><p>H\u00fccreler \u0131\u015f\u0131k arac\u0131l\u0131\u011f\u0131yla ileti\u015fim kurar; bu \u0131\u015f\u0131\u011fa biyofoton denir. Etkile\u015fim d\u00fczeyi yani biyofoton d\u00fczeyi maddeden \u00fcst\u00fcnd\u00fcr ve onu kontrol eder; dolay\u0131s\u0131yla t\u00fcm ya\u015fam s\u00fcre\u00e7leri biyofotonlar kullan\u0131larak ger\u00e7ekle\u015fir.<\/p>\t\t\t\t\t\t\t\t<\/div>\n\t\t\t\t<\/div>\n\t\t\t\t\t<\/div>\n\t\t<\/div>\n\t\t\t\t\t<\/div>\n\t\t<\/section>\n\t\t\t\t<section class=\"elementor-section elementor-top-section elementor-element elementor-element-e68fd83 elementor-section-boxed elementor-section-height-default elementor-section-height-default\" data-id=\"e68fd83\" data-element_type=\"section\" data-e-type=\"section\">\n\t\t\t\t\t\t<div class=\"elementor-container elementor-column-gap-default\">\n\t\t\t\t\t<div class=\"elementor-column elementor-col-100 elementor-top-column elementor-element elementor-element-3316c51\" data-id=\"3316c51\" data-element_type=\"column\" data-e-type=\"column\">\n\t\t\t<div class=\"elementor-widget-wrap elementor-element-populated\">\n\t\t\t\t\t\t<div class=\"elementor-element elementor-element-617d23e elementor-widget elementor-widget-heading\" data-id=\"617d23e\" data-element_type=\"widget\" data-e-type=\"widget\" data-widget_type=\"heading.default\">\n\t\t\t\t<div class=\"elementor-widget-container\">\n\t\t\t\t\t<h2 class=\"elementor-heading-title elementor-size-default\">Dr. W. Ludwig<\/h2>\t\t\t\t<\/div>\n\t\t\t\t<\/div>\n\t\t\t\t<div class=\"elementor-element elementor-element-4ace5f8 elementor-widget elementor-widget-text-editor\" data-id=\"4ace5f8\" data-element_type=\"widget\" data-e-type=\"widget\" data-widget_type=\"text-editor.default\">\n\t\t\t\t<div class=\"elementor-widget-container\">\n\t\t\t\t\t\t\t\t\t<p>Dr. W. Ludwig (1927 \u2013 2004), v\u00fccut taraf\u0131ndan anla\u015f\u0131labilecek elektromanyetik dalgalar \u00fcretecek bir cihaz kullanmay\u0131 ama\u00e7lad\u0131. Bozulmam\u0131\u015f do\u011fay\u0131 \u00f6rnek almal\u0131lar. V\u00fccudun reaksiyonunu tetiklemenin tek yolu budur. Bu y\u00fczden bizi \u00e7evreleyen fizyolojik \u00e7evresel sinyalleri (Schumann frekans\u0131, jeomanyetik ve g\u00fcne\u015f frekanslar\u0131) inceledi. Doktora tezinde elektromanyetik alanlar\u0131n sinir sistemi \u00fczerindeki etkisine odakland\u0131.<\/p>\t\t\t\t\t\t\t\t<\/div>\n\t\t\t\t<\/div>\n\t\t\t\t\t<\/div>\n\t\t<\/div>\n\t\t\t\t\t<\/div>\n\t\t<\/section>\n\t\t\t\t<section class=\"elementor-section elementor-top-section elementor-element elementor-element-e554997 elementor-section-boxed elementor-section-height-default elementor-section-height-default\" data-id=\"e554997\" data-element_type=\"section\" data-e-type=\"section\" data-settings=\"{&quot;background_background&quot;:&quot;classic&quot;}\">\n\t\t\t\t\t\t<div class=\"elementor-container elementor-column-gap-default\">\n\t\t\t\t\t<div class=\"elementor-column elementor-col-100 elementor-top-column elementor-element elementor-element-b1c07e6\" data-id=\"b1c07e6\" data-element_type=\"column\" data-e-type=\"column\">\n\t\t\t<div class=\"elementor-widget-wrap elementor-element-populated\">\n\t\t\t\t\t\t<div class=\"elementor-element elementor-element-0a85bab elementor-align-right elementor-mobile-align-center elementor-widget elementor-widget-button\" data-id=\"0a85bab\" data-element_type=\"widget\" data-e-type=\"widget\" data-widget_type=\"button.default\">\n\t\t\t\t<div class=\"elementor-widget-container\">\n\t\t\t\t\t\t\t\t\t<div class=\"elementor-button-wrapper\">\n\t\t\t\t\t<a class=\"elementor-button elementor-button-link elementor-size-sm\" href=\"https:\/\/www.ams-ag.de\/tr\/grundlagen-magnetfeldtherapie\/magnetfeldtherapie-und-bioinformative-medizin\/umweltsignale\/\">\n\t\t\t\t\t\t<span class=\"elementor-button-content-wrapper\">\n\t\t\t\t\t\t<span class=\"elementor-button-icon\">\n\t\t\t\t<i aria-hidden=\"true\" class=\"fas fa-arrow-right\"><\/i>\t\t\t<\/span>\n\t\t\t\t\t\t\t\t\t<span class=\"elementor-button-text\">\u00c7evresel sinyaller<\/span>\n\t\t\t\t\t<\/span>\n\t\t\t\t\t<\/a>\n\t\t\t\t<\/div>\n\t\t\t\t\t\t\t\t<\/div>\n\t\t\t\t<\/div>\n\t\t\t\t\t<\/div>\n\t\t<\/div>\n\t\t\t\t\t<\/div>\n\t\t<\/section>\n\t\t\t\t<\/div>","protected":false},"excerpt":{"rendered":"<p>Physikalische Grundlagen Elektromagnetische Felder Was ist das eigentlich? Und wo befinden sie sich? Der Kosmos, alle lebenden Organismen, Menschen, Tiere und Pflanzen bestehen nur aus einem milliardsten Teil fester Materie, [&hellip;]<\/p>\n","protected":false},"author":1,"featured_media":0,"parent":1426,"menu_order":1,"comment_status":"closed","ping_status":"closed","template":"","meta":{"pmpro_default_level":"","footnotes":""},"class_list":["post-1390","page","type-page","status-publish","hentry","pmpro-has-access"],"_links":{"self":[{"href":"https:\/\/www.ams-ag.de\/tr\/wp-json\/wp\/v2\/pages\/1390","targetHints":{"allow":["GET"]}}],"collection":[{"href":"https:\/\/www.ams-ag.de\/tr\/wp-json\/wp\/v2\/pages"}],"about":[{"href":"https:\/\/www.ams-ag.de\/tr\/wp-json\/wp\/v2\/types\/page"}],"author":[{"embeddable":true,"href":"https:\/\/www.ams-ag.de\/tr\/wp-json\/wp\/v2\/users\/1"}],"replies":[{"embeddable":true,"href":"https:\/\/www.ams-ag.de\/tr\/wp-json\/wp\/v2\/comments?post=1390"}],"version-history":[{"count":12,"href":"https:\/\/www.ams-ag.de\/tr\/wp-json\/wp\/v2\/pages\/1390\/revisions"}],"predecessor-version":[{"id":16111,"href":"https:\/\/www.ams-ag.de\/tr\/wp-json\/wp\/v2\/pages\/1390\/revisions\/16111"}],"up":[{"embeddable":true,"href":"https:\/\/www.ams-ag.de\/tr\/wp-json\/wp\/v2\/pages\/1426"}],"wp:attachment":[{"href":"https:\/\/www.ams-ag.de\/tr\/wp-json\/wp\/v2\/media?parent=1390"}],"curies":[{"name":"wp","href":"https:\/\/api.w.org\/{rel}","templated":true}]}}