{"id":1381,"date":"2023-04-30T12:25:53","date_gmt":"2023-04-30T10:25:53","guid":{"rendered":"http:\/\/www.ams-ag.de\/?page_id=1381"},"modified":"2024-10-16T17:24:37","modified_gmt":"2024-10-16T15:24:37","slug":"kiralama","status":"publish","type":"page","link":"https:\/\/www.ams-ag.de\/tr\/informationen\/leasing\/","title":{"rendered":"kiralama"},"content":{"rendered":"<div data-elementor-type=\"wp-page\" data-elementor-id=\"1381\" class=\"elementor elementor-1381\" data-elementor-post-type=\"page\">\n\t\t\t\t\t\t<section class=\"elementor-section elementor-top-section elementor-element elementor-element-aa8963d elementor-section-boxed elementor-section-height-default elementor-section-height-default\" data-id=\"aa8963d\" data-element_type=\"section\" data-e-type=\"section\">\n\t\t\t\t\t\t<div class=\"elementor-container elementor-column-gap-default\">\n\t\t\t\t\t<div class=\"elementor-column elementor-col-100 elementor-top-column elementor-element elementor-element-12974f4\" data-id=\"12974f4\" data-element_type=\"column\" data-e-type=\"column\">\n\t\t\t<div class=\"elementor-widget-wrap elementor-element-populated\">\n\t\t\t\t\t\t<div class=\"elementor-element elementor-element-5212f198 elementor-widget elementor-widget-heading\" data-id=\"5212f198\" data-element_type=\"widget\" data-e-type=\"widget\" data-widget_type=\"heading.default\">\n\t\t\t\t<div class=\"elementor-widget-container\">\n\t\t\t\t\t<h1 class=\"elementor-heading-title elementor-size-default\">kiralama<\/h1>\t\t\t\t<\/div>\n\t\t\t\t<\/div>\n\t\t\t\t\t<\/div>\n\t\t<\/div>\n\t\t\t\t\t<\/div>\n\t\t<\/section>\n\t\t\t\t<section class=\"elementor-section elementor-top-section elementor-element elementor-element-6ea29ae elementor-section-boxed elementor-section-height-default elementor-section-height-default\" data-id=\"6ea29ae\" data-element_type=\"section\" data-e-type=\"section\">\n\t\t\t\t\t\t<div class=\"elementor-container elementor-column-gap-default\">\n\t\t\t\t\t<div class=\"elementor-column elementor-col-100 elementor-top-column elementor-element elementor-element-3f65530\" data-id=\"3f65530\" data-element_type=\"column\" data-e-type=\"column\">\n\t\t\t<div class=\"elementor-widget-wrap elementor-element-populated\">\n\t\t\t\t\t\t<div class=\"elementor-element elementor-element-9940405 elementor-widget elementor-widget-heading\" data-id=\"9940405\" data-element_type=\"widget\" data-e-type=\"widget\" data-widget_type=\"heading.default\">\n\t\t\t\t<div class=\"elementor-widget-container\">\n\t\t\t\t\t<h2 class=\"elementor-heading-title elementor-size-default\">Size \u00f6zel teklifimiz<\/h2>\t\t\t\t<\/div>\n\t\t\t\t<\/div>\n\t\t\t\t<div class=\"elementor-element elementor-element-b4a0c7 elementor-widget elementor-widget-text-editor\" data-id=\"b4a0c7\" data-element_type=\"widget\" data-e-type=\"widget\" data-widget_type=\"text-editor.default\">\n\t\t\t\t<div class=\"elementor-widget-container\">\n\t\t\t\t\t\t\t\t\t<p>Bazen durum \u015f\u00f6yledir: \u0130stenilen sat\u0131n alma i\u00e7in gereken para bir anda toplanamaz.<\/p>\n<p>Ama endi\u015felenmeyin:<br>\nGeni\u015f ve pratik ekipmanlar\u0131m\u0131z i\u00e7in size, ihtiya\u00e7lar\u0131n\u0131za g\u00f6re \u00f6zel olarak tasarlanm\u0131\u015f bir finansman modeli sunuyoruz.<\/p>\n<p>Bir yandan bizimle taksitli \u00f6deme yapmay\u0131 kabul edebilir, ayn\u0131 zamanda bizimle avantajl\u0131 bir kiralama s\u00f6zle\u015fmesi imzalaman\u0131z da m\u00fcmk\u00fcnd\u00fcr. AMS GmbH sizin do\u011frudan s\u00f6zle\u015fme orta\u011f\u0131n\u0131zd\u0131r.<\/p>\n<p>Bununla AMS, mali krize ve doktorlar\u0131n ve alternatif pratisyenlerin y\u00f6netilebilir bir yat\u0131r\u0131m \u00e7er\u00e7evesi i\u00e7inde gerekli yeni yarat\u0131mlar\u0131 finanse edebilmelerini giderek zorla\u015ft\u0131ran kat\u0131 bankac\u0131l\u0131k politikas\u0131na tepki g\u00f6steriyor.<\/p>\t\t\t\t\t\t\t\t<\/div>\n\t\t\t\t<\/div>\n\t\t\t\t\t<\/div>\n\t\t<\/div>\n\t\t\t\t\t<\/div>\n\t\t<\/section>\n\t\t\t\t<section class=\"elementor-section elementor-top-section elementor-element elementor-element-51bc432 elementor-section-boxed elementor-section-height-default elementor-section-height-default\" data-id=\"51bc432\" data-element_type=\"section\" data-e-type=\"section\">\n\t\t\t\t\t\t<div class=\"elementor-container elementor-column-gap-default\">\n\t\t\t\t\t<div class=\"elementor-column elementor-col-100 elementor-top-column elementor-element elementor-element-3aad000\" data-id=\"3aad000\" data-element_type=\"column\" data-e-type=\"column\">\n\t\t\t<div class=\"elementor-widget-wrap elementor-element-populated\">\n\t\t\t\t\t\t<div class=\"elementor-element elementor-element-ff0d5aa elementor-widget elementor-widget-heading\" data-id=\"ff0d5aa\" data-element_type=\"widget\" data-e-type=\"widget\" data-widget_type=\"heading.default\">\n\t\t\t\t<div class=\"elementor-widget-container\">\n\t\t\t\t\t<h2 class=\"elementor-heading-title elementor-size-default\">Ko\u015fullar<\/h2>\t\t\t\t<\/div>\n\t\t\t\t<\/div>\n\t\t\t\t<div class=\"elementor-element elementor-element-9045e8c elementor-widget elementor-widget-text-editor\" data-id=\"9045e8c\" data-element_type=\"widget\" data-e-type=\"widget\" data-widget_type=\"text-editor.default\">\n\t\t\t\t<div class=\"elementor-widget-container\">\n\t\t\t\t\t\t\t\t\t<p><b>Leasing s\u00f6zle\u015fmesi a\u015fa\u011f\u0131daki \u015fartlara dayanmaktad\u0131r:<\/b><\/p><ul><li>Minimum sipari\u015f de\u011feri: 2000 \u20ac<br \/>(Bu, birden fazla k\u00fc\u00e7\u00fck cihaz\u0131n \u201cpaket halinde\u201d kiralanabilece\u011fi anlam\u0131na gelir.)<\/li><li>Sat\u0131n alma bedelinin 20% tutar\u0131nda depozito (\u00f6zel kira \u00f6demesi) yap\u0131l\u0131r.<\/li><li>48 ay vadeli ayl\u0131k kiralama faizi halihaz\u0131rda 2,3% (1 Ekim 2016 itibar\u0131yla) faiz oran\u0131 ile hesaplanmaktad\u0131r. Bu elbette t\u00fcm d\u00f6nem boyunca garantilidir. Talep edilmesi halinde vade, uygun \u015fekilde ayarlanm\u0131\u015f bir faiz oran\u0131yla 36, 54 veya 60 ay \u00fczerinden de kararla\u015ft\u0131r\u0131labilir.<\/li><li>S\u00f6zle\u015fmenin imzaland\u0131\u011f\u0131 g\u00fcn faiz oran\u0131 seviyesinde \u00f6nemli bir de\u011fi\u015fiklik olmas\u0131 durumunda, kiralama fakt\u00f6r\u00fc buna g\u00f6re ayarlanacakt\u0131r.<\/li><\/ul>\t\t\t\t\t\t\t\t<\/div>\n\t\t\t\t<\/div>\n\t\t\t\t\t<\/div>\n\t\t<\/div>\n\t\t\t\t\t<\/div>\n\t\t<\/section>\n\t\t\t\t<section class=\"elementor-section elementor-top-section elementor-element elementor-element-ef18b62 elementor-section-boxed elementor-section-height-default elementor-section-height-default\" data-id=\"ef18b62\" data-element_type=\"section\" data-e-type=\"section\">\n\t\t\t\t\t\t<div class=\"elementor-container elementor-column-gap-default\">\n\t\t\t\t\t<div class=\"elementor-column elementor-col-100 elementor-top-column elementor-element elementor-element-1295a4f\" data-id=\"1295a4f\" data-element_type=\"column\" data-e-type=\"column\">\n\t\t\t<div class=\"elementor-widget-wrap elementor-element-populated\">\n\t\t\t\t\t\t<div class=\"elementor-element elementor-element-624a12f elementor-widget elementor-widget-heading\" data-id=\"624a12f\" data-element_type=\"widget\" data-e-type=\"widget\" data-widget_type=\"heading.default\">\n\t\t\t\t<div class=\"elementor-widget-container\">\n\t\t\t\t\t<h2 class=\"elementor-heading-title elementor-size-default\">\u00d6rnek<\/h2>\t\t\t\t<\/div>\n\t\t\t\t<\/div>\n\t\t\t\t<div class=\"elementor-element elementor-element-d1672a9 elementor-widget elementor-widget-text-editor\" data-id=\"d1672a9\" data-element_type=\"widget\" data-e-type=\"widget\" data-widget_type=\"text-editor.default\">\n\t\t\t\t<div class=\"elementor-widget-container\">\n\t\t\t\t\t\t\t\t\t<p><b>Ayl\u0131k kiralama oran\u0131n\u0131n hesaplanmas\u0131na \u00f6rnek:<\/b><br \/>Tahmini sat\u0131n alma fiyat\u0131: 4.000 \u20ac<\/p><ul><li>S\u00f6zle\u015fmenin imzalanmas\u0131 \u00fczerine \u00f6zel kira \u00f6demesi: 800 \u20ac<\/li><li>Ayl\u0131k kiralama oran\u0131 (tam amortisman): 2,3% x 3.200 \u20ac, sonu\u00e7 olarak 73,60 \u20ac<\/li><\/ul><p>T\u00fcm fiyatlara 19% KDV dahil de\u011fildir.<\/p><p>Kusursuz bir kredi notu elbette bir \u00f6n ko\u015fuldur.<br \/>S\u00fcre sonunda cihaz, kalan de\u011feri \u00f6denerek iade edilebilir veya teslim al\u0131nabilir.<\/p><p>AMS ile aran\u0131zdaki kiralama s\u00f6zle\u015fmesi sayesinde hi\u00e7bir gizli maliyet (bir defaya mahsus i\u015flem \u00fccreti gibi) olu\u015fmaz.<\/p>\t\t\t\t\t\t\t\t<\/div>\n\t\t\t\t<\/div>\n\t\t\t\t\t<\/div>\n\t\t<\/div>\n\t\t\t\t\t<\/div>\n\t\t<\/section>\n\t\t\t\t<section class=\"elementor-section elementor-top-section elementor-element elementor-element-1283af4 elementor-section-boxed elementor-section-height-default elementor-section-height-default\" data-id=\"1283af4\" data-element_type=\"section\" data-e-type=\"section\" data-settings=\"{&quot;background_background&quot;:&quot;classic&quot;}\">\n\t\t\t\t\t\t<div class=\"elementor-container elementor-column-gap-default\">\n\t\t\t\t\t<div class=\"elementor-column elementor-col-100 elementor-top-column elementor-element elementor-element-5532bed\" data-id=\"5532bed\" data-element_type=\"column\" data-e-type=\"column\">\n\t\t\t<div class=\"elementor-widget-wrap elementor-element-populated\">\n\t\t\t\t\t\t<div class=\"elementor-element elementor-element-923e69a elementor-widget elementor-widget-heading\" data-id=\"923e69a\" data-element_type=\"widget\" data-e-type=\"widget\" data-widget_type=\"heading.default\">\n\t\t\t\t<div class=\"elementor-widget-container\">\n\t\t\t\t\t<h2 class=\"elementor-heading-title elementor-size-default\">\u0130leti\u015fime ge\u00e7in<\/h2>\t\t\t\t<\/div>\n\t\t\t\t<\/div>\n\t\t\t\t<div class=\"elementor-element elementor-element-f5f7287 elementor-widget elementor-widget-text-editor\" data-id=\"f5f7287\" data-element_type=\"widget\" data-e-type=\"widget\" data-widget_type=\"text-editor.default\">\n\t\t\t\t<div class=\"elementor-widget-container\">\n\t\t\t\t\t\t\t\t\t<p>Bu konuda herhangi bir sorunuz varsa bizi aray\u0131n. Size yard\u0131mc\u0131 olmaktan mutluluk duyuyoruz.<br \/><b><\/b><\/p>\t\t\t\t\t\t\t\t<\/div>\n\t\t\t\t<\/div>\n\t\t\t\t<div class=\"elementor-element elementor-element-b42ffce elementor-widget-divider--view-line elementor-widget elementor-widget-divider\" data-id=\"b42ffce\" data-element_type=\"widget\" data-e-type=\"widget\" data-widget_type=\"divider.default\">\n\t\t\t\t<div class=\"elementor-widget-container\">\n\t\t\t\t\t\t\t<div class=\"elementor-divider\">\n\t\t\t<span class=\"elementor-divider-separator\">\n\t\t\t\t\t\t<\/span>\n\t\t<\/div>\n\t\t\t\t\t\t<\/div>\n\t\t\t\t<\/div>\n\t\t\t\t<div class=\"elementor-element elementor-element-2904701 elementor-widget__width-initial elementor-widget elementor-widget-text-editor\" data-id=\"2904701\" data-element_type=\"widget\" data-e-type=\"widget\" data-widget_type=\"text-editor.default\">\n\t\t\t\t<div class=\"elementor-widget-container\">\n\t\t\t\t\t\t\t\t\t<p><strong>Geli\u015fmi\u015f T\u0131bbi Sistemler GmbH (AMS)<\/strong><br \/>Hauptstra\u00dfe 26<br \/>D-97990 Weikersheim<\/p>\t\t\t\t\t\t\t\t<\/div>\n\t\t\t\t<\/div>\n\t\t\t\t<div class=\"elementor-element elementor-element-73076bd elementor-widget__width-initial elementor-widget elementor-widget-text-editor\" data-id=\"73076bd\" data-element_type=\"widget\" data-e-type=\"widget\" data-widget_type=\"text-editor.default\">\n\t\t\t\t<div class=\"elementor-widget-container\">\n\t\t\t\t\t\t\t\t\t<p>Telefon: <a href=\"tel:+4979349934890\" target=\"_blank\" rel=\"noopener\"><b>+49 7934 993489-0<\/b><\/a><br \/>Faks: +49 7934 993489-44<br \/>E-posta: <a class=\"mail\" title=\"E-posta g\u00f6ndermek i\u00e7in pencereyi a\u00e7ar\" href=\"mailto:info@ams-ag.de\"><b>info@ams-ag.de<\/b><\/a><\/p>\t\t\t\t\t\t\t\t<\/div>\n\t\t\t\t<\/div>\n\t\t\t\t<div class=\"elementor-element elementor-element-8bc473a elementor-widget__width-initial elementor-widget elementor-widget-text-editor\" data-id=\"8bc473a\" data-element_type=\"widget\" data-e-type=\"widget\" data-widget_type=\"text-editor.default\">\n\t\t\t\t<div class=\"elementor-widget-container\">\n\t\t\t\t\t\t\t\t\t<p><b>\u00c7al\u0131\u015fma saatleri:<br><\/b>Pazartesi-Per\u015fembe 08:00 - 17:00 CET<br>Cuma 8:00 - 14:30 CET<\/p>\t\t\t\t\t\t\t\t<\/div>\n\t\t\t\t<\/div>\n\t\t\t\t<div class=\"elementor-element elementor-element-2db3c9a elementor-widget-divider--view-line elementor-widget elementor-widget-divider\" data-id=\"2db3c9a\" data-element_type=\"widget\" data-e-type=\"widget\" data-widget_type=\"divider.default\">\n\t\t\t\t<div class=\"elementor-widget-container\">\n\t\t\t\t\t\t\t<div class=\"elementor-divider\">\n\t\t\t<span class=\"elementor-divider-separator\">\n\t\t\t\t\t\t<\/span>\n\t\t<\/div>\n\t\t\t\t\t\t<\/div>\n\t\t\t\t<\/div>\n\t\t\t\t<div class=\"elementor-element elementor-element-ebbc769 elementor-align-left elementor-widget__width-auto elementor-widget-tablet__width-inherit elementor-widget elementor-widget-button\" data-id=\"ebbc769\" data-element_type=\"widget\" data-e-type=\"widget\" data-widget_type=\"button.default\">\n\t\t\t\t<div class=\"elementor-widget-container\">\n\t\t\t\t\t\t\t\t\t<div class=\"elementor-button-wrapper\">\n\t\t\t\t\t<a class=\"elementor-button elementor-button-link elementor-size-sm\" href=\"https:\/\/www.ams-ag.de\/tr\/temas-etmek\/geri-arama-tarihi\/\">\n\t\t\t\t\t\t<span class=\"elementor-button-content-wrapper\">\n\t\t\t\t\t\t<span class=\"elementor-button-icon\">\n\t\t\t\t<i aria-hidden=\"true\" class=\"fas fa-phone\"><\/i>\t\t\t<\/span>\n\t\t\t\t\t\t\t\t\t<span class=\"elementor-button-text\">Geri arama tarihi<\/span>\n\t\t\t\t\t<\/span>\n\t\t\t\t\t<\/a>\n\t\t\t\t<\/div>\n\t\t\t\t\t\t\t\t<\/div>\n\t\t\t\t<\/div>\n\t\t\t\t<div class=\"elementor-element elementor-element-3d6863f elementor-align-left elementor-widget__width-auto elementor-widget elementor-widget-button\" data-id=\"3d6863f\" data-element_type=\"widget\" data-e-type=\"widget\" data-widget_type=\"button.default\">\n\t\t\t\t<div class=\"elementor-widget-container\">\n\t\t\t\t\t\t\t\t\t<div class=\"elementor-button-wrapper\">\n\t\t\t\t\t<a class=\"elementor-button elementor-button-link elementor-size-sm\" href=\"https:\/\/www.ams-ag.de\/tr\/temas-etmek\/bilgi-materyali\/\">\n\t\t\t\t\t\t<span class=\"elementor-button-content-wrapper\">\n\t\t\t\t\t\t<span class=\"elementor-button-icon\">\n\t\t\t\t<i aria-hidden=\"true\" class=\"fas fa-file-alt\"><\/i>\t\t\t<\/span>\n\t\t\t\t\t\t\t\t\t<span class=\"elementor-button-text\">Bilgi materyali sipari\u015f edin<\/span>\n\t\t\t\t\t<\/span>\n\t\t\t\t\t<\/a>\n\t\t\t\t<\/div>\n\t\t\t\t\t\t\t\t<\/div>\n\t\t\t\t<\/div>\n\t\t\t\t<div class=\"elementor-element elementor-element-c661d02 elementor-align-left elementor-widget__width-auto elementor-widget elementor-widget-button\" data-id=\"c661d02\" data-element_type=\"widget\" data-e-type=\"widget\" data-widget_type=\"button.default\">\n\t\t\t\t<div class=\"elementor-widget-container\">\n\t\t\t\t\t\t\t\t\t<div class=\"elementor-button-wrapper\">\n\t\t\t\t\t<a class=\"elementor-button elementor-button-link elementor-size-sm\" href=\"https:\/\/www.ams-ag.de\/tr\/temas-etmek\/giris-iste\/\">\n\t\t\t\t\t\t<span class=\"elementor-button-content-wrapper\">\n\t\t\t\t\t\t<span class=\"elementor-button-icon\">\n\t\t\t\t<i aria-hidden=\"true\" class=\"fas fa-user\"><\/i>\t\t\t<\/span>\n\t\t\t\t\t\t\t\t\t<span class=\"elementor-button-text\">Giri\u015f iste<\/span>\n\t\t\t\t\t<\/span>\n\t\t\t\t\t<\/a>\n\t\t\t\t<\/div>\n\t\t\t\t\t\t\t\t<\/div>\n\t\t\t\t<\/div>\n\t\t\t\t<div class=\"elementor-element elementor-element-7ae93d0 elementor-align-left elementor-widget__width-auto elementor-widget elementor-widget-button\" data-id=\"7ae93d0\" data-element_type=\"widget\" data-e-type=\"widget\" data-widget_type=\"button.default\">\n\t\t\t\t<div class=\"elementor-widget-container\">\n\t\t\t\t\t\t\t\t\t<div class=\"elementor-button-wrapper\">\n\t\t\t\t\t<a class=\"elementor-button elementor-button-link elementor-size-sm\" href=\"https:\/\/www.ams-ag.de\/tr\/temas-etmek\/bueltene-abone-olun\/\">\n\t\t\t\t\t\t<span class=\"elementor-button-content-wrapper\">\n\t\t\t\t\t\t<span class=\"elementor-button-icon\">\n\t\t\t\t<i aria-hidden=\"true\" class=\"fas fa-envelope\"><\/i>\t\t\t<\/span>\n\t\t\t\t\t\t\t\t\t<span class=\"elementor-button-text\">B\u00fcltene abone olun<\/span>\n\t\t\t\t\t<\/span>\n\t\t\t\t\t<\/a>\n\t\t\t\t<\/div>\n\t\t\t\t\t\t\t\t<\/div>\n\t\t\t\t<\/div>\n\t\t\t\t\t<\/div>\n\t\t<\/div>\n\t\t\t\t\t<\/div>\n\t\t<\/section>\n\t\t\t\t<section class=\"elementor-section elementor-top-section elementor-element elementor-element-d9d4e1e elementor-section-boxed elementor-section-height-default elementor-section-height-default\" data-id=\"d9d4e1e\" data-element_type=\"section\" data-e-type=\"section\" data-settings=\"{&quot;background_background&quot;:&quot;classic&quot;}\">\n\t\t\t\t\t\t<div class=\"elementor-container elementor-column-gap-default\">\n\t\t\t\t\t<div class=\"elementor-column elementor-col-100 elementor-top-column elementor-element elementor-element-424ff3a\" data-id=\"424ff3a\" data-element_type=\"column\" data-e-type=\"column\">\n\t\t\t<div class=\"elementor-widget-wrap elementor-element-populated\">\n\t\t\t\t\t\t<div class=\"elementor-element elementor-element-3add3b4 elementor-align-right elementor-mobile-align-center elementor-widget elementor-widget-button\" data-id=\"3add3b4\" data-element_type=\"widget\" data-e-type=\"widget\" data-widget_type=\"button.default\">\n\t\t\t\t<div class=\"elementor-widget-container\">\n\t\t\t\t\t\t\t\t\t<div class=\"elementor-button-wrapper\">\n\t\t\t\t\t<a class=\"elementor-button elementor-button-link elementor-size-sm\" href=\"https:\/\/www.ams-ag.de\/tr\/ueber-ams\/\">\n\t\t\t\t\t\t<span class=\"elementor-button-content-wrapper\">\n\t\t\t\t\t\t<span class=\"elementor-button-icon\">\n\t\t\t\t<i aria-hidden=\"true\" class=\"fas fa-arrow-right\"><\/i>\t\t\t<\/span>\n\t\t\t\t\t\t\t\t\t<span class=\"elementor-button-text\">AMS arac\u0131l\u0131\u011f\u0131yla<\/span>\n\t\t\t\t\t<\/span>\n\t\t\t\t\t<\/a>\n\t\t\t\t<\/div>\n\t\t\t\t\t\t\t\t<\/div>\n\t\t\t\t<\/div>\n\t\t\t\t\t<\/div>\n\t\t<\/div>\n\t\t\t\t\t<\/div>\n\t\t<\/section>\n\t\t\t\t<\/div>","protected":false},"excerpt":{"rendered":"<p>Leasing Unser Angebot f\u00fcr Sie Manchmal ist es einfach so: Das Geld f\u00fcr die gew\u00fcnschte Anschaffung kann nicht auf einen Schlag aufgebracht werden. Doch keine Sorge: F\u00fcr den Bereich unserer [&hellip;]<\/p>\n","protected":false},"author":1,"featured_media":0,"parent":12743,"menu_order":8,"comment_status":"closed","ping_status":"closed","template":"","meta":{"pmpro_default_level":"","footnotes":""},"class_list":["post-1381","page","type-page","status-publish","hentry","pmpro-has-access"],"_links":{"self":[{"href":"https:\/\/www.ams-ag.de\/tr\/wp-json\/wp\/v2\/pages\/1381","targetHints":{"allow":["GET"]}}],"collection":[{"href":"https:\/\/www.ams-ag.de\/tr\/wp-json\/wp\/v2\/pages"}],"about":[{"href":"https:\/\/www.ams-ag.de\/tr\/wp-json\/wp\/v2\/types\/page"}],"author":[{"embeddable":true,"href":"https:\/\/www.ams-ag.de\/tr\/wp-json\/wp\/v2\/users\/1"}],"replies":[{"embeddable":true,"href":"https:\/\/www.ams-ag.de\/tr\/wp-json\/wp\/v2\/comments?post=1381"}],"version-history":[{"count":16,"href":"https:\/\/www.ams-ag.de\/tr\/wp-json\/wp\/v2\/pages\/1381\/revisions"}],"predecessor-version":[{"id":19619,"href":"https:\/\/www.ams-ag.de\/tr\/wp-json\/wp\/v2\/pages\/1381\/revisions\/19619"}],"up":[{"embeddable":true,"href":"https:\/\/www.ams-ag.de\/tr\/wp-json\/wp\/v2\/pages\/12743"}],"wp:attachment":[{"href":"https:\/\/www.ams-ag.de\/tr\/wp-json\/wp\/v2\/media?parent=1381"}],"curies":[{"name":"wp","href":"https:\/\/api.w.org\/{rel}","templated":true}]}}