{"id":12743,"date":"2023-12-20T14:12:48","date_gmt":"2023-12-20T13:12:48","guid":{"rendered":"http:\/\/www.ams-ag.de\/?page_id=12743"},"modified":"2024-11-02T01:26:35","modified_gmt":"2024-11-02T00:26:35","slug":"bilgi","status":"publish","type":"page","link":"https:\/\/www.ams-ag.de\/tr\/informationen\/","title":{"rendered":"bilgi"},"content":{"rendered":"<div data-elementor-type=\"wp-page\" data-elementor-id=\"12743\" class=\"elementor elementor-12743\" data-elementor-post-type=\"page\">\n\t\t\t\t\t\t<section class=\"elementor-section elementor-top-section elementor-element elementor-element-bcce8dc elementor-section-boxed elementor-section-height-default elementor-section-height-default\" data-id=\"bcce8dc\" data-element_type=\"section\" data-e-type=\"section\">\n\t\t\t\t\t\t<div class=\"elementor-container elementor-column-gap-default\">\n\t\t\t\t\t<div class=\"elementor-column elementor-col-100 elementor-top-column elementor-element elementor-element-642d8f3\" data-id=\"642d8f3\" data-element_type=\"column\" data-e-type=\"column\">\n\t\t\t<div class=\"elementor-widget-wrap elementor-element-populated\">\n\t\t\t\t\t\t<div class=\"elementor-element elementor-element-6f195d8 elementor-widget elementor-widget-heading\" data-id=\"6f195d8\" data-element_type=\"widget\" data-e-type=\"widget\" data-widget_type=\"heading.default\">\n\t\t\t\t<div class=\"elementor-widget-container\">\n\t\t\t\t\t<h1 class=\"elementor-heading-title elementor-size-default\">bilgi<\/h1>\t\t\t\t<\/div>\n\t\t\t\t<\/div>\n\t\t\t\t<div class=\"elementor-element elementor-element-76a77216 elementor-widget elementor-widget-text-editor\" data-id=\"76a77216\" data-element_type=\"widget\" data-e-type=\"widget\" data-widget_type=\"text-editor.default\">\n\t\t\t\t<div class=\"elementor-widget-container\">\n\t\t\t\t\t\t\t\t\t<p>Bu kategoriyi sizin i\u00e7in bilgilerle doldurduk.<\/p>\n<p><b>Nerede? Ne zaman? DS\u00d6? Ne?<\/b><\/p>\n<p>Bir fuarda bizi ve cihazlar\u0131m\u0131z\u0131 tan\u0131mak veya seminerlerimizden birine kat\u0131lmak istiyorsan\u0131z do\u011fru yere geldiniz. Veya cihazlar\u0131m\u0131zla \u00e7al\u0131\u015fan bir terapist ar\u0131yorsan\u0131z.<br>Bunu ve daha fazlas\u0131n\u0131 a\u015fa\u011f\u0131da bulabilirsiniz.<\/p>\t\t\t\t\t\t\t\t<\/div>\n\t\t\t\t<\/div>\n\t\t\t\t\t<\/div>\n\t\t<\/div>\n\t\t\t\t\t<\/div>\n\t\t<\/section>\n\t\t\t\t<section class=\"elementor-section elementor-top-section elementor-element elementor-element-09d4bbc elementor-section-boxed elementor-section-height-default elementor-section-height-default\" data-id=\"09d4bbc\" data-element_type=\"section\" data-e-type=\"section\" data-settings=\"{&quot;background_background&quot;:&quot;classic&quot;}\">\n\t\t\t\t\t\t<div class=\"elementor-container elementor-column-gap-default\">\n\t\t\t\t\t<div class=\"elementor-column elementor-col-100 elementor-top-column elementor-element elementor-element-d100ed7\" data-id=\"d100ed7\" data-element_type=\"column\" data-e-type=\"column\">\n\t\t\t<div class=\"elementor-widget-wrap elementor-element-populated\">\n\t\t\t\t\t\t<div class=\"elementor-element elementor-element-a5af06f elementor-widget elementor-widget-heading\" data-id=\"a5af06f\" data-element_type=\"widget\" data-e-type=\"widget\" data-widget_type=\"heading.default\">\n\t\t\t\t<div class=\"elementor-widget-container\">\n\t\t\t\t\t<h2 class=\"elementor-heading-title elementor-size-default\">\u0130leti\u015fime ge\u00e7in<\/h2>\t\t\t\t<\/div>\n\t\t\t\t<\/div>\n\t\t\t\t<div class=\"elementor-element elementor-element-d261596 elementor-widget elementor-widget-text-editor\" data-id=\"d261596\" data-element_type=\"widget\" data-e-type=\"widget\" data-widget_type=\"text-editor.default\">\n\t\t\t\t<div class=\"elementor-widget-container\">\n\t\t\t\t\t\t\t\t\t<p>Ek bilgi veya tavsiyeye ihtiyac\u0131n\u0131z varsa bizimle ileti\u015fime ge\u00e7in. Sorular\u0131n\u0131z\u0131 bizzat telefonda sorman\u0131z yeterli. Veya bize bir e-posta yaz\u0131n.<\/p><p>Sizin i\u00e7in orada olmaktan mutluluk duyuyoruz.<\/p>\t\t\t\t\t\t\t\t<\/div>\n\t\t\t\t<\/div>\n\t\t\t\t<div class=\"elementor-element elementor-element-ee5e693 elementor-widget-divider--view-line elementor-widget elementor-widget-divider\" data-id=\"ee5e693\" data-element_type=\"widget\" data-e-type=\"widget\" data-widget_type=\"divider.default\">\n\t\t\t\t<div class=\"elementor-widget-container\">\n\t\t\t\t\t\t\t<div class=\"elementor-divider\">\n\t\t\t<span class=\"elementor-divider-separator\">\n\t\t\t\t\t\t<\/span>\n\t\t<\/div>\n\t\t\t\t\t\t<\/div>\n\t\t\t\t<\/div>\n\t\t\t\t<div class=\"elementor-element elementor-element-33d980f elementor-widget__width-initial elementor-widget elementor-widget-text-editor\" data-id=\"33d980f\" data-element_type=\"widget\" data-e-type=\"widget\" data-widget_type=\"text-editor.default\">\n\t\t\t\t<div class=\"elementor-widget-container\">\n\t\t\t\t\t\t\t\t\t<p><strong>Geli\u015fmi\u015f T\u0131bbi Sistemler GmbH (AMS)<\/strong><br \/>Hauptstra\u00dfe 26<br \/>D-97990 Weikersheim<\/p>\t\t\t\t\t\t\t\t<\/div>\n\t\t\t\t<\/div>\n\t\t\t\t<div class=\"elementor-element elementor-element-1be7878 elementor-widget__width-initial elementor-widget elementor-widget-text-editor\" data-id=\"1be7878\" data-element_type=\"widget\" data-e-type=\"widget\" data-widget_type=\"text-editor.default\">\n\t\t\t\t<div class=\"elementor-widget-container\">\n\t\t\t\t\t\t\t\t\t<p>Telefon: <a href=\"tel:+4979349934890\" target=\"_blank\" rel=\"noopener\"><b>+49 7934 993489-0<\/b><\/a><br>\nFaks: +49 7934 993489-44<br>\nE-posta: <a class=\"mail\" title=\"E-posta g\u00f6ndermek i\u00e7in pencereyi a\u00e7ar\" href=\"mailto:info@ams-ag.de\"><b>info@ams-ag.de<\/b><\/a><\/p>\t\t\t\t\t\t\t\t<\/div>\n\t\t\t\t<\/div>\n\t\t\t\t<div class=\"elementor-element elementor-element-7362b0b elementor-widget__width-initial elementor-widget elementor-widget-text-editor\" data-id=\"7362b0b\" data-element_type=\"widget\" data-e-type=\"widget\" data-widget_type=\"text-editor.default\">\n\t\t\t\t<div class=\"elementor-widget-container\">\n\t\t\t\t\t\t\t\t\t<p><b>\u00c7al\u0131\u015fma saatleri:<br \/><\/b>Pazartesi-Per\u015fembe 08:00 - 17:00 CET<br \/>Cuma 8:00 - 14:30 CET<\/p>\t\t\t\t\t\t\t\t<\/div>\n\t\t\t\t<\/div>\n\t\t\t\t<div class=\"elementor-element elementor-element-ff3a6f2 elementor-widget-divider--view-line elementor-widget elementor-widget-divider\" data-id=\"ff3a6f2\" data-element_type=\"widget\" data-e-type=\"widget\" data-widget_type=\"divider.default\">\n\t\t\t\t<div class=\"elementor-widget-container\">\n\t\t\t\t\t\t\t<div class=\"elementor-divider\">\n\t\t\t<span class=\"elementor-divider-separator\">\n\t\t\t\t\t\t<\/span>\n\t\t<\/div>\n\t\t\t\t\t\t<\/div>\n\t\t\t\t<\/div>\n\t\t\t\t<div class=\"elementor-element elementor-element-3f76b96 elementor-align-left elementor-widget__width-auto elementor-widget-tablet__width-inherit elementor-widget elementor-widget-button\" data-id=\"3f76b96\" data-element_type=\"widget\" data-e-type=\"widget\" data-widget_type=\"button.default\">\n\t\t\t\t<div class=\"elementor-widget-container\">\n\t\t\t\t\t\t\t\t\t<div class=\"elementor-button-wrapper\">\n\t\t\t\t\t<a class=\"elementor-button elementor-button-link elementor-size-sm\" href=\"https:\/\/www.ams-ag.de\/tr\/temas-etmek\/geri-arama-tarihi\/\">\n\t\t\t\t\t\t<span class=\"elementor-button-content-wrapper\">\n\t\t\t\t\t\t<span class=\"elementor-button-icon\">\n\t\t\t\t<i aria-hidden=\"true\" class=\"fas fa-phone\"><\/i>\t\t\t<\/span>\n\t\t\t\t\t\t\t\t\t<span class=\"elementor-button-text\">Geri arama tarihi<\/span>\n\t\t\t\t\t<\/span>\n\t\t\t\t\t<\/a>\n\t\t\t\t<\/div>\n\t\t\t\t\t\t\t\t<\/div>\n\t\t\t\t<\/div>\n\t\t\t\t<div class=\"elementor-element elementor-element-215835c elementor-align-left elementor-widget__width-auto elementor-widget elementor-widget-button\" data-id=\"215835c\" data-element_type=\"widget\" data-e-type=\"widget\" data-widget_type=\"button.default\">\n\t\t\t\t<div class=\"elementor-widget-container\">\n\t\t\t\t\t\t\t\t\t<div class=\"elementor-button-wrapper\">\n\t\t\t\t\t<a class=\"elementor-button elementor-button-link elementor-size-sm\" href=\"https:\/\/www.ams-ag.de\/tr\/temas-etmek\/bilgi-materyali\/\">\n\t\t\t\t\t\t<span class=\"elementor-button-content-wrapper\">\n\t\t\t\t\t\t<span class=\"elementor-button-icon\">\n\t\t\t\t<i aria-hidden=\"true\" class=\"fas fa-file-alt\"><\/i>\t\t\t<\/span>\n\t\t\t\t\t\t\t\t\t<span class=\"elementor-button-text\">Bilgi materyali sipari\u015f edin<\/span>\n\t\t\t\t\t<\/span>\n\t\t\t\t\t<\/a>\n\t\t\t\t<\/div>\n\t\t\t\t\t\t\t\t<\/div>\n\t\t\t\t<\/div>\n\t\t\t\t<div class=\"elementor-element elementor-element-54a5c89 elementor-align-left elementor-widget__width-auto elementor-widget elementor-widget-button\" data-id=\"54a5c89\" data-element_type=\"widget\" data-e-type=\"widget\" data-widget_type=\"button.default\">\n\t\t\t\t<div class=\"elementor-widget-container\">\n\t\t\t\t\t\t\t\t\t<div class=\"elementor-button-wrapper\">\n\t\t\t\t\t<a class=\"elementor-button elementor-button-link elementor-size-sm\" href=\"https:\/\/www.ams-ag.de\/tr\/temas-etmek\/giris-iste\/\">\n\t\t\t\t\t\t<span class=\"elementor-button-content-wrapper\">\n\t\t\t\t\t\t<span class=\"elementor-button-icon\">\n\t\t\t\t<i aria-hidden=\"true\" class=\"fas fa-user\"><\/i>\t\t\t<\/span>\n\t\t\t\t\t\t\t\t\t<span class=\"elementor-button-text\">Giri\u015f iste<\/span>\n\t\t\t\t\t<\/span>\n\t\t\t\t\t<\/a>\n\t\t\t\t<\/div>\n\t\t\t\t\t\t\t\t<\/div>\n\t\t\t\t<\/div>\n\t\t\t\t<div class=\"elementor-element elementor-element-fa0d191 elementor-align-left elementor-widget__width-auto elementor-widget elementor-widget-button\" data-id=\"fa0d191\" data-element_type=\"widget\" data-e-type=\"widget\" data-widget_type=\"button.default\">\n\t\t\t\t<div class=\"elementor-widget-container\">\n\t\t\t\t\t\t\t\t\t<div class=\"elementor-button-wrapper\">\n\t\t\t\t\t<a class=\"elementor-button elementor-button-link elementor-size-sm\" href=\"https:\/\/www.ams-ag.de\/tr\/temas-etmek\/bueltene-abone-olun\/\">\n\t\t\t\t\t\t<span class=\"elementor-button-content-wrapper\">\n\t\t\t\t\t\t<span class=\"elementor-button-icon\">\n\t\t\t\t<i aria-hidden=\"true\" class=\"fas fa-envelope\"><\/i>\t\t\t<\/span>\n\t\t\t\t\t\t\t\t\t<span class=\"elementor-button-text\">B\u00fcltene abone olun<\/span>\n\t\t\t\t\t<\/span>\n\t\t\t\t\t<\/a>\n\t\t\t\t<\/div>\n\t\t\t\t\t\t\t\t<\/div>\n\t\t\t\t<\/div>\n\t\t\t\t\t<\/div>\n\t\t<\/div>\n\t\t\t\t\t<\/div>\n\t\t<\/section>\n\t\t\t\t<section class=\"elementor-section elementor-top-section elementor-element elementor-element-ef04ff7 elementor-section-boxed elementor-section-height-default elementor-section-height-default\" data-id=\"ef04ff7\" data-element_type=\"section\" data-e-type=\"section\">\n\t\t\t\t\t\t<div class=\"elementor-container elementor-column-gap-default\">\n\t\t\t\t\t<div class=\"elementor-column elementor-col-100 elementor-top-column elementor-element elementor-element-e0bddea\" data-id=\"e0bddea\" data-element_type=\"column\" data-e-type=\"column\">\n\t\t\t<div class=\"elementor-widget-wrap elementor-element-populated\">\n\t\t\t\t\t\t<div class=\"elementor-element elementor-element-5fb3d82 elementor-widget elementor-widget-heading\" data-id=\"5fb3d82\" data-element_type=\"widget\" data-e-type=\"widget\" data-widget_type=\"heading.default\">\n\t\t\t\t<div class=\"elementor-widget-container\">\n\t\t\t\t\t<h2 class=\"elementor-heading-title elementor-size-default\">A\u015fa\u011f\u0131daki kategorilere g\u00f6z atabilirsiniz:<\/h2>\t\t\t\t<\/div>\n\t\t\t\t<\/div>\n\t\t\t\t<div class=\"elementor-element elementor-element-3008612a elementor-widget elementor-widget-text-editor\" data-id=\"3008612a\" data-element_type=\"widget\" data-e-type=\"widget\" data-widget_type=\"text-editor.default\">\n\t\t\t\t<div class=\"elementor-widget-container\">\n\t\t\t\t\t\t\t\t\t<ul>\n<li><b><a href=\"https:\/\/www.ams-ag.de\/tr\/bilgi\/haber-buelteni\/\">haber b\u00fclteni<\/a><\/b><br>\nKa\u00e7\u0131rd\u0131\u011f\u0131n\u0131z haber b\u00fcltenlerini okuyun.<\/li>\n<li><a href=\"https:\/\/www.ams-ag.de\/tr\/bilgi\/akom\/\"><b>AKOM<\/b><\/a><br>\nOturum a\u00e7mak i\u00e7in ba\u015fvurun ve AKOM&#039;yi buradan \u00fccretsiz olarak okuyun.<\/li>\n<li><b><a href=\"https:\/\/www.ams-ag.de\/tr\/bilgi\/terapist-bul\/\">Bir terapist bulun<\/a><br>\n<\/b>\u0130yi bir terapist bulmak \u00e7o\u011fu zaman kolay de\u011fildir; \u00fcr\u00fcn yelpazemizdeki cihazlarla \u00e7al\u0131\u015fan baz\u0131 terapistlerin bir listesini burada bulabilirsiniz.<b><\/b><\/li>\n<li><a href=\"https:\/\/www.ams-ag.de\/tr\/bilgi\/deneyimler\/\"><b>Deneyimler<\/b><\/a><br>\nDeneyimli terapistler bir tav\u0131r sergiliyor; uzun s\u00fcredir devam eden m\u00fc\u015fterilerin baz\u0131 ifadelerini burada okuyun.<b><\/b><\/li>\n<li><a href=\"https:\/\/www.ams-ag.de\/tr\/bilgi\/kiralama\/\"><b>kiralama<\/b><\/a><br>\nBu bilgi de eksik olmamal\u0131: B\u00fcy\u00fck cihazlar\u0131m\u0131zdan birini sat\u0131n almak istiyorsunuz ancak tutar\u0131n tamam\u0131n\u0131 tek seferde kar\u015f\u0131layam\u0131yor musunuz?<br>\nEndi\u015felenme: <b>Ayr\u0131ca cihaz\u0131n\u0131z\u0131 bizden kiralayabilirsiniz.<\/b> Ko\u015fullar hakk\u0131nda daha fazlas\u0131n\u0131 okuyun.<b><\/b><\/li>\n<li><a href=\"https:\/\/www.ams-ag.de\/tr\/bilgi\/indirmeler\/\"><b>\u0130ndirilenler<\/b><\/a><br>\nBurada sitemizden indirebilece\u011finiz t\u00fcm belgeleri tek sayfada derlenmi\u015f olarak bulacaks\u0131n\u0131z. Her belge bu b\u00f6l\u00fcmde PDF dosyas\u0131 olarak indirilebilir.<\/li>\n<\/ul>\t\t\t\t\t\t\t\t<\/div>\n\t\t\t\t<\/div>\n\t\t\t\t\t<\/div>\n\t\t<\/div>\n\t\t\t\t\t<\/div>\n\t\t<\/section>\n\t\t\t\t<section class=\"elementor-section elementor-top-section elementor-element elementor-element-a4536b3 elementor-section-boxed elementor-section-height-default elementor-section-height-default\" data-id=\"a4536b3\" data-element_type=\"section\" data-e-type=\"section\" data-settings=\"{&quot;background_background&quot;:&quot;classic&quot;}\">\n\t\t\t\t\t\t<div class=\"elementor-container elementor-column-gap-default\">\n\t\t\t\t\t<div class=\"elementor-column elementor-col-100 elementor-top-column elementor-element elementor-element-a400958\" data-id=\"a400958\" data-element_type=\"column\" data-e-type=\"column\">\n\t\t\t<div class=\"elementor-widget-wrap elementor-element-populated\">\n\t\t\t\t\t\t<div class=\"elementor-element elementor-element-bc7e977 elementor-align-right elementor-mobile-align-center elementor-widget elementor-widget-button\" data-id=\"bc7e977\" data-element_type=\"widget\" data-e-type=\"widget\" data-widget_type=\"button.default\">\n\t\t\t\t<div class=\"elementor-widget-container\">\n\t\t\t\t\t\t\t\t\t<div class=\"elementor-button-wrapper\">\n\t\t\t\t\t<a class=\"elementor-button elementor-button-link elementor-size-sm\" href=\"https:\/\/www.ams-ag.de\/tr\/informationen\/newsletter\/\">\n\t\t\t\t\t\t<span class=\"elementor-button-content-wrapper\">\n\t\t\t\t\t\t<span class=\"elementor-button-icon\">\n\t\t\t\t<i aria-hidden=\"true\" class=\"fas fa-arrow-right\"><\/i>\t\t\t<\/span>\n\t\t\t\t\t\t\t\t\t<span class=\"elementor-button-text\">haber b\u00fclteni<\/span>\n\t\t\t\t\t<\/span>\n\t\t\t\t\t<\/a>\n\t\t\t\t<\/div>\n\t\t\t\t\t\t\t\t<\/div>\n\t\t\t\t<\/div>\n\t\t\t\t\t<\/div>\n\t\t<\/div>\n\t\t\t\t\t<\/div>\n\t\t<\/section>\n\t\t\t\t<\/div>","protected":false},"excerpt":{"rendered":"<p>Informationen Diese Kategorie haben wir f\u00fcr Sie angef\u00fcllt mit Informationen. Wo? Wann? Wer? Was? Sie sind hier genau richtig, wenn Sie uns und unsere Ger\u00e4te einmal auf einer Messe kennenlernen [&hellip;]<\/p>\n","protected":false},"author":1,"featured_media":0,"parent":0,"menu_order":4,"comment_status":"closed","ping_status":"closed","template":"","meta":{"pmpro_default_level":"","footnotes":""},"class_list":["post-12743","page","type-page","status-publish","hentry","pmpro-has-access"],"_links":{"self":[{"href":"https:\/\/www.ams-ag.de\/tr\/wp-json\/wp\/v2\/pages\/12743","targetHints":{"allow":["GET"]}}],"collection":[{"href":"https:\/\/www.ams-ag.de\/tr\/wp-json\/wp\/v2\/pages"}],"about":[{"href":"https:\/\/www.ams-ag.de\/tr\/wp-json\/wp\/v2\/types\/page"}],"author":[{"embeddable":true,"href":"https:\/\/www.ams-ag.de\/tr\/wp-json\/wp\/v2\/users\/1"}],"replies":[{"embeddable":true,"href":"https:\/\/www.ams-ag.de\/tr\/wp-json\/wp\/v2\/comments?post=12743"}],"version-history":[{"count":39,"href":"https:\/\/www.ams-ag.de\/tr\/wp-json\/wp\/v2\/pages\/12743\/revisions"}],"predecessor-version":[{"id":18667,"href":"https:\/\/www.ams-ag.de\/tr\/wp-json\/wp\/v2\/pages\/12743\/revisions\/18667"}],"wp:attachment":[{"href":"https:\/\/www.ams-ag.de\/tr\/wp-json\/wp\/v2\/media?parent=12743"}],"curies":[{"name":"wp","href":"https:\/\/api.w.org\/{rel}","templated":true}]}}