{"id":5842,"date":"2023-09-27T14:59:16","date_gmt":"2023-09-27T12:59:16","guid":{"rendered":"http:\/\/www.ams-ag.de\/?page_id=5842"},"modified":"2025-03-22T01:40:13","modified_gmt":"2025-03-22T00:40:13","slug":"bloco-magnetico","status":"publish","type":"page","link":"https:\/\/www.ams-ag.de\/pt\/produkte\/heimbedarf\/wasseraufbereitung\/blockmagnete\/","title":{"rendered":"Bloquear \u00edm\u00e3s"},"content":{"rendered":"<div data-elementor-type=\"wp-page\" data-elementor-id=\"5842\" class=\"elementor elementor-5842\" data-elementor-post-type=\"page\">\n\t\t\t\t\t\t<section class=\"elementor-section elementor-top-section elementor-element elementor-element-250a5cf elementor-section-boxed elementor-section-height-default elementor-section-height-default\" data-id=\"250a5cf\" data-element_type=\"section\" data-e-type=\"section\" data-settings=\"{&quot;background_background&quot;:&quot;classic&quot;}\">\n\t\t\t\t\t\t<div class=\"elementor-container elementor-column-gap-default\">\n\t\t\t\t\t<div class=\"elementor-column elementor-col-50 elementor-top-column elementor-element elementor-element-f59fea3\" data-id=\"f59fea3\" data-element_type=\"column\" data-e-type=\"column\">\n\t\t\t<div class=\"elementor-widget-wrap elementor-element-populated\">\n\t\t\t\t\t\t<div class=\"elementor-element elementor-element-52ae00f elementor-widget elementor-widget-image\" data-id=\"52ae00f\" data-element_type=\"widget\" data-e-type=\"widget\" data-widget_type=\"image.default\">\n\t\t\t\t<div class=\"elementor-widget-container\">\n\t\t\t\t\t\t\t\t\t\t\t\t\t\t\t<img fetchpriority=\"high\" decoding=\"async\" width=\"250\" height=\"230\" src=\"https:\/\/www.ams-ag.de\/wp-content\/uploads\/2024\/01\/csm_AMS_Blockmagnete_Paar_756e02c44d.jpg\" class=\"attachment-medium_large size-medium_large wp-image-14157\" alt=\"\" srcset=\"https:\/\/www.ams-ag.de\/wp-content\/uploads\/2024\/01\/csm_AMS_Blockmagnete_Paar_756e02c44d.jpg 250w, https:\/\/www.ams-ag.de\/wp-content\/uploads\/2024\/01\/csm_AMS_Blockmagnete_Paar_756e02c44d-13x12.jpg 13w\" sizes=\"(max-width: 250px) 100vw, 250px\" \/>\t\t\t\t\t\t\t\t\t\t\t\t\t\t\t<\/div>\n\t\t\t\t<\/div>\n\t\t\t\t\t<\/div>\n\t\t<\/div>\n\t\t\t\t<div class=\"elementor-column elementor-col-50 elementor-top-column elementor-element elementor-element-76ef3d9\" data-id=\"76ef3d9\" data-element_type=\"column\" data-e-type=\"column\">\n\t\t\t<div class=\"elementor-widget-wrap elementor-element-populated\">\n\t\t\t\t\t\t<div class=\"elementor-element elementor-element-a1b359b elementor-widget elementor-widget-heading\" data-id=\"a1b359b\" data-element_type=\"widget\" data-e-type=\"widget\" data-widget_type=\"heading.default\">\n\t\t\t\t<div class=\"elementor-widget-container\">\n\t\t\t\t\t<div class=\"elementor-heading-title elementor-size-default\">SBM - \u00cdm\u00e3s de bloco modificados com estrutura<\/div>\t\t\t\t<\/div>\n\t\t\t\t<\/div>\n\t\t\t\t<div class=\"elementor-element elementor-element-fa7592c elementor-widget elementor-widget-heading\" data-id=\"fa7592c\" data-element_type=\"widget\" data-e-type=\"widget\" data-widget_type=\"heading.default\">\n\t\t\t\t<div class=\"elementor-widget-container\">\n\t\t\t\t\t<h1 class=\"elementor-heading-title elementor-size-default\">Bloquear \u00edm\u00e3s<\/h1>\t\t\t\t<\/div>\n\t\t\t\t<\/div>\n\t\t\t\t<div class=\"elementor-element elementor-element-7231bf0 elementor-widget elementor-widget-text-editor\" data-id=\"7231bf0\" data-element_type=\"widget\" data-e-type=\"widget\" data-widget_type=\"text-editor.default\">\n\t\t\t\t<div class=\"elementor-widget-container\">\n\t\t\t\t\t\t\t\t\t<p><b>O complemento ideal para o seu dispositivo de tratamento de \u00e1gua spring-time\u00ae420 pro.<\/b><b><\/b><\/p><p><a href=\"https:\/\/www.ams-ag.de\/pt\/produtos\/suprimentos-para-casa\/tratamento-de-agua\/primavera420-pro\/\"><b>spring-time\u00ae420 pro<\/b><\/a><\/p><p>SBM \u2013 isso significa blocos magn\u00e9ticos estruturalmente modificados \u2013 para o seu cano de \u00e1gua<br \/>Os \u00edm\u00e3s de bloco podem ser facilmente fixados ao tubo de \u00e1gua (principal) por voc\u00ea mesmo.<\/p><p>A cal contida na \u00e1gua \u00e9 convertida em nanocristais, que t\u00eam menos probabilidade de sedimentar e, portanto, mant\u00eam o cano de \u00e1gua limpo por mais tempo.<\/p>\t\t\t\t\t\t\t\t<\/div>\n\t\t\t\t<\/div>\n\t\t\t\t\t<\/div>\n\t\t<\/div>\n\t\t\t\t\t<\/div>\n\t\t<\/section>\n\t\t\t\t<section class=\"elementor-section elementor-top-section elementor-element elementor-element-458794c elementor-section-boxed elementor-section-height-default elementor-section-height-default\" data-id=\"458794c\" data-element_type=\"section\" data-e-type=\"section\">\n\t\t\t\t\t\t<div class=\"elementor-container elementor-column-gap-default\">\n\t\t\t\t\t<div class=\"elementor-column elementor-col-100 elementor-top-column elementor-element elementor-element-5ecbdd4\" data-id=\"5ecbdd4\" data-element_type=\"column\" data-e-type=\"column\">\n\t\t\t<div class=\"elementor-widget-wrap elementor-element-populated\">\n\t\t\t\t\t\t<div class=\"elementor-element elementor-element-60806c3 elementor-widget elementor-widget-heading\" data-id=\"60806c3\" data-element_type=\"widget\" data-e-type=\"widget\" data-widget_type=\"heading.default\">\n\t\t\t\t<div class=\"elementor-widget-container\">\n\t\t\t\t\t<h2 class=\"elementor-heading-title elementor-size-default\">Modifica\u00e7\u00e3o estrutural<\/h2>\t\t\t\t<\/div>\n\t\t\t\t<\/div>\n\t\t\t\t<div class=\"elementor-element elementor-element-183f21c elementor-widget elementor-widget-text-editor\" data-id=\"183f21c\" data-element_type=\"widget\" data-e-type=\"widget\" data-widget_type=\"text-editor.default\">\n\t\t\t\t<div class=\"elementor-widget-container\">\n\t\t\t\t\t\t\t\t\t<p>Al\u00e9m disso, os blocos magn\u00e9ticos s\u00e3o feitos usando o m\u00e9todo do Dr. re. n\u00e3o. W. Ludwig modificado estruturalmente.<\/p>\n<p>A modifica\u00e7\u00e3o estrutural significa que os espectros de vibra\u00e7\u00e3o dos 64 oligoelementos mais importantes, as geofrequ\u00eancias, s\u00e3o \u201cprogramados\u201d nos \u00edm\u00e3s e, assim, modulam o campo magn\u00e9tico.<\/p>\n<p><a href=\"https:\/\/www.ams-ag.de\/pt\/nocoes-basicas-de-terapia-de-campo-magnetico\/terapia-de-campo-magnetico-e-medicina-bioinformativa\/sinais-ambientais\/#Geomagnetfrequenzen\"><b>Frequ\u00eancias geomagn\u00e9ticas<\/b><\/a><\/p>\n<p>Eles garantem um agrupamento positivo de sua \u00e1gua.<\/p>\t\t\t\t\t\t\t\t<\/div>\n\t\t\t\t<\/div>\n\t\t\t\t\t<\/div>\n\t\t<\/div>\n\t\t\t\t\t<\/div>\n\t\t<\/section>\n\t\t\t\t<section class=\"elementor-section elementor-top-section elementor-element elementor-element-4d754d4 elementor-section-boxed elementor-section-height-default elementor-section-height-default\" data-id=\"4d754d4\" data-element_type=\"section\" data-e-type=\"section\">\n\t\t\t\t\t\t<div class=\"elementor-container elementor-column-gap-default\">\n\t\t\t\t\t<div class=\"elementor-column elementor-col-100 elementor-top-column elementor-element elementor-element-9d0cf95\" data-id=\"9d0cf95\" data-element_type=\"column\" data-e-type=\"column\">\n\t\t\t<div class=\"elementor-widget-wrap elementor-element-populated\">\n\t\t\t\t\t\t<div class=\"elementor-element elementor-element-eee4247 elementor-widget elementor-widget-heading\" data-id=\"eee4247\" data-element_type=\"widget\" data-e-type=\"widget\" data-widget_type=\"heading.default\">\n\t\t\t\t<div class=\"elementor-widget-container\">\n\t\t\t\t\t<h2 class=\"elementor-heading-title elementor-size-default\">Dados t\u00e9cnicos<\/h2>\t\t\t\t<\/div>\n\t\t\t\t<\/div>\n\t\t\t\t<div class=\"elementor-element elementor-element-e325100 elementor-widget elementor-widget-text-editor\" data-id=\"e325100\" data-element_type=\"widget\" data-e-type=\"widget\" data-widget_type=\"text-editor.default\">\n\t\t\t\t<div class=\"elementor-widget-container\">\n\t\t\t\t\t\t\t\t\t<table class=\"contenttable contenttable-0\"><tbody><tr class=\"tr-even tr-0\"><td class=\"td-0\"><b>Peso:<\/b><\/td><td class=\"td-last td-1\">133g cada<\/td><\/tr><tr class=\"tr-odd tr-1\"><td class=\"td-0\"><b>Tamanho:<\/b><\/td><td class=\"td-last td-1\">6,0 x 2,0 x 1,5 cm cada<\/td><\/tr><tr class=\"tr-even tr-2\"><td class=\"td-0\"><b>Reman\u00eancia Br\/intensidade do campo magn\u00e9tico:<\/b><\/td><td class=\"td-last td-1\">aprox. 1.150 mT<\/td><\/tr><tr class=\"tr-odd tr-3\"><td class=\"td-0\"><b>Material:<\/b><\/td><td class=\"td-last td-1\">Nd-Fe-B<\/td><\/tr><\/tbody><\/table>\t\t\t\t\t\t\t\t<\/div>\n\t\t\t\t<\/div>\n\t\t\t\t<div class=\"elementor-element elementor-element-964d64f elementor-widget elementor-widget-button\" data-id=\"964d64f\" data-element_type=\"widget\" data-e-type=\"widget\" data-widget_type=\"button.default\">\n\t\t\t\t<div class=\"elementor-widget-container\">\n\t\t\t\t\t\t\t\t\t<div class=\"elementor-button-wrapper\">\n\t\t\t\t\t<a class=\"elementor-button elementor-button-link elementor-size-sm\" href=\"http:\/\/ams-onlineshop.de\/produkt\/blockmagnete\/\" target=\"_blank\">\n\t\t\t\t\t\t<span class=\"elementor-button-content-wrapper\">\n\t\t\t\t\t\t<span class=\"elementor-button-icon\">\n\t\t\t\t<i aria-hidden=\"true\" class=\"fas fa-arrow-right\"><\/i>\t\t\t<\/span>\n\t\t\t\t\t\t\t\t\t<span class=\"elementor-button-text\">Bloqueie \u00edm\u00e3s na loja<\/span>\n\t\t\t\t\t<\/span>\n\t\t\t\t\t<\/a>\n\t\t\t\t<\/div>\n\t\t\t\t\t\t\t\t<\/div>\n\t\t\t\t<\/div>\n\t\t\t\t\t<\/div>\n\t\t<\/div>\n\t\t\t\t\t<\/div>\n\t\t<\/section>\n\t\t\t\t<section class=\"elementor-section elementor-top-section elementor-element elementor-element-b530ac6 elementor-section-boxed elementor-section-height-default elementor-section-height-default\" data-id=\"b530ac6\" data-element_type=\"section\" data-e-type=\"section\" data-settings=\"{&quot;background_background&quot;:&quot;classic&quot;}\">\n\t\t\t\t\t\t<div class=\"elementor-container elementor-column-gap-default\">\n\t\t\t\t\t<div class=\"elementor-column elementor-col-100 elementor-top-column elementor-element elementor-element-2d15e07\" data-id=\"2d15e07\" data-element_type=\"column\" data-e-type=\"column\">\n\t\t\t<div class=\"elementor-widget-wrap elementor-element-populated\">\n\t\t\t\t\t\t<div class=\"elementor-element elementor-element-e5fccef elementor-align-right elementor-mobile-align-center elementor-widget elementor-widget-button\" data-id=\"e5fccef\" data-element_type=\"widget\" data-e-type=\"widget\" data-widget_type=\"button.default\">\n\t\t\t\t<div class=\"elementor-widget-container\">\n\t\t\t\t\t\t\t\t\t<div class=\"elementor-button-wrapper\">\n\t\t\t\t\t<a class=\"elementor-button elementor-button-link elementor-size-sm\" href=\"https:\/\/www.ams-ag.de\/pt\/produkte\/heimbedarf\/wasseraufbereitung\/haeufigste-fragen\/\">\n\t\t\t\t\t\t<span class=\"elementor-button-content-wrapper\">\n\t\t\t\t\t\t<span class=\"elementor-button-icon\">\n\t\t\t\t<i aria-hidden=\"true\" class=\"fas fa-arrow-right\"><\/i>\t\t\t<\/span>\n\t\t\t\t\t\t\t\t\t<span class=\"elementor-button-text\">As perguntas mais frequentes<\/span>\n\t\t\t\t\t<\/span>\n\t\t\t\t\t<\/a>\n\t\t\t\t<\/div>\n\t\t\t\t\t\t\t\t<\/div>\n\t\t\t\t<\/div>\n\t\t\t\t\t<\/div>\n\t\t<\/div>\n\t\t\t\t\t<\/div>\n\t\t<\/section>\n\t\t\t\t<\/div>","protected":false},"excerpt":{"rendered":"<p>SBM &#8211; Strukturmodifizierte Blockmagnete Blockmagnete Die optimale Erg\u00e4nzung zu Ihrem Wasseraufbereitungsger\u00e4t spring-time\u00ae420 pro. spring-time\u00ae420 pro SBM &#8211; das bedeutet\u00a0strukturmodifizierte Blockmagnete\u00a0&#8211; f\u00fcr Ihre WasserleitungDie Blockmagnete lassen sich in einfacher Selbstmontage an [&hellip;]<\/p>\n","protected":false},"author":1,"featured_media":0,"parent":3990,"menu_order":5,"comment_status":"closed","ping_status":"closed","template":"","meta":{"pmpro_default_level":"","footnotes":""},"class_list":["post-5842","page","type-page","status-publish","hentry","pmpro-has-access"],"_links":{"self":[{"href":"https:\/\/www.ams-ag.de\/pt\/wp-json\/wp\/v2\/pages\/5842","targetHints":{"allow":["GET"]}}],"collection":[{"href":"https:\/\/www.ams-ag.de\/pt\/wp-json\/wp\/v2\/pages"}],"about":[{"href":"https:\/\/www.ams-ag.de\/pt\/wp-json\/wp\/v2\/types\/page"}],"author":[{"embeddable":true,"href":"https:\/\/www.ams-ag.de\/pt\/wp-json\/wp\/v2\/users\/1"}],"replies":[{"embeddable":true,"href":"https:\/\/www.ams-ag.de\/pt\/wp-json\/wp\/v2\/comments?post=5842"}],"version-history":[{"count":27,"href":"https:\/\/www.ams-ag.de\/pt\/wp-json\/wp\/v2\/pages\/5842\/revisions"}],"predecessor-version":[{"id":18424,"href":"https:\/\/www.ams-ag.de\/pt\/wp-json\/wp\/v2\/pages\/5842\/revisions\/18424"}],"up":[{"embeddable":true,"href":"https:\/\/www.ams-ag.de\/pt\/wp-json\/wp\/v2\/pages\/3990"}],"wp:attachment":[{"href":"https:\/\/www.ams-ag.de\/pt\/wp-json\/wp\/v2\/media?parent=5842"}],"curies":[{"name":"wp","href":"https:\/\/api.w.org\/{rel}","templated":true}]}}