{"id":3990,"date":"2023-09-05T18:44:55","date_gmt":"2023-09-05T16:44:55","guid":{"rendered":"http:\/\/www.ams-ag.de\/?page_id=3990"},"modified":"2025-07-25T14:41:51","modified_gmt":"2025-07-25T12:41:51","slug":"tratamento-de-agua","status":"publish","type":"page","link":"https:\/\/www.ams-ag.de\/pt\/produkte\/heimbedarf\/wasseraufbereitung\/","title":{"rendered":"Tratamento de \u00e1gua"},"content":{"rendered":"<div data-elementor-type=\"wp-page\" data-elementor-id=\"3990\" class=\"elementor elementor-3990\" data-elementor-post-type=\"page\">\n\t\t\t\t\t\t<section class=\"elementor-section elementor-top-section elementor-element elementor-element-92d41f9 elementor-section-boxed elementor-section-height-default elementor-section-height-default\" data-id=\"92d41f9\" data-element_type=\"section\" data-e-type=\"section\" data-settings=\"{&quot;background_background&quot;:&quot;classic&quot;}\">\n\t\t\t\t\t\t<div class=\"elementor-container elementor-column-gap-default\">\n\t\t\t\t\t<div class=\"elementor-column elementor-col-50 elementor-top-column elementor-element elementor-element-047fe45\" data-id=\"047fe45\" data-element_type=\"column\" data-e-type=\"column\">\n\t\t\t<div class=\"elementor-widget-wrap elementor-element-populated\">\n\t\t\t\t\t\t<div class=\"elementor-element elementor-element-9fc910b elementor-widget elementor-widget-image\" data-id=\"9fc910b\" data-element_type=\"widget\" data-e-type=\"widget\" data-widget_type=\"image.default\">\n\t\t\t\t<div class=\"elementor-widget-container\">\n\t\t\t\t\t\t\t\t\t\t\t\t\t\t\t<img fetchpriority=\"high\" decoding=\"async\" width=\"768\" height=\"548\" src=\"https:\/\/www.ams-ag.de\/wp-content\/uploads\/2024\/01\/pexels-pixabay-416528-768x548.jpg\" class=\"attachment-medium_large size-medium_large wp-image-14137\" alt=\"\" srcset=\"https:\/\/www.ams-ag.de\/wp-content\/uploads\/2024\/01\/pexels-pixabay-416528-768x548.jpg 768w, https:\/\/www.ams-ag.de\/wp-content\/uploads\/2024\/01\/pexels-pixabay-416528-300x214.jpg 300w, https:\/\/www.ams-ag.de\/wp-content\/uploads\/2024\/01\/pexels-pixabay-416528-1434x1024.jpg 1434w, https:\/\/www.ams-ag.de\/wp-content\/uploads\/2024\/01\/pexels-pixabay-416528-1536x1097.jpg 1536w, https:\/\/www.ams-ag.de\/wp-content\/uploads\/2024\/01\/pexels-pixabay-416528-18x12.jpg 18w, https:\/\/www.ams-ag.de\/wp-content\/uploads\/2024\/01\/pexels-pixabay-416528.jpg 1920w\" sizes=\"(max-width: 768px) 100vw, 768px\" \/>\t\t\t\t\t\t\t\t\t\t\t\t\t\t\t<\/div>\n\t\t\t\t<\/div>\n\t\t\t\t\t<\/div>\n\t\t<\/div>\n\t\t\t\t<div class=\"elementor-column elementor-col-50 elementor-top-column elementor-element elementor-element-6ff9a75\" data-id=\"6ff9a75\" data-element_type=\"column\" data-e-type=\"column\">\n\t\t\t<div class=\"elementor-widget-wrap elementor-element-populated\">\n\t\t\t\t\t\t<div class=\"elementor-element elementor-element-577aa42 elementor-widget elementor-widget-heading\" data-id=\"577aa42\" data-element_type=\"widget\" data-e-type=\"widget\" data-widget_type=\"heading.default\">\n\t\t\t\t<div class=\"elementor-widget-container\">\n\t\t\t\t\t<h1 class=\"elementor-heading-title elementor-size-default\">Tratamento de \u00e1gua<\/h1>\t\t\t\t<\/div>\n\t\t\t\t<\/div>\n\t\t\t\t<div class=\"elementor-element elementor-element-44a14f0 elementor-widget elementor-widget-text-editor\" data-id=\"44a14f0\" data-element_type=\"widget\" data-e-type=\"widget\" data-widget_type=\"text-editor.default\">\n\t\t\t\t<div class=\"elementor-widget-container\">\n\t\t\t\t\t\t\t\t\t<a href=\"http:\/\/ams-onlineshop.de\/wp-content\/uploads\/2023\/03\/Achtung_Preisvergleich_spring-time.pdf\" target=\"_blank\" rel=\"noopener\"><b>Tenha cuidado ao comparar pre\u00e7os!<\/b><\/a>\t\t\t\t\t\t\t\t<\/div>\n\t\t\t\t<\/div>\n\t\t\t\t<div class=\"elementor-element elementor-element-8874bb2 elementor-widget__width-auto elementor-widget elementor-widget-heading\" data-id=\"8874bb2\" data-element_type=\"widget\" data-e-type=\"widget\" data-widget_type=\"heading.default\">\n\t\t\t\t<div class=\"elementor-widget-container\">\n\t\t\t\t\t<span class=\"elementor-heading-title elementor-size-default\">Dispon\u00edvel diretamente na loja em alguns pa\u00edses da UE e na Su\u00ed\u00e7a.<br>Outros pa\u00edses mediante solicita\u00e7\u00e3o. Envie-nos um breve e-mail informando como podemos entrar em contato com voc\u00ea.<\/span>\t\t\t\t<\/div>\n\t\t\t\t<\/div>\n\t\t\t\t\t<\/div>\n\t\t<\/div>\n\t\t\t\t\t<\/div>\n\t\t<\/section>\n\t\t\t\t<section class=\"elementor-section elementor-top-section elementor-element elementor-element-68e0b9f elementor-section-boxed elementor-section-height-default elementor-section-height-default\" data-id=\"68e0b9f\" data-element_type=\"section\" data-e-type=\"section\" data-settings=\"{&quot;background_background&quot;:&quot;classic&quot;}\">\n\t\t\t\t\t\t<div class=\"elementor-container elementor-column-gap-default\">\n\t\t\t\t\t<div class=\"elementor-column elementor-col-100 elementor-top-column elementor-element elementor-element-17540ae\" data-id=\"17540ae\" data-element_type=\"column\" data-e-type=\"column\">\n\t\t\t<div class=\"elementor-widget-wrap elementor-element-populated\">\n\t\t\t\t\t\t<div class=\"elementor-element elementor-element-ade309c elementor-widget elementor-widget-heading\" data-id=\"ade309c\" data-element_type=\"widget\" data-e-type=\"widget\" data-widget_type=\"heading.default\">\n\t\t\t\t<div class=\"elementor-widget-container\">\n\t\t\t\t\t<h2 class=\"elementor-heading-title elementor-size-default\">Sele\u00e7\u00e3o r\u00e1pida<\/h2>\t\t\t\t<\/div>\n\t\t\t\t<\/div>\n\t\t\t\t<div class=\"elementor-element elementor-element-41f71a7 elementor-widget elementor-widget-text-editor\" data-id=\"41f71a7\" data-element_type=\"widget\" data-e-type=\"widget\" data-widget_type=\"text-editor.default\">\n\t\t\t\t<div class=\"elementor-widget-container\">\n\t\t\t\t\t\t\t\t\tSe voc\u00ea j\u00e1 sabe qual produto da categoria de tratamento de \u00e1gua deseja comprar, basta clicar no link e encontrar o seu produto:\t\t\t\t\t\t\t\t<\/div>\n\t\t\t\t<\/div>\n\t\t\t\t<div class=\"elementor-element elementor-element-9b2adce elementor-widget elementor-widget-button\" data-id=\"9b2adce\" data-element_type=\"widget\" data-e-type=\"widget\" data-widget_type=\"button.default\">\n\t\t\t\t<div class=\"elementor-widget-container\">\n\t\t\t\t\t\t\t\t\t<div class=\"elementor-button-wrapper\">\n\t\t\t\t\t<a class=\"elementor-button elementor-button-link elementor-size-sm\" href=\"http:\/\/ams-onlineshop.de\/produkt-kategorie\/heimbedarf\/wasseraufbereitung\/\" target=\"_blank\">\n\t\t\t\t\t\t<span class=\"elementor-button-content-wrapper\">\n\t\t\t\t\t\t<span class=\"elementor-button-icon\">\n\t\t\t\t<i aria-hidden=\"true\" class=\"fas fa-arrow-right\"><\/i>\t\t\t<\/span>\n\t\t\t\t\t\t\t\t\t<span class=\"elementor-button-text\">Tratamento de \u00e1gua na loja<\/span>\n\t\t\t\t\t<\/span>\n\t\t\t\t\t<\/a>\n\t\t\t\t<\/div>\n\t\t\t\t\t\t\t\t<\/div>\n\t\t\t\t<\/div>\n\t\t\t\t\t<\/div>\n\t\t<\/div>\n\t\t\t\t\t<\/div>\n\t\t<\/section>\n\t\t\t\t<section class=\"elementor-section elementor-top-section elementor-element elementor-element-0339bd0 elementor-section-boxed elementor-section-height-default elementor-section-height-default\" data-id=\"0339bd0\" data-element_type=\"section\" data-e-type=\"section\">\n\t\t\t\t\t\t<div class=\"elementor-container elementor-column-gap-default\">\n\t\t\t\t\t<div class=\"elementor-column elementor-col-100 elementor-top-column elementor-element elementor-element-307f589\" data-id=\"307f589\" data-element_type=\"column\" data-e-type=\"column\">\n\t\t\t<div class=\"elementor-widget-wrap elementor-element-populated\">\n\t\t\t\t\t\t<div class=\"elementor-element elementor-element-8a88e63 elementor-widget elementor-widget-heading\" data-id=\"8a88e63\" data-element_type=\"widget\" data-e-type=\"widget\" data-widget_type=\"heading.default\">\n\t\t\t\t<div class=\"elementor-widget-container\">\n\t\t\t\t\t<h2 class=\"elementor-heading-title elementor-size-default\">\u00e1gua \u00e9 vida<\/h2>\t\t\t\t<\/div>\n\t\t\t\t<\/div>\n\t\t\t\t<div class=\"elementor-element elementor-element-4e71773 elementor-widget elementor-widget-text-editor\" data-id=\"4e71773\" data-element_type=\"widget\" data-e-type=\"widget\" data-widget_type=\"text-editor.default\">\n\t\t\t\t<div class=\"elementor-widget-container\">\n\t\t\t\t\t\t\t\t\t<p>A \u00e1gua \u00e9 a base da vida no nosso planeta, o alicerce mais importante de todos os organismos vivos. Penetra em todas as c\u00e9lulas do corpo e regula todas as fun\u00e7\u00f5es do nosso corpo. A \u00e1gua \u00e9 ainda respons\u00e1vel pela nossa consci\u00eancia e torna poss\u00edveis o pensamento e o sentimento.<\/p><p><b>A \u00e1gua pot\u00e1vel \u00e9 o nosso alimento mais importante.<\/b><\/p><p>Em m\u00e9dia, n\u00f3s, humanos, consistemos em cerca de 60% de \u00e1gua - quando crian\u00e7a \u00e9 quase 90%, e quando velho ainda \u00e9 cerca de 45%. As fun\u00e7\u00f5es mais importantes da \u00e1gua no corpo incluem o metabolismo e a regula\u00e7\u00e3o da temperatura.<br \/>O fornecimento di\u00e1rio de \u00e1gua pot\u00e1vel suficiente \u00e9 essencial para a vida. A falta de ingest\u00e3o de l\u00edquidos sobrecarrega o corpo e, mais cedo ou mais tarde, leva a problemas de sa\u00fade. Devido \u00e0 falta de l\u00edquidos, as c\u00e9lulas e \u00f3rg\u00e3os recebem poucos nutrientes e a concentra\u00e7\u00e3o e o desempenho diminuem sensivelmente.<\/p><p>Podemos sobreviver 50 dias sem alimentos s\u00f3lidos \u2013 mas sem \u00e1gua pot\u00e1vel s\u00f3 podemos sobreviver por alguns dias.<\/p><p>Devemos beber dois a tr\u00eas litros de \u00e1gua todos os dias. \u00c9 claro que alimentos que cont\u00eam \u00e1gua, como frutas e vegetais, tamb\u00e9m fornecem l\u00edquidos adicionais \u2013 mas estes, por si s\u00f3, n\u00e3o podem suprir suas necessidades de l\u00edquidos.<\/p>\t\t\t\t\t\t\t\t<\/div>\n\t\t\t\t<\/div>\n\t\t\t\t\t<\/div>\n\t\t<\/div>\n\t\t\t\t\t<\/div>\n\t\t<\/section>\n\t\t\t\t<section class=\"elementor-section elementor-top-section elementor-element elementor-element-f325829 elementor-section-boxed elementor-section-height-default elementor-section-height-default\" data-id=\"f325829\" data-element_type=\"section\" data-e-type=\"section\">\n\t\t\t\t\t\t<div class=\"elementor-container elementor-column-gap-default\">\n\t\t\t\t\t<div class=\"elementor-column elementor-col-100 elementor-top-column elementor-element elementor-element-f44798b\" data-id=\"f44798b\" data-element_type=\"column\" data-e-type=\"column\">\n\t\t\t<div class=\"elementor-widget-wrap elementor-element-populated\">\n\t\t\t\t\t\t<div class=\"elementor-element elementor-element-dc317d9 elementor-widget elementor-widget-heading\" data-id=\"dc317d9\" data-element_type=\"widget\" data-e-type=\"widget\" data-widget_type=\"heading.default\">\n\t\t\t\t<div class=\"elementor-widget-container\">\n\t\t\t\t\t<h2 class=\"elementor-heading-title elementor-size-default\">Voc\u00ea sabia disso ...<\/h2>\t\t\t\t<\/div>\n\t\t\t\t<\/div>\n\t\t\t\t<div class=\"elementor-element elementor-element-d19d053 elementor-widget elementor-widget-text-editor\" data-id=\"d19d053\" data-element_type=\"widget\" data-e-type=\"widget\" data-widget_type=\"text-editor.default\">\n\t\t\t\t<div class=\"elementor-widget-container\">\n\t\t\t\t\t\t\t\t\t<p>A \u00e1gua \u00e9 um dos alimentos mais controlados na Alemanha, mas voc\u00ea sabia que...<\/p><ul><li>o valor limite geral (valor de refer\u00eancia) para polui\u00e7\u00e3o da \u00e1gua permitida na Lei Alem\u00e3 de \u00c1gua Pot\u00e1vel \u00e9 agora mais que o dobro do que era em 1990?<\/li><li>A Ag\u00eancia Federal Alem\u00e3 do Meio Ambiente confirma: \u201cA \u00e1gua que fica na torneira por mais de 4 horas n\u00e3o \u00e9 mais \u00e1gua pot\u00e1vel ou comida\u201d.<\/li><\/ul><p>Claro que voc\u00ea pode se virar e mudar para \u00e1gua mineral dispon\u00edvel no mercado. Mas isso significa carregar caixas e tamb\u00e9m prejudicar o meio ambiente. Independentemente de voc\u00ea comprar garrafas de vidro ou de PET: a polui\u00e7\u00e3o ambiental causada pelo transporte, limpeza ou reciclagem das garrafas \u00e9 inevit\u00e1vel.<\/p><p>Imagine: voc\u00ea tem sua pr\u00f3pria &quot;\u00e1gua de nascente&quot; e, por apenas alguns centavos por litro, pode filtrar a \u00e1gua da torneira e energiz\u00e1-la usando a &quot;Tecnologia Ludwig&quot;, em vez de pagar altos pre\u00e7os pelo engarrafamento e transporte de \u00e1gua engarrafada. \u00c9 poss\u00edvel economizar centenas de euros por ano.<\/p><p>Voc\u00ea est\u00e1 interessado em espremer \u00e1gua pura e deliciosa a qualquer momento?<\/p><p>Ent\u00e3o d\u00ea uma olhada em nossos sistemas de osmose reversa:<\/p><p><a href=\"https:\/\/www.ams-ag.de\/pt\/produtos\/suprimentos-para-casa\/tratamento-de-agua\/primavera420-pro\/\"><b>spring-time\u00ae420 pro<\/b><\/a><\/p><p><a href=\"https:\/\/www.ams-ag.de\/pt\/produtos\/suprimentos-para-casa\/tratamento-de-agua\/primavera-premium-profissional\/\"><b>spring-time\u00aepremium pro<\/b><\/a><\/p><p><a href=\"https:\/\/www.ams-ag.de\/pt\/produtos\/suprimentos-para-casa\/tratamento-de-agua\/primavera-profissional-profissional\/\"><b>primavera-tempo\u00aeprofissional profissional<\/b><\/a><\/p><p>N\u00e3o importa quais sejam suas preocupa\u00e7\u00f5es sobre o princ\u00edpio da osmose reversa ou sobre filtros de \u00e1gua em geral, n\u00e3o hesite em nos ligar. Teremos o maior prazer em responder \u00e0s suas perguntas!<\/p>\t\t\t\t\t\t\t\t<\/div>\n\t\t\t\t<\/div>\n\t\t\t\t<div class=\"elementor-element elementor-element-d3c2151 elementor-widget elementor-widget-button\" data-id=\"d3c2151\" data-element_type=\"widget\" data-e-type=\"widget\" data-widget_type=\"button.default\">\n\t\t\t\t<div class=\"elementor-widget-container\">\n\t\t\t\t\t\t\t\t\t<div class=\"elementor-button-wrapper\">\n\t\t\t\t\t<a class=\"elementor-button elementor-button-link elementor-size-sm\" href=\"http:\/\/ams-onlineshop.de\/produkt-kategorie\/heimbedarf\/wasseraufbereitung\/\" target=\"_blank\">\n\t\t\t\t\t\t<span class=\"elementor-button-content-wrapper\">\n\t\t\t\t\t\t<span class=\"elementor-button-icon\">\n\t\t\t\t<i aria-hidden=\"true\" class=\"fas fa-arrow-right\"><\/i>\t\t\t<\/span>\n\t\t\t\t\t\t\t\t\t<span class=\"elementor-button-text\">Tratamento de \u00e1gua na loja<\/span>\n\t\t\t\t\t<\/span>\n\t\t\t\t\t<\/a>\n\t\t\t\t<\/div>\n\t\t\t\t\t\t\t\t<\/div>\n\t\t\t\t<\/div>\n\t\t\t\t\t<\/div>\n\t\t<\/div>\n\t\t\t\t\t<\/div>\n\t\t<\/section>\n\t\t\t\t<section class=\"elementor-section elementor-top-section elementor-element elementor-element-1249374 elementor-section-boxed elementor-section-height-default elementor-section-height-default\" data-id=\"1249374\" data-element_type=\"section\" data-e-type=\"section\" data-settings=\"{&quot;background_background&quot;:&quot;classic&quot;}\">\n\t\t\t\t\t\t<div class=\"elementor-container elementor-column-gap-default\">\n\t\t\t\t\t<div class=\"elementor-column elementor-col-100 elementor-top-column elementor-element elementor-element-3c9892c\" data-id=\"3c9892c\" data-element_type=\"column\" data-e-type=\"column\">\n\t\t\t<div class=\"elementor-widget-wrap elementor-element-populated\">\n\t\t\t\t\t\t<div class=\"elementor-element elementor-element-6500389 elementor-align-right elementor-mobile-align-center elementor-widget elementor-widget-button\" data-id=\"6500389\" data-element_type=\"widget\" data-e-type=\"widget\" data-widget_type=\"button.default\">\n\t\t\t\t<div class=\"elementor-widget-container\">\n\t\t\t\t\t\t\t\t\t<div class=\"elementor-button-wrapper\">\n\t\t\t\t\t<a class=\"elementor-button elementor-button-link elementor-size-sm\" href=\"https:\/\/www.ams-ag.de\/pt\/produkte\/heimbedarf\/wasseraufbereitung\/spring-time420-pro\/\">\n\t\t\t\t\t\t<span class=\"elementor-button-content-wrapper\">\n\t\t\t\t\t\t<span class=\"elementor-button-icon\">\n\t\t\t\t<i aria-hidden=\"true\" class=\"fas fa-arrow-right\"><\/i>\t\t\t<\/span>\n\t\t\t\t\t\t\t\t\t<span class=\"elementor-button-text\">spring-time\u00ae420 pro<\/span>\n\t\t\t\t\t<\/span>\n\t\t\t\t\t<\/a>\n\t\t\t\t<\/div>\n\t\t\t\t\t\t\t\t<\/div>\n\t\t\t\t<\/div>\n\t\t\t\t\t<\/div>\n\t\t<\/div>\n\t\t\t\t\t<\/div>\n\t\t<\/section>\n\t\t\t\t<\/div>","protected":false},"excerpt":{"rendered":"<p>Wasseraufbereitung Obacht beim Preisvergleich! Direkt \u00fcber den Shop verf\u00fcgbar in einigen L\u00e4ndern der EU und der Schweiz.Andere L\u00e4nder auf Anfrage. Schreiben Sie uns eine kurze E-Mail wie wir Sie erreichen [&hellip;]<\/p>\n","protected":false},"author":1,"featured_media":0,"parent":4153,"menu_order":3,"comment_status":"closed","ping_status":"closed","template":"","meta":{"pmpro_default_level":"","footnotes":""},"class_list":["post-3990","page","type-page","status-publish","hentry","pmpro-has-access"],"_links":{"self":[{"href":"https:\/\/www.ams-ag.de\/pt\/wp-json\/wp\/v2\/pages\/3990","targetHints":{"allow":["GET"]}}],"collection":[{"href":"https:\/\/www.ams-ag.de\/pt\/wp-json\/wp\/v2\/pages"}],"about":[{"href":"https:\/\/www.ams-ag.de\/pt\/wp-json\/wp\/v2\/types\/page"}],"author":[{"embeddable":true,"href":"https:\/\/www.ams-ag.de\/pt\/wp-json\/wp\/v2\/users\/1"}],"replies":[{"embeddable":true,"href":"https:\/\/www.ams-ag.de\/pt\/wp-json\/wp\/v2\/comments?post=3990"}],"version-history":[{"count":72,"href":"https:\/\/www.ams-ag.de\/pt\/wp-json\/wp\/v2\/pages\/3990\/revisions"}],"predecessor-version":[{"id":19352,"href":"https:\/\/www.ams-ag.de\/pt\/wp-json\/wp\/v2\/pages\/3990\/revisions\/19352"}],"up":[{"embeddable":true,"href":"https:\/\/www.ams-ag.de\/pt\/wp-json\/wp\/v2\/pages\/4153"}],"wp:attachment":[{"href":"https:\/\/www.ams-ag.de\/pt\/wp-json\/wp\/v2\/media?parent=3990"}],"curies":[{"name":"wp","href":"https:\/\/api.w.org\/{rel}","templated":true}]}}