{"id":2568,"date":"2023-06-07T20:53:55","date_gmt":"2023-06-07T18:53:55","guid":{"rendered":"http:\/\/www.ams-ag.de\/?page_id=2568"},"modified":"2024-12-04T20:22:54","modified_gmt":"2024-12-04T19:22:54","slug":"dr-rer-nat-frank-beck","status":"publish","type":"page","link":"https:\/\/www.ams-ag.de\/pt\/ueber-ams\/dr-rer-nat-frank-beck\/","title":{"rendered":"Dr. rer. nat. Frank Beck"},"content":{"rendered":"<div data-elementor-type=\"wp-page\" data-elementor-id=\"2568\" class=\"elementor elementor-2568\" data-elementor-post-type=\"page\">\n\t\t\t\t\t\t<section class=\"elementor-section elementor-top-section elementor-element elementor-element-2b27f78 elementor-section-boxed elementor-section-height-default elementor-section-height-default\" data-id=\"2b27f78\" data-element_type=\"section\" data-e-type=\"section\">\n\t\t\t\t\t\t<div class=\"elementor-container elementor-column-gap-default\">\n\t\t\t\t\t<div class=\"elementor-column elementor-col-100 elementor-top-column elementor-element elementor-element-f2cae81\" data-id=\"f2cae81\" data-element_type=\"column\" data-e-type=\"column\">\n\t\t\t<div class=\"elementor-widget-wrap elementor-element-populated\">\n\t\t\t\t\t\t<div class=\"elementor-element elementor-element-47eb35a elementor-widget elementor-widget-heading\" data-id=\"47eb35a\" data-element_type=\"widget\" data-e-type=\"widget\" data-widget_type=\"heading.default\">\n\t\t\t\t<div class=\"elementor-widget-container\">\n\t\t\t\t\t<h1 class=\"elementor-heading-title elementor-size-default\">Dr. rer. nat. Frank Beck<\/h1>\t\t\t\t<\/div>\n\t\t\t\t<\/div>\n\t\t\t\t<section class=\"elementor-section elementor-inner-section elementor-element elementor-element-0e977c6 elementor-section-boxed elementor-section-height-default elementor-section-height-default\" data-id=\"0e977c6\" data-element_type=\"section\" data-e-type=\"section\">\n\t\t\t\t\t\t<div class=\"elementor-container elementor-column-gap-default\">\n\t\t\t\t\t<div class=\"elementor-column elementor-col-66 elementor-inner-column elementor-element elementor-element-8145fed\" data-id=\"8145fed\" data-element_type=\"column\" data-e-type=\"column\">\n\t\t\t<div class=\"elementor-widget-wrap elementor-element-populated\">\n\t\t\t\t\t\t<div class=\"elementor-element elementor-element-80ba1f9 elementor-widget elementor-widget-text-editor\" data-id=\"80ba1f9\" data-element_type=\"widget\" data-e-type=\"widget\" data-widget_type=\"text-editor.default\">\n\t\t\t\t<div class=\"elementor-widget-container\">\n\t\t\t\t\t\t\t\t\t<p><b>Diretor administrativo e \u00fanico acionista da AMS GmbH, chefe do \u201cInstituto de Medicina Bioinformativa Dr. Ludwig\u201d<\/b><\/p><ul><li>Chefe do \u201cInstituto de Medicina Bioinformativa Dr. Ludwig\u201d<\/li><li>Consultor t\u00e9cnico para subst\u00e2ncias perigosas no corpo de bombeiros de Bad Mergentheim<\/li><li>Nascido em 1961 (signo C\u00e2ncer), nascido em Tauberbischofsheim<\/li><li>casado com Angelika Beck, nascida Heer, desde 1989<\/li><li>tr\u00eas filhas: as g\u00eameas Laura e Sina, Tara<\/li><li>Animal de estima\u00e7\u00e3o: Gato \u201cChi-Chu\u201d<\/li><\/ul>\t\t\t\t\t\t\t\t<\/div>\n\t\t\t\t<\/div>\n\t\t\t\t\t<\/div>\n\t\t<\/div>\n\t\t\t\t<div class=\"elementor-column elementor-col-33 elementor-inner-column elementor-element elementor-element-0925844\" data-id=\"0925844\" data-element_type=\"column\" data-e-type=\"column\">\n\t\t\t<div class=\"elementor-widget-wrap elementor-element-populated\">\n\t\t\t\t\t\t<div class=\"elementor-element elementor-element-f391be8 elementor-widget elementor-widget-image\" data-id=\"f391be8\" data-element_type=\"widget\" data-e-type=\"widget\" data-widget_type=\"image.default\">\n\t\t\t\t<div class=\"elementor-widget-container\">\n\t\t\t\t\t\t\t\t\t\t\t\t\t\t\t<img fetchpriority=\"high\" decoding=\"async\" width=\"245\" height=\"300\" src=\"https:\/\/www.ams-ag.de\/wp-content\/uploads\/2023\/06\/csm_Frank_Beck_GF_06d1c7cd2a-245x300.jpg\" class=\"attachment-medium size-medium wp-image-2570\" alt=\"Dr. re. l\u00edquido. Frank Beck\" srcset=\"https:\/\/www.ams-ag.de\/wp-content\/uploads\/2023\/06\/csm_Frank_Beck_GF_06d1c7cd2a-245x300.jpg 245w, https:\/\/www.ams-ag.de\/wp-content\/uploads\/2023\/06\/csm_Frank_Beck_GF_06d1c7cd2a.jpg 250w\" sizes=\"(max-width: 245px) 100vw, 245px\" \/>\t\t\t\t\t\t\t\t\t\t\t\t\t\t\t<\/div>\n\t\t\t\t<\/div>\n\t\t\t\t\t<\/div>\n\t\t<\/div>\n\t\t\t\t\t<\/div>\n\t\t<\/section>\n\t\t\t\t\t<\/div>\n\t\t<\/div>\n\t\t\t\t\t<\/div>\n\t\t<\/section>\n\t\t\t\t<section class=\"elementor-section elementor-top-section elementor-element elementor-element-00b2e8c elementor-section-boxed elementor-section-height-default elementor-section-height-default\" data-id=\"00b2e8c\" data-element_type=\"section\" data-e-type=\"section\">\n\t\t\t\t\t\t<div class=\"elementor-container elementor-column-gap-default\">\n\t\t\t\t\t<div class=\"elementor-column elementor-col-100 elementor-top-column elementor-element elementor-element-7db3989\" data-id=\"7db3989\" data-element_type=\"column\" data-e-type=\"column\">\n\t\t\t<div class=\"elementor-widget-wrap elementor-element-populated\">\n\t\t\t\t\t\t<div class=\"elementor-element elementor-element-5e580a6 elementor-widget elementor-widget-heading\" data-id=\"5e580a6\" data-element_type=\"widget\" data-e-type=\"widget\" data-widget_type=\"heading.default\">\n\t\t\t\t<div class=\"elementor-widget-container\">\n\t\t\t\t\t<h2 class=\"elementor-heading-title elementor-size-default\">Vita<\/h2>\t\t\t\t<\/div>\n\t\t\t\t<\/div>\n\t\t\t\t<div class=\"elementor-element elementor-element-6f3f64b elementor-widget elementor-widget-text-editor\" data-id=\"6f3f64b\" data-element_type=\"widget\" data-e-type=\"widget\" data-widget_type=\"text-editor.default\">\n\t\t\t\t<div class=\"elementor-widget-container\">\n\t\t\t\t\t\t\t\t\t<table class=\"contenttable contenttable-0\">\n<tbody>\n<tr class=\"tr-even tr-0\">\n<td class=\"td-0\">1983<\/td>\n<td class=\"td-last td-1\">Medalha de ouro no Campeonato Mundial de Esgrima (florete, equipe) em Viena<\/td>\n<\/tr>\n<tr class=\"tr-odd tr-1\">\n<td class=\"td-0\">1984<\/td>\n<td class=\"td-last td-1\">Medalha de prata nos Jogos Ol\u00edmpicos (florete, equipe) em Los Angeles<\/td>\n<\/tr>\n<tr class=\"tr-even tr-2\">\n<td class=\"td-0\">84-92<\/td>\n<td class=\"td-last td-1\">Estudou qu\u00edmica na Universidade Julius Maximilian de W\u00fcrzburg (grau: qu\u00edmico qualificado)<\/td>\n<\/tr>\n<tr class=\"tr-odd tr-3\">\n<td class=\"td-0\">1992<\/td>\n<td class=\"td-last td-1\">Doutorado (incluindo foco em toxicologia)<\/td>\n<\/tr>\n<tr class=\"tr-even tr-4\">\n<td class=\"td-0\">92-97<\/td>\n<td class=\"td-last td-1\">Cargo de gest\u00e3o em empresa comercial de constru\u00e7\u00e3o de m\u00e1quinas especiais com foco em pesquisa\/desenvolvimento<\/td>\n<\/tr>\n<tr class=\"tr-odd tr-5\">\n<td class=\"td-0\">1997<\/td>\n<td class=\"td-last td-1\">Posi\u00e7\u00e3o de lideran\u00e7a na \u00e1rea de tecnologia m\u00e9dica na AMS \u2013 Advanced Medical Systems GmbH<\/td>\n<\/tr>\n<tr class=\"tr-even tr-6\">\n<td class=\"td-0\">Desde 1998<\/td>\n<td class=\"td-last td-1\">S\u00f3cio-gerente da AMS GmbH<\/td>\n<\/tr>\n<tr class=\"tr-odd tr-7\">\n<td class=\"td-0\">1999<\/td>\n<td class=\"td-last td-1\">Aquisi\u00e7\u00e3o e gest\u00e3o do \u201cInstituto de Medicina Bioinformativa Dr. Ludwig\u201d, com as principais \u00e1reas de investiga\u00e7\u00e3o: terapia de campo magn\u00e9tico, bioresson\u00e2ncia e terapia de regula\u00e7\u00e3o, terapia de cor e laser e transfer\u00eancia de informa\u00e7\u00e3o biof\u00edsica<\/td>\n<\/tr>\n<tr class=\"tr-even tr-last\">\n<td class=\"td-0\">desde 1999<\/td>\n<td class=\"td-last td-1\">Palestras nacionais e internacionais nas \u00e1reas de campo magn\u00e9tico e terapia de bioresson\u00e2ncia, \u00e1gua como portadora de informa\u00e7\u00e3o energ\u00e9tica e sensibilidade ao eletrosmog<\/td>\n<\/tr>\n<\/tbody>\n<\/table>\t\t\t\t\t\t\t\t<\/div>\n\t\t\t\t<\/div>\n\t\t\t\t\t<\/div>\n\t\t<\/div>\n\t\t\t\t\t<\/div>\n\t\t<\/section>\n\t\t\t\t<section class=\"elementor-section elementor-top-section elementor-element elementor-element-d99c03c elementor-section-boxed elementor-section-height-default elementor-section-height-default\" data-id=\"d99c03c\" data-element_type=\"section\" data-e-type=\"section\">\n\t\t\t\t\t\t<div class=\"elementor-container elementor-column-gap-default\">\n\t\t\t\t\t<div class=\"elementor-column elementor-col-100 elementor-top-column elementor-element elementor-element-4783df8\" data-id=\"4783df8\" data-element_type=\"column\" data-e-type=\"column\">\n\t\t\t<div class=\"elementor-widget-wrap elementor-element-populated\">\n\t\t\t\t\t\t<div class=\"elementor-element elementor-element-956ad3f elementor-widget elementor-widget-heading\" data-id=\"956ad3f\" data-element_type=\"widget\" data-e-type=\"widget\" data-widget_type=\"heading.default\">\n\t\t\t\t<div class=\"elementor-widget-container\">\n\t\t\t\t\t<h2 class=\"elementor-heading-title elementor-size-default\"><span style=\"color: inherit;font-family: inherit;font-size: 2rem;font-weight: 500\">Palestra e atividades did\u00e1ticas (trecho)<\/span><\/h2>\t\t\t\t<\/div>\n\t\t\t\t<\/div>\n\t\t\t\t<div class=\"elementor-element elementor-element-25d3216 elementor-widget elementor-widget-text-editor\" data-id=\"25d3216\" data-element_type=\"widget\" data-e-type=\"widget\" data-widget_type=\"text-editor.default\">\n\t\t\t\t<div class=\"elementor-widget-container\">\n\t\t\t\t\t\t\t\t\t<table class=\"contenttable contenttable-0\">\n<tbody>\n<tr class=\"tr-even tr-0\">\n<td class=\"td-0\">2024<\/td>\n<td class=\"td-last td-1\">Em coopera\u00e7\u00e3o com a plataforma de sa\u00fade\u00a0<b><a href=\"https:\/\/schnelleinfachgesund.de\/\" target=\"_blank\" rel=\"noopener\">Schnelleinfachgesund.de<\/a>,<\/b> Tema: <b>A verdade sobre WiFi e Bluetooth<\/b><\/td>\n<\/tr>\n<tr class=\"tr-even tr-0\">\n<td class=\"td-0\">2023<\/td>\n<td class=\"td-last td-1\">Em coopera\u00e7\u00e3o com a plataforma de sa\u00fade\u00a0<b><a href=\"https:\/\/schnelleinfachgesund.de\/\" target=\"_blank\" rel=\"noopener\">Schnelleinfachgesund.de<\/a>,<\/b> Palestra:\u00a0<b>Fortale\u00e7a a autorregula\u00e7\u00e3o \u2013 recupere o equil\u00edbrio com vibra\u00e7\u00f5es naturais!<\/b><\/td>\n<\/tr>\n<tr class=\"tr-even tr-0\">\n<td class=\"td-0\">2022<\/td>\n<td class=\"td-last td-1\">Congresso Vitality Water 2022, palestra: <b>Efeitos do eletrosmog na estrutura da \u00e1gua<b><\/b><\/b><\/td>\n<\/tr>\n<tr class=\"tr-odd tr-1\">\n<td class=\"td-0\">2022<\/td>\n<td class=\"td-last td-1\">Congresso Vitality Water 2022, palestra: <b>Eletropolui\u00e7\u00e3o \/ 5G. Quais op\u00e7\u00f5es de prote\u00e7\u00e3o existem?<b><\/b><\/b><\/td>\n<\/tr>\n<tr class=\"tr-even tr-2\">\n<td class=\"td-0\">2020<\/td>\n<td class=\"td-last td-1\">Feira Paracelso em Wiesbaden, palestra: <b>Descobertas mais recentes sobre o efeito do electrosmog sobre n\u00f3s e a nossa \u00e1gua pot\u00e1vel, especialmente tendo em conta a futura rede de telefonia m\u00f3vel 5G. Quais op\u00e7\u00f5es de prote\u00e7\u00e3o existem?<b><\/b><\/b><\/td>\n<\/tr>\n<tr class=\"tr-odd tr-3\">\n<td class=\"td-0\">2019<\/td>\n<td class=\"td-last td-1\">23\u00ba Churrasco \u2013 C\u00edrculo de qualidade Berlim-Baviera para m\u00e9todos de cura natural no Castelo Ziehten em Kremmen Palestra: <b>A capacidade da \u00e1gua de armazenar energia e informa\u00e7\u00f5es. Como fa\u00e7o para usar essa propriedade para minha sa\u00fade?<b><\/b><\/b><\/td>\n<\/tr>\n<tr class=\"tr-even tr-4\">\n<td class=\"td-0\">2019<\/td>\n<td class=\"td-last td-1\">Dias do profissional de sa\u00fade animal em Hohenroda, discurso principal: <b>Os efeitos do electrosmog nas pessoas e nos animais, na nossa \u00e1gua pot\u00e1vel e nos nossos alimentos. Quais op\u00e7\u00f5es de prote\u00e7\u00e3o existem?<b><\/b><\/b><\/td>\n<\/tr>\n<tr class=\"tr-odd tr-5\">\n<td class=\"td-0\">2019<\/td>\n<td class=\"td-last td-1\">20\u00ba Simp\u00f3sio Internacional de Medicina Bioinformativa por ocasi\u00e3o da Semana M\u00e9dica de Baden-Baden, palestra: <b>Que op\u00e7\u00f5es de prote\u00e7\u00e3o a medicina bioinformativa me oferece para eletrossensibilidade?<b><\/b><\/b><\/td>\n<\/tr>\n<tr class=\"tr-even tr-6\">\n<td class=\"td-0\">2018<\/td>\n<td class=\"td-last td-1\">31\u00ba Congresso Internacional de Medizina Ortomoleculares e Radicais Livres em S\u00e3o Paulo\/Brasil, palestra: <b>Electrosmog, ou perigo invis\u00edvel! Possibilidades de prote\u00e7\u00e3o passiva e ativa<b><\/b><\/b><\/td>\n<\/tr>\n<tr class=\"tr-odd tr-7\">\n<td class=\"td-0\">2018<\/td>\n<td class=\"td-last td-1\">Feira Europeia CAM de medicina complementar e alternativa em D\u00fcsseldorf, palestra: <b>Os efeitos do electrosmog nas pessoas e nos animais, na nossa \u00e1gua pot\u00e1vel e nos nossos alimentos. Quais op\u00e7\u00f5es de prote\u00e7\u00e3o existem?<b><\/b><\/b><\/td>\n<\/tr>\n<tr class=\"tr-even tr-8\">\n<td class=\"td-0\">2018<\/td>\n<td class=\"td-last td-1\">36\u00ba Dias de Naturopatia do Sul da Alemanha em Fellbach, palestra: <b>Electrosmog, o perigo invis\u00edvel! As possibilidades de prote\u00e7\u00e3o passiva e ativa<b><\/b><\/b><\/td>\n<\/tr>\n<tr class=\"tr-odd tr-9\">\n<td class=\"td-0\">2017<\/td>\n<td class=\"td-last td-1\">Congresso da \u00c1gua de Tr\u00eas Pa\u00edses 2017, F\u00f3rum do Lago Constan\u00e7a em Konstanz, palestra: <b>Os efeitos do eletrosmog na estrutura da \u00e1gua<b><\/b><\/b><\/td>\n<\/tr>\n<tr class=\"tr-even tr-10\">\n<td class=\"td-0\">2017<\/td>\n<td class=\"td-last td-1\">30\u00ba Congresso Internacional de Medizina Ortomoleculares e Radicais Livres em S\u00e3o Paulo\/Brasil, palestra: <b>As possibilidades da Terapia do Campo Magn\u00e9tico e da Bioresson\u00e2ncia em fermidades agudas e cr\u00f4nicas<b><\/b><\/b><\/td>\n<\/tr>\n<tr class=\"tr-odd tr-11\">\n<td class=\"td-0\">2017<\/td>\n<td class=\"td-last td-1\">20\u00ba Churrasco \u2013 C\u00edrculo de qualidade Berlim-Baviera para m\u00e9todos de cura natural em Nauen, palestra: <b>Simplesmente boas vibra\u00e7\u00f5es! As possibilidades do campo magn\u00e9tico e da terapia de bioresson\u00e2ncia para doen\u00e7as agudas e cr\u00f4nicas<b><\/b><\/b><\/td>\n<\/tr>\n<tr class=\"tr-even tr-12\">\n<td class=\"td-0\">2017<\/td>\n<td class=\"td-last td-1\">36\u00ba Congresso DGfAN (Sociedade Alem\u00e3 de Acupuntura e Terapia Neural) em Erfurt, palestra plen\u00e1ria: <b>Modelos eficazes de medicina bioinformativa \u2013 teoria e pr\u00e1tica<b><\/b><\/b><\/td>\n<\/tr>\n<tr class=\"tr-odd tr-13\">\n<td class=\"td-0\">2016<\/td>\n<td class=\"td-last td-1\">17\u00ba Simp\u00f3sio Internacional de Medicina Bioinformativa por ocasi\u00e3o da Semana M\u00e9dica de Baden-Baden, palestra: <b>Testes digitais com informa\u00e7\u00f5es anal\u00f3gicas! Como isso \u00e9 poss\u00edvel?<b><\/b><\/b><\/td>\n<\/tr>\n<tr class=\"tr-even tr-14\">\n<td class=\"td-0\">2016<\/td>\n<td class=\"td-last td-1\">34\u00aa Jornada de Naturopatia do Sul da Alemanha em Fellbach, palestra: <b>As possibilidades do campo magn\u00e9tico e da terapia de bioresson\u00e2ncia para doen\u00e7as agudas e cr\u00f4nicas<b><\/b><\/b><\/td>\n<\/tr>\n<tr class=\"tr-odd tr-15\">\n<td class=\"td-0\">2015<\/td>\n<td class=\"td-last td-1\">34\u00ba Congresso DGfAN (Sociedade Alem\u00e3 de Acupuntura e Terapia Neural) em Erfurt, palestra plen\u00e1ria: <b>Electrosmog \u2013 Os efeitos na nossa sa\u00fade e como podemos nos proteger<b><\/b><\/b><\/td>\n<\/tr>\n<tr class=\"tr-even tr-16\">\n<td class=\"td-0\">2015<\/td>\n<td class=\"td-last td-1\">Feira Paracelsus em Wallau, palestra: <b>A capacidade da \u00e1gua de armazenar energia e informa\u00e7\u00f5es. Como fa\u00e7o para usar essa propriedade para minha sa\u00fade?<b><\/b><\/b><\/td>\n<\/tr>\n<tr class=\"tr-odd tr-17\">\n<td class=\"td-0\">2014<\/td>\n<td class=\"td-last td-1\">15\u00ba Simp\u00f3sio Internacional de Medicina Bioinformativa por ocasi\u00e3o da Semana M\u00e9dica de Baden-Baden, palestra: <b>A \u00e1gua tem mem\u00f3ria? Modelos eficazes de medicina bioinformativa<b><\/b><\/b><\/td>\n<\/tr>\n<tr class=\"tr-even tr-18\">\n<td class=\"td-0\">2014<\/td>\n<td class=\"td-last td-1\">5\u00ba Congresso Internacional de Terapia Neural em Istambul\/T\u00fcrkiye, palestra: <b> Electrosmog \u2013 Os efeitos na nossa sa\u00fade e como podemos nos proteger<b><\/b><\/b><\/td>\n<\/tr>\n<tr class=\"tr-odd tr-19\">\n<td class=\"td-0\">2014<\/td>\n<td class=\"td-last td-1\">33\u00ba Congresso DGfAN (Sociedade Alem\u00e3 de Acupuntura e Terapia Neural) em Erfurt, palestra plen\u00e1ria: <b>A \u00e1gua tem mem\u00f3ria? Modelos eficazes de homeopatia e medicina bioinformativa<b><\/b><\/b><\/td>\n<\/tr>\n<tr class=\"tr-even tr-20\">\n<td class=\"td-0\">2013<\/td>\n<td class=\"td-last td-1\">Gest\u00e3o do 14\u00ba Simp\u00f3sio Internacional de Medicina Bioinformativa por ocasi\u00e3o da Semana M\u00e9dica de Baden-Baden, tema: <b>Melhorar a capacidade de regular atrav\u00e9s de processos bioinformativos<b><\/b><\/b><\/td>\n<\/tr>\n<tr class=\"tr-odd tr-21\">\n<td class=\"td-0\">2013<\/td>\n<td class=\"td-last td-1\">Assembleia geral da Sociedade Su\u00ed\u00e7a de Energia, Bioresson\u00e2ncia e Medicina da Informa\u00e7\u00e3o (SEBIM) em Zurique\/Su\u00ed\u00e7a, palestra: <b>Testes digitais com informa\u00e7\u00f5es anal\u00f3gicas! Como isso \u00e9 poss\u00edvel?<b><\/b><\/b><\/td>\n<\/tr>\n<tr class=\"tr-even tr-22\">\n<td class=\"td-0\">2012<\/td>\n<td class=\"td-last td-1\">4\u00ba Congresso Internacional de Terapia Neural em Istambul\/T\u00fcrkiye, palestra: <b>Tecnologia m\u00e9dica e m\u00e9todos modernos de cura natural em um \u00fanico sistema<b> Gest\u00e3o da oficina: <b>As possibilidades dos m\u00e9todos bioinformativos na pr\u00e1tica<b><\/b><\/b><\/b><\/b><\/td>\n<\/tr>\n<tr class=\"tr-odd tr-23\">\n<td class=\"td-0\">2011<\/td>\n<td class=\"td-last td-1\">Gest\u00e3o do 13\u00ba Simp\u00f3sio Internacional de Medicina Bioinformativa por ocasi\u00e3o da Semana M\u00e9dica de Baden-Baden, tema: <b>A nova gera\u00e7\u00e3o C \u2013 Tudo num \u00fanico sistema! Teste e terapia \u2013 anal\u00f3gico e digital<b><\/b><\/b><\/td>\n<\/tr>\n<tr class=\"tr-even tr-24\">\n<td class=\"td-0\">2011<\/td>\n<td class=\"td-last td-1\">Feira Paracelso em Wiesbaden, palestra: <b>Uso e aplica\u00e7\u00e3o do campo magn\u00e9tico pulsante. Terapia atrav\u00e9s da informa\u00e7\u00e3o \u2013 sem efeitos colaterais<b><\/b><\/b><\/td>\n<\/tr>\n<tr class=\"tr-odd tr-25\">\n<td class=\"td-0\">2010<\/td>\n<td class=\"td-last td-1\">Gest\u00e3o do Simp\u00f3sio Internacional de Medicina Bioinformativa por ocasi\u00e3o da Semana M\u00e9dica de Baden-Baden, tema: <b>Resist\u00eancia \u00e0 terapia? O que fazer? Luz e cores como parte da regula\u00e7\u00e3o e terapia de bioresson\u00e2ncia<b><\/b><\/b><\/td>\n<\/tr>\n<tr class=\"tr-even tr-26\">\n<td class=\"td-0\">2010<\/td>\n<td class=\"td-last td-1\">23\u00ba Congresso Internacional de Medizina Ortomoleculares e Radicais Livres em S\u00e3o Paulo\/Brasil, palestra: <b>Intera\u00e7\u00e3o Terap\u00eautica por Metodologia Complementar<b><\/b><\/b><\/td>\n<\/tr>\n<tr class=\"tr-odd tr-27\">\n<td class=\"td-0\">2009<\/td>\n<td class=\"td-last td-1\">Dias do profissional de sa\u00fade animal em Hohenroda, discurso principal: <b>A \u00e1gua tem mem\u00f3ria? Modelos eficazes de homeopatia e medicina bioinformativa<b><\/b><\/b><\/td>\n<\/tr>\n<tr class=\"tr-even tr-28\">\n<td class=\"td-0\">2009<\/td>\n<td class=\"td-last td-1\">VII Congresso Internacional de Sa\u00fade Orodental e Gest\u00e3o nos Pa\u00edses do Mar Negro em Constanza\/Rom\u00eania, palestra: <b>Fundamentos cient\u00edficos e aplica\u00e7\u00e3o do campo magn\u00e9tico e da terapia de bioresson\u00e2ncia na odontologia naturop\u00e1tica, ministrando de 28 a 31 de maio: <b>Medicina dent\u00e1ria complementar em foco no tempo<b><\/b><\/b><\/b><\/td>\n<\/tr>\n<tr class=\"tr-odd tr-29\">\n<td class=\"td-0\">2008<\/td>\n<td class=\"td-last td-1\">Gest\u00e3o do Simp\u00f3sio Internacional de Medicina Bioinformativa por ocasi\u00e3o da Semana M\u00e9dica de Baden-Baden, tema: <b>Cura com bioinforma\u00e7\u00e3o \u2013 conceitos pr\u00e1ticos de tratamento<b><\/b><\/b><\/td>\n<\/tr>\n<tr class=\"tr-even tr-30\">\n<td class=\"td-0\">2008<\/td>\n<td class=\"td-last td-1\">Faculdade de Medicina Dent\u00e1ria e Farm\u00e1cia da Universidade \u201cOvidius\u201d Constanta em Constanza \/ Rom\u00e9nia, lecionando de 25 a 31 de maio: <b>Terapia de campo magn\u00e9tico na pr\u00e1tica, prova da homeopatia pela \u00e1gua<b><\/b><\/b><\/td>\n<\/tr>\n<tr class=\"tr-odd tr-31\">\n<td class=\"td-0\">2008<\/td>\n<td class=\"td-last td-1\">21\u00ba Congresso Internacional de Medizina Ortomoleculares e Radicais Livres em S\u00e3o Paulo\/Brasil, palestra: <b>Novos Avancos com campo magnetic pulsante e gest\u00e3o do simp\u00f3sio: Simposio Satelite com o t\u00f3pico: campo magnetic pulsante<b><\/b><\/b><\/td>\n<\/tr>\n<tr class=\"tr-even tr-32\">\n<td class=\"td-0\">2007<\/td>\n<td class=\"td-last td-1\">Faculdade de Medicina Dent\u00e1ria e Farm\u00e1cia da Universidade \u201cOvidius\u201d Constanta em Constanza \/ Rom\u00e9nia, palestra: <b>Terapia de Campo Magn\u00e9tico e Medicina Magn\u00e9tica de Alta Tecnologia<b><\/b><\/b><\/td>\n<\/tr>\n<tr class=\"tr-odd tr-last\">\n<td class=\"td-0\">2006<\/td>\n<td class=\"td-last td-1\">19\u00ba Congresso Internacional de Medizina Ortomoleculares e Radicais Livres em S\u00e3o Paulo\/Brasil, palestra: <b>Terapia de campo magn\u00e9tico e medicina bioinform\u00e1tica<\/b><\/td>\n<\/tr>\n<\/tbody>\n<\/table>\t\t\t\t\t\t\t\t<\/div>\n\t\t\t\t<\/div>\n\t\t\t\t\t<\/div>\n\t\t<\/div>\n\t\t\t\t\t<\/div>\n\t\t<\/section>\n\t\t\t\t<section class=\"elementor-section elementor-top-section elementor-element elementor-element-a8309b5 elementor-section-boxed elementor-section-height-default elementor-section-height-default\" data-id=\"a8309b5\" data-element_type=\"section\" data-e-type=\"section\" data-settings=\"{&quot;background_background&quot;:&quot;classic&quot;}\">\n\t\t\t\t\t\t<div class=\"elementor-container elementor-column-gap-default\">\n\t\t\t\t\t<div class=\"elementor-column elementor-col-100 elementor-top-column elementor-element elementor-element-c66b0ff\" data-id=\"c66b0ff\" data-element_type=\"column\" data-e-type=\"column\">\n\t\t\t<div class=\"elementor-widget-wrap elementor-element-populated\">\n\t\t\t\t\t\t<div class=\"elementor-element elementor-element-93147df elementor-align-right elementor-mobile-align-center elementor-widget elementor-widget-button\" data-id=\"93147df\" data-element_type=\"widget\" data-e-type=\"widget\" data-widget_type=\"button.default\">\n\t\t\t\t<div class=\"elementor-widget-container\">\n\t\t\t\t\t\t\t\t\t<div class=\"elementor-button-wrapper\">\n\t\t\t\t\t<a class=\"elementor-button elementor-button-link elementor-size-sm\" href=\"https:\/\/www.ams-ag.de\/pt\/ueber-ams\/ams-team\/\">\n\t\t\t\t\t\t<span class=\"elementor-button-content-wrapper\">\n\t\t\t\t\t\t<span class=\"elementor-button-icon\">\n\t\t\t\t<i aria-hidden=\"true\" class=\"fas fa-arrow-right\"><\/i>\t\t\t<\/span>\n\t\t\t\t\t\t\t\t\t<span class=\"elementor-button-text\">Equipe AMS<\/span>\n\t\t\t\t\t<\/span>\n\t\t\t\t\t<\/a>\n\t\t\t\t<\/div>\n\t\t\t\t\t\t\t\t<\/div>\n\t\t\t\t<\/div>\n\t\t\t\t\t<\/div>\n\t\t<\/div>\n\t\t\t\t\t<\/div>\n\t\t<\/section>\n\t\t\t\t<\/div>","protected":false},"excerpt":{"rendered":"<p>Dr. rer. nat. Frank Beck Gesch\u00e4ftsf\u00fchrer und alleiniger Gesellschafter der AMS GmbH, Leiter des &#8222;Instituts f\u00fcr Bioinformative Medizin Dr. Ludwig&#8220; Leitung des &#8222;Instituts f\u00fcr Bioinformative Medizin Dr. Ludwig&#8220; Technischer Fachberater [&hellip;]<\/p>\n","protected":false},"author":1,"featured_media":0,"parent":177,"menu_order":2,"comment_status":"closed","ping_status":"closed","template":"","meta":{"pmpro_default_level":"","footnotes":""},"class_list":["post-2568","page","type-page","status-publish","hentry","pmpro-has-access"],"_links":{"self":[{"href":"https:\/\/www.ams-ag.de\/pt\/wp-json\/wp\/v2\/pages\/2568","targetHints":{"allow":["GET"]}}],"collection":[{"href":"https:\/\/www.ams-ag.de\/pt\/wp-json\/wp\/v2\/pages"}],"about":[{"href":"https:\/\/www.ams-ag.de\/pt\/wp-json\/wp\/v2\/types\/page"}],"author":[{"embeddable":true,"href":"https:\/\/www.ams-ag.de\/pt\/wp-json\/wp\/v2\/users\/1"}],"replies":[{"embeddable":true,"href":"https:\/\/www.ams-ag.de\/pt\/wp-json\/wp\/v2\/comments?post=2568"}],"version-history":[{"count":9,"href":"https:\/\/www.ams-ag.de\/pt\/wp-json\/wp\/v2\/pages\/2568\/revisions"}],"predecessor-version":[{"id":18760,"href":"https:\/\/www.ams-ag.de\/pt\/wp-json\/wp\/v2\/pages\/2568\/revisions\/18760"}],"up":[{"embeddable":true,"href":"https:\/\/www.ams-ag.de\/pt\/wp-json\/wp\/v2\/pages\/177"}],"wp:attachment":[{"href":"https:\/\/www.ams-ag.de\/pt\/wp-json\/wp\/v2\/media?parent=2568"}],"curies":[{"name":"wp","href":"https:\/\/api.w.org\/{rel}","templated":true}]}}