{"id":2451,"date":"2023-05-11T16:45:06","date_gmt":"2023-05-11T14:45:06","guid":{"rendered":"http:\/\/www.ams-ag.de\/?page_id=2451"},"modified":"2024-03-08T13:08:07","modified_gmt":"2024-03-08T12:08:07","slug":"imprimir","status":"publish","type":"page","link":"https:\/\/www.ams-ag.de\/pt\/impressum\/","title":{"rendered":"imprimir"},"content":{"rendered":"<div data-elementor-type=\"wp-page\" data-elementor-id=\"2451\" class=\"elementor elementor-2451\" data-elementor-post-type=\"page\">\n\t\t\t\t\t\t<section class=\"elementor-section elementor-top-section elementor-element elementor-element-28c086de elementor-section-boxed elementor-section-height-default elementor-section-height-default\" data-id=\"28c086de\" data-element_type=\"section\" data-e-type=\"section\">\n\t\t\t\t\t\t<div class=\"elementor-container elementor-column-gap-default\">\n\t\t\t\t\t<div class=\"elementor-column elementor-col-100 elementor-top-column elementor-element elementor-element-29ee1980\" data-id=\"29ee1980\" data-element_type=\"column\" data-e-type=\"column\">\n\t\t\t<div class=\"elementor-widget-wrap elementor-element-populated\">\n\t\t\t\t\t\t<div class=\"elementor-element elementor-element-44754997 elementor-widget elementor-widget-heading\" data-id=\"44754997\" data-element_type=\"widget\" data-e-type=\"widget\" data-widget_type=\"heading.default\">\n\t\t\t\t<div class=\"elementor-widget-container\">\n\t\t\t\t\t<h1 class=\"elementor-heading-title elementor-size-default\">Bem-vindo \u00e0 AMS GmbH!<\/h1>\t\t\t\t<\/div>\n\t\t\t\t<\/div>\n\t\t\t\t<div class=\"elementor-element elementor-element-c0f6db2 elementor-widget elementor-widget-text-editor\" data-id=\"c0f6db2\" data-element_type=\"widget\" data-e-type=\"widget\" data-widget_type=\"text-editor.default\">\n\t\t\t\t<div class=\"elementor-widget-container\">\n\t\t\t\t\t\t\t\t\t<p>Sistemas M\u00e9dicos Avan\u00e7ados \u2013 <b>Procedimentos de regula\u00e7\u00e3o e bioresson\u00e2ncia, terapia de campo magn\u00e9tico, luz (colorida) e laser<\/b><\/p>\t\t\t\t\t\t\t\t<\/div>\n\t\t\t\t<\/div>\n\t\t\t\t<div class=\"elementor-element elementor-element-43d2f05 elementor-widget-divider--view-line elementor-widget elementor-widget-divider\" data-id=\"43d2f05\" data-element_type=\"widget\" data-e-type=\"widget\" data-widget_type=\"divider.default\">\n\t\t\t\t<div class=\"elementor-widget-container\">\n\t\t\t\t\t\t\t<div class=\"elementor-divider\">\n\t\t\t<span class=\"elementor-divider-separator\">\n\t\t\t\t\t\t<\/span>\n\t\t<\/div>\n\t\t\t\t\t\t<\/div>\n\t\t\t\t<\/div>\n\t\t\t\t<section class=\"elementor-section elementor-inner-section elementor-element elementor-element-138ad37 elementor-section-boxed elementor-section-height-default elementor-section-height-default\" data-id=\"138ad37\" data-element_type=\"section\" data-e-type=\"section\">\n\t\t\t\t\t\t<div class=\"elementor-container elementor-column-gap-default\">\n\t\t\t\t\t<div class=\"elementor-column elementor-col-50 elementor-inner-column elementor-element elementor-element-af99ad3\" data-id=\"af99ad3\" data-element_type=\"column\" data-e-type=\"column\">\n\t\t\t<div class=\"elementor-widget-wrap elementor-element-populated\">\n\t\t\t\t\t\t<div class=\"elementor-element elementor-element-dbe26be elementor-widget elementor-widget-heading\" data-id=\"dbe26be\" data-element_type=\"widget\" data-e-type=\"widget\" data-widget_type=\"heading.default\">\n\t\t\t\t<div class=\"elementor-widget-container\">\n\t\t\t\t\t<h2 class=\"elementor-heading-title elementor-size-default\">Impress\u00e3o e <br>Identifica\u00e7\u00e3o do provedor<\/h2>\t\t\t\t<\/div>\n\t\t\t\t<\/div>\n\t\t\t\t<div class=\"elementor-element elementor-element-7c3f29c elementor-widget elementor-widget-text-editor\" data-id=\"7c3f29c\" data-element_type=\"widget\" data-e-type=\"widget\" data-widget_type=\"text-editor.default\">\n\t\t\t\t<div class=\"elementor-widget-container\">\n\t\t\t\t\t\t\t\t\t<h3><b>De acordo com \u00a7 5 TMG<\/b><\/h3><p>AMS Advanced Medical Systems GmbH<br \/>Hauptstra\u00dfe 26<br \/>97990 Weikersheim<\/p><p>representado pelo executivo de neg\u00f3cios: <br \/>Dr. rer. nat. Frank Beck<\/p><p>Contato<br \/>Telefone: +49 (0) 79 34 \/ 99 34 89-0<br \/>Fax: +49 (0) 79 34\/99 34 89-44<br \/>E-mail: <a href=\"mailto:info@ams-ag.de\">info@ams-ag.de<\/a><\/p><p>Voc\u00ea tamb\u00e9m pode enviar reclama\u00e7\u00f5es aqui.<\/p><hr \/><h3><b>Registrar entrada<\/b><\/h3><p>Inscri\u00e7\u00e3o no registo comercial.<br \/>Tribunal de registro: Handelsregister AG Ulm<br \/>N\u00famero de registro: HRB 731284<br \/>CPF:<br \/>N\u00famero de identifica\u00e7\u00e3o fiscal sobre vendas de acordo com a Se\u00e7\u00e3o 27 a da Lei de Imposto sobre Vendas: DE 177547347<\/p><hr \/><h3><b>Lei de Equipamentos El\u00e9tricos e Eletr\u00f4nicos (ElektroG):<\/b><\/h3><p>Como fabricante respons\u00e1vel de equipamentos el\u00e9tricos e eletr\u00f4nicos, cumprimos nossa obriga\u00e7\u00e3o de registro de acordo com a ElektroG. Nosso n\u00famero de registro na EAR Foundation \u00e9: WEEE Reg No. DE 49140629.<\/p><hr \/><h3><strong>Fontes<\/strong><\/h3><p>para as imagens e gr\u00e1ficos utilizados:<\/p><p>Fotolia<a href=\"https:\/\/de.fotolia.com\/\" target=\"_blank\" rel=\"noopener\"><br \/>https:\/\/de.fotolia.com\/<\/a><br \/>N\u00fameros de imagem: 5517971_M, 2998396_L, 41373138_L, 53075506_M,59334364_S, 67940016_L, 68728113_XXL, 82500533_XXL, 83215542_XXL, 84477543_L , 844477547_L, 84478039_L, 87848782_L, 89302270_L, 90785386_M<\/p><p>iStock<a href=\"http:\/\/www.istockphoto.com\/de\" target=\"_blank\" rel=\"noopener\"><br \/>http:\/\/www.istockphoto.com\/de<\/a><br \/>N\u00famero da imagem: 000015045170_XXXLarge<\/p><p>Eva Maria Linhart<a href=\"http:\/\/linhart-foto.de\/\" target=\"_blank\" rel=\"noopener\"><br \/>http:\/\/linhart-foto.de\/<\/a><\/p><p>aha projeto<a href=\"http:\/\/www.aha-design.de\/\" target=\"_blank\" rel=\"noopener\"><br \/>http:\/\/www.aha-design.de\/<\/a><\/p>\t\t\t\t\t\t\t\t<\/div>\n\t\t\t\t<\/div>\n\t\t\t\t\t<\/div>\n\t\t<\/div>\n\t\t\t\t<div class=\"elementor-column elementor-col-50 elementor-inner-column elementor-element elementor-element-184d9cd\" data-id=\"184d9cd\" data-element_type=\"column\" data-e-type=\"column\">\n\t\t\t<div class=\"elementor-widget-wrap elementor-element-populated\">\n\t\t\t\t\t\t<div class=\"elementor-element elementor-element-6a04b22 elementor-widget elementor-widget-heading\" data-id=\"6a04b22\" data-element_type=\"widget\" data-e-type=\"widget\" data-widget_type=\"heading.default\">\n\t\t\t\t<div class=\"elementor-widget-container\">\n\t\t\t\t\t<h2 class=\"elementor-heading-title elementor-size-default\">Isen\u00e7\u00e3o de responsabilidade <br>(isen\u00e7\u00e3o de responsabilidade)<\/h2>\t\t\t\t<\/div>\n\t\t\t\t<\/div>\n\t\t\t\t<div class=\"elementor-element elementor-element-5b18813 elementor-widget elementor-widget-text-editor\" data-id=\"5b18813\" data-element_type=\"widget\" data-e-type=\"widget\" data-widget_type=\"text-editor.default\">\n\t\t\t\t<div class=\"elementor-widget-container\">\n\t\t\t\t\t\t\t\t\t<h3><b>Responsabilidade pelo conte\u00fado<\/b><\/h3><p>Como prestador de servi\u00e7os, somos respons\u00e1veis pelo nosso pr\u00f3prio conte\u00fado nestas p\u00e1ginas de acordo com as leis gerais, de acordo com a Se\u00e7\u00e3o 7, Par\u00e1grafo 1, TMG. No entanto, de acordo com as Sec\u00e7\u00f5es 8 a 10 TMG, como prestadores de servi\u00e7os, n\u00e3o somos obrigados a monitorizar informa\u00e7\u00f5es transmitidas ou armazenadas de terceiros ou a investigar circunst\u00e2ncias que indiquem atividade ilegal. As obriga\u00e7\u00f5es de remover ou bloquear o uso de informa\u00e7\u00f5es de acordo com a lei geral permanecem inalteradas. No entanto, a responsabilidade a este respeito s\u00f3 \u00e9 poss\u00edvel a partir do conhecimento de uma viola\u00e7\u00e3o legal espec\u00edfica. Se tomarmos conhecimento de quaisquer viola\u00e7\u00f5es legais correspondentes, removeremos imediatamente este conte\u00fado.<\/p><hr \/><h3><b>Responsabilidade por links<\/b><\/h3><p>A nossa oferta cont\u00e9m links para sites externos de terceiros sobre cujo conte\u00fado n\u00e3o temos influ\u00eancia. Portanto, n\u00e3o podemos assumir qualquer responsabilidade por este conte\u00fado externo. O respectivo fornecedor ou operador das p\u00e1ginas \u00e9 sempre respons\u00e1vel pelo conte\u00fado das p\u00e1ginas vinculadas. As p\u00e1ginas vinculadas foram verificadas quanto a poss\u00edveis viola\u00e7\u00f5es legais no momento da vincula\u00e7\u00e3o. O conte\u00fado ilegal n\u00e3o era aparente no momento da vincula\u00e7\u00e3o. No entanto, o controlo permanente do conte\u00fado das p\u00e1ginas ligadas n\u00e3o \u00e9 razo\u00e1vel sem provas concretas de uma viola\u00e7\u00e3o legal. Se tomarmos conhecimento de qualquer viola\u00e7\u00e3o legal, removeremos imediatamente tais links.<\/p><hr \/><h3><b>direito autoral<\/b><\/h3><p>O conte\u00fado e os trabalhos destas p\u00e1ginas criados pelos operadores do site est\u00e3o sujeitos \u00e0 lei alem\u00e3 de direitos autorais. A reprodu\u00e7\u00e3o, processamento, distribui\u00e7\u00e3o e qualquer tipo de explora\u00e7\u00e3o fora dos limites da lei de direitos autorais requerem o consentimento por escrito do respectivo autor ou criador. Downloads e c\u00f3pias desta p\u00e1gina s\u00e3o permitidos apenas para uso privado e n\u00e3o comercial. Caso o conte\u00fado deste site n\u00e3o tenha sido criado pelo operador, os direitos autorais de terceiros ser\u00e3o respeitados. Em particular, os conte\u00fados de terceiros s\u00e3o marcados como tal. Mesmo assim, caso voc\u00ea tome conhecimento de uma viola\u00e7\u00e3o de direitos autorais, pedimos que nos notifique adequadamente. Se tomarmos conhecimento de qualquer viola\u00e7\u00e3o legal, removeremos imediatamente tal conte\u00fado.<\/p><hr \/><h3><b>Resolu\u00e7\u00e3o de disputas on-line de acordo com o Artigo 14 Par\u00e1grafo 1 do Regulamento ODR:<\/b><\/h3><p>A Comiss\u00e3o Europeia fornece uma plataforma para resolu\u00e7\u00e3o de lit\u00edgios (SO) online. Voc\u00ea pode encontr\u00e1-los em <a href=\"http:\/\/ec.europa.eu\/consumers\/odr\/\" target=\"_blank\" rel=\"noopener\">http:\/\/ec.europa.eu\/consumers\/odr\/<\/a><br \/>Esta plataforma funciona como ponto de contacto para a resolu\u00e7\u00e3o extrajudicial de lit\u00edgios decorrentes de contratos de compra ou de presta\u00e7\u00e3o de servi\u00e7os online em que esteja envolvido um consumidor.<\/p><p>A Lei de Resolu\u00e7\u00e3o de Lit\u00edgios de Consumo (VSBG) n\u00e3o se aplica \u00e0 AMS devido ao n\u00famero de funcion\u00e1rios empregados. A AMS n\u00e3o participa num procedimento de resolu\u00e7\u00e3o de lit\u00edgios perante um conselho de arbitragem de consumo.<\/p>\t\t\t\t\t\t\t\t<\/div>\n\t\t\t\t<\/div>\n\t\t\t\t\t<\/div>\n\t\t<\/div>\n\t\t\t\t\t<\/div>\n\t\t<\/section>\n\t\t\t\t\t<\/div>\n\t\t<\/div>\n\t\t\t\t\t<\/div>\n\t\t<\/section>\n\t\t\t\t<section class=\"elementor-section elementor-top-section elementor-element elementor-element-ed36c07 elementor-section-boxed elementor-section-height-default elementor-section-height-default\" data-id=\"ed36c07\" data-element_type=\"section\" data-e-type=\"section\" data-settings=\"{&quot;background_background&quot;:&quot;classic&quot;}\">\n\t\t\t\t\t\t<div class=\"elementor-container elementor-column-gap-default\">\n\t\t\t\t\t<div class=\"elementor-column elementor-col-100 elementor-top-column elementor-element elementor-element-1a997d6\" data-id=\"1a997d6\" data-element_type=\"column\" data-e-type=\"column\">\n\t\t\t<div class=\"elementor-widget-wrap elementor-element-populated\">\n\t\t\t\t\t\t<div class=\"elementor-element elementor-element-e520942 elementor-align-right elementor-mobile-align-center elementor-widget elementor-widget-button\" data-id=\"e520942\" data-element_type=\"widget\" data-e-type=\"widget\" data-widget_type=\"button.default\">\n\t\t\t\t<div class=\"elementor-widget-container\">\n\t\t\t\t\t\t\t\t\t<div class=\"elementor-button-wrapper\">\n\t\t\t\t\t<a class=\"elementor-button elementor-button-link elementor-size-sm\" href=\"https:\/\/www.ams-ag.de\/pt\/datenschutz\/\">\n\t\t\t\t\t\t<span class=\"elementor-button-content-wrapper\">\n\t\t\t\t\t\t<span class=\"elementor-button-icon\">\n\t\t\t\t<i aria-hidden=\"true\" class=\"fas fa-arrow-right\"><\/i>\t\t\t<\/span>\n\t\t\t\t\t\t\t\t\t<span class=\"elementor-button-text\">Prote\u00e7\u00e3o de dados<\/span>\n\t\t\t\t\t<\/span>\n\t\t\t\t\t<\/a>\n\t\t\t\t<\/div>\n\t\t\t\t\t\t\t\t<\/div>\n\t\t\t\t<\/div>\n\t\t\t\t\t<\/div>\n\t\t<\/div>\n\t\t\t\t\t<\/div>\n\t\t<\/section>\n\t\t\t\t<\/div>","protected":false},"excerpt":{"rendered":"<p>Herzlich Willkommen bei der AMS GmbH! Advanced Medical Systems &#8211; Regulations- und Bioresonanzverfahren, Magnetfeldtherapie, (Farb-) Licht und Laser Impressum &#038; Anbieterkennzeichnung Angaben gem\u00e4\u00df \u00a7 5 TMG AMS Advanced Medical Systems [&hellip;]<\/p>\n","protected":false},"author":1,"featured_media":0,"parent":0,"menu_order":7,"comment_status":"closed","ping_status":"closed","template":"","meta":{"pmpro_default_level":"","footnotes":""},"class_list":["post-2451","page","type-page","status-publish","hentry","pmpro-has-access"],"_links":{"self":[{"href":"https:\/\/www.ams-ag.de\/pt\/wp-json\/wp\/v2\/pages\/2451","targetHints":{"allow":["GET"]}}],"collection":[{"href":"https:\/\/www.ams-ag.de\/pt\/wp-json\/wp\/v2\/pages"}],"about":[{"href":"https:\/\/www.ams-ag.de\/pt\/wp-json\/wp\/v2\/types\/page"}],"author":[{"embeddable":true,"href":"https:\/\/www.ams-ag.de\/pt\/wp-json\/wp\/v2\/users\/1"}],"replies":[{"embeddable":true,"href":"https:\/\/www.ams-ag.de\/pt\/wp-json\/wp\/v2\/comments?post=2451"}],"version-history":[{"count":3,"href":"https:\/\/www.ams-ag.de\/pt\/wp-json\/wp\/v2\/pages\/2451\/revisions"}],"predecessor-version":[{"id":14510,"href":"https:\/\/www.ams-ag.de\/pt\/wp-json\/wp\/v2\/pages\/2451\/revisions\/14510"}],"wp:attachment":[{"href":"https:\/\/www.ams-ag.de\/pt\/wp-json\/wp\/v2\/media?parent=2451"}],"curies":[{"name":"wp","href":"https:\/\/api.w.org\/{rel}","templated":true}]}}