{"id":177,"date":"2023-02-14T06:23:34","date_gmt":"2023-02-14T05:23:34","guid":{"rendered":"http:\/\/www.ams-ag.de\/?page_id=177"},"modified":"2024-04-28T21:29:29","modified_gmt":"2024-04-28T19:29:29","slug":"via-ams","status":"publish","type":"page","link":"https:\/\/www.ams-ag.de\/pt\/ueber-ams\/","title":{"rendered":"sobre AMS"},"content":{"rendered":"<div data-elementor-type=\"wp-page\" data-elementor-id=\"177\" class=\"elementor elementor-177\" data-elementor-post-type=\"page\">\n\t\t\t\t\t\t<section class=\"elementor-section elementor-top-section elementor-element elementor-element-91bd841 elementor-section-boxed elementor-section-height-default elementor-section-height-default\" data-id=\"91bd841\" data-element_type=\"section\" data-e-type=\"section\">\n\t\t\t\t\t\t<div class=\"elementor-container elementor-column-gap-default\">\n\t\t\t\t\t<div class=\"elementor-column elementor-col-100 elementor-top-column elementor-element elementor-element-be57439\" data-id=\"be57439\" data-element_type=\"column\" data-e-type=\"column\">\n\t\t\t<div class=\"elementor-widget-wrap elementor-element-populated\">\n\t\t\t\t\t\t<div class=\"elementor-element elementor-element-1e251fe6 elementor-widget elementor-widget-heading\" data-id=\"1e251fe6\" data-element_type=\"widget\" data-e-type=\"widget\" data-widget_type=\"heading.default\">\n\t\t\t\t<div class=\"elementor-widget-container\">\n\t\t\t\t\t<h1 class=\"elementor-heading-title elementor-size-default\">Sobre AMS<\/h1>\t\t\t\t<\/div>\n\t\t\t\t<\/div>\n\t\t\t\t\t<\/div>\n\t\t<\/div>\n\t\t\t\t\t<\/div>\n\t\t<\/section>\n\t\t\t\t<section class=\"elementor-section elementor-top-section elementor-element elementor-element-a68b91f elementor-section-boxed elementor-section-height-default elementor-section-height-default\" data-id=\"a68b91f\" data-element_type=\"section\" data-e-type=\"section\">\n\t\t\t\t\t\t<div class=\"elementor-container elementor-column-gap-default\">\n\t\t\t\t\t<div class=\"elementor-column elementor-col-100 elementor-top-column elementor-element elementor-element-30efd8c\" data-id=\"30efd8c\" data-element_type=\"column\" data-e-type=\"column\">\n\t\t\t<div class=\"elementor-widget-wrap elementor-element-populated\">\n\t\t\t\t\t\t<div class=\"elementor-element elementor-element-62109b5 elementor-widget elementor-widget-heading\" data-id=\"62109b5\" data-element_type=\"widget\" data-e-type=\"widget\" data-widget_type=\"heading.default\">\n\t\t\t\t<div class=\"elementor-widget-container\">\n\t\t\t\t\t<h2 class=\"elementor-heading-title elementor-size-default\">Ol\u00e1 e bem-vindo!<\/h2>\t\t\t\t<\/div>\n\t\t\t\t<\/div>\n\t\t\t\t<div class=\"elementor-element elementor-element-401cdb3c elementor-widget elementor-widget-text-editor\" data-id=\"401cdb3c\" data-element_type=\"widget\" data-e-type=\"widget\" data-widget_type=\"text-editor.default\">\n\t\t\t\t<div class=\"elementor-widget-container\">\n\t\t\t\t\t\t\t\t\t<p>Nesta se\u00e7\u00e3o voc\u00ea pode saber mais sobre n\u00f3s e nossa empresa. Conhe\u00e7a o diretor administrativo Dr. Conhe\u00e7a Frank Beck e toda a equipe, leia sobre o Dr. Ludwig, o pai da terapia de campo magn\u00e9tico e assista a pequenos v\u00eddeos informativos.<\/p>\t\t\t\t\t\t\t\t<\/div>\n\t\t\t\t<\/div>\n\t\t\t\t\t<\/div>\n\t\t<\/div>\n\t\t\t\t\t<\/div>\n\t\t<\/section>\n\t\t\t\t<section class=\"elementor-section elementor-top-section elementor-element elementor-element-98c3102 elementor-section-boxed elementor-section-height-default elementor-section-height-default\" data-id=\"98c3102\" data-element_type=\"section\" data-e-type=\"section\">\n\t\t\t\t\t\t<div class=\"elementor-container elementor-column-gap-default\">\n\t\t\t\t\t<div class=\"elementor-column elementor-col-100 elementor-top-column elementor-element elementor-element-0748039\" data-id=\"0748039\" data-element_type=\"column\" data-e-type=\"column\">\n\t\t\t<div class=\"elementor-widget-wrap elementor-element-populated\">\n\t\t\t\t\t\t<div class=\"elementor-element elementor-element-5b2bf71 elementor-widget elementor-widget-heading\" data-id=\"5b2bf71\" data-element_type=\"widget\" data-e-type=\"widget\" data-widget_type=\"heading.default\">\n\t\t\t\t<div class=\"elementor-widget-container\">\n\t\t\t\t\t<h2 class=\"elementor-heading-title elementor-size-default\">Voc\u00ea pode navegar pelas seguintes categorias:<\/h2>\t\t\t\t<\/div>\n\t\t\t\t<\/div>\n\t\t\t\t<div class=\"elementor-element elementor-element-e02928d elementor-widget elementor-widget-text-editor\" data-id=\"e02928d\" data-element_type=\"widget\" data-e-type=\"widget\" data-widget_type=\"text-editor.default\">\n\t\t\t\t<div class=\"elementor-widget-container\">\n\t\t\t\t\t\t\t\t\t<ul><li><a href=\"https:\/\/www.ams-ag.de\/pt\/via-ams\/quem-somos\/\"><b>quem n\u00f3s somos<\/b><\/a><br \/>Aqui voc\u00ea pode encontrar algumas informa\u00e7\u00f5es importantes sobre a AMS GmbH.<\/li><li><a href=\"https:\/\/www.ams-ag.de\/pt\/via-ams\/dr-rer-nat-frank-beck\/\"><b>Dr. Frank Beck<\/b><\/a><br \/>Ele \u00e9 o diretor administrativo da AMS e tem um passado agitado. Seu caminho o levou atrav\u00e9s de destaques esportivos e um exigente diploma de qu\u00edmica at\u00e9 o Dr. Ludwig e terapia de campo magn\u00e9tico.<\/li><li><a href=\"https:\/\/www.ams-ag.de\/pt\/via-ams\/equipe-sou\/\"><b>Equipe AMS<\/b><\/a><br \/>A AMS consiste em um pequeno grupo de pessoas amig\u00e1veis e trabalhadoras - e tamb\u00e9m em alguns animais. Conhe\u00e7a-os um pouco melhor aqui.<\/li><li><a href=\"https:\/\/www.ams-ag.de\/pt\/via-ams\/sou-o-dr-ludwig\/\"><b>AMSDr. Ludwig<\/b><\/a><br \/>O que seria da terapia de campo magn\u00e9tico sem ele? N\u00e3o existiria - porque o Dr. re. n\u00e3o. W. Ludwig \u00e9 seu inventor e desenvolvedor. Como f\u00edsico, ele adorava o desafio da pesquisa e do desenvolvimento. Leia mais sobre este homem \u00fanico nesta se\u00e7\u00e3o.<\/li><li><a href=\"https:\/\/www.ams-ag.de\/pt\/via-ams\/retratos-de-filmes-ams\/\"><b>Retratos de filmes AMS<\/b><\/a><br \/>Existem tamb\u00e9m algumas imagens em movimento sobre n\u00f3s. Aqui voc\u00ea pode assistir a contribui\u00e7\u00f5es de v\u00eddeo mais antigas e mais recentes de diferentes fontes.<\/li><\/ul>\t\t\t\t\t\t\t\t<\/div>\n\t\t\t\t<\/div>\n\t\t\t\t\t<\/div>\n\t\t<\/div>\n\t\t\t\t\t<\/div>\n\t\t<\/section>\n\t\t\t\t<section class=\"elementor-section elementor-top-section elementor-element elementor-element-83a2f00 elementor-section-boxed elementor-section-height-default elementor-section-height-default\" data-id=\"83a2f00\" data-element_type=\"section\" data-e-type=\"section\" data-settings=\"{&quot;background_background&quot;:&quot;classic&quot;}\">\n\t\t\t\t\t\t<div class=\"elementor-container elementor-column-gap-default\">\n\t\t\t\t\t<div class=\"elementor-column elementor-col-100 elementor-top-column elementor-element elementor-element-8c1007c\" data-id=\"8c1007c\" data-element_type=\"column\" data-e-type=\"column\">\n\t\t\t<div class=\"elementor-widget-wrap elementor-element-populated\">\n\t\t\t\t\t\t<div class=\"elementor-element elementor-element-2bbae04 elementor-align-right elementor-mobile-align-center elementor-widget elementor-widget-button\" data-id=\"2bbae04\" data-element_type=\"widget\" data-e-type=\"widget\" data-widget_type=\"button.default\">\n\t\t\t\t<div class=\"elementor-widget-container\">\n\t\t\t\t\t\t\t\t\t<div class=\"elementor-button-wrapper\">\n\t\t\t\t\t<a class=\"elementor-button elementor-button-link elementor-size-sm\" href=\"https:\/\/www.ams-ag.de\/pt\/ueber-ams\/wer-wir-sind\/\">\n\t\t\t\t\t\t<span class=\"elementor-button-content-wrapper\">\n\t\t\t\t\t\t<span class=\"elementor-button-icon\">\n\t\t\t\t<i aria-hidden=\"true\" class=\"fas fa-arrow-right\"><\/i>\t\t\t<\/span>\n\t\t\t\t\t\t\t\t\t<span class=\"elementor-button-text\">quem n\u00f3s somos<\/span>\n\t\t\t\t\t<\/span>\n\t\t\t\t\t<\/a>\n\t\t\t\t<\/div>\n\t\t\t\t\t\t\t\t<\/div>\n\t\t\t\t<\/div>\n\t\t\t\t\t<\/div>\n\t\t<\/div>\n\t\t\t\t\t<\/div>\n\t\t<\/section>\n\t\t\t\t<\/div>","protected":false},"excerpt":{"rendered":"<p>\u00dcber AMS Hallo und herzlich Willkommen! In diesem Bereich erfahren Sie mehr \u00fcber uns und unser Unternehmen. Lernen Sie den Gesch\u00e4ftsf\u00fchrer Dr. Frank Beck und das gesamte Team kennen, lesen [&hellip;]<\/p>\n","protected":false},"author":1,"featured_media":0,"parent":0,"menu_order":5,"comment_status":"closed","ping_status":"closed","template":"","meta":{"pmpro_default_level":"","footnotes":""},"class_list":["post-177","page","type-page","status-publish","hentry","pmpro-has-access"],"_links":{"self":[{"href":"https:\/\/www.ams-ag.de\/pt\/wp-json\/wp\/v2\/pages\/177","targetHints":{"allow":["GET"]}}],"collection":[{"href":"https:\/\/www.ams-ag.de\/pt\/wp-json\/wp\/v2\/pages"}],"about":[{"href":"https:\/\/www.ams-ag.de\/pt\/wp-json\/wp\/v2\/types\/page"}],"author":[{"embeddable":true,"href":"https:\/\/www.ams-ag.de\/pt\/wp-json\/wp\/v2\/users\/1"}],"replies":[{"embeddable":true,"href":"https:\/\/www.ams-ag.de\/pt\/wp-json\/wp\/v2\/comments?post=177"}],"version-history":[{"count":6,"href":"https:\/\/www.ams-ag.de\/pt\/wp-json\/wp\/v2\/pages\/177\/revisions"}],"predecessor-version":[{"id":15748,"href":"https:\/\/www.ams-ag.de\/pt\/wp-json\/wp\/v2\/pages\/177\/revisions\/15748"}],"wp:attachment":[{"href":"https:\/\/www.ams-ag.de\/pt\/wp-json\/wp\/v2\/media?parent=177"}],"curies":[{"name":"wp","href":"https:\/\/api.w.org\/{rel}","templated":true}]}}