{"id":1426,"date":"2023-05-01T13:17:50","date_gmt":"2023-05-01T11:17:50","guid":{"rendered":"http:\/\/www.ams-ag.de\/?page_id=1426"},"modified":"2024-05-16T20:02:30","modified_gmt":"2024-05-16T18:02:30","slug":"terapia-de-campo-magnetico-e-medicina-bioinformativa","status":"publish","type":"page","link":"https:\/\/www.ams-ag.de\/pt\/grundlagen-magnetfeldtherapie\/magnetfeldtherapie-und-bioinformative-medizin\/","title":{"rendered":"Terapia de campo magn\u00e9tico e medicina bioinformativa"},"content":{"rendered":"<div data-elementor-type=\"wp-page\" data-elementor-id=\"1426\" class=\"elementor elementor-1426\" data-elementor-post-type=\"page\">\n\t\t\t\t\t\t<section class=\"elementor-section elementor-top-section elementor-element elementor-element-cdce28a elementor-section-boxed elementor-section-height-default elementor-section-height-default\" data-id=\"cdce28a\" data-element_type=\"section\" data-e-type=\"section\" data-settings=\"{&quot;background_background&quot;:&quot;classic&quot;}\">\n\t\t\t\t\t\t<div class=\"elementor-container elementor-column-gap-default\">\n\t\t\t\t\t<div class=\"elementor-column elementor-col-50 elementor-top-column elementor-element elementor-element-181e548\" data-id=\"181e548\" data-element_type=\"column\" data-e-type=\"column\">\n\t\t\t<div class=\"elementor-widget-wrap elementor-element-populated\">\n\t\t\t\t\t\t<div class=\"elementor-element elementor-element-18bf617 elementor-widget elementor-widget-image\" data-id=\"18bf617\" data-element_type=\"widget\" data-e-type=\"widget\" data-widget_type=\"image.default\">\n\t\t\t\t<div class=\"elementor-widget-container\">\n\t\t\t\t\t\t\t\t\t\t\t\t\t\t\t<img fetchpriority=\"high\" decoding=\"async\" width=\"768\" height=\"512\" src=\"https:\/\/www.ams-ag.de\/wp-content\/uploads\/2024\/02\/pexels-susanne-jutzeler-sujufoto-1169084-768x512.jpg\" class=\"attachment-medium_large size-medium_large wp-image-14375\" alt=\"\" srcset=\"https:\/\/www.ams-ag.de\/wp-content\/uploads\/2024\/02\/pexels-susanne-jutzeler-sujufoto-1169084-768x512.jpg 768w, https:\/\/www.ams-ag.de\/wp-content\/uploads\/2024\/02\/pexels-susanne-jutzeler-sujufoto-1169084-300x200.jpg 300w, https:\/\/www.ams-ag.de\/wp-content\/uploads\/2024\/02\/pexels-susanne-jutzeler-sujufoto-1169084-1536x1024.jpg 1536w, https:\/\/www.ams-ag.de\/wp-content\/uploads\/2024\/02\/pexels-susanne-jutzeler-sujufoto-1169084-18x12.jpg 18w, https:\/\/www.ams-ag.de\/wp-content\/uploads\/2024\/02\/pexels-susanne-jutzeler-sujufoto-1169084.jpg 1920w\" sizes=\"(max-width: 768px) 100vw, 768px\" \/>\t\t\t\t\t\t\t\t\t\t\t\t\t\t\t<\/div>\n\t\t\t\t<\/div>\n\t\t\t\t\t<\/div>\n\t\t<\/div>\n\t\t\t\t<div class=\"elementor-column elementor-col-50 elementor-top-column elementor-element elementor-element-c9d3ccb\" data-id=\"c9d3ccb\" data-element_type=\"column\" data-e-type=\"column\">\n\t\t\t<div class=\"elementor-widget-wrap elementor-element-populated\">\n\t\t\t\t\t\t<div class=\"elementor-element elementor-element-3578d0ff elementor-widget elementor-widget-heading\" data-id=\"3578d0ff\" data-element_type=\"widget\" data-e-type=\"widget\" data-widget_type=\"heading.default\">\n\t\t\t\t<div class=\"elementor-widget-container\">\n\t\t\t\t\t<h1 class=\"elementor-heading-title elementor-size-default\">Terapia de campo magn\u00e9tico e medicina bioinformativa<\/h1>\t\t\t\t<\/div>\n\t\t\t\t<\/div>\n\t\t\t\t\t<\/div>\n\t\t<\/div>\n\t\t\t\t\t<\/div>\n\t\t<\/section>\n\t\t\t\t<section class=\"elementor-section elementor-top-section elementor-element elementor-element-5387abd elementor-section-boxed elementor-section-height-default elementor-section-height-default\" data-id=\"5387abd\" data-element_type=\"section\" data-e-type=\"section\">\n\t\t\t\t\t\t<div class=\"elementor-container elementor-column-gap-default\">\n\t\t\t\t\t<div class=\"elementor-column elementor-col-100 elementor-top-column elementor-element elementor-element-4e2cbe2\" data-id=\"4e2cbe2\" data-element_type=\"column\" data-e-type=\"column\">\n\t\t\t<div class=\"elementor-widget-wrap elementor-element-populated\">\n\t\t\t\t\t\t<div class=\"elementor-element elementor-element-d115451 elementor-widget elementor-widget-heading\" data-id=\"d115451\" data-element_type=\"widget\" data-e-type=\"widget\" data-widget_type=\"heading.default\">\n\t\t\t\t<div class=\"elementor-widget-container\">\n\t\t\t\t\t<h2 class=\"elementor-heading-title elementor-size-default\">Terapia de campo magn\u00e9tico - para qu\u00ea?<\/h2>\t\t\t\t<\/div>\n\t\t\t\t<\/div>\n\t\t\t\t<div class=\"elementor-element elementor-element-58da6699 elementor-widget elementor-widget-text-editor\" data-id=\"58da6699\" data-element_type=\"widget\" data-e-type=\"widget\" data-widget_type=\"text-editor.default\">\n\t\t\t\t<div class=\"elementor-widget-container\">\n\t\t\t\t\t\t\t\t\t<p><b>O que se entende por terapia de campo magn\u00e9tico\/medicina bioinformativa?<\/b><\/p><p>A terapia de campo magn\u00e9tico \u00e9 adequada para ajudar o corpo a se regular. Portanto, n\u00e3o se trata de curar uma doen\u00e7a espec\u00edfica \u2013 n\u00e3o queremos e n\u00e3o podemos afirmar isso \u2013 mas nossos dispositivos geram vibra\u00e7\u00f5es bioenerg\u00e9ticas que estimulam processos de autorregula\u00e7\u00e3o.<\/p><p>Para isso, os aparelhos geram um campo eletromagn\u00e9tico que \u00e9 transmitido ao corpo. A aplica\u00e7\u00e3o \u00e9 muito simples: dependendo do dispositivo, o aplicador conectado ou o pr\u00f3prio dispositivo \u00e9 colocado sobre ou pr\u00f3ximo ao corpo. O campo eletromagn\u00e9tico penetra nas roupas e inunda todas as c\u00e9lulas.<\/p><p>Diferentes frequ\u00eancias podem ser usadas. Por exemplo, a inten\u00e7\u00e3o de uma aplica\u00e7\u00e3o pode ser estimulante ou calmante ou \u00fatil para a sensibilidade ao eletrosmog. Existem muitas outras aplica\u00e7\u00f5es poss\u00edveis - como j\u00e1 descrito, trata-se de ajudar o corpo a se regular.<\/p><p>Nossos pequenos dispositivos possuem frequ\u00eancias predefinidas que podem ser usadas e selecionadas dependendo da situa\u00e7\u00e3o. Os dispositivos grandes n\u00e3o possuem pr\u00e9-sele\u00e7\u00e3o de programa - eles oferecem a op\u00e7\u00e3o de definir diferentes frequ\u00eancias dentro de uma determinada largura de banda.<\/p><p>Voc\u00ea encontrar\u00e1 as informa\u00e7\u00f5es espec\u00edficas nas se\u00e7\u00f5es correspondentes dos respectivos produtos.<\/p>\t\t\t\t\t\t\t\t<\/div>\n\t\t\t\t<\/div>\n\t\t\t\t\t<\/div>\n\t\t<\/div>\n\t\t\t\t\t<\/div>\n\t\t<\/section>\n\t\t\t\t<section class=\"elementor-section elementor-top-section elementor-element elementor-element-68677c8 elementor-section-boxed elementor-section-height-default elementor-section-height-default\" data-id=\"68677c8\" data-element_type=\"section\" data-e-type=\"section\">\n\t\t\t\t\t\t<div class=\"elementor-container elementor-column-gap-default\">\n\t\t\t\t\t<div class=\"elementor-column elementor-col-100 elementor-top-column elementor-element elementor-element-ac7f362\" data-id=\"ac7f362\" data-element_type=\"column\" data-e-type=\"column\">\n\t\t\t<div class=\"elementor-widget-wrap elementor-element-populated\">\n\t\t\t\t\t\t<div class=\"elementor-element elementor-element-7a3f7ce elementor-widget elementor-widget-heading\" data-id=\"7a3f7ce\" data-element_type=\"widget\" data-e-type=\"widget\" data-widget_type=\"heading.default\">\n\t\t\t\t<div class=\"elementor-widget-container\">\n\t\t\t\t\t<h2 class=\"elementor-heading-title elementor-size-default\">Campos eletromagn\u00e9ticos alternados<\/h2>\t\t\t\t<\/div>\n\t\t\t\t<\/div>\n\t\t\t\t<div class=\"elementor-element elementor-element-c55d7f2 elementor-widget elementor-widget-text-editor\" data-id=\"c55d7f2\" data-element_type=\"widget\" data-e-type=\"widget\" data-widget_type=\"text-editor.default\">\n\t\t\t\t<div class=\"elementor-widget-container\">\n\t\t\t\t\t\t\t\t\t<p>A comunica\u00e7\u00e3o em nosso corpo ocorre com a ajuda de campos eletromagn\u00e9ticos alternados. A biof\u00edsica os chama de biof\u00f3tons. Eles funcionam como uma rede de informa\u00e7\u00e3o sem fio que controla todas as atividades celulares e promove a base para a autorregula\u00e7\u00e3o bioenerg\u00e9tica. A transmiss\u00e3o intra e extracelular de informa\u00e7\u00f5es ocorre por meio de efeitos de resson\u00e2ncia biol\u00f3gica.<\/p><p>Biof\u00f3tons ou campos eletromagn\u00e9ticos alternados s\u00e3o os acoplamentos mais elementares que ocorrem no organismo. Eles controlam todas as atividades celulares atrav\u00e9s de efeitos de resson\u00e2ncia biol\u00f3gica e formam a base para a autorregula\u00e7\u00e3o bioenerg\u00e9tica.<\/p><p>Aqueles do Dr. Dispositivos de terapia de campo magn\u00e9tico desenvolvidos por W. Ludwig geram campos eletromagn\u00e9ticos alternados que produzem efeitos de resson\u00e2ncia biol\u00f3gica e podem, assim, estimular bioenergeticamente processos regulat\u00f3rios e ativar poderes de autocura. Os dispositivos funcionam com base em campos eletromagn\u00e9ticos fracos e que mudam rapidamente na faixa de baixa e alta frequ\u00eancia (em harm\u00f4nicos de at\u00e9 10 MHz).<\/p>\t\t\t\t\t\t\t\t<\/div>\n\t\t\t\t<\/div>\n\t\t\t\t\t<\/div>\n\t\t<\/div>\n\t\t\t\t\t<\/div>\n\t\t<\/section>\n\t\t\t\t<section class=\"elementor-section elementor-top-section elementor-element elementor-element-b0c4549 elementor-section-boxed elementor-section-height-default elementor-section-height-default\" data-id=\"b0c4549\" data-element_type=\"section\" data-e-type=\"section\">\n\t\t\t\t\t\t<div class=\"elementor-container elementor-column-gap-default\">\n\t\t\t\t\t<div class=\"elementor-column elementor-col-100 elementor-top-column elementor-element elementor-element-57d96ec\" data-id=\"57d96ec\" data-element_type=\"column\" data-e-type=\"column\">\n\t\t\t<div class=\"elementor-widget-wrap elementor-element-populated\">\n\t\t\t\t\t\t<div class=\"elementor-element elementor-element-eefc975 elementor-widget elementor-widget-heading\" data-id=\"eefc975\" data-element_type=\"widget\" data-e-type=\"widget\" data-widget_type=\"heading.default\">\n\t\t\t\t<div class=\"elementor-widget-container\">\n\t\t\t\t\t<h2 class=\"elementor-heading-title elementor-size-default\">Por que um dispositivo do Dr. Ludwig?<\/h2>\t\t\t\t<\/div>\n\t\t\t\t<\/div>\n\t\t\t\t<div class=\"elementor-element elementor-element-30efbcf elementor-widget elementor-widget-text-editor\" data-id=\"30efbcf\" data-element_type=\"widget\" data-e-type=\"widget\" data-widget_type=\"text-editor.default\">\n\t\t\t\t<div class=\"elementor-widget-container\">\n\t\t\t\t\t\t\t\t\t<p><b>O que h\u00e1 de especial nos dispositivos AMS do Dr. Ludwig?<\/b><br \/>Foi importante para o Dr. Ludwig desenvolver dispositivos que gerassem um campo eletromagn\u00e9tico pulsante artificial que fosse o mais semelhante poss\u00edvel ao campo natural do ambiente. Ele queria ter certeza de que o corpo teria facilidade para entender esses sinais.<\/p><p>\u00c9 por isso que ele examinou minuciosamente o nosso ambiente com os campos naturais que nos rodeiam e concebeu os seus dispositivos de campo magn\u00e9tico de tal forma que estas frequ\u00eancias naturais sejam reproduzidas com a maior precis\u00e3o poss\u00edvel.<\/p><p>Ainda hoje, todos os nossos dispositivos s\u00e3o fabricados de acordo com o Dr. Ludwig construiu e assim gerou campos eletromagn\u00e9ticos em diferentes frequ\u00eancias que s\u00e3o particularmente facilmente compreendidos pelo corpo.<\/p><p>Leia abaixo o que o Dr. Ludwig prestou especial aten\u00e7\u00e3o ao desenvolvimento de seus dispositivos e como incorporou seu amplo conhecimento no desenvolvimento dos dispositivos.<\/p>\t\t\t\t\t\t\t\t<\/div>\n\t\t\t\t<\/div>\n\t\t\t\t\t<\/div>\n\t\t<\/div>\n\t\t\t\t\t<\/div>\n\t\t<\/section>\n\t\t\t\t<section class=\"elementor-section elementor-top-section elementor-element elementor-element-4851977 elementor-section-boxed elementor-section-height-default elementor-section-height-default\" data-id=\"4851977\" data-element_type=\"section\" data-e-type=\"section\">\n\t\t\t\t\t\t<div class=\"elementor-container elementor-column-gap-default\">\n\t\t\t\t\t<div class=\"elementor-column elementor-col-100 elementor-top-column elementor-element elementor-element-919a965\" data-id=\"919a965\" data-element_type=\"column\" data-e-type=\"column\">\n\t\t\t<div class=\"elementor-widget-wrap elementor-element-populated\">\n\t\t\t\t\t\t<div class=\"elementor-element elementor-element-be0251a elementor-widget elementor-widget-heading\" data-id=\"be0251a\" data-element_type=\"widget\" data-e-type=\"widget\" data-widget_type=\"heading.default\">\n\t\t\t\t<div class=\"elementor-widget-container\">\n\t\t\t\t\t<h2 class=\"elementor-heading-title elementor-size-default\">Campos magn\u00e9ticos pulsantes<\/h2>\t\t\t\t<\/div>\n\t\t\t\t<\/div>\n\t\t\t\t<div class=\"elementor-element elementor-element-cb3413c elementor-widget elementor-widget-text-editor\" data-id=\"cb3413c\" data-element_type=\"widget\" data-e-type=\"widget\" data-widget_type=\"text-editor.default\">\n\t\t\t\t<div class=\"elementor-widget-container\">\n\t\t\t\t\t\t\t\t\t<p><b>Os campos magn\u00e9ticos pulsantes t\u00eam certas propriedades das quais podemos tirar vantagem. Voc\u00ea pode descobrir mais sobre isso nos seguintes itens de menu:<\/b><\/p><ul><li>Uma pequena excurs\u00e3o pela f\u00edsica, para algumas no\u00e7\u00f5es b\u00e1sicas sobre campos eletromagn\u00e9ticos:<br \/><a class=\"internal-link\" title=\"Abre link interno na janela atual\" href=\"https:\/\/www.ams-ag.de\/pt\/fisica\/\"><b>f\u00edsica<\/b>.<\/a><\/li><li>Sinais ambientais fisiol\u00f3gicos: Schumann, geomagnetos e frequ\u00eancias solares - sinais que nos rodeiam naturalmente:<br \/><a class=\"internal-link\" title=\"Abre link interno na janela atual\" href=\"https:\/\/www.ams-ag.de\/pt\/sinais-ambientais\/\"><b>Sinais ambientais<\/b>.<\/a><\/li><li>Caracter\u00edsticas de qualidade dos dispositivos de campo magn\u00e9tico fisiologicamente eficazes \u2013 Que crit\u00e9rios os dispositivos devem cumprir em termos de intensidade do campo magn\u00e9tico e formato do pulso para poderem desenvolver todo o seu efeito?<br \/><a class=\"internal-link\" title=\"Abre link interno na janela atual\" href=\"https:\/\/www.ams-ag.de\/pt\/caracteristicas-de-qualidade\/\"><b>Recursos de qualidade<\/b><\/a><\/li><li><a class=\"internal-link\" title=\"Abre link interno na janela atual\" href=\"https:\/\/www.ams-ag.de\/pt\/frequencias-e-possiveis-aplicacoes\/\"><b>Frequ\u00eancias e poss\u00edveis aplica\u00e7\u00f5es<\/b><\/a> \u2013 Quais frequ\u00eancias s\u00e3o adequadas para uso?<\/li><li><a class=\"internal-link\" title=\"Abre link interno na janela atual\" href=\"https:\/\/www.ams-ag.de\/pt\/transferencia-de-substrato\/\"><b>Transfer\u00eancia de substrato<\/b><\/a> \u2013 Utiliza\u00e7\u00e3o do campo magn\u00e9tico pulsante como trilho de transporte para transmiss\u00e3o de informa\u00e7\u00f5es.<\/li><\/ul>\t\t\t\t\t\t\t\t<\/div>\n\t\t\t\t<\/div>\n\t\t\t\t\t<\/div>\n\t\t<\/div>\n\t\t\t\t\t<\/div>\n\t\t<\/section>\n\t\t\t\t<section class=\"elementor-section elementor-top-section elementor-element elementor-element-141228c elementor-section-boxed elementor-section-height-default elementor-section-height-default\" data-id=\"141228c\" data-element_type=\"section\" data-e-type=\"section\" data-settings=\"{&quot;background_background&quot;:&quot;classic&quot;}\">\n\t\t\t\t\t\t<div class=\"elementor-container elementor-column-gap-default\">\n\t\t\t\t\t<div class=\"elementor-column elementor-col-100 elementor-top-column elementor-element elementor-element-585427f\" data-id=\"585427f\" data-element_type=\"column\" data-e-type=\"column\">\n\t\t\t<div class=\"elementor-widget-wrap elementor-element-populated\">\n\t\t\t\t\t\t<div class=\"elementor-element elementor-element-5653943 elementor-align-right elementor-mobile-align-center elementor-widget elementor-widget-button\" data-id=\"5653943\" data-element_type=\"widget\" data-e-type=\"widget\" data-widget_type=\"button.default\">\n\t\t\t\t<div class=\"elementor-widget-container\">\n\t\t\t\t\t\t\t\t\t<div class=\"elementor-button-wrapper\">\n\t\t\t\t\t<a class=\"elementor-button elementor-button-link elementor-size-sm\" href=\"https:\/\/www.ams-ag.de\/pt\/grundlagen-magnetfeldtherapie\/magnetfeldtherapie-und-bioinformative-medizin\/physik\/\">\n\t\t\t\t\t\t<span class=\"elementor-button-content-wrapper\">\n\t\t\t\t\t\t<span class=\"elementor-button-icon\">\n\t\t\t\t<i aria-hidden=\"true\" class=\"fas fa-arrow-right\"><\/i>\t\t\t<\/span>\n\t\t\t\t\t\t\t\t\t<span class=\"elementor-button-text\">f\u00edsica<\/span>\n\t\t\t\t\t<\/span>\n\t\t\t\t\t<\/a>\n\t\t\t\t<\/div>\n\t\t\t\t\t\t\t\t<\/div>\n\t\t\t\t<\/div>\n\t\t\t\t\t<\/div>\n\t\t<\/div>\n\t\t\t\t\t<\/div>\n\t\t<\/section>\n\t\t\t\t<\/div>","protected":false},"excerpt":{"rendered":"<p>Magnetfeldtherapie und Bioinformative Medizin Magnetfeldtherapie &#8211; wof\u00fcr? Was versteht man unter der Magnetfeldtherapie \/ Bioinformativer Medizin Die Magnetfeldtherapie ist daf\u00fcr geeignet, dem K\u00f6rper zur Regulation zu verhelfen. Es geht also [&hellip;]<\/p>\n","protected":false},"author":1,"featured_media":0,"parent":1499,"menu_order":1,"comment_status":"closed","ping_status":"closed","template":"","meta":{"pmpro_default_level":"","footnotes":""},"class_list":["post-1426","page","type-page","status-publish","hentry","pmpro-has-access"],"_links":{"self":[{"href":"https:\/\/www.ams-ag.de\/pt\/wp-json\/wp\/v2\/pages\/1426","targetHints":{"allow":["GET"]}}],"collection":[{"href":"https:\/\/www.ams-ag.de\/pt\/wp-json\/wp\/v2\/pages"}],"about":[{"href":"https:\/\/www.ams-ag.de\/pt\/wp-json\/wp\/v2\/types\/page"}],"author":[{"embeddable":true,"href":"https:\/\/www.ams-ag.de\/pt\/wp-json\/wp\/v2\/users\/1"}],"replies":[{"embeddable":true,"href":"https:\/\/www.ams-ag.de\/pt\/wp-json\/wp\/v2\/comments?post=1426"}],"version-history":[{"count":24,"href":"https:\/\/www.ams-ag.de\/pt\/wp-json\/wp\/v2\/pages\/1426\/revisions"}],"predecessor-version":[{"id":17513,"href":"https:\/\/www.ams-ag.de\/pt\/wp-json\/wp\/v2\/pages\/1426\/revisions\/17513"}],"up":[{"embeddable":true,"href":"https:\/\/www.ams-ag.de\/pt\/wp-json\/wp\/v2\/pages\/1499"}],"wp:attachment":[{"href":"https:\/\/www.ams-ag.de\/pt\/wp-json\/wp\/v2\/media?parent=1426"}],"curies":[{"name":"wp","href":"https:\/\/api.w.org\/{rel}","templated":true}]}}