{"id":1400,"date":"2023-05-01T13:09:21","date_gmt":"2023-05-01T11:09:21","guid":{"rendered":"http:\/\/www.ams-ag.de\/?page_id=1400"},"modified":"2024-05-07T16:31:27","modified_gmt":"2024-05-07T14:31:27","slug":"simbolo-de-seta","status":"publish","type":"page","link":"https:\/\/www.ams-ag.de\/pt\/grundlagen-magnetfeldtherapie\/pfeilsymbol\/","title":{"rendered":"S\u00edmbolo de seta"},"content":{"rendered":"<div data-elementor-type=\"wp-page\" data-elementor-id=\"1400\" class=\"elementor elementor-1400\" data-elementor-post-type=\"page\">\n\t\t\t\t\t\t<section class=\"elementor-section elementor-top-section elementor-element elementor-element-dd69c20 elementor-section-boxed elementor-section-height-default elementor-section-height-default\" data-id=\"dd69c20\" data-element_type=\"section\" data-e-type=\"section\">\n\t\t\t\t\t\t<div class=\"elementor-container elementor-column-gap-default\">\n\t\t\t\t\t<div class=\"elementor-column elementor-col-100 elementor-top-column elementor-element elementor-element-cc12421\" data-id=\"cc12421\" data-element_type=\"column\" data-e-type=\"column\">\n\t\t\t<div class=\"elementor-widget-wrap elementor-element-populated\">\n\t\t\t\t\t\t<div class=\"elementor-element elementor-element-44754997 elementor-widget elementor-widget-heading\" data-id=\"44754997\" data-element_type=\"widget\" data-e-type=\"widget\" data-widget_type=\"heading.default\">\n\t\t\t\t<div class=\"elementor-widget-container\">\n\t\t\t\t\t<h1 class=\"elementor-heading-title elementor-size-default\">O s\u00edmbolo da seta<\/h1>\t\t\t\t<\/div>\n\t\t\t\t<\/div>\n\t\t\t\t\t<\/div>\n\t\t<\/div>\n\t\t\t\t\t<\/div>\n\t\t<\/section>\n\t\t\t\t<section class=\"elementor-section elementor-top-section elementor-element elementor-element-db092ed elementor-section-boxed elementor-section-height-default elementor-section-height-default\" data-id=\"db092ed\" data-element_type=\"section\" data-e-type=\"section\">\n\t\t\t\t\t\t<div class=\"elementor-container elementor-column-gap-default\">\n\t\t\t\t\t<div class=\"elementor-column elementor-col-100 elementor-top-column elementor-element elementor-element-c4a6401\" data-id=\"c4a6401\" data-element_type=\"column\" data-e-type=\"column\">\n\t\t\t<div class=\"elementor-widget-wrap elementor-element-populated\">\n\t\t\t\t\t\t<div class=\"elementor-element elementor-element-9aa6a7d elementor-widget elementor-widget-heading\" data-id=\"9aa6a7d\" data-element_type=\"widget\" data-e-type=\"widget\" data-widget_type=\"heading.default\">\n\t\t\t\t<div class=\"elementor-widget-container\">\n\t\t\t\t\t<h2 class=\"elementor-heading-title elementor-size-default\">Dr. Ludwig - s\u00edmbolo de seta<\/h2>\t\t\t\t<\/div>\n\t\t\t\t<\/div>\n\t\t\t\t<div class=\"elementor-element elementor-element-1cf97f0e elementor-widget elementor-widget-text-editor\" data-id=\"1cf97f0e\" data-element_type=\"widget\" data-e-type=\"widget\" data-widget_type=\"text-editor.default\">\n\t\t\t\t<div class=\"elementor-widget-container\">\n\t\t\t\t\t\t\t\t\t<p>Voc\u00ea pode reconhecer rapidamente os dispositivos desenvolvidos pelo Dr. Ludwig pelo s\u00edmbolo de seta. Este s\u00edmbolo representa a cria\u00e7\u00e3o de um biocampo eletromagn\u00e9tico modelado na natureza imperturbada. Oferecemos uma ampla gama de produtos que consiste em diferentes dispositivos pequenos e grandes, todos baseados na tecnologia Dr. Ludwig.<\/p>\t\t\t\t\t\t\t\t<\/div>\n\t\t\t\t<\/div>\n\t\t\t\t<div class=\"elementor-element elementor-element-7de9013 elementor-widget elementor-widget-image\" data-id=\"7de9013\" data-element_type=\"widget\" data-e-type=\"widget\" data-widget_type=\"image.default\">\n\t\t\t\t<div class=\"elementor-widget-container\">\n\t\t\t\t\t\t\t\t\t\t\t\t\t\t\t<img decoding=\"async\" width=\"75\" height=\"75\" src=\"https:\/\/www.ams-ag.de\/wp-content\/uploads\/2023\/05\/image-32.jpeg\" class=\"attachment-large size-large wp-image-1730\" alt=\"S\u00edmbolo de seta de Dr. Ludwig\" \/>\t\t\t\t\t\t\t\t\t\t\t\t\t\t\t<\/div>\n\t\t\t\t<\/div>\n\t\t\t\t\t<\/div>\n\t\t<\/div>\n\t\t\t\t\t<\/div>\n\t\t<\/section>\n\t\t\t\t<section class=\"elementor-section elementor-top-section elementor-element elementor-element-d4cbb4a elementor-section-boxed elementor-section-height-default elementor-section-height-default\" data-id=\"d4cbb4a\" data-element_type=\"section\" data-e-type=\"section\">\n\t\t\t\t\t\t<div class=\"elementor-container elementor-column-gap-default\">\n\t\t\t\t\t<div class=\"elementor-column elementor-col-100 elementor-top-column elementor-element elementor-element-fdc414f\" data-id=\"fdc414f\" data-element_type=\"column\" data-e-type=\"column\">\n\t\t\t<div class=\"elementor-widget-wrap elementor-element-populated\">\n\t\t\t\t\t\t<div class=\"elementor-element elementor-element-ead1d37 elementor-widget-divider--view-line elementor-widget elementor-widget-divider\" data-id=\"ead1d37\" data-element_type=\"widget\" data-e-type=\"widget\" data-widget_type=\"divider.default\">\n\t\t\t\t<div class=\"elementor-widget-container\">\n\t\t\t\t\t\t\t<div class=\"elementor-divider\">\n\t\t\t<span class=\"elementor-divider-separator\">\n\t\t\t\t\t\t<\/span>\n\t\t<\/div>\n\t\t\t\t\t\t<\/div>\n\t\t\t\t<\/div>\n\t\t\t\t<div class=\"elementor-element elementor-element-a89db95 elementor-widget elementor-widget-heading\" data-id=\"a89db95\" data-element_type=\"widget\" data-e-type=\"widget\" data-widget_type=\"heading.default\">\n\t\t\t\t<div class=\"elementor-widget-container\">\n\t\t\t\t\t<h2 class=\"elementor-heading-title elementor-size-default\">Os seguintes crit\u00e9rios s\u00e3o atendidos:<\/h2>\t\t\t\t<\/div>\n\t\t\t\t<\/div>\n\t\t\t\t<div class=\"elementor-element elementor-element-c0f6db2 elementor-widget elementor-widget-text-editor\" data-id=\"c0f6db2\" data-element_type=\"widget\" data-e-type=\"widget\" data-widget_type=\"text-editor.default\">\n\t\t\t\t<div class=\"elementor-widget-container\">\n\t\t\t\t\t\t\t\t\t<ul><li>Gera\u00e7\u00e3o dos diversos sinais ambientais (frequ\u00eancias Schumann, geomagn\u00e9ticas e solares)<br \/><a href=\"https:\/\/www.ams-ag.de\/pt\/nocoes-basicas-de-terapia-de-campo-magnetico\/terapia-de-campo-magnetico-e-medicina-bioinformativa\/sinais-ambientais\/\"><b>Sinais ambientais<\/b><\/a><\/li><li>Considera\u00e7\u00e3o dos recursos de qualidade:<br \/><a href=\"https:\/\/www.ams-ag.de\/pt\/nocoes-basicas-de-terapia-de-campo-magnetico\/terapia-de-campo-magnetico-e-medicina-bioinformativa\/caracteristicas-de-qualidade\/\"><b>Recursos de qualidade<\/b><\/a><ul><li>A forma do sinal corresponde \u00e0 transmiss\u00e3o do impulso nervoso.<\/li><li>Dependendo do dispositivo, a intensidade do campo magn\u00e9tico emitido varia entre 0,2 \u2013 20 \u00b5Tesla.<\/li><\/ul><\/li><li>Todos os dispositivos possuem uma sele\u00e7\u00e3o de frequ\u00eancias diferentes - desde programas predefinidos para dispositivos pequenos ou da faixa completa de 0,1 a 1000 Hz para dispositivos grandes. Al\u00e9m disso, todos os dispositivos geram as frequ\u00eancias geomagn\u00e9ticas e grande parte das frequ\u00eancias solares e mais 2.000 Hz (2 KHz).<br \/><a href=\"https:\/\/www.ams-ag.de\/pt\/nocoes-basicas-de-terapia-de-campo-magnetico\/terapia-de-campo-magnetico-e-medicina-bioinformativa\/frequencias-e-possiveis-aplicacoes\/\"><b>frequ\u00eancias<\/b><\/a><\/li><li>Cada um dos dispositivos pode ser usado para a transfer\u00eancia de substrato de informa\u00e7\u00f5es ex\u00f3genas e end\u00f3genas atrav\u00e9s de seu campo magn\u00e9tico pulsante.<br \/><a href=\"https:\/\/www.ams-ag.de\/pt\/nocoes-basicas-de-terapia-de-campo-magnetico\/terapia-de-campo-magnetico-e-medicina-bioinformativa\/transferencia-de-substrato\/\"><b>Transfer\u00eancia de substrato<\/b><\/a><\/li><\/ul>\t\t\t\t\t\t\t\t<\/div>\n\t\t\t\t<\/div>\n\t\t\t\t\t<\/div>\n\t\t<\/div>\n\t\t\t\t\t<\/div>\n\t\t<\/section>\n\t\t\t\t<section class=\"elementor-section elementor-top-section elementor-element elementor-element-66d8ba8 elementor-section-boxed elementor-section-height-default elementor-section-height-default\" data-id=\"66d8ba8\" data-element_type=\"section\" data-e-type=\"section\" data-settings=\"{&quot;background_background&quot;:&quot;classic&quot;}\">\n\t\t\t\t\t\t<div class=\"elementor-container elementor-column-gap-default\">\n\t\t\t\t\t<div class=\"elementor-column elementor-col-100 elementor-top-column elementor-element elementor-element-56e08a6\" data-id=\"56e08a6\" data-element_type=\"column\" data-e-type=\"column\">\n\t\t\t<div class=\"elementor-widget-wrap elementor-element-populated\">\n\t\t\t\t\t\t<div class=\"elementor-element elementor-element-1904865 elementor-align-right elementor-mobile-align-center elementor-widget elementor-widget-button\" data-id=\"1904865\" data-element_type=\"widget\" data-e-type=\"widget\" data-widget_type=\"button.default\">\n\t\t\t\t<div class=\"elementor-widget-container\">\n\t\t\t\t\t\t\t\t\t<div class=\"elementor-button-wrapper\">\n\t\t\t\t\t<a class=\"elementor-button elementor-button-link elementor-size-sm\" href=\"https:\/\/www.ams-ag.de\/pt\/grundlagen-magnetfeldtherapie\/geschichte-unserer-geraete\/\">\n\t\t\t\t\t\t<span class=\"elementor-button-content-wrapper\">\n\t\t\t\t\t\t<span class=\"elementor-button-icon\">\n\t\t\t\t<i aria-hidden=\"true\" class=\"fas fa-arrow-right\"><\/i>\t\t\t<\/span>\n\t\t\t\t\t\t\t\t\t<span class=\"elementor-button-text\">Hist\u00f3ria dos nossos dispositivos<\/span>\n\t\t\t\t\t<\/span>\n\t\t\t\t\t<\/a>\n\t\t\t\t<\/div>\n\t\t\t\t\t\t\t\t<\/div>\n\t\t\t\t<\/div>\n\t\t\t\t\t<\/div>\n\t\t<\/div>\n\t\t\t\t\t<\/div>\n\t\t<\/section>\n\t\t\t\t<\/div>","protected":false},"excerpt":{"rendered":"<p>Das Pfeilsymbol Dr. Ludwig &#8211; Pfeilsymbol Die von Dr. Ludwig entwickelten Ger\u00e4te erkennen Sie auf einen Blick an dem Pfeilsymbol. Dieses Symbol steht f\u00fcr die Erzeugung eines elektromagnetischen Biofeldes, das [&hellip;]<\/p>\n","protected":false},"author":1,"featured_media":0,"parent":1499,"menu_order":2,"comment_status":"closed","ping_status":"closed","template":"","meta":{"pmpro_default_level":"","footnotes":""},"class_list":["post-1400","page","type-page","status-publish","hentry","pmpro-has-access"],"_links":{"self":[{"href":"https:\/\/www.ams-ag.de\/pt\/wp-json\/wp\/v2\/pages\/1400","targetHints":{"allow":["GET"]}}],"collection":[{"href":"https:\/\/www.ams-ag.de\/pt\/wp-json\/wp\/v2\/pages"}],"about":[{"href":"https:\/\/www.ams-ag.de\/pt\/wp-json\/wp\/v2\/types\/page"}],"author":[{"embeddable":true,"href":"https:\/\/www.ams-ag.de\/pt\/wp-json\/wp\/v2\/users\/1"}],"replies":[{"embeddable":true,"href":"https:\/\/www.ams-ag.de\/pt\/wp-json\/wp\/v2\/comments?post=1400"}],"version-history":[{"count":9,"href":"https:\/\/www.ams-ag.de\/pt\/wp-json\/wp\/v2\/pages\/1400\/revisions"}],"predecessor-version":[{"id":17236,"href":"https:\/\/www.ams-ag.de\/pt\/wp-json\/wp\/v2\/pages\/1400\/revisions\/17236"}],"up":[{"embeddable":true,"href":"https:\/\/www.ams-ag.de\/pt\/wp-json\/wp\/v2\/pages\/1499"}],"wp:attachment":[{"href":"https:\/\/www.ams-ag.de\/pt\/wp-json\/wp\/v2\/media?parent=1400"}],"curies":[{"name":"wp","href":"https:\/\/api.w.org\/{rel}","templated":true}]}}