{"id":1396,"date":"2023-05-01T13:08:03","date_gmt":"2023-05-01T11:08:03","guid":{"rendered":"http:\/\/www.ams-ag.de\/?page_id=1396"},"modified":"2024-05-07T16:29:06","modified_gmt":"2024-05-07T14:29:06","slug":"frequencias-e-possiveis-aplicacoes","status":"publish","type":"page","link":"https:\/\/www.ams-ag.de\/pt\/grundlagen-magnetfeldtherapie\/magnetfeldtherapie-und-bioinformative-medizin\/frequenzen-und-anwendungsmoeglichkeiten\/","title":{"rendered":"Frequ\u00eancias e poss\u00edveis aplica\u00e7\u00f5es"},"content":{"rendered":"<div data-elementor-type=\"wp-page\" data-elementor-id=\"1396\" class=\"elementor elementor-1396\" data-elementor-post-type=\"page\">\n\t\t\t\t\t\t<section class=\"elementor-section elementor-top-section elementor-element elementor-element-dd3b7bd elementor-section-boxed elementor-section-height-default elementor-section-height-default\" data-id=\"dd3b7bd\" data-element_type=\"section\" data-e-type=\"section\" data-settings=\"{&quot;background_background&quot;:&quot;classic&quot;}\">\n\t\t\t\t\t\t<div class=\"elementor-container elementor-column-gap-default\">\n\t\t\t\t\t<div class=\"elementor-column elementor-col-50 elementor-top-column elementor-element elementor-element-451a6df\" data-id=\"451a6df\" data-element_type=\"column\" data-e-type=\"column\">\n\t\t\t<div class=\"elementor-widget-wrap elementor-element-populated\">\n\t\t\t\t\t\t<div class=\"elementor-element elementor-element-750fb81 elementor-widget elementor-widget-image\" data-id=\"750fb81\" data-element_type=\"widget\" data-e-type=\"widget\" data-widget_type=\"image.default\">\n\t\t\t\t<div class=\"elementor-widget-container\">\n\t\t\t\t\t\t\t\t\t\t\t\t\t\t\t<img fetchpriority=\"high\" decoding=\"async\" width=\"768\" height=\"576\" src=\"https:\/\/www.ams-ag.de\/wp-content\/uploads\/2024\/02\/pexels-luan-rezende-1093161-768x576.jpg\" class=\"attachment-medium_large size-medium_large wp-image-14407\" alt=\"\" srcset=\"https:\/\/www.ams-ag.de\/wp-content\/uploads\/2024\/02\/pexels-luan-rezende-1093161-768x576.jpg 768w, https:\/\/www.ams-ag.de\/wp-content\/uploads\/2024\/02\/pexels-luan-rezende-1093161-300x225.jpg 300w, https:\/\/www.ams-ag.de\/wp-content\/uploads\/2024\/02\/pexels-luan-rezende-1093161-1365x1024.jpg 1365w, https:\/\/www.ams-ag.de\/wp-content\/uploads\/2024\/02\/pexels-luan-rezende-1093161-1536x1152.jpg 1536w, https:\/\/www.ams-ag.de\/wp-content\/uploads\/2024\/02\/pexels-luan-rezende-1093161-16x12.jpg 16w, https:\/\/www.ams-ag.de\/wp-content\/uploads\/2024\/02\/pexels-luan-rezende-1093161.jpg 1920w\" sizes=\"(max-width: 768px) 100vw, 768px\" \/>\t\t\t\t\t\t\t\t\t\t\t\t\t\t\t<\/div>\n\t\t\t\t<\/div>\n\t\t\t\t\t<\/div>\n\t\t<\/div>\n\t\t\t\t<div class=\"elementor-column elementor-col-50 elementor-top-column elementor-element elementor-element-30d22ed\" data-id=\"30d22ed\" data-element_type=\"column\" data-e-type=\"column\">\n\t\t\t<div class=\"elementor-widget-wrap elementor-element-populated\">\n\t\t\t\t\t\t<div class=\"elementor-element elementor-element-41a8966c elementor-widget elementor-widget-heading\" data-id=\"41a8966c\" data-element_type=\"widget\" data-e-type=\"widget\" data-widget_type=\"heading.default\">\n\t\t\t\t<div class=\"elementor-widget-container\">\n\t\t\t\t\t<h1 class=\"elementor-heading-title elementor-size-default\">Frequ\u00eancias e poss\u00edveis aplica\u00e7\u00f5es<\/h1>\t\t\t\t<\/div>\n\t\t\t\t<\/div>\n\t\t\t\t\t<\/div>\n\t\t<\/div>\n\t\t\t\t\t<\/div>\n\t\t<\/section>\n\t\t\t\t<section class=\"elementor-section elementor-top-section elementor-element elementor-element-33692e36 elementor-section-boxed elementor-section-height-default elementor-section-height-default\" data-id=\"33692e36\" data-element_type=\"section\" data-e-type=\"section\">\n\t\t\t\t\t\t<div class=\"elementor-container elementor-column-gap-default\">\n\t\t\t\t\t<div class=\"elementor-column elementor-col-100 elementor-top-column elementor-element elementor-element-2e746f82\" data-id=\"2e746f82\" data-element_type=\"column\" data-e-type=\"column\">\n\t\t\t<div class=\"elementor-widget-wrap elementor-element-populated\">\n\t\t\t\t\t\t<div class=\"elementor-element elementor-element-d2a5aec elementor-widget elementor-widget-heading\" data-id=\"d2a5aec\" data-element_type=\"widget\" data-e-type=\"widget\" data-widget_type=\"heading.default\">\n\t\t\t\t<div class=\"elementor-widget-container\">\n\t\t\t\t\t<h2 class=\"elementor-heading-title elementor-size-default\">Melhorar a capacidade de regular<\/h2>\t\t\t\t<\/div>\n\t\t\t\t<\/div>\n\t\t\t\t<div class=\"elementor-element elementor-element-695a6a88 elementor-widget elementor-widget-text-editor\" data-id=\"695a6a88\" data-element_type=\"widget\" data-e-type=\"widget\" data-widget_type=\"text-editor.default\">\n\t\t\t\t<div class=\"elementor-widget-container\">\n\t\t\t\t\t\t\t\t\t<p>Mesmo nos tempos antigos, as doen\u00e7as eram tratadas com sucesso com a chamada \u201cmagnetita\u201d (pedra magn\u00e9tica natural). O princ\u00edpio \u00e9 simples: os campos magn\u00e9ticos podem melhorar a capacidade de regula\u00e7\u00e3o e assim contribuir para a ativa\u00e7\u00e3o de poderes de autocura.<\/p><p>Uma das frequ\u00eancias mais importantes - sen\u00e3o a frequ\u00eancia mais importante de todas - \u00e9 o valor principal do espectro de frequ\u00eancias Schumann com o valor de 7,8 Hz. \u00c9 neutro, equilibrador e suporta concentra\u00e7\u00e3o. Chamamos isso de \u201cfrequ\u00eancia de bem-estar\u201d.<\/p><p><a href=\"https:\/\/www.ams-ag.de\/pt\/nocoes-basicas-de-terapia-de-campo-magnetico\/terapia-de-campo-magnetico-e-medicina-bioinformativa\/sinais-ambientais\/#Schumannfrequenz\"><b>Espectro de frequ\u00eancia Schumann<\/b><\/a><\/p>\t\t\t\t\t\t\t\t<\/div>\n\t\t\t\t<\/div>\n\t\t\t\t\t<\/div>\n\t\t<\/div>\n\t\t\t\t\t<\/div>\n\t\t<\/section>\n\t\t\t\t<section class=\"elementor-section elementor-top-section elementor-element elementor-element-65120cdc elementor-section-boxed elementor-section-height-default elementor-section-height-default\" data-id=\"65120cdc\" data-element_type=\"section\" data-e-type=\"section\">\n\t\t\t\t\t\t<div class=\"elementor-container elementor-column-gap-default\">\n\t\t\t\t\t<div class=\"elementor-column elementor-col-100 elementor-top-column elementor-element elementor-element-28b9658c\" data-id=\"28b9658c\" data-element_type=\"column\" data-e-type=\"column\" data-settings=\"{&quot;background_background&quot;:&quot;classic&quot;}\">\n\t\t\t<div class=\"elementor-widget-wrap elementor-element-populated\">\n\t\t\t\t\t\t<div class=\"elementor-element elementor-element-7f3e3c0b elementor-widget elementor-widget-heading\" data-id=\"7f3e3c0b\" data-element_type=\"widget\" data-e-type=\"widget\" data-widget_type=\"heading.default\">\n\t\t\t\t<div class=\"elementor-widget-container\">\n\t\t\t\t\t<h2 class=\"elementor-heading-title elementor-size-default\">Estudo duplo-cego<\/h2>\t\t\t\t<\/div>\n\t\t\t\t<\/div>\n\t\t\t\t<div class=\"elementor-element elementor-element-1c03cb58 elementor-widget elementor-widget-text-editor\" data-id=\"1c03cb58\" data-element_type=\"widget\" data-e-type=\"widget\" data-widget_type=\"text-editor.default\">\n\t\t\t\t<div class=\"elementor-widget-container\">\n\t\t\t\t\t\t\t\t\tO estudo randomizado, duplo-cego, controlado por placebo, conduzido pelo Dr. Ludwig desenvolveu o MEDICUR\u00ae no King&#039;s College Hospital em Londres em 2001 e comprovou a efic\u00e1cia de 7,8 Hz para osteoartrite de joelho de acordo com crit\u00e9rios m\u00e9dicos convencionais. Se estiver interessado, voc\u00ea pode baixar o estudo (em ingl\u00eas), que foi publicado em uma revista revisada por pares, aqui:\t\t\t\t\t\t\t\t<\/div>\n\t\t\t\t<\/div>\n\t\t\t\t<div class=\"elementor-element elementor-element-f254201 elementor-tabs-view-vertical elementor-widget elementor-widget-tabs\" data-id=\"f254201\" data-element_type=\"widget\" data-e-type=\"widget\" data-widget_type=\"tabs.default\">\n\t\t\t\t<div class=\"elementor-widget-container\">\n\t\t\t\t\t\t\t<div class=\"elementor-tabs\">\n\t\t\t<div class=\"elementor-tabs-wrapper\" role=\"tablist\" >\n\t\t\t\t\t\t\t\t\t<div id=\"elementor-tab-title-2541\" class=\"elementor-tab-title elementor-tab-desktop-title\" aria-selected=\"true\" data-tab=\"1\" role=\"tab\" tabindex=\"0\" aria-controls=\"elementor-tab-content-2541\" aria-expanded=\"false\">Ingl\u00eas<\/div>\n\t\t\t\t\t\t\t<\/div>\n\t\t\t<div class=\"elementor-tabs-content-wrapper\" role=\"tablist\" aria-orientation=\"vertical\">\n\t\t\t\t\t\t\t\t\t<div class=\"elementor-tab-title elementor-tab-mobile-title\" aria-selected=\"true\" data-tab=\"1\" role=\"tab\" tabindex=\"0\" aria-controls=\"elementor-tab-content-2541\" aria-expanded=\"false\">Ingl\u00eas<\/div>\n\t\t\t\t\t<div id=\"elementor-tab-content-2541\" class=\"elementor-tab-content elementor-clearfix\" data-tab=\"1\" role=\"tabpanel\" aria-labelledby=\"elementor-tab-title-2541\" tabindex=\"0\" hidden=\"false\"><ul>\n \t<li><strong><a href=\"https:\/\/www.ams-ag.de\/wp-content\/uploads\/2023\/06\/AMS_Doubleblind_study_Medicur.pdf\" target=\"_blank\" rel=\"noopener\">estudo duplo-cego MEDICUR\u00ae (100 KB) en<\/a><\/strong><\/li>\n<\/ul><\/div>\n\t\t\t\t\t\t\t<\/div>\n\t\t<\/div>\n\t\t\t\t\t\t<\/div>\n\t\t\t\t<\/div>\n\t\t\t\t\t<\/div>\n\t\t<\/div>\n\t\t\t\t\t<\/div>\n\t\t<\/section>\n\t\t\t\t<section class=\"elementor-section elementor-top-section elementor-element elementor-element-b7bc0b8 elementor-section-boxed elementor-section-height-default elementor-section-height-default\" data-id=\"b7bc0b8\" data-element_type=\"section\" data-e-type=\"section\">\n\t\t\t\t\t\t<div class=\"elementor-container elementor-column-gap-default\">\n\t\t\t\t\t<div class=\"elementor-column elementor-col-100 elementor-top-column elementor-element elementor-element-42710d07\" data-id=\"42710d07\" data-element_type=\"column\" data-e-type=\"column\">\n\t\t\t<div class=\"elementor-widget-wrap elementor-element-populated\">\n\t\t\t\t\t\t<section class=\"elementor-section elementor-inner-section elementor-element elementor-element-4f5e64a3 elementor-section-boxed elementor-section-height-default elementor-section-height-default\" data-id=\"4f5e64a3\" data-element_type=\"section\" data-e-type=\"section\">\n\t\t\t\t\t\t<div class=\"elementor-container elementor-column-gap-default\">\n\t\t\t\t\t<div class=\"elementor-column elementor-col-100 elementor-inner-column elementor-element elementor-element-6675cf93\" data-id=\"6675cf93\" data-element_type=\"column\" data-e-type=\"column\">\n\t\t\t<div class=\"elementor-widget-wrap elementor-element-populated\">\n\t\t\t\t\t\t<div class=\"elementor-element elementor-element-cab1ce3 elementor-widget elementor-widget-heading\" data-id=\"cab1ce3\" data-element_type=\"widget\" data-e-type=\"widget\" data-widget_type=\"heading.default\">\n\t\t\t\t<div class=\"elementor-widget-container\">\n\t\t\t\t\t<h2 class=\"elementor-heading-title elementor-size-default\">Sele\u00e7\u00e3o de frequ\u00eancia<\/h2>\t\t\t\t<\/div>\n\t\t\t\t<\/div>\n\t\t\t\t<div class=\"elementor-element elementor-element-1b7e305c elementor-widget elementor-widget-text-editor\" data-id=\"1b7e305c\" data-element_type=\"widget\" data-e-type=\"widget\" data-widget_type=\"text-editor.default\">\n\t\t\t\t<div class=\"elementor-widget-container\">\n\t\t\t\t\t\t\t\t\t<p>\u00c9 importante encontrar a frequ\u00eancia certa para a aplica\u00e7\u00e3o. Em geral, qualquer frequ\u00eancia pode ser adequada para uma aplica\u00e7\u00e3o. Algumas frequ\u00eancias provaram ser \u00fateis para determinadas situa\u00e7\u00f5es. Por exemplo, existem frequ\u00eancias estimulantes, por um lado, e aquelas que s\u00e3o mais utilizadas para relaxamento, por outro.<\/p><table class=\"contenttable contenttable-0\"><tbody><tr class=\"tr-even tr-0\"><td class=\"td-0\">7,8Hz<\/td><td class=\"td-1\">equil\u00edbrio<\/td><td class=\"td-last td-2\">Frequ\u00eancia de bem-estar<\/td><\/tr><tr class=\"tr-odd tr-1\"><td class=\"td-0\">33Hz<\/td><td class=\"td-1\">estimulante<\/td><td class=\"td-last td-2\">caf\u00e9 eletromagn\u00e9tico<\/td><\/tr><tr class=\"tr-even tr-2\"><td class=\"td-0\">3,0Hz<\/td><td class=\"td-1\">calmante<\/td><td class=\"td-last td-2\">lavanda eletromagn\u00e9tica<\/td><\/tr><tr class=\"tr-odd tr-last\"><td class=\"td-0\">1,2Hz<\/td><td class=\"td-1\">relaxante<\/td><td class=\"td-last td-2\">\u00fatil para eletrossensibilidade<\/td><\/tr><\/tbody><\/table>\t\t\t\t\t\t\t\t<\/div>\n\t\t\t\t<\/div>\n\t\t\t\t<div class=\"elementor-element elementor-element-cceb8bf elementor-widget elementor-widget-heading\" data-id=\"cceb8bf\" data-element_type=\"widget\" data-e-type=\"widget\" data-widget_type=\"heading.default\">\n\t\t\t\t<div class=\"elementor-widget-container\">\n\t\t\t\t\t<h2 class=\"elementor-heading-title elementor-size-default\">Dispositivos de campo magn\u00e9tico do Dr. Ludwig<\/h2>\t\t\t\t<\/div>\n\t\t\t\t<\/div>\n\t\t\t\t<div class=\"elementor-element elementor-element-07c05a2 elementor-widget elementor-widget-text-editor\" data-id=\"07c05a2\" data-element_type=\"widget\" data-e-type=\"widget\" data-widget_type=\"text-editor.default\">\n\t\t\t\t<div class=\"elementor-widget-container\">\n\t\t\t\t\t\t\t\t\t<p>Com os pequenos dispositivos do Dr. Ludwig, dependendo do modelo, diferentes frequ\u00eancias predefinidas podem ser selecionadas para uso. Uma configura\u00e7\u00e3o para o valor principal do espectro de frequ\u00eancia Schumann, 7,8 Hz, est\u00e1 dispon\u00edvel em cada dispositivo.<\/p>\n<p><a href=\"https:\/\/www.ams-ag.de\/pt\/produtos\/suprimentos-para-casa\/pequenos-dispositivos\/\"><b>Pequenas aplica\u00e7\u00f5es<\/b><\/a><\/p>\n<p>Todos os dispositivos tamb\u00e9m cont\u00eam componentes que s\u00e3o informados pelas frequ\u00eancias geomagn\u00e9ticas j\u00e1 descritas, para que esta informa\u00e7\u00e3o seja transportada junto com o campo magn\u00e9tico de cada frequ\u00eancia selecionada.<\/p>\n<p>Alguns dos pequenos dispositivos (MEDICUR\u00aepro, METRONOM solar e METRONOM C) tamb\u00e9m cont\u00eam duas bobinas separadas que emitem os seguintes espectros de frequ\u00eancia com cada frequ\u00eancia selecionada:<\/p>\n<ul>\n<li>Frequ\u00eancias solares<\/li>\n<li>2.000 Hz (2 KHz)<\/li>\n<\/ul>\n<p>Com o MEDICUR\u00aecolor, as frequ\u00eancias solares eletromagn\u00e9ticas s\u00e3o emitidas em espectros diferentes dependendo da escolha da cor.<\/p>\n<p>Os dispositivos grandes podem ser usados para definir qualquer frequ\u00eancia entre 0,1 e 1000 Hz. Al\u00e9m disso, as frequ\u00eancias geomagn\u00e9ticas e solares s\u00e3o geradas automaticamente.<\/p>\n<p><a href=\"https:\/\/www.ams-ag.de\/pt\/produtos\/terapeutas\/dispositivos-grandes\/\"><b>Aparelhos grandes<\/b><\/a><\/p>\n<p>Chamamos Schumann, frequ\u00eancias geomagn\u00e9ticas e solares de \u201cpadr\u00f5es biol\u00f3gicos\u201d. A descri\u00e7\u00e3o exata dessas frequ\u00eancias pode ser encontrada no item de menu Sinais Ambientais.<\/p>\n<p><a href=\"https:\/\/www.ams-ag.de\/pt\/nocoes-basicas-de-terapia-de-campo-magnetico\/terapia-de-campo-magnetico-e-medicina-bioinformativa\/sinais-ambientais\/\"><b>Sinais ambientais<\/b><\/a><\/p>\t\t\t\t\t\t\t\t<\/div>\n\t\t\t\t<\/div>\n\t\t\t\t<div class=\"elementor-element elementor-element-afa9feb elementor-widget elementor-widget-heading\" data-id=\"afa9feb\" data-element_type=\"widget\" data-e-type=\"widget\" data-widget_type=\"heading.default\">\n\t\t\t\t<div class=\"elementor-widget-container\">\n\t\t\t\t\t<h2 class=\"elementor-heading-title elementor-size-default\">Transfer\u00eancia de informa\u00e7\u00f5es<\/h2>\t\t\t\t<\/div>\n\t\t\t\t<\/div>\n\t\t\t\t<div class=\"elementor-element elementor-element-e47b280 elementor-widget elementor-widget-text-editor\" data-id=\"e47b280\" data-element_type=\"widget\" data-e-type=\"widget\" data-widget_type=\"text-editor.default\">\n\t\t\t\t<div class=\"elementor-widget-container\">\n\t\t\t\t\t\t\t\t\t<p>Uma propriedade das ondas eletromagn\u00e9ticas \u00e9 a capacidade de absorver e transportar informa\u00e7\u00f5es. A onda eletromagn\u00e9tica dos nossos dispositivos pode ser usada como um sinal de aplica\u00e7\u00e3o puro com a frequ\u00eancia apropriada e tamb\u00e9m como onda portadora. Ele pode transportar informa\u00e7\u00f5es ex\u00f3genas (corpo estranho) e end\u00f3genas (do pr\u00f3prio corpo).<\/p>\n<p>Os aparelhos pequenos possuem porta-ampolas para essa finalidade. Dispositivos grandes oferecem a op\u00e7\u00e3o de conectar um copo (MEDICUP) para transfer\u00eancia de informa\u00e7\u00f5es\/oscila\u00e7\u00e3o do substrato.<\/p>\n<p>Voc\u00ea pode ler sobre o que \u00e9 a oscila\u00e7\u00e3o de substratos e informa\u00e7\u00f5es aqui:<\/p>\t\t\t\t\t\t\t\t<\/div>\n\t\t\t\t<\/div>\n\t\t\t\t\t<\/div>\n\t\t<\/div>\n\t\t\t\t\t<\/div>\n\t\t<\/section>\n\t\t\t\t\t<\/div>\n\t\t<\/div>\n\t\t\t\t\t<\/div>\n\t\t<\/section>\n\t\t\t\t<section class=\"elementor-section elementor-top-section elementor-element elementor-element-157b915 elementor-section-boxed elementor-section-height-default elementor-section-height-default\" data-id=\"157b915\" data-element_type=\"section\" data-e-type=\"section\" data-settings=\"{&quot;background_background&quot;:&quot;classic&quot;}\">\n\t\t\t\t\t\t<div class=\"elementor-container elementor-column-gap-default\">\n\t\t\t\t\t<div class=\"elementor-column elementor-col-100 elementor-top-column elementor-element elementor-element-a085a92\" data-id=\"a085a92\" data-element_type=\"column\" data-e-type=\"column\">\n\t\t\t<div class=\"elementor-widget-wrap elementor-element-populated\">\n\t\t\t\t\t\t<div class=\"elementor-element elementor-element-0b3fc97 elementor-align-right elementor-mobile-align-center elementor-widget elementor-widget-button\" data-id=\"0b3fc97\" data-element_type=\"widget\" data-e-type=\"widget\" data-widget_type=\"button.default\">\n\t\t\t\t<div class=\"elementor-widget-container\">\n\t\t\t\t\t\t\t\t\t<div class=\"elementor-button-wrapper\">\n\t\t\t\t\t<a class=\"elementor-button elementor-button-link elementor-size-sm\" href=\"https:\/\/www.ams-ag.de\/pt\/grundlagen-magnetfeldtherapie\/magnetfeldtherapie-und-bioinformative-medizin\/substratuebertragung\/\">\n\t\t\t\t\t\t<span class=\"elementor-button-content-wrapper\">\n\t\t\t\t\t\t<span class=\"elementor-button-icon\">\n\t\t\t\t<i aria-hidden=\"true\" class=\"fas fa-arrow-right\"><\/i>\t\t\t<\/span>\n\t\t\t\t\t\t\t\t\t<span class=\"elementor-button-text\">Transfer\u00eancia de substrato<\/span>\n\t\t\t\t\t<\/span>\n\t\t\t\t\t<\/a>\n\t\t\t\t<\/div>\n\t\t\t\t\t\t\t\t<\/div>\n\t\t\t\t<\/div>\n\t\t\t\t\t<\/div>\n\t\t<\/div>\n\t\t\t\t\t<\/div>\n\t\t<\/section>\n\t\t\t\t<\/div>","protected":false},"excerpt":{"rendered":"<p>Frequenzen und Anwendungsm\u00f6glichkeiten Verbesserung der Regulationsf\u00e4higkeit Bereits im Altertum wurden Krankheiten mit sogenanntem &#8222;Magnetit&#8220; (nat\u00fcrlicher Magnet\u00adstein) erfolgreich behandelt. Das Prinzip ist einfach: Magnetfelder k\u00f6nnen die Regulations\u00adf\u00e4higkeit\u00a0verbessern und so zur Aktivierung [&hellip;]<\/p>\n","protected":false},"author":1,"featured_media":0,"parent":1426,"menu_order":4,"comment_status":"closed","ping_status":"closed","template":"","meta":{"pmpro_default_level":"","footnotes":""},"class_list":["post-1396","page","type-page","status-publish","hentry","pmpro-has-access"],"_links":{"self":[{"href":"https:\/\/www.ams-ag.de\/pt\/wp-json\/wp\/v2\/pages\/1396","targetHints":{"allow":["GET"]}}],"collection":[{"href":"https:\/\/www.ams-ag.de\/pt\/wp-json\/wp\/v2\/pages"}],"about":[{"href":"https:\/\/www.ams-ag.de\/pt\/wp-json\/wp\/v2\/types\/page"}],"author":[{"embeddable":true,"href":"https:\/\/www.ams-ag.de\/pt\/wp-json\/wp\/v2\/users\/1"}],"replies":[{"embeddable":true,"href":"https:\/\/www.ams-ag.de\/pt\/wp-json\/wp\/v2\/comments?post=1396"}],"version-history":[{"count":33,"href":"https:\/\/www.ams-ag.de\/pt\/wp-json\/wp\/v2\/pages\/1396\/revisions"}],"predecessor-version":[{"id":17233,"href":"https:\/\/www.ams-ag.de\/pt\/wp-json\/wp\/v2\/pages\/1396\/revisions\/17233"}],"up":[{"embeddable":true,"href":"https:\/\/www.ams-ag.de\/pt\/wp-json\/wp\/v2\/pages\/1426"}],"wp:attachment":[{"href":"https:\/\/www.ams-ag.de\/pt\/wp-json\/wp\/v2\/media?parent=1396"}],"curies":[{"name":"wp","href":"https:\/\/api.w.org\/{rel}","templated":true}]}}