{"id":1390,"date":"2023-05-01T13:06:27","date_gmt":"2023-05-01T11:06:27","guid":{"rendered":"http:\/\/www.ams-ag.de\/?page_id=1390"},"modified":"2024-05-04T17:41:13","modified_gmt":"2024-05-04T15:41:13","slug":"fisica","status":"publish","type":"page","link":"https:\/\/www.ams-ag.de\/pt\/grundlagen-magnetfeldtherapie\/magnetfeldtherapie-und-bioinformative-medizin\/physik\/","title":{"rendered":"f\u00edsica"},"content":{"rendered":"<div data-elementor-type=\"wp-page\" data-elementor-id=\"1390\" class=\"elementor elementor-1390\" data-elementor-post-type=\"page\">\n\t\t\t\t\t\t<section class=\"elementor-section elementor-top-section elementor-element elementor-element-0bf3d98 elementor-section-boxed elementor-section-height-default elementor-section-height-default\" data-id=\"0bf3d98\" data-element_type=\"section\" data-e-type=\"section\" data-settings=\"{&quot;background_background&quot;:&quot;classic&quot;}\">\n\t\t\t\t\t\t<div class=\"elementor-container elementor-column-gap-default\">\n\t\t\t\t\t<div class=\"elementor-column elementor-col-50 elementor-top-column elementor-element elementor-element-03f1c4a\" data-id=\"03f1c4a\" data-element_type=\"column\" data-e-type=\"column\">\n\t\t\t<div class=\"elementor-widget-wrap elementor-element-populated\">\n\t\t\t\t\t\t<div class=\"elementor-element elementor-element-39bb046 elementor-widget elementor-widget-image\" data-id=\"39bb046\" data-element_type=\"widget\" data-e-type=\"widget\" data-widget_type=\"image.default\">\n\t\t\t\t<div class=\"elementor-widget-container\">\n\t\t\t\t\t\t\t\t\t\t\t\t\t\t\t<img fetchpriority=\"high\" decoding=\"async\" width=\"768\" height=\"538\" src=\"https:\/\/www.ams-ag.de\/wp-content\/uploads\/2024\/02\/pexels-pixabay-60582-768x538.jpg\" class=\"attachment-medium_large size-medium_large wp-image-14386\" alt=\"\" srcset=\"https:\/\/www.ams-ag.de\/wp-content\/uploads\/2024\/02\/pexels-pixabay-60582-768x538.jpg 768w, https:\/\/www.ams-ag.de\/wp-content\/uploads\/2024\/02\/pexels-pixabay-60582-300x210.jpg 300w, https:\/\/www.ams-ag.de\/wp-content\/uploads\/2024\/02\/pexels-pixabay-60582-1461x1024.jpg 1461w, https:\/\/www.ams-ag.de\/wp-content\/uploads\/2024\/02\/pexels-pixabay-60582-1536x1077.jpg 1536w, https:\/\/www.ams-ag.de\/wp-content\/uploads\/2024\/02\/pexels-pixabay-60582-18x12.jpg 18w, https:\/\/www.ams-ag.de\/wp-content\/uploads\/2024\/02\/pexels-pixabay-60582.jpg 1920w\" sizes=\"(max-width: 768px) 100vw, 768px\" \/>\t\t\t\t\t\t\t\t\t\t\t\t\t\t\t<\/div>\n\t\t\t\t<\/div>\n\t\t\t\t\t<\/div>\n\t\t<\/div>\n\t\t\t\t<div class=\"elementor-column elementor-col-50 elementor-top-column elementor-element elementor-element-6555d40\" data-id=\"6555d40\" data-element_type=\"column\" data-e-type=\"column\">\n\t\t\t<div class=\"elementor-widget-wrap elementor-element-populated\">\n\t\t\t\t\t\t<div class=\"elementor-element elementor-element-4ac6ddc2 elementor-widget elementor-widget-heading\" data-id=\"4ac6ddc2\" data-element_type=\"widget\" data-e-type=\"widget\" data-widget_type=\"heading.default\">\n\t\t\t\t<div class=\"elementor-widget-container\">\n\t\t\t\t\t<h1 class=\"elementor-heading-title elementor-size-default\">F\u00edsico<\/br> Fundamentos<\/h1>\t\t\t\t<\/div>\n\t\t\t\t<\/div>\n\t\t\t\t\t<\/div>\n\t\t<\/div>\n\t\t\t\t\t<\/div>\n\t\t<\/section>\n\t\t\t\t<section class=\"elementor-section elementor-top-section elementor-element elementor-element-a1fb2f8 elementor-section-boxed elementor-section-height-default elementor-section-height-default\" data-id=\"a1fb2f8\" data-element_type=\"section\" data-e-type=\"section\">\n\t\t\t\t\t\t<div class=\"elementor-container elementor-column-gap-default\">\n\t\t\t\t\t<div class=\"elementor-column elementor-col-100 elementor-top-column elementor-element elementor-element-715ff52\" data-id=\"715ff52\" data-element_type=\"column\" data-e-type=\"column\">\n\t\t\t<div class=\"elementor-widget-wrap elementor-element-populated\">\n\t\t\t\t\t\t<div class=\"elementor-element elementor-element-42cdfd8 elementor-widget elementor-widget-heading\" data-id=\"42cdfd8\" data-element_type=\"widget\" data-e-type=\"widget\" data-widget_type=\"heading.default\">\n\t\t\t\t<div class=\"elementor-widget-container\">\n\t\t\t\t\t<h2 class=\"elementor-heading-title elementor-size-default\">Campos electromagn\u00e9ticos<\/h2>\t\t\t\t<\/div>\n\t\t\t\t<\/div>\n\t\t\t\t<div class=\"elementor-element elementor-element-3c25946 elementor-widget elementor-widget-text-editor\" data-id=\"3c25946\" data-element_type=\"widget\" data-e-type=\"widget\" data-widget_type=\"text-editor.default\">\n\t\t\t\t<div class=\"elementor-widget-container\">\n\t\t\t\t\t\t\t\t\t<p>O que \u00e9 isso, na verdade? E onde eles est\u00e3o?<\/p>\n<p>O cosmos, todos os organismos vivos, pessoas, animais e plantas consistem apenas em uma bilion\u00e9sima parte de mat\u00e9ria s\u00f3lida, os n\u00facleos at\u00f4micos e os el\u00e9trons que os rodeiam. No meio existe um grande espa\u00e7o que parece \u201cvazio\u201d, mas est\u00e1 cheio de ondas eletromagn\u00e9ticas. Esses campos eletromagn\u00e9ticos comunicam-se entre si e com o mundo exterior.<\/p>\t\t\t\t\t\t\t\t<\/div>\n\t\t\t\t<\/div>\n\t\t\t\t\t<\/div>\n\t\t<\/div>\n\t\t\t\t\t<\/div>\n\t\t<\/section>\n\t\t\t\t<section class=\"elementor-section elementor-top-section elementor-element elementor-element-78e8d74 elementor-section-boxed elementor-section-height-default elementor-section-height-default\" data-id=\"78e8d74\" data-element_type=\"section\" data-e-type=\"section\">\n\t\t\t\t\t\t<div class=\"elementor-container elementor-column-gap-default\">\n\t\t\t\t\t<div class=\"elementor-column elementor-col-100 elementor-top-column elementor-element elementor-element-ba99030\" data-id=\"ba99030\" data-element_type=\"column\" data-e-type=\"column\">\n\t\t\t<div class=\"elementor-widget-wrap elementor-element-populated\">\n\t\t\t\t\t\t<div class=\"elementor-element elementor-element-5d44fbf elementor-widget elementor-widget-heading\" data-id=\"5d44fbf\" data-element_type=\"widget\" data-e-type=\"widget\" data-widget_type=\"heading.default\">\n\t\t\t\t<div class=\"elementor-widget-container\">\n\t\t\t\t\t<h2 class=\"elementor-heading-title elementor-size-default\">Pesquisar<\/h2>\t\t\t\t<\/div>\n\t\t\t\t<\/div>\n\t\t\t\t<div class=\"elementor-element elementor-element-479cd60 elementor-widget elementor-widget-text-editor\" data-id=\"479cd60\" data-element_type=\"widget\" data-e-type=\"widget\" data-widget_type=\"text-editor.default\">\n\t\t\t\t<div class=\"elementor-widget-container\">\n\t\t\t\t\t\t\t\t\t<p>Em seu trabalho padr\u00e3o \u201cMedicina Informativa\u201d, o f\u00edsico Dr. W. Ludwig:<\/p><p>\u201cA f\u00edsica qu\u00e2ntica provou que os quanta vibracionais (quanta de intera\u00e7\u00e3o, especialmente os f\u00f3tons) s\u00e3o superiores \u00e0 mat\u00e9ria e a influenciam.\u201d<\/p><p>O vencedor do Pr\u00e9mio Nobel, Carlo Rubia (Pr\u00e9mio Nobel de 1984), Diretor Geral do acelerador de part\u00edculas CERN, perto de Genebra, colocou isto muito claramente: \u201cNormalmente, s\u00f3 olhamos para a mat\u00e9ria porque podemos v\u00ea-la e toc\u00e1-la. No entanto, os quanta de intera\u00e7\u00e3o que mant\u00eam a mat\u00e9ria unida e a controlam s\u00e3o muito mais importantes.\u201d<\/p><p>Extensos experimentos do Prof. FA Popp foram capazes de mostrar que uma c\u00e9lula que morre repentinamente libera sua luz e envia a informa\u00e7\u00e3o estrutural modulada para a vizinhan\u00e7a para que uma nova c\u00e9lula com a mesma estrutura possa surgir.<\/p><p>As c\u00e9lulas se comunicam por meio da luz \u2013 essa luz \u00e9 chamada de biof\u00f3tons. O n\u00edvel de intera\u00e7\u00e3o, ou seja, o n\u00edvel de biof\u00f3tons, \u00e9 superior \u00e0 mat\u00e9ria e a controla - portanto, todos os processos vitais ocorrem usando biof\u00f3tons.<\/p>\t\t\t\t\t\t\t\t<\/div>\n\t\t\t\t<\/div>\n\t\t\t\t\t<\/div>\n\t\t<\/div>\n\t\t\t\t\t<\/div>\n\t\t<\/section>\n\t\t\t\t<section class=\"elementor-section elementor-top-section elementor-element elementor-element-e68fd83 elementor-section-boxed elementor-section-height-default elementor-section-height-default\" data-id=\"e68fd83\" data-element_type=\"section\" data-e-type=\"section\">\n\t\t\t\t\t\t<div class=\"elementor-container elementor-column-gap-default\">\n\t\t\t\t\t<div class=\"elementor-column elementor-col-100 elementor-top-column elementor-element elementor-element-3316c51\" data-id=\"3316c51\" data-element_type=\"column\" data-e-type=\"column\">\n\t\t\t<div class=\"elementor-widget-wrap elementor-element-populated\">\n\t\t\t\t\t\t<div class=\"elementor-element elementor-element-617d23e elementor-widget elementor-widget-heading\" data-id=\"617d23e\" data-element_type=\"widget\" data-e-type=\"widget\" data-widget_type=\"heading.default\">\n\t\t\t\t<div class=\"elementor-widget-container\">\n\t\t\t\t\t<h2 class=\"elementor-heading-title elementor-size-default\">Dr. W. Ludwig<\/h2>\t\t\t\t<\/div>\n\t\t\t\t<\/div>\n\t\t\t\t<div class=\"elementor-element elementor-element-4ace5f8 elementor-widget elementor-widget-text-editor\" data-id=\"4ace5f8\" data-element_type=\"widget\" data-e-type=\"widget\" data-widget_type=\"text-editor.default\">\n\t\t\t\t<div class=\"elementor-widget-container\">\n\t\t\t\t\t\t\t\t\t<p>Dr. W. Ludwig (1927 \u2013 2004) buscou utilizar um dispositivo para gerar ondas eletromagn\u00e9ticas que pudessem ser compreendidas pelo corpo. Eles deveriam ser modelados na natureza imperturbada. S\u00f3 assim podem provocar uma rea\u00e7\u00e3o do corpo. \u00c9 por isso que ele examinou os sinais ambientais fisiol\u00f3gicos que nos rodeiam (frequ\u00eancia Schumann, frequ\u00eancias geomagn\u00e9ticas e solares). Para sua tese de doutorado, ele se concentrou na influ\u00eancia dos campos eletromagn\u00e9ticos no sistema nervoso.<\/p>\t\t\t\t\t\t\t\t<\/div>\n\t\t\t\t<\/div>\n\t\t\t\t\t<\/div>\n\t\t<\/div>\n\t\t\t\t\t<\/div>\n\t\t<\/section>\n\t\t\t\t<section class=\"elementor-section elementor-top-section elementor-element elementor-element-e554997 elementor-section-boxed elementor-section-height-default elementor-section-height-default\" data-id=\"e554997\" data-element_type=\"section\" data-e-type=\"section\" data-settings=\"{&quot;background_background&quot;:&quot;classic&quot;}\">\n\t\t\t\t\t\t<div class=\"elementor-container elementor-column-gap-default\">\n\t\t\t\t\t<div class=\"elementor-column elementor-col-100 elementor-top-column elementor-element elementor-element-b1c07e6\" data-id=\"b1c07e6\" data-element_type=\"column\" data-e-type=\"column\">\n\t\t\t<div class=\"elementor-widget-wrap elementor-element-populated\">\n\t\t\t\t\t\t<div class=\"elementor-element elementor-element-0a85bab elementor-align-right elementor-mobile-align-center elementor-widget elementor-widget-button\" data-id=\"0a85bab\" data-element_type=\"widget\" data-e-type=\"widget\" data-widget_type=\"button.default\">\n\t\t\t\t<div class=\"elementor-widget-container\">\n\t\t\t\t\t\t\t\t\t<div class=\"elementor-button-wrapper\">\n\t\t\t\t\t<a class=\"elementor-button elementor-button-link elementor-size-sm\" href=\"https:\/\/www.ams-ag.de\/pt\/grundlagen-magnetfeldtherapie\/magnetfeldtherapie-und-bioinformative-medizin\/umweltsignale\/\">\n\t\t\t\t\t\t<span class=\"elementor-button-content-wrapper\">\n\t\t\t\t\t\t<span class=\"elementor-button-icon\">\n\t\t\t\t<i aria-hidden=\"true\" class=\"fas fa-arrow-right\"><\/i>\t\t\t<\/span>\n\t\t\t\t\t\t\t\t\t<span class=\"elementor-button-text\">Sinais ambientais<\/span>\n\t\t\t\t\t<\/span>\n\t\t\t\t\t<\/a>\n\t\t\t\t<\/div>\n\t\t\t\t\t\t\t\t<\/div>\n\t\t\t\t<\/div>\n\t\t\t\t\t<\/div>\n\t\t<\/div>\n\t\t\t\t\t<\/div>\n\t\t<\/section>\n\t\t\t\t<\/div>","protected":false},"excerpt":{"rendered":"<p>Physikalische Grundlagen Elektromagnetische Felder Was ist das eigentlich? Und wo befinden sie sich? Der Kosmos, alle lebenden Organismen, Menschen, Tiere und Pflanzen bestehen nur aus einem milliardsten Teil fester Materie, [&hellip;]<\/p>\n","protected":false},"author":1,"featured_media":0,"parent":1426,"menu_order":1,"comment_status":"closed","ping_status":"closed","template":"","meta":{"pmpro_default_level":"","footnotes":""},"class_list":["post-1390","page","type-page","status-publish","hentry","pmpro-has-access"],"_links":{"self":[{"href":"https:\/\/www.ams-ag.de\/pt\/wp-json\/wp\/v2\/pages\/1390","targetHints":{"allow":["GET"]}}],"collection":[{"href":"https:\/\/www.ams-ag.de\/pt\/wp-json\/wp\/v2\/pages"}],"about":[{"href":"https:\/\/www.ams-ag.de\/pt\/wp-json\/wp\/v2\/types\/page"}],"author":[{"embeddable":true,"href":"https:\/\/www.ams-ag.de\/pt\/wp-json\/wp\/v2\/users\/1"}],"replies":[{"embeddable":true,"href":"https:\/\/www.ams-ag.de\/pt\/wp-json\/wp\/v2\/comments?post=1390"}],"version-history":[{"count":12,"href":"https:\/\/www.ams-ag.de\/pt\/wp-json\/wp\/v2\/pages\/1390\/revisions"}],"predecessor-version":[{"id":16111,"href":"https:\/\/www.ams-ag.de\/pt\/wp-json\/wp\/v2\/pages\/1390\/revisions\/16111"}],"up":[{"embeddable":true,"href":"https:\/\/www.ams-ag.de\/pt\/wp-json\/wp\/v2\/pages\/1426"}],"wp:attachment":[{"href":"https:\/\/www.ams-ag.de\/pt\/wp-json\/wp\/v2\/media?parent=1390"}],"curies":[{"name":"wp","href":"https:\/\/api.w.org\/{rel}","templated":true}]}}