{"id":1381,"date":"2023-04-30T12:25:53","date_gmt":"2023-04-30T10:25:53","guid":{"rendered":"http:\/\/www.ams-ag.de\/?page_id=1381"},"modified":"2024-10-16T17:24:37","modified_gmt":"2024-10-16T15:24:37","slug":"locacao","status":"publish","type":"page","link":"https:\/\/www.ams-ag.de\/pt\/informationen\/leasing\/","title":{"rendered":"loca\u00e7\u00e3o"},"content":{"rendered":"<div data-elementor-type=\"wp-page\" data-elementor-id=\"1381\" class=\"elementor elementor-1381\" data-elementor-post-type=\"page\">\n\t\t\t\t\t\t<section class=\"elementor-section elementor-top-section elementor-element elementor-element-aa8963d elementor-section-boxed elementor-section-height-default elementor-section-height-default\" data-id=\"aa8963d\" data-element_type=\"section\" data-e-type=\"section\">\n\t\t\t\t\t\t<div class=\"elementor-container elementor-column-gap-default\">\n\t\t\t\t\t<div class=\"elementor-column elementor-col-100 elementor-top-column elementor-element elementor-element-12974f4\" data-id=\"12974f4\" data-element_type=\"column\" data-e-type=\"column\">\n\t\t\t<div class=\"elementor-widget-wrap elementor-element-populated\">\n\t\t\t\t\t\t<div class=\"elementor-element elementor-element-5212f198 elementor-widget elementor-widget-heading\" data-id=\"5212f198\" data-element_type=\"widget\" data-e-type=\"widget\" data-widget_type=\"heading.default\">\n\t\t\t\t<div class=\"elementor-widget-container\">\n\t\t\t\t\t<h1 class=\"elementor-heading-title elementor-size-default\">loca\u00e7\u00e3o<\/h1>\t\t\t\t<\/div>\n\t\t\t\t<\/div>\n\t\t\t\t\t<\/div>\n\t\t<\/div>\n\t\t\t\t\t<\/div>\n\t\t<\/section>\n\t\t\t\t<section class=\"elementor-section elementor-top-section elementor-element elementor-element-6ea29ae elementor-section-boxed elementor-section-height-default elementor-section-height-default\" data-id=\"6ea29ae\" data-element_type=\"section\" data-e-type=\"section\">\n\t\t\t\t\t\t<div class=\"elementor-container elementor-column-gap-default\">\n\t\t\t\t\t<div class=\"elementor-column elementor-col-100 elementor-top-column elementor-element elementor-element-3f65530\" data-id=\"3f65530\" data-element_type=\"column\" data-e-type=\"column\">\n\t\t\t<div class=\"elementor-widget-wrap elementor-element-populated\">\n\t\t\t\t\t\t<div class=\"elementor-element elementor-element-9940405 elementor-widget elementor-widget-heading\" data-id=\"9940405\" data-element_type=\"widget\" data-e-type=\"widget\" data-widget_type=\"heading.default\">\n\t\t\t\t<div class=\"elementor-widget-container\">\n\t\t\t\t\t<h2 class=\"elementor-heading-title elementor-size-default\">nossa oferta para voc\u00ea<\/h2>\t\t\t\t<\/div>\n\t\t\t\t<\/div>\n\t\t\t\t<div class=\"elementor-element elementor-element-b4a0c7 elementor-widget elementor-widget-text-editor\" data-id=\"b4a0c7\" data-element_type=\"widget\" data-e-type=\"widget\" data-widget_type=\"text-editor.default\">\n\t\t\t\t<div class=\"elementor-widget-container\">\n\t\t\t\t\t\t\t\t\t<p>\u00c0s vezes \u00e9 assim: o dinheiro para a compra desejada n\u00e3o pode ser arrecadado de uma s\u00f3 vez.<\/p>\n<p>Mas n\u00e3o se preocupe:<br>\nPara os nossos equipamentos grandes e pr\u00e1ticos, oferecemos-lhe um modelo de financiamento adaptado individualmente \u00e0s suas necessidades.<\/p>\n<p>Por um lado, pode concordar em pagar connosco em presta\u00e7\u00f5es e tamb\u00e9m \u00e9 poss\u00edvel celebrar connosco um contrato de arrendamento favor\u00e1vel. AMS GmbH \u00e9 o seu parceiro contratual direto.<\/p>\n<p>Desta forma, a AMS est\u00e1 a reagir \u00e0 crise financeira e \u00e0 r\u00edgida pol\u00edtica banc\u00e1ria, que torna cada vez mais dif\u00edcil para os m\u00e9dicos e profissionais alternativos conseguirem financiar as novas cria\u00e7\u00f5es necess\u00e1rias dentro de um quadro de investimento ger\u00edvel.<\/p>\t\t\t\t\t\t\t\t<\/div>\n\t\t\t\t<\/div>\n\t\t\t\t\t<\/div>\n\t\t<\/div>\n\t\t\t\t\t<\/div>\n\t\t<\/section>\n\t\t\t\t<section class=\"elementor-section elementor-top-section elementor-element elementor-element-51bc432 elementor-section-boxed elementor-section-height-default elementor-section-height-default\" data-id=\"51bc432\" data-element_type=\"section\" data-e-type=\"section\">\n\t\t\t\t\t\t<div class=\"elementor-container elementor-column-gap-default\">\n\t\t\t\t\t<div class=\"elementor-column elementor-col-100 elementor-top-column elementor-element elementor-element-3aad000\" data-id=\"3aad000\" data-element_type=\"column\" data-e-type=\"column\">\n\t\t\t<div class=\"elementor-widget-wrap elementor-element-populated\">\n\t\t\t\t\t\t<div class=\"elementor-element elementor-element-ff0d5aa elementor-widget elementor-widget-heading\" data-id=\"ff0d5aa\" data-element_type=\"widget\" data-e-type=\"widget\" data-widget_type=\"heading.default\">\n\t\t\t\t<div class=\"elementor-widget-container\">\n\t\t\t\t\t<h2 class=\"elementor-heading-title elementor-size-default\">Condi\u00e7\u00f5es<\/h2>\t\t\t\t<\/div>\n\t\t\t\t<\/div>\n\t\t\t\t<div class=\"elementor-element elementor-element-9045e8c elementor-widget elementor-widget-text-editor\" data-id=\"9045e8c\" data-element_type=\"widget\" data-e-type=\"widget\" data-widget_type=\"text-editor.default\">\n\t\t\t\t<div class=\"elementor-widget-container\">\n\t\t\t\t\t\t\t\t\t<p><b>O contrato de arrendamento baseia-se nas seguintes condi\u00e7\u00f5es:<\/b><\/p><ul><li>O valor m\u00ednimo de encomenda \u00e9: 2000\u20ac<br \/>(V\u00e1rios dispositivos pequenos tamb\u00e9m podem ser alugados \u201ccomo um pacote\u201d.)<\/li><li>\u00c9 feito um dep\u00f3sito de 20% do pre\u00e7o de compra (pagamento especial de aluguel).<\/li><li>A taxa de arrendamento mensal pelo prazo de 48 meses \u00e9 atualmente calculada com uma taxa de juros de 2,3% (em 1\u00ba de outubro de 2016). \u00c9 claro que isso \u00e9 garantido durante todo o per\u00edodo. Mediante solicita\u00e7\u00e3o, o prazo tamb\u00e9m pode ser acordado em 36, 54 ou 60 meses com uma taxa de juros devidamente ajustada.<\/li><li>Se o n\u00edvel da taxa de juro tiver mudado significativamente no dia da celebra\u00e7\u00e3o do contrato, o fator de loca\u00e7\u00e3o ser\u00e1 ajustado em conformidade.<\/li><\/ul>\t\t\t\t\t\t\t\t<\/div>\n\t\t\t\t<\/div>\n\t\t\t\t\t<\/div>\n\t\t<\/div>\n\t\t\t\t\t<\/div>\n\t\t<\/section>\n\t\t\t\t<section class=\"elementor-section elementor-top-section elementor-element elementor-element-ef18b62 elementor-section-boxed elementor-section-height-default elementor-section-height-default\" data-id=\"ef18b62\" data-element_type=\"section\" data-e-type=\"section\">\n\t\t\t\t\t\t<div class=\"elementor-container elementor-column-gap-default\">\n\t\t\t\t\t<div class=\"elementor-column elementor-col-100 elementor-top-column elementor-element elementor-element-1295a4f\" data-id=\"1295a4f\" data-element_type=\"column\" data-e-type=\"column\">\n\t\t\t<div class=\"elementor-widget-wrap elementor-element-populated\">\n\t\t\t\t\t\t<div class=\"elementor-element elementor-element-624a12f elementor-widget elementor-widget-heading\" data-id=\"624a12f\" data-element_type=\"widget\" data-e-type=\"widget\" data-widget_type=\"heading.default\">\n\t\t\t\t<div class=\"elementor-widget-container\">\n\t\t\t\t\t<h2 class=\"elementor-heading-title elementor-size-default\">Exemplo<\/h2>\t\t\t\t<\/div>\n\t\t\t\t<\/div>\n\t\t\t\t<div class=\"elementor-element elementor-element-d1672a9 elementor-widget elementor-widget-text-editor\" data-id=\"d1672a9\" data-element_type=\"widget\" data-e-type=\"widget\" data-widget_type=\"text-editor.default\">\n\t\t\t\t<div class=\"elementor-widget-container\">\n\t\t\t\t\t\t\t\t\t<p><b>Exemplo de c\u00e1lculo de uma taxa de leasing mensal:<\/b><br \/>Pre\u00e7o de compra estimado: \u20ac 4.000<\/p><ul><li>Pagamento especial de renda na celebra\u00e7\u00e3o do contrato: 800\u20ac<\/li><li>Taxa de leasing mensal (amortiza\u00e7\u00e3o integral): 2,3% x 3.200\u20ac resulta em 73,60\u20ac<\/li><\/ul><p>Todos os pre\u00e7os n\u00e3o incluem IVA 19%.<\/p><p>Uma classifica\u00e7\u00e3o de cr\u00e9dito impec\u00e1vel \u00e9 obviamente um pr\u00e9-requisito.<br \/>No final do prazo, o aparelho pode ser devolvido ou assumido mediante pagamento de um valor residual.<\/p><p>Com um contrato de leasing entre a AMS e voc\u00ea, n\u00e3o h\u00e1 custos ocultos (como uma taxa \u00fanica de processamento).<\/p>\t\t\t\t\t\t\t\t<\/div>\n\t\t\t\t<\/div>\n\t\t\t\t\t<\/div>\n\t\t<\/div>\n\t\t\t\t\t<\/div>\n\t\t<\/section>\n\t\t\t\t<section class=\"elementor-section elementor-top-section elementor-element elementor-element-1283af4 elementor-section-boxed elementor-section-height-default elementor-section-height-default\" data-id=\"1283af4\" data-element_type=\"section\" data-e-type=\"section\" data-settings=\"{&quot;background_background&quot;:&quot;classic&quot;}\">\n\t\t\t\t\t\t<div class=\"elementor-container elementor-column-gap-default\">\n\t\t\t\t\t<div class=\"elementor-column elementor-col-100 elementor-top-column elementor-element elementor-element-5532bed\" data-id=\"5532bed\" data-element_type=\"column\" data-e-type=\"column\">\n\t\t\t<div class=\"elementor-widget-wrap elementor-element-populated\">\n\t\t\t\t\t\t<div class=\"elementor-element elementor-element-923e69a elementor-widget elementor-widget-heading\" data-id=\"923e69a\" data-element_type=\"widget\" data-e-type=\"widget\" data-widget_type=\"heading.default\">\n\t\t\t\t<div class=\"elementor-widget-container\">\n\t\t\t\t\t<h2 class=\"elementor-heading-title elementor-size-default\">entre em contato<\/h2>\t\t\t\t<\/div>\n\t\t\t\t<\/div>\n\t\t\t\t<div class=\"elementor-element elementor-element-f5f7287 elementor-widget elementor-widget-text-editor\" data-id=\"f5f7287\" data-element_type=\"widget\" data-e-type=\"widget\" data-widget_type=\"text-editor.default\">\n\t\t\t\t<div class=\"elementor-widget-container\">\n\t\t\t\t\t\t\t\t\t<p>Ligue-nos se tiver alguma d\u00favida sobre isso. N\u00f3s estamos aqui para ajudar.<br \/><b><\/b><\/p>\t\t\t\t\t\t\t\t<\/div>\n\t\t\t\t<\/div>\n\t\t\t\t<div class=\"elementor-element elementor-element-b42ffce elementor-widget-divider--view-line elementor-widget elementor-widget-divider\" data-id=\"b42ffce\" data-element_type=\"widget\" data-e-type=\"widget\" data-widget_type=\"divider.default\">\n\t\t\t\t<div class=\"elementor-widget-container\">\n\t\t\t\t\t\t\t<div class=\"elementor-divider\">\n\t\t\t<span class=\"elementor-divider-separator\">\n\t\t\t\t\t\t<\/span>\n\t\t<\/div>\n\t\t\t\t\t\t<\/div>\n\t\t\t\t<\/div>\n\t\t\t\t<div class=\"elementor-element elementor-element-2904701 elementor-widget__width-initial elementor-widget elementor-widget-text-editor\" data-id=\"2904701\" data-element_type=\"widget\" data-e-type=\"widget\" data-widget_type=\"text-editor.default\">\n\t\t\t\t<div class=\"elementor-widget-container\">\n\t\t\t\t\t\t\t\t\t<p><strong>Advanced Medical Systems GmbH (AMS)<\/strong><br \/>Hauptstra\u00dfe 26<br \/>D-97990 Weikersheim<\/p>\t\t\t\t\t\t\t\t<\/div>\n\t\t\t\t<\/div>\n\t\t\t\t<div class=\"elementor-element elementor-element-73076bd elementor-widget__width-initial elementor-widget elementor-widget-text-editor\" data-id=\"73076bd\" data-element_type=\"widget\" data-e-type=\"widget\" data-widget_type=\"text-editor.default\">\n\t\t\t\t<div class=\"elementor-widget-container\">\n\t\t\t\t\t\t\t\t\t<p>Telefone: <a href=\"tel:+4979349934890\" target=\"_blank\" rel=\"noopener\"><b>+49 7934 993489-0<\/b><\/a><br \/>Fax: +49 7934 993489-44<br \/>E-mail: <a class=\"mail\" title=\"Abre janela para envio de e-mail\" href=\"mailto:info@ams-ag.de\"><b>info@ams-ag.de<\/b><\/a><\/p>\t\t\t\t\t\t\t\t<\/div>\n\t\t\t\t<\/div>\n\t\t\t\t<div class=\"elementor-element elementor-element-8bc473a elementor-widget__width-initial elementor-widget elementor-widget-text-editor\" data-id=\"8bc473a\" data-element_type=\"widget\" data-e-type=\"widget\" data-widget_type=\"text-editor.default\">\n\t\t\t\t<div class=\"elementor-widget-container\">\n\t\t\t\t\t\t\t\t\t<p><b>Hor\u00e1rio comercial:<br><\/b>Segunda a quinta, das 8h00 \u00e0s 17h00 CET<br>Sexta-feira, das 8h00 \u00e0s 14h30 CET<\/p>\t\t\t\t\t\t\t\t<\/div>\n\t\t\t\t<\/div>\n\t\t\t\t<div class=\"elementor-element elementor-element-2db3c9a elementor-widget-divider--view-line elementor-widget elementor-widget-divider\" data-id=\"2db3c9a\" data-element_type=\"widget\" data-e-type=\"widget\" data-widget_type=\"divider.default\">\n\t\t\t\t<div class=\"elementor-widget-container\">\n\t\t\t\t\t\t\t<div class=\"elementor-divider\">\n\t\t\t<span class=\"elementor-divider-separator\">\n\t\t\t\t\t\t<\/span>\n\t\t<\/div>\n\t\t\t\t\t\t<\/div>\n\t\t\t\t<\/div>\n\t\t\t\t<div class=\"elementor-element elementor-element-ebbc769 elementor-align-left elementor-widget__width-auto elementor-widget-tablet__width-inherit elementor-widget elementor-widget-button\" data-id=\"ebbc769\" data-element_type=\"widget\" data-e-type=\"widget\" data-widget_type=\"button.default\">\n\t\t\t\t<div class=\"elementor-widget-container\">\n\t\t\t\t\t\t\t\t\t<div class=\"elementor-button-wrapper\">\n\t\t\t\t\t<a class=\"elementor-button elementor-button-link elementor-size-sm\" href=\"https:\/\/www.ams-ag.de\/pt\/contato\/data-de-retorno\/\">\n\t\t\t\t\t\t<span class=\"elementor-button-content-wrapper\">\n\t\t\t\t\t\t<span class=\"elementor-button-icon\">\n\t\t\t\t<i aria-hidden=\"true\" class=\"fas fa-phone\"><\/i>\t\t\t<\/span>\n\t\t\t\t\t\t\t\t\t<span class=\"elementor-button-text\">Data de retorno de chamada<\/span>\n\t\t\t\t\t<\/span>\n\t\t\t\t\t<\/a>\n\t\t\t\t<\/div>\n\t\t\t\t\t\t\t\t<\/div>\n\t\t\t\t<\/div>\n\t\t\t\t<div class=\"elementor-element elementor-element-3d6863f elementor-align-left elementor-widget__width-auto elementor-widget elementor-widget-button\" data-id=\"3d6863f\" data-element_type=\"widget\" data-e-type=\"widget\" data-widget_type=\"button.default\">\n\t\t\t\t<div class=\"elementor-widget-container\">\n\t\t\t\t\t\t\t\t\t<div class=\"elementor-button-wrapper\">\n\t\t\t\t\t<a class=\"elementor-button elementor-button-link elementor-size-sm\" href=\"https:\/\/www.ams-ag.de\/pt\/contato\/material-informativo\/\">\n\t\t\t\t\t\t<span class=\"elementor-button-content-wrapper\">\n\t\t\t\t\t\t<span class=\"elementor-button-icon\">\n\t\t\t\t<i aria-hidden=\"true\" class=\"fas fa-file-alt\"><\/i>\t\t\t<\/span>\n\t\t\t\t\t\t\t\t\t<span class=\"elementor-button-text\">Encomende material informativo<\/span>\n\t\t\t\t\t<\/span>\n\t\t\t\t\t<\/a>\n\t\t\t\t<\/div>\n\t\t\t\t\t\t\t\t<\/div>\n\t\t\t\t<\/div>\n\t\t\t\t<div class=\"elementor-element elementor-element-c661d02 elementor-align-left elementor-widget__width-auto elementor-widget elementor-widget-button\" data-id=\"c661d02\" data-element_type=\"widget\" data-e-type=\"widget\" data-widget_type=\"button.default\">\n\t\t\t\t<div class=\"elementor-widget-container\">\n\t\t\t\t\t\t\t\t\t<div class=\"elementor-button-wrapper\">\n\t\t\t\t\t<a class=\"elementor-button elementor-button-link elementor-size-sm\" href=\"https:\/\/www.ams-ag.de\/pt\/contato\/solicitar-login\/\">\n\t\t\t\t\t\t<span class=\"elementor-button-content-wrapper\">\n\t\t\t\t\t\t<span class=\"elementor-button-icon\">\n\t\t\t\t<i aria-hidden=\"true\" class=\"fas fa-user\"><\/i>\t\t\t<\/span>\n\t\t\t\t\t\t\t\t\t<span class=\"elementor-button-text\">Solicitar login<\/span>\n\t\t\t\t\t<\/span>\n\t\t\t\t\t<\/a>\n\t\t\t\t<\/div>\n\t\t\t\t\t\t\t\t<\/div>\n\t\t\t\t<\/div>\n\t\t\t\t<div class=\"elementor-element elementor-element-7ae93d0 elementor-align-left elementor-widget__width-auto elementor-widget elementor-widget-button\" data-id=\"7ae93d0\" data-element_type=\"widget\" data-e-type=\"widget\" data-widget_type=\"button.default\">\n\t\t\t\t<div class=\"elementor-widget-container\">\n\t\t\t\t\t\t\t\t\t<div class=\"elementor-button-wrapper\">\n\t\t\t\t\t<a class=\"elementor-button elementor-button-link elementor-size-sm\" href=\"https:\/\/www.ams-ag.de\/pt\/contato\/assine-o-boletim-informativo\/\">\n\t\t\t\t\t\t<span class=\"elementor-button-content-wrapper\">\n\t\t\t\t\t\t<span class=\"elementor-button-icon\">\n\t\t\t\t<i aria-hidden=\"true\" class=\"fas fa-envelope\"><\/i>\t\t\t<\/span>\n\t\t\t\t\t\t\t\t\t<span class=\"elementor-button-text\">Assine o boletim informativo<\/span>\n\t\t\t\t\t<\/span>\n\t\t\t\t\t<\/a>\n\t\t\t\t<\/div>\n\t\t\t\t\t\t\t\t<\/div>\n\t\t\t\t<\/div>\n\t\t\t\t\t<\/div>\n\t\t<\/div>\n\t\t\t\t\t<\/div>\n\t\t<\/section>\n\t\t\t\t<section class=\"elementor-section elementor-top-section elementor-element elementor-element-d9d4e1e elementor-section-boxed elementor-section-height-default elementor-section-height-default\" data-id=\"d9d4e1e\" data-element_type=\"section\" data-e-type=\"section\" data-settings=\"{&quot;background_background&quot;:&quot;classic&quot;}\">\n\t\t\t\t\t\t<div class=\"elementor-container elementor-column-gap-default\">\n\t\t\t\t\t<div class=\"elementor-column elementor-col-100 elementor-top-column elementor-element elementor-element-424ff3a\" data-id=\"424ff3a\" data-element_type=\"column\" data-e-type=\"column\">\n\t\t\t<div class=\"elementor-widget-wrap elementor-element-populated\">\n\t\t\t\t\t\t<div class=\"elementor-element elementor-element-3add3b4 elementor-align-right elementor-mobile-align-center elementor-widget elementor-widget-button\" data-id=\"3add3b4\" data-element_type=\"widget\" data-e-type=\"widget\" data-widget_type=\"button.default\">\n\t\t\t\t<div class=\"elementor-widget-container\">\n\t\t\t\t\t\t\t\t\t<div class=\"elementor-button-wrapper\">\n\t\t\t\t\t<a class=\"elementor-button elementor-button-link elementor-size-sm\" href=\"https:\/\/www.ams-ag.de\/pt\/ueber-ams\/\">\n\t\t\t\t\t\t<span class=\"elementor-button-content-wrapper\">\n\t\t\t\t\t\t<span class=\"elementor-button-icon\">\n\t\t\t\t<i aria-hidden=\"true\" class=\"fas fa-arrow-right\"><\/i>\t\t\t<\/span>\n\t\t\t\t\t\t\t\t\t<span class=\"elementor-button-text\">sobre AMS<\/span>\n\t\t\t\t\t<\/span>\n\t\t\t\t\t<\/a>\n\t\t\t\t<\/div>\n\t\t\t\t\t\t\t\t<\/div>\n\t\t\t\t<\/div>\n\t\t\t\t\t<\/div>\n\t\t<\/div>\n\t\t\t\t\t<\/div>\n\t\t<\/section>\n\t\t\t\t<\/div>","protected":false},"excerpt":{"rendered":"<p>Leasing Unser Angebot f\u00fcr Sie Manchmal ist es einfach so: Das Geld f\u00fcr die gew\u00fcnschte Anschaffung kann nicht auf einen Schlag aufgebracht werden. Doch keine Sorge: F\u00fcr den Bereich unserer [&hellip;]<\/p>\n","protected":false},"author":1,"featured_media":0,"parent":12743,"menu_order":8,"comment_status":"closed","ping_status":"closed","template":"","meta":{"pmpro_default_level":"","footnotes":""},"class_list":["post-1381","page","type-page","status-publish","hentry","pmpro-has-access"],"_links":{"self":[{"href":"https:\/\/www.ams-ag.de\/pt\/wp-json\/wp\/v2\/pages\/1381","targetHints":{"allow":["GET"]}}],"collection":[{"href":"https:\/\/www.ams-ag.de\/pt\/wp-json\/wp\/v2\/pages"}],"about":[{"href":"https:\/\/www.ams-ag.de\/pt\/wp-json\/wp\/v2\/types\/page"}],"author":[{"embeddable":true,"href":"https:\/\/www.ams-ag.de\/pt\/wp-json\/wp\/v2\/users\/1"}],"replies":[{"embeddable":true,"href":"https:\/\/www.ams-ag.de\/pt\/wp-json\/wp\/v2\/comments?post=1381"}],"version-history":[{"count":16,"href":"https:\/\/www.ams-ag.de\/pt\/wp-json\/wp\/v2\/pages\/1381\/revisions"}],"predecessor-version":[{"id":19619,"href":"https:\/\/www.ams-ag.de\/pt\/wp-json\/wp\/v2\/pages\/1381\/revisions\/19619"}],"up":[{"embeddable":true,"href":"https:\/\/www.ams-ag.de\/pt\/wp-json\/wp\/v2\/pages\/12743"}],"wp:attachment":[{"href":"https:\/\/www.ams-ag.de\/pt\/wp-json\/wp\/v2\/media?parent=1381"}],"curies":[{"name":"wp","href":"https:\/\/api.w.org\/{rel}","templated":true}]}}