{"id":4153,"date":"2023-09-07T21:24:45","date_gmt":"2023-09-07T19:24:45","guid":{"rendered":"http:\/\/www.ams-ag.de\/?page_id=4153"},"modified":"2025-09-29T19:01:14","modified_gmt":"2025-09-29T17:01:14","slug":"%e5%ae%b6%e5%ba%ad%e7%94%a8%e5%93%81","status":"publish","type":"page","link":"https:\/\/www.ams-ag.de\/ja\/produkte\/heimbedarf\/","title":{"rendered":"\u5bb6\u5ead\u7528\u54c1"},"content":{"rendered":"<div data-elementor-type=\"wp-page\" data-elementor-id=\"4153\" class=\"elementor elementor-4153\" data-elementor-post-type=\"page\">\n\t\t\t\t\t\t<section class=\"elementor-section elementor-top-section elementor-element elementor-element-1210e5f elementor-section-boxed elementor-section-height-default elementor-section-height-default\" data-id=\"1210e5f\" data-element_type=\"section\" data-e-type=\"section\" data-settings=\"{&quot;background_background&quot;:&quot;classic&quot;}\">\n\t\t\t\t\t\t<div class=\"elementor-container elementor-column-gap-default\">\n\t\t\t\t\t<div class=\"elementor-column elementor-col-50 elementor-top-column elementor-element elementor-element-8c80145\" data-id=\"8c80145\" data-element_type=\"column\" data-e-type=\"column\">\n\t\t\t<div class=\"elementor-widget-wrap elementor-element-populated\">\n\t\t\t\t\t\t<div class=\"elementor-element elementor-element-745878c elementor-widget elementor-widget-image\" data-id=\"745878c\" data-element_type=\"widget\" data-e-type=\"widget\" data-widget_type=\"image.default\">\n\t\t\t\t<div class=\"elementor-widget-container\">\n\t\t\t\t\t\t\t\t\t\t\t\t\t\t\t<img fetchpriority=\"high\" decoding=\"async\" width=\"768\" height=\"512\" src=\"https:\/\/www.ams-ag.de\/wp-content\/uploads\/2023\/12\/jonathan-borba-DUrU_bZV8So-unsplash-768x512.jpg\" class=\"attachment-medium_large size-medium_large wp-image-11632\" alt=\"\" srcset=\"https:\/\/www.ams-ag.de\/wp-content\/uploads\/2023\/12\/jonathan-borba-DUrU_bZV8So-unsplash-768x512.jpg 768w, https:\/\/www.ams-ag.de\/wp-content\/uploads\/2023\/12\/jonathan-borba-DUrU_bZV8So-unsplash-300x200.jpg 300w, https:\/\/www.ams-ag.de\/wp-content\/uploads\/2023\/12\/jonathan-borba-DUrU_bZV8So-unsplash-1536x1024.jpg 1536w, https:\/\/www.ams-ag.de\/wp-content\/uploads\/2023\/12\/jonathan-borba-DUrU_bZV8So-unsplash.jpg 1920w\" sizes=\"(max-width: 768px) 100vw, 768px\" \/>\t\t\t\t\t\t\t\t\t\t\t\t\t\t\t<\/div>\n\t\t\t\t<\/div>\n\t\t\t\t\t<\/div>\n\t\t<\/div>\n\t\t\t\t<div class=\"elementor-column elementor-col-50 elementor-top-column elementor-element elementor-element-e534d15\" data-id=\"e534d15\" data-element_type=\"column\" data-e-type=\"column\">\n\t\t\t<div class=\"elementor-widget-wrap elementor-element-populated\">\n\t\t\t\t\t\t<div class=\"elementor-element elementor-element-9b8060f elementor-widget elementor-widget-heading\" data-id=\"9b8060f\" data-element_type=\"widget\" data-e-type=\"widget\" data-widget_type=\"heading.default\">\n\t\t\t\t<div class=\"elementor-widget-container\">\n\t\t\t\t\t<h1 class=\"elementor-heading-title elementor-size-default\">\u5bb6\u5ead\u7528\u30c7\u30d0\u30a4\u30b9<\/h1>\t\t\t\t<\/div>\n\t\t\t\t<\/div>\n\t\t\t\t<div class=\"elementor-element elementor-element-635d0dab elementor-widget elementor-widget-text-editor\" data-id=\"635d0dab\" data-element_type=\"widget\" data-e-type=\"widget\" data-widget_type=\"text-editor.default\">\n\t\t\t\t<div class=\"elementor-widget-container\">\n\t\t\t\t\t\t\t\t\t<p>\u4ee5\u4e0b\u306b\u3001\u69d8\u3005\u306a\u5bb6\u5ead\u7528\u54c1\u3092\u542b\u3080\u3059\u3079\u3066\u306e\u30ab\u30c6\u30b4\u30ea\u30fc\u3092\u3054\u89a7\u3044\u305f\u3060\u3051\u307e\u3059\u3002\u30ab\u30c6\u30b4\u30ea\u30fc\u3092\u30af\u30ea\u30c3\u30af\u3059\u308b\u3068\u3001\u305d\u308c\u305e\u308c\u306e\u88fd\u54c1\u30e9\u30a4\u30f3\u30ca\u30c3\u30d7\u3092\u8a73\u3057\u304f\u3054\u89a7\u3044\u305f\u3060\u3051\u308b\u7d39\u4ecb\u30da\u30fc\u30b8\u306b\u79fb\u52d5\u3057\u307e\u3059\u3002\u305d\u306e\u5f8c\u3001\u5404\u88fd\u54c1\u306e\u8a73\u7d30\u306a\u8aac\u660e\u3092\u3054\u89a7\u3044\u305f\u3060\u3051\u307e\u3059\u3002<\/p>\t\t\t\t\t\t\t\t<\/div>\n\t\t\t\t<\/div>\n\t\t\t\t\t<\/div>\n\t\t<\/div>\n\t\t\t\t\t<\/div>\n\t\t<\/section>\n\t\t\t\t<section class=\"elementor-section elementor-top-section elementor-element elementor-element-4ed167c3 elementor-section-boxed elementor-section-height-default elementor-section-height-default\" data-id=\"4ed167c3\" data-element_type=\"section\" data-e-type=\"section\">\n\t\t\t\t\t\t<div class=\"elementor-container elementor-column-gap-default\">\n\t\t\t\t\t<div class=\"elementor-column elementor-col-100 elementor-top-column elementor-element elementor-element-391bbc52\" data-id=\"391bbc52\" data-element_type=\"column\" data-e-type=\"column\">\n\t\t\t<div class=\"elementor-widget-wrap elementor-element-populated\">\n\t\t\t\t\t\t<div class=\"elementor-element elementor-element-c86b186 elementor-widget elementor-widget-heading\" data-id=\"c86b186\" data-element_type=\"widget\" data-e-type=\"widget\" data-widget_type=\"heading.default\">\n\t\t\t\t<div class=\"elementor-widget-container\">\n\t\t\t\t\t<h2 class=\"elementor-heading-title elementor-size-default\">\u4ee5\u4e0b\u306e\u30ab\u30c6\u30b4\u30ea\u3092\u53c2\u7167\u3067\u304d\u307e\u3059\u3002<\/h2>\t\t\t\t<\/div>\n\t\t\t\t<\/div>\n\t\t\t\t<div class=\"elementor-element elementor-element-8157736 elementor-widget elementor-widget-text-editor\" data-id=\"8157736\" data-element_type=\"widget\" data-e-type=\"widget\" data-widget_type=\"text-editor.default\">\n\t\t\t\t<div class=\"elementor-widget-container\">\n\t\t\t\t\t\t\t\t\t<ul>\n<li><a href=\"https:\/\/www.ams-ag.de\/ja\/home\/%e5%ae%b6%e5%ba%ad%e7%94%a8%e5%93%81\/%e5%b0%8f%e5%9e%8b%e5%ae%b6%e9%9b%bb\/\"><b>\u5c0f\u578b\u5bb6\u96fb<\/b><\/a><br>\n\u5f53\u793e\u306e\u5c0f\u578b\u5bb6\u96fb\u306f\u4fbf\u5229\u3067\u4f7f\u3044\u3084\u3059\u304f\u3001\u6bce\u65e5\u306e\u4f7f\u7528\u306b\u6700\u9069\u306a\u983c\u308c\u308b\u76f8\u68d2\u3067\u3059\u3002<\/li>\n<li><a href=\"https:\/\/www.ams-ag.de\/ja\/home\/%e5%ae%b6%e5%ba%ad%e7%94%a8%e5%93%81\/%e5%a4%a7%e5%9e%8b%e5%ae%b6%e9%9b%bb-2\/\"><b>\u5927\u578b\u5bb6\u96fb MEDISEND\u00aesuper<\/b><\/a><br>\n\u5927\u578b\u306e\u30c7\u30d0\u30a4\u30b9\u3067\u3042\u308bMEDISEND\u00aesuper\u3092\u3054\u4f7f\u7528\u306e\u5bb6\u5ead\u30e6\u30fc\u30b6\u30fc\u3082\u3044\u3089\u3063\u3057\u3083\u3044\u307e\u3059\u3002\u5c0f\u578b\u30c7\u30d0\u30a4\u30b9\u3068\u306f\u7570\u306a\u308a\u3001\u30d7\u30ea\u30bb\u30c3\u30c8\u30d7\u30ed\u30b0\u30e9\u30e0\u306f\u306a\u304f\u30010.1Hz\u304b\u30891000Hz\u307e\u3067\u306e\u3059\u3079\u3066\u306e\u78c1\u5834\u5468\u6ce2\u6570\u3092\u500b\u5225\u306b\u8abf\u6574\u3067\u304d\u307e\u3059\u3002<\/li>\n<li><a href=\"https:\/\/www.ams-ag.de\/ja\/%e5%ae%b6%e5%ba%ad%e7%94%a8%e5%93%81\/%e6%b0%b4%e5%87%a6%e7%90%86\/\"><b>\u6c34\u51e6\u7406<\/b><\/a><br>\n\u7d14\u7c8b\u3067\u30a8\u30cd\u30eb\u30ae\u30fc\u3092\u4e0e\u3048\u3089\u308c\u305f\u6c34\u306f\u3001\u79c1\u305f\u3061\u306e\u4f53\u306b\u3068\u3063\u3066\u7279\u306b\u91cd\u8981\u3067\u3059\u3002\u79c1\u305f\u3061\u306f\u3001\u5185\u8535\u306e\u78c1\u5834\u88c5\u7f6e\u3092\u7528\u3044\u3066\u6d44\u5316\u3055\u308c\u305f\u6c34\u306b\u540c\u6642\u306b\u30a8\u30cd\u30eb\u30ae\u30fc\u3092\u4e0e\u3048\u308b\u6c34\u51e6\u7406\u88c5\u7f6e\u3092\u63d0\u4f9b\u3057\u3066\u3044\u307e\u3059\u3002<\/li>\n<li><a href=\"http:\/\/ams-onlineshop.de\/produkt-kategorie\/heimbedarf\/grossgeraet\/geraetezubehoer\/\" target=\"_blank\" rel=\"noopener\"><b>SHOP\u306e\u30c7\u30d0\u30a4\u30b9\u30a2\u30af\u30bb\u30b5\u30ea<\/b><\/a><br>\n\u4e00\u90e8\u306e\u30c7\u30d0\u30a4\u30b9\u306b\u306f\u4fbf\u5229\u306a\u30a2\u30af\u30bb\u30b5\u30ea\u304c\u7528\u610f\u3055\u308c\u3066\u3044\u307e\u3059\u3002<\/li>\n<li><a href=\"http:\/\/ams-onlineshop.de\/produkt-kategorie\/heimbedarf\/sonstiges\/\" target=\"_blank\" rel=\"noopener\"><b>SHOP\u306e\u4ed6\u306e\u5546\u54c1<\/b><\/a><br>\n\u5468\u6ce2\u6570\u3084\u7269\u8cea\u3092\u691c\u67fb\u3059\u308b\u305f\u3081\u306e\u30c6\u30f3\u30bd\u30eb\u3001\u30b0\u30eb\u30b3\u30b5\u30df\u30f3\u30b4\u30fc\u30eb\u30c9\u30b8\u30a7\u30eb\u3001\u96fb\u6c17\u30b9\u30c8\u30ec\u30b9\u6e2c\u5b9a\u88c5\u7f6e\u306a\u3069\u3092\u3054\u7d39\u4ecb\u3057\u307e\u3059\u3002\u307e\u305f\u3001\u3053\u306e\u30ab\u30c6\u30b4\u30ea\u30fc\u306b\u306f\u66f8\u7c4d\u3082\u3059\u3079\u3066\u542b\u307e\u308c\u3066\u3044\u307e\u3059\u3002<\/li>\n<\/ul>\t\t\t\t\t\t\t\t<\/div>\n\t\t\t\t<\/div>\n\t\t\t\t<div class=\"elementor-element elementor-element-2bdb192 elementor-widget elementor-widget-button\" data-id=\"2bdb192\" data-element_type=\"widget\" data-e-type=\"widget\" data-widget_type=\"button.default\">\n\t\t\t\t<div class=\"elementor-widget-container\">\n\t\t\t\t\t\t\t\t\t<div class=\"elementor-button-wrapper\">\n\t\t\t\t\t<a class=\"elementor-button elementor-button-link elementor-size-sm\" href=\"http:\/\/ams-onlineshop.de\/produkt-kategorie\/heimbedarf\/\" target=\"_blank\">\n\t\t\t\t\t\t<span class=\"elementor-button-content-wrapper\">\n\t\t\t\t\t\t<span class=\"elementor-button-icon\">\n\t\t\t\t<i aria-hidden=\"true\" class=\"fas fa-arrow-right\"><\/i>\t\t\t<\/span>\n\t\t\t\t\t\t\t\t\t<span class=\"elementor-button-text\">\u5e97\u5185\u306e\u5bb6\u5ead\u7528\u54c1<\/span>\n\t\t\t\t\t<\/span>\n\t\t\t\t\t<\/a>\n\t\t\t\t<\/div>\n\t\t\t\t\t\t\t\t<\/div>\n\t\t\t\t<\/div>\n\t\t\t\t\t<\/div>\n\t\t<\/div>\n\t\t\t\t\t<\/div>\n\t\t<\/section>\n\t\t\t\t<section class=\"elementor-section elementor-top-section elementor-element elementor-element-59249228 elementor-section-boxed elementor-section-height-default elementor-section-height-default\" data-id=\"59249228\" data-element_type=\"section\" data-e-type=\"section\">\n\t\t\t\t\t\t<div class=\"elementor-container elementor-column-gap-default\">\n\t\t\t\t\t<div class=\"elementor-column elementor-col-100 elementor-top-column elementor-element elementor-element-47bbe785\" data-id=\"47bbe785\" data-element_type=\"column\" data-e-type=\"column\">\n\t\t\t<div class=\"elementor-widget-wrap elementor-element-populated\">\n\t\t\t\t\t\t<div class=\"elementor-element elementor-element-5c27b896 elementor-widget elementor-widget-menu-anchor\" data-id=\"5c27b896\" data-element_type=\"widget\" data-e-type=\"widget\" data-widget_type=\"menu-anchor.default\">\n\t\t\t\t<div class=\"elementor-widget-container\">\n\t\t\t\t\t\t\t<div class=\"elementor-menu-anchor\" id=\"90\"><\/div>\n\t\t\t\t\t\t<\/div>\n\t\t\t\t<\/div>\n\t\t\t\t<section class=\"elementor-section elementor-inner-section elementor-element elementor-element-744d40bb elementor-section-boxed elementor-section-height-default elementor-section-height-default\" data-id=\"744d40bb\" data-element_type=\"section\" data-e-type=\"section\">\n\t\t\t\t\t\t<div class=\"elementor-container elementor-column-gap-default\">\n\t\t\t\t\t<div class=\"elementor-column elementor-col-50 elementor-inner-column elementor-element elementor-element-4510a1b1\" data-id=\"4510a1b1\" data-element_type=\"column\" data-e-type=\"column\">\n\t\t\t<div class=\"elementor-widget-wrap elementor-element-populated\">\n\t\t\t\t\t\t<div class=\"elementor-element elementor-element-496483bb elementor-widget elementor-widget-image\" data-id=\"496483bb\" data-element_type=\"widget\" data-e-type=\"widget\" data-widget_type=\"image.default\">\n\t\t\t\t<div class=\"elementor-widget-container\">\n\t\t\t\t\t\t\t\t\t\t\t\t\t\t\t<img decoding=\"async\" width=\"800\" height=\"800\" src=\"https:\/\/www.ams-ag.de\/wp-content\/uploads\/2025\/09\/AMS-90-Tage-1024x1024.jpg\" class=\"attachment-large size-large wp-image-19627\" alt=\"AMS 90\u65e5\u9593\u8fd4\u54c1\u30dd\u30ea\u30b7\u30fc\u3001\u30b9\u30bf\u30f3\u30d7\" srcset=\"https:\/\/www.ams-ag.de\/wp-content\/uploads\/2025\/09\/AMS-90-Tage-1024x1024.jpg 1024w, https:\/\/www.ams-ag.de\/wp-content\/uploads\/2025\/09\/AMS-90-Tage-300x300.jpg 300w, https:\/\/www.ams-ag.de\/wp-content\/uploads\/2025\/09\/AMS-90-Tage-150x150.jpg 150w, https:\/\/www.ams-ag.de\/wp-content\/uploads\/2025\/09\/AMS-90-Tage-768x768.jpg 768w, https:\/\/www.ams-ag.de\/wp-content\/uploads\/2025\/09\/AMS-90-Tage-1536x1536.jpg 1536w, https:\/\/www.ams-ag.de\/wp-content\/uploads\/2025\/09\/AMS-90-Tage-12x12.jpg 12w, https:\/\/www.ams-ag.de\/wp-content\/uploads\/2025\/09\/AMS-90-Tage.jpg 1540w\" sizes=\"(max-width: 800px) 100vw, 800px\" \/>\t\t\t\t\t\t\t\t\t\t\t\t\t\t\t<\/div>\n\t\t\t\t<\/div>\n\t\t\t\t\t<\/div>\n\t\t<\/div>\n\t\t\t\t<div class=\"elementor-column elementor-col-50 elementor-inner-column elementor-element elementor-element-7bdc8846\" data-id=\"7bdc8846\" data-element_type=\"column\" data-e-type=\"column\">\n\t\t\t<div class=\"elementor-widget-wrap elementor-element-populated\">\n\t\t\t\t\t\t<div class=\"elementor-element elementor-element-30f168f4 elementor-widget elementor-widget-heading\" data-id=\"30f168f4\" data-element_type=\"widget\" data-e-type=\"widget\" data-widget_type=\"heading.default\">\n\t\t\t\t<div class=\"elementor-widget-container\">\n\t\t\t\t\t<h1 class=\"elementor-heading-title elementor-size-default\">90\u65e5\u9593\u306e\u8fd4\u54c1\u30dd\u30ea\u30b7\u30fc*<\/h1>\t\t\t\t<\/div>\n\t\t\t\t<\/div>\n\t\t\t\t<div class=\"elementor-element elementor-element-58da63ec elementor-widget elementor-widget-text-editor\" data-id=\"58da63ec\" data-element_type=\"widget\" data-e-type=\"widget\" data-widget_type=\"text-editor.default\">\n\t\t\t\t<div class=\"elementor-widget-container\">\n\t\t\t\t\t\t\t\t\t<p>\u5f0a\u793e\u306e\u5c0f\u578b\u5bb6\u96fb\u88fd\u54c1\u3092\u3054\u8cfc\u5165\u3044\u305f\u3060\u3044\u305f\u5834\u5408\u300190\u65e5\u9593\u306e\u8fd4\u54c1\u671f\u9593\u304c\u3054\u3056\u3044\u307e\u3059\u3002\u3053\u306e\u671f\u9593\u5185\u306b\u88fd\u54c1\u3092\u5b8c\u5168\u306a\u72b6\u614b\u3067\u3054\u8fd4\u54c1\u3044\u305f\u3060\u3051\u308c\u3070\u3001\u3054\u8cfc\u5165\u91d1\u984d\u5168\u984d\uff08\u9001\u6599\u3092\u9664\u304f\uff09\u3092\u8fd4\u91d1\u3044\u305f\u3057\u307e\u3059\u3002<\/p>\t\t\t\t\t\t\t\t<\/div>\n\t\t\t\t<\/div>\n\t\t\t\t<div class=\"elementor-element elementor-element-56dda71c elementor-widget elementor-widget-text-editor\" data-id=\"56dda71c\" data-element_type=\"widget\" data-e-type=\"widget\" data-widget_type=\"text-editor.default\">\n\t\t\t\t<div class=\"elementor-widget-container\">\n\t\t\t\t\t\t\t\t\t<p>*\u3053\u306e\u30dd\u30ea\u30b7\u30fc\u306fAMS\u3092\u901a\u3058\u3066\u76f4\u63a5\u51e6\u7406\u3055\u308c\u308b\u6ce8\u6587\u306b\u306e\u307f\u9069\u7528\u3055\u308c\u307e\u3059\u3002\u56fd\u5185\u304a\u3088\u3073\u6d77\u5916\u306e\u8ca9\u58f2\u30d1\u30fc\u30c8\u30ca\u30fc\u306b\u3088\u3063\u3066\u30dd\u30ea\u30b7\u30fc\u304c\u7570\u306a\u308b\u5834\u5408\u304c\u3042\u308a\u307e\u3059\u3002<\/p>\t\t\t\t\t\t\t\t<\/div>\n\t\t\t\t<\/div>\n\t\t\t\t\t<\/div>\n\t\t<\/div>\n\t\t\t\t\t<\/div>\n\t\t<\/section>\n\t\t\t\t\t<\/div>\n\t\t<\/div>\n\t\t\t\t\t<\/div>\n\t\t<\/section>\n\t\t\t\t<section class=\"elementor-section elementor-top-section elementor-element elementor-element-8e9d5f6 elementor-section-boxed elementor-section-height-default elementor-section-height-default\" data-id=\"8e9d5f6\" data-element_type=\"section\" data-e-type=\"section\" data-settings=\"{&quot;background_background&quot;:&quot;classic&quot;}\">\n\t\t\t\t\t\t<div class=\"elementor-container elementor-column-gap-default\">\n\t\t\t\t\t<div class=\"elementor-column elementor-col-100 elementor-top-column elementor-element elementor-element-2fe0089\" data-id=\"2fe0089\" data-element_type=\"column\" data-e-type=\"column\">\n\t\t\t<div class=\"elementor-widget-wrap elementor-element-populated\">\n\t\t\t\t\t\t<div class=\"elementor-element elementor-element-b185982 elementor-widget elementor-widget-heading\" data-id=\"b185982\" data-element_type=\"widget\" data-e-type=\"widget\" data-widget_type=\"heading.default\">\n\t\t\t\t<div class=\"elementor-widget-container\">\n\t\t\t\t\t<h2 class=\"elementor-heading-title elementor-size-default\">\u3054\u9023\u7d61\u304f\u3060\u3055\u3044<\/h2>\t\t\t\t<\/div>\n\t\t\t\t<\/div>\n\t\t\t\t<div class=\"elementor-element elementor-element-c59d608 elementor-widget elementor-widget-text-editor\" data-id=\"c59d608\" data-element_type=\"widget\" data-e-type=\"widget\" data-widget_type=\"text-editor.default\">\n\t\t\t\t<div class=\"elementor-widget-container\">\n\t\t\t\t\t\t\t\t\t<p>\u3055\u3089\u306b\u8a73\u3057\u3044\u60c5\u5831\u3084\u30a2\u30c9\u30d0\u30a4\u30b9\u304c\u5fc5\u8981\u306a\u5834\u5408\u306f\u3001\u304a\u6c17\u8efd\u306b\u304a\u554f\u3044\u5408\u308f\u305b\u304f\u3060\u3055\u3044\u3002\u559c\u3093\u3067\u304a\u624b\u4f1d\u3044\u3044\u305f\u3057\u307e\u3059\u3002<\/p>\t\t\t\t\t\t\t\t<\/div>\n\t\t\t\t<\/div>\n\t\t\t\t<div class=\"elementor-element elementor-element-55ecc59 elementor-widget-divider--view-line elementor-widget elementor-widget-divider\" data-id=\"55ecc59\" data-element_type=\"widget\" data-e-type=\"widget\" data-widget_type=\"divider.default\">\n\t\t\t\t<div class=\"elementor-widget-container\">\n\t\t\t\t\t\t\t<div class=\"elementor-divider\">\n\t\t\t<span class=\"elementor-divider-separator\">\n\t\t\t\t\t\t<\/span>\n\t\t<\/div>\n\t\t\t\t\t\t<\/div>\n\t\t\t\t<\/div>\n\t\t\t\t<div class=\"elementor-element elementor-element-3c8397b elementor-widget__width-initial elementor-widget elementor-widget-text-editor\" data-id=\"3c8397b\" data-element_type=\"widget\" data-e-type=\"widget\" data-widget_type=\"text-editor.default\">\n\t\t\t\t<div class=\"elementor-widget-container\">\n\t\t\t\t\t\t\t\t\t<p><strong>Advanced Medical Systems GmbH (AMS)<\/strong><br \/>Hauptstra\u00dfe 26<br \/>D-97990 \u30f4\u30a1\u30a4\u30ab\u30fc\u30b9\u30cf\u30a4\u30e0<\/p>\t\t\t\t\t\t\t\t<\/div>\n\t\t\t\t<\/div>\n\t\t\t\t<div class=\"elementor-element elementor-element-9b8991e elementor-widget__width-initial elementor-widget elementor-widget-text-editor\" data-id=\"9b8991e\" data-element_type=\"widget\" data-e-type=\"widget\" data-widget_type=\"text-editor.default\">\n\t\t\t\t<div class=\"elementor-widget-container\">\n\t\t\t\t\t\t\t\t\t<p>\u96fb\u8a71\uff1a <a href=\"tel:+4979349934890\" target=\"_blank\" rel=\"noopener\"><b>+49 7934 993489-0<\/b><\/a><br>\n\u30d5\u30a1\u30c3\u30af\u30b9: +49 7934 993489-44<br>\nE\u30e1\u30fc\u30eb: <a class=\"mail\" title=\"\u30e1\u30fc\u30eb\u3092\u9001\u4fe1\u3059\u308b\u305f\u3081\u306e\u30a6\u30a3\u30f3\u30c9\u30a6\u3092\u958b\u304d\u307e\u3059\" href=\"mailto:info@ams-ag.de\"><b>info@ams-ag.de<\/b><\/a><\/p>\t\t\t\t\t\t\t\t<\/div>\n\t\t\t\t<\/div>\n\t\t\t\t<div class=\"elementor-element elementor-element-161f556 elementor-widget__width-initial elementor-widget elementor-widget-text-editor\" data-id=\"161f556\" data-element_type=\"widget\" data-e-type=\"widget\" data-widget_type=\"text-editor.default\">\n\t\t\t\t<div class=\"elementor-widget-container\">\n\t\t\t\t\t\t\t\t\t<p><b>\u55b6\u696d\u6642\u9593\uff1a<br \/><\/b>\u6708\u66dc\u65e5\uff5e\u6728\u66dc\u65e5 8:00\uff5e17:00\uff08\u4e2d\u592e\u30e8\u30fc\u30ed\u30c3\u30d1\u6642\u9593\uff09<br \/>\u91d1\u66dc\u65e5 8:00-14:30 \u4e2d\u592e\u30e8\u30fc\u30ed\u30c3\u30d1\u6642\u9593<\/p>\t\t\t\t\t\t\t\t<\/div>\n\t\t\t\t<\/div>\n\t\t\t\t<div class=\"elementor-element elementor-element-2c36cd4 elementor-widget-divider--view-line elementor-widget elementor-widget-divider\" data-id=\"2c36cd4\" data-element_type=\"widget\" data-e-type=\"widget\" data-widget_type=\"divider.default\">\n\t\t\t\t<div class=\"elementor-widget-container\">\n\t\t\t\t\t\t\t<div class=\"elementor-divider\">\n\t\t\t<span class=\"elementor-divider-separator\">\n\t\t\t\t\t\t<\/span>\n\t\t<\/div>\n\t\t\t\t\t\t<\/div>\n\t\t\t\t<\/div>\n\t\t\t\t<div class=\"elementor-element elementor-element-6a34dca elementor-align-left elementor-widget__width-auto elementor-widget-tablet__width-inherit elementor-widget elementor-widget-button\" data-id=\"6a34dca\" data-element_type=\"widget\" data-e-type=\"widget\" data-widget_type=\"button.default\">\n\t\t\t\t<div class=\"elementor-widget-container\">\n\t\t\t\t\t\t\t\t\t<div class=\"elementor-button-wrapper\">\n\t\t\t\t\t<a class=\"elementor-button elementor-button-link elementor-size-sm\" href=\"https:\/\/www.ams-ag.de\/ja\/%e6%8e%a5%e8%a7%a6\/%e3%82%b3%e3%83%bc%e3%83%ab%e3%83%90%e3%83%83%e3%82%af%e6%97%a5\/\">\n\t\t\t\t\t\t<span class=\"elementor-button-content-wrapper\">\n\t\t\t\t\t\t<span class=\"elementor-button-icon\">\n\t\t\t\t<i aria-hidden=\"true\" class=\"fas fa-phone\"><\/i>\t\t\t<\/span>\n\t\t\t\t\t\t\t\t\t<span class=\"elementor-button-text\">\u30b3\u30fc\u30eb\u30d0\u30c3\u30af\u65e5<\/span>\n\t\t\t\t\t<\/span>\n\t\t\t\t\t<\/a>\n\t\t\t\t<\/div>\n\t\t\t\t\t\t\t\t<\/div>\n\t\t\t\t<\/div>\n\t\t\t\t<div class=\"elementor-element elementor-element-a7c501c elementor-align-left elementor-widget__width-auto elementor-widget elementor-widget-button\" data-id=\"a7c501c\" data-element_type=\"widget\" data-e-type=\"widget\" data-widget_type=\"button.default\">\n\t\t\t\t<div class=\"elementor-widget-container\">\n\t\t\t\t\t\t\t\t\t<div class=\"elementor-button-wrapper\">\n\t\t\t\t\t<a class=\"elementor-button elementor-button-link elementor-size-sm\" href=\"https:\/\/www.ams-ag.de\/ja\/%e6%8e%a5%e8%a7%a6\/%e6%83%85%e5%a0%b1%e8%b3%87%e6%96%99\/\">\n\t\t\t\t\t\t<span class=\"elementor-button-content-wrapper\">\n\t\t\t\t\t\t<span class=\"elementor-button-icon\">\n\t\t\t\t<i aria-hidden=\"true\" class=\"fas fa-file-alt\"><\/i>\t\t\t<\/span>\n\t\t\t\t\t\t\t\t\t<span class=\"elementor-button-text\">\u6ce8\u6587\u60c5\u5831\u8cc7\u6599<\/span>\n\t\t\t\t\t<\/span>\n\t\t\t\t\t<\/a>\n\t\t\t\t<\/div>\n\t\t\t\t\t\t\t\t<\/div>\n\t\t\t\t<\/div>\n\t\t\t\t<div class=\"elementor-element elementor-element-09735d8 elementor-align-left elementor-widget__width-auto elementor-widget elementor-widget-button\" data-id=\"09735d8\" data-element_type=\"widget\" data-e-type=\"widget\" data-widget_type=\"button.default\">\n\t\t\t\t<div class=\"elementor-widget-container\">\n\t\t\t\t\t\t\t\t\t<div class=\"elementor-button-wrapper\">\n\t\t\t\t\t<a class=\"elementor-button elementor-button-link elementor-size-sm\" href=\"https:\/\/www.ams-ag.de\/ja\/%e6%8e%a5%e8%a7%a6\/%e3%83%ad%e3%82%b0%e3%82%a4%e3%83%b3%e3%82%92%e7%94%b3%e8%ab%8b%e3%81%99%e3%82%8b\/\">\n\t\t\t\t\t\t<span class=\"elementor-button-content-wrapper\">\n\t\t\t\t\t\t<span class=\"elementor-button-icon\">\n\t\t\t\t<i aria-hidden=\"true\" class=\"fas fa-user\"><\/i>\t\t\t<\/span>\n\t\t\t\t\t\t\t\t\t<span class=\"elementor-button-text\">\u30ed\u30b0\u30a4\u30f3\u3092\u30ea\u30af\u30a8\u30b9\u30c8<\/span>\n\t\t\t\t\t<\/span>\n\t\t\t\t\t<\/a>\n\t\t\t\t<\/div>\n\t\t\t\t\t\t\t\t<\/div>\n\t\t\t\t<\/div>\n\t\t\t\t<div class=\"elementor-element elementor-element-05ef715 elementor-align-left elementor-widget__width-auto elementor-widget elementor-widget-button\" data-id=\"05ef715\" data-element_type=\"widget\" data-e-type=\"widget\" data-widget_type=\"button.default\">\n\t\t\t\t<div class=\"elementor-widget-container\">\n\t\t\t\t\t\t\t\t\t<div class=\"elementor-button-wrapper\">\n\t\t\t\t\t<a class=\"elementor-button elementor-button-link elementor-size-sm\" href=\"https:\/\/www.ams-ag.de\/ja\/%e6%8e%a5%e8%a7%a6\/%e3%83%8b%e3%83%a5%e3%83%bc%e3%82%b9%e3%83%ac%e3%82%bf%e3%83%bc%e3%82%92%e8%b3%bc%e8%aa%ad%e3%81%99%e3%82%8b\/\">\n\t\t\t\t\t\t<span class=\"elementor-button-content-wrapper\">\n\t\t\t\t\t\t<span class=\"elementor-button-icon\">\n\t\t\t\t<i aria-hidden=\"true\" class=\"fas fa-envelope\"><\/i>\t\t\t<\/span>\n\t\t\t\t\t\t\t\t\t<span class=\"elementor-button-text\">\u30cb\u30e5\u30fc\u30b9\u30ec\u30bf\u30fc\u3092\u8cfc\u8aad\u3059\u308b<\/span>\n\t\t\t\t\t<\/span>\n\t\t\t\t\t<\/a>\n\t\t\t\t<\/div>\n\t\t\t\t\t\t\t\t<\/div>\n\t\t\t\t<\/div>\n\t\t\t\t\t<\/div>\n\t\t<\/div>\n\t\t\t\t\t<\/div>\n\t\t<\/section>\n\t\t\t\t<section class=\"elementor-section elementor-top-section elementor-element elementor-element-ed7d809 elementor-section-boxed elementor-section-height-default elementor-section-height-default\" data-id=\"ed7d809\" data-element_type=\"section\" data-e-type=\"section\" data-settings=\"{&quot;background_background&quot;:&quot;classic&quot;}\">\n\t\t\t\t\t\t<div class=\"elementor-container elementor-column-gap-default\">\n\t\t\t\t\t<div class=\"elementor-column elementor-col-100 elementor-top-column elementor-element elementor-element-a8e764d\" data-id=\"a8e764d\" data-element_type=\"column\" data-e-type=\"column\">\n\t\t\t<div class=\"elementor-widget-wrap elementor-element-populated\">\n\t\t\t\t\t\t<div class=\"elementor-element elementor-element-d7b5932 elementor-align-right elementor-mobile-align-center elementor-widget elementor-widget-button\" data-id=\"d7b5932\" data-element_type=\"widget\" data-e-type=\"widget\" data-widget_type=\"button.default\">\n\t\t\t\t<div class=\"elementor-widget-container\">\n\t\t\t\t\t\t\t\t\t<div class=\"elementor-button-wrapper\">\n\t\t\t\t\t<a class=\"elementor-button elementor-button-link elementor-size-sm\" href=\"https:\/\/www.ams-ag.de\/ja\/produkte\/heimbedarf\/kleingeraete\/\">\n\t\t\t\t\t\t<span class=\"elementor-button-content-wrapper\">\n\t\t\t\t\t\t<span class=\"elementor-button-icon\">\n\t\t\t\t<i aria-hidden=\"true\" class=\"fas fa-arrow-right\"><\/i>\t\t\t<\/span>\n\t\t\t\t\t\t\t\t\t<span class=\"elementor-button-text\">\u5c0f\u578b\u5bb6\u96fb<\/span>\n\t\t\t\t\t<\/span>\n\t\t\t\t\t<\/a>\n\t\t\t\t<\/div>\n\t\t\t\t\t\t\t\t<\/div>\n\t\t\t\t<\/div>\n\t\t\t\t\t<\/div>\n\t\t<\/div>\n\t\t\t\t\t<\/div>\n\t\t<\/section>\n\t\t\t\t<\/div>","protected":false},"excerpt":{"rendered":"<p>Ger\u00e4te f\u00fcr den Heimbedarf Nachfolgend sehen Sie alle Kategorien, die verschiedene Produkte f\u00fcr den\u00a0Heimbedarf enthalten. Ein Klick auf die Kategorie bringt Sie zu einer\u00a0Einleitungsseite, die Ihnen den Einstieg in das [&hellip;]<\/p>\n","protected":false},"author":1,"featured_media":0,"parent":4805,"menu_order":1,"comment_status":"closed","ping_status":"closed","template":"","meta":{"pmpro_default_level":"","footnotes":""},"class_list":["post-4153","page","type-page","status-publish","hentry","pmpro-has-access"],"_links":{"self":[{"href":"https:\/\/www.ams-ag.de\/ja\/wp-json\/wp\/v2\/pages\/4153","targetHints":{"allow":["GET"]}}],"collection":[{"href":"https:\/\/www.ams-ag.de\/ja\/wp-json\/wp\/v2\/pages"}],"about":[{"href":"https:\/\/www.ams-ag.de\/ja\/wp-json\/wp\/v2\/types\/page"}],"author":[{"embeddable":true,"href":"https:\/\/www.ams-ag.de\/ja\/wp-json\/wp\/v2\/users\/1"}],"replies":[{"embeddable":true,"href":"https:\/\/www.ams-ag.de\/ja\/wp-json\/wp\/v2\/comments?post=4153"}],"version-history":[{"count":33,"href":"https:\/\/www.ams-ag.de\/ja\/wp-json\/wp\/v2\/pages\/4153\/revisions"}],"predecessor-version":[{"id":19730,"href":"https:\/\/www.ams-ag.de\/ja\/wp-json\/wp\/v2\/pages\/4153\/revisions\/19730"}],"up":[{"embeddable":true,"href":"https:\/\/www.ams-ag.de\/ja\/wp-json\/wp\/v2\/pages\/4805"}],"wp:attachment":[{"href":"https:\/\/www.ams-ag.de\/ja\/wp-json\/wp\/v2\/media?parent=4153"}],"curies":[{"name":"wp","href":"https:\/\/api.w.org\/{rel}","templated":true}]}}