{"id":3990,"date":"2023-09-05T18:44:55","date_gmt":"2023-09-05T16:44:55","guid":{"rendered":"http:\/\/www.ams-ag.de\/?page_id=3990"},"modified":"2025-07-25T14:41:51","modified_gmt":"2025-07-25T12:41:51","slug":"%e6%b0%b4%e5%87%a6%e7%90%86","status":"publish","type":"page","link":"https:\/\/www.ams-ag.de\/ja\/produkte\/heimbedarf\/wasseraufbereitung\/","title":{"rendered":"\u6c34\u51e6\u7406"},"content":{"rendered":"<div data-elementor-type=\"wp-page\" data-elementor-id=\"3990\" class=\"elementor elementor-3990\" data-elementor-post-type=\"page\">\n\t\t\t\t\t\t<section class=\"elementor-section elementor-top-section elementor-element elementor-element-92d41f9 elementor-section-boxed elementor-section-height-default elementor-section-height-default\" data-id=\"92d41f9\" data-element_type=\"section\" data-e-type=\"section\" data-settings=\"{&quot;background_background&quot;:&quot;classic&quot;}\">\n\t\t\t\t\t\t<div class=\"elementor-container elementor-column-gap-default\">\n\t\t\t\t\t<div class=\"elementor-column elementor-col-50 elementor-top-column elementor-element elementor-element-047fe45\" data-id=\"047fe45\" data-element_type=\"column\" data-e-type=\"column\">\n\t\t\t<div class=\"elementor-widget-wrap elementor-element-populated\">\n\t\t\t\t\t\t<div class=\"elementor-element elementor-element-9fc910b elementor-widget elementor-widget-image\" data-id=\"9fc910b\" data-element_type=\"widget\" data-e-type=\"widget\" data-widget_type=\"image.default\">\n\t\t\t\t<div class=\"elementor-widget-container\">\n\t\t\t\t\t\t\t\t\t\t\t\t\t\t\t<img fetchpriority=\"high\" decoding=\"async\" width=\"768\" height=\"548\" src=\"https:\/\/www.ams-ag.de\/wp-content\/uploads\/2024\/01\/pexels-pixabay-416528-768x548.jpg\" class=\"attachment-medium_large size-medium_large wp-image-14137\" alt=\"\" srcset=\"https:\/\/www.ams-ag.de\/wp-content\/uploads\/2024\/01\/pexels-pixabay-416528-768x548.jpg 768w, https:\/\/www.ams-ag.de\/wp-content\/uploads\/2024\/01\/pexels-pixabay-416528-300x214.jpg 300w, https:\/\/www.ams-ag.de\/wp-content\/uploads\/2024\/01\/pexels-pixabay-416528-1434x1024.jpg 1434w, https:\/\/www.ams-ag.de\/wp-content\/uploads\/2024\/01\/pexels-pixabay-416528-1536x1097.jpg 1536w, https:\/\/www.ams-ag.de\/wp-content\/uploads\/2024\/01\/pexels-pixabay-416528-18x12.jpg 18w, https:\/\/www.ams-ag.de\/wp-content\/uploads\/2024\/01\/pexels-pixabay-416528.jpg 1920w\" sizes=\"(max-width: 768px) 100vw, 768px\" \/>\t\t\t\t\t\t\t\t\t\t\t\t\t\t\t<\/div>\n\t\t\t\t<\/div>\n\t\t\t\t\t<\/div>\n\t\t<\/div>\n\t\t\t\t<div class=\"elementor-column elementor-col-50 elementor-top-column elementor-element elementor-element-6ff9a75\" data-id=\"6ff9a75\" data-element_type=\"column\" data-e-type=\"column\">\n\t\t\t<div class=\"elementor-widget-wrap elementor-element-populated\">\n\t\t\t\t\t\t<div class=\"elementor-element elementor-element-577aa42 elementor-widget elementor-widget-heading\" data-id=\"577aa42\" data-element_type=\"widget\" data-e-type=\"widget\" data-widget_type=\"heading.default\">\n\t\t\t\t<div class=\"elementor-widget-container\">\n\t\t\t\t\t<h1 class=\"elementor-heading-title elementor-size-default\">\u6c34\u51e6\u7406<\/h1>\t\t\t\t<\/div>\n\t\t\t\t<\/div>\n\t\t\t\t<div class=\"elementor-element elementor-element-44a14f0 elementor-widget elementor-widget-text-editor\" data-id=\"44a14f0\" data-element_type=\"widget\" data-e-type=\"widget\" data-widget_type=\"text-editor.default\">\n\t\t\t\t<div class=\"elementor-widget-container\">\n\t\t\t\t\t\t\t\t\t<a href=\"http:\/\/ams-onlineshop.de\/wp-content\/uploads\/2023\/03\/Achtung_Preisvergleich_spring-time.pdf\" target=\"_blank\" rel=\"noopener\"><b>\u4fa1\u683c\u3092\u6bd4\u8f03\u3059\u308b\u969b\u306b\u306f\u6ce8\u610f\u3057\u3066\u304f\u3060\u3055\u3044!<\/b><\/a>\t\t\t\t\t\t\t\t<\/div>\n\t\t\t\t<\/div>\n\t\t\t\t<div class=\"elementor-element elementor-element-8874bb2 elementor-widget__width-auto elementor-widget elementor-widget-heading\" data-id=\"8874bb2\" data-element_type=\"widget\" data-e-type=\"widget\" data-widget_type=\"heading.default\">\n\t\t\t\t<div class=\"elementor-widget-container\">\n\t\t\t\t\t<span class=\"elementor-heading-title elementor-size-default\">\u4e00\u90e8\u306e EU \u8af8\u56fd\u304a\u3088\u3073\u30b9\u30a4\u30b9\u3067\u306f\u3001\u30b7\u30e7\u30c3\u30d7\u304b\u3089\u76f4\u63a5\u3054\u8cfc\u5165\u3044\u305f\u3060\u3051\u307e\u3059\u3002<br>\u305d\u306e\u4ed6\u306e\u56fd\u3078\u306e\u3054\u65c5\u884c\u3082\u3054\u8981\u671b\u306b\u5fdc\u3058\u3066\u627f\u308a\u307e\u3059\u3002\u3054\u9023\u7d61\u65b9\u6cd5\u3092\u8a73\u3057\u304f\u8a18\u8f09\u3057\u305f\u77ed\u3044\u30e1\u30fc\u30eb\u3092\u304a\u9001\u308a\u304f\u3060\u3055\u3044\u3002<\/span>\t\t\t\t<\/div>\n\t\t\t\t<\/div>\n\t\t\t\t\t<\/div>\n\t\t<\/div>\n\t\t\t\t\t<\/div>\n\t\t<\/section>\n\t\t\t\t<section class=\"elementor-section elementor-top-section elementor-element elementor-element-68e0b9f elementor-section-boxed elementor-section-height-default elementor-section-height-default\" data-id=\"68e0b9f\" data-element_type=\"section\" data-e-type=\"section\" data-settings=\"{&quot;background_background&quot;:&quot;classic&quot;}\">\n\t\t\t\t\t\t<div class=\"elementor-container elementor-column-gap-default\">\n\t\t\t\t\t<div class=\"elementor-column elementor-col-100 elementor-top-column elementor-element elementor-element-17540ae\" data-id=\"17540ae\" data-element_type=\"column\" data-e-type=\"column\">\n\t\t\t<div class=\"elementor-widget-wrap elementor-element-populated\">\n\t\t\t\t\t\t<div class=\"elementor-element elementor-element-ade309c elementor-widget elementor-widget-heading\" data-id=\"ade309c\" data-element_type=\"widget\" data-e-type=\"widget\" data-widget_type=\"heading.default\">\n\t\t\t\t<div class=\"elementor-widget-container\">\n\t\t\t\t\t<h2 class=\"elementor-heading-title elementor-size-default\">\u30af\u30a4\u30c3\u30af\u9078\u629e<\/h2>\t\t\t\t<\/div>\n\t\t\t\t<\/div>\n\t\t\t\t<div class=\"elementor-element elementor-element-41f71a7 elementor-widget elementor-widget-text-editor\" data-id=\"41f71a7\" data-element_type=\"widget\" data-e-type=\"widget\" data-widget_type=\"text-editor.default\">\n\t\t\t\t<div class=\"elementor-widget-container\">\n\t\t\t\t\t\t\t\t\t\u6c34\u51e6\u7406\u30ab\u30c6\u30b4\u30ea\u30fc\u306e\u3069\u306e\u88fd\u54c1\u3092\u8cfc\u5165\u3057\u305f\u3044\u304b\u65e2\u306b\u308f\u304b\u3063\u3066\u3044\u308b\u5834\u5408\u306f\u3001\u30ea\u30f3\u30af\u3092\u30af\u30ea\u30c3\u30af\u3057\u3066\u88fd\u54c1\u3092\u898b\u3064\u3051\u3066\u304f\u3060\u3055\u3044\u3002\t\t\t\t\t\t\t\t<\/div>\n\t\t\t\t<\/div>\n\t\t\t\t<div class=\"elementor-element elementor-element-9b2adce elementor-widget elementor-widget-button\" data-id=\"9b2adce\" data-element_type=\"widget\" data-e-type=\"widget\" data-widget_type=\"button.default\">\n\t\t\t\t<div class=\"elementor-widget-container\">\n\t\t\t\t\t\t\t\t\t<div class=\"elementor-button-wrapper\">\n\t\t\t\t\t<a class=\"elementor-button elementor-button-link elementor-size-sm\" href=\"http:\/\/ams-onlineshop.de\/produkt-kategorie\/heimbedarf\/wasseraufbereitung\/\" target=\"_blank\">\n\t\t\t\t\t\t<span class=\"elementor-button-content-wrapper\">\n\t\t\t\t\t\t<span class=\"elementor-button-icon\">\n\t\t\t\t<i aria-hidden=\"true\" class=\"fas fa-arrow-right\"><\/i>\t\t\t<\/span>\n\t\t\t\t\t\t\t\t\t<span class=\"elementor-button-text\">\u5e97\u5185\u306e\u6c34\u51e6\u7406<\/span>\n\t\t\t\t\t<\/span>\n\t\t\t\t\t<\/a>\n\t\t\t\t<\/div>\n\t\t\t\t\t\t\t\t<\/div>\n\t\t\t\t<\/div>\n\t\t\t\t\t<\/div>\n\t\t<\/div>\n\t\t\t\t\t<\/div>\n\t\t<\/section>\n\t\t\t\t<section class=\"elementor-section elementor-top-section elementor-element elementor-element-0339bd0 elementor-section-boxed elementor-section-height-default elementor-section-height-default\" data-id=\"0339bd0\" data-element_type=\"section\" data-e-type=\"section\">\n\t\t\t\t\t\t<div class=\"elementor-container elementor-column-gap-default\">\n\t\t\t\t\t<div class=\"elementor-column elementor-col-100 elementor-top-column elementor-element elementor-element-307f589\" data-id=\"307f589\" data-element_type=\"column\" data-e-type=\"column\">\n\t\t\t<div class=\"elementor-widget-wrap elementor-element-populated\">\n\t\t\t\t\t\t<div class=\"elementor-element elementor-element-8a88e63 elementor-widget elementor-widget-heading\" data-id=\"8a88e63\" data-element_type=\"widget\" data-e-type=\"widget\" data-widget_type=\"heading.default\">\n\t\t\t\t<div class=\"elementor-widget-container\">\n\t\t\t\t\t<h2 class=\"elementor-heading-title elementor-size-default\">\u6c34\u306f\u547d<\/h2>\t\t\t\t<\/div>\n\t\t\t\t<\/div>\n\t\t\t\t<div class=\"elementor-element elementor-element-4e71773 elementor-widget elementor-widget-text-editor\" data-id=\"4e71773\" data-element_type=\"widget\" data-e-type=\"widget\" data-widget_type=\"text-editor.default\">\n\t\t\t\t<div class=\"elementor-widget-container\">\n\t\t\t\t\t\t\t\t\t<p>\u6c34\u306f\u5730\u7403\u4e0a\u306e\u751f\u547d\u306e\u57fa\u76e4\u3067\u3042\u308a\u3001\u3042\u3089\u3086\u308b\u751f\u7269\u306b\u3068\u3063\u3066\u6700\u3082\u91cd\u8981\u306a\u69cb\u6210\u8981\u7d20\u3067\u3059\u3002\u4f53\u5185\u306e\u3059\u3079\u3066\u306e\u7d30\u80de\u306b\u6d78\u900f\u3057\u3001\u3042\u3089\u3086\u308b\u8eab\u4f53\u6a5f\u80fd\u3092\u8abf\u7bc0\u3057\u307e\u3059\u3002\u3055\u3089\u306b\u3001\u6c34\u306f\u79c1\u305f\u3061\u306e\u610f\u8b58\u306b\u3082\u6df1\u304f\u95a2\u308f\u3063\u3066\u304a\u308a\u3001\u601d\u8003\u3084\u611f\u60c5\u3092\u53ef\u80fd\u306b\u3057\u307e\u3059\u3002<\/p><p><b>\u98f2\u6599\u6c34\u306f\u79c1\u305f\u3061\u306b\u3068\u3063\u3066\u6700\u3082\u91cd\u8981\u306a\u98df\u6599\u3067\u3059\u3002<\/b><\/p><p>\u79c1\u305f\u3061\u4eba\u9593\u306e\u4f53\u306f\u5e73\u5747\u3057\u3066\u7d04601\u30c8\u30f3\/209\u30c8\u30f3\u306e\u6c34\u5206\u3067\u69cb\u6210\u3055\u308c\u3066\u3044\u307e\u3059\u3002\u4e73\u5150\u671f\u306b\u306f\u7d04901\u30c8\u30f3\/209\u30c8\u30f3\u3001\u9ad8\u9f62\u8005\u3067\u3082\u7d04451\u30c8\u30f3\/209\u30c8\u30f3\u3067\u3059\u3002\u4f53\u5185\u306b\u304a\u3051\u308b\u6c34\u306e\u6700\u3082\u91cd\u8981\u306a\u6a5f\u80fd\u306f\u3001\u4ee3\u8b1d\u3068\u4f53\u6e29\u8abf\u7bc0\u3067\u3059\u3002<br \/>\u6bce\u65e5\u5341\u5206\u306a\u6c34\u5206\u3092\u6442\u53d6\u3059\u308b\u3053\u3068\u306f\u975e\u5e38\u306b\u91cd\u8981\u3067\u3059\u3002\u6c34\u5206\u4e0d\u8db3\u306f\u4f53\u306b\u5927\u304d\u306a\u8ca0\u62c5\u3092\u304b\u3051\u3001\u77ed\u671f\u7684\u306b\u3082\u9577\u671f\u7684\u306b\u3082\u5065\u5eb7\u4e0a\u306e\u554f\u984c\u3092\u5f15\u304d\u8d77\u3053\u3057\u307e\u3059\u3002\u8131\u6c34\u75c7\u72b6\u306b\u3088\u308a\u3001\u7d30\u80de\u3084\u81d3\u5668\u3078\u306e\u6804\u990a\u4f9b\u7d66\u304c\u4e0d\u8db3\u3057\u3001\u96c6\u4e2d\u529b\u3084\u30d1\u30d5\u30a9\u30fc\u30de\u30f3\u30b9\u304c\u8457\u3057\u304f\u4f4e\u4e0b\u3057\u307e\u3059\u3002<\/p><p>\u79c1\u305f\u3061\u306f\u56fa\u5f62\u98df\u306a\u3057\u306750\u65e5\u9593\u751f\u304d\u5ef6\u3073\u308b\u3053\u3068\u304c\u3067\u304d\u307e\u3059\u304c\u3001\u98f2\u6599\u6c34\u306a\u3057\u3067\u306f\u6570\u65e5\u3057\u304b\u751f\u304d\u5ef6\u3073\u308b\u3053\u3068\u304c\u3067\u304d\u307e\u305b\u3093\u3002<\/p><p>\u79c1\u305f\u3061\u306f\u6bce\u65e52\uff5e3\u30ea\u30c3\u30c8\u30eb\u306e\u6c34\u3092\u6442\u53d6\u3059\u308b\u5fc5\u8981\u304c\u3042\u308a\u307e\u3059\u3002\u3082\u3061\u308d\u3093\u3001\u679c\u7269\u3084\u91ce\u83dc\u3068\u3044\u3063\u305f\u6c34\u5206\u3092\u591a\u304f\u542b\u3080\u98df\u54c1\u3082\u6c34\u5206\u88dc\u7d66\u306b\u306f\u5f79\u7acb\u3061\u307e\u3059\u304c\u3001\u305d\u308c\u3060\u3051\u3067\u306f\u5fc5\u8981\u306a\u6c34\u5206\u91cf\u3092\u6e80\u305f\u3059\u3053\u3068\u306f\u3067\u304d\u307e\u305b\u3093\u3002<\/p>\t\t\t\t\t\t\t\t<\/div>\n\t\t\t\t<\/div>\n\t\t\t\t\t<\/div>\n\t\t<\/div>\n\t\t\t\t\t<\/div>\n\t\t<\/section>\n\t\t\t\t<section class=\"elementor-section elementor-top-section elementor-element elementor-element-f325829 elementor-section-boxed elementor-section-height-default elementor-section-height-default\" data-id=\"f325829\" data-element_type=\"section\" data-e-type=\"section\">\n\t\t\t\t\t\t<div class=\"elementor-container elementor-column-gap-default\">\n\t\t\t\t\t<div class=\"elementor-column elementor-col-100 elementor-top-column elementor-element elementor-element-f44798b\" data-id=\"f44798b\" data-element_type=\"column\" data-e-type=\"column\">\n\t\t\t<div class=\"elementor-widget-wrap elementor-element-populated\">\n\t\t\t\t\t\t<div class=\"elementor-element elementor-element-dc317d9 elementor-widget elementor-widget-heading\" data-id=\"dc317d9\" data-element_type=\"widget\" data-e-type=\"widget\" data-widget_type=\"heading.default\">\n\t\t\t\t<div class=\"elementor-widget-container\">\n\t\t\t\t\t<h2 class=\"elementor-heading-title elementor-size-default\">\u3054\u5b58\u77e5\u3067\u3057\u305f\u304b...<\/h2>\t\t\t\t<\/div>\n\t\t\t\t<\/div>\n\t\t\t\t<div class=\"elementor-element elementor-element-d19d053 elementor-widget elementor-widget-text-editor\" data-id=\"d19d053\" data-element_type=\"widget\" data-e-type=\"widget\" data-widget_type=\"text-editor.default\">\n\t\t\t\t<div class=\"elementor-widget-container\">\n\t\t\t\t\t\t\t\t\t<p>\u6c34\u306f\u30c9\u30a4\u30c4\u3067\u6700\u3082\u53b3\u3057\u304f\u7ba1\u7406\u3055\u308c\u3066\u3044\u308b\u98df\u54c1\u306e\u4e00\u3064\u3067\u3059\u304c\u3001\u3054\u5b58\u77e5\u3067\u3057\u305f\u304b...<\/p><ul><li>\u30c9\u30a4\u30c4\u306e\u98f2\u6599\u6c34\u6761\u4f8b\u306b\u304a\u3051\u308b\u8a31\u5bb9\u6c34\u8cea\u6c5a\u67d3\u306e\u4e00\u822c\u5236\u9650\u5024\uff08\u6307\u91dd\u5024\uff09\u306f\u3001\u73fe\u5728 1990 \u5e74\u3068\u6bd4\u3079\u3066 2 \u500d\u4ee5\u4e0a\u306b\u306a\u3063\u3066\u3044\u307e\u3059\u304b?<\/li><li>\u30c9\u30a4\u30c4\u9023\u90a6\u74b0\u5883\u5e81\u306f\u3001\u300c\u6c34\u9053\u7ba1\u5185\u306b4\u6642\u9593\u4ee5\u4e0a\u6ede\u7559\u3057\u305f\u6c34\u306f\u3001\u98f2\u7528\u306b\u3082\u98df\u54c1\u306b\u3082\u9069\u3055\u306a\u3044\u300d\u3068\u660e\u8a00\u3057\u3066\u3044\u308b\u3002<\/li><\/ul><p>\u3082\u3061\u308d\u3093\u3001\u5e02\u8ca9\u306e\u30df\u30cd\u30e9\u30eb\u30a6\u30a9\u30fc\u30bf\u30fc\u306b\u5207\u308a\u66ff\u3048\u308b\u3053\u3068\u3082\u3067\u304d\u307e\u3059\u3002\u3057\u304b\u3057\u3001\u305d\u308c\u306f\u7bb1\u3092\u904b\u3076\u3053\u3068\u306b\u306a\u308a\u3001\u74b0\u5883\u6c5a\u67d3\u306b\u3082\u3064\u306a\u304c\u308a\u307e\u3059\u3002\u30ac\u30e9\u30b9\u30dc\u30c8\u30eb\u3067\u3082\u30da\u30c3\u30c8\u30dc\u30c8\u30eb\u3067\u3082\u3001\u8f38\u9001\u3001\u6e05\u6383\u3001\u30ea\u30b5\u30a4\u30af\u30eb\u306b\u3088\u308b\u74b0\u5883\u6c5a\u67d3\u306f\u907f\u3051\u3089\u308c\u307e\u305b\u3093\u3002<\/p><p>\u60f3\u50cf\u3057\u3066\u307f\u3066\u304f\u3060\u3055\u3044\u3002\u3042\u306a\u305f\u5c02\u7528\u306e\u300c\u6e67\u304d\u6c34\u300d\u304c\u3042\u308a\u30011\u30ea\u30c3\u30c8\u30eb\u3042\u305f\u308a\u308f\u305a\u304b\u6570\u30bb\u30f3\u30c8\u3067\u3001\u65e2\u5b58\u306e\u6c34\u9053\u6c34\u3092\u300c\u30eb\u30fc\u30c8\u30f4\u30a3\u30d2\u6280\u8853\u300d\u3067\u308d\u904e\u3057\u3001\u30a8\u30cd\u30eb\u30ae\u30fc\u3092\u4f9b\u7d66\u3067\u304d\u307e\u3059\u3002\u30dc\u30c8\u30eb\u5165\u308a\u98f2\u6599\u6c34\u306e\u9ad8\u984d\u306a\u30dc\u30c8\u30ea\u30f3\u30b0\u3068\u8f38\u9001\u8cbb\u7528\u3092\u6255\u3046\u5fc5\u8981\u306f\u3042\u308a\u307e\u305b\u3093\u3002\u5e74\u9593\u6570\u767e\u30e6\u30fc\u30ed\u306e\u7bc0\u7d04\u304c\u53ef\u80fd\u3067\u3059\u3002<\/p><p>\u3044\u3064\u3067\u3082\u81ea\u5206\u3067\u304a\u3044\u3057\u304f\u3066\u304d\u308c\u3044\u306a\u6c34\u3092\u6c72\u3093\u3067\u307f\u307e\u305b\u3093\u304b\uff1f<\/p><p>\u305d\u308c\u3067\u306f\u3001\u5f53\u793e\u306e\u9006\u6d78\u900f\u30b7\u30b9\u30c6\u30e0\u3092\u3054\u89a7\u304f\u3060\u3055\u3044\u3002<\/p><p><a href=\"https:\/\/www.ams-ag.de\/ja\/%e8%a3%bd%e5%93%81\/%e5%ae%b6%e5%ba%ad%e7%94%a8%e5%93%81\/%e6%b0%b4%e5%87%a6%e7%90%86\/%e3%82%b9%e3%83%97%e3%83%aa%e3%83%b3%e3%82%b0%e3%82%bf%e3%82%a4%e3%83%a0420%e3%83%97%e3%83%ad\/\"><b>spring-time\u00ae420 pro<\/b><\/a><\/p><p><a href=\"https:\/\/www.ams-ag.de\/ja\/%e8%a3%bd%e5%93%81\/%e5%ae%b6%e5%ba%ad%e7%94%a8%e5%93%81\/%e6%b0%b4%e5%87%a6%e7%90%86\/%e6%98%a5%e3%81%ae%e3%83%97%e3%83%ac%e3%83%9f%e3%82%a2%e3%83%a0%e3%83%97%e3%83%ad\/\"><b>spring-time\u00aepremium pro<\/b><\/a><\/p><p><a href=\"https:\/\/www.ams-ag.de\/ja\/%e8%a3%bd%e5%93%81\/%e5%ae%b6%e5%ba%ad%e7%94%a8%e5%93%81\/%e6%b0%b4%e5%87%a6%e7%90%86\/%e6%98%a5%e3%81%ae%e3%83%97%e3%83%ad%e3%83%95%e3%82%a7%e3%83%83%e3%82%b7%e3%83%a7%e3%83%8a%e3%83%ab%e3%83%97%e3%83%ad\/\"><b>\u30b9\u30d7\u30ea\u30f3\u30b0\u30bf\u30a4\u30e0\u00ae\u30d7\u30ed\u30d5\u30a7\u30c3\u30b7\u30e7\u30ca\u30eb<\/b><\/a><\/p><p>\u9006\u6d78\u900f\u819c\u6d44\u6c34\u5668\u3084\u6d44\u6c34\u5668\u5168\u822c\u306b\u3064\u3044\u3066\u3054\u4e0d\u660e\u306a\u70b9\u304c\u3054\u3056\u3044\u307e\u3057\u305f\u3089\u3001\u304a\u6c17\u8efd\u306b\u304a\u96fb\u8a71\u304f\u3060\u3055\u3044\u3002\u559c\u3093\u3067\u3054\u8cea\u554f\u306b\u304a\u7b54\u3048\u3044\u305f\u3057\u307e\u3059\u3002<\/p>\t\t\t\t\t\t\t\t<\/div>\n\t\t\t\t<\/div>\n\t\t\t\t<div class=\"elementor-element elementor-element-d3c2151 elementor-widget elementor-widget-button\" data-id=\"d3c2151\" data-element_type=\"widget\" data-e-type=\"widget\" data-widget_type=\"button.default\">\n\t\t\t\t<div class=\"elementor-widget-container\">\n\t\t\t\t\t\t\t\t\t<div class=\"elementor-button-wrapper\">\n\t\t\t\t\t<a class=\"elementor-button elementor-button-link elementor-size-sm\" href=\"http:\/\/ams-onlineshop.de\/produkt-kategorie\/heimbedarf\/wasseraufbereitung\/\" target=\"_blank\">\n\t\t\t\t\t\t<span class=\"elementor-button-content-wrapper\">\n\t\t\t\t\t\t<span class=\"elementor-button-icon\">\n\t\t\t\t<i aria-hidden=\"true\" class=\"fas fa-arrow-right\"><\/i>\t\t\t<\/span>\n\t\t\t\t\t\t\t\t\t<span class=\"elementor-button-text\">\u5e97\u5185\u306e\u6c34\u51e6\u7406<\/span>\n\t\t\t\t\t<\/span>\n\t\t\t\t\t<\/a>\n\t\t\t\t<\/div>\n\t\t\t\t\t\t\t\t<\/div>\n\t\t\t\t<\/div>\n\t\t\t\t\t<\/div>\n\t\t<\/div>\n\t\t\t\t\t<\/div>\n\t\t<\/section>\n\t\t\t\t<section class=\"elementor-section elementor-top-section elementor-element elementor-element-1249374 elementor-section-boxed elementor-section-height-default elementor-section-height-default\" data-id=\"1249374\" data-element_type=\"section\" data-e-type=\"section\" data-settings=\"{&quot;background_background&quot;:&quot;classic&quot;}\">\n\t\t\t\t\t\t<div class=\"elementor-container elementor-column-gap-default\">\n\t\t\t\t\t<div class=\"elementor-column elementor-col-100 elementor-top-column elementor-element elementor-element-3c9892c\" data-id=\"3c9892c\" data-element_type=\"column\" data-e-type=\"column\">\n\t\t\t<div class=\"elementor-widget-wrap elementor-element-populated\">\n\t\t\t\t\t\t<div class=\"elementor-element elementor-element-6500389 elementor-align-right elementor-mobile-align-center elementor-widget elementor-widget-button\" data-id=\"6500389\" data-element_type=\"widget\" data-e-type=\"widget\" data-widget_type=\"button.default\">\n\t\t\t\t<div class=\"elementor-widget-container\">\n\t\t\t\t\t\t\t\t\t<div class=\"elementor-button-wrapper\">\n\t\t\t\t\t<a class=\"elementor-button elementor-button-link elementor-size-sm\" href=\"https:\/\/www.ams-ag.de\/ja\/produkte\/heimbedarf\/wasseraufbereitung\/spring-time420-pro\/\">\n\t\t\t\t\t\t<span class=\"elementor-button-content-wrapper\">\n\t\t\t\t\t\t<span class=\"elementor-button-icon\">\n\t\t\t\t<i aria-hidden=\"true\" class=\"fas fa-arrow-right\"><\/i>\t\t\t<\/span>\n\t\t\t\t\t\t\t\t\t<span class=\"elementor-button-text\">spring-time\u00ae420 pro<\/span>\n\t\t\t\t\t<\/span>\n\t\t\t\t\t<\/a>\n\t\t\t\t<\/div>\n\t\t\t\t\t\t\t\t<\/div>\n\t\t\t\t<\/div>\n\t\t\t\t\t<\/div>\n\t\t<\/div>\n\t\t\t\t\t<\/div>\n\t\t<\/section>\n\t\t\t\t<\/div>","protected":false},"excerpt":{"rendered":"<p>Wasseraufbereitung Obacht beim Preisvergleich! Direkt \u00fcber den Shop verf\u00fcgbar in einigen L\u00e4ndern der EU und der Schweiz.Andere L\u00e4nder auf Anfrage. Schreiben Sie uns eine kurze E-Mail wie wir Sie erreichen [&hellip;]<\/p>\n","protected":false},"author":1,"featured_media":0,"parent":4153,"menu_order":3,"comment_status":"closed","ping_status":"closed","template":"","meta":{"pmpro_default_level":"","footnotes":""},"class_list":["post-3990","page","type-page","status-publish","hentry","pmpro-has-access"],"_links":{"self":[{"href":"https:\/\/www.ams-ag.de\/ja\/wp-json\/wp\/v2\/pages\/3990","targetHints":{"allow":["GET"]}}],"collection":[{"href":"https:\/\/www.ams-ag.de\/ja\/wp-json\/wp\/v2\/pages"}],"about":[{"href":"https:\/\/www.ams-ag.de\/ja\/wp-json\/wp\/v2\/types\/page"}],"author":[{"embeddable":true,"href":"https:\/\/www.ams-ag.de\/ja\/wp-json\/wp\/v2\/users\/1"}],"replies":[{"embeddable":true,"href":"https:\/\/www.ams-ag.de\/ja\/wp-json\/wp\/v2\/comments?post=3990"}],"version-history":[{"count":72,"href":"https:\/\/www.ams-ag.de\/ja\/wp-json\/wp\/v2\/pages\/3990\/revisions"}],"predecessor-version":[{"id":19352,"href":"https:\/\/www.ams-ag.de\/ja\/wp-json\/wp\/v2\/pages\/3990\/revisions\/19352"}],"up":[{"embeddable":true,"href":"https:\/\/www.ams-ag.de\/ja\/wp-json\/wp\/v2\/pages\/4153"}],"wp:attachment":[{"href":"https:\/\/www.ams-ag.de\/ja\/wp-json\/wp\/v2\/media?parent=3990"}],"curies":[{"name":"wp","href":"https:\/\/api.w.org\/{rel}","templated":true}]}}