{"id":18293,"date":"2024-08-27T03:13:57","date_gmt":"2024-08-27T01:13:57","guid":{"rendered":"https:\/\/www.ams-ag.de\/?page_id=18293"},"modified":"2025-11-24T22:36:40","modified_gmt":"2025-11-24T21:36:40","slug":"%e3%83%8b%e3%83%a5%e3%83%bc%e3%82%b9%e3%83%ac%e3%82%bf%e3%83%bc","status":"publish","type":"page","link":"https:\/\/www.ams-ag.de\/ja\/informationen\/newsletter\/","title":{"rendered":"\u30cb\u30e5\u30fc\u30b9\u30ec\u30bf\u30fc"},"content":{"rendered":"\t\t<div data-elementor-type=\"wp-page\" data-elementor-id=\"18293\" class=\"elementor elementor-18293\" data-elementor-post-type=\"page\">\n\t\t\t\t\t\t<section class=\"elementor-section elementor-top-section elementor-element elementor-element-66fb4c6 elementor-section-boxed elementor-section-height-default elementor-section-height-default\" data-id=\"66fb4c6\" data-element_type=\"section\" data-e-type=\"section\">\n\t\t\t\t\t\t<div class=\"elementor-container elementor-column-gap-default\">\n\t\t\t\t\t<div class=\"elementor-column elementor-col-100 elementor-top-column elementor-element elementor-element-04a5c35\" data-id=\"04a5c35\" data-element_type=\"column\" data-e-type=\"column\">\n\t\t\t<div class=\"elementor-widget-wrap elementor-element-populated\">\n\t\t\t\t\t\t<div class=\"elementor-element elementor-element-6ad5024 elementor-widget elementor-widget-heading\" data-id=\"6ad5024\" data-element_type=\"widget\" data-e-type=\"widget\" data-widget_type=\"heading.default\">\n\t\t\t\t<div class=\"elementor-widget-container\">\n\t\t\t\t\t<h1 class=\"elementor-heading-title elementor-size-default\">Lesen Sie die zuletzt verschickten Newsletter<\/h1>\t\t\t\t<\/div>\n\t\t\t\t<\/div>\n\t\t\t\t<div class=\"elementor-element elementor-element-852c732 elementor-widget elementor-widget-text-editor\" data-id=\"852c732\" data-element_type=\"widget\" data-e-type=\"widget\" data-widget_type=\"text-editor.default\">\n\t\t\t\t<div class=\"elementor-widget-container\">\n\t\t\t\t\t\t\t\t\t<p>Etwa zweimal im Jahr verschicken wir einen Newsletter. Wenn Sie den n\u00e4chsten in Ihrem Postfach erhalten m\u00f6chten, k\u00f6nnen Sie ihn hier abonnieren.<\/p>\t\t\t\t\t\t\t\t<\/div>\n\t\t\t\t<\/div>\n\t\t\t\t<div class=\"elementor-element elementor-element-85bb379 elementor-align-left elementor-mobile-align-center elementor-widget elementor-widget-button\" data-id=\"85bb379\" data-element_type=\"widget\" data-e-type=\"widget\" data-widget_type=\"button.default\">\n\t\t\t\t<div class=\"elementor-widget-container\">\n\t\t\t\t\t\t\t\t\t<div class=\"elementor-button-wrapper\">\n\t\t\t\t\t<a class=\"elementor-button elementor-button-link elementor-size-sm\" href=\"https:\/\/www.ams-ag.de\/ja\/kontakt\/newsletter-abonnieren\/\">\n\t\t\t\t\t\t<span class=\"elementor-button-content-wrapper\">\n\t\t\t\t\t\t<span class=\"elementor-button-icon\">\n\t\t\t\t<i aria-hidden=\"true\" class=\"fas fa-arrow-right\"><\/i>\t\t\t<\/span>\n\t\t\t\t\t\t\t\t\t<span class=\"elementor-button-text\">Newsletter abonnieren<\/span>\n\t\t\t\t\t<\/span>\n\t\t\t\t\t<\/a>\n\t\t\t\t<\/div>\n\t\t\t\t\t\t\t\t<\/div>\n\t\t\t\t<\/div>\n\t\t\t\t\t<\/div>\n\t\t<\/div>\n\t\t\t\t\t<\/div>\n\t\t<\/section>\n\t\t\t\t<section class=\"elementor-section elementor-top-section elementor-element elementor-element-f3bcdc6 elementor-section-boxed elementor-section-height-default elementor-section-height-default\" data-id=\"f3bcdc6\" data-element_type=\"section\" data-e-type=\"section\">\n\t\t\t\t\t\t<div class=\"elementor-container elementor-column-gap-default\">\n\t\t\t\t\t<div class=\"elementor-column elementor-col-100 elementor-top-column elementor-element elementor-element-09dfc8f\" data-id=\"09dfc8f\" data-element_type=\"column\" data-e-type=\"column\">\n\t\t\t<div class=\"elementor-widget-wrap elementor-element-populated\">\n\t\t\t\t\t\t<div class=\"elementor-element elementor-element-973c20a elementor-widget elementor-widget-heading\" data-id=\"973c20a\" data-element_type=\"widget\" data-e-type=\"widget\" data-widget_type=\"heading.default\">\n\t\t\t\t<div class=\"elementor-widget-container\">\n\t\t\t\t\t<h2 class=\"elementor-heading-title elementor-size-default\">Beantragen Sie einen Login<\/h2>\t\t\t\t<\/div>\n\t\t\t\t<\/div>\n\t\t\t\t<div class=\"elementor-element elementor-element-3e041b1a elementor-widget elementor-widget-text-editor\" data-id=\"3e041b1a\" data-element_type=\"widget\" data-e-type=\"widget\" data-widget_type=\"text-editor.default\">\n\t\t\t\t<div class=\"elementor-widget-container\">\n\t\t\t\t\t\t\t\t\t<p>Als registrierter Nutzer k\u00f6nnen Sie nach dem Einloggen hier die zuletzt verschickten Newsletter lesen.<\/p>\t\t\t\t\t\t\t\t<\/div>\n\t\t\t\t<\/div>\n\t\t\t\t\t<\/div>\n\t\t<\/div>\n\t\t\t\t\t<\/div>\n\t\t<\/section>\n\t\t\t\t<section class=\"elementor-section elementor-top-section elementor-element elementor-element-8bc69a4 elementor-section-boxed elementor-section-height-default elementor-section-height-default\" data-id=\"8bc69a4\" data-element_type=\"section\" data-e-type=\"section\">\n\t\t\t\t\t\t<div class=\"elementor-container elementor-column-gap-default\">\n\t\t\t\t\t<div class=\"elementor-column elementor-col-100 elementor-top-column elementor-element elementor-element-68f2589\" data-id=\"68f2589\" data-element_type=\"column\" data-e-type=\"column\">\n\t\t\t<div class=\"elementor-widget-wrap elementor-element-populated\">\n\t\t\t\t\t\t<div class=\"elementor-element elementor-element-908090e elementor-widget elementor-widget-wp-widget-pmpro-member-login\" data-id=\"908090e\" data-element_type=\"widget\" data-e-type=\"widget\" data-widget_type=\"wp-widget-pmpro-member-login.default\">\n\t\t\t\t<div class=\"elementor-widget-container\">\n\t\t\t\t\t\t\t\n\t\t\n\t\t\n\t<div class=\"pmpro\">\n\t\t<section id=\"pmpro_login\" class=\"pmpro_section\">\n\t\t\t\t\t\t\t\t\t\t<div class=\"pmpro_card pmpro_login_wrap\">\n\t\t\t\t\t\t\t\t<h3 class=\"pmpro_card_title pmpro_font-large\">\u30ed\u30b0\u30a4\u30f3<\/h3>\t\t\t\t\t\t\t\t<div class=\"pmpro_card_content\">\n\t\t\t\t\t\t\t\t\t<form name=\"loginform\" id=\"loginform\" action=\"https:\/\/www.ams-ag.de\/wp-login.php\" method=\"post\"><input type=\"hidden\" name=\"pmpro_login_form_used\" value=\"1\" \/><p class=\"login-username\">\n\t\t\t\t<label for=\"user_login\">\u30e6\u30fc\u30b6\u30fc\u540d\u307e\u305f\u306f\u30e1\u30fc\u30eb\u30a2\u30c9\u30ec\u30b9<\/label>\n\t\t\t\t<input type=\"text\" name=\"log\" id=\"user_login\" autocomplete=\"username\" class=\"input\" value=\"\" size=\"20\" \/>\n\t\t\t<\/p><p class=\"login-password\">\n\t\t\t\t<label for=\"user_pass\">\u30d1\u30b9\u30ef\u30fc\u30c9<\/label>\n\t\t\t\t<input type=\"password\" name=\"pwd\" id=\"user_pass\" autocomplete=\"current-password\" spellcheck=\"false\" class=\"input\" value=\"\" size=\"20\" \/>\n\t\t\t<\/p><p class=\"login-remember\"><label><input name=\"rememberme\" type=\"checkbox\" id=\"rememberme\" value=\"forever\" \/> \u30ed\u30b0\u30a4\u30f3\u72b6\u614b\u3092\u4fdd\u5b58\u3059\u308b<\/label><\/p><p class=\"login-submit\">\n\t\t\t\t<input type=\"submit\" name=\"wp-submit\" id=\"wp-submit\" class=\"button button-primary\" value=\"\u30ed\u30b0\u30a4\u30f3\" \/>\n\t\t\t\t<input type=\"hidden\" name=\"redirect_to\" value=\"https:\/\/www.ams-ag.de\/ja\/wp-json\/wp\/v2\/pages\/18293\" \/>\n\t\t\t<\/p><\/form>\t<div class=\"pmpro_form_field-password-toggle\">\n\t\t<button type=\"button\" id=\"pmpro_btn-password-toggle-1\" class=\"pmpro_btn pmpro_btn-plain hide-if-no-js\" data-toggle=\"0\">\n\t\t\t<span class=\"pmpro_icon pmpro_icon-eye\" aria-hidden=\"true\"><svg xmlns=\"http:\/\/www.w3.org\/2000\/svg\" width=\"20\" height=\"20\" viewBox=\"0 0 24 24\" fill=\"none\" stroke=\"var(--pmpro--color--accent)\" stroke-width=\"2\" stroke-linecap=\"round\" stroke-linejoin=\"round\" class=\"feather feather-eye\"><path d=\"M1 12s4-8 11-8 11 8 11 8-4 8-11 8-11-8-11-8z\"><\/path><circle cx=\"12\" cy=\"12\" r=\"3\"><\/circle><\/svg><\/span>\n\t\t\t<span class=\"pmpro_form_field-password-toggle-state\">\u30d1\u30b9\u30ef\u30fc\u30c9\u3092\u8868\u793a<\/span>\n\t\t<\/button>\n\t<\/div>\n\t<script>\n\t\t\/\/ Password visibility toggle (wp_login_form instance).\n\t\t(function() {\n\t\t\tconst toggleButton = document.querySelectorAll('#pmpro_btn-password-toggle-1')[0];\n\t\t\tconst toggleWrapper = toggleButton.closest('.pmpro_form_field-password-toggle');\n\t\t\tconst loginForm = toggleWrapper.previousElementSibling;\n\t\t\tconst passwordParagraph = loginForm.querySelector('.login-password');\n\t\t\tconst passwordInput = loginForm.querySelector('#user_pass');\n\n\t\t\tpasswordParagraph.appendChild(toggleWrapper);\n\t\t\ttoggleButton.classList.remove('hide-if-no-js');\n\t\t\ttoggleButton.addEventListener('click', togglePassword);\n\n\t\t\tfunction togglePassword() {\n\t\t\t\tconst status = this.getAttribute('data-toggle');\n\t\t\t\tconst passwordInputs = document.querySelectorAll('#user_pass');\n\t\t\t\tconst icon = this.getElementsByClassName('pmpro_icon')[0];\n\t\t\t\tconst state = this.getElementsByClassName('pmpro_form_field-password-toggle-state')[0];\n\n\t\t\t\tif (parseInt(status, 10) === 0) {\n\t\t\t\t\tthis.setAttribute('data-toggle', 1);\n\t\t\t\t\tpasswordInput.setAttribute( 'type', 'text' );\n\t\t\t\t\ticon.innerHTML = `\n\t\t\t\t\t\t<svg xmlns=\"http:\/\/www.w3.org\/2000\/svg\" width=\"20\" height=\"20\" viewBox=\"0 0 24 24\" fill=\"none\" stroke=\"var(--pmpro--color--accent)\" stroke-width=\"2\" stroke-linecap=\"round\" stroke-linejoin=\"round\" class=\"feather feather-eye-off\">\n\t\t\t\t\t\t\t<path d=\"M17.94 17.94A10.07 10.07 0 0 1 12 20c-7 0-11-8-11-8a18.45 18.45 0 0 1 5.06-5.94M9.9 4.24A9.12 9.12 0 0 1 12 4c7 0 11 8 11 8a18.5 18.5 0 0 1-2.16 3.19m-6.72-1.07a3 3 0 1 1-4.24-4.24\"><\/path>\n\t\t\t\t\t\t\t<line x1=\"1\" y1=\"1\" x2=\"23\" y2=\"23\"><\/line>\n\t\t\t\t\t\t<\/svg>`;\n\t\t\t\t\tstate.textContent = '\u30d1\u30b9\u30ef\u30fc\u30c9\u3092\u96a0\u3059';\n\t\t\t\t} else {\n\t\t\t\t\tthis.setAttribute('data-toggle', 0);\n\t\t\t\t\tpasswordInput.setAttribute( 'type', 'password' );\n\t\t\t\t\ticon.innerHTML = `\n\t\t\t\t\t\t<svg xmlns=\"http:\/\/www.w3.org\/2000\/svg\" width=\"20\" height=\"20\" viewBox=\"0 0 24 24\" fill=\"none\" stroke=\"var(--pmpro--color--accent)\" stroke-width=\"2\" stroke-linecap=\"round\" stroke-linejoin=\"round\" class=\"feather feather-eye\">\n\t\t\t\t\t\t\t<path d=\"M1 12s4-8 11-8 11 8 11 8-4 8-11 8-11-8-11-8z\"><\/path>\n\t\t\t\t\t\t\t<circle cx=\"12\" cy=\"12\" r=\"3\"><\/circle>\n\t\t\t\t\t\t<\/svg>`;\n\t\t\t\t\tstate.textContent = '\u30d1\u30b9\u30ef\u30fc\u30c9\u3092\u8868\u793a';\n\t\t\t\t}\n\t\t\t}\n\t\t})();\n\t<\/script>\n\t\t\t\t\t\t\t\t\t<\/div> <!-- end pmpro_card_content -->\n\t\t\t\t\t\t\t\t<div class=\"pmpro_card_actions\">\n\t\t\t\t\t\t\t\t\t\t<div class=\"pmpro_actions_nav\">\n\t\t<a href=\"https:\/\/www.ams-ag.de\/ja\/login\/?action=reset_pass\">\u30d1\u30b9\u30ef\u30fc\u30c9\u3092\u518d\u8a2d\u5b9a\u3057\u307e\u3059\u304b ?<\/a>\t<\/div> <!-- end pmpro_actions_nav -->\n\t\t\t\t\t\t\t\t\t<\/div> <!-- end pmpro_card_actions -->\n\t\t\t\t\t\t\t<\/div> <!-- end pmpro_login_wrap -->\n\t\t\t\t\t\t\t\n\t\t\t\t\t\t\t\t\t<\/section> <!-- end pmpro_login -->\n\t<\/div> <!-- end pmpro -->\n\t\t\t\t\t<\/div>\n\t\t\t\t<\/div>\n\t\t\t\t<div class=\"elementor-element elementor-element-e7ff583 elementor-widget elementor-widget-text-editor\" data-id=\"e7ff583\" data-element_type=\"widget\" data-e-type=\"widget\" data-widget_type=\"text-editor.default\">\n\t\t\t\t<div class=\"elementor-widget-container\">\n\t\t\t\t\t\t\t\t\t<p><b>Liebe Webseiten-Besucher<\/b>,<\/p><p>leider d\u00fcrfen wir auf dieser Webseite nicht alle Inhalte \u00f6ffentlich zug\u00e4nglich machen:<br \/>Fachspezifische Informationen\u00a0befinden sich ausschlie\u00dflich in\u00a0gesch\u00fctzten Bereichen der Webseite. Sie d\u00fcrfen laut \u00a711 des Heilmittelwerbegesetzes nur\u00a0Fachkreisen\u00a0zug\u00e4nglich gemacht werden.<\/p><p><b>Fachkreise im Sinne des Gesetzes sind:<\/b><\/p><ul><li>Angeh\u00f6rige der Heilberufe oder des Heilgewerbes<\/li><li>Einrichtungen, die der Gesundheit von Mensch oder Tier dienen<\/li><li>sonstige Personen, soweit sie mit Arzneimitteln, Verfahren, Behandlungen, Gegenst\u00e4nden oder anderen Mitteln erlaubterweise Handel treiben oder in Aus\u00fcbung ihres Berufes anwenden<\/li><\/ul><p><b>Darunter fallen z.B.:<\/b><\/p><ul><li>\u00c4rzte jeder Fachrichtung<\/li><li>Heilpraktiker (auch Anw\u00e4rter)<\/li><li>Physiotherapeuten<\/li><li>Gesundheitsberater<\/li><li>Apotheker<\/li><li>Gewerbetreibende im medizinischen Sektor<\/li><li>usw.<\/li><\/ul><p>Als Angeh\u00f6riger eines Fachkreises\u00a0k\u00f6nnen Sie sich einloggen, um die gesch\u00fctzten Inhalte zu sehen.<br \/>Das\u00a0Passwort und den\u00a0Benutzernamen k\u00f6nnen sie hier anfordern:<\/p><p><a href=\"https:\/\/www.ams-ag.de\/kontakt\/login-beantragen\/\"><b>Login beantragen<\/b><\/a><\/p>\t\t\t\t\t\t\t\t<\/div>\n\t\t\t\t<\/div>\n\t\t\t\t\t<\/div>\n\t\t<\/div>\n\t\t\t\t\t<\/div>\n\t\t<\/section>\n\t\t\t\t<section class=\"elementor-section elementor-top-section elementor-element elementor-element-021eb4b elementor-section-boxed elementor-section-height-default elementor-section-height-default\" data-id=\"021eb4b\" data-element_type=\"section\" data-e-type=\"section\" data-settings=\"{&quot;background_background&quot;:&quot;classic&quot;}\">\n\t\t\t\t\t\t<div class=\"elementor-container elementor-column-gap-default\">\n\t\t\t\t\t<div class=\"elementor-column elementor-col-100 elementor-top-column elementor-element elementor-element-4704e0a\" data-id=\"4704e0a\" data-element_type=\"column\" data-e-type=\"column\">\n\t\t\t<div class=\"elementor-widget-wrap elementor-element-populated\">\n\t\t\t\t\t\t<div class=\"elementor-element elementor-element-ce14892 elementor-align-right elementor-mobile-align-center elementor-widget elementor-widget-button\" data-id=\"ce14892\" data-element_type=\"widget\" data-e-type=\"widget\" data-widget_type=\"button.default\">\n\t\t\t\t<div class=\"elementor-widget-container\">\n\t\t\t\t\t\t\t\t\t<div class=\"elementor-button-wrapper\">\n\t\t\t\t\t<a class=\"elementor-button elementor-button-link elementor-size-sm\" href=\"https:\/\/www.ams-ag.de\/ja\/informationen\/therapeuten-finden\/\">\n\t\t\t\t\t\t<span class=\"elementor-button-content-wrapper\">\n\t\t\t\t\t\t<span class=\"elementor-button-icon\">\n\t\t\t\t<i aria-hidden=\"true\" class=\"fas fa-arrow-right\"><\/i>\t\t\t<\/span>\n\t\t\t\t\t\t\t\t\t<span class=\"elementor-button-text\">Therapeuten finden<\/span>\n\t\t\t\t\t<\/span>\n\t\t\t\t\t<\/a>\n\t\t\t\t<\/div>\n\t\t\t\t\t\t\t\t<\/div>\n\t\t\t\t<\/div>\n\t\t\t\t\t<\/div>\n\t\t<\/div>\n\t\t\t\t\t<\/div>\n\t\t<\/section>\n\t\t\t\t<\/div>\n\t\t","protected":false},"excerpt":{"rendered":"<p>Lesen Sie die zuletzt verschickten Newsletter Etwa zweimal im Jahr verschicken wir einen Newsletter. Wenn Sie den n\u00e4chsten in Ihrem Postfach erhalten m\u00f6chten, k\u00f6nnen Sie ihn hier abonnieren. Newsletter abonnieren [&hellip;]<\/p>\n","protected":false},"author":1,"featured_media":0,"parent":12743,"menu_order":1,"comment_status":"closed","ping_status":"closed","template":"","meta":{"pmpro_default_level":"","footnotes":""},"class_list":["post-18293","page","type-page","status-publish","hentry","pmpro-has-access"],"_links":{"self":[{"href":"https:\/\/www.ams-ag.de\/ja\/wp-json\/wp\/v2\/pages\/18293","targetHints":{"allow":["GET"]}}],"collection":[{"href":"https:\/\/www.ams-ag.de\/ja\/wp-json\/wp\/v2\/pages"}],"about":[{"href":"https:\/\/www.ams-ag.de\/ja\/wp-json\/wp\/v2\/types\/page"}],"author":[{"embeddable":true,"href":"https:\/\/www.ams-ag.de\/ja\/wp-json\/wp\/v2\/users\/1"}],"replies":[{"embeddable":true,"href":"https:\/\/www.ams-ag.de\/ja\/wp-json\/wp\/v2\/comments?post=18293"}],"version-history":[{"count":103,"href":"https:\/\/www.ams-ag.de\/ja\/wp-json\/wp\/v2\/pages\/18293\/revisions"}],"predecessor-version":[{"id":19812,"href":"https:\/\/www.ams-ag.de\/ja\/wp-json\/wp\/v2\/pages\/18293\/revisions\/19812"}],"up":[{"embeddable":true,"href":"https:\/\/www.ams-ag.de\/ja\/wp-json\/wp\/v2\/pages\/12743"}],"wp:attachment":[{"href":"https:\/\/www.ams-ag.de\/ja\/wp-json\/wp\/v2\/media?parent=18293"}],"curies":[{"name":"wp","href":"https:\/\/api.w.org\/{rel}","templated":true}]}}