{"id":1737,"date":"2023-05-02T12:20:13","date_gmt":"2023-05-02T10:20:13","guid":{"rendered":"http:\/\/www.ams-ag.de\/?page_id=1737"},"modified":"2024-10-16T17:28:28","modified_gmt":"2024-10-16T15:28:28","slug":"%e6%8e%a5%e8%a7%a6","status":"publish","type":"page","link":"https:\/\/www.ams-ag.de\/ja\/kontakt\/","title":{"rendered":"\u60c5\u5831\u3068\u9023\u7d61\u5148"},"content":{"rendered":"<div data-elementor-type=\"wp-page\" data-elementor-id=\"1737\" class=\"elementor elementor-1737\" data-elementor-post-type=\"page\">\n\t\t\t\t\t\t<section class=\"elementor-section elementor-top-section elementor-element elementor-element-76320a5 elementor-section-boxed elementor-section-height-default elementor-section-height-default\" data-id=\"76320a5\" data-element_type=\"section\" data-e-type=\"section\" data-settings=\"{&quot;background_background&quot;:&quot;classic&quot;}\">\n\t\t\t\t\t\t<div class=\"elementor-container elementor-column-gap-default\">\n\t\t\t\t\t<div class=\"elementor-column elementor-col-100 elementor-top-column elementor-element elementor-element-6fc136f\" data-id=\"6fc136f\" data-element_type=\"column\" data-e-type=\"column\">\n\t\t\t<div class=\"elementor-widget-wrap elementor-element-populated\">\n\t\t\t\t\t\t<div class=\"elementor-element elementor-element-447aa28 elementor-widget elementor-widget-heading\" data-id=\"447aa28\" data-element_type=\"widget\" data-e-type=\"widget\" data-widget_type=\"heading.default\">\n\t\t\t\t<div class=\"elementor-widget-container\">\n\t\t\t\t\t<h1 class=\"elementor-heading-title elementor-size-default\">\u9023\u7d61\u5148\u3068\u60c5\u5831<\/h1>\t\t\t\t<\/div>\n\t\t\t\t<\/div>\n\t\t\t\t<div class=\"elementor-element elementor-element-067bdeb elementor-widget elementor-widget-text-editor\" data-id=\"067bdeb\" data-element_type=\"widget\" data-e-type=\"widget\" data-widget_type=\"text-editor.default\">\n\t\t\t\t<div class=\"elementor-widget-container\">\n\t\t\t\t\t\t\t\t\t<p>\u5f0a\u793e\u306e\u88fd\u54c1\u3068\u30b5\u30fc\u30d3\u30b9\u306b\u3054\u8208\u5473\u3092\u304a\u6301\u3061\u3044\u305f\u3060\u304d\u3001\u8aa0\u306b\u3042\u308a\u304c\u3068\u3046\u3054\u3056\u3044\u307e\u3059\u3002\u3054\u8cea\u554f\u304c\u3054\u3056\u3044\u307e\u3057\u305f\u3089\u3001\u304a\u6c17\u8efd\u306b\u304a\u554f\u3044\u5408\u308f\u305b\u304f\u3060\u3055\u3044\u3002<\/p>\t\t\t\t\t\t\t\t<\/div>\n\t\t\t\t<\/div>\n\t\t\t\t\t<\/div>\n\t\t<\/div>\n\t\t\t\t\t<\/div>\n\t\t<\/section>\n\t\t\t\t<section class=\"elementor-section elementor-top-section elementor-element elementor-element-a401e4e elementor-section-boxed elementor-section-height-default elementor-section-height-default\" data-id=\"a401e4e\" data-element_type=\"section\" data-e-type=\"section\">\n\t\t\t\t\t\t<div class=\"elementor-container elementor-column-gap-default\">\n\t\t\t\t\t<div class=\"elementor-column elementor-col-100 elementor-top-column elementor-element elementor-element-b9ac5fd\" data-id=\"b9ac5fd\" data-element_type=\"column\" data-e-type=\"column\">\n\t\t\t<div class=\"elementor-widget-wrap elementor-element-populated\">\n\t\t\t\t\t\t<div class=\"elementor-element elementor-element-1ad6a5a elementor-widget elementor-widget-heading\" data-id=\"1ad6a5a\" data-element_type=\"widget\" data-e-type=\"widget\" data-widget_type=\"heading.default\">\n\t\t\t\t<div class=\"elementor-widget-container\">\n\t\t\t\t\t<h2 class=\"elementor-heading-title elementor-size-default\">\u9023\u7d61\u62c5\u5f53\u8005<\/h2>\t\t\t\t<\/div>\n\t\t\t\t<\/div>\n\t\t\t\t<div class=\"elementor-element elementor-element-6034614 elementor-author-box--layout-image-above elementor-author-box--align-left elementor-widget__width-initial elementor-widget elementor-widget-author-box\" data-id=\"6034614\" data-element_type=\"widget\" data-e-type=\"widget\" data-widget_type=\"author-box.default\">\n\t\t\t\t<div class=\"elementor-widget-container\">\n\t\t\t\t\t\t\t<div class=\"elementor-author-box\">\n\t\t\t\t\t\t\t<a href=\"https:\/\/www.ams-ag.de\/ja\/ams%e3%81%ab%e3%81%a4%e3%81%84%e3%81%a6\/%e3%83%8a%e3%83%83%e3%83%88%e3%83%bb%e3%83%95%e3%83%a9%e3%83%b3%e3%82%af%e3%83%bb%e3%83%99%e3%83%83%e3%82%af%e5%8d%9a%e5%a3%ab\/\" class=\"elementor-author-box__avatar\">\n\t\t\t\t\t<img decoding=\"async\" src=\"https:\/\/www.ams-ag.de\/wp-content\/uploads\/2023\/12\/csm_Frank_Beck_ba8be5b814-209x300.jpg\" alt=\"Picture of Dr. Frank Beck\" loading=\"lazy\">\n\t\t\t\t<\/a>\n\t\t\t\n\t\t\t<div class=\"elementor-author-box__text\">\n\t\t\t\t\t\t\t\t\t<a href=\"https:\/\/www.ams-ag.de\/ja\/ams%e3%81%ab%e3%81%a4%e3%81%84%e3%81%a6\/%e3%83%8a%e3%83%83%e3%83%88%e3%83%bb%e3%83%95%e3%83%a9%e3%83%b3%e3%82%af%e3%83%bb%e3%83%99%e3%83%83%e3%82%af%e5%8d%9a%e5%a3%ab\/\">\n\t\t\t\t\t\t<h3 class=\"elementor-author-box__name\">\n\t\t\t\t\t\t\t\u30d5\u30e9\u30f3\u30af\u535a\u58eb Beck\t\t\t\t\t\t<\/h3>\n\t\t\t\t\t<\/a>\n\t\t\t\t\n\t\t\t\t\t\t\t\t\t<div class=\"elementor-author-box__bio\">\n\t\t\t\t\t\t<p>AMS \u306e\u30de\u30cd\u30fc\u30b8\u30f3\u30b0 \u30c7\u30a3\u30ec\u30af\u30bf\u30fc\u3067\u3042\u308a\u3001\u3059\u3079\u3066\u306e AMS \u88fd\u54c1\u306b\u95a2\u3059\u308b\u30b9\u30da\u30b7\u30e3\u30ea\u30b9\u30c8\u304a\u3088\u3073\u30b3\u30f3\u30b5\u30eb\u30bf\u30f3\u30c8\u3067\u3059\u3002<\/p>\n\t\t\t\t\t<\/div>\n\t\t\t\t\n\t\t\t\t\t\t\t\t\t<a class=\"elementor-author-box__button elementor-button elementor-size-xs\" href=\"mailto:frank.beck@ams-ag.de\">\n\t\t\t\t\t\tE\u30e1\u30fc\u30eb\t\t\t\t\t<\/a>\n\t\t\t\t\t\t\t<\/div>\n\t\t<\/div>\n\t\t\t\t\t\t<\/div>\n\t\t\t\t<\/div>\n\t\t\t\t<div class=\"elementor-element elementor-element-a0fb55d elementor-author-box--layout-image-above elementor-author-box--align-left elementor-widget__width-initial elementor-widget elementor-widget-author-box\" data-id=\"a0fb55d\" data-element_type=\"widget\" data-e-type=\"widget\" data-widget_type=\"author-box.default\">\n\t\t\t\t<div class=\"elementor-widget-container\">\n\t\t\t\t\t\t\t<div class=\"elementor-author-box\">\n\t\t\t\t\t\t\t<a href=\"https:\/\/www.ams-ag.de\/ja\/ams%e3%81%ab%e3%81%a4%e3%81%84%e3%81%a6\/ams%e3%83%81%e3%83%bc%e3%83%a0\/eva-niesel\/\" class=\"elementor-author-box__avatar\">\n\t\t\t\t\t<img decoding=\"async\" src=\"https:\/\/www.ams-ag.de\/wp-content\/uploads\/2023\/11\/Eva-Niesel-246x300.jpg\" alt=\"Picture of Eva Niesel\" loading=\"lazy\">\n\t\t\t\t<\/a>\n\t\t\t\n\t\t\t<div class=\"elementor-author-box__text\">\n\t\t\t\t\t\t\t\t\t<a href=\"https:\/\/www.ams-ag.de\/ja\/ams%e3%81%ab%e3%81%a4%e3%81%84%e3%81%a6\/ams%e3%83%81%e3%83%bc%e3%83%a0\/eva-niesel\/\">\n\t\t\t\t\t\t<h3 class=\"elementor-author-box__name\">\n\t\t\t\t\t\t\t\u30a8\u30f4\u30a1\u30fb\u30cb\u30fc\u30bc\u30eb\t\t\t\t\t\t<\/h3>\n\t\t\t\t\t<\/a>\n\t\t\t\t\n\t\t\t\t\t\t\t\t\t<div class=\"elementor-author-box__bio\">\n\t\t\t\t\t\t<p>AMS \u88fd\u54c1\u5168\u822c\u306e\u9023\u7d61\u62c5\u5f53\u8005\u3067\u3042\u308a\u3001\u6d77\u5916\u304b\u3089\u306e\u304a\u554f\u3044\u5408\u308f\u305b\u306b\u5bfe\u5fdc\u3057\u307e\u3059\u3002<\/p>\n\t\t\t\t\t<\/div>\n\t\t\t\t\n\t\t\t\t\t\t\t\t\t<a class=\"elementor-author-box__button elementor-button elementor-size-xs\" href=\"mailto:eva.niesel@ams-ag.de\">\n\t\t\t\t\t\tE\u30e1\u30fc\u30eb\t\t\t\t\t<\/a>\n\t\t\t\t\t\t\t<\/div>\n\t\t<\/div>\n\t\t\t\t\t\t<\/div>\n\t\t\t\t<\/div>\n\t\t\t\t<div class=\"elementor-element elementor-element-b5d2f37 elementor-author-box--layout-image-above elementor-author-box--align-left elementor-widget__width-initial elementor-widget elementor-widget-author-box\" data-id=\"b5d2f37\" data-element_type=\"widget\" data-e-type=\"widget\" data-widget_type=\"author-box.default\">\n\t\t\t\t<div class=\"elementor-widget-container\">\n\t\t\t\t\t\t\t<div class=\"elementor-author-box\">\n\t\t\t\t\t\t\t<a href=\"https:\/\/www.ams-ag.de\/ja\/ams%e3%81%ab%e3%81%a4%e3%81%84%e3%81%a6\/ams%e3%83%81%e3%83%bc%e3%83%a0\/anne-kessler\/\" class=\"elementor-author-box__avatar\">\n\t\t\t\t\t<img decoding=\"async\" src=\"https:\/\/www.ams-ag.de\/wp-content\/uploads\/2023\/05\/image-6-184x300.jpeg\" alt=\"Picture of Anne Ke\u00dfler\" loading=\"lazy\">\n\t\t\t\t<\/a>\n\t\t\t\n\t\t\t<div class=\"elementor-author-box__text\">\n\t\t\t\t\t\t\t\t\t<a href=\"https:\/\/www.ams-ag.de\/ja\/ams%e3%81%ab%e3%81%a4%e3%81%84%e3%81%a6\/ams%e3%83%81%e3%83%bc%e3%83%a0\/anne-kessler\/\">\n\t\t\t\t\t\t<h3 class=\"elementor-author-box__name\">\n\t\t\t\t\t\t\t\u30a2\u30f3\u30fb\u30b1\u30b9\u30e9\u30fc\t\t\t\t\t\t<\/h3>\n\t\t\t\t\t<\/a>\n\t\t\t\t\n\t\t\t\t\t\t\t\t\t<div class=\"elementor-author-box__bio\">\n\t\t\t\t\t\t<p>\u4f1a\u8a08\u3092\u62c5\u5f53\u3057\u3001\u8acb\u6c42\u66f8\u306b\u95a2\u3059\u308b\u3042\u3089\u3086\u308b\u8cea\u554f\u306e\u9023\u7d61\u5148\u3068\u306a\u308a\u307e\u3059\u3002<\/p>\n\t\t\t\t\t<\/div>\n\t\t\t\t\n\t\t\t\t\t\t\t\t\t<a class=\"elementor-author-box__button elementor-button elementor-size-xs\" href=\"mailto:anne.kessler@ams-ag.de\">\n\t\t\t\t\t\tE\u30e1\u30fc\u30eb\t\t\t\t\t<\/a>\n\t\t\t\t\t\t\t<\/div>\n\t\t<\/div>\n\t\t\t\t\t\t<\/div>\n\t\t\t\t<\/div>\n\t\t\t\t\t<\/div>\n\t\t<\/div>\n\t\t\t\t\t<\/div>\n\t\t<\/section>\n\t\t\t\t<section class=\"elementor-section elementor-top-section elementor-element elementor-element-2b5e0a9 elementor-section-boxed elementor-section-height-default elementor-section-height-default\" data-id=\"2b5e0a9\" data-element_type=\"section\" data-e-type=\"section\" data-settings=\"{&quot;background_background&quot;:&quot;classic&quot;}\">\n\t\t\t\t\t\t<div class=\"elementor-container elementor-column-gap-default\">\n\t\t\t\t\t<div class=\"elementor-column elementor-col-100 elementor-top-column elementor-element elementor-element-a5d0b2f\" data-id=\"a5d0b2f\" data-element_type=\"column\" data-e-type=\"column\">\n\t\t\t<div class=\"elementor-widget-wrap elementor-element-populated\">\n\t\t\t\t\t\t<div class=\"elementor-element elementor-element-bede02a elementor-widget elementor-widget-heading\" data-id=\"bede02a\" data-element_type=\"widget\" data-e-type=\"widget\" data-widget_type=\"heading.default\">\n\t\t\t\t<div class=\"elementor-widget-container\">\n\t\t\t\t\t<h2 class=\"elementor-heading-title elementor-size-default\">\u3054\u9023\u7d61\u304f\u3060\u3055\u3044<\/h2>\t\t\t\t<\/div>\n\t\t\t\t<\/div>\n\t\t\t\t<div class=\"elementor-element elementor-element-e54a149 elementor-widget-divider--view-line elementor-widget elementor-widget-divider\" data-id=\"e54a149\" data-element_type=\"widget\" data-e-type=\"widget\" data-widget_type=\"divider.default\">\n\t\t\t\t<div class=\"elementor-widget-container\">\n\t\t\t\t\t\t\t<div class=\"elementor-divider\">\n\t\t\t<span class=\"elementor-divider-separator\">\n\t\t\t\t\t\t<\/span>\n\t\t<\/div>\n\t\t\t\t\t\t<\/div>\n\t\t\t\t<\/div>\n\t\t\t\t<div class=\"elementor-element elementor-element-6ea30dd elementor-widget__width-initial elementor-widget elementor-widget-text-editor\" data-id=\"6ea30dd\" data-element_type=\"widget\" data-e-type=\"widget\" data-widget_type=\"text-editor.default\">\n\t\t\t\t<div class=\"elementor-widget-container\">\n\t\t\t\t\t\t\t\t\t<p><strong>Advanced Medical Systems GmbH (AMS)<\/strong><br \/>Hauptstra\u00dfe 26<br \/>D-97990 \u30f4\u30a1\u30a4\u30ab\u30fc\u30b9\u30cf\u30a4\u30e0<\/p>\t\t\t\t\t\t\t\t<\/div>\n\t\t\t\t<\/div>\n\t\t\t\t<div class=\"elementor-element elementor-element-6e50f40 elementor-widget__width-initial elementor-widget elementor-widget-text-editor\" data-id=\"6e50f40\" data-element_type=\"widget\" data-e-type=\"widget\" data-widget_type=\"text-editor.default\">\n\t\t\t\t<div class=\"elementor-widget-container\">\n\t\t\t\t\t\t\t\t\t<p>\u96fb\u8a71\uff1a <a href=\"tel:+4979349934890\" target=\"_blank\" rel=\"noopener\"><b>+49 7934 993489-0<\/b><\/a><br \/>\u30d5\u30a1\u30c3\u30af\u30b9: +49 7934 993489-44<br \/>E\u30e1\u30fc\u30eb: <a class=\"mail\" title=\"\u30e1\u30fc\u30eb\u3092\u9001\u4fe1\u3059\u308b\u305f\u3081\u306e\u30a6\u30a3\u30f3\u30c9\u30a6\u3092\u958b\u304d\u307e\u3059\" href=\"mailto:info@ams-ag.de\"><b>info@ams-ag.de<\/b><\/a><\/p>\t\t\t\t\t\t\t\t<\/div>\n\t\t\t\t<\/div>\n\t\t\t\t<div class=\"elementor-element elementor-element-583dfc5 elementor-widget__width-initial elementor-widget elementor-widget-text-editor\" data-id=\"583dfc5\" data-element_type=\"widget\" data-e-type=\"widget\" data-widget_type=\"text-editor.default\">\n\t\t\t\t<div class=\"elementor-widget-container\">\n\t\t\t\t\t\t\t\t\t<p><b>\u55b6\u696d\u6642\u9593\uff1a<br \/><\/b>\u6708\u66dc\u65e5\uff5e\u6728\u66dc\u65e5 8:00\uff5e17:00\uff08\u4e2d\u592e\u30e8\u30fc\u30ed\u30c3\u30d1\u6642\u9593\uff09<br \/>\u91d1\u66dc\u65e5 8:00-14:30 \u4e2d\u592e\u30e8\u30fc\u30ed\u30c3\u30d1\u6642\u9593<\/p>\t\t\t\t\t\t\t\t<\/div>\n\t\t\t\t<\/div>\n\t\t\t\t<div class=\"elementor-element elementor-element-8d001c8 elementor-widget-divider--view-line elementor-widget elementor-widget-divider\" data-id=\"8d001c8\" data-element_type=\"widget\" data-e-type=\"widget\" data-widget_type=\"divider.default\">\n\t\t\t\t<div class=\"elementor-widget-container\">\n\t\t\t\t\t\t\t<div class=\"elementor-divider\">\n\t\t\t<span class=\"elementor-divider-separator\">\n\t\t\t\t\t\t<\/span>\n\t\t<\/div>\n\t\t\t\t\t\t<\/div>\n\t\t\t\t<\/div>\n\t\t\t\t<div class=\"elementor-element elementor-element-5509028 elementor-align-left elementor-widget__width-auto elementor-widget-tablet__width-inherit elementor-widget elementor-widget-button\" data-id=\"5509028\" data-element_type=\"widget\" data-e-type=\"widget\" data-widget_type=\"button.default\">\n\t\t\t\t<div class=\"elementor-widget-container\">\n\t\t\t\t\t\t\t\t\t<div class=\"elementor-button-wrapper\">\n\t\t\t\t\t<a class=\"elementor-button elementor-button-link elementor-size-sm\" href=\"https:\/\/www.ams-ag.de\/ja\/%e6%8e%a5%e8%a7%a6\/%e3%82%b3%e3%83%bc%e3%83%ab%e3%83%90%e3%83%83%e3%82%af%e6%97%a5\/\">\n\t\t\t\t\t\t<span class=\"elementor-button-content-wrapper\">\n\t\t\t\t\t\t<span class=\"elementor-button-icon\">\n\t\t\t\t<i aria-hidden=\"true\" class=\"fas fa-phone\"><\/i>\t\t\t<\/span>\n\t\t\t\t\t\t\t\t\t<span class=\"elementor-button-text\">\u30b3\u30fc\u30eb\u30d0\u30c3\u30af\u65e5<\/span>\n\t\t\t\t\t<\/span>\n\t\t\t\t\t<\/a>\n\t\t\t\t<\/div>\n\t\t\t\t\t\t\t\t<\/div>\n\t\t\t\t<\/div>\n\t\t\t\t<div class=\"elementor-element elementor-element-a0c5693 elementor-align-left elementor-widget__width-auto elementor-widget elementor-widget-button\" data-id=\"a0c5693\" data-element_type=\"widget\" data-e-type=\"widget\" data-widget_type=\"button.default\">\n\t\t\t\t<div class=\"elementor-widget-container\">\n\t\t\t\t\t\t\t\t\t<div class=\"elementor-button-wrapper\">\n\t\t\t\t\t<a class=\"elementor-button elementor-button-link elementor-size-sm\" href=\"https:\/\/www.ams-ag.de\/ja\/%e6%8e%a5%e8%a7%a6\/%e6%83%85%e5%a0%b1%e8%b3%87%e6%96%99\/\">\n\t\t\t\t\t\t<span class=\"elementor-button-content-wrapper\">\n\t\t\t\t\t\t<span class=\"elementor-button-icon\">\n\t\t\t\t<i aria-hidden=\"true\" class=\"fas fa-file-alt\"><\/i>\t\t\t<\/span>\n\t\t\t\t\t\t\t\t\t<span class=\"elementor-button-text\">\u6ce8\u6587\u60c5\u5831\u8cc7\u6599<\/span>\n\t\t\t\t\t<\/span>\n\t\t\t\t\t<\/a>\n\t\t\t\t<\/div>\n\t\t\t\t\t\t\t\t<\/div>\n\t\t\t\t<\/div>\n\t\t\t\t<div class=\"elementor-element elementor-element-ff9996b elementor-align-left elementor-widget__width-auto elementor-widget elementor-widget-button\" data-id=\"ff9996b\" data-element_type=\"widget\" data-e-type=\"widget\" data-widget_type=\"button.default\">\n\t\t\t\t<div class=\"elementor-widget-container\">\n\t\t\t\t\t\t\t\t\t<div class=\"elementor-button-wrapper\">\n\t\t\t\t\t<a class=\"elementor-button elementor-button-link elementor-size-sm\" href=\"https:\/\/www.ams-ag.de\/ja\/%e6%8e%a5%e8%a7%a6\/%e3%83%ad%e3%82%b0%e3%82%a4%e3%83%b3%e3%82%92%e7%94%b3%e8%ab%8b%e3%81%99%e3%82%8b\/\">\n\t\t\t\t\t\t<span class=\"elementor-button-content-wrapper\">\n\t\t\t\t\t\t<span class=\"elementor-button-icon\">\n\t\t\t\t<i aria-hidden=\"true\" class=\"fas fa-user\"><\/i>\t\t\t<\/span>\n\t\t\t\t\t\t\t\t\t<span class=\"elementor-button-text\">\u30ed\u30b0\u30a4\u30f3\u3092\u30ea\u30af\u30a8\u30b9\u30c8<\/span>\n\t\t\t\t\t<\/span>\n\t\t\t\t\t<\/a>\n\t\t\t\t<\/div>\n\t\t\t\t\t\t\t\t<\/div>\n\t\t\t\t<\/div>\n\t\t\t\t<div class=\"elementor-element elementor-element-9358b07 elementor-align-left elementor-widget__width-auto elementor-widget elementor-widget-button\" data-id=\"9358b07\" data-element_type=\"widget\" data-e-type=\"widget\" data-widget_type=\"button.default\">\n\t\t\t\t<div class=\"elementor-widget-container\">\n\t\t\t\t\t\t\t\t\t<div class=\"elementor-button-wrapper\">\n\t\t\t\t\t<a class=\"elementor-button elementor-button-link elementor-size-sm\" href=\"https:\/\/www.ams-ag.de\/ja\/%e6%8e%a5%e8%a7%a6\/%e3%83%8b%e3%83%a5%e3%83%bc%e3%82%b9%e3%83%ac%e3%82%bf%e3%83%bc%e3%82%92%e8%b3%bc%e8%aa%ad%e3%81%99%e3%82%8b\/\">\n\t\t\t\t\t\t<span class=\"elementor-button-content-wrapper\">\n\t\t\t\t\t\t<span class=\"elementor-button-icon\">\n\t\t\t\t<i aria-hidden=\"true\" class=\"fas fa-envelope\"><\/i>\t\t\t<\/span>\n\t\t\t\t\t\t\t\t\t<span class=\"elementor-button-text\">\u30cb\u30e5\u30fc\u30b9\u30ec\u30bf\u30fc\u3092\u8cfc\u8aad\u3059\u308b<\/span>\n\t\t\t\t\t<\/span>\n\t\t\t\t\t<\/a>\n\t\t\t\t<\/div>\n\t\t\t\t\t\t\t\t<\/div>\n\t\t\t\t<\/div>\n\t\t\t\t\t<\/div>\n\t\t<\/div>\n\t\t\t\t\t<\/div>\n\t\t<\/section>\n\t\t\t\t<section class=\"elementor-section elementor-top-section elementor-element elementor-element-afaf8f3 elementor-section-boxed elementor-section-height-default elementor-section-height-default\" data-id=\"afaf8f3\" data-element_type=\"section\" data-e-type=\"section\" data-settings=\"{&quot;background_background&quot;:&quot;classic&quot;}\">\n\t\t\t\t\t\t<div class=\"elementor-container elementor-column-gap-default\">\n\t\t\t\t\t<div class=\"elementor-column elementor-col-100 elementor-top-column elementor-element elementor-element-a6ea59f\" data-id=\"a6ea59f\" data-element_type=\"column\" data-e-type=\"column\">\n\t\t\t<div class=\"elementor-widget-wrap elementor-element-populated\">\n\t\t\t\t\t\t<div class=\"elementor-element elementor-element-6f5430a elementor-widget elementor-widget-heading\" data-id=\"6f5430a\" data-element_type=\"widget\" data-e-type=\"widget\" data-widget_type=\"heading.default\">\n\t\t\t\t<div class=\"elementor-widget-container\">\n\t\t\t\t\t<h2 class=\"elementor-heading-title elementor-size-default\">\u65b9\u5411<\/h2>\t\t\t\t<\/div>\n\t\t\t\t<\/div>\n\t\t\t\t<div class=\"elementor-element elementor-element-aabd90c elementor-widget elementor-widget-text-editor\" data-id=\"aabd90c\" data-element_type=\"widget\" data-e-type=\"widget\" data-widget_type=\"text-editor.default\">\n\t\t\t\t<div class=\"elementor-widget-container\">\n\t\t\t\t\t\t\t\t\t\u30f4\u30a1\u30a4\u30ab\u30fc\u30b9\u30cf\u30a4\u30e0\u306b\u3042\u308b\u5f0a\u793e\u306b\u304a\u8d8a\u3057\u3044\u305f\u3060\u304d\u3001\u5c02\u9580\u5bb6\u306b\u3088\u308b\u5305\u62ec\u7684\u306a\u30a2\u30c9\u30d0\u30a4\u30b9\u3092\u3054\u4f9d\u983c\u304f\u3060\u3055\u3044\u3002\u696d\u52d9\u4e0a\u306e\u90fd\u5408\u306b\u3088\u308a\u3001\u4e8b\u524d\u306b\u3054\u4e88\u7d04\u3092\u304a\u9858\u3044\u3044\u305f\u3057\u307e\u3059\u3002\t\t\t\t\t\t\t\t<\/div>\n\t\t\t\t<\/div>\n\t\t\t\t<div class=\"elementor-element elementor-element-b24d335 elementor-widget elementor-widget-google_maps\" data-id=\"b24d335\" data-element_type=\"widget\" data-e-type=\"widget\" data-widget_type=\"google_maps.default\">\n\t\t\t\t<div class=\"elementor-widget-container\">\n\t\t\t\t\t\t\t<div class=\"elementor-custom-embed\">\n\t\t\t<iframe loading=\"lazy\"\n\t\t\t\t\tsrc=\"https:\/\/maps.google.com\/maps?q=AMS%20Hauptstra%C3%9Fe%2026%20D-97990%20Weikersheim&#038;t=m&#038;z=10&#038;output=embed&#038;iwloc=near\"\n\t\t\t\t\ttitle=\"AMS Hauptstra\u00dfe 26 D-97990 \u30f4\u30a1\u30a4\u30ab\u30fc\u30b9\u30cf\u30a4\u30e0\"\n\t\t\t\t\taria-label=\"AMS Hauptstra\u00dfe 26 D-97990 \u30f4\u30a1\u30a4\u30ab\u30fc\u30b9\u30cf\u30a4\u30e0\"\n\t\t\t><\/iframe>\n\t\t<\/div>\n\t\t\t\t\t\t<\/div>\n\t\t\t\t<\/div>\n\t\t\t\t\t<\/div>\n\t\t<\/div>\n\t\t\t\t\t<\/div>\n\t\t<\/section>\n\t\t\t\t<section class=\"elementor-section elementor-top-section elementor-element elementor-element-9d21b5b elementor-section-boxed elementor-section-height-default elementor-section-height-default\" data-id=\"9d21b5b\" data-element_type=\"section\" data-e-type=\"section\" data-settings=\"{&quot;background_background&quot;:&quot;classic&quot;}\">\n\t\t\t\t\t\t<div class=\"elementor-container elementor-column-gap-default\">\n\t\t\t\t\t<div class=\"elementor-column elementor-col-100 elementor-top-column elementor-element elementor-element-38e0058\" data-id=\"38e0058\" data-element_type=\"column\" data-e-type=\"column\">\n\t\t\t<div class=\"elementor-widget-wrap elementor-element-populated\">\n\t\t\t\t\t\t<div class=\"elementor-element elementor-element-39da3c0 elementor-align-right elementor-mobile-align-center elementor-widget elementor-widget-button\" data-id=\"39da3c0\" data-element_type=\"widget\" data-e-type=\"widget\" data-widget_type=\"button.default\">\n\t\t\t\t<div class=\"elementor-widget-container\">\n\t\t\t\t\t\t\t\t\t<div class=\"elementor-button-wrapper\">\n\t\t\t\t\t<a class=\"elementor-button elementor-button-link elementor-size-sm\" href=\"https:\/\/www.ams-ag.de\/ja\/kontakt\/info-material\/\">\n\t\t\t\t\t\t<span class=\"elementor-button-content-wrapper\">\n\t\t\t\t\t\t<span class=\"elementor-button-icon\">\n\t\t\t\t<i aria-hidden=\"true\" class=\"fas fa-arrow-right\"><\/i>\t\t\t<\/span>\n\t\t\t\t\t\t\t\t\t<span class=\"elementor-button-text\">\u6ce8\u6587\u60c5\u5831\u8cc7\u6599<\/span>\n\t\t\t\t\t<\/span>\n\t\t\t\t\t<\/a>\n\t\t\t\t<\/div>\n\t\t\t\t\t\t\t\t<\/div>\n\t\t\t\t<\/div>\n\t\t\t\t\t<\/div>\n\t\t<\/div>\n\t\t\t\t\t<\/div>\n\t\t<\/section>\n\t\t\t\t<\/div>","protected":false},"excerpt":{"rendered":"<p>Kontakt und Infos Sch\u00f6n, dass Sie sich f\u00fcr unsere Produkte und Dienstleistungen interessieren. Wir stehen gerne f\u00fcr Ihre Fragen bereit. Ansprechpartner Nehmen Sie Kontakt auf Advanced Medical Systems GmbH (AMS)Hauptstra\u00dfe [&hellip;]<\/p>\n","protected":false},"author":1,"featured_media":0,"parent":0,"menu_order":6,"comment_status":"closed","ping_status":"closed","template":"","meta":{"pmpro_default_level":"","footnotes":""},"class_list":["post-1737","page","type-page","status-publish","hentry","pmpro-has-access"],"_links":{"self":[{"href":"https:\/\/www.ams-ag.de\/ja\/wp-json\/wp\/v2\/pages\/1737","targetHints":{"allow":["GET"]}}],"collection":[{"href":"https:\/\/www.ams-ag.de\/ja\/wp-json\/wp\/v2\/pages"}],"about":[{"href":"https:\/\/www.ams-ag.de\/ja\/wp-json\/wp\/v2\/types\/page"}],"author":[{"embeddable":true,"href":"https:\/\/www.ams-ag.de\/ja\/wp-json\/wp\/v2\/users\/1"}],"replies":[{"embeddable":true,"href":"https:\/\/www.ams-ag.de\/ja\/wp-json\/wp\/v2\/comments?post=1737"}],"version-history":[{"count":15,"href":"https:\/\/www.ams-ag.de\/ja\/wp-json\/wp\/v2\/pages\/1737\/revisions"}],"predecessor-version":[{"id":18559,"href":"https:\/\/www.ams-ag.de\/ja\/wp-json\/wp\/v2\/pages\/1737\/revisions\/18559"}],"wp:attachment":[{"href":"https:\/\/www.ams-ag.de\/ja\/wp-json\/wp\/v2\/media?parent=1737"}],"curies":[{"name":"wp","href":"https:\/\/api.w.org\/{rel}","templated":true}]}}