{"id":1499,"date":"2023-05-02T06:23:43","date_gmt":"2023-05-02T04:23:43","guid":{"rendered":"http:\/\/www.ams-ag.de\/?page_id=1499"},"modified":"2024-10-16T17:36:14","modified_gmt":"2024-10-16T15:36:14","slug":"%e7%a3%81%e5%a0%b4%e7%99%82%e6%b3%95%e3%81%ae%e5%9f%ba%e7%a4%8e","status":"publish","type":"page","link":"https:\/\/www.ams-ag.de\/ja\/grundlagen-magnetfeldtherapie\/","title":{"rendered":"\u78c1\u5834\u7642\u6cd5\u306e\u57fa\u790e"},"content":{"rendered":"<div data-elementor-type=\"wp-page\" data-elementor-id=\"1499\" class=\"elementor elementor-1499\" data-elementor-post-type=\"page\">\n\t\t\t\t\t\t<section class=\"elementor-section elementor-top-section elementor-element elementor-element-fc4eef8 elementor-section-boxed elementor-section-height-default elementor-section-height-default\" data-id=\"fc4eef8\" data-element_type=\"section\" data-e-type=\"section\" data-settings=\"{&quot;background_background&quot;:&quot;classic&quot;}\">\n\t\t\t\t\t\t<div class=\"elementor-container elementor-column-gap-default\">\n\t\t\t\t\t<div class=\"elementor-column elementor-col-50 elementor-top-column elementor-element elementor-element-b8bd778\" data-id=\"b8bd778\" data-element_type=\"column\" data-e-type=\"column\">\n\t\t\t<div class=\"elementor-widget-wrap elementor-element-populated\">\n\t\t\t\t\t\t<div class=\"elementor-element elementor-element-67521ea elementor-widget elementor-widget-image\" data-id=\"67521ea\" data-element_type=\"widget\" data-e-type=\"widget\" data-widget_type=\"image.default\">\n\t\t\t\t<div class=\"elementor-widget-container\">\n\t\t\t\t\t\t\t\t\t\t\t\t\t\t\t<img fetchpriority=\"high\" decoding=\"async\" width=\"768\" height=\"511\" src=\"https:\/\/www.ams-ag.de\/wp-content\/uploads\/2024\/02\/pexels-zszen-john-2651796-768x511.jpg\" class=\"attachment-medium_large size-medium_large wp-image-14376\" alt=\"\" srcset=\"https:\/\/www.ams-ag.de\/wp-content\/uploads\/2024\/02\/pexels-zszen-john-2651796-768x511.jpg 768w, https:\/\/www.ams-ag.de\/wp-content\/uploads\/2024\/02\/pexels-zszen-john-2651796-300x200.jpg 300w, https:\/\/www.ams-ag.de\/wp-content\/uploads\/2024\/02\/pexels-zszen-john-2651796-1539x1024.jpg 1539w, https:\/\/www.ams-ag.de\/wp-content\/uploads\/2024\/02\/pexels-zszen-john-2651796-1536x1022.jpg 1536w, https:\/\/www.ams-ag.de\/wp-content\/uploads\/2024\/02\/pexels-zszen-john-2651796-18x12.jpg 18w, https:\/\/www.ams-ag.de\/wp-content\/uploads\/2024\/02\/pexels-zszen-john-2651796.jpg 1919w\" sizes=\"(max-width: 768px) 100vw, 768px\" \/>\t\t\t\t\t\t\t\t\t\t\t\t\t\t\t<\/div>\n\t\t\t\t<\/div>\n\t\t\t\t\t<\/div>\n\t\t<\/div>\n\t\t\t\t<div class=\"elementor-column elementor-col-50 elementor-top-column elementor-element elementor-element-fd99821\" data-id=\"fd99821\" data-element_type=\"column\" data-e-type=\"column\">\n\t\t\t<div class=\"elementor-widget-wrap elementor-element-populated\">\n\t\t\t\t\t\t<div class=\"elementor-element elementor-element-4a1583e1 elementor-widget elementor-widget-heading\" data-id=\"4a1583e1\" data-element_type=\"widget\" data-e-type=\"widget\" data-widget_type=\"heading.default\">\n\t\t\t\t<div class=\"elementor-widget-container\">\n\t\t\t\t\t<h1 class=\"elementor-heading-title elementor-size-default\">\u78c1\u5834\u7642\u6cd5\u306e\u57fa\u790e<\/h1>\t\t\t\t<\/div>\n\t\t\t\t<\/div>\n\t\t\t\t<div class=\"elementor-element elementor-element-ec5e0b4 elementor-widget elementor-widget-text-editor\" data-id=\"ec5e0b4\" data-element_type=\"widget\" data-e-type=\"widget\" data-widget_type=\"text-editor.default\">\n\t\t\t\t<div class=\"elementor-widget-container\">\n\t\t\t\t\t\t\t\t\t<p>\u4ee5\u4e0b\u306b\u3001\u78c1\u5834\u7642\u6cd5\u306e\u57fa\u790e\u306b\u95a2\u3059\u308b\u3059\u3079\u3066\u306e\u30ab\u30c6\u30b4\u30ea\u3092\u793a\u3057\u307e\u3059\u3002<\/p>\n<p>\u30ab\u30c6\u30b4\u30ea\u3092\u30af\u30ea\u30c3\u30af\u3059\u308b\u3068\u3001\u5bfe\u5fdc\u3059\u308b\u30e1\u30cb\u30e5\u30fc\u9805\u76ee\u304c\u8868\u793a\u3055\u308c\u307e\u3059\u3002\u3055\u3089\u306b\u30b5\u30d6\u30e1\u30cb\u30e5\u30fc\u9805\u76ee\u304c\u8868\u793a\u3055\u308c\u308b\u5834\u5408\u3082\u3042\u308a\u307e\u3059\u3002<\/p>\t\t\t\t\t\t\t\t<\/div>\n\t\t\t\t<\/div>\n\t\t\t\t\t<\/div>\n\t\t<\/div>\n\t\t\t\t\t<\/div>\n\t\t<\/section>\n\t\t\t\t<section class=\"elementor-section elementor-top-section elementor-element elementor-element-7eb5e6e elementor-section-boxed elementor-section-height-default elementor-section-height-default\" data-id=\"7eb5e6e\" data-element_type=\"section\" data-e-type=\"section\">\n\t\t\t\t\t\t<div class=\"elementor-container elementor-column-gap-default\">\n\t\t\t\t\t<div class=\"elementor-column elementor-col-100 elementor-top-column elementor-element elementor-element-817d9c4\" data-id=\"817d9c4\" data-element_type=\"column\" data-e-type=\"column\">\n\t\t\t<div class=\"elementor-widget-wrap elementor-element-populated\">\n\t\t\t\t\t\t<div class=\"elementor-element elementor-element-e61102b elementor-widget elementor-widget-heading\" data-id=\"e61102b\" data-element_type=\"widget\" data-e-type=\"widget\" data-widget_type=\"heading.default\">\n\t\t\t\t<div class=\"elementor-widget-container\">\n\t\t\t\t\t<h2 class=\"elementor-heading-title elementor-size-default\">\u4ee5\u4e0b\u306e\u30ab\u30c6\u30b4\u30ea\u3092\u53c2\u7167\u3067\u304d\u307e\u3059\u3002<\/h2>\t\t\t\t<\/div>\n\t\t\t\t<\/div>\n\t\t\t\t<div class=\"elementor-element elementor-element-1211f03 elementor-widget elementor-widget-text-editor\" data-id=\"1211f03\" data-element_type=\"widget\" data-e-type=\"widget\" data-widget_type=\"text-editor.default\">\n\t\t\t\t<div class=\"elementor-widget-container\">\n\t\t\t\t\t\t\t\t\t<ul>\n<li><a class=\"internal-link\" title=\"\u73fe\u5728\u306e\u30a6\u30a3\u30f3\u30c9\u30a6\u3067\u5185\u90e8\u30ea\u30f3\u30af\u3092\u958b\u304d\u307e\u3059\" href=\"https:\/\/www.ams-ag.de\/ja\/%e7%a3%81%e5%a0%b4%e7%99%82%e6%b3%95%e3%81%a8%e3%83%90%e3%82%a4%e3%82%aa%e3%82%a4%e3%83%b3%e3%83%95%e3%82%a9%e3%83%9e%e3%83%86%e3%82%a3%e3%82%af%e3%82%b9%e5%8c%bb%e7%99%82\/\" target=\"_self\"><b>\u78c1\u5834\u7642\u6cd5\u3068\u30d0\u30a4\u30aa\u30a4\u30f3\u30d5\u30a9\u30de\u30c6\u30a3\u30af\u30b9\u533b\u7642<\/b><\/a><br>\n\u78c1\u5834\u7642\u6cd5\u3068\u306f\u4e00\u4f53\u4f55\u3067\u3057\u3087\u3046\u304b\uff1f\u30d0\u30a4\u30aa\u30a4\u30f3\u30d5\u30a9\u30de\u30c6\u30a3\u30af\u30b9\u533b\u5b66\u3068\u306f\u4e00\u4f53\u4f55\u3092\u610f\u5473\u3059\u308b\u306e\u3067\u3057\u3087\u3046\u304b\uff1f\u3053\u3053\u3067\u306f\u3001\u81ea\u7136\u7642\u6cd5\u306e\u5e45\u5e83\u3044\u5206\u91ce\u306b\u3064\u3044\u3066\u3054\u7d39\u4ecb\u3057\u307e\u3059\u3002<\/li>\n<li><a href=\"https:\/\/www.ams-ag.de\/ja\/%e7%a3%81%e5%a0%b4%e7%99%82%e6%b3%95%e3%81%ae%e5%9f%ba%e7%a4%8e\/%e7%9f%a2%e5%8d%b0%e8%a8%98%e5%8f%b7\/\"><b>\u77e2\u5370\u8a18\u53f7<\/b><\/a><br>\nDr. W. Ludwig\u304c\u958b\u767a\u3057\u305f\u30c7\u30d0\u30a4\u30b9\u306e\u8b58\u5225\u30b7\u30f3\u30dc\u30eb\u3067\u3059\u3002\u30c7\u30d0\u30a4\u30b9\u306b\u77e2\u5370\u30b7\u30f3\u30dc\u30eb\u304c\u4ed8\u3044\u3066\u3044\u308b\u5834\u5408\u306f\u3001\u3053\u306e\u30e1\u30cb\u30e5\u30fc\u9805\u76ee\u3067\u8aac\u660e\u3055\u308c\u3066\u3044\u308b\u7279\u5225\u306a\u6a5f\u80fd\u3092\u5099\u3048\u3066\u3044\u307e\u3059\u3002<\/li>\n<li><a class=\"internal-link\" title=\"\u73fe\u5728\u306e\u30a6\u30a3\u30f3\u30c9\u30a6\u3067\u5185\u90e8\u30ea\u30f3\u30af\u3092\u958b\u304d\u307e\u3059\" href=\"https:\/\/www.ams-ag.de\/ja\/%e5%bd%93%e7%a4%be%e3%81%ae%e3%83%87%e3%83%90%e3%82%a4%e3%82%b9%e3%81%ae%e6%ad%b4%e5%8f%b2\/\"><b>\u5f53\u793e\u306e\u30c7\u30d0\u30a4\u30b9\u306e\u6b74\u53f2<\/b><\/a><br>\nDr. W. Ludwig \u304c\u6700\u521d\u306e\u78c1\u5834\u30c7\u30d0\u30a4\u30b9\u3092\u88fd\u9020\u3057\u305f\u7406\u7531\u3068\u65b9\u6cd5\u3001\u305d\u3057\u3066\u305d\u308c\u304c\u3069\u306e\u3088\u3046\u306b\u3057\u3066\u5e45\u5e83\u3044\u88fd\u54c1\u306b\u767a\u5c55\u3057\u305f\u304b\u306b\u3064\u3044\u3066\u8aac\u660e\u3057\u307e\u3059\u3002<\/li>\n<\/ul>\t\t\t\t\t\t\t\t<\/div>\n\t\t\t\t<\/div>\n\t\t\t\t\t<\/div>\n\t\t<\/div>\n\t\t\t\t\t<\/div>\n\t\t<\/section>\n\t\t\t\t<section class=\"elementor-section elementor-top-section elementor-element elementor-element-b95b583 elementor-section-boxed elementor-section-height-default elementor-section-height-default\" data-id=\"b95b583\" data-element_type=\"section\" data-e-type=\"section\" data-settings=\"{&quot;background_background&quot;:&quot;classic&quot;}\">\n\t\t\t\t\t\t<div class=\"elementor-container elementor-column-gap-default\">\n\t\t\t\t\t<div class=\"elementor-column elementor-col-100 elementor-top-column elementor-element elementor-element-011cca0\" data-id=\"011cca0\" data-element_type=\"column\" data-e-type=\"column\">\n\t\t\t<div class=\"elementor-widget-wrap elementor-element-populated\">\n\t\t\t\t\t\t<div class=\"elementor-element elementor-element-0774057 elementor-widget elementor-widget-heading\" data-id=\"0774057\" data-element_type=\"widget\" data-e-type=\"widget\" data-widget_type=\"heading.default\">\n\t\t\t\t<div class=\"elementor-widget-container\">\n\t\t\t\t\t<h2 class=\"elementor-heading-title elementor-size-default\">\u3054\u9023\u7d61\u304f\u3060\u3055\u3044<\/h2>\t\t\t\t<\/div>\n\t\t\t\t<\/div>\n\t\t\t\t<div class=\"elementor-element elementor-element-21630c4 elementor-widget elementor-widget-text-editor\" data-id=\"21630c4\" data-element_type=\"widget\" data-e-type=\"widget\" data-widget_type=\"text-editor.default\">\n\t\t\t\t<div class=\"elementor-widget-container\">\n\t\t\t\t\t\t\t\t\t<p>\u3055\u3089\u306b\u8a73\u3057\u3044\u60c5\u5831\u3084\u30a2\u30c9\u30d0\u30a4\u30b9\u304c\u5fc5\u8981\u306a\u5834\u5408\u306f\u3001\u304a\u6c17\u8efd\u306b\u304a\u554f\u3044\u5408\u308f\u305b\u304f\u3060\u3055\u3044\u3002\u559c\u3093\u3067\u304a\u624b\u4f1d\u3044\u3044\u305f\u3057\u307e\u3059\u3002<\/p>\t\t\t\t\t\t\t\t<\/div>\n\t\t\t\t<\/div>\n\t\t\t\t<div class=\"elementor-element elementor-element-3b027c3 elementor-widget-divider--view-line elementor-widget elementor-widget-divider\" data-id=\"3b027c3\" data-element_type=\"widget\" data-e-type=\"widget\" data-widget_type=\"divider.default\">\n\t\t\t\t<div class=\"elementor-widget-container\">\n\t\t\t\t\t\t\t<div class=\"elementor-divider\">\n\t\t\t<span class=\"elementor-divider-separator\">\n\t\t\t\t\t\t<\/span>\n\t\t<\/div>\n\t\t\t\t\t\t<\/div>\n\t\t\t\t<\/div>\n\t\t\t\t<div class=\"elementor-element elementor-element-3159c65 elementor-widget__width-initial elementor-widget elementor-widget-text-editor\" data-id=\"3159c65\" data-element_type=\"widget\" data-e-type=\"widget\" data-widget_type=\"text-editor.default\">\n\t\t\t\t<div class=\"elementor-widget-container\">\n\t\t\t\t\t\t\t\t\t<p><strong>Advanced Medical Systems GmbH (AMS)<\/strong><br \/>Hauptstra\u00dfe 26<br \/>D-97990 \u30f4\u30a1\u30a4\u30ab\u30fc\u30b9\u30cf\u30a4\u30e0<\/p>\t\t\t\t\t\t\t\t<\/div>\n\t\t\t\t<\/div>\n\t\t\t\t<div class=\"elementor-element elementor-element-f94689e elementor-widget__width-initial elementor-widget elementor-widget-text-editor\" data-id=\"f94689e\" data-element_type=\"widget\" data-e-type=\"widget\" data-widget_type=\"text-editor.default\">\n\t\t\t\t<div class=\"elementor-widget-container\">\n\t\t\t\t\t\t\t\t\t<p>\u96fb\u8a71\uff1a <a href=\"tel:+4979349934890\" target=\"_blank\" rel=\"noopener\"><b>+49 7934 993489-0<\/b><\/a><br \/>\u30d5\u30a1\u30c3\u30af\u30b9: +49 7934 993489-44<br \/>E\u30e1\u30fc\u30eb: <a class=\"mail\" title=\"\u30e1\u30fc\u30eb\u3092\u9001\u4fe1\u3059\u308b\u305f\u3081\u306e\u30a6\u30a3\u30f3\u30c9\u30a6\u3092\u958b\u304d\u307e\u3059\" href=\"mailto:info@ams-ag.de\"><b>info@ams-ag.de<\/b><\/a><\/p>\t\t\t\t\t\t\t\t<\/div>\n\t\t\t\t<\/div>\n\t\t\t\t<div class=\"elementor-element elementor-element-7cb9176 elementor-widget__width-initial elementor-widget elementor-widget-text-editor\" data-id=\"7cb9176\" data-element_type=\"widget\" data-e-type=\"widget\" data-widget_type=\"text-editor.default\">\n\t\t\t\t<div class=\"elementor-widget-container\">\n\t\t\t\t\t\t\t\t\t<p><b>\u55b6\u696d\u6642\u9593\uff1a<br><\/b>\u6708\u66dc\u65e5\uff5e\u6728\u66dc\u65e5 8:00\uff5e17:00\uff08\u4e2d\u592e\u30e8\u30fc\u30ed\u30c3\u30d1\u6642\u9593\uff09<br>\u91d1\u66dc\u65e5 8:00-14:30 \u4e2d\u592e\u30e8\u30fc\u30ed\u30c3\u30d1\u6642\u9593<\/p>\t\t\t\t\t\t\t\t<\/div>\n\t\t\t\t<\/div>\n\t\t\t\t<div class=\"elementor-element elementor-element-13e96f2 elementor-widget-divider--view-line elementor-widget elementor-widget-divider\" data-id=\"13e96f2\" data-element_type=\"widget\" data-e-type=\"widget\" data-widget_type=\"divider.default\">\n\t\t\t\t<div class=\"elementor-widget-container\">\n\t\t\t\t\t\t\t<div class=\"elementor-divider\">\n\t\t\t<span class=\"elementor-divider-separator\">\n\t\t\t\t\t\t<\/span>\n\t\t<\/div>\n\t\t\t\t\t\t<\/div>\n\t\t\t\t<\/div>\n\t\t\t\t<div class=\"elementor-element elementor-element-8b76d7c elementor-align-left elementor-widget__width-auto elementor-widget-tablet__width-inherit elementor-widget elementor-widget-button\" data-id=\"8b76d7c\" data-element_type=\"widget\" data-e-type=\"widget\" data-widget_type=\"button.default\">\n\t\t\t\t<div class=\"elementor-widget-container\">\n\t\t\t\t\t\t\t\t\t<div class=\"elementor-button-wrapper\">\n\t\t\t\t\t<a class=\"elementor-button elementor-button-link elementor-size-sm\" href=\"https:\/\/www.ams-ag.de\/ja\/%e6%8e%a5%e8%a7%a6\/%e3%82%b3%e3%83%bc%e3%83%ab%e3%83%90%e3%83%83%e3%82%af%e6%97%a5\/\">\n\t\t\t\t\t\t<span class=\"elementor-button-content-wrapper\">\n\t\t\t\t\t\t<span class=\"elementor-button-icon\">\n\t\t\t\t<i aria-hidden=\"true\" class=\"fas fa-phone\"><\/i>\t\t\t<\/span>\n\t\t\t\t\t\t\t\t\t<span class=\"elementor-button-text\">\u30b3\u30fc\u30eb\u30d0\u30c3\u30af\u65e5<\/span>\n\t\t\t\t\t<\/span>\n\t\t\t\t\t<\/a>\n\t\t\t\t<\/div>\n\t\t\t\t\t\t\t\t<\/div>\n\t\t\t\t<\/div>\n\t\t\t\t<div class=\"elementor-element elementor-element-3979674 elementor-align-left elementor-widget__width-auto elementor-widget elementor-widget-button\" data-id=\"3979674\" data-element_type=\"widget\" data-e-type=\"widget\" data-widget_type=\"button.default\">\n\t\t\t\t<div class=\"elementor-widget-container\">\n\t\t\t\t\t\t\t\t\t<div class=\"elementor-button-wrapper\">\n\t\t\t\t\t<a class=\"elementor-button elementor-button-link elementor-size-sm\" href=\"https:\/\/www.ams-ag.de\/ja\/%e6%8e%a5%e8%a7%a6\/%e6%83%85%e5%a0%b1%e8%b3%87%e6%96%99\/\">\n\t\t\t\t\t\t<span class=\"elementor-button-content-wrapper\">\n\t\t\t\t\t\t<span class=\"elementor-button-icon\">\n\t\t\t\t<i aria-hidden=\"true\" class=\"fas fa-file-alt\"><\/i>\t\t\t<\/span>\n\t\t\t\t\t\t\t\t\t<span class=\"elementor-button-text\">\u6ce8\u6587\u60c5\u5831\u8cc7\u6599<\/span>\n\t\t\t\t\t<\/span>\n\t\t\t\t\t<\/a>\n\t\t\t\t<\/div>\n\t\t\t\t\t\t\t\t<\/div>\n\t\t\t\t<\/div>\n\t\t\t\t<div class=\"elementor-element elementor-element-b7ca2e0 elementor-align-left elementor-widget__width-auto elementor-widget elementor-widget-button\" data-id=\"b7ca2e0\" data-element_type=\"widget\" data-e-type=\"widget\" data-widget_type=\"button.default\">\n\t\t\t\t<div class=\"elementor-widget-container\">\n\t\t\t\t\t\t\t\t\t<div class=\"elementor-button-wrapper\">\n\t\t\t\t\t<a class=\"elementor-button elementor-button-link elementor-size-sm\" href=\"https:\/\/www.ams-ag.de\/ja\/%e6%8e%a5%e8%a7%a6\/%e3%83%ad%e3%82%b0%e3%82%a4%e3%83%b3%e3%82%92%e7%94%b3%e8%ab%8b%e3%81%99%e3%82%8b\/\">\n\t\t\t\t\t\t<span class=\"elementor-button-content-wrapper\">\n\t\t\t\t\t\t<span class=\"elementor-button-icon\">\n\t\t\t\t<i aria-hidden=\"true\" class=\"fas fa-user\"><\/i>\t\t\t<\/span>\n\t\t\t\t\t\t\t\t\t<span class=\"elementor-button-text\">\u30ed\u30b0\u30a4\u30f3\u3092\u30ea\u30af\u30a8\u30b9\u30c8<\/span>\n\t\t\t\t\t<\/span>\n\t\t\t\t\t<\/a>\n\t\t\t\t<\/div>\n\t\t\t\t\t\t\t\t<\/div>\n\t\t\t\t<\/div>\n\t\t\t\t<div class=\"elementor-element elementor-element-d7e050b elementor-align-left elementor-widget__width-auto elementor-widget elementor-widget-button\" data-id=\"d7e050b\" data-element_type=\"widget\" data-e-type=\"widget\" data-widget_type=\"button.default\">\n\t\t\t\t<div class=\"elementor-widget-container\">\n\t\t\t\t\t\t\t\t\t<div class=\"elementor-button-wrapper\">\n\t\t\t\t\t<a class=\"elementor-button elementor-button-link elementor-size-sm\" href=\"https:\/\/www.ams-ag.de\/ja\/%e6%8e%a5%e8%a7%a6\/%e3%83%8b%e3%83%a5%e3%83%bc%e3%82%b9%e3%83%ac%e3%82%bf%e3%83%bc%e3%82%92%e8%b3%bc%e8%aa%ad%e3%81%99%e3%82%8b\/\">\n\t\t\t\t\t\t<span class=\"elementor-button-content-wrapper\">\n\t\t\t\t\t\t<span class=\"elementor-button-icon\">\n\t\t\t\t<i aria-hidden=\"true\" class=\"fas fa-envelope\"><\/i>\t\t\t<\/span>\n\t\t\t\t\t\t\t\t\t<span class=\"elementor-button-text\">\u30cb\u30e5\u30fc\u30b9\u30ec\u30bf\u30fc\u3092\u8cfc\u8aad\u3059\u308b<\/span>\n\t\t\t\t\t<\/span>\n\t\t\t\t\t<\/a>\n\t\t\t\t<\/div>\n\t\t\t\t\t\t\t\t<\/div>\n\t\t\t\t<\/div>\n\t\t\t\t\t<\/div>\n\t\t<\/div>\n\t\t\t\t\t<\/div>\n\t\t<\/section>\n\t\t\t\t<section class=\"elementor-section elementor-top-section elementor-element elementor-element-cefef1e elementor-section-boxed elementor-section-height-default elementor-section-height-default\" data-id=\"cefef1e\" data-element_type=\"section\" data-e-type=\"section\" data-settings=\"{&quot;background_background&quot;:&quot;classic&quot;}\">\n\t\t\t\t\t\t<div class=\"elementor-container elementor-column-gap-default\">\n\t\t\t\t\t<div class=\"elementor-column elementor-col-100 elementor-top-column elementor-element elementor-element-78a2922\" data-id=\"78a2922\" data-element_type=\"column\" data-e-type=\"column\">\n\t\t\t<div class=\"elementor-widget-wrap elementor-element-populated\">\n\t\t\t\t\t\t<div class=\"elementor-element elementor-element-c3f9bce elementor-align-right elementor-mobile-align-center elementor-widget elementor-widget-button\" data-id=\"c3f9bce\" data-element_type=\"widget\" data-e-type=\"widget\" data-widget_type=\"button.default\">\n\t\t\t\t<div class=\"elementor-widget-container\">\n\t\t\t\t\t\t\t\t\t<div class=\"elementor-button-wrapper\">\n\t\t\t\t\t<a class=\"elementor-button elementor-button-link elementor-size-sm\" href=\"https:\/\/www.ams-ag.de\/ja\/grundlagen-magnetfeldtherapie\/magnetfeldtherapie-und-bioinformative-medizin\/\">\n\t\t\t\t\t\t<span class=\"elementor-button-content-wrapper\">\n\t\t\t\t\t\t<span class=\"elementor-button-icon\">\n\t\t\t\t<i aria-hidden=\"true\" class=\"fas fa-arrow-right\"><\/i>\t\t\t<\/span>\n\t\t\t\t\t\t\t\t\t<span class=\"elementor-button-text\">\u78c1\u5834\u7642\u6cd5\u3068\u30d0\u30a4\u30aa\u30a4\u30f3\u30d5\u30a9\u30de\u30c6\u30a3\u30af\u30b9\u533b\u7642<\/span>\n\t\t\t\t\t<\/span>\n\t\t\t\t\t<\/a>\n\t\t\t\t<\/div>\n\t\t\t\t\t\t\t\t<\/div>\n\t\t\t\t<\/div>\n\t\t\t\t\t<\/div>\n\t\t<\/div>\n\t\t\t\t\t<\/div>\n\t\t<\/section>\n\t\t\t\t<\/div>","protected":false},"excerpt":{"rendered":"<p>Grundlagen Magnetfeldtherapie Nachfolgend sehen Sie alle Kategorien zu den Grundlagen der Magnetfeldtherapie. Ein Klick auf die Kategorie bringt Sie zum entsprechenden Men\u00fcpunkt, welcher gegebenenfalls durch weitere Untermen\u00fcpunkte erg\u00e4nzt wird. Sie [&hellip;]<\/p>\n","protected":false},"author":1,"featured_media":0,"parent":0,"menu_order":1,"comment_status":"closed","ping_status":"closed","template":"","meta":{"pmpro_default_level":"","footnotes":""},"class_list":["post-1499","page","type-page","status-publish","hentry","pmpro-has-access"],"_links":{"self":[{"href":"https:\/\/www.ams-ag.de\/ja\/wp-json\/wp\/v2\/pages\/1499","targetHints":{"allow":["GET"]}}],"collection":[{"href":"https:\/\/www.ams-ag.de\/ja\/wp-json\/wp\/v2\/pages"}],"about":[{"href":"https:\/\/www.ams-ag.de\/ja\/wp-json\/wp\/v2\/types\/page"}],"author":[{"embeddable":true,"href":"https:\/\/www.ams-ag.de\/ja\/wp-json\/wp\/v2\/users\/1"}],"replies":[{"embeddable":true,"href":"https:\/\/www.ams-ag.de\/ja\/wp-json\/wp\/v2\/comments?post=1499"}],"version-history":[{"count":33,"href":"https:\/\/www.ams-ag.de\/ja\/wp-json\/wp\/v2\/pages\/1499\/revisions"}],"predecessor-version":[{"id":18565,"href":"https:\/\/www.ams-ag.de\/ja\/wp-json\/wp\/v2\/pages\/1499\/revisions\/18565"}],"wp:attachment":[{"href":"https:\/\/www.ams-ag.de\/ja\/wp-json\/wp\/v2\/media?parent=1499"}],"curies":[{"name":"wp","href":"https:\/\/api.w.org\/{rel}","templated":true}]}}