{"id":1411,"date":"2023-05-01T13:13:20","date_gmt":"2023-05-01T11:13:20","guid":{"rendered":"http:\/\/www.ams-ag.de\/?page_id=1411"},"modified":"2024-04-28T21:32:49","modified_gmt":"2024-04-28T19:32:49","slug":"%e7%a7%81%e3%81%9f%e3%81%a1%e3%81%af%e8%aa%b0%e3%81%a7%e3%81%99%e3%81%8b","status":"publish","type":"page","link":"https:\/\/www.ams-ag.de\/ja\/ueber-ams\/wer-wir-sind\/","title":{"rendered":"\u79c1\u305f\u3061\u306b\u3064\u3044\u3066"},"content":{"rendered":"<div data-elementor-type=\"wp-page\" data-elementor-id=\"1411\" class=\"elementor elementor-1411\" data-elementor-post-type=\"page\">\n\t\t\t\t\t\t<section class=\"elementor-section elementor-top-section elementor-element elementor-element-9d61625 elementor-section-boxed elementor-section-height-default elementor-section-height-default\" data-id=\"9d61625\" data-element_type=\"section\" data-e-type=\"section\" data-settings=\"{&quot;background_background&quot;:&quot;classic&quot;}\">\n\t\t\t\t\t\t<div class=\"elementor-container elementor-column-gap-default\">\n\t\t\t\t\t<div class=\"elementor-column elementor-col-50 elementor-top-column elementor-element elementor-element-7a0cec6\" data-id=\"7a0cec6\" data-element_type=\"column\" data-e-type=\"column\">\n\t\t\t<div class=\"elementor-widget-wrap elementor-element-populated\">\n\t\t\t\t\t\t<div class=\"elementor-element elementor-element-a315795 elementor-widget elementor-widget-image\" data-id=\"a315795\" data-element_type=\"widget\" data-e-type=\"widget\" data-widget_type=\"image.default\">\n\t\t\t\t<div class=\"elementor-widget-container\">\n\t\t\t\t\t\t\t\t\t\t\t\t\t\t\t<img fetchpriority=\"high\" decoding=\"async\" width=\"760\" height=\"760\" src=\"https:\/\/www.ams-ag.de\/wp-content\/uploads\/2024\/01\/ams-team.jpg\" class=\"attachment-medium_large size-medium_large wp-image-14195\" alt=\"\" srcset=\"https:\/\/www.ams-ag.de\/wp-content\/uploads\/2024\/01\/ams-team.jpg 760w, https:\/\/www.ams-ag.de\/wp-content\/uploads\/2024\/01\/ams-team-300x300.jpg 300w, https:\/\/www.ams-ag.de\/wp-content\/uploads\/2024\/01\/ams-team-150x150.jpg 150w, https:\/\/www.ams-ag.de\/wp-content\/uploads\/2024\/01\/ams-team-12x12.jpg 12w\" sizes=\"(max-width: 760px) 100vw, 760px\" \/>\t\t\t\t\t\t\t\t\t\t\t\t\t\t\t<\/div>\n\t\t\t\t<\/div>\n\t\t\t\t\t<\/div>\n\t\t<\/div>\n\t\t\t\t<div class=\"elementor-column elementor-col-50 elementor-top-column elementor-element elementor-element-5a4ae40\" data-id=\"5a4ae40\" data-element_type=\"column\" data-e-type=\"column\">\n\t\t\t<div class=\"elementor-widget-wrap elementor-element-populated\">\n\t\t\t\t\t\t<div class=\"elementor-element elementor-element-02d87ea elementor-widget elementor-widget-heading\" data-id=\"02d87ea\" data-element_type=\"widget\" data-e-type=\"widget\" data-widget_type=\"heading.default\">\n\t\t\t\t<div class=\"elementor-widget-container\">\n\t\t\t\t\t<div class=\"elementor-heading-title elementor-size-default\">\u79c1\u305f\u3061\u306b\u3064\u3044\u3066<\/div>\t\t\t\t<\/div>\n\t\t\t\t<\/div>\n\t\t\t\t<div class=\"elementor-element elementor-element-903de9b elementor-widget elementor-widget-heading\" data-id=\"903de9b\" data-element_type=\"widget\" data-e-type=\"widget\" data-widget_type=\"heading.default\">\n\t\t\t\t<div class=\"elementor-widget-container\">\n\t\t\t\t\t<h1 class=\"elementor-heading-title elementor-size-default\">AMS GmbH - \u9ad8\u5ea6\u533b\u7642\u30b7\u30b9\u30c6\u30e0<\/h1>\t\t\t\t<\/div>\n\t\t\t\t<\/div>\n\t\t\t\t<div class=\"elementor-element elementor-element-18a35dd elementor-widget elementor-widget-text-editor\" data-id=\"18a35dd\" data-element_type=\"widget\" data-e-type=\"widget\" data-widget_type=\"text-editor.default\">\n\t\t\t\t<div class=\"elementor-widget-container\">\n\t\t\t\t\t\t\t\t\tAMS GmbH \u306f\u3001\u30d0\u30fc\u30c7\u30f3\uff1d\u30f4\u30e5\u30eb\u30c6\u30f3\u30d9\u30eb\u30af\u5dde\u306e\u7f8e\u3057\u3044\u30bf\u30a6\u30d0\u30fc\u6e13\u8c37\u306b\u3042\u308b\u30f4\u30a1\u30a4\u30ab\u30fc\u30b9\u30cf\u30a4\u30e0\u306b\u4f4d\u7f6e\u3057\u3001\u30d0\u30fc\u30c8\u30fb\u30e1\u30eb\u30b2\u30f3\u30c8\u30cf\u30a4\u30e0\u306e\u6771\u7d04 10 km\u3001\u30f4\u30e5\u30eb\u30c4\u30d6\u30eb\u30af\u306e\u5357 40 km \u306b\u3042\u308a\u307e\u3059\u3002\t\t\t\t\t\t\t\t<\/div>\n\t\t\t\t<\/div>\n\t\t\t\t\t<\/div>\n\t\t<\/div>\n\t\t\t\t\t<\/div>\n\t\t<\/section>\n\t\t\t\t<section class=\"elementor-section elementor-top-section elementor-element elementor-element-7f90dfa elementor-section-boxed elementor-section-height-default elementor-section-height-default\" data-id=\"7f90dfa\" data-element_type=\"section\" data-e-type=\"section\">\n\t\t\t\t\t\t<div class=\"elementor-container elementor-column-gap-default\">\n\t\t\t\t\t<div class=\"elementor-column elementor-col-100 elementor-top-column elementor-element elementor-element-98e3270\" data-id=\"98e3270\" data-element_type=\"column\" data-e-type=\"column\">\n\t\t\t<div class=\"elementor-widget-wrap elementor-element-populated\">\n\t\t\t\t\t\t<div class=\"elementor-element elementor-element-5ed91fc1 elementor-widget elementor-widget-text-editor\" data-id=\"5ed91fc1\" data-element_type=\"widget\" data-e-type=\"widget\" data-widget_type=\"text-editor.default\">\n\t\t\t\t<div class=\"elementor-widget-container\">\n\t\t\t\t\t\t\t\t\t<p>\u5f53\u793e\u306f\u3001\u751f\u4f53\u30a8\u30cd\u30eb\u30ae\u30fc\u533b\u7642\u6280\u8853\u306e\u7814\u7a76\u958b\u767a\u3001\u751f\u7523\u3001\u6d41\u901a\u306b\u53d6\u308a\u7d44\u3093\u3067\u3044\u307e\u3059\u3002<\/p><p><b>\u5e45\u5e83\u3044\u88fd\u54c1\u30e9\u30a4\u30f3\u30ca\u30c3\u30d7\u306b\u306f\u3001<\/b><\/p><ul><li>\u78c1\u5834\u6cbb\u7642\u88c5\u7f6e<\/li><li>\u30d0\u30a4\u30aa\u30ec\u30be\u30ca\u30f3\u30b9\u30b7\u30b9\u30c6\u30e0<\/li><li>\u8108\u52d5\u78c1\u5834\u3068\u7d44\u307f\u5408\u308f\u305b\u305f\u30ab\u30e9\u30fc\u30e9\u30a4\u30c8\u3068\u30ec\u30fc\u30b6\u30fc\u30c7\u30d0\u30a4\u30b9<\/li><li>\u9006\u6d78\u900f\u3068\u540c\u6642\u901a\u96fb\u306b\u3088\u308b\u6c34\u51e6\u7406<\/li><li>\u4eba\u9593\u3084\u52d5\u7269\u306b\u5bfe\u3059\u308b\u8a66\u9a13\u304a\u3088\u3073\u5fdc\u7528\u306e\u305f\u3081\u306e\u30d0\u30a4\u30aa\u60c5\u5831\u306e\u30c7\u30b8\u30bf\u30eb\u4fdd\u5b58\/\u4f1d\u9001\u7528\u30c7\u30d0\u30a4\u30b9\u3002<\/li><\/ul><p>\u5f53\u793e\u306e\u88fd\u54c1\u30e9\u30a4\u30f3\u306b\u306f\u3001\u500b\u4eba\u4f7f\u7528\/\u5728\u5b85\u6cbb\u7642\u7528\u306e\u5c0f\u578b\u3067\u30cf\u30f3\u30c9\u30d8\u30eb\u30c9\u306e\u30c7\u30d0\u30a4\u30b9\u3060\u3051\u3067\u306a\u304f\u3001\u4eba\u9593\u304a\u3088\u3073\u7363\u533b\u5b66\u306e\u5206\u91ce\u306e\u30bb\u30e9\u30d4\u30b9\u30c8\u5411\u3051\u306e\u5927\u578b\u3067\u5b9f\u8df5\u7684\u306a\u30c7\u30d0\u30a4\u30b9\u3082\u542b\u307e\u308c\u3066\u3044\u307e\u3059\u3002<\/p><p>\u5f53\u793e\u306f 65 \u304b\u56fd\u4ee5\u4e0a\u3067\u9867\u5ba2\u95a2\u4fc2\u3092\u7dad\u6301\u3057\u3066\u3044\u307e\u3059\u3002<\/p><p>\u5f53\u793e\u306e\u30c7\u30d0\u30a4\u30b9\u306f\u30c9\u30a4\u30c4\u3067\u88fd\u9020\u3055\u308c\u3066\u304a\u308a\u3001\u305d\u306e\u4e00\u90e8\u306f 40 \u5e74\u4ee5\u4e0a\u3082\u5e02\u5834\u306b\u51fa\u56de\u3063\u3066\u3044\u307e\u3059\u3002<\/p><p>\u5fc5\u8981\u306a\u7814\u7a76\u958b\u767a\u4f5c\u696d\u306f\u3001AMS GmbH \u304c 1998 \u5e74\u306b\u4e16\u754c\u7684\u306b\u6709\u540d\u306a\u751f\u7269\u7269\u7406\u5b66\u8005\u3067\u3042\u308b Dr. rer. nat. W. Ludwig \u304b\u3089\u5f15\u304d\u7d99\u3044\u3060\u751f\u7269\u7269\u7406\u5b66\u7814\u7a76\u6240\u3067\u884c\u308f\u308c\u3066\u3044\u307e\u3059\u3002<\/p><p>\u300c\u78c1\u5834\u7642\u6cd5\u306e\u7236\u300d\u3068\u547c\u3070\u308c\u308bDr. Ludwig\u306e\u7814\u7a76\u6210\u679c\u306b\u3088\u308a\u3001AMS\u306f\u5e02\u5834\u306e\u7af6\u5408\u4ed6\u793e\u306b\u5bfe\u3057\u3066\u6280\u8853\u7684\u512a\u4f4d\u6027\u3092\u6301\u3064\u3060\u3051\u3067\u306a\u304f\u3001Dr. Ludwig\u306b\u3088\u308b30\u5e74\u4ee5\u4e0a\u306b\u308f\u305f\u308b\u96c6\u4e2d\u7684\u304b\u3064\u5e83\u7bc4\u306a\u7814\u7a76\u958b\u767a\u4f5c\u696d\u304b\u3089\u751f\u307e\u308c\u305f\u4e16\u754c\u7684\u306b\u30e6\u30cb\u30fc\u30af\u306a\u6280\u8853\u7684\u30ce\u30a6\u30cf\u30a6\u306e\u6a29\u5229\u3082\u6240\u6709\u3057\u3066\u3044\u307e\u3059\u3002<\/p><p><b>AMS GmbH \u2013 \u9ad8\u5ea6\u533b\u7642\u30b7\u30b9\u30c6\u30e0<br \/>Hauptstra\u00dfe 26<br \/>97990 \u30f4\u30a1\u30a4\u30ab\u30fc\u30b9\u30cf\u30a4\u30e0<\/b><\/p>\t\t\t\t\t\t\t\t<\/div>\n\t\t\t\t<\/div>\n\t\t\t\t<div class=\"elementor-element elementor-element-35b13e1 elementor-widget elementor-widget-google_maps\" data-id=\"35b13e1\" data-element_type=\"widget\" data-e-type=\"widget\" data-widget_type=\"google_maps.default\">\n\t\t\t\t<div class=\"elementor-widget-container\">\n\t\t\t\t\t\t\t<div class=\"elementor-custom-embed\">\n\t\t\t<iframe loading=\"lazy\"\n\t\t\t\t\tsrc=\"https:\/\/maps.google.com\/maps?q=ams%20gmbh%20weikersheim&#038;t=m&#038;z=10&#038;output=embed&#038;iwloc=near\"\n\t\t\t\t\ttitle=\"ams gmbh \u30f4\u30a1\u30a4\u30ab\u30fc\u30b9\u30cf\u30a4\u30e0\"\n\t\t\t\t\taria-label=\"ams gmbh \u30f4\u30a1\u30a4\u30ab\u30fc\u30b9\u30cf\u30a4\u30e0\"\n\t\t\t><\/iframe>\n\t\t<\/div>\n\t\t\t\t\t\t<\/div>\n\t\t\t\t<\/div>\n\t\t\t\t\t<\/div>\n\t\t<\/div>\n\t\t\t\t\t<\/div>\n\t\t<\/section>\n\t\t\t\t<section class=\"elementor-section elementor-top-section elementor-element elementor-element-a393b52 elementor-section-boxed elementor-section-height-default elementor-section-height-default\" data-id=\"a393b52\" data-element_type=\"section\" data-e-type=\"section\" data-settings=\"{&quot;background_background&quot;:&quot;classic&quot;}\">\n\t\t\t\t\t\t<div class=\"elementor-container elementor-column-gap-default\">\n\t\t\t\t\t<div class=\"elementor-column elementor-col-100 elementor-top-column elementor-element elementor-element-d6769f8\" data-id=\"d6769f8\" data-element_type=\"column\" data-e-type=\"column\">\n\t\t\t<div class=\"elementor-widget-wrap elementor-element-populated\">\n\t\t\t\t\t\t<div class=\"elementor-element elementor-element-b08bc18 elementor-align-right elementor-mobile-align-center elementor-widget elementor-widget-button\" data-id=\"b08bc18\" data-element_type=\"widget\" data-e-type=\"widget\" data-widget_type=\"button.default\">\n\t\t\t\t<div class=\"elementor-widget-container\">\n\t\t\t\t\t\t\t\t\t<div class=\"elementor-button-wrapper\">\n\t\t\t\t\t<a class=\"elementor-button elementor-button-link elementor-size-sm\" href=\"https:\/\/www.ams-ag.de\/ja\/ueber-ams\/dr-rer-nat-frank-beck\/\">\n\t\t\t\t\t\t<span class=\"elementor-button-content-wrapper\">\n\t\t\t\t\t\t<span class=\"elementor-button-icon\">\n\t\t\t\t<i aria-hidden=\"true\" class=\"fas fa-arrow-right\"><\/i>\t\t\t<\/span>\n\t\t\t\t\t\t\t\t\t<span class=\"elementor-button-text\">Dr. rer. nat. \u30d5\u30e9\u30f3\u30af Beck<\/span>\n\t\t\t\t\t<\/span>\n\t\t\t\t\t<\/a>\n\t\t\t\t<\/div>\n\t\t\t\t\t\t\t\t<\/div>\n\t\t\t\t<\/div>\n\t\t\t\t\t<\/div>\n\t\t<\/div>\n\t\t\t\t\t<\/div>\n\t\t<\/section>\n\t\t\t\t<\/div>","protected":false},"excerpt":{"rendered":"<p>Wer wir sind Die AMS GmbH &#8211; Advanced Medical Systems Die AMS GmbH ist ans\u00e4ssig in Weikersheim im sch\u00f6nen Taubertal in Baden-W\u00fcrttemberg, etwa 10 km \u00f6stlich von Bad Mergentheim und [&hellip;]<\/p>\n","protected":false},"author":1,"featured_media":0,"parent":177,"menu_order":1,"comment_status":"closed","ping_status":"closed","template":"","meta":{"pmpro_default_level":"","footnotes":""},"class_list":["post-1411","page","type-page","status-publish","hentry","pmpro-has-access"],"_links":{"self":[{"href":"https:\/\/www.ams-ag.de\/ja\/wp-json\/wp\/v2\/pages\/1411","targetHints":{"allow":["GET"]}}],"collection":[{"href":"https:\/\/www.ams-ag.de\/ja\/wp-json\/wp\/v2\/pages"}],"about":[{"href":"https:\/\/www.ams-ag.de\/ja\/wp-json\/wp\/v2\/types\/page"}],"author":[{"embeddable":true,"href":"https:\/\/www.ams-ag.de\/ja\/wp-json\/wp\/v2\/users\/1"}],"replies":[{"embeddable":true,"href":"https:\/\/www.ams-ag.de\/ja\/wp-json\/wp\/v2\/comments?post=1411"}],"version-history":[{"count":6,"href":"https:\/\/www.ams-ag.de\/ja\/wp-json\/wp\/v2\/pages\/1411\/revisions"}],"predecessor-version":[{"id":15754,"href":"https:\/\/www.ams-ag.de\/ja\/wp-json\/wp\/v2\/pages\/1411\/revisions\/15754"}],"up":[{"embeddable":true,"href":"https:\/\/www.ams-ag.de\/ja\/wp-json\/wp\/v2\/pages\/177"}],"wp:attachment":[{"href":"https:\/\/www.ams-ag.de\/ja\/wp-json\/wp\/v2\/media?parent=1411"}],"curies":[{"name":"wp","href":"https:\/\/api.w.org\/{rel}","templated":true}]}}