{"id":1396,"date":"2023-05-01T13:08:03","date_gmt":"2023-05-01T11:08:03","guid":{"rendered":"http:\/\/www.ams-ag.de\/?page_id=1396"},"modified":"2024-05-07T16:29:06","modified_gmt":"2024-05-07T14:29:06","slug":"%e5%91%a8%e6%b3%a2%e6%95%b0%e3%81%a8%e5%8f%af%e8%83%bd%e3%81%aa%e7%94%a8%e9%80%94","status":"publish","type":"page","link":"https:\/\/www.ams-ag.de\/ja\/grundlagen-magnetfeldtherapie\/magnetfeldtherapie-und-bioinformative-medizin\/frequenzen-und-anwendungsmoeglichkeiten\/","title":{"rendered":"\u5468\u6ce2\u6570\u3068\u53ef\u80fd\u306a\u7528\u9014"},"content":{"rendered":"<div data-elementor-type=\"wp-page\" data-elementor-id=\"1396\" class=\"elementor elementor-1396\" data-elementor-post-type=\"page\">\n\t\t\t\t\t\t<section class=\"elementor-section elementor-top-section elementor-element elementor-element-dd3b7bd elementor-section-boxed elementor-section-height-default elementor-section-height-default\" data-id=\"dd3b7bd\" data-element_type=\"section\" data-e-type=\"section\" data-settings=\"{&quot;background_background&quot;:&quot;classic&quot;}\">\n\t\t\t\t\t\t<div class=\"elementor-container elementor-column-gap-default\">\n\t\t\t\t\t<div class=\"elementor-column elementor-col-50 elementor-top-column elementor-element elementor-element-451a6df\" data-id=\"451a6df\" data-element_type=\"column\" data-e-type=\"column\">\n\t\t\t<div class=\"elementor-widget-wrap elementor-element-populated\">\n\t\t\t\t\t\t<div class=\"elementor-element elementor-element-750fb81 elementor-widget elementor-widget-image\" data-id=\"750fb81\" data-element_type=\"widget\" data-e-type=\"widget\" data-widget_type=\"image.default\">\n\t\t\t\t<div class=\"elementor-widget-container\">\n\t\t\t\t\t\t\t\t\t\t\t\t\t\t\t<img fetchpriority=\"high\" decoding=\"async\" width=\"768\" height=\"576\" src=\"https:\/\/www.ams-ag.de\/wp-content\/uploads\/2024\/02\/pexels-luan-rezende-1093161-768x576.jpg\" class=\"attachment-medium_large size-medium_large wp-image-14407\" alt=\"\" srcset=\"https:\/\/www.ams-ag.de\/wp-content\/uploads\/2024\/02\/pexels-luan-rezende-1093161-768x576.jpg 768w, https:\/\/www.ams-ag.de\/wp-content\/uploads\/2024\/02\/pexels-luan-rezende-1093161-300x225.jpg 300w, https:\/\/www.ams-ag.de\/wp-content\/uploads\/2024\/02\/pexels-luan-rezende-1093161-1365x1024.jpg 1365w, https:\/\/www.ams-ag.de\/wp-content\/uploads\/2024\/02\/pexels-luan-rezende-1093161-1536x1152.jpg 1536w, https:\/\/www.ams-ag.de\/wp-content\/uploads\/2024\/02\/pexels-luan-rezende-1093161-16x12.jpg 16w, https:\/\/www.ams-ag.de\/wp-content\/uploads\/2024\/02\/pexels-luan-rezende-1093161.jpg 1920w\" sizes=\"(max-width: 768px) 100vw, 768px\" \/>\t\t\t\t\t\t\t\t\t\t\t\t\t\t\t<\/div>\n\t\t\t\t<\/div>\n\t\t\t\t\t<\/div>\n\t\t<\/div>\n\t\t\t\t<div class=\"elementor-column elementor-col-50 elementor-top-column elementor-element elementor-element-30d22ed\" data-id=\"30d22ed\" data-element_type=\"column\" data-e-type=\"column\">\n\t\t\t<div class=\"elementor-widget-wrap elementor-element-populated\">\n\t\t\t\t\t\t<div class=\"elementor-element elementor-element-41a8966c elementor-widget elementor-widget-heading\" data-id=\"41a8966c\" data-element_type=\"widget\" data-e-type=\"widget\" data-widget_type=\"heading.default\">\n\t\t\t\t<div class=\"elementor-widget-container\">\n\t\t\t\t\t<h1 class=\"elementor-heading-title elementor-size-default\">\u5468\u6ce2\u6570\u3068\u53ef\u80fd\u306a\u7528\u9014<\/h1>\t\t\t\t<\/div>\n\t\t\t\t<\/div>\n\t\t\t\t\t<\/div>\n\t\t<\/div>\n\t\t\t\t\t<\/div>\n\t\t<\/section>\n\t\t\t\t<section class=\"elementor-section elementor-top-section elementor-element elementor-element-33692e36 elementor-section-boxed elementor-section-height-default elementor-section-height-default\" data-id=\"33692e36\" data-element_type=\"section\" data-e-type=\"section\">\n\t\t\t\t\t\t<div class=\"elementor-container elementor-column-gap-default\">\n\t\t\t\t\t<div class=\"elementor-column elementor-col-100 elementor-top-column elementor-element elementor-element-2e746f82\" data-id=\"2e746f82\" data-element_type=\"column\" data-e-type=\"column\">\n\t\t\t<div class=\"elementor-widget-wrap elementor-element-populated\">\n\t\t\t\t\t\t<div class=\"elementor-element elementor-element-d2a5aec elementor-widget elementor-widget-heading\" data-id=\"d2a5aec\" data-element_type=\"widget\" data-e-type=\"widget\" data-widget_type=\"heading.default\">\n\t\t\t\t<div class=\"elementor-widget-container\">\n\t\t\t\t\t<h2 class=\"elementor-heading-title elementor-size-default\">\u898f\u5236\u80fd\u529b\u306e\u5411\u4e0a<\/h2>\t\t\t\t<\/div>\n\t\t\t\t<\/div>\n\t\t\t\t<div class=\"elementor-element elementor-element-695a6a88 elementor-widget elementor-widget-text-editor\" data-id=\"695a6a88\" data-element_type=\"widget\" data-e-type=\"widget\" data-widget_type=\"text-editor.default\">\n\t\t\t\t<div class=\"elementor-widget-container\">\n\t\t\t\t\t\t\t\t\t<p>\u53e4\u4ee3\u306b\u304a\u3044\u3066\u3055\u3048\u3001\u3044\u308f\u3086\u308b\u300c\u30de\u30b0\u30cd\u30bf\u30a4\u30c8\u300d\uff08\u5929\u7136\u306e\u78c1\u6027\u77f3\uff09\u306b\u3088\u308b\u75c5\u6c17\u306e\u6cbb\u7642\u306f\u6210\u529f\u3092\u53ce\u3081\u3066\u304d\u307e\u3057\u305f\u3002\u305d\u306e\u539f\u7406\u306f\u5358\u7d14\u3067\u3001\u78c1\u5834\u306f\u4f53\u306e\u81ea\u5df1\u8abf\u6574\u80fd\u529b\u3092\u9ad8\u3081\u3001\u3072\u3044\u3066\u306f\u4f53\u306e\u81ea\u5df1\u6cbb\u7652\u529b\u3092\u6d3b\u6027\u5316\u3055\u305b\u308b\u3068\u3044\u3046\u3082\u306e\u3067\u3059\u3002<\/p><p>\u6700\u3082\u91cd\u8981\u306a\u5468\u6ce2\u6570\u306e\u4e00\u3064\u3001\u3042\u308b\u3044\u306f\u6700\u3082\u91cd\u8981\u306a\u5468\u6ce2\u6570\u306e\u4e00\u3064\u306f\u3001\u30b7\u30e5\u30fc\u30de\u30f3\u5468\u6ce2\u6570\u30b9\u30da\u30af\u30c8\u30eb\u306e\u4e3b\u8981\u5024\u3067\u3042\u308b7.8Hz\u3067\u3059\u3002\u3053\u306e\u5468\u6ce2\u6570\u306f\u30cb\u30e5\u30fc\u30c8\u30e9\u30eb\u3067\u3001\u30d0\u30e9\u30f3\u30b9\u3092\u4fdd\u3061\u3001\u96c6\u4e2d\u529b\u3092\u9ad8\u3081\u307e\u3059\u3002\u79c1\u305f\u3061\u306f\u3053\u308c\u3092\u300c\u5fc3\u5730\u3088\u3044\u5468\u6ce2\u6570\u300d\u3068\u547c\u3093\u3067\u3044\u307e\u3059\u3002<\/p><p><a href=\"https:\/\/www.ams-ag.de\/ja\/%e7%a3%81%e5%a0%b4%e7%99%82%e6%b3%95%e3%81%ae%e5%9f%ba%e7%a4%8e\/%e7%a3%81%e5%a0%b4%e7%99%82%e6%b3%95%e3%81%a8%e3%83%90%e3%82%a4%e3%82%aa%e3%82%a4%e3%83%b3%e3%83%95%e3%82%a9%e3%83%9e%e3%83%86%e3%82%a3%e3%82%af%e3%82%b9%e5%8c%bb%e7%99%82\/%e7%92%b0%e5%a2%83%e3%82%b7%e3%82%b0%e3%83%8a%e3%83%ab\/#Schumannfrequenz\"><b>\u30b7\u30e5\u30fc\u30de\u30f3\u5468\u6ce2\u6570\u30b9\u30da\u30af\u30c8\u30eb<\/b><\/a><\/p>\t\t\t\t\t\t\t\t<\/div>\n\t\t\t\t<\/div>\n\t\t\t\t\t<\/div>\n\t\t<\/div>\n\t\t\t\t\t<\/div>\n\t\t<\/section>\n\t\t\t\t<section class=\"elementor-section elementor-top-section elementor-element elementor-element-65120cdc elementor-section-boxed elementor-section-height-default elementor-section-height-default\" data-id=\"65120cdc\" data-element_type=\"section\" data-e-type=\"section\">\n\t\t\t\t\t\t<div class=\"elementor-container elementor-column-gap-default\">\n\t\t\t\t\t<div class=\"elementor-column elementor-col-100 elementor-top-column elementor-element elementor-element-28b9658c\" data-id=\"28b9658c\" data-element_type=\"column\" data-e-type=\"column\" data-settings=\"{&quot;background_background&quot;:&quot;classic&quot;}\">\n\t\t\t<div class=\"elementor-widget-wrap elementor-element-populated\">\n\t\t\t\t\t\t<div class=\"elementor-element elementor-element-7f3e3c0b elementor-widget elementor-widget-heading\" data-id=\"7f3e3c0b\" data-element_type=\"widget\" data-e-type=\"widget\" data-widget_type=\"heading.default\">\n\t\t\t\t<div class=\"elementor-widget-container\">\n\t\t\t\t\t<h2 class=\"elementor-heading-title elementor-size-default\">\u4e8c\u91cd\u76f2\u691c\u8a66\u9a13<\/h2>\t\t\t\t<\/div>\n\t\t\t\t<\/div>\n\t\t\t\t<div class=\"elementor-element elementor-element-1c03cb58 elementor-widget elementor-widget-text-editor\" data-id=\"1c03cb58\" data-element_type=\"widget\" data-e-type=\"widget\" data-widget_type=\"text-editor.default\">\n\t\t\t\t<div class=\"elementor-widget-container\">\n\t\t\t\t\t\t\t\t\t2001\u5e74\u306b\u30ed\u30f3\u30c9\u30f3\u306e\u30ad\u30f3\u30b0\u30b9\u30fb\u30ab\u30ec\u30c3\u30b8\u75c5\u9662\u3067\u3001Dr. Ludwig\u793e\u304c\u958b\u767a\u3057\u305fMEDICUR\u00ae\u3092\u7528\u3044\u3066\u5b9f\u65bd\u3055\u308c\u305f\u30e9\u30f3\u30c0\u30e0\u5316\u30d7\u30e9\u30bb\u30dc\u5bfe\u7167\u4e8c\u91cd\u76f2\u691c\u8a66\u9a13\u3067\u306f\u3001\u5f93\u6765\u306e\u533b\u5b66\u7684\u57fa\u6e96\u306b\u57fa\u3065\u304d\u3001\u5909\u5f62\u6027\u819d\u95a2\u7bc0\u75c7\u306b\u5bfe\u3059\u308b7.8Hz\u306e\u6709\u52b9\u6027\u304c\u5b9f\u8a3c\u3055\u308c\u307e\u3057\u305f\u3002\u3054\u8208\u5473\u306e\u3042\u308b\u65b9\u306f\u3001\u67fb\u8aad\u4ed8\u304d\u5b66\u8853\u8a8c\u306b\u63b2\u8f09\u3055\u308c\u305f\u3053\u306e\u7814\u7a76\uff08\u82f1\u8a9e\uff09\u3092\u3053\u3061\u3089\u304b\u3089\u30c0\u30a6\u30f3\u30ed\u30fc\u30c9\u3067\u304d\u307e\u3059\u3002\t\t\t\t\t\t\t\t<\/div>\n\t\t\t\t<\/div>\n\t\t\t\t<div class=\"elementor-element elementor-element-f254201 elementor-tabs-view-vertical elementor-widget elementor-widget-tabs\" data-id=\"f254201\" data-element_type=\"widget\" data-e-type=\"widget\" data-widget_type=\"tabs.default\">\n\t\t\t\t<div class=\"elementor-widget-container\">\n\t\t\t\t\t\t\t<div class=\"elementor-tabs\">\n\t\t\t<div class=\"elementor-tabs-wrapper\" role=\"tablist\" >\n\t\t\t\t\t\t\t\t\t<div id=\"elementor-tab-title-2541\" class=\"elementor-tab-title elementor-tab-desktop-title\" aria-selected=\"true\" data-tab=\"1\" role=\"tab\" tabindex=\"0\" aria-controls=\"elementor-tab-content-2541\" aria-expanded=\"false\">\u82f1\u8a9e<\/div>\n\t\t\t\t\t\t\t<\/div>\n\t\t\t<div class=\"elementor-tabs-content-wrapper\" role=\"tablist\" aria-orientation=\"vertical\">\n\t\t\t\t\t\t\t\t\t<div class=\"elementor-tab-title elementor-tab-mobile-title\" aria-selected=\"true\" data-tab=\"1\" role=\"tab\" tabindex=\"0\" aria-controls=\"elementor-tab-content-2541\" aria-expanded=\"false\">\u82f1\u8a9e<\/div>\n\t\t\t\t\t<div id=\"elementor-tab-content-2541\" class=\"elementor-tab-content elementor-clearfix\" data-tab=\"1\" role=\"tabpanel\" aria-labelledby=\"elementor-tab-title-2541\" tabindex=\"0\" hidden=\"false\"><ul>\n \t<li><strong><a href=\"https:\/\/www.ams-ag.de\/wp-content\/uploads\/2023\/06\/AMS_Doubleblind_study_Medicur.pdf\" target=\"_blank\" rel=\"noopener\">\u4e8c\u91cd\u76f2\u691c\u8a66\u9a13 MEDICUR\u00ae (100 KB) ja<\/a><\/strong><\/li>\n<\/ul><\/div>\n\t\t\t\t\t\t\t<\/div>\n\t\t<\/div>\n\t\t\t\t\t\t<\/div>\n\t\t\t\t<\/div>\n\t\t\t\t\t<\/div>\n\t\t<\/div>\n\t\t\t\t\t<\/div>\n\t\t<\/section>\n\t\t\t\t<section class=\"elementor-section elementor-top-section elementor-element elementor-element-b7bc0b8 elementor-section-boxed elementor-section-height-default elementor-section-height-default\" data-id=\"b7bc0b8\" data-element_type=\"section\" data-e-type=\"section\">\n\t\t\t\t\t\t<div class=\"elementor-container elementor-column-gap-default\">\n\t\t\t\t\t<div class=\"elementor-column elementor-col-100 elementor-top-column elementor-element elementor-element-42710d07\" data-id=\"42710d07\" data-element_type=\"column\" data-e-type=\"column\">\n\t\t\t<div class=\"elementor-widget-wrap elementor-element-populated\">\n\t\t\t\t\t\t<section class=\"elementor-section elementor-inner-section elementor-element elementor-element-4f5e64a3 elementor-section-boxed elementor-section-height-default elementor-section-height-default\" data-id=\"4f5e64a3\" data-element_type=\"section\" data-e-type=\"section\">\n\t\t\t\t\t\t<div class=\"elementor-container elementor-column-gap-default\">\n\t\t\t\t\t<div class=\"elementor-column elementor-col-100 elementor-inner-column elementor-element elementor-element-6675cf93\" data-id=\"6675cf93\" data-element_type=\"column\" data-e-type=\"column\">\n\t\t\t<div class=\"elementor-widget-wrap elementor-element-populated\">\n\t\t\t\t\t\t<div class=\"elementor-element elementor-element-cab1ce3 elementor-widget elementor-widget-heading\" data-id=\"cab1ce3\" data-element_type=\"widget\" data-e-type=\"widget\" data-widget_type=\"heading.default\">\n\t\t\t\t<div class=\"elementor-widget-container\">\n\t\t\t\t\t<h2 class=\"elementor-heading-title elementor-size-default\">\u5468\u6ce2\u6570\u306e\u9078\u629e<\/h2>\t\t\t\t<\/div>\n\t\t\t\t<\/div>\n\t\t\t\t<div class=\"elementor-element elementor-element-1b7e305c elementor-widget elementor-widget-text-editor\" data-id=\"1b7e305c\" data-element_type=\"widget\" data-e-type=\"widget\" data-widget_type=\"text-editor.default\">\n\t\t\t\t<div class=\"elementor-widget-container\">\n\t\t\t\t\t\t\t\t\t<p>\u7528\u9014\u306b\u9069\u3057\u305f\u5468\u6ce2\u6570\u3092\u898b\u3064\u3051\u308b\u3053\u3068\u304c\u91cd\u8981\u3067\u3059\u3002\u4e00\u822c\u7684\u306b\u3001\u3069\u306e\u5468\u6ce2\u6570\u3067\u3082\u7279\u5b9a\u306e\u7528\u9014\u306b\u9069\u3057\u3066\u3044\u307e\u3059\u3002\u7279\u5b9a\u306e\u72b6\u6cc1\u306b\u304a\u3044\u3066\u52b9\u679c\u304c\u5b9f\u8a3c\u3055\u308c\u3066\u3044\u308b\u5468\u6ce2\u6570\u3082\u3042\u308a\u307e\u3059\u3002\u4f8b\u3048\u3070\u3001\u523a\u6fc0\u7684\u306a\u5468\u6ce2\u6570\u3082\u3042\u308c\u3070\u3001\u30ea\u30e9\u30af\u30bc\u30fc\u30b7\u30e7\u30f3\u306b\u9069\u3057\u305f\u5468\u6ce2\u6570\u3082\u3042\u308a\u307e\u3059\u3002<\/p><table class=\"contenttable contenttable-0\"><tbody><tr class=\"tr-even tr-0\"><td class=\"td-0\">7.8 Hz<\/td><td class=\"td-1\">\u30d0\u30e9\u30f3\u30b9\u3092\u3068\u308b<\/td><td class=\"td-last td-2\">\u6c17\u5206\u304c\u826f\u304f\u306a\u308b\u5468\u6ce2\u6570<\/td><\/tr><tr class=\"tr-odd tr-1\"><td class=\"td-0\">33 Hz<\/td><td class=\"td-1\">\u523a\u6fc0\u7684\u306a<\/td><td class=\"td-last td-2\">\u96fb\u78c1\u30b3\u30fc\u30d2\u30fc<\/td><\/tr><tr class=\"tr-even tr-2\"><td class=\"td-0\">3.0 Hz<\/td><td class=\"td-1\">\u843d\u3061\u7740\u304f<\/td><td class=\"td-last td-2\">\u96fb\u78c1\u30e9\u30d9\u30f3\u30c0\u30fc<\/td><\/tr><tr class=\"tr-odd tr-last\"><td class=\"td-0\">1.2 Hz<\/td><td class=\"td-1\">\u30ea\u30e9\u30c3\u30af\u30b9<\/td><td class=\"td-last td-2\">\u96fb\u78c1\u6ce2\u904e\u654f\u75c7\u306b\u5f79\u7acb\u3064<\/td><\/tr><\/tbody><\/table>\t\t\t\t\t\t\t\t<\/div>\n\t\t\t\t<\/div>\n\t\t\t\t<div class=\"elementor-element elementor-element-cceb8bf elementor-widget elementor-widget-heading\" data-id=\"cceb8bf\" data-element_type=\"widget\" data-e-type=\"widget\" data-widget_type=\"heading.default\">\n\t\t\t\t<div class=\"elementor-widget-container\">\n\t\t\t\t\t<h2 class=\"elementor-heading-title elementor-size-default\">Dr. Ludwig\u306e\u78c1\u5834\u30c7\u30d0\u30a4\u30b9<\/h2>\t\t\t\t<\/div>\n\t\t\t\t<\/div>\n\t\t\t\t<div class=\"elementor-element elementor-element-07c05a2 elementor-widget elementor-widget-text-editor\" data-id=\"07c05a2\" data-element_type=\"widget\" data-e-type=\"widget\" data-widget_type=\"text-editor.default\">\n\t\t\t\t<div class=\"elementor-widget-container\">\n\t\t\t\t\t\t\t\t\t<p>Dr. Ludwig\u5c0f\u578b\u30c7\u30d0\u30a4\u30b9\u306f\u3001\u30e2\u30c7\u30eb\u306b\u5fdc\u3058\u3066\u69d8\u3005\u306a\u30d7\u30ea\u30bb\u30c3\u30c8\u5468\u6ce2\u6570\u304b\u3089\u9078\u629e\u3067\u304d\u307e\u3059\u3002\u30b7\u30e5\u30fc\u30de\u30f3\u5468\u6ce2\u6570\u30b9\u30da\u30af\u30c8\u30eb\u306e\u4e3b\u8981\u5024\u3067\u3042\u308b7.8 Hz\u306e\u8a2d\u5b9a\u306f\u3001\u3059\u3079\u3066\u306e\u30c7\u30d0\u30a4\u30b9\u3067\u5229\u7528\u53ef\u80fd\u3067\u3059\u3002<\/p>\n<p><a href=\"https:\/\/www.ams-ag.de\/ja\/%e8%a3%bd%e5%93%81\/%e5%ae%b6%e5%ba%ad%e7%94%a8%e5%93%81\/%e5%b0%8f%e5%9e%8b%e5%ae%b6%e9%9b%bb\/\"><b>\u5c0f\u578b\u5bb6\u96fb<\/b><\/a><\/p>\n<p>\u3059\u3079\u3066\u306e\u30c7\u30d0\u30a4\u30b9\u306b\u306f\u3001\u3059\u3067\u306b\u8aac\u660e\u3057\u305f\u5730\u78c1\u6c17\u5468\u6ce2\u6570\u304c\u901a\u77e5\u3055\u308c\u308b\u30b3\u30f3\u30dd\u30fc\u30cd\u30f3\u30c8\u3082\u542b\u307e\u308c\u3066\u3044\u308b\u305f\u3081\u3001\u3053\u306e\u60c5\u5831\u306f\u9078\u629e\u3055\u308c\u305f\u5468\u6ce2\u6570\u306e\u78c1\u5834\u3068\u3068\u3082\u306b\u8ee2\u9001\u3055\u308c\u307e\u3059\u3002<\/p>\n<p>\u4e00\u90e8\u306e\u5c0f\u578b\u30c7\u30d0\u30a4\u30b9 (MEDICUR\u00aepro\u3001METRONOM solar\u3001METRONOM C) \u306b\u306f 2 \u3064\u306e\u72ec\u7acb\u3057\u305f\u30b3\u30a4\u30eb\u304c\u542b\u307e\u308c\u3066\u304a\u308a\u3001\u9078\u629e\u3055\u308c\u305f\u5468\u6ce2\u6570\u3054\u3068\u306b\u6b21\u306e\u5468\u6ce2\u6570\u30b9\u30da\u30af\u30c8\u30eb\u3092\u653e\u5c04\u3057\u307e\u3059\u3002<\/p>\n<ul>\n<li>\u592a\u967d\u5468\u6ce2\u6570<\/li>\n<li>2000 Hz (2 kHz)<\/li>\n<\/ul>\n<p>MEDICUR\u00aecolor \u3067\u306f\u3001\u8272\u306e\u9078\u629e\u306b\u5fdc\u3058\u3066\u3001\u592a\u967d\u306e\u96fb\u78c1\u5468\u6ce2\u6570\u304c\u7570\u306a\u308b\u30b9\u30da\u30af\u30c8\u30eb\u3067\u653e\u5c04\u3055\u308c\u307e\u3059\u3002<\/p>\n<p>\u5927\u578b\u306e\u30c7\u30d0\u30a4\u30b9\u3067\u306f\u30010.1Hz\u304b\u30891000Hz\u307e\u3067\u306e\u4efb\u610f\u306e\u5468\u6ce2\u6570\u3092\u8a2d\u5b9a\u3067\u304d\u307e\u3059\u3002\u5730\u78c1\u6c17\u3068\u592a\u967d\u306e\u5468\u6ce2\u6570\u3082\u81ea\u52d5\u7684\u306b\u751f\u6210\u3055\u308c\u307e\u3059\u3002<\/p>\n<p><a href=\"https:\/\/www.ams-ag.de\/ja\/%e8%a3%bd%e5%93%81\/%e3%82%bb%e3%83%a9%e3%83%94%e3%82%b9%e3%83%88\/%e5%a4%a7%e5%9e%8b%e5%ae%b6%e9%9b%bb\/\"><b>\u5927\u578b\u5bb6\u96fb<\/b><\/a><\/p>\n<p>\u30b7\u30e5\u30fc\u30de\u30f3\u6ce2\u3001\u5730\u78c1\u6c17\u6ce2\u3001\u592a\u967d\u6ce2\u3092\u300c\u751f\u7269\u5b66\u7684\u57fa\u6e96\u300d\u3068\u547c\u3093\u3067\u3044\u307e\u3059\u3002\u3053\u308c\u3089\u306e\u5468\u6ce2\u6570\u306e\u8a73\u3057\u3044\u8aac\u660e\u306f\u3001\u300c\u74b0\u5883\u4fe1\u53f7\u300d\u30e1\u30cb\u30e5\u30fc\u9805\u76ee\u3092\u3054\u89a7\u304f\u3060\u3055\u3044\u3002<\/p>\n<p><a href=\"https:\/\/www.ams-ag.de\/ja\/%e7%a3%81%e5%a0%b4%e7%99%82%e6%b3%95%e3%81%ae%e5%9f%ba%e7%a4%8e\/%e7%a3%81%e5%a0%b4%e7%99%82%e6%b3%95%e3%81%a8%e3%83%90%e3%82%a4%e3%82%aa%e3%82%a4%e3%83%b3%e3%83%95%e3%82%a9%e3%83%9e%e3%83%86%e3%82%a3%e3%82%af%e3%82%b9%e5%8c%bb%e7%99%82\/%e7%92%b0%e5%a2%83%e3%82%b7%e3%82%b0%e3%83%8a%e3%83%ab\/\"><b>\u74b0\u5883\u30b7\u30b0\u30ca\u30eb<\/b><\/a><\/p>\t\t\t\t\t\t\t\t<\/div>\n\t\t\t\t<\/div>\n\t\t\t\t<div class=\"elementor-element elementor-element-afa9feb elementor-widget elementor-widget-heading\" data-id=\"afa9feb\" data-element_type=\"widget\" data-e-type=\"widget\" data-widget_type=\"heading.default\">\n\t\t\t\t<div class=\"elementor-widget-container\">\n\t\t\t\t\t<h2 class=\"elementor-heading-title elementor-size-default\">\u60c5\u5831\u306e\u8ee2\u9001<\/h2>\t\t\t\t<\/div>\n\t\t\t\t<\/div>\n\t\t\t\t<div class=\"elementor-element elementor-element-e47b280 elementor-widget elementor-widget-text-editor\" data-id=\"e47b280\" data-element_type=\"widget\" data-e-type=\"widget\" data-widget_type=\"text-editor.default\">\n\t\t\t\t<div class=\"elementor-widget-container\">\n\t\t\t\t\t\t\t\t\t<p>\u96fb\u78c1\u6ce2\u306e\u7279\u6027\u306e\u4e00\u3064\u306f\u3001\u60c5\u5831\u3092\u5438\u53ce\u3057\u3001\u4f1d\u9054\u3059\u308b\u80fd\u529b\u3067\u3059\u3002\u5f53\u793e\u306e\u6a5f\u5668\u306e\u96fb\u78c1\u6ce2\u306f\u3001\u9069\u5207\u306a\u5468\u6ce2\u6570\u306e\u7d14\u7c8b\u306a\u5fdc\u7528\u4fe1\u53f7\u3068\u3057\u3066\u3060\u3051\u3067\u306a\u304f\u3001\u642c\u9001\u6ce2\u3068\u3057\u3066\u3082\u4f7f\u7528\u3067\u304d\u307e\u3059\u3002\u5916\u56e0\u6027\uff08\u5916\u6765\uff09\u60c5\u5831\u3068\u5185\u56e0\u6027\uff08\u4f53\u5185\uff09\u60c5\u5831\u306e\u4e21\u65b9\u3092\u4f1d\u9054\u3067\u304d\u307e\u3059\u3002<\/p>\n<p>\u5c0f\u578b\u30c7\u30d0\u30a4\u30b9\u306b\u306f\u3001\u3053\u306e\u76ee\u7684\u306e\u305f\u3081\u306b\u30a2\u30f3\u30d7\u30eb\u30db\u30eb\u30c0\u30fc\u304c\u88c5\u5099\u3055\u308c\u3066\u3044\u307e\u3059\u3002\u5927\u578b\u30c7\u30d0\u30a4\u30b9\u3067\u306f\u3001\u60c5\u5831\u4f1d\u9054\uff0f\u57fa\u8cea\u632f\u52d5\u7528\u306e\u30d3\u30fc\u30ab\u30fc\uff08MEDICUP\uff09\u3092\u63a5\u7d9a\u3059\u308b\u30aa\u30d7\u30b7\u30e7\u30f3\u304c\u3042\u308a\u307e\u3059\u3002<\/p>\n<p>\u57fa\u8cea\u3068\u60c5\u5831\u306e\u632f\u52d5\u304c\u4f55\u3067\u3042\u308b\u304b\u306b\u3064\u3044\u3066\u306f\u3001\u3053\u3061\u3089\u3092\u304a\u8aad\u307f\u304f\u3060\u3055\u3044\u3002<\/p>\t\t\t\t\t\t\t\t<\/div>\n\t\t\t\t<\/div>\n\t\t\t\t\t<\/div>\n\t\t<\/div>\n\t\t\t\t\t<\/div>\n\t\t<\/section>\n\t\t\t\t\t<\/div>\n\t\t<\/div>\n\t\t\t\t\t<\/div>\n\t\t<\/section>\n\t\t\t\t<section class=\"elementor-section elementor-top-section elementor-element elementor-element-157b915 elementor-section-boxed elementor-section-height-default elementor-section-height-default\" data-id=\"157b915\" data-element_type=\"section\" data-e-type=\"section\" data-settings=\"{&quot;background_background&quot;:&quot;classic&quot;}\">\n\t\t\t\t\t\t<div class=\"elementor-container elementor-column-gap-default\">\n\t\t\t\t\t<div class=\"elementor-column elementor-col-100 elementor-top-column elementor-element elementor-element-a085a92\" data-id=\"a085a92\" data-element_type=\"column\" data-e-type=\"column\">\n\t\t\t<div class=\"elementor-widget-wrap elementor-element-populated\">\n\t\t\t\t\t\t<div class=\"elementor-element elementor-element-0b3fc97 elementor-align-right elementor-mobile-align-center elementor-widget elementor-widget-button\" data-id=\"0b3fc97\" data-element_type=\"widget\" data-e-type=\"widget\" data-widget_type=\"button.default\">\n\t\t\t\t<div class=\"elementor-widget-container\">\n\t\t\t\t\t\t\t\t\t<div class=\"elementor-button-wrapper\">\n\t\t\t\t\t<a class=\"elementor-button elementor-button-link elementor-size-sm\" href=\"https:\/\/www.ams-ag.de\/ja\/grundlagen-magnetfeldtherapie\/magnetfeldtherapie-und-bioinformative-medizin\/substratuebertragung\/\">\n\t\t\t\t\t\t<span class=\"elementor-button-content-wrapper\">\n\t\t\t\t\t\t<span class=\"elementor-button-icon\">\n\t\t\t\t<i aria-hidden=\"true\" class=\"fas fa-arrow-right\"><\/i>\t\t\t<\/span>\n\t\t\t\t\t\t\t\t\t<span class=\"elementor-button-text\">\u57fa\u8cea\u8ee2\u5199<\/span>\n\t\t\t\t\t<\/span>\n\t\t\t\t\t<\/a>\n\t\t\t\t<\/div>\n\t\t\t\t\t\t\t\t<\/div>\n\t\t\t\t<\/div>\n\t\t\t\t\t<\/div>\n\t\t<\/div>\n\t\t\t\t\t<\/div>\n\t\t<\/section>\n\t\t\t\t<\/div>","protected":false},"excerpt":{"rendered":"<p>Frequenzen und Anwendungsm\u00f6glichkeiten Verbesserung der Regulationsf\u00e4higkeit Bereits im Altertum wurden Krankheiten mit sogenanntem &#8222;Magnetit&#8220; (nat\u00fcrlicher Magnet\u00adstein) erfolgreich behandelt. Das Prinzip ist einfach: Magnetfelder k\u00f6nnen die Regulations\u00adf\u00e4higkeit\u00a0verbessern und so zur Aktivierung [&hellip;]<\/p>\n","protected":false},"author":1,"featured_media":0,"parent":1426,"menu_order":4,"comment_status":"closed","ping_status":"closed","template":"","meta":{"pmpro_default_level":"","footnotes":""},"class_list":["post-1396","page","type-page","status-publish","hentry","pmpro-has-access"],"_links":{"self":[{"href":"https:\/\/www.ams-ag.de\/ja\/wp-json\/wp\/v2\/pages\/1396","targetHints":{"allow":["GET"]}}],"collection":[{"href":"https:\/\/www.ams-ag.de\/ja\/wp-json\/wp\/v2\/pages"}],"about":[{"href":"https:\/\/www.ams-ag.de\/ja\/wp-json\/wp\/v2\/types\/page"}],"author":[{"embeddable":true,"href":"https:\/\/www.ams-ag.de\/ja\/wp-json\/wp\/v2\/users\/1"}],"replies":[{"embeddable":true,"href":"https:\/\/www.ams-ag.de\/ja\/wp-json\/wp\/v2\/comments?post=1396"}],"version-history":[{"count":33,"href":"https:\/\/www.ams-ag.de\/ja\/wp-json\/wp\/v2\/pages\/1396\/revisions"}],"predecessor-version":[{"id":17233,"href":"https:\/\/www.ams-ag.de\/ja\/wp-json\/wp\/v2\/pages\/1396\/revisions\/17233"}],"up":[{"embeddable":true,"href":"https:\/\/www.ams-ag.de\/ja\/wp-json\/wp\/v2\/pages\/1426"}],"wp:attachment":[{"href":"https:\/\/www.ams-ag.de\/ja\/wp-json\/wp\/v2\/media?parent=1396"}],"curies":[{"name":"wp","href":"https:\/\/api.w.org\/{rel}","templated":true}]}}