{"id":1381,"date":"2023-04-30T12:25:53","date_gmt":"2023-04-30T10:25:53","guid":{"rendered":"http:\/\/www.ams-ag.de\/?page_id=1381"},"modified":"2024-10-16T17:24:37","modified_gmt":"2024-10-16T15:24:37","slug":"%e3%83%aa%e3%83%bc%e3%82%b9","status":"publish","type":"page","link":"https:\/\/www.ams-ag.de\/ja\/informationen\/leasing\/","title":{"rendered":"\u30ea\u30fc\u30b9"},"content":{"rendered":"<div data-elementor-type=\"wp-page\" data-elementor-id=\"1381\" class=\"elementor elementor-1381\" data-elementor-post-type=\"page\">\n\t\t\t\t\t\t<section class=\"elementor-section elementor-top-section elementor-element elementor-element-aa8963d elementor-section-boxed elementor-section-height-default elementor-section-height-default\" data-id=\"aa8963d\" data-element_type=\"section\" data-e-type=\"section\">\n\t\t\t\t\t\t<div class=\"elementor-container elementor-column-gap-default\">\n\t\t\t\t\t<div class=\"elementor-column elementor-col-100 elementor-top-column elementor-element elementor-element-12974f4\" data-id=\"12974f4\" data-element_type=\"column\" data-e-type=\"column\">\n\t\t\t<div class=\"elementor-widget-wrap elementor-element-populated\">\n\t\t\t\t\t\t<div class=\"elementor-element elementor-element-5212f198 elementor-widget elementor-widget-heading\" data-id=\"5212f198\" data-element_type=\"widget\" data-e-type=\"widget\" data-widget_type=\"heading.default\">\n\t\t\t\t<div class=\"elementor-widget-container\">\n\t\t\t\t\t<h1 class=\"elementor-heading-title elementor-size-default\">\u30ea\u30fc\u30b9<\/h1>\t\t\t\t<\/div>\n\t\t\t\t<\/div>\n\t\t\t\t\t<\/div>\n\t\t<\/div>\n\t\t\t\t\t<\/div>\n\t\t<\/section>\n\t\t\t\t<section class=\"elementor-section elementor-top-section elementor-element elementor-element-6ea29ae elementor-section-boxed elementor-section-height-default elementor-section-height-default\" data-id=\"6ea29ae\" data-element_type=\"section\" data-e-type=\"section\">\n\t\t\t\t\t\t<div class=\"elementor-container elementor-column-gap-default\">\n\t\t\t\t\t<div class=\"elementor-column elementor-col-100 elementor-top-column elementor-element elementor-element-3f65530\" data-id=\"3f65530\" data-element_type=\"column\" data-e-type=\"column\">\n\t\t\t<div class=\"elementor-widget-wrap elementor-element-populated\">\n\t\t\t\t\t\t<div class=\"elementor-element elementor-element-9940405 elementor-widget elementor-widget-heading\" data-id=\"9940405\" data-element_type=\"widget\" data-e-type=\"widget\" data-widget_type=\"heading.default\">\n\t\t\t\t<div class=\"elementor-widget-container\">\n\t\t\t\t\t<h2 class=\"elementor-heading-title elementor-size-default\">\u3042\u306a\u305f\u3078\u306e\u79c1\u305f\u3061\u306e\u63d0\u6848<\/h2>\t\t\t\t<\/div>\n\t\t\t\t<\/div>\n\t\t\t\t<div class=\"elementor-element elementor-element-b4a0c7 elementor-widget elementor-widget-text-editor\" data-id=\"b4a0c7\" data-element_type=\"widget\" data-e-type=\"widget\" data-widget_type=\"text-editor.default\">\n\t\t\t\t<div class=\"elementor-widget-container\">\n\t\t\t\t\t\t\t\t\t<p>\u6642\u3005\u3001\u6b21\u306e\u3088\u3046\u306a\u3053\u3068\u304c\u3042\u308a\u307e\u3059\u3002\u5e0c\u671b\u3059\u308b\u8cfc\u5165\u8cbb\u7528\u3092\u4e00\u5ea6\u306b\u96c6\u3081\u308b\u3053\u3068\u304c\u3067\u304d\u306a\u3044\u306e\u3067\u3059\u3002<\/p>\n<p>\u3067\u3082\u5fc3\u914d\u3057\u306a\u3044\u3067\u304f\u3060\u3055\u3044\u3002<br>\n\u5927\u578b\u6a5f\u5668\u3084\u5b9f\u7fd2\u6a5f\u5668\u306b\u3064\u3044\u3066\u306f\u3001\u304a\u5ba2\u69d8\u306e\u500b\u5225\u306e\u30cb\u30fc\u30ba\u306b\u5408\u308f\u305b\u305f\u30d5\u30a1\u30a4\u30ca\u30f3\u30b9\u30e2\u30c7\u30eb\u3092\u3054\u63d0\u4f9b\u3044\u305f\u3057\u307e\u3059\u3002<\/p>\n<p>\u5206\u5272\u6255\u3044\u3001\u307e\u305f\u306f\u6709\u5229\u306a\u30ea\u30fc\u30b9\u5951\u7d04\u3092\u7de0\u7d50\u3059\u308b\u3053\u3068\u3082\u53ef\u80fd\u3067\u3059\u3002AMS GmbH\u306f\u304a\u5ba2\u69d8\u306e\u76f4\u63a5\u306e\u5951\u7d04\u30d1\u30fc\u30c8\u30ca\u30fc\u3068\u3057\u3066\u6a5f\u80fd\u3057\u307e\u3059\u3002<\/p>\n<p>\u305d\u3046\u3059\u308b\u3053\u3068\u3067\u3001AMS \u306f\u91d1\u878d\u5371\u6a5f\u3068\u786c\u76f4\u7684\u306a\u9280\u884c\u653f\u7b56\u306b\u53cd\u5fdc\u3057\u3066\u304a\u308a\u3001\u305d\u306e\u7d50\u679c\u3001\u533b\u5e2b\u3084\u4ee3\u66ff\u533b\u7642\u5f93\u4e8b\u8005\u306b\u3068\u3063\u3066\u3001\u7ba1\u7406\u53ef\u80fd\u306a\u6295\u8cc7\u67a0\u7d44\u307f\u5185\u3067\u5fc5\u8981\u306a\u65b0\u305f\u306a\u6295\u8cc7\u306b\u8cc7\u91d1\u3092\u4f9b\u7d66\u3059\u308b\u3053\u3068\u304c\u307e\u3059\u307e\u3059\u56f0\u96e3\u306b\u306a\u3063\u3066\u3044\u307e\u3059\u3002<\/p>\t\t\t\t\t\t\t\t<\/div>\n\t\t\t\t<\/div>\n\t\t\t\t\t<\/div>\n\t\t<\/div>\n\t\t\t\t\t<\/div>\n\t\t<\/section>\n\t\t\t\t<section class=\"elementor-section elementor-top-section elementor-element elementor-element-51bc432 elementor-section-boxed elementor-section-height-default elementor-section-height-default\" data-id=\"51bc432\" data-element_type=\"section\" data-e-type=\"section\">\n\t\t\t\t\t\t<div class=\"elementor-container elementor-column-gap-default\">\n\t\t\t\t\t<div class=\"elementor-column elementor-col-100 elementor-top-column elementor-element elementor-element-3aad000\" data-id=\"3aad000\" data-element_type=\"column\" data-e-type=\"column\">\n\t\t\t<div class=\"elementor-widget-wrap elementor-element-populated\">\n\t\t\t\t\t\t<div class=\"elementor-element elementor-element-ff0d5aa elementor-widget elementor-widget-heading\" data-id=\"ff0d5aa\" data-element_type=\"widget\" data-e-type=\"widget\" data-widget_type=\"heading.default\">\n\t\t\t\t<div class=\"elementor-widget-container\">\n\t\t\t\t\t<h2 class=\"elementor-heading-title elementor-size-default\">\u6761\u4ef6<\/h2>\t\t\t\t<\/div>\n\t\t\t\t<\/div>\n\t\t\t\t<div class=\"elementor-element elementor-element-9045e8c elementor-widget elementor-widget-text-editor\" data-id=\"9045e8c\" data-element_type=\"widget\" data-e-type=\"widget\" data-widget_type=\"text-editor.default\">\n\t\t\t\t<div class=\"elementor-widget-container\">\n\t\t\t\t\t\t\t\t\t<p><b>\u30ea\u30fc\u30b9\u5951\u7d04\u306f\u4ee5\u4e0b\u306e\u6761\u4ef6\u306b\u57fa\u3065\u304d\u307e\u3059\u3002<\/b><\/p><ul><li>\u6700\u4f4e\u6ce8\u6587\u984d\u306f2000\u30e6\u30fc\u30ed\u3067\u3059<br \/>\uff08\u305d\u306e\u305f\u3081\u3001\u8907\u6570\u306e\u5c0f\u578b\u5bb6\u96fb\u3092\u300c\u30d1\u30c3\u30b1\u30fc\u30b8\u300d\u3068\u3057\u3066\u30ea\u30fc\u30b9\u3059\u308b\u3053\u3068\u3082\u53ef\u80fd\u3067\u3059\u3002\uff09<\/li><li>\u8cfc\u5165\u4ee3\u91d1\u306e20%\u306e\u4fdd\u8a3c\u91d1\uff08\u7279\u5225\u30ec\u30f3\u30bf\u30eb\u4ee3\u91d1\uff09\u304c\u5fc5\u8981\u3068\u306a\u308a\u307e\u3059\u3002<\/li><li>48\u30f6\u6708\u5951\u7d04\u306e\u5834\u5408\u3001\u6708\u984d\u30ea\u30fc\u30b9\u6599\u306f2.31%\uff082016\u5e7410\u67081\u65e5\u73fe\u5728\uff09\u3068\u306a\u308a\u307e\u3059\u3002\u3053\u306e\u91d1\u5229\u306f\u5951\u7d04\u671f\u9593\u5168\u4f53\u306b\u308f\u305f\u3063\u3066\u4fdd\u8a3c\u3055\u308c\u307e\u3059\u3002\u307e\u305f\u3001\u3054\u8981\u671b\u306b\u5fdc\u3058\u3066\u300136\u30f6\u6708\u300154\u30f6\u6708\u3001\u307e\u305f\u306f60\u30f6\u6708\u306e\u5951\u7d04\u671f\u9593\u3082\u3001\u91d1\u5229\u3092\u8abf\u6574\u3057\u305f\u4e0a\u3067\u3054\u5951\u7d04\u3044\u305f\u3060\u3051\u307e\u3059\u3002<\/li><li>\u5951\u7d04\u7de0\u7d50\u65e5\u306b\u91d1\u5229\u6c34\u6e96\u304c\u5927\u5e45\u306b\u5909\u52d5\u3057\u305f\u5834\u5408\u306f\u3001\u305d\u308c\u306b\u5fdc\u3058\u3066\u30ea\u30fc\u30b9\u4fc2\u6570\u304c\u8abf\u6574\u3055\u308c\u307e\u3059\u3002<\/li><\/ul>\t\t\t\t\t\t\t\t<\/div>\n\t\t\t\t<\/div>\n\t\t\t\t\t<\/div>\n\t\t<\/div>\n\t\t\t\t\t<\/div>\n\t\t<\/section>\n\t\t\t\t<section class=\"elementor-section elementor-top-section elementor-element elementor-element-ef18b62 elementor-section-boxed elementor-section-height-default elementor-section-height-default\" data-id=\"ef18b62\" data-element_type=\"section\" data-e-type=\"section\">\n\t\t\t\t\t\t<div class=\"elementor-container elementor-column-gap-default\">\n\t\t\t\t\t<div class=\"elementor-column elementor-col-100 elementor-top-column elementor-element elementor-element-1295a4f\" data-id=\"1295a4f\" data-element_type=\"column\" data-e-type=\"column\">\n\t\t\t<div class=\"elementor-widget-wrap elementor-element-populated\">\n\t\t\t\t\t\t<div class=\"elementor-element elementor-element-624a12f elementor-widget elementor-widget-heading\" data-id=\"624a12f\" data-element_type=\"widget\" data-e-type=\"widget\" data-widget_type=\"heading.default\">\n\t\t\t\t<div class=\"elementor-widget-container\">\n\t\t\t\t\t<h2 class=\"elementor-heading-title elementor-size-default\">\u4f8b<\/h2>\t\t\t\t<\/div>\n\t\t\t\t<\/div>\n\t\t\t\t<div class=\"elementor-element elementor-element-d1672a9 elementor-widget elementor-widget-text-editor\" data-id=\"d1672a9\" data-element_type=\"widget\" data-e-type=\"widget\" data-widget_type=\"text-editor.default\">\n\t\t\t\t<div class=\"elementor-widget-container\">\n\t\t\t\t\t\t\t\t\t<p><b>\u6708\u984d\u30ea\u30fc\u30b9\u6599\u306e\u8a08\u7b97\u4f8b:<\/b><br \/>\u60f3\u5b9a\u8cfc\u5165\u4fa1\u683c\uff1a4,000\u30e6\u30fc\u30ed<\/p><ul><li>\u5951\u7d04\u7de0\u7d50\u6642\u306e\u7279\u5225\u30ec\u30f3\u30bf\u30eb\u6599\u91d1\uff1a800\u30e6\u30fc\u30ed<\/li><li>\u6708\u984d\u30ea\u30fc\u30b9\u6599\uff08\u5168\u984d\u511f\u5374\uff09\uff1a2.3% x 3,200\u30e6\u30fc\u30ed = 73.60\u30e6\u30fc\u30ed<\/li><\/ul><p>\u3059\u3079\u3066\u306e\u4fa1\u683c\u306b\u306fVAT\u304c\u52a0\u7b97\u3055\u308c\u307e\u3059\u3002<\/p><p>\u3082\u3061\u308d\u3093\u3001\u7533\u3057\u5206\u306e\u306a\u3044\u4fe1\u7528\u683c\u4ed8\u3051\u304c\u524d\u63d0\u6761\u4ef6\u3068\u306a\u308a\u307e\u3059\u3002<br \/>\u671f\u9593\u7d42\u4e86\u6642\u306b\u306f\u3001\u30c7\u30d0\u30a4\u30b9\u3092\u8fd4\u5374\u3059\u308b\u304b\u3001\u6b8b\u4fa1\u3092\u652f\u6255\u3063\u3066\u5f15\u304d\u53d6\u308b\u3053\u3068\u3082\u3067\u304d\u307e\u3059\u3002<\/p><p>AMS \u3068\u304a\u5ba2\u69d8\u3068\u306e\u9593\u306e\u30ea\u30fc\u30b9\u5951\u7d04\u306b\u306f\u3001\u96a0\u308c\u305f\u30b3\u30b9\u30c8 (1 \u56de\u9650\u308a\u306e\u624b\u6570\u6599\u306a\u3069) \u306f\u767a\u751f\u3057\u307e\u305b\u3093\u3002<\/p>\t\t\t\t\t\t\t\t<\/div>\n\t\t\t\t<\/div>\n\t\t\t\t\t<\/div>\n\t\t<\/div>\n\t\t\t\t\t<\/div>\n\t\t<\/section>\n\t\t\t\t<section class=\"elementor-section elementor-top-section elementor-element elementor-element-1283af4 elementor-section-boxed elementor-section-height-default elementor-section-height-default\" data-id=\"1283af4\" data-element_type=\"section\" data-e-type=\"section\" data-settings=\"{&quot;background_background&quot;:&quot;classic&quot;}\">\n\t\t\t\t\t\t<div class=\"elementor-container elementor-column-gap-default\">\n\t\t\t\t\t<div class=\"elementor-column elementor-col-100 elementor-top-column elementor-element elementor-element-5532bed\" data-id=\"5532bed\" data-element_type=\"column\" data-e-type=\"column\">\n\t\t\t<div class=\"elementor-widget-wrap elementor-element-populated\">\n\t\t\t\t\t\t<div class=\"elementor-element elementor-element-923e69a elementor-widget elementor-widget-heading\" data-id=\"923e69a\" data-element_type=\"widget\" data-e-type=\"widget\" data-widget_type=\"heading.default\">\n\t\t\t\t<div class=\"elementor-widget-container\">\n\t\t\t\t\t<h2 class=\"elementor-heading-title elementor-size-default\">\u3054\u9023\u7d61\u304f\u3060\u3055\u3044<\/h2>\t\t\t\t<\/div>\n\t\t\t\t<\/div>\n\t\t\t\t<div class=\"elementor-element elementor-element-f5f7287 elementor-widget elementor-widget-text-editor\" data-id=\"f5f7287\" data-element_type=\"widget\" data-e-type=\"widget\" data-widget_type=\"text-editor.default\">\n\t\t\t\t<div class=\"elementor-widget-container\">\n\t\t\t\t\t\t\t\t\t<p>\u3054\u8cea\u554f\u304c\u3054\u3056\u3044\u307e\u3057\u305f\u3089\u3001\u304a\u96fb\u8a71\u304f\u3060\u3055\u3044\u3002\u559c\u3093\u3067\u304a\u624b\u4f1d\u3044\u3055\u305b\u3066\u3044\u305f\u3060\u304d\u307e\u3059\u3002<br \/><b><\/b><\/p>\t\t\t\t\t\t\t\t<\/div>\n\t\t\t\t<\/div>\n\t\t\t\t<div class=\"elementor-element elementor-element-b42ffce elementor-widget-divider--view-line elementor-widget elementor-widget-divider\" data-id=\"b42ffce\" data-element_type=\"widget\" data-e-type=\"widget\" data-widget_type=\"divider.default\">\n\t\t\t\t<div class=\"elementor-widget-container\">\n\t\t\t\t\t\t\t<div class=\"elementor-divider\">\n\t\t\t<span class=\"elementor-divider-separator\">\n\t\t\t\t\t\t<\/span>\n\t\t<\/div>\n\t\t\t\t\t\t<\/div>\n\t\t\t\t<\/div>\n\t\t\t\t<div class=\"elementor-element elementor-element-2904701 elementor-widget__width-initial elementor-widget elementor-widget-text-editor\" data-id=\"2904701\" data-element_type=\"widget\" data-e-type=\"widget\" data-widget_type=\"text-editor.default\">\n\t\t\t\t<div class=\"elementor-widget-container\">\n\t\t\t\t\t\t\t\t\t<p><strong>Advanced Medical Systems GmbH (AMS)<\/strong><br \/>Hauptstra\u00dfe 26<br \/>D-97990 \u30f4\u30a1\u30a4\u30ab\u30fc\u30b9\u30cf\u30a4\u30e0<\/p>\t\t\t\t\t\t\t\t<\/div>\n\t\t\t\t<\/div>\n\t\t\t\t<div class=\"elementor-element elementor-element-73076bd elementor-widget__width-initial elementor-widget elementor-widget-text-editor\" data-id=\"73076bd\" data-element_type=\"widget\" data-e-type=\"widget\" data-widget_type=\"text-editor.default\">\n\t\t\t\t<div class=\"elementor-widget-container\">\n\t\t\t\t\t\t\t\t\t<p>\u96fb\u8a71\uff1a <a href=\"tel:+4979349934890\" target=\"_blank\" rel=\"noopener\"><b>+49 7934 993489-0<\/b><\/a><br \/>\u30d5\u30a1\u30c3\u30af\u30b9: +49 7934 993489-44<br \/>E\u30e1\u30fc\u30eb: <a class=\"mail\" title=\"\u30e1\u30fc\u30eb\u3092\u9001\u4fe1\u3059\u308b\u305f\u3081\u306e\u30a6\u30a3\u30f3\u30c9\u30a6\u3092\u958b\u304d\u307e\u3059\" href=\"mailto:info@ams-ag.de\"><b>info@ams-ag.de<\/b><\/a><\/p>\t\t\t\t\t\t\t\t<\/div>\n\t\t\t\t<\/div>\n\t\t\t\t<div class=\"elementor-element elementor-element-8bc473a elementor-widget__width-initial elementor-widget elementor-widget-text-editor\" data-id=\"8bc473a\" data-element_type=\"widget\" data-e-type=\"widget\" data-widget_type=\"text-editor.default\">\n\t\t\t\t<div class=\"elementor-widget-container\">\n\t\t\t\t\t\t\t\t\t<p><b>\u55b6\u696d\u6642\u9593\uff1a<br><\/b>\u6708\u66dc\u65e5\uff5e\u6728\u66dc\u65e5 8:00\uff5e17:00\uff08\u4e2d\u592e\u30e8\u30fc\u30ed\u30c3\u30d1\u6642\u9593\uff09<br>\u91d1\u66dc\u65e5 8:00-14:30 \u4e2d\u592e\u30e8\u30fc\u30ed\u30c3\u30d1\u6642\u9593<\/p>\t\t\t\t\t\t\t\t<\/div>\n\t\t\t\t<\/div>\n\t\t\t\t<div class=\"elementor-element elementor-element-2db3c9a elementor-widget-divider--view-line elementor-widget elementor-widget-divider\" data-id=\"2db3c9a\" data-element_type=\"widget\" data-e-type=\"widget\" data-widget_type=\"divider.default\">\n\t\t\t\t<div class=\"elementor-widget-container\">\n\t\t\t\t\t\t\t<div class=\"elementor-divider\">\n\t\t\t<span class=\"elementor-divider-separator\">\n\t\t\t\t\t\t<\/span>\n\t\t<\/div>\n\t\t\t\t\t\t<\/div>\n\t\t\t\t<\/div>\n\t\t\t\t<div class=\"elementor-element elementor-element-ebbc769 elementor-align-left elementor-widget__width-auto elementor-widget-tablet__width-inherit elementor-widget elementor-widget-button\" data-id=\"ebbc769\" data-element_type=\"widget\" data-e-type=\"widget\" data-widget_type=\"button.default\">\n\t\t\t\t<div class=\"elementor-widget-container\">\n\t\t\t\t\t\t\t\t\t<div class=\"elementor-button-wrapper\">\n\t\t\t\t\t<a class=\"elementor-button elementor-button-link elementor-size-sm\" href=\"https:\/\/www.ams-ag.de\/ja\/%e6%8e%a5%e8%a7%a6\/%e3%82%b3%e3%83%bc%e3%83%ab%e3%83%90%e3%83%83%e3%82%af%e6%97%a5\/\">\n\t\t\t\t\t\t<span class=\"elementor-button-content-wrapper\">\n\t\t\t\t\t\t<span class=\"elementor-button-icon\">\n\t\t\t\t<i aria-hidden=\"true\" class=\"fas fa-phone\"><\/i>\t\t\t<\/span>\n\t\t\t\t\t\t\t\t\t<span class=\"elementor-button-text\">\u30b3\u30fc\u30eb\u30d0\u30c3\u30af\u65e5<\/span>\n\t\t\t\t\t<\/span>\n\t\t\t\t\t<\/a>\n\t\t\t\t<\/div>\n\t\t\t\t\t\t\t\t<\/div>\n\t\t\t\t<\/div>\n\t\t\t\t<div class=\"elementor-element elementor-element-3d6863f elementor-align-left elementor-widget__width-auto elementor-widget elementor-widget-button\" data-id=\"3d6863f\" data-element_type=\"widget\" data-e-type=\"widget\" data-widget_type=\"button.default\">\n\t\t\t\t<div class=\"elementor-widget-container\">\n\t\t\t\t\t\t\t\t\t<div class=\"elementor-button-wrapper\">\n\t\t\t\t\t<a class=\"elementor-button elementor-button-link elementor-size-sm\" href=\"https:\/\/www.ams-ag.de\/ja\/%e6%8e%a5%e8%a7%a6\/%e6%83%85%e5%a0%b1%e8%b3%87%e6%96%99\/\">\n\t\t\t\t\t\t<span class=\"elementor-button-content-wrapper\">\n\t\t\t\t\t\t<span class=\"elementor-button-icon\">\n\t\t\t\t<i aria-hidden=\"true\" class=\"fas fa-file-alt\"><\/i>\t\t\t<\/span>\n\t\t\t\t\t\t\t\t\t<span class=\"elementor-button-text\">\u6ce8\u6587\u60c5\u5831\u8cc7\u6599<\/span>\n\t\t\t\t\t<\/span>\n\t\t\t\t\t<\/a>\n\t\t\t\t<\/div>\n\t\t\t\t\t\t\t\t<\/div>\n\t\t\t\t<\/div>\n\t\t\t\t<div class=\"elementor-element elementor-element-c661d02 elementor-align-left elementor-widget__width-auto elementor-widget elementor-widget-button\" data-id=\"c661d02\" data-element_type=\"widget\" data-e-type=\"widget\" data-widget_type=\"button.default\">\n\t\t\t\t<div class=\"elementor-widget-container\">\n\t\t\t\t\t\t\t\t\t<div class=\"elementor-button-wrapper\">\n\t\t\t\t\t<a class=\"elementor-button elementor-button-link elementor-size-sm\" href=\"https:\/\/www.ams-ag.de\/ja\/%e6%8e%a5%e8%a7%a6\/%e3%83%ad%e3%82%b0%e3%82%a4%e3%83%b3%e3%82%92%e7%94%b3%e8%ab%8b%e3%81%99%e3%82%8b\/\">\n\t\t\t\t\t\t<span class=\"elementor-button-content-wrapper\">\n\t\t\t\t\t\t<span class=\"elementor-button-icon\">\n\t\t\t\t<i aria-hidden=\"true\" class=\"fas fa-user\"><\/i>\t\t\t<\/span>\n\t\t\t\t\t\t\t\t\t<span class=\"elementor-button-text\">\u30ed\u30b0\u30a4\u30f3\u3092\u30ea\u30af\u30a8\u30b9\u30c8<\/span>\n\t\t\t\t\t<\/span>\n\t\t\t\t\t<\/a>\n\t\t\t\t<\/div>\n\t\t\t\t\t\t\t\t<\/div>\n\t\t\t\t<\/div>\n\t\t\t\t<div class=\"elementor-element elementor-element-7ae93d0 elementor-align-left elementor-widget__width-auto elementor-widget elementor-widget-button\" data-id=\"7ae93d0\" data-element_type=\"widget\" data-e-type=\"widget\" data-widget_type=\"button.default\">\n\t\t\t\t<div class=\"elementor-widget-container\">\n\t\t\t\t\t\t\t\t\t<div class=\"elementor-button-wrapper\">\n\t\t\t\t\t<a class=\"elementor-button elementor-button-link elementor-size-sm\" href=\"https:\/\/www.ams-ag.de\/ja\/%e6%8e%a5%e8%a7%a6\/%e3%83%8b%e3%83%a5%e3%83%bc%e3%82%b9%e3%83%ac%e3%82%bf%e3%83%bc%e3%82%92%e8%b3%bc%e8%aa%ad%e3%81%99%e3%82%8b\/\">\n\t\t\t\t\t\t<span class=\"elementor-button-content-wrapper\">\n\t\t\t\t\t\t<span class=\"elementor-button-icon\">\n\t\t\t\t<i aria-hidden=\"true\" class=\"fas fa-envelope\"><\/i>\t\t\t<\/span>\n\t\t\t\t\t\t\t\t\t<span class=\"elementor-button-text\">\u30cb\u30e5\u30fc\u30b9\u30ec\u30bf\u30fc\u3092\u8cfc\u8aad\u3059\u308b<\/span>\n\t\t\t\t\t<\/span>\n\t\t\t\t\t<\/a>\n\t\t\t\t<\/div>\n\t\t\t\t\t\t\t\t<\/div>\n\t\t\t\t<\/div>\n\t\t\t\t\t<\/div>\n\t\t<\/div>\n\t\t\t\t\t<\/div>\n\t\t<\/section>\n\t\t\t\t<section class=\"elementor-section elementor-top-section elementor-element elementor-element-d9d4e1e elementor-section-boxed elementor-section-height-default elementor-section-height-default\" data-id=\"d9d4e1e\" data-element_type=\"section\" data-e-type=\"section\" data-settings=\"{&quot;background_background&quot;:&quot;classic&quot;}\">\n\t\t\t\t\t\t<div class=\"elementor-container elementor-column-gap-default\">\n\t\t\t\t\t<div class=\"elementor-column elementor-col-100 elementor-top-column elementor-element elementor-element-424ff3a\" data-id=\"424ff3a\" data-element_type=\"column\" data-e-type=\"column\">\n\t\t\t<div class=\"elementor-widget-wrap elementor-element-populated\">\n\t\t\t\t\t\t<div class=\"elementor-element elementor-element-3add3b4 elementor-align-right elementor-mobile-align-center elementor-widget elementor-widget-button\" data-id=\"3add3b4\" data-element_type=\"widget\" data-e-type=\"widget\" data-widget_type=\"button.default\">\n\t\t\t\t<div class=\"elementor-widget-container\">\n\t\t\t\t\t\t\t\t\t<div class=\"elementor-button-wrapper\">\n\t\t\t\t\t<a class=\"elementor-button elementor-button-link elementor-size-sm\" href=\"https:\/\/www.ams-ag.de\/ja\/ueber-ams\/\">\n\t\t\t\t\t\t<span class=\"elementor-button-content-wrapper\">\n\t\t\t\t\t\t<span class=\"elementor-button-icon\">\n\t\t\t\t<i aria-hidden=\"true\" class=\"fas fa-arrow-right\"><\/i>\t\t\t<\/span>\n\t\t\t\t\t\t\t\t\t<span class=\"elementor-button-text\">AMS\u7d4c\u7531<\/span>\n\t\t\t\t\t<\/span>\n\t\t\t\t\t<\/a>\n\t\t\t\t<\/div>\n\t\t\t\t\t\t\t\t<\/div>\n\t\t\t\t<\/div>\n\t\t\t\t\t<\/div>\n\t\t<\/div>\n\t\t\t\t\t<\/div>\n\t\t<\/section>\n\t\t\t\t<\/div>","protected":false},"excerpt":{"rendered":"<p>Leasing Unser Angebot f\u00fcr Sie Manchmal ist es einfach so: Das Geld f\u00fcr die gew\u00fcnschte Anschaffung kann nicht auf einen Schlag aufgebracht werden. Doch keine Sorge: F\u00fcr den Bereich unserer [&hellip;]<\/p>\n","protected":false},"author":1,"featured_media":0,"parent":12743,"menu_order":8,"comment_status":"closed","ping_status":"closed","template":"","meta":{"pmpro_default_level":"","footnotes":""},"class_list":["post-1381","page","type-page","status-publish","hentry","pmpro-has-access"],"_links":{"self":[{"href":"https:\/\/www.ams-ag.de\/ja\/wp-json\/wp\/v2\/pages\/1381","targetHints":{"allow":["GET"]}}],"collection":[{"href":"https:\/\/www.ams-ag.de\/ja\/wp-json\/wp\/v2\/pages"}],"about":[{"href":"https:\/\/www.ams-ag.de\/ja\/wp-json\/wp\/v2\/types\/page"}],"author":[{"embeddable":true,"href":"https:\/\/www.ams-ag.de\/ja\/wp-json\/wp\/v2\/users\/1"}],"replies":[{"embeddable":true,"href":"https:\/\/www.ams-ag.de\/ja\/wp-json\/wp\/v2\/comments?post=1381"}],"version-history":[{"count":16,"href":"https:\/\/www.ams-ag.de\/ja\/wp-json\/wp\/v2\/pages\/1381\/revisions"}],"predecessor-version":[{"id":19619,"href":"https:\/\/www.ams-ag.de\/ja\/wp-json\/wp\/v2\/pages\/1381\/revisions\/19619"}],"up":[{"embeddable":true,"href":"https:\/\/www.ams-ag.de\/ja\/wp-json\/wp\/v2\/pages\/12743"}],"wp:attachment":[{"href":"https:\/\/www.ams-ag.de\/ja\/wp-json\/wp\/v2\/media?parent=1381"}],"curies":[{"name":"wp","href":"https:\/\/api.w.org\/{rel}","templated":true}]}}