{"id":12743,"date":"2023-12-20T14:12:48","date_gmt":"2023-12-20T13:12:48","guid":{"rendered":"http:\/\/www.ams-ag.de\/?page_id=12743"},"modified":"2024-11-02T01:26:35","modified_gmt":"2024-11-02T00:26:35","slug":"%e6%83%85%e5%a0%b1","status":"publish","type":"page","link":"https:\/\/www.ams-ag.de\/ja\/informationen\/","title":{"rendered":"\u60c5\u5831"},"content":{"rendered":"<div data-elementor-type=\"wp-page\" data-elementor-id=\"12743\" class=\"elementor elementor-12743\" data-elementor-post-type=\"page\">\n\t\t\t\t\t\t<section class=\"elementor-section elementor-top-section elementor-element elementor-element-bcce8dc elementor-section-boxed elementor-section-height-default elementor-section-height-default\" data-id=\"bcce8dc\" data-element_type=\"section\" data-e-type=\"section\">\n\t\t\t\t\t\t<div class=\"elementor-container elementor-column-gap-default\">\n\t\t\t\t\t<div class=\"elementor-column elementor-col-100 elementor-top-column elementor-element elementor-element-642d8f3\" data-id=\"642d8f3\" data-element_type=\"column\" data-e-type=\"column\">\n\t\t\t<div class=\"elementor-widget-wrap elementor-element-populated\">\n\t\t\t\t\t\t<div class=\"elementor-element elementor-element-6f195d8 elementor-widget elementor-widget-heading\" data-id=\"6f195d8\" data-element_type=\"widget\" data-e-type=\"widget\" data-widget_type=\"heading.default\">\n\t\t\t\t<div class=\"elementor-widget-container\">\n\t\t\t\t\t<h1 class=\"elementor-heading-title elementor-size-default\">\u60c5\u5831<\/h1>\t\t\t\t<\/div>\n\t\t\t\t<\/div>\n\t\t\t\t<div class=\"elementor-element elementor-element-76a77216 elementor-widget elementor-widget-text-editor\" data-id=\"76a77216\" data-element_type=\"widget\" data-e-type=\"widget\" data-widget_type=\"text-editor.default\">\n\t\t\t\t<div class=\"elementor-widget-container\">\n\t\t\t\t\t\t\t\t\t<p>\u3053\u306e\u30ab\u30c6\u30b4\u30ea\u306b\u306f\u3042\u306a\u305f\u306e\u305f\u3081\u306e\u60c5\u5831\u304c\u6e80\u8f09\u3055\u308c\u3066\u3044\u307e\u3059\u3002<\/p>\n<p><b>\u3069\u3053\u3067\uff1f\u3044\u3064\uff1f\u8ab0\u304c\uff1f\u4f55\u3092\uff1f<\/b><\/p>\n<p>\u5c55\u793a\u4f1a\u3067\u5f53\u793e\u3084\u5f53\u793e\u306e\u30c7\u30d0\u30a4\u30b9\u306b\u3064\u3044\u3066\u77e5\u308a\u305f\u3044\u65b9\u3001\u307e\u305f\u306f\u5f53\u793e\u306e\u30bb\u30df\u30ca\u30fc\u306b\u3054\u53c2\u52a0\u306b\u306a\u308a\u305f\u3044\u65b9\u306f\u3001\u305c\u3072\u5f53\u793e\u307e\u3067\u304a\u8d8a\u3057\u304f\u3060\u3055\u3044\u3002\u3042\u308b\u3044\u306f\u3001\u5f53\u793e\u306e\u30c7\u30d0\u30a4\u30b9\u3092\u6271\u3046\u30bb\u30e9\u30d4\u30b9\u30c8\u3092\u304a\u63a2\u3057\u306e\u65b9\u3082\u3001\u305c\u3072\u5f53\u793e\u306b\u304a\u8d8a\u3057\u304f\u3060\u3055\u3044\u3002<br>\u3053\u308c\u3068\u305d\u306e\u4ed6\u306e\u5185\u5bb9\u306b\u3064\u3044\u3066\u306f\u4ee5\u4e0b\u3092\u3054\u89a7\u304f\u3060\u3055\u3044\u3002<\/p>\t\t\t\t\t\t\t\t<\/div>\n\t\t\t\t<\/div>\n\t\t\t\t\t<\/div>\n\t\t<\/div>\n\t\t\t\t\t<\/div>\n\t\t<\/section>\n\t\t\t\t<section class=\"elementor-section elementor-top-section elementor-element elementor-element-09d4bbc elementor-section-boxed elementor-section-height-default elementor-section-height-default\" data-id=\"09d4bbc\" data-element_type=\"section\" data-e-type=\"section\" data-settings=\"{&quot;background_background&quot;:&quot;classic&quot;}\">\n\t\t\t\t\t\t<div class=\"elementor-container elementor-column-gap-default\">\n\t\t\t\t\t<div class=\"elementor-column elementor-col-100 elementor-top-column elementor-element elementor-element-d100ed7\" data-id=\"d100ed7\" data-element_type=\"column\" data-e-type=\"column\">\n\t\t\t<div class=\"elementor-widget-wrap elementor-element-populated\">\n\t\t\t\t\t\t<div class=\"elementor-element elementor-element-a5af06f elementor-widget elementor-widget-heading\" data-id=\"a5af06f\" data-element_type=\"widget\" data-e-type=\"widget\" data-widget_type=\"heading.default\">\n\t\t\t\t<div class=\"elementor-widget-container\">\n\t\t\t\t\t<h2 class=\"elementor-heading-title elementor-size-default\">\u3054\u9023\u7d61\u304f\u3060\u3055\u3044<\/h2>\t\t\t\t<\/div>\n\t\t\t\t<\/div>\n\t\t\t\t<div class=\"elementor-element elementor-element-d261596 elementor-widget elementor-widget-text-editor\" data-id=\"d261596\" data-element_type=\"widget\" data-e-type=\"widget\" data-widget_type=\"text-editor.default\">\n\t\t\t\t<div class=\"elementor-widget-container\">\n\t\t\t\t\t\t\t\t\t<p>\u3055\u3089\u306b\u8a73\u3057\u3044\u60c5\u5831\u3084\u30a2\u30c9\u30d0\u30a4\u30b9\u304c\u5fc5\u8981\u306a\u5834\u5408\u306f\u3001\u304a\u6c17\u8efd\u306b\u304a\u554f\u3044\u5408\u308f\u305b\u304f\u3060\u3055\u3044\u3002\u304a\u96fb\u8a71\u307e\u305f\u306f\u30e1\u30fc\u30eb\u3067\u304a\u6c17\u8efd\u306b\u3054\u8cea\u554f\u304f\u3060\u3055\u3044\u3002<\/p><p>\u559c\u3093\u3067\u304a\u624b\u4f1d\u3044\u3055\u305b\u3066\u3044\u305f\u3060\u304d\u307e\u3059\u3002<\/p>\t\t\t\t\t\t\t\t<\/div>\n\t\t\t\t<\/div>\n\t\t\t\t<div class=\"elementor-element elementor-element-ee5e693 elementor-widget-divider--view-line elementor-widget elementor-widget-divider\" data-id=\"ee5e693\" data-element_type=\"widget\" data-e-type=\"widget\" data-widget_type=\"divider.default\">\n\t\t\t\t<div class=\"elementor-widget-container\">\n\t\t\t\t\t\t\t<div class=\"elementor-divider\">\n\t\t\t<span class=\"elementor-divider-separator\">\n\t\t\t\t\t\t<\/span>\n\t\t<\/div>\n\t\t\t\t\t\t<\/div>\n\t\t\t\t<\/div>\n\t\t\t\t<div class=\"elementor-element elementor-element-33d980f elementor-widget__width-initial elementor-widget elementor-widget-text-editor\" data-id=\"33d980f\" data-element_type=\"widget\" data-e-type=\"widget\" data-widget_type=\"text-editor.default\">\n\t\t\t\t<div class=\"elementor-widget-container\">\n\t\t\t\t\t\t\t\t\t<p><strong>Advanced Medical Systems GmbH (AMS)<\/strong><br \/>Hauptstra\u00dfe 26<br \/>D-97990 \u30f4\u30a1\u30a4\u30ab\u30fc\u30b9\u30cf\u30a4\u30e0<\/p>\t\t\t\t\t\t\t\t<\/div>\n\t\t\t\t<\/div>\n\t\t\t\t<div class=\"elementor-element elementor-element-1be7878 elementor-widget__width-initial elementor-widget elementor-widget-text-editor\" data-id=\"1be7878\" data-element_type=\"widget\" data-e-type=\"widget\" data-widget_type=\"text-editor.default\">\n\t\t\t\t<div class=\"elementor-widget-container\">\n\t\t\t\t\t\t\t\t\t<p>\u96fb\u8a71\uff1a <a href=\"tel:+4979349934890\" target=\"_blank\" rel=\"noopener\"><b>+49 7934 993489-0<\/b><\/a><br>\n\u30d5\u30a1\u30c3\u30af\u30b9: +49 7934 993489-44<br>\nE\u30e1\u30fc\u30eb: <a class=\"mail\" title=\"\u30e1\u30fc\u30eb\u3092\u9001\u4fe1\u3059\u308b\u305f\u3081\u306e\u30a6\u30a3\u30f3\u30c9\u30a6\u3092\u958b\u304d\u307e\u3059\" href=\"mailto:info@ams-ag.de\"><b>info@ams-ag.de<\/b><\/a><\/p>\t\t\t\t\t\t\t\t<\/div>\n\t\t\t\t<\/div>\n\t\t\t\t<div class=\"elementor-element elementor-element-7362b0b elementor-widget__width-initial elementor-widget elementor-widget-text-editor\" data-id=\"7362b0b\" data-element_type=\"widget\" data-e-type=\"widget\" data-widget_type=\"text-editor.default\">\n\t\t\t\t<div class=\"elementor-widget-container\">\n\t\t\t\t\t\t\t\t\t<p><b>\u55b6\u696d\u6642\u9593\uff1a<br \/><\/b>\u6708\u66dc\u65e5\uff5e\u6728\u66dc\u65e5 8:00\uff5e17:00\uff08\u4e2d\u592e\u30e8\u30fc\u30ed\u30c3\u30d1\u6642\u9593\uff09<br \/>\u91d1\u66dc\u65e5 8:00-14:30 \u4e2d\u592e\u30e8\u30fc\u30ed\u30c3\u30d1\u6642\u9593<\/p>\t\t\t\t\t\t\t\t<\/div>\n\t\t\t\t<\/div>\n\t\t\t\t<div class=\"elementor-element elementor-element-ff3a6f2 elementor-widget-divider--view-line elementor-widget elementor-widget-divider\" data-id=\"ff3a6f2\" data-element_type=\"widget\" data-e-type=\"widget\" data-widget_type=\"divider.default\">\n\t\t\t\t<div class=\"elementor-widget-container\">\n\t\t\t\t\t\t\t<div class=\"elementor-divider\">\n\t\t\t<span class=\"elementor-divider-separator\">\n\t\t\t\t\t\t<\/span>\n\t\t<\/div>\n\t\t\t\t\t\t<\/div>\n\t\t\t\t<\/div>\n\t\t\t\t<div class=\"elementor-element elementor-element-3f76b96 elementor-align-left elementor-widget__width-auto elementor-widget-tablet__width-inherit elementor-widget elementor-widget-button\" data-id=\"3f76b96\" data-element_type=\"widget\" data-e-type=\"widget\" data-widget_type=\"button.default\">\n\t\t\t\t<div class=\"elementor-widget-container\">\n\t\t\t\t\t\t\t\t\t<div class=\"elementor-button-wrapper\">\n\t\t\t\t\t<a class=\"elementor-button elementor-button-link elementor-size-sm\" href=\"https:\/\/www.ams-ag.de\/ja\/%e6%8e%a5%e8%a7%a6\/%e3%82%b3%e3%83%bc%e3%83%ab%e3%83%90%e3%83%83%e3%82%af%e6%97%a5\/\">\n\t\t\t\t\t\t<span class=\"elementor-button-content-wrapper\">\n\t\t\t\t\t\t<span class=\"elementor-button-icon\">\n\t\t\t\t<i aria-hidden=\"true\" class=\"fas fa-phone\"><\/i>\t\t\t<\/span>\n\t\t\t\t\t\t\t\t\t<span class=\"elementor-button-text\">\u30b3\u30fc\u30eb\u30d0\u30c3\u30af\u65e5<\/span>\n\t\t\t\t\t<\/span>\n\t\t\t\t\t<\/a>\n\t\t\t\t<\/div>\n\t\t\t\t\t\t\t\t<\/div>\n\t\t\t\t<\/div>\n\t\t\t\t<div class=\"elementor-element elementor-element-215835c elementor-align-left elementor-widget__width-auto elementor-widget elementor-widget-button\" data-id=\"215835c\" data-element_type=\"widget\" data-e-type=\"widget\" data-widget_type=\"button.default\">\n\t\t\t\t<div class=\"elementor-widget-container\">\n\t\t\t\t\t\t\t\t\t<div class=\"elementor-button-wrapper\">\n\t\t\t\t\t<a class=\"elementor-button elementor-button-link elementor-size-sm\" href=\"https:\/\/www.ams-ag.de\/ja\/%e6%8e%a5%e8%a7%a6\/%e6%83%85%e5%a0%b1%e8%b3%87%e6%96%99\/\">\n\t\t\t\t\t\t<span class=\"elementor-button-content-wrapper\">\n\t\t\t\t\t\t<span class=\"elementor-button-icon\">\n\t\t\t\t<i aria-hidden=\"true\" class=\"fas fa-file-alt\"><\/i>\t\t\t<\/span>\n\t\t\t\t\t\t\t\t\t<span class=\"elementor-button-text\">\u6ce8\u6587\u60c5\u5831\u8cc7\u6599<\/span>\n\t\t\t\t\t<\/span>\n\t\t\t\t\t<\/a>\n\t\t\t\t<\/div>\n\t\t\t\t\t\t\t\t<\/div>\n\t\t\t\t<\/div>\n\t\t\t\t<div class=\"elementor-element elementor-element-54a5c89 elementor-align-left elementor-widget__width-auto elementor-widget elementor-widget-button\" data-id=\"54a5c89\" data-element_type=\"widget\" data-e-type=\"widget\" data-widget_type=\"button.default\">\n\t\t\t\t<div class=\"elementor-widget-container\">\n\t\t\t\t\t\t\t\t\t<div class=\"elementor-button-wrapper\">\n\t\t\t\t\t<a class=\"elementor-button elementor-button-link elementor-size-sm\" href=\"https:\/\/www.ams-ag.de\/ja\/%e6%8e%a5%e8%a7%a6\/%e3%83%ad%e3%82%b0%e3%82%a4%e3%83%b3%e3%82%92%e7%94%b3%e8%ab%8b%e3%81%99%e3%82%8b\/\">\n\t\t\t\t\t\t<span class=\"elementor-button-content-wrapper\">\n\t\t\t\t\t\t<span class=\"elementor-button-icon\">\n\t\t\t\t<i aria-hidden=\"true\" class=\"fas fa-user\"><\/i>\t\t\t<\/span>\n\t\t\t\t\t\t\t\t\t<span class=\"elementor-button-text\">\u30ed\u30b0\u30a4\u30f3\u3092\u30ea\u30af\u30a8\u30b9\u30c8<\/span>\n\t\t\t\t\t<\/span>\n\t\t\t\t\t<\/a>\n\t\t\t\t<\/div>\n\t\t\t\t\t\t\t\t<\/div>\n\t\t\t\t<\/div>\n\t\t\t\t<div class=\"elementor-element elementor-element-fa0d191 elementor-align-left elementor-widget__width-auto elementor-widget elementor-widget-button\" data-id=\"fa0d191\" data-element_type=\"widget\" data-e-type=\"widget\" data-widget_type=\"button.default\">\n\t\t\t\t<div class=\"elementor-widget-container\">\n\t\t\t\t\t\t\t\t\t<div class=\"elementor-button-wrapper\">\n\t\t\t\t\t<a class=\"elementor-button elementor-button-link elementor-size-sm\" href=\"https:\/\/www.ams-ag.de\/ja\/%e6%8e%a5%e8%a7%a6\/%e3%83%8b%e3%83%a5%e3%83%bc%e3%82%b9%e3%83%ac%e3%82%bf%e3%83%bc%e3%82%92%e8%b3%bc%e8%aa%ad%e3%81%99%e3%82%8b\/\">\n\t\t\t\t\t\t<span class=\"elementor-button-content-wrapper\">\n\t\t\t\t\t\t<span class=\"elementor-button-icon\">\n\t\t\t\t<i aria-hidden=\"true\" class=\"fas fa-envelope\"><\/i>\t\t\t<\/span>\n\t\t\t\t\t\t\t\t\t<span class=\"elementor-button-text\">\u30cb\u30e5\u30fc\u30b9\u30ec\u30bf\u30fc\u3092\u8cfc\u8aad\u3059\u308b<\/span>\n\t\t\t\t\t<\/span>\n\t\t\t\t\t<\/a>\n\t\t\t\t<\/div>\n\t\t\t\t\t\t\t\t<\/div>\n\t\t\t\t<\/div>\n\t\t\t\t\t<\/div>\n\t\t<\/div>\n\t\t\t\t\t<\/div>\n\t\t<\/section>\n\t\t\t\t<section class=\"elementor-section elementor-top-section elementor-element elementor-element-ef04ff7 elementor-section-boxed elementor-section-height-default elementor-section-height-default\" data-id=\"ef04ff7\" data-element_type=\"section\" data-e-type=\"section\">\n\t\t\t\t\t\t<div class=\"elementor-container elementor-column-gap-default\">\n\t\t\t\t\t<div class=\"elementor-column elementor-col-100 elementor-top-column elementor-element elementor-element-e0bddea\" data-id=\"e0bddea\" data-element_type=\"column\" data-e-type=\"column\">\n\t\t\t<div class=\"elementor-widget-wrap elementor-element-populated\">\n\t\t\t\t\t\t<div class=\"elementor-element elementor-element-5fb3d82 elementor-widget elementor-widget-heading\" data-id=\"5fb3d82\" data-element_type=\"widget\" data-e-type=\"widget\" data-widget_type=\"heading.default\">\n\t\t\t\t<div class=\"elementor-widget-container\">\n\t\t\t\t\t<h2 class=\"elementor-heading-title elementor-size-default\">\u4ee5\u4e0b\u306e\u30ab\u30c6\u30b4\u30ea\u3092\u53c2\u7167\u3067\u304d\u307e\u3059\u3002<\/h2>\t\t\t\t<\/div>\n\t\t\t\t<\/div>\n\t\t\t\t<div class=\"elementor-element elementor-element-3008612a elementor-widget elementor-widget-text-editor\" data-id=\"3008612a\" data-element_type=\"widget\" data-e-type=\"widget\" data-widget_type=\"text-editor.default\">\n\t\t\t\t<div class=\"elementor-widget-container\">\n\t\t\t\t\t\t\t\t\t<ul>\n<li><b><a href=\"https:\/\/www.ams-ag.de\/ja\/%e6%83%85%e5%a0%b1\/%e3%83%8b%e3%83%a5%e3%83%bc%e3%82%b9%e3%83%ac%e3%82%bf%e3%83%bc\/\">\u30cb\u30e5\u30fc\u30b9\u30ec\u30bf\u30fc<\/a><\/b><br>\n\u898b\u9003\u3057\u305f\u30cb\u30e5\u30fc\u30b9\u30ec\u30bf\u30fc\u3092\u8aad\u3093\u3067\u304f\u3060\u3055\u3044\u3002<\/li>\n<li><a href=\"https:\/\/www.ams-ag.de\/ja\/%e6%83%85%e5%a0%b1\/%e3%82%a2%e3%82%b3%e3%83%a0\/\"><b>AKOM<\/b><\/a><br>\n\u30ed\u30b0\u30a4\u30f3\u3092\u7533\u8acb\u3057\u3066\u3001AKOM \u3092\u3053\u3053\u3067\u7121\u6599\u3067\u8aad\u3093\u3067\u304f\u3060\u3055\u3044\u3002<\/li>\n<li><b><a href=\"https:\/\/www.ams-ag.de\/ja\/%e6%83%85%e5%a0%b1\/%e3%82%bb%e3%83%a9%e3%83%94%e3%82%b9%e3%83%88%e3%82%92%e6%8e%a2%e3%81%99\/\">\u30bb\u30e9\u30d4\u30b9\u30c8\u3092\u63a2\u3059<\/a><br>\n<\/b>\u826f\u3044\u30bb\u30e9\u30d4\u30b9\u30c8\u3092\u898b\u3064\u3051\u308b\u306e\u306f\u7c21\u5358\u3067\u306f\u3042\u308a\u307e\u305b\u3093\u3002\u3053\u3053\u3067\u306f\u3001\u5f53\u793e\u306e\u88fd\u54c1\u30e9\u30a4\u30f3\u30ca\u30c3\u30d7\u306e\u30c7\u30d0\u30a4\u30b9\u3092\u6271\u3046\u30bb\u30e9\u30d4\u30b9\u30c8\u306e\u30ea\u30b9\u30c8\u3092\u3054\u7d39\u4ecb\u3057\u307e\u3059\u3002<b><\/b><\/li>\n<li><a href=\"https:\/\/www.ams-ag.de\/ja\/%e6%83%85%e5%a0%b1\/%e7%b5%8c%e9%a8%93\/\"><b>\u4f53\u9a13\u8ac7<\/b><\/a><br>\n\u7d4c\u9a13\u8c4a\u5bcc\u306a\u30bb\u30e9\u30d4\u30b9\u30c8\u304c\u7acb\u5834\u3092\u8868\u660e \u2013 \u9577\u5e74\u306e\u30af\u30e9\u30a4\u30a2\u30f3\u30c8\u304b\u3089\u306e\u767a\u8a00\u3092\u3053\u3053\u3067\u304a\u8aad\u307f\u304f\u3060\u3055\u3044\u3002<b><\/b><\/li>\n<li><a href=\"https:\/\/www.ams-ag.de\/ja\/%e6%83%85%e5%a0%b1\/%e3%83%aa%e3%83%bc%e3%82%b9\/\"><b>\u30ea\u30fc\u30b9<\/b><\/a><br>\n\u6b21\u306e\u60c5\u5831\u3082\u3054\u8a18\u5165\u304f\u3060\u3055\u3044: \u5f53\u793e\u306e\u5927\u578b\u5bb6\u96fb\u88fd\u54c1\u3092\u8cfc\u5165\u3057\u305f\u3044\u306e\u3067\u3059\u304c\u3001\u5168\u984d\u3092\u4e00\u5ea6\u306b\u652f\u6255\u3046\u4f59\u88d5\u304c\u3042\u308a\u307e\u305b\u3093\u304b?<br>\n\u5fc3\u914d\u306a\u3044\uff1a <b>\u5f53\u793e\u304b\u3089\u30c7\u30d0\u30a4\u30b9\u3092\u30ea\u30fc\u30b9\u3059\u308b\u3053\u3068\u3082\u3067\u304d\u307e\u3059\u3002<\/b> \u6761\u4ef6\u306e\u8a73\u7d30\u306b\u3064\u3044\u3066\u306f\u3001\u3053\u3061\u3089\u3092\u3054\u89a7\u304f\u3060\u3055\u3044\u3002<b><\/b><\/li>\n<li><a href=\"https:\/\/www.ams-ag.de\/ja\/%e6%83%85%e5%a0%b1\/%e3%83%80%e3%82%a6%e3%83%b3%e3%83%ad%e3%83%bc%e3%83%89\/\"><b>\u30c0\u30a6\u30f3\u30ed\u30fc\u30c9<\/b><\/a><br>\n\u5f53\u30a6\u30a7\u30d6\u30b5\u30a4\u30c8\u304b\u3089\u30c0\u30a6\u30f3\u30ed\u30fc\u30c9\u53ef\u80fd\u306a\u3059\u3079\u3066\u306e\u6587\u66f8\u30921\u30da\u30fc\u30b8\u306b\u307e\u3068\u3081\u307e\u3057\u305f\u3002\u5404\u6587\u66f8\u306f\u3001\u3053\u306e\u30bb\u30af\u30b7\u30e7\u30f3\u304b\u3089PDF\u30d5\u30a1\u30a4\u30eb\u3068\u3057\u3066\u30c0\u30a6\u30f3\u30ed\u30fc\u30c9\u3067\u304d\u307e\u3059\u3002<\/li>\n<\/ul>\t\t\t\t\t\t\t\t<\/div>\n\t\t\t\t<\/div>\n\t\t\t\t\t<\/div>\n\t\t<\/div>\n\t\t\t\t\t<\/div>\n\t\t<\/section>\n\t\t\t\t<section class=\"elementor-section elementor-top-section elementor-element elementor-element-a4536b3 elementor-section-boxed elementor-section-height-default elementor-section-height-default\" data-id=\"a4536b3\" data-element_type=\"section\" data-e-type=\"section\" data-settings=\"{&quot;background_background&quot;:&quot;classic&quot;}\">\n\t\t\t\t\t\t<div class=\"elementor-container elementor-column-gap-default\">\n\t\t\t\t\t<div class=\"elementor-column elementor-col-100 elementor-top-column elementor-element elementor-element-a400958\" data-id=\"a400958\" data-element_type=\"column\" data-e-type=\"column\">\n\t\t\t<div class=\"elementor-widget-wrap elementor-element-populated\">\n\t\t\t\t\t\t<div class=\"elementor-element elementor-element-bc7e977 elementor-align-right elementor-mobile-align-center elementor-widget elementor-widget-button\" data-id=\"bc7e977\" data-element_type=\"widget\" data-e-type=\"widget\" data-widget_type=\"button.default\">\n\t\t\t\t<div class=\"elementor-widget-container\">\n\t\t\t\t\t\t\t\t\t<div class=\"elementor-button-wrapper\">\n\t\t\t\t\t<a class=\"elementor-button elementor-button-link elementor-size-sm\" href=\"https:\/\/www.ams-ag.de\/ja\/informationen\/newsletter\/\">\n\t\t\t\t\t\t<span class=\"elementor-button-content-wrapper\">\n\t\t\t\t\t\t<span class=\"elementor-button-icon\">\n\t\t\t\t<i aria-hidden=\"true\" class=\"fas fa-arrow-right\"><\/i>\t\t\t<\/span>\n\t\t\t\t\t\t\t\t\t<span class=\"elementor-button-text\">\u30cb\u30e5\u30fc\u30b9\u30ec\u30bf\u30fc<\/span>\n\t\t\t\t\t<\/span>\n\t\t\t\t\t<\/a>\n\t\t\t\t<\/div>\n\t\t\t\t\t\t\t\t<\/div>\n\t\t\t\t<\/div>\n\t\t\t\t\t<\/div>\n\t\t<\/div>\n\t\t\t\t\t<\/div>\n\t\t<\/section>\n\t\t\t\t<\/div>","protected":false},"excerpt":{"rendered":"<p>Informationen Diese Kategorie haben wir f\u00fcr Sie angef\u00fcllt mit Informationen. Wo? Wann? Wer? Was? Sie sind hier genau richtig, wenn Sie uns und unsere Ger\u00e4te einmal auf einer Messe kennenlernen [&hellip;]<\/p>\n","protected":false},"author":1,"featured_media":0,"parent":0,"menu_order":4,"comment_status":"closed","ping_status":"closed","template":"","meta":{"pmpro_default_level":"","footnotes":""},"class_list":["post-12743","page","type-page","status-publish","hentry","pmpro-has-access"],"_links":{"self":[{"href":"https:\/\/www.ams-ag.de\/ja\/wp-json\/wp\/v2\/pages\/12743","targetHints":{"allow":["GET"]}}],"collection":[{"href":"https:\/\/www.ams-ag.de\/ja\/wp-json\/wp\/v2\/pages"}],"about":[{"href":"https:\/\/www.ams-ag.de\/ja\/wp-json\/wp\/v2\/types\/page"}],"author":[{"embeddable":true,"href":"https:\/\/www.ams-ag.de\/ja\/wp-json\/wp\/v2\/users\/1"}],"replies":[{"embeddable":true,"href":"https:\/\/www.ams-ag.de\/ja\/wp-json\/wp\/v2\/comments?post=12743"}],"version-history":[{"count":39,"href":"https:\/\/www.ams-ag.de\/ja\/wp-json\/wp\/v2\/pages\/12743\/revisions"}],"predecessor-version":[{"id":18667,"href":"https:\/\/www.ams-ag.de\/ja\/wp-json\/wp\/v2\/pages\/12743\/revisions\/18667"}],"wp:attachment":[{"href":"https:\/\/www.ams-ag.de\/ja\/wp-json\/wp\/v2\/media?parent=12743"}],"curies":[{"name":"wp","href":"https:\/\/api.w.org\/{rel}","templated":true}]}}