{"id":6493,"date":"2023-09-29T21:13:19","date_gmt":"2023-09-29T19:13:19","guid":{"rendered":"http:\/\/www.ams-ag.de\/?page_id=6493"},"modified":"2025-03-22T01:40:42","modified_gmt":"2025-03-22T00:40:42","slug":"filtro-di-ricambio-purwater-pro","status":"publish","type":"page","link":"https:\/\/www.ams-ag.de\/it\/produkte\/heimbedarf\/wasseraufbereitung\/ersatzfilter-purwater-pro\/","title":{"rendered":"Filtro di ricambio PURWATER pro"},"content":{"rendered":"<div data-elementor-type=\"wp-page\" data-elementor-id=\"6493\" class=\"elementor elementor-6493\" data-elementor-post-type=\"page\">\n\t\t\t\t\t\t<section class=\"elementor-section elementor-top-section elementor-element elementor-element-d8f1a38 elementor-section-boxed elementor-section-height-default elementor-section-height-default\" data-id=\"d8f1a38\" data-element_type=\"section\" data-e-type=\"section\">\n\t\t\t\t\t\t<div class=\"elementor-container elementor-column-gap-default\">\n\t\t\t\t\t<div class=\"elementor-column elementor-col-100 elementor-top-column elementor-element elementor-element-12ab49c\" data-id=\"12ab49c\" data-element_type=\"column\" data-e-type=\"column\">\n\t\t\t<div class=\"elementor-widget-wrap elementor-element-populated\">\n\t\t\t\t\t\t<div class=\"elementor-element elementor-element-174879a elementor-widget elementor-widget-heading\" data-id=\"174879a\" data-element_type=\"widget\" data-e-type=\"widget\" data-widget_type=\"heading.default\">\n\t\t\t\t<div class=\"elementor-widget-container\">\n\t\t\t\t\t<h2 class=\"elementor-heading-title elementor-size-default\">Filtro di ricambio PURWATER pro<\/h2>\t\t\t\t<\/div>\n\t\t\t\t<\/div>\n\t\t\t\t<div class=\"elementor-element elementor-element-821918e elementor-widget elementor-widget-button\" data-id=\"821918e\" data-element_type=\"widget\" data-e-type=\"widget\" data-widget_type=\"button.default\">\n\t\t\t\t<div class=\"elementor-widget-container\">\n\t\t\t\t\t\t\t\t\t<div class=\"elementor-button-wrapper\">\n\t\t\t\t\t<a class=\"elementor-button elementor-button-link elementor-size-sm\" href=\"http:\/\/ams-onlineshop.de\/produkt-kategorie\/heimbedarf\/wasseraufbereitung\/purwater-pro\/\" target=\"_blank\">\n\t\t\t\t\t\t<span class=\"elementor-button-content-wrapper\">\n\t\t\t\t\t\t<span class=\"elementor-button-icon\">\n\t\t\t\t<i aria-hidden=\"true\" class=\"fas fa-arrow-right\"><\/i>\t\t\t<\/span>\n\t\t\t\t\t\t\t\t\t<span class=\"elementor-button-text\">Filtri di ricambio in negozio<\/span>\n\t\t\t\t\t<\/span>\n\t\t\t\t\t<\/a>\n\t\t\t\t<\/div>\n\t\t\t\t\t\t\t\t<\/div>\n\t\t\t\t<\/div>\n\t\t\t\t<div class=\"elementor-element elementor-element-d372367 elementor-widget__width-auto elementor-widget elementor-widget-heading\" data-id=\"d372367\" data-element_type=\"widget\" data-e-type=\"widget\" data-widget_type=\"heading.default\">\n\t\t\t\t<div class=\"elementor-widget-container\">\n\t\t\t\t\t<span class=\"elementor-heading-title elementor-size-default\">Disponibile solo in: Germania, Austria, Svizzera<\/span>\t\t\t\t<\/div>\n\t\t\t\t<\/div>\n\t\t\t\t\t<\/div>\n\t\t<\/div>\n\t\t\t\t\t<\/div>\n\t\t<\/section>\n\t\t\t\t<section class=\"elementor-section elementor-top-section elementor-element elementor-element-3a1e3e9 elementor-section-boxed elementor-section-height-default elementor-section-height-default\" data-id=\"3a1e3e9\" data-element_type=\"section\" data-e-type=\"section\">\n\t\t\t\t\t\t<div class=\"elementor-container elementor-column-gap-default\">\n\t\t\t\t\t<div class=\"elementor-column elementor-col-100 elementor-top-column elementor-element elementor-element-743eda9\" data-id=\"743eda9\" data-element_type=\"column\" data-e-type=\"column\">\n\t\t\t<div class=\"elementor-widget-wrap elementor-element-populated\">\n\t\t\t\t\t\t<div class=\"elementor-element elementor-element-aa901bc elementor-widget elementor-widget-heading\" data-id=\"aa901bc\" data-element_type=\"widget\" data-e-type=\"widget\" data-widget_type=\"heading.default\">\n\t\t\t\t<div class=\"elementor-widget-container\">\n\t\t\t\t\t<h2 class=\"elementor-heading-title elementor-size-default\">Buone notizie e cattive notizie...<\/h2>\t\t\t\t<\/div>\n\t\t\t\t<\/div>\n\t\t\t\t<div class=\"elementor-element elementor-element-d5e7fed elementor-widget elementor-widget-text-editor\" data-id=\"d5e7fed\" data-element_type=\"widget\" data-e-type=\"widget\" data-widget_type=\"text-editor.default\">\n\t\t\t\t<div class=\"elementor-widget-container\">\n\t\t\t\t\t\t\t\t\t<p><b>Innanzitutto il lato negativo:<br>\n<\/b>Purtroppo il nostro PURWATER pro, il dispositivo per il trattamento dell&#039;acqua che vendiamo da tempo, non \u00e8 pi\u00f9 disponibile. La sua produzione \u00e8 stata interrotta e ora abbiamo venduto l&#039;ultimo dei nostri dispositivi.<\/p>\n<p><b>La buona notizia \u00e8:<br>\n<\/b>Se possiedi un dispositivo PURWATER pro, non devi preoccuparti delle modifiche del filtro nel corso della sua vita. I filtri sono e rimarranno disponibili. Questo perch\u00e9 oltre all&#039;PURWATER pro ci sono anche altri apparecchi dotati di questi filtri - quindi la cessazione della produzione dell&#039;apparecchio PURWATER pro non ha nulla a che fare con la disponibilit\u00e0 dei filtri.<\/p>\n<p><b>Un&#039;altra buona notizia:<br>\n<\/b>Se non hai ancora un dispositivo per il trattamento dell&#039;acqua o vuoi consigliarlo a qualcuno, abbiamo gi\u00e0 quello che fa per te.<\/p>\n<p>Con spring-time\u00ae420 pro abbiamo aggiunto alla nostra gamma di prodotti un nuovo dispositivo per il trattamento dell&#039;acqua.<\/p>\n<p>Dopo un&#039;intensa ricerca, siamo molto felici di aver trovato un nuovo partner di cooperazione:<br>\nL&#039;azienda aqua living, uno dei principali fornitori di sistemi di depurazione dell&#039;acqua prodotti esclusivamente in Germania.<\/p>\n<p>Per maggiori informazioni clicca qui:<\/p>\n<p><a href=\"https:\/\/www.ams-ag.de\/it\/prodotti\/forniture-per-la-casa\/trattamento-dellacqua\/tempo-di-primavera420-pro\/\"><b>spring-time\u00ae420 pro<\/b><\/a><\/p>\t\t\t\t\t\t\t\t<\/div>\n\t\t\t\t<\/div>\n\t\t\t\t<div class=\"elementor-element elementor-element-541aa02 elementor-widget elementor-widget-button\" data-id=\"541aa02\" data-element_type=\"widget\" data-e-type=\"widget\" data-widget_type=\"button.default\">\n\t\t\t\t<div class=\"elementor-widget-container\">\n\t\t\t\t\t\t\t\t\t<div class=\"elementor-button-wrapper\">\n\t\t\t\t\t<a class=\"elementor-button elementor-button-link elementor-size-sm\" href=\"http:\/\/ams-onlineshop.de\/produkt-kategorie\/heimbedarf\/wasseraufbereitung\/purwater-pro\/\" target=\"_blank\">\n\t\t\t\t\t\t<span class=\"elementor-button-content-wrapper\">\n\t\t\t\t\t\t<span class=\"elementor-button-icon\">\n\t\t\t\t<i aria-hidden=\"true\" class=\"fas fa-arrow-right\"><\/i>\t\t\t<\/span>\n\t\t\t\t\t\t\t\t\t<span class=\"elementor-button-text\">Filtri di ricambio in negozio<\/span>\n\t\t\t\t\t<\/span>\n\t\t\t\t\t<\/a>\n\t\t\t\t<\/div>\n\t\t\t\t\t\t\t\t<\/div>\n\t\t\t\t<\/div>\n\t\t\t\t\t<\/div>\n\t\t<\/div>\n\t\t\t\t\t<\/div>\n\t\t<\/section>\n\t\t\t\t<section class=\"elementor-section elementor-top-section elementor-element elementor-element-1784d46 elementor-section-boxed elementor-section-height-default elementor-section-height-default\" data-id=\"1784d46\" data-element_type=\"section\" data-e-type=\"section\" data-settings=\"{&quot;background_background&quot;:&quot;classic&quot;}\">\n\t\t\t\t\t\t<div class=\"elementor-container elementor-column-gap-default\">\n\t\t\t\t\t<div class=\"elementor-column elementor-col-100 elementor-top-column elementor-element elementor-element-a0f2297\" data-id=\"a0f2297\" data-element_type=\"column\" data-e-type=\"column\">\n\t\t\t<div class=\"elementor-widget-wrap elementor-element-populated\">\n\t\t\t\t\t\t<div class=\"elementor-element elementor-element-d6b214c elementor-align-right elementor-mobile-align-center elementor-widget elementor-widget-button\" data-id=\"d6b214c\" data-element_type=\"widget\" data-e-type=\"widget\" data-widget_type=\"button.default\">\n\t\t\t\t<div class=\"elementor-widget-container\">\n\t\t\t\t\t\t\t\t\t<div class=\"elementor-button-wrapper\">\n\t\t\t\t\t<a class=\"elementor-button elementor-button-link elementor-size-sm\" href=\"https:\/\/www.ams-ag.de\/it\/veranstaltungen-und-termine\/\">\n\t\t\t\t\t\t<span class=\"elementor-button-content-wrapper\">\n\t\t\t\t\t\t<span class=\"elementor-button-icon\">\n\t\t\t\t<i aria-hidden=\"true\" class=\"fas fa-arrow-right\"><\/i>\t\t\t<\/span>\n\t\t\t\t\t\t\t\t\t<span class=\"elementor-button-text\">Eventi e date<\/span>\n\t\t\t\t\t<\/span>\n\t\t\t\t\t<\/a>\n\t\t\t\t<\/div>\n\t\t\t\t\t\t\t\t<\/div>\n\t\t\t\t<\/div>\n\t\t\t\t\t<\/div>\n\t\t<\/div>\n\t\t\t\t\t<\/div>\n\t\t<\/section>\n\t\t\t\t<\/div>","protected":false},"excerpt":{"rendered":"<p>Ersatzfilter PURWATER pro Ersatzfilter im Shop Nur verf\u00fcgbar in: Deutschland, \u00d6sterreich, Schweiz Eine gute und eine schlechte Nachricht &#8230; Zuerst die schlechte: Unser PURWATER pro, das Wasseraufbereitungsger\u00e4t, das wir \u00fcber [&hellip;]<\/p>\n","protected":false},"author":1,"featured_media":0,"parent":3990,"menu_order":8,"comment_status":"closed","ping_status":"closed","template":"","meta":{"pmpro_default_level":"","footnotes":""},"class_list":["post-6493","page","type-page","status-publish","hentry","pmpro-has-access"],"_links":{"self":[{"href":"https:\/\/www.ams-ag.de\/it\/wp-json\/wp\/v2\/pages\/6493","targetHints":{"allow":["GET"]}}],"collection":[{"href":"https:\/\/www.ams-ag.de\/it\/wp-json\/wp\/v2\/pages"}],"about":[{"href":"https:\/\/www.ams-ag.de\/it\/wp-json\/wp\/v2\/types\/page"}],"author":[{"embeddable":true,"href":"https:\/\/www.ams-ag.de\/it\/wp-json\/wp\/v2\/users\/1"}],"replies":[{"embeddable":true,"href":"https:\/\/www.ams-ag.de\/it\/wp-json\/wp\/v2\/comments?post=6493"}],"version-history":[{"count":12,"href":"https:\/\/www.ams-ag.de\/it\/wp-json\/wp\/v2\/pages\/6493\/revisions"}],"predecessor-version":[{"id":18664,"href":"https:\/\/www.ams-ag.de\/it\/wp-json\/wp\/v2\/pages\/6493\/revisions\/18664"}],"up":[{"embeddable":true,"href":"https:\/\/www.ams-ag.de\/it\/wp-json\/wp\/v2\/pages\/3990"}],"wp:attachment":[{"href":"https:\/\/www.ams-ag.de\/it\/wp-json\/wp\/v2\/media?parent=6493"}],"curies":[{"name":"wp","href":"https:\/\/api.w.org\/{rel}","templated":true}]}}