{"id":5489,"date":"2023-09-24T03:39:32","date_gmt":"2023-09-24T01:39:32","guid":{"rendered":"http:\/\/www.ams-ag.de\/?page_id=5489"},"modified":"2024-05-17T01:09:20","modified_gmt":"2024-05-16T23:09:20","slug":"puntura-di-colore","status":"publish","type":"page","link":"https:\/\/www.ams-ag.de\/it\/produkte\/tiertherapeuten\/color-punctur\/","title":{"rendered":"COLOR-Punctur"},"content":{"rendered":"\t\t<div data-elementor-type=\"wp-page\" data-elementor-id=\"5489\" class=\"elementor elementor-5489\" data-elementor-post-type=\"page\">\n\t\t\t\t\t\t<section class=\"elementor-section elementor-top-section elementor-element elementor-element-daa88e9 elementor-section-boxed elementor-section-height-default elementor-section-height-default\" data-id=\"daa88e9\" data-element_type=\"section\" data-e-type=\"section\">\n\t\t\t\t\t\t<div class=\"elementor-container elementor-column-gap-default\">\n\t\t\t\t\t<div class=\"elementor-column elementor-col-100 elementor-top-column elementor-element elementor-element-5893cc4\" data-id=\"5893cc4\" data-element_type=\"column\" data-e-type=\"column\">\n\t\t\t<div class=\"elementor-widget-wrap elementor-element-populated\">\n\t\t\t\t\t\t<div class=\"elementor-element elementor-element-9828ae2 elementor-widget elementor-widget-heading\" data-id=\"9828ae2\" data-element_type=\"widget\" data-e-type=\"widget\" data-widget_type=\"heading.default\">\n\t\t\t\t<div class=\"elementor-widget-container\">\n\t\t\t\t\t<h1 class=\"elementor-heading-title elementor-size-default\">COLOR-Punctur<\/h1>\t\t\t\t<\/div>\n\t\t\t\t<\/div>\n\t\t\t\t\t<\/div>\n\t\t<\/div>\n\t\t\t\t\t<\/div>\n\t\t<\/section>\n\t\t\t\t<section class=\"elementor-section elementor-top-section elementor-element elementor-element-4c75a6f elementor-section-boxed elementor-section-height-default elementor-section-height-default\" data-id=\"4c75a6f\" data-element_type=\"section\" data-e-type=\"section\">\n\t\t\t\t\t\t<div class=\"elementor-container elementor-column-gap-default\">\n\t\t\t\t\t<div class=\"elementor-column elementor-col-100 elementor-top-column elementor-element elementor-element-c68403e\" data-id=\"c68403e\" data-element_type=\"column\" data-e-type=\"column\">\n\t\t\t<div class=\"elementor-widget-wrap elementor-element-populated\">\n\t\t\t\t\t\t<div class=\"elementor-element elementor-element-476b719 elementor-widget elementor-widget-wp-widget-pmpro-member-login\" data-id=\"476b719\" data-element_type=\"widget\" data-e-type=\"widget\" data-widget_type=\"wp-widget-pmpro-member-login.default\">\n\t\t\t\t<div class=\"elementor-widget-container\">\n\t\t\t\t\t\t\t\n\t\t\n\t\t\n\t<div class=\"pmpro\">\n\t\t<section id=\"pmpro_login\" class=\"pmpro_section\">\n\t\t\t\t\t\t\t\t\t\t<div class=\"pmpro_card pmpro_login_wrap\">\n\t\t\t\t\t\t\t\t<h3 class=\"pmpro_card_title pmpro_font-large\">Accedi<\/h3>\t\t\t\t\t\t\t\t<div class=\"pmpro_card_content\">\n\t\t\t\t\t\t\t\t\t<form name=\"loginform\" id=\"loginform\" action=\"https:\/\/www.ams-ag.de\/wp-login.php\" method=\"post\"><input type=\"hidden\" name=\"pmpro_login_form_used\" value=\"1\" \/><p class=\"login-username\">\n\t\t\t\t<label for=\"user_login\">Nome utente o indirizzo email<\/label>\n\t\t\t\t<input type=\"text\" name=\"log\" id=\"user_login\" autocomplete=\"username\" class=\"input\" value=\"\" size=\"20\" \/>\n\t\t\t<\/p><p class=\"login-password\">\n\t\t\t\t<label for=\"user_pass\">Password<\/label>\n\t\t\t\t<input type=\"password\" name=\"pwd\" id=\"user_pass\" autocomplete=\"current-password\" spellcheck=\"false\" class=\"input\" value=\"\" size=\"20\" \/>\n\t\t\t<\/p><p class=\"login-remember\"><label><input name=\"rememberme\" type=\"checkbox\" id=\"rememberme\" value=\"forever\" \/> Ricordami<\/label><\/p><p class=\"login-submit\">\n\t\t\t\t<input type=\"submit\" name=\"wp-submit\" id=\"wp-submit\" class=\"button button-primary\" value=\"Accedi\" \/>\n\t\t\t\t<input type=\"hidden\" name=\"redirect_to\" value=\"https:\/\/www.ams-ag.de\/it\/wp-json\/wp\/v2\/pages\/5489\" \/>\n\t\t\t<\/p><\/form>\t<div class=\"pmpro_form_field-password-toggle\">\n\t\t<button type=\"button\" id=\"pmpro_btn-password-toggle-1\" class=\"pmpro_btn pmpro_btn-plain hide-if-no-js\" data-toggle=\"0\">\n\t\t\t<span class=\"pmpro_icon pmpro_icon-eye\" aria-hidden=\"true\"><svg xmlns=\"http:\/\/www.w3.org\/2000\/svg\" width=\"20\" height=\"20\" viewBox=\"0 0 24 24\" fill=\"none\" stroke=\"var(--pmpro--color--accent)\" stroke-width=\"2\" stroke-linecap=\"round\" stroke-linejoin=\"round\" class=\"feather feather-eye\"><path d=\"M1 12s4-8 11-8 11 8 11 8-4 8-11 8-11-8-11-8z\"><\/path><circle cx=\"12\" cy=\"12\" r=\"3\"><\/circle><\/svg><\/span>\n\t\t\t<span class=\"pmpro_form_field-password-toggle-state\">Show Password<\/span>\n\t\t<\/button>\n\t<\/div>\n\t<script>\n\t\t\/\/ Password visibility toggle (wp_login_form instance).\n\t\t(function() {\n\t\t\tconst toggleButton = document.querySelectorAll('#pmpro_btn-password-toggle-1')[0];\n\t\t\tconst toggleWrapper = toggleButton.closest('.pmpro_form_field-password-toggle');\n\t\t\tconst loginForm = toggleWrapper.previousElementSibling;\n\t\t\tconst passwordParagraph = loginForm.querySelector('.login-password');\n\t\t\tconst passwordInput = loginForm.querySelector('#user_pass');\n\n\t\t\tpasswordParagraph.appendChild(toggleWrapper);\n\t\t\ttoggleButton.classList.remove('hide-if-no-js');\n\t\t\ttoggleButton.addEventListener('click', togglePassword);\n\n\t\t\tfunction togglePassword() {\n\t\t\t\tconst status = this.getAttribute('data-toggle');\n\t\t\t\tconst passwordInputs = document.querySelectorAll('#user_pass');\n\t\t\t\tconst icon = this.getElementsByClassName('pmpro_icon')[0];\n\t\t\t\tconst state = this.getElementsByClassName('pmpro_form_field-password-toggle-state')[0];\n\n\t\t\t\tif (parseInt(status, 10) === 0) {\n\t\t\t\t\tthis.setAttribute('data-toggle', 1);\n\t\t\t\t\tpasswordInput.setAttribute( 'type', 'text' );\n\t\t\t\t\ticon.innerHTML = `\n\t\t\t\t\t\t<svg xmlns=\"http:\/\/www.w3.org\/2000\/svg\" width=\"20\" height=\"20\" viewBox=\"0 0 24 24\" fill=\"none\" stroke=\"var(--pmpro--color--accent)\" stroke-width=\"2\" stroke-linecap=\"round\" stroke-linejoin=\"round\" class=\"feather feather-eye-off\">\n\t\t\t\t\t\t\t<path d=\"M17.94 17.94A10.07 10.07 0 0 1 12 20c-7 0-11-8-11-8a18.45 18.45 0 0 1 5.06-5.94M9.9 4.24A9.12 9.12 0 0 1 12 4c7 0 11 8 11 8a18.5 18.5 0 0 1-2.16 3.19m-6.72-1.07a3 3 0 1 1-4.24-4.24\"><\/path>\n\t\t\t\t\t\t\t<line x1=\"1\" y1=\"1\" x2=\"23\" y2=\"23\"><\/line>\n\t\t\t\t\t\t<\/svg>`;\n\t\t\t\t\tstate.textContent = 'Hide Password';\n\t\t\t\t} else {\n\t\t\t\t\tthis.setAttribute('data-toggle', 0);\n\t\t\t\t\tpasswordInput.setAttribute( 'type', 'password' );\n\t\t\t\t\ticon.innerHTML = `\n\t\t\t\t\t\t<svg xmlns=\"http:\/\/www.w3.org\/2000\/svg\" width=\"20\" height=\"20\" viewBox=\"0 0 24 24\" fill=\"none\" stroke=\"var(--pmpro--color--accent)\" stroke-width=\"2\" stroke-linecap=\"round\" stroke-linejoin=\"round\" class=\"feather feather-eye\">\n\t\t\t\t\t\t\t<path d=\"M1 12s4-8 11-8 11 8 11 8-4 8-11 8-11-8-11-8z\"><\/path>\n\t\t\t\t\t\t\t<circle cx=\"12\" cy=\"12\" r=\"3\"><\/circle>\n\t\t\t\t\t\t<\/svg>`;\n\t\t\t\t\tstate.textContent = 'Show Password';\n\t\t\t\t}\n\t\t\t}\n\t\t})();\n\t<\/script>\n\t\t\t\t\t\t\t\t\t<\/div> <!-- end pmpro_card_content -->\n\t\t\t\t\t\t\t\t<div class=\"pmpro_card_actions\">\n\t\t\t\t\t\t\t\t\t\t<div class=\"pmpro_actions_nav\">\n\t\t<a href=\"https:\/\/www.ams-ag.de\/it\/login\/?action=reset_pass\">Password dimenticata?<\/a>\t<\/div> <!-- end pmpro_actions_nav -->\n\t\t\t\t\t\t\t\t\t<\/div> <!-- end pmpro_card_actions -->\n\t\t\t\t\t\t\t<\/div> <!-- end pmpro_login_wrap -->\n\t\t\t\t\t\t\t\n\t\t\t\t\t\t\t\t\t<\/section> <!-- end pmpro_login -->\n\t<\/div> <!-- end pmpro -->\n\t\t\t\t\t<\/div>\n\t\t\t\t<\/div>\n\t\t\t\t<div class=\"elementor-element elementor-element-22c2a14 elementor-widget elementor-widget-text-editor\" data-id=\"22c2a14\" data-element_type=\"widget\" data-e-type=\"widget\" data-widget_type=\"text-editor.default\">\n\t\t\t\t<div class=\"elementor-widget-container\">\n\t\t\t\t\t\t\t\t\t<p><b>Liebe Webseiten-Besucher<\/b>,<\/p><p>leider d\u00fcrfen wir auf dieser Webseite nicht alle Inhalte \u00f6ffentlich zug\u00e4nglich machen:<br \/>Fachspezifische Informationen\u00a0befinden sich ausschlie\u00dflich in\u00a0gesch\u00fctzten Bereichen der Webseite. Sie d\u00fcrfen laut \u00a711 des Heilmittelwerbegesetzes nur\u00a0Fachkreisen\u00a0zug\u00e4nglich gemacht werden.<\/p><p><b>Fachkreise im Sinne des Gesetzes sind:<\/b><\/p><ul><li>Angeh\u00f6rige der Heilberufe oder des Heilgewerbes<\/li><li>Einrichtungen, die der Gesundheit von Mensch oder Tier dienen<\/li><li>sonstige Personen, soweit sie mit Arzneimitteln, Verfahren, Behandlungen, Gegenst\u00e4nden oder anderen Mitteln erlaubterweise Handel treiben oder in Aus\u00fcbung ihres Berufes anwenden<\/li><\/ul><p><b>Darunter fallen z.B.:<\/b><\/p><ul><li>\u00c4rzte jeder Fachrichtung<\/li><li>Heilpraktiker (auch Anw\u00e4rter)<\/li><li>Physiotherapeuten<\/li><li>Gesundheitsberater<\/li><li>Apotheker<\/li><li>Gewerbetreibende im medizinischen Sektor<\/li><li>usw.<\/li><\/ul><p>Als Angeh\u00f6riger eines Fachkreises\u00a0k\u00f6nnen Sie sich einloggen, um die gesch\u00fctzten Inhalte zu sehen.<br \/>Das\u00a0Passwort und den\u00a0Benutzernamen k\u00f6nnen sie hier anfordern:<\/p><p><a href=\"https:\/\/www.ams-ag.de\/kontakt\/login-beantragen\/\"><b>Login beantragen<\/b><\/a><\/p>\t\t\t\t\t\t\t\t<\/div>\n\t\t\t\t<\/div>\n\t\t\t\t\t<\/div>\n\t\t<\/div>\n\t\t\t\t\t<\/div>\n\t\t<\/section>\n\t\t\t\t<section class=\"elementor-section elementor-top-section elementor-element elementor-element-cd802de elementor-section-boxed elementor-section-height-default elementor-section-height-default\" data-id=\"cd802de\" data-element_type=\"section\" data-e-type=\"section\" data-settings=\"{&quot;background_background&quot;:&quot;classic&quot;}\">\n\t\t\t\t\t\t<div class=\"elementor-container elementor-column-gap-default\">\n\t\t\t\t\t<div class=\"elementor-column elementor-col-100 elementor-top-column elementor-element elementor-element-ae852a8\" data-id=\"ae852a8\" data-element_type=\"column\" data-e-type=\"column\">\n\t\t\t<div class=\"elementor-widget-wrap elementor-element-populated\">\n\t\t\t\t\t\t<div class=\"elementor-element elementor-element-85d0d5c elementor-align-right elementor-mobile-align-center elementor-widget elementor-widget-button\" data-id=\"85d0d5c\" data-element_type=\"widget\" data-e-type=\"widget\" data-widget_type=\"button.default\">\n\t\t\t\t<div class=\"elementor-widget-container\">\n\t\t\t\t\t\t\t\t\t<\/div>\n\t\t\t\t<\/div>\n\t\t\t\t<div class=\"elementor-element elementor-element-b10c8f8 elementor-align-right elementor-mobile-align-center elementor-widget elementor-widget-button\" data-id=\"b10c8f8\" data-element_type=\"widget\" data-e-type=\"widget\" data-widget_type=\"button.default\">\n\t\t\t\t<div class=\"elementor-widget-container\">\n\t\t\t\t\t\t\t\t\t<div class=\"elementor-button-wrapper\">\n\t\t\t\t\t<a class=\"elementor-button elementor-button-link elementor-size-sm\" href=\"https:\/\/www.ams-ag.de\/it\/veranstaltungen-und-termine\/\">\n\t\t\t\t\t\t<span class=\"elementor-button-content-wrapper\">\n\t\t\t\t\t\t<span class=\"elementor-button-icon\">\n\t\t\t\t<i aria-hidden=\"true\" class=\"fas fa-arrow-right\"><\/i>\t\t\t<\/span>\n\t\t\t\t\t\t\t\t\t<span class=\"elementor-button-text\">Veranstaltungen und Termine<\/span>\n\t\t\t\t\t<\/span>\n\t\t\t\t\t<\/a>\n\t\t\t\t<\/div>\n\t\t\t\t\t\t\t\t<\/div>\n\t\t\t\t<\/div>\n\t\t\t\t\t<\/div>\n\t\t<\/div>\n\t\t\t\t\t<\/div>\n\t\t<\/section>\n\t\t\t\t<\/div>\n\t\t","protected":false},"excerpt":{"rendered":"<p>COLOR-Punctur Liebe Webseiten-Besucher, leider d\u00fcrfen wir auf dieser Webseite nicht alle Inhalte \u00f6ffentlich zug\u00e4nglich machen:Fachspezifische Informationen\u00a0befinden sich ausschlie\u00dflich in\u00a0gesch\u00fctzten Bereichen der Webseite. Sie d\u00fcrfen laut \u00a711 des Heilmittelwerbegesetzes nur\u00a0Fachkreisen\u00a0zug\u00e4nglich gemacht [&hellip;]<\/p>\n","protected":false},"author":1,"featured_media":0,"parent":4835,"menu_order":5,"comment_status":"closed","ping_status":"closed","template":"","meta":{"pmpro_default_level":"","footnotes":""},"class_list":["post-5489","page","type-page","status-publish","hentry","pmpro-has-access"],"_links":{"self":[{"href":"https:\/\/www.ams-ag.de\/it\/wp-json\/wp\/v2\/pages\/5489","targetHints":{"allow":["GET"]}}],"collection":[{"href":"https:\/\/www.ams-ag.de\/it\/wp-json\/wp\/v2\/pages"}],"about":[{"href":"https:\/\/www.ams-ag.de\/it\/wp-json\/wp\/v2\/types\/page"}],"author":[{"embeddable":true,"href":"https:\/\/www.ams-ag.de\/it\/wp-json\/wp\/v2\/users\/1"}],"replies":[{"embeddable":true,"href":"https:\/\/www.ams-ag.de\/it\/wp-json\/wp\/v2\/comments?post=5489"}],"version-history":[{"count":18,"href":"https:\/\/www.ams-ag.de\/it\/wp-json\/wp\/v2\/pages\/5489\/revisions"}],"predecessor-version":[{"id":17700,"href":"https:\/\/www.ams-ag.de\/it\/wp-json\/wp\/v2\/pages\/5489\/revisions\/17700"}],"up":[{"embeddable":true,"href":"https:\/\/www.ams-ag.de\/it\/wp-json\/wp\/v2\/pages\/4835"}],"wp:attachment":[{"href":"https:\/\/www.ams-ag.de\/it\/wp-json\/wp\/v2\/media?parent=5489"}],"curies":[{"name":"wp","href":"https:\/\/api.w.org\/{rel}","templated":true}]}}