{"id":3990,"date":"2023-09-05T18:44:55","date_gmt":"2023-09-05T16:44:55","guid":{"rendered":"http:\/\/www.ams-ag.de\/?page_id=3990"},"modified":"2025-07-25T14:41:51","modified_gmt":"2025-07-25T12:41:51","slug":"trattamento-dellacqua","status":"publish","type":"page","link":"https:\/\/www.ams-ag.de\/it\/produkte\/heimbedarf\/wasseraufbereitung\/","title":{"rendered":"Trattamento dell&#039;acqua"},"content":{"rendered":"<div data-elementor-type=\"wp-page\" data-elementor-id=\"3990\" class=\"elementor elementor-3990\" data-elementor-post-type=\"page\">\n\t\t\t\t\t\t<section class=\"elementor-section elementor-top-section elementor-element elementor-element-92d41f9 elementor-section-boxed elementor-section-height-default elementor-section-height-default\" data-id=\"92d41f9\" data-element_type=\"section\" data-e-type=\"section\" data-settings=\"{&quot;background_background&quot;:&quot;classic&quot;}\">\n\t\t\t\t\t\t<div class=\"elementor-container elementor-column-gap-default\">\n\t\t\t\t\t<div class=\"elementor-column elementor-col-50 elementor-top-column elementor-element elementor-element-047fe45\" data-id=\"047fe45\" data-element_type=\"column\" data-e-type=\"column\">\n\t\t\t<div class=\"elementor-widget-wrap elementor-element-populated\">\n\t\t\t\t\t\t<div class=\"elementor-element elementor-element-9fc910b elementor-widget elementor-widget-image\" data-id=\"9fc910b\" data-element_type=\"widget\" data-e-type=\"widget\" data-widget_type=\"image.default\">\n\t\t\t\t<div class=\"elementor-widget-container\">\n\t\t\t\t\t\t\t\t\t\t\t\t\t\t\t<img fetchpriority=\"high\" decoding=\"async\" width=\"768\" height=\"548\" src=\"https:\/\/www.ams-ag.de\/wp-content\/uploads\/2024\/01\/pexels-pixabay-416528-768x548.jpg\" class=\"attachment-medium_large size-medium_large wp-image-14137\" alt=\"\" srcset=\"https:\/\/www.ams-ag.de\/wp-content\/uploads\/2024\/01\/pexels-pixabay-416528-768x548.jpg 768w, https:\/\/www.ams-ag.de\/wp-content\/uploads\/2024\/01\/pexels-pixabay-416528-300x214.jpg 300w, https:\/\/www.ams-ag.de\/wp-content\/uploads\/2024\/01\/pexels-pixabay-416528-1434x1024.jpg 1434w, https:\/\/www.ams-ag.de\/wp-content\/uploads\/2024\/01\/pexels-pixabay-416528-1536x1097.jpg 1536w, https:\/\/www.ams-ag.de\/wp-content\/uploads\/2024\/01\/pexels-pixabay-416528-18x12.jpg 18w, https:\/\/www.ams-ag.de\/wp-content\/uploads\/2024\/01\/pexels-pixabay-416528.jpg 1920w\" sizes=\"(max-width: 768px) 100vw, 768px\" \/>\t\t\t\t\t\t\t\t\t\t\t\t\t\t\t<\/div>\n\t\t\t\t<\/div>\n\t\t\t\t\t<\/div>\n\t\t<\/div>\n\t\t\t\t<div class=\"elementor-column elementor-col-50 elementor-top-column elementor-element elementor-element-6ff9a75\" data-id=\"6ff9a75\" data-element_type=\"column\" data-e-type=\"column\">\n\t\t\t<div class=\"elementor-widget-wrap elementor-element-populated\">\n\t\t\t\t\t\t<div class=\"elementor-element elementor-element-577aa42 elementor-widget elementor-widget-heading\" data-id=\"577aa42\" data-element_type=\"widget\" data-e-type=\"widget\" data-widget_type=\"heading.default\">\n\t\t\t\t<div class=\"elementor-widget-container\">\n\t\t\t\t\t<h1 class=\"elementor-heading-title elementor-size-default\">Trattamento dell&#039;acqua<\/h1>\t\t\t\t<\/div>\n\t\t\t\t<\/div>\n\t\t\t\t<div class=\"elementor-element elementor-element-44a14f0 elementor-widget elementor-widget-text-editor\" data-id=\"44a14f0\" data-element_type=\"widget\" data-e-type=\"widget\" data-widget_type=\"text-editor.default\">\n\t\t\t\t<div class=\"elementor-widget-container\">\n\t\t\t\t\t\t\t\t\t<a href=\"http:\/\/ams-onlineshop.de\/wp-content\/uploads\/2023\/03\/Achtung_Preisvergleich_spring-time.pdf\" target=\"_blank\" rel=\"noopener\"><b>Fai attenzione quando confronti i prezzi!<\/b><\/a>\t\t\t\t\t\t\t\t<\/div>\n\t\t\t\t<\/div>\n\t\t\t\t<div class=\"elementor-element elementor-element-8874bb2 elementor-widget__width-auto elementor-widget elementor-widget-heading\" data-id=\"8874bb2\" data-element_type=\"widget\" data-e-type=\"widget\" data-widget_type=\"heading.default\">\n\t\t\t\t<div class=\"elementor-widget-container\">\n\t\t\t\t\t<span class=\"elementor-heading-title elementor-size-default\">Disponibile direttamente in negozio in alcuni paesi dell&#039;UE e in Svizzera.<br>Altri paesi su richiesta. Inviaci una breve e-mail spiegandoci come possiamo contattarti.<\/span>\t\t\t\t<\/div>\n\t\t\t\t<\/div>\n\t\t\t\t\t<\/div>\n\t\t<\/div>\n\t\t\t\t\t<\/div>\n\t\t<\/section>\n\t\t\t\t<section class=\"elementor-section elementor-top-section elementor-element elementor-element-68e0b9f elementor-section-boxed elementor-section-height-default elementor-section-height-default\" data-id=\"68e0b9f\" data-element_type=\"section\" data-e-type=\"section\" data-settings=\"{&quot;background_background&quot;:&quot;classic&quot;}\">\n\t\t\t\t\t\t<div class=\"elementor-container elementor-column-gap-default\">\n\t\t\t\t\t<div class=\"elementor-column elementor-col-100 elementor-top-column elementor-element elementor-element-17540ae\" data-id=\"17540ae\" data-element_type=\"column\" data-e-type=\"column\">\n\t\t\t<div class=\"elementor-widget-wrap elementor-element-populated\">\n\t\t\t\t\t\t<div class=\"elementor-element elementor-element-ade309c elementor-widget elementor-widget-heading\" data-id=\"ade309c\" data-element_type=\"widget\" data-e-type=\"widget\" data-widget_type=\"heading.default\">\n\t\t\t\t<div class=\"elementor-widget-container\">\n\t\t\t\t\t<h2 class=\"elementor-heading-title elementor-size-default\">Selezione rapida<\/h2>\t\t\t\t<\/div>\n\t\t\t\t<\/div>\n\t\t\t\t<div class=\"elementor-element elementor-element-41f71a7 elementor-widget elementor-widget-text-editor\" data-id=\"41f71a7\" data-element_type=\"widget\" data-e-type=\"widget\" data-widget_type=\"text-editor.default\">\n\t\t\t\t<div class=\"elementor-widget-container\">\n\t\t\t\t\t\t\t\t\tSe sai gi\u00e0 quale prodotto nella categoria trattamento acqua desideri acquistare, clicca semplicemente sul link e trova il tuo prodotto:\t\t\t\t\t\t\t\t<\/div>\n\t\t\t\t<\/div>\n\t\t\t\t<div class=\"elementor-element elementor-element-9b2adce elementor-widget elementor-widget-button\" data-id=\"9b2adce\" data-element_type=\"widget\" data-e-type=\"widget\" data-widget_type=\"button.default\">\n\t\t\t\t<div class=\"elementor-widget-container\">\n\t\t\t\t\t\t\t\t\t<div class=\"elementor-button-wrapper\">\n\t\t\t\t\t<a class=\"elementor-button elementor-button-link elementor-size-sm\" href=\"http:\/\/ams-onlineshop.de\/produkt-kategorie\/heimbedarf\/wasseraufbereitung\/\" target=\"_blank\">\n\t\t\t\t\t\t<span class=\"elementor-button-content-wrapper\">\n\t\t\t\t\t\t<span class=\"elementor-button-icon\">\n\t\t\t\t<i aria-hidden=\"true\" class=\"fas fa-arrow-right\"><\/i>\t\t\t<\/span>\n\t\t\t\t\t\t\t\t\t<span class=\"elementor-button-text\">Trattamento dell&#039;acqua in negozio<\/span>\n\t\t\t\t\t<\/span>\n\t\t\t\t\t<\/a>\n\t\t\t\t<\/div>\n\t\t\t\t\t\t\t\t<\/div>\n\t\t\t\t<\/div>\n\t\t\t\t\t<\/div>\n\t\t<\/div>\n\t\t\t\t\t<\/div>\n\t\t<\/section>\n\t\t\t\t<section class=\"elementor-section elementor-top-section elementor-element elementor-element-0339bd0 elementor-section-boxed elementor-section-height-default elementor-section-height-default\" data-id=\"0339bd0\" data-element_type=\"section\" data-e-type=\"section\">\n\t\t\t\t\t\t<div class=\"elementor-container elementor-column-gap-default\">\n\t\t\t\t\t<div class=\"elementor-column elementor-col-100 elementor-top-column elementor-element elementor-element-307f589\" data-id=\"307f589\" data-element_type=\"column\" data-e-type=\"column\">\n\t\t\t<div class=\"elementor-widget-wrap elementor-element-populated\">\n\t\t\t\t\t\t<div class=\"elementor-element elementor-element-8a88e63 elementor-widget elementor-widget-heading\" data-id=\"8a88e63\" data-element_type=\"widget\" data-e-type=\"widget\" data-widget_type=\"heading.default\">\n\t\t\t\t<div class=\"elementor-widget-container\">\n\t\t\t\t\t<h2 class=\"elementor-heading-title elementor-size-default\">L&#039;acqua \u00e8 vita<\/h2>\t\t\t\t<\/div>\n\t\t\t\t<\/div>\n\t\t\t\t<div class=\"elementor-element elementor-element-4e71773 elementor-widget elementor-widget-text-editor\" data-id=\"4e71773\" data-element_type=\"widget\" data-e-type=\"widget\" data-widget_type=\"text-editor.default\">\n\t\t\t\t<div class=\"elementor-widget-container\">\n\t\t\t\t\t\t\t\t\t<p>L\u2019acqua \u00e8 la base della vita sul nostro pianeta, l\u2019elemento costitutivo pi\u00f9 importante di tutti gli organismi viventi. Penetra in ogni cellula del corpo e regola tutte le funzioni del nostro corpo. L&#039;acqua \u00e8 anche responsabile della nostra coscienza e rende possibile pensare e sentire.<\/p><p><b>L\u2019acqua potabile \u00e8 il nostro alimento pi\u00f9 importante.<\/b><\/p><p>In media, noi esseri umani siamo costituiti da circa 60% di acqua: da bambini siamo quasi 90% e da vecchi siamo ancora intorno a 45%. Le funzioni pi\u00f9 importanti dell&#039;acqua nel corpo includono il metabolismo e la regolazione della temperatura.<br \/>L\u2019approvvigionamento quotidiano di acqua potabile sufficiente \u00e8 essenziale per la vita. La mancanza di assunzione di liquidi mette a dura prova il corpo e prima o poi porta a problemi di salute. A causa della mancanza di liquidi, le cellule e gli organi ricevono troppo poche sostanze nutritive e la concentrazione e le prestazioni diminuiscono notevolmente.<\/p><p>Possiamo sopravvivere 50 giorni senza cibo solido, ma senza acqua potabile possiamo sopravvivere solo pochi giorni.<\/p><p>Dovremmo bere dai due ai tre litri di acqua ogni giorno. Naturalmente anche gli alimenti contenenti acqua, come frutta e verdura, forniscono liquidi aggiuntivi, ma questi da soli non possono coprire il fabbisogno di liquidi.<\/p>\t\t\t\t\t\t\t\t<\/div>\n\t\t\t\t<\/div>\n\t\t\t\t\t<\/div>\n\t\t<\/div>\n\t\t\t\t\t<\/div>\n\t\t<\/section>\n\t\t\t\t<section class=\"elementor-section elementor-top-section elementor-element elementor-element-f325829 elementor-section-boxed elementor-section-height-default elementor-section-height-default\" data-id=\"f325829\" data-element_type=\"section\" data-e-type=\"section\">\n\t\t\t\t\t\t<div class=\"elementor-container elementor-column-gap-default\">\n\t\t\t\t\t<div class=\"elementor-column elementor-col-100 elementor-top-column elementor-element elementor-element-f44798b\" data-id=\"f44798b\" data-element_type=\"column\" data-e-type=\"column\">\n\t\t\t<div class=\"elementor-widget-wrap elementor-element-populated\">\n\t\t\t\t\t\t<div class=\"elementor-element elementor-element-dc317d9 elementor-widget elementor-widget-heading\" data-id=\"dc317d9\" data-element_type=\"widget\" data-e-type=\"widget\" data-widget_type=\"heading.default\">\n\t\t\t\t<div class=\"elementor-widget-container\">\n\t\t\t\t\t<h2 class=\"elementor-heading-title elementor-size-default\">Lo sapevi che...<\/h2>\t\t\t\t<\/div>\n\t\t\t\t<\/div>\n\t\t\t\t<div class=\"elementor-element elementor-element-d19d053 elementor-widget elementor-widget-text-editor\" data-id=\"d19d053\" data-element_type=\"widget\" data-e-type=\"widget\" data-widget_type=\"text-editor.default\">\n\t\t\t\t<div class=\"elementor-widget-container\">\n\t\t\t\t\t\t\t\t\t<p>L&#039;acqua \u00e8 uno degli alimenti pi\u00f9 controllati in Germania, ma sapevi che...<\/p><ul><li>il valore limite generale (valore guida) per l&#039;inquinamento idrico consentito nell&#039;ordinanza tedesca sull&#039;acqua potabile \u00e8 ora pi\u00f9 del doppio rispetto al 1990?<\/li><li>L\u2019Agenzia federale tedesca per l\u2019ambiente conferma: \u201cL\u2019acqua che rimane nel rubinetto per pi\u00f9 di 4 ore non \u00e8 pi\u00f9 acqua potabile n\u00e9 cibo\u201d.<\/li><\/ul><p>Naturalmente potete accontentarvi e passare all&#039;acqua minerale disponibile in commercio. Ma questo significa trasportare scatoloni e mettere a dura prova l\u2019ambiente. Non importa se acquisti bottiglie di vetro o di PET: l&#039;inquinamento ambientale causato dal trasporto, dalla pulizia o dal riciclaggio delle bottiglie \u00e8 inevitabile.<\/p><p>Immagina: hai la tua &quot;acqua di sorgente&quot; e, per pochi centesimi al litro, puoi filtrare l&#039;acqua del rubinetto e energizzarla utilizzando la &quot;Tecnologia Ludwig&quot;, invece di pagare prezzi elevati per l&#039;imbottigliamento e il trasporto dell&#039;acqua in bottiglia. \u00c8 possibile risparmiare diverse centinaia di euro all&#039;anno.<\/p><p>Sei interessato a spremere tu stesso acqua deliziosa e pura in qualsiasi momento?<\/p><p>Allora date un&#039;occhiata ai nostri sistemi di osmosi inversa:<\/p><p><a href=\"https:\/\/www.ams-ag.de\/it\/prodotti\/forniture-per-la-casa\/trattamento-dellacqua\/tempo-di-primavera420-pro\/\"><b>spring-time\u00ae420 pro<\/b><\/a><\/p><p><a href=\"https:\/\/www.ams-ag.de\/it\/prodotti\/forniture-per-la-casa\/trattamento-dellacqua\/primavera-premium-pro\/\"><b>spring-time\u00aepremium pro<\/b><\/a><\/p><p><a href=\"https:\/\/www.ams-ag.de\/it\/prodotti\/forniture-per-la-casa\/trattamento-dellacqua\/primavera-tempo-professionale-pro\/\"><b>spring-time\u00aeprofessional pro<\/b><\/a><\/p><p>Non importa quali siano i tuoi dubbi sul principio dell&#039;osmosi inversa o sui filtri dell&#039;acqua in generale, non esitare a chiamarci. Saremo felici di rispondere alle tue domande!<\/p>\t\t\t\t\t\t\t\t<\/div>\n\t\t\t\t<\/div>\n\t\t\t\t<div class=\"elementor-element elementor-element-d3c2151 elementor-widget elementor-widget-button\" data-id=\"d3c2151\" data-element_type=\"widget\" data-e-type=\"widget\" data-widget_type=\"button.default\">\n\t\t\t\t<div class=\"elementor-widget-container\">\n\t\t\t\t\t\t\t\t\t<div class=\"elementor-button-wrapper\">\n\t\t\t\t\t<a class=\"elementor-button elementor-button-link elementor-size-sm\" href=\"http:\/\/ams-onlineshop.de\/produkt-kategorie\/heimbedarf\/wasseraufbereitung\/\" target=\"_blank\">\n\t\t\t\t\t\t<span class=\"elementor-button-content-wrapper\">\n\t\t\t\t\t\t<span class=\"elementor-button-icon\">\n\t\t\t\t<i aria-hidden=\"true\" class=\"fas fa-arrow-right\"><\/i>\t\t\t<\/span>\n\t\t\t\t\t\t\t\t\t<span class=\"elementor-button-text\">Trattamento dell&#039;acqua in negozio<\/span>\n\t\t\t\t\t<\/span>\n\t\t\t\t\t<\/a>\n\t\t\t\t<\/div>\n\t\t\t\t\t\t\t\t<\/div>\n\t\t\t\t<\/div>\n\t\t\t\t\t<\/div>\n\t\t<\/div>\n\t\t\t\t\t<\/div>\n\t\t<\/section>\n\t\t\t\t<section class=\"elementor-section elementor-top-section elementor-element elementor-element-1249374 elementor-section-boxed elementor-section-height-default elementor-section-height-default\" data-id=\"1249374\" data-element_type=\"section\" data-e-type=\"section\" data-settings=\"{&quot;background_background&quot;:&quot;classic&quot;}\">\n\t\t\t\t\t\t<div class=\"elementor-container elementor-column-gap-default\">\n\t\t\t\t\t<div class=\"elementor-column elementor-col-100 elementor-top-column elementor-element elementor-element-3c9892c\" data-id=\"3c9892c\" data-element_type=\"column\" data-e-type=\"column\">\n\t\t\t<div class=\"elementor-widget-wrap elementor-element-populated\">\n\t\t\t\t\t\t<div class=\"elementor-element elementor-element-6500389 elementor-align-right elementor-mobile-align-center elementor-widget elementor-widget-button\" data-id=\"6500389\" data-element_type=\"widget\" data-e-type=\"widget\" data-widget_type=\"button.default\">\n\t\t\t\t<div class=\"elementor-widget-container\">\n\t\t\t\t\t\t\t\t\t<div class=\"elementor-button-wrapper\">\n\t\t\t\t\t<a class=\"elementor-button elementor-button-link elementor-size-sm\" href=\"https:\/\/www.ams-ag.de\/it\/produkte\/heimbedarf\/wasseraufbereitung\/spring-time420-pro\/\">\n\t\t\t\t\t\t<span class=\"elementor-button-content-wrapper\">\n\t\t\t\t\t\t<span class=\"elementor-button-icon\">\n\t\t\t\t<i aria-hidden=\"true\" class=\"fas fa-arrow-right\"><\/i>\t\t\t<\/span>\n\t\t\t\t\t\t\t\t\t<span class=\"elementor-button-text\">spring-time\u00ae420 pro<\/span>\n\t\t\t\t\t<\/span>\n\t\t\t\t\t<\/a>\n\t\t\t\t<\/div>\n\t\t\t\t\t\t\t\t<\/div>\n\t\t\t\t<\/div>\n\t\t\t\t\t<\/div>\n\t\t<\/div>\n\t\t\t\t\t<\/div>\n\t\t<\/section>\n\t\t\t\t<\/div>","protected":false},"excerpt":{"rendered":"<p>Wasseraufbereitung Obacht beim Preisvergleich! Direkt \u00fcber den Shop verf\u00fcgbar in einigen L\u00e4ndern der EU und der Schweiz.Andere L\u00e4nder auf Anfrage. Schreiben Sie uns eine kurze E-Mail wie wir Sie erreichen [&hellip;]<\/p>\n","protected":false},"author":1,"featured_media":0,"parent":4153,"menu_order":3,"comment_status":"closed","ping_status":"closed","template":"","meta":{"pmpro_default_level":"","footnotes":""},"class_list":["post-3990","page","type-page","status-publish","hentry","pmpro-has-access"],"_links":{"self":[{"href":"https:\/\/www.ams-ag.de\/it\/wp-json\/wp\/v2\/pages\/3990","targetHints":{"allow":["GET"]}}],"collection":[{"href":"https:\/\/www.ams-ag.de\/it\/wp-json\/wp\/v2\/pages"}],"about":[{"href":"https:\/\/www.ams-ag.de\/it\/wp-json\/wp\/v2\/types\/page"}],"author":[{"embeddable":true,"href":"https:\/\/www.ams-ag.de\/it\/wp-json\/wp\/v2\/users\/1"}],"replies":[{"embeddable":true,"href":"https:\/\/www.ams-ag.de\/it\/wp-json\/wp\/v2\/comments?post=3990"}],"version-history":[{"count":72,"href":"https:\/\/www.ams-ag.de\/it\/wp-json\/wp\/v2\/pages\/3990\/revisions"}],"predecessor-version":[{"id":19352,"href":"https:\/\/www.ams-ag.de\/it\/wp-json\/wp\/v2\/pages\/3990\/revisions\/19352"}],"up":[{"embeddable":true,"href":"https:\/\/www.ams-ag.de\/it\/wp-json\/wp\/v2\/pages\/4153"}],"wp:attachment":[{"href":"https:\/\/www.ams-ag.de\/it\/wp-json\/wp\/v2\/media?parent=3990"}],"curies":[{"name":"wp","href":"https:\/\/api.w.org\/{rel}","templated":true}]}}