{"id":2721,"date":"2023-06-11T00:43:57","date_gmt":"2023-06-10T22:43:57","guid":{"rendered":"http:\/\/www.ams-ag.de\/?page_id=2721"},"modified":"2024-10-16T16:08:52","modified_gmt":"2024-10-16T14:08:52","slug":"iscriviti-alla-newsletter","status":"publish","type":"page","link":"https:\/\/www.ams-ag.de\/it\/kontakt\/newsletter-abonnieren\/","title":{"rendered":"Iscriviti alla newsletter"},"content":{"rendered":"\t\t<div data-elementor-type=\"wp-page\" data-elementor-id=\"2721\" class=\"elementor elementor-2721\" data-elementor-post-type=\"page\">\n\t\t\t\t\t\t<section class=\"elementor-section elementor-top-section elementor-element elementor-element-183a688f elementor-section-boxed elementor-section-height-default elementor-section-height-default\" data-id=\"183a688f\" data-element_type=\"section\" data-e-type=\"section\">\n\t\t\t\t\t\t<div class=\"elementor-container elementor-column-gap-default\">\n\t\t\t\t\t<div class=\"elementor-column elementor-col-100 elementor-top-column elementor-element elementor-element-6dfe331e\" data-id=\"6dfe331e\" data-element_type=\"column\" data-e-type=\"column\">\n\t\t\t<div class=\"elementor-widget-wrap elementor-element-populated\">\n\t\t\t\t\t\t<div class=\"elementor-element elementor-element-71a9e759 elementor-widget elementor-widget-heading\" data-id=\"71a9e759\" data-element_type=\"widget\" data-e-type=\"widget\" data-widget_type=\"heading.default\">\n\t\t\t\t<div class=\"elementor-widget-container\">\n\t\t\t\t\t<h1 class=\"elementor-heading-title elementor-size-default\">Newsletter abonnieren<\/h1>\t\t\t\t<\/div>\n\t\t\t\t<\/div>\n\t\t\t\t<div class=\"elementor-element elementor-element-63d9cfc elementor-widget elementor-widget-heading\" data-id=\"63d9cfc\" data-element_type=\"widget\" data-e-type=\"widget\" data-widget_type=\"heading.default\">\n\t\t\t\t<div class=\"elementor-widget-container\">\n\t\t\t\t\t<h2 class=\"elementor-heading-title elementor-size-default\">Nichts verpassen<\/h2>\t\t\t\t<\/div>\n\t\t\t\t<\/div>\n\t\t\t\t<div class=\"elementor-element elementor-element-0edbaec elementor-widget elementor-widget-text-editor\" data-id=\"0edbaec\" data-element_type=\"widget\" data-e-type=\"widget\" data-widget_type=\"text-editor.default\">\n\t\t\t\t<div class=\"elementor-widget-container\">\n\t\t\t\t\t\t\t\t\t<p>Unser Newsletter erscheint 1-2 Mal im Jahr. Wirklich nicht \u00f6fter, versprochen! Nichts ist schlimmer als ein von ungelesenen Newsletter-E-Mails vollgepacktes Postfach.<\/p><p>Dazwischen schicken wir sporadisch kurze &#8222;Seminar-Newsletter&#8220; &#8211; einfach als Erinnerung f\u00fcr anstehende Seminare, so dass Ihnen Zeit bleibt, sich noch rechtzeitig anzumelden.<\/p><p>Selbstverst\u00e4ndlich k\u00f6nnen Sie den Newsletter jederzeit problemlos wieder abbestellen. Eine kurze E-Mail an uns gen\u00fcgt und wir nehmen Ihre Adresse aus dem Verteiler.<\/p><p><b>ACHTUNG: Der Newsletter richtet sich ausschlie\u00dflich an sogenannte Fachkreise und darf an Privatpersonen nicht verschickt werden. Bitte f\u00fcllen Sie daher unbedingt das Feld &#8222;Beruf&#8220; aus.<\/b><\/p>\t\t\t\t\t\t\t\t<\/div>\n\t\t\t\t<\/div>\n\t\t\t\t<div class=\"elementor-element elementor-element-7aeb59a elementor-widget elementor-widget-heading\" data-id=\"7aeb59a\" data-element_type=\"widget\" data-e-type=\"widget\" data-widget_type=\"heading.default\">\n\t\t\t\t<div class=\"elementor-widget-container\">\n\t\t\t\t\t<h2 class=\"elementor-heading-title elementor-size-default\">Newsletter Anmeldung<\/h2>\t\t\t\t<\/div>\n\t\t\t\t<\/div>\n\t\t\t\t<div class=\"elementor-element elementor-element-a6a0636 elementor-button-align-start elementor-widget elementor-widget-form\" data-id=\"a6a0636\" data-element_type=\"widget\" data-e-type=\"widget\" data-settings=\"{&quot;step_next_label&quot;:&quot;weiter&quot;,&quot;step_previous_label&quot;:&quot;zur\\u00fcck&quot;,&quot;button_width&quot;:&quot;100&quot;,&quot;step_type&quot;:&quot;number_text&quot;,&quot;step_icon_shape&quot;:&quot;circle&quot;}\" data-widget_type=\"form.default\">\n\t\t\t\t<div class=\"elementor-widget-container\">\n\t\t\t\t\t\t\t<form class=\"elementor-form\" method=\"post\" id=\"newsletter\" name=\"Neues Formular\" aria-label=\"Neues Formular\">\n\t\t\t<input type=\"hidden\" name=\"post_id\" value=\"2721\"\/>\n\t\t\t<input type=\"hidden\" name=\"form_id\" value=\"a6a0636\"\/>\n\t\t\t<input type=\"hidden\" name=\"referer_title\" value=\"Newsletter abonnieren\" \/>\n\n\t\t\t\t\t\t\t<input type=\"hidden\" name=\"queried_id\" value=\"2721\"\/>\n\t\t\t\n\t\t\t<div class=\"elementor-form-fields-wrapper elementor-labels-above\">\n\t\t\t\t\t\t\t\t<div class=\"elementor-field-type-select elementor-field-group elementor-column elementor-field-group-anrede elementor-col-20 elementor-field-required elementor-mark-required\">\n\t\t\t\t\t\t\t\t\t\t\t\t<label for=\"form-field-anrede\" class=\"elementor-field-label\">\n\t\t\t\t\t\t\t\tAnrede\t\t\t\t\t\t\t<\/label>\n\t\t\t\t\t\t\t\t<div class=\"elementor-field elementor-select-wrapper remove-before \">\n\t\t\t<div class=\"select-caret-down-wrapper\">\n\t\t\t\t<i aria-hidden=\"true\" class=\"eicon-caret-down\"><\/i>\t\t\t<\/div>\n\t\t\t<select name=\"form_fields[anrede]\" id=\"form-field-anrede\" class=\"elementor-field-textual elementor-size-sm\" required=\"required\">\n\t\t\t\t\t\t\t\t\t<option value=\"Herr\">Herr<\/option>\n\t\t\t\t\t\t\t\t\t<option value=\"Frau\">Frau<\/option>\n\t\t\t\t\t\t\t<\/select>\n\t\t<\/div>\n\t\t\t\t\t\t<\/div>\n\t\t\t\t\t\t\t\t<div class=\"elementor-field-type-text elementor-field-group elementor-column elementor-field-group-vorname elementor-col-40 elementor-field-required elementor-mark-required\">\n\t\t\t\t\t\t\t\t\t\t\t\t<label for=\"form-field-vorname\" class=\"elementor-field-label\">\n\t\t\t\t\t\t\t\tVorname\t\t\t\t\t\t\t<\/label>\n\t\t\t\t\t\t\t\t\t\t\t\t\t\t<input size=\"1\" type=\"text\" name=\"form_fields[vorname]\" id=\"form-field-vorname\" class=\"elementor-field elementor-size-sm  elementor-field-textual\" placeholder=\"Frank\" required=\"required\">\n\t\t\t\t\t\t\t\t\t\t\t<\/div>\n\t\t\t\t\t\t\t\t<div class=\"elementor-field-type-text elementor-field-group elementor-column elementor-field-group-nachname elementor-col-40 elementor-field-required elementor-mark-required\">\n\t\t\t\t\t\t\t\t\t\t\t\t<label for=\"form-field-nachname\" class=\"elementor-field-label\">\n\t\t\t\t\t\t\t\tNachname\t\t\t\t\t\t\t<\/label>\n\t\t\t\t\t\t\t\t\t\t\t\t\t\t<input size=\"1\" type=\"text\" name=\"form_fields[nachname]\" id=\"form-field-nachname\" class=\"elementor-field elementor-size-sm  elementor-field-textual\" placeholder=\"Dr. rer. nat. Beck\" required=\"required\">\n\t\t\t\t\t\t\t\t\t\t\t<\/div>\n\t\t\t\t\t\t\t\t<div class=\"elementor-field-type-email elementor-field-group elementor-column elementor-field-group-email elementor-col-100 elementor-field-required elementor-mark-required\">\n\t\t\t\t\t\t\t\t\t\t\t\t<label for=\"form-field-email\" class=\"elementor-field-label\">\n\t\t\t\t\t\t\t\tE-Mail\t\t\t\t\t\t\t<\/label>\n\t\t\t\t\t\t\t\t\t\t\t\t\t\t<input size=\"1\" type=\"email\" name=\"form_fields[email]\" id=\"form-field-email\" class=\"elementor-field elementor-size-sm  elementor-field-textual\" placeholder=\"info@ams-ag.de\" required=\"required\">\n\t\t\t\t\t\t\t\t\t\t\t<\/div>\n\t\t\t\t\t\t\t\t<div class=\"elementor-field-type-select elementor-field-group elementor-column elementor-field-group-beruf elementor-col-50\">\n\t\t\t\t\t\t\t\t\t\t\t\t<label for=\"form-field-beruf\" class=\"elementor-field-label\">\n\t\t\t\t\t\t\t\tBeruf\t\t\t\t\t\t\t<\/label>\n\t\t\t\t\t\t\t\t<div class=\"elementor-field elementor-select-wrapper remove-before \">\n\t\t\t<div class=\"select-caret-down-wrapper\">\n\t\t\t\t<i aria-hidden=\"true\" class=\"eicon-caret-down\"><\/i>\t\t\t<\/div>\n\t\t\t<select name=\"form_fields[beruf]\" id=\"form-field-beruf\" class=\"elementor-field-textual elementor-size-sm\">\n\t\t\t\t\t\t\t\t\t<option value=\"Apotheker\">Apotheker<\/option>\n\t\t\t\t\t\t\t\t\t<option value=\"Arzt\">Arzt<\/option>\n\t\t\t\t\t\t\t\t\t<option value=\"Baubiologe\">Baubiologe<\/option>\n\t\t\t\t\t\t\t\t\t<option value=\"Firma\">Firma<\/option>\n\t\t\t\t\t\t\t\t\t<option value=\"Gesundheits- \/ Energieberater\">Gesundheits- \/ Energieberater<\/option>\n\t\t\t\t\t\t\t\t\t<option value=\"Handel von Medizin-Wellnessprodukten\">Handel von Medizin-Wellnessprodukten<\/option>\n\t\t\t\t\t\t\t\t\t<option value=\"Heilpraktiker\">Heilpraktiker<\/option>\n\t\t\t\t\t\t\t\t\t<option value=\"Journalist der Medizin\">Journalist der Medizin<\/option>\n\t\t\t\t\t\t\t\t\t<option value=\"Kosmetikstudio\">Kosmetikstudio<\/option>\n\t\t\t\t\t\t\t\t\t<option value=\"Orthop\u00e4de\">Orthop\u00e4de<\/option>\n\t\t\t\t\t\t\t\t\t<option value=\"Physiotherapeut\">Physiotherapeut<\/option>\n\t\t\t\t\t\t\t\t\t<option value=\"Student der Medizin\">Student der Medizin<\/option>\n\t\t\t\t\t\t\t\t\t<option value=\"Student der Tiermedizin\">Student der Tiermedizin<\/option>\n\t\t\t\t\t\t\t\t\t<option value=\"Sportmediziner\">Sportmediziner<\/option>\n\t\t\t\t\t\t\t\t\t<option value=\"Tierheilpraktiker\">Tierheilpraktiker<\/option>\n\t\t\t\t\t\t\t\t\t<option value=\"Tierarzt\">Tierarzt<\/option>\n\t\t\t\t\t\t\t\t\t<option value=\"Zahnarzt \/ Kieferorthop\u00e4de\">Zahnarzt \/ Kieferorthop\u00e4de<\/option>\n\t\t\t\t\t\t\t\t\t<option value=\"anderer Beruf\">anderer Beruf<\/option>\n\t\t\t\t\t\t\t<\/select>\n\t\t<\/div>\n\t\t\t\t\t\t<\/div>\n\t\t\t\t\t\t\t\t<div class=\"elementor-field-type-text elementor-field-group elementor-column elementor-field-group-anderer_beruf elementor-col-50\">\n\t\t\t\t\t\t\t\t\t\t\t\t<label for=\"form-field-anderer_beruf\" class=\"elementor-field-label\">\n\t\t\t\t\t\t\t\tanderer Beruf\t\t\t\t\t\t\t<\/label>\n\t\t\t\t\t\t\t\t\t\t\t\t\t\t<input size=\"1\" type=\"text\" name=\"form_fields[anderer_beruf]\" id=\"form-field-anderer_beruf\" class=\"elementor-field elementor-size-sm  elementor-field-textual\" placeholder=\"META-Health Practitioner\">\n\t\t\t\t\t\t\t\t\t\t\t<\/div>\n\t\t\t\t\t\t\t\t<div class=\"elementor-field-type-acceptance elementor-field-group elementor-column elementor-field-group-datenschutz elementor-col-100 elementor-field-required elementor-mark-required\">\n\t\t\t\t\t\t\t\t\t\t\t\t<label for=\"form-field-datenschutz\" class=\"elementor-field-label\">\n\t\t\t\t\t\t\t\tDatenschutz\t\t\t\t\t\t\t<\/label>\n\t\t\t\t\t\t\t\t<div class=\"elementor-field-subgroup\">\n\t\t\t<span class=\"elementor-field-option\">\n\t\t\t\t<input type=\"checkbox\" name=\"form_fields[datenschutz]\" id=\"form-field-datenschutz\" class=\"elementor-field elementor-size-sm  elementor-acceptance-field\" required=\"required\">\n\t\t\t\t<label for=\"form-field-datenschutz\">Sie stimmen zu, dass Ihre personenbezogenen Daten \u2013 wie in der <a href=\"https:\/\/www.ams-ag.de\/datenschutz\/\" target=\"_blank\" rel=\"noopener noreferrer\"><b>Datenschutzerkl\u00e4rung<\/b><\/a> beschrieben \u2013 zur Zusendung des angeforderten Informationsmaterials verarbeitet werden. Diese Zustimmung k\u00f6nnen Sie jederzeit mit Wirkung f\u00fcr die Zukunft widerrufen.<\/label>\t\t\t<\/span>\n\t\t<\/div>\n\t\t\t\t\t\t<\/div>\n\t\t\t\t\t\t\t\t<div class=\"elementor-field-group elementor-column elementor-field-type-submit elementor-col-100 e-form__buttons\">\n\t\t\t\t\t<button class=\"elementor-button elementor-size-sm\" type=\"submit\">\n\t\t\t\t\t\t<span class=\"elementor-button-content-wrapper\">\n\t\t\t\t\t\t\t\t\t\t\t\t\t\t\t\t\t\t\t\t\t\t<span class=\"elementor-button-text\">Abschicken<\/span>\n\t\t\t\t\t\t\t\t\t\t\t\t\t<\/span>\n\t\t\t\t\t<\/button>\n\t\t\t\t<\/div>\n\t\t\t<\/div>\n\t\t<\/form>\n\t\t\t\t\t\t<\/div>\n\t\t\t\t<\/div>\n\t\t\t\t<div class=\"elementor-element elementor-element-d344048 elementor-widget elementor-widget-text-editor\" data-id=\"d344048\" data-element_type=\"widget\" data-e-type=\"widget\" data-widget_type=\"text-editor.default\">\n\t\t\t\t<div class=\"elementor-widget-container\">\n\t\t\t\t\t\t\t\t\t<p><b>Datenschutz-Hinweis: <br \/><\/b>Wir erkl\u00e4ren ausdr\u00fccklich, dass Ihre pers\u00f6nlichen Daten nicht an Dritte weitergeben werden.<\/p>\t\t\t\t\t\t\t\t<\/div>\n\t\t\t\t<\/div>\n\t\t\t\t<div class=\"elementor-element elementor-element-706c86f elementor-widget elementor-widget-text-editor\" data-id=\"706c86f\" data-element_type=\"widget\" data-e-type=\"widget\" data-widget_type=\"text-editor.default\">\n\t\t\t\t<div class=\"elementor-widget-container\">\n\t\t\t\t\t\t\t\t\t<p>Bitte beachten Sie, dass die Bearbeitung von Anfragen ein bis zwei Werktage in Anspruch nehmen kann!<\/p>\t\t\t\t\t\t\t\t<\/div>\n\t\t\t\t<\/div>\n\t\t\t\t\t<\/div>\n\t\t<\/div>\n\t\t\t\t\t<\/div>\n\t\t<\/section>\n\t\t\t\t<section class=\"elementor-section elementor-top-section elementor-element elementor-element-ac51efa elementor-section-boxed elementor-section-height-default elementor-section-height-default\" data-id=\"ac51efa\" data-element_type=\"section\" data-e-type=\"section\" data-settings=\"{&quot;background_background&quot;:&quot;classic&quot;}\">\n\t\t\t\t\t\t<div class=\"elementor-container elementor-column-gap-default\">\n\t\t\t\t\t<div class=\"elementor-column elementor-col-100 elementor-top-column elementor-element elementor-element-f249d18\" data-id=\"f249d18\" data-element_type=\"column\" data-e-type=\"column\">\n\t\t\t<div class=\"elementor-widget-wrap elementor-element-populated\">\n\t\t\t\t\t\t<div class=\"elementor-element elementor-element-c377cb3 elementor-align-right elementor-mobile-align-center elementor-widget elementor-widget-button\" data-id=\"c377cb3\" data-element_type=\"widget\" data-e-type=\"widget\" data-widget_type=\"button.default\">\n\t\t\t\t<div class=\"elementor-widget-container\">\n\t\t\t\t\t\t\t\t\t<div class=\"elementor-button-wrapper\">\n\t\t\t\t\t<a class=\"elementor-button elementor-button-link elementor-size-sm\" href=\"http:\/\/ams-onlineshop.de\" target=\"_blank\">\n\t\t\t\t\t\t<span class=\"elementor-button-content-wrapper\">\n\t\t\t\t\t\t<span class=\"elementor-button-icon\">\n\t\t\t\t<i aria-hidden=\"true\" class=\"fas fa-arrow-right\"><\/i>\t\t\t<\/span>\n\t\t\t\t\t\t\t\t\t<span class=\"elementor-button-text\">zum Shop<\/span>\n\t\t\t\t\t<\/span>\n\t\t\t\t\t<\/a>\n\t\t\t\t<\/div>\n\t\t\t\t\t\t\t\t<\/div>\n\t\t\t\t<\/div>\n\t\t\t\t\t<\/div>\n\t\t<\/div>\n\t\t\t\t\t<\/div>\n\t\t<\/section>\n\t\t\t\t<\/div>\n\t\t","protected":false},"excerpt":{"rendered":"<p>Newsletter abonnieren Nichts verpassen Unser Newsletter erscheint 1-2 Mal im Jahr. Wirklich nicht \u00f6fter, versprochen! Nichts ist schlimmer als ein von ungelesenen Newsletter-E-Mails vollgepacktes Postfach. Dazwischen schicken wir sporadisch kurze [&hellip;]<\/p>\n","protected":false},"author":1,"featured_media":0,"parent":1737,"menu_order":4,"comment_status":"closed","ping_status":"closed","template":"","meta":{"pmpro_default_level":"","footnotes":""},"class_list":["post-2721","page","type-page","status-publish","hentry","pmpro-has-access"],"_links":{"self":[{"href":"https:\/\/www.ams-ag.de\/it\/wp-json\/wp\/v2\/pages\/2721","targetHints":{"allow":["GET"]}}],"collection":[{"href":"https:\/\/www.ams-ag.de\/it\/wp-json\/wp\/v2\/pages"}],"about":[{"href":"https:\/\/www.ams-ag.de\/it\/wp-json\/wp\/v2\/types\/page"}],"author":[{"embeddable":true,"href":"https:\/\/www.ams-ag.de\/it\/wp-json\/wp\/v2\/users\/1"}],"replies":[{"embeddable":true,"href":"https:\/\/www.ams-ag.de\/it\/wp-json\/wp\/v2\/comments?post=2721"}],"version-history":[{"count":18,"href":"https:\/\/www.ams-ag.de\/it\/wp-json\/wp\/v2\/pages\/2721\/revisions"}],"predecessor-version":[{"id":18510,"href":"https:\/\/www.ams-ag.de\/it\/wp-json\/wp\/v2\/pages\/2721\/revisions\/18510"}],"up":[{"embeddable":true,"href":"https:\/\/www.ams-ag.de\/it\/wp-json\/wp\/v2\/pages\/1737"}],"wp:attachment":[{"href":"https:\/\/www.ams-ag.de\/it\/wp-json\/wp\/v2\/media?parent=2721"}],"curies":[{"name":"wp","href":"https:\/\/api.w.org\/{rel}","templated":true}]}}