{"id":2568,"date":"2023-06-07T20:53:55","date_gmt":"2023-06-07T18:53:55","guid":{"rendered":"http:\/\/www.ams-ag.de\/?page_id=2568"},"modified":"2024-12-04T20:22:54","modified_gmt":"2024-12-04T19:22:54","slug":"dottor-rer-nat-frank-beck","status":"publish","type":"page","link":"https:\/\/www.ams-ag.de\/it\/ueber-ams\/dr-rer-nat-frank-beck\/","title":{"rendered":"Dr. rer. nat.Frank Beck"},"content":{"rendered":"<div data-elementor-type=\"wp-page\" data-elementor-id=\"2568\" class=\"elementor elementor-2568\" data-elementor-post-type=\"page\">\n\t\t\t\t\t\t<section class=\"elementor-section elementor-top-section elementor-element elementor-element-2b27f78 elementor-section-boxed elementor-section-height-default elementor-section-height-default\" data-id=\"2b27f78\" data-element_type=\"section\" data-e-type=\"section\">\n\t\t\t\t\t\t<div class=\"elementor-container elementor-column-gap-default\">\n\t\t\t\t\t<div class=\"elementor-column elementor-col-100 elementor-top-column elementor-element elementor-element-f2cae81\" data-id=\"f2cae81\" data-element_type=\"column\" data-e-type=\"column\">\n\t\t\t<div class=\"elementor-widget-wrap elementor-element-populated\">\n\t\t\t\t\t\t<div class=\"elementor-element elementor-element-47eb35a elementor-widget elementor-widget-heading\" data-id=\"47eb35a\" data-element_type=\"widget\" data-e-type=\"widget\" data-widget_type=\"heading.default\">\n\t\t\t\t<div class=\"elementor-widget-container\">\n\t\t\t\t\t<h1 class=\"elementor-heading-title elementor-size-default\">Dr. rer. nat.Frank Beck<\/h1>\t\t\t\t<\/div>\n\t\t\t\t<\/div>\n\t\t\t\t<section class=\"elementor-section elementor-inner-section elementor-element elementor-element-0e977c6 elementor-section-boxed elementor-section-height-default elementor-section-height-default\" data-id=\"0e977c6\" data-element_type=\"section\" data-e-type=\"section\">\n\t\t\t\t\t\t<div class=\"elementor-container elementor-column-gap-default\">\n\t\t\t\t\t<div class=\"elementor-column elementor-col-66 elementor-inner-column elementor-element elementor-element-8145fed\" data-id=\"8145fed\" data-element_type=\"column\" data-e-type=\"column\">\n\t\t\t<div class=\"elementor-widget-wrap elementor-element-populated\">\n\t\t\t\t\t\t<div class=\"elementor-element elementor-element-80ba1f9 elementor-widget elementor-widget-text-editor\" data-id=\"80ba1f9\" data-element_type=\"widget\" data-e-type=\"widget\" data-widget_type=\"text-editor.default\">\n\t\t\t\t<div class=\"elementor-widget-container\">\n\t\t\t\t\t\t\t\t\t<p><b>Amministratore delegato e azionista unico della AMS GmbH, direttore dell&#039;\u201cIstituto di medicina bioinformatica Dr. Ludwig\u201d<\/b><\/p><ul><li>Direttore dell\u2019 \u201cIstituto di Medicina Bioinformatica Dr. Ludwig\u201d<\/li><li>Consulente tecnico per le sostanze pericolose presso i vigili del fuoco di Bad Mergentheim<\/li><li>Nato nel 1961 (segno zodiacale Cancro) a Tauberbischofsheim<\/li><li>sposato con Angelika Beck, nata Heer, dal 1989<\/li><li>tre figlie: le gemelle Laura e Sina, Tara<\/li><li>Animale domestico: gatto \u201cChi-Chu\u201d<\/li><\/ul>\t\t\t\t\t\t\t\t<\/div>\n\t\t\t\t<\/div>\n\t\t\t\t\t<\/div>\n\t\t<\/div>\n\t\t\t\t<div class=\"elementor-column elementor-col-33 elementor-inner-column elementor-element elementor-element-0925844\" data-id=\"0925844\" data-element_type=\"column\" data-e-type=\"column\">\n\t\t\t<div class=\"elementor-widget-wrap elementor-element-populated\">\n\t\t\t\t\t\t<div class=\"elementor-element elementor-element-f391be8 elementor-widget elementor-widget-image\" data-id=\"f391be8\" data-element_type=\"widget\" data-e-type=\"widget\" data-widget_type=\"image.default\">\n\t\t\t\t<div class=\"elementor-widget-container\">\n\t\t\t\t\t\t\t\t\t\t\t\t\t\t\t<img fetchpriority=\"high\" decoding=\"async\" width=\"245\" height=\"300\" src=\"https:\/\/www.ams-ag.de\/wp-content\/uploads\/2023\/06\/csm_Frank_Beck_GF_06d1c7cd2a-245x300.jpg\" class=\"attachment-medium size-medium wp-image-2570\" alt=\"Dott. rer. netto. Frank Beck\" srcset=\"https:\/\/www.ams-ag.de\/wp-content\/uploads\/2023\/06\/csm_Frank_Beck_GF_06d1c7cd2a-245x300.jpg 245w, https:\/\/www.ams-ag.de\/wp-content\/uploads\/2023\/06\/csm_Frank_Beck_GF_06d1c7cd2a.jpg 250w\" sizes=\"(max-width: 245px) 100vw, 245px\" \/>\t\t\t\t\t\t\t\t\t\t\t\t\t\t\t<\/div>\n\t\t\t\t<\/div>\n\t\t\t\t\t<\/div>\n\t\t<\/div>\n\t\t\t\t\t<\/div>\n\t\t<\/section>\n\t\t\t\t\t<\/div>\n\t\t<\/div>\n\t\t\t\t\t<\/div>\n\t\t<\/section>\n\t\t\t\t<section class=\"elementor-section elementor-top-section elementor-element elementor-element-00b2e8c elementor-section-boxed elementor-section-height-default elementor-section-height-default\" data-id=\"00b2e8c\" data-element_type=\"section\" data-e-type=\"section\">\n\t\t\t\t\t\t<div class=\"elementor-container elementor-column-gap-default\">\n\t\t\t\t\t<div class=\"elementor-column elementor-col-100 elementor-top-column elementor-element elementor-element-7db3989\" data-id=\"7db3989\" data-element_type=\"column\" data-e-type=\"column\">\n\t\t\t<div class=\"elementor-widget-wrap elementor-element-populated\">\n\t\t\t\t\t\t<div class=\"elementor-element elementor-element-5e580a6 elementor-widget elementor-widget-heading\" data-id=\"5e580a6\" data-element_type=\"widget\" data-e-type=\"widget\" data-widget_type=\"heading.default\">\n\t\t\t\t<div class=\"elementor-widget-container\">\n\t\t\t\t\t<h2 class=\"elementor-heading-title elementor-size-default\">Vita<\/h2>\t\t\t\t<\/div>\n\t\t\t\t<\/div>\n\t\t\t\t<div class=\"elementor-element elementor-element-6f3f64b elementor-widget elementor-widget-text-editor\" data-id=\"6f3f64b\" data-element_type=\"widget\" data-e-type=\"widget\" data-widget_type=\"text-editor.default\">\n\t\t\t\t<div class=\"elementor-widget-container\">\n\t\t\t\t\t\t\t\t\t<table class=\"contenttable contenttable-0\">\n<tbody>\n<tr class=\"tr-even tr-0\">\n<td class=\"td-0\">1983<\/td>\n<td class=\"td-last td-1\">Medaglia d&#039;oro ai Campionati del mondo di scherma (fioretto, a squadre) a Vienna<\/td>\n<\/tr>\n<tr class=\"tr-odd tr-1\">\n<td class=\"td-0\">1984<\/td>\n<td class=\"td-last td-1\">Medaglia d&#039;argento ai Giochi Olimpici (fioretto, a squadre) di Los Angeles<\/td>\n<\/tr>\n<tr class=\"tr-even tr-2\">\n<td class=\"td-0\">84-92<\/td>\n<td class=\"td-last td-1\">Studi di chimica presso l&#039;Universit\u00e0 Julius Maximilian di W\u00fcrzburg (laurea: chimico qualificato)<\/td>\n<\/tr>\n<tr class=\"tr-odd tr-3\">\n<td class=\"td-0\">1992<\/td>\n<td class=\"td-last td-1\">Dottorato (incluso un focus sulla tossicologia)<\/td>\n<\/tr>\n<tr class=\"tr-even tr-4\">\n<td class=\"td-0\">92-97<\/td>\n<td class=\"td-last td-1\">Posizione dirigenziale in un&#039;azienda commerciale per la costruzione di macchine speciali con focus su ricerca\/sviluppo<\/td>\n<\/tr>\n<tr class=\"tr-odd tr-5\">\n<td class=\"td-0\">1997<\/td>\n<td class=\"td-last td-1\">Posizione di leader nel campo della tecnologia medica presso AMS \u2013 Advanced Medical Systems GmbH<\/td>\n<\/tr>\n<tr class=\"tr-even tr-6\">\n<td class=\"td-0\">dal 1998<\/td>\n<td class=\"td-last td-1\">Socio amministratore della AMS GmbH<\/td>\n<\/tr>\n<tr class=\"tr-odd tr-7\">\n<td class=\"td-0\">1999<\/td>\n<td class=\"td-last td-1\">Acquisizione e gestione dell&#039;\u201cIstituto di Medicina Bioinformatica Dr. Ludwig\u201d, con le principali aree di ricerca: terapia del campo magnetico, terapia di biorisonanza e regolazione, terapia del colore e laser e trasferimento di informazioni biofisiche<\/td>\n<\/tr>\n<tr class=\"tr-even tr-last\">\n<td class=\"td-0\">dal 1999<\/td>\n<td class=\"td-last td-1\">Conferenze nazionali e internazionali nei settori del campo magnetico e della terapia della biorisonanza, dell&#039;acqua come vettore di informazioni energetiche e della sensibilit\u00e0 all&#039;elettrosmog<\/td>\n<\/tr>\n<\/tbody>\n<\/table>\t\t\t\t\t\t\t\t<\/div>\n\t\t\t\t<\/div>\n\t\t\t\t\t<\/div>\n\t\t<\/div>\n\t\t\t\t\t<\/div>\n\t\t<\/section>\n\t\t\t\t<section class=\"elementor-section elementor-top-section elementor-element elementor-element-d99c03c elementor-section-boxed elementor-section-height-default elementor-section-height-default\" data-id=\"d99c03c\" data-element_type=\"section\" data-e-type=\"section\">\n\t\t\t\t\t\t<div class=\"elementor-container elementor-column-gap-default\">\n\t\t\t\t\t<div class=\"elementor-column elementor-col-100 elementor-top-column elementor-element elementor-element-4783df8\" data-id=\"4783df8\" data-element_type=\"column\" data-e-type=\"column\">\n\t\t\t<div class=\"elementor-widget-wrap elementor-element-populated\">\n\t\t\t\t\t\t<div class=\"elementor-element elementor-element-956ad3f elementor-widget elementor-widget-heading\" data-id=\"956ad3f\" data-element_type=\"widget\" data-e-type=\"widget\" data-widget_type=\"heading.default\">\n\t\t\t\t<div class=\"elementor-widget-container\">\n\t\t\t\t\t<h2 class=\"elementor-heading-title elementor-size-default\"><span style=\"color: inherit;font-family: inherit;font-size: 2rem;font-weight: 500\">Lezioni e attivit\u00e0 didattiche (estratto)<\/span><\/h2>\t\t\t\t<\/div>\n\t\t\t\t<\/div>\n\t\t\t\t<div class=\"elementor-element elementor-element-25d3216 elementor-widget elementor-widget-text-editor\" data-id=\"25d3216\" data-element_type=\"widget\" data-e-type=\"widget\" data-widget_type=\"text-editor.default\">\n\t\t\t\t<div class=\"elementor-widget-container\">\n\t\t\t\t\t\t\t\t\t<table class=\"contenttable contenttable-0\">\n<tbody>\n<tr class=\"tr-even tr-0\">\n<td class=\"td-0\">2024<\/td>\n<td class=\"td-last td-1\">In collaborazione con la piattaforma sanitaria\u00a0<b><a href=\"https:\/\/schnelleinfachgesund.de\/\" target=\"_blank\" rel=\"noopener\">Schnelleinfachgesund.de<\/a>,<\/b> Tema: <b>La verit\u00e0 su WiFi e Bluetooth<\/b><\/td>\n<\/tr>\n<tr class=\"tr-even tr-0\">\n<td class=\"td-0\">2023<\/td>\n<td class=\"td-last td-1\">In collaborazione con la piattaforma sanitaria\u00a0<b><a href=\"https:\/\/schnelleinfachgesund.de\/\" target=\"_blank\" rel=\"noopener\">Schnelleinfachgesund.de<\/a>,<\/b> Conferenza:\u00a0<b>Rafforza l\u2019autoregolazione \u2013 ritrova l\u2019equilibrio con le vibrazioni naturali!<\/b><\/td>\n<\/tr>\n<tr class=\"tr-even tr-0\">\n<td class=\"td-0\">2022<\/td>\n<td class=\"td-last td-1\">Vitality Water Congress 2022, conferenza: <b>Effetti dell&#039;elettrosmog sulla struttura dell&#039;acqua<b><\/b><\/b><\/td>\n<\/tr>\n<tr class=\"tr-odd tr-1\">\n<td class=\"td-0\">2022<\/td>\n<td class=\"td-last td-1\">Vitality Water Congress 2022, conferenza: <b>Elettrosmog\/5G. Quali opzioni di protezione ci sono?<b><\/b><\/b><\/td>\n<\/tr>\n<tr class=\"tr-even tr-2\">\n<td class=\"td-0\">2020<\/td>\n<td class=\"td-last td-1\">Fiera Paracelso a Wiesbaden, conferenza: <b>Scoperte pi\u00f9 recenti sugli effetti dell\u2019elettrosmog su di noi e sulla nostra acqua potabile, soprattutto tenendo conto della futura rete di telefonia mobile 5G. Quali opzioni di protezione ci sono?<b><\/b><\/b><\/td>\n<\/tr>\n<tr class=\"tr-odd tr-3\">\n<td class=\"td-0\">2019<\/td>\n<td class=\"td-last td-1\">23\u00b0 BBQ \u2013 Circolo di qualit\u00e0 berlinese-bavarese per metodi di guarigione naturali nel castello di Ziehten a Kremmen Conferenza: <b>La capacit\u00e0 dell\u2019acqua di immagazzinare energia e informazioni. Come utilizzo questa propriet\u00e0 per la mia salute?<b><\/b><\/b><\/td>\n<\/tr>\n<tr class=\"tr-even tr-4\">\n<td class=\"td-0\">2019<\/td>\n<td class=\"td-last td-1\">Giornate degli operatori sanitari animali a Hohenroda, discorso programmatico: <b>Gli effetti dell&#039;elettrosmog sulle persone e sugli animali, sulla nostra acqua potabile e sul nostro cibo. Quali opzioni di protezione ci sono?<b><\/b><\/b><\/td>\n<\/tr>\n<tr class=\"tr-odd tr-5\">\n<td class=\"td-0\">2019<\/td>\n<td class=\"td-last td-1\">20\u00b0 Simposio Internazionale di Medicina Bioinformatica in occasione della Settimana della Medicina a Baden-Baden, conferenza: <b>Quali opzioni di protezione mi offre la medicina bioinformatica per l\u2019elettrosensibilit\u00e0?<b><\/b><\/b><\/td>\n<\/tr>\n<tr class=\"tr-even tr-6\">\n<td class=\"td-0\">2018<\/td>\n<td class=\"td-last td-1\">31\u00b0 Congresso International de Medizina orthomoleculars e radicais livres a San Paolo \/ Brasile, conferenza: <b>Elettrosmog, o perigo invisibile! Possibilit\u00e0 di protezione passiva e attiva<b><\/b><\/b><\/td>\n<\/tr>\n<tr class=\"tr-odd tr-7\">\n<td class=\"td-0\">2018<\/td>\n<td class=\"td-last td-1\">CAM Fiera europea della medicina complementare e alternativa a D\u00fcsseldorf, conferenza: <b>Gli effetti dell&#039;elettrosmog sulle persone e sugli animali, sulla nostra acqua potabile e sul nostro cibo. Quali opzioni di protezione ci sono?<b><\/b><\/b><\/td>\n<\/tr>\n<tr class=\"tr-even tr-8\">\n<td class=\"td-0\">2018<\/td>\n<td class=\"td-last td-1\">36\u00b0 Giornate di Naturopatia della Germania meridionale a Fellbach, conferenza: <b>Elettrosmog, il pericolo invisibile! Le possibilit\u00e0 di protezione passiva e attiva<b><\/b><\/b><\/td>\n<\/tr>\n<tr class=\"tr-odd tr-9\">\n<td class=\"td-0\">2017<\/td>\n<td class=\"td-last td-1\">Congresso sull&#039;acqua dei tre paesi 2017, Forum del Lago di Costanza Costanza, conferenza: <b>Gli effetti dell&#039;elettrosmog sulla struttura dell&#039;acqua<b><\/b><\/b><\/td>\n<\/tr>\n<tr class=\"tr-even tr-10\">\n<td class=\"td-0\">2017<\/td>\n<td class=\"td-last td-1\">30\u00b0 Congresso International de Medizina orthomoleculars e radicais livres a San Paolo \/ Brasile, conferenza: <b>As possibilidades of Terapia do Campo Magn\u00e9tico e da Bioresson\u00e2ncia em fermidades agudas e cr\u00f4nicas<b><\/b><\/b><\/td>\n<\/tr>\n<tr class=\"tr-odd tr-11\">\n<td class=\"td-0\">2017<\/td>\n<td class=\"td-last td-1\">20\u00b0 BBQ \u2013 Circolo di qualit\u00e0 berlinese-bavarese per metodi di guarigione naturali a Nauen, conferenza: <b>Solo buone vibrazioni! Le possibilit\u00e0 del campo magnetico e della terapia di biorisonanza per malattie acute e croniche<b><\/b><\/b><\/td>\n<\/tr>\n<tr class=\"tr-even tr-12\">\n<td class=\"td-0\">2017<\/td>\n<td class=\"td-last td-1\">36\u00b0 Congresso DGfAN (Societ\u00e0 tedesca di agopuntura e terapia neurale) a Erfurt, conferenza plenaria: <b>Modelli efficaci di medicina bioinformatica \u2013 teoria e pratica<b><\/b><\/b><\/td>\n<\/tr>\n<tr class=\"tr-odd tr-13\">\n<td class=\"td-0\">2016<\/td>\n<td class=\"td-last td-1\">17\u00b0 Simposio Internazionale di Medicina Bioinformatica in occasione della Settimana della Medicina a Baden-Baden, conferenza: <b>Test digitali con informazioni analogiche! Come funziona?<b><\/b><\/b><\/td>\n<\/tr>\n<tr class=\"tr-even tr-14\">\n<td class=\"td-0\">2016<\/td>\n<td class=\"td-last td-1\">34\u00b0 Giornate di Naturopatia della Germania meridionale a Fellbach, conferenza: <b>Le possibilit\u00e0 del campo magnetico e della terapia di biorisonanza per malattie acute e croniche<b><\/b><\/b><\/td>\n<\/tr>\n<tr class=\"tr-odd tr-15\">\n<td class=\"td-0\">2015<\/td>\n<td class=\"td-last td-1\">34\u00b0 Congresso DGfAN (Societ\u00e0 tedesca di agopuntura e terapia neurale) a Erfurt, conferenza plenaria: <b>Elettrosmog \u2013 Gli effetti sulla nostra salute e come possiamo proteggerci<b><\/b><\/b><\/td>\n<\/tr>\n<tr class=\"tr-even tr-16\">\n<td class=\"td-0\">2015<\/td>\n<td class=\"td-last td-1\">Fiera di Paracelso a Wallau, conferenza: <b>La capacit\u00e0 dell\u2019acqua di immagazzinare energia e informazioni. Come utilizzo questa propriet\u00e0 per la mia salute?<b><\/b><\/b><\/td>\n<\/tr>\n<tr class=\"tr-odd tr-17\">\n<td class=\"td-0\">2014<\/td>\n<td class=\"td-last td-1\">15\u00b0 Simposio Internazionale di Medicina Bioinformatica in occasione della Settimana della Medicina a Baden-Baden, conferenza: <b>L&#039;acqua ha una memoria? Modelli efficaci di medicina bioinformatica<b><\/b><\/b><\/td>\n<\/tr>\n<tr class=\"tr-even tr-18\">\n<td class=\"td-0\">2014<\/td>\n<td class=\"td-last td-1\">5\u00b0 Congresso Internazionale di Terapia Neurale a Istanbul \/ T\u00fcrkiye, conferenza: <b> Elettrosmog \u2013 Gli effetti sulla nostra salute e come possiamo proteggerci<b><\/b><\/b><\/td>\n<\/tr>\n<tr class=\"tr-odd tr-19\">\n<td class=\"td-0\">2014<\/td>\n<td class=\"td-last td-1\">33\u00b0 Congresso DGfAN (Societ\u00e0 tedesca di agopuntura e terapia neurale) a Erfurt, conferenza plenaria: <b>L&#039;acqua ha una memoria? Modelli efficaci di omeopatia e medicina bioinformatica<b><\/b><\/b><\/td>\n<\/tr>\n<tr class=\"tr-even tr-20\">\n<td class=\"td-0\">2013<\/td>\n<td class=\"td-last td-1\">Gestione del 14\u00b0 Simposio Internazionale di Medicina Bioinformatica in occasione della Settimana Medica a Baden-Baden, tema: <b>Migliorare la capacit\u00e0 di regolazione attraverso processi bioinformativi<b><\/b><\/b><\/td>\n<\/tr>\n<tr class=\"tr-odd tr-21\">\n<td class=\"td-0\">2013<\/td>\n<td class=\"td-last td-1\">Assemblea generale della Societ\u00e0 Svizzera per l&#039;Energia, la Biorisonanza e la Medicina dell&#039;Informazione (SEBIM) a Zurigo \/ Svizzera, conferenza: <b>Test digitali con informazioni analogiche! Come funziona?<b><\/b><\/b><\/td>\n<\/tr>\n<tr class=\"tr-even tr-22\">\n<td class=\"td-0\">2012<\/td>\n<td class=\"td-last td-1\">4\u00b0 Congresso Internazionale di Terapia Neurale a Istanbul \/ T\u00fcrkiye, conferenza: <b>Tecnologia medica e moderni metodi di guarigione naturale in un unico sistema<b> Gestione dell&#039;officina: <b>Le possibilit\u00e0 dei metodi bioinformativi nella pratica<b><\/b><\/b><\/b><\/b><\/td>\n<\/tr>\n<tr class=\"tr-odd tr-23\">\n<td class=\"td-0\">2011<\/td>\n<td class=\"td-last td-1\">Gestione del 13\u00b0 Simposio Internazionale sulla Medicina Bioinformatica in occasione della Settimana Medica a Baden-Baden, argomento: <b>La nuova generazione C \u2013 Tutto in un unico sistema! Test e terapia \u2013 Analogico e digitale<b><\/b><\/b><\/td>\n<\/tr>\n<tr class=\"tr-even tr-24\">\n<td class=\"td-0\">2011<\/td>\n<td class=\"td-last td-1\">Fiera Paracelso a Wiesbaden, conferenza: <b>Uso e applicazione del campo magnetico pulsante. Terapia attraverso l&#039;informazione \u2013 senza effetti collaterali<b><\/b><\/b><\/td>\n<\/tr>\n<tr class=\"tr-odd tr-25\">\n<td class=\"td-0\">2010<\/td>\n<td class=\"td-last td-1\">Gestione del Simposio Internazionale sulla Medicina Bioinformatica in occasione della Settimana Medica a Baden-Baden, argomento: <b>Resistenza alla terapia? Cosa fare? Luce e colori come parte della regolazione e della terapia di biorisonanza<b><\/b><\/b><\/td>\n<\/tr>\n<tr class=\"tr-even tr-26\">\n<td class=\"td-0\">2010<\/td>\n<td class=\"td-last td-1\">23\u00b0 Congresso International de Medizina orthomoleculars e radicais livres a San Paolo \/ Brasile, conferenza: <b>Interacao Terapeutica por Metodologia Complementar<b><\/b><\/b><\/td>\n<\/tr>\n<tr class=\"tr-odd tr-27\">\n<td class=\"td-0\">2009<\/td>\n<td class=\"td-last td-1\">Giornate degli operatori sanitari animali a Hohenroda, discorso programmatico: <b>L&#039;acqua ha una memoria? Modelli efficaci di omeopatia e medicina bioinformatica<b><\/b><\/b><\/td>\n<\/tr>\n<tr class=\"tr-even tr-28\">\n<td class=\"td-0\">2009<\/td>\n<td class=\"td-last td-1\">Il VII Congresso Internazionale sulla Salute e la Gestione Orodentale nei Paesi del Mar Nero a Costanza \/ Romania, conferenza: <b>Fondamenti scientifici e applicazione della terapia del campo magnetico e della biorisonanza in odontoiatria naturopatica, insegnamento dal 28 al 31 maggio: <b>Odontoiatria complementare focalizzata sul tempo<b><\/b><\/b><\/b><\/td>\n<\/tr>\n<tr class=\"tr-odd tr-29\">\n<td class=\"td-0\">2008<\/td>\n<td class=\"td-last td-1\">Gestione del Simposio Internazionale sulla Medicina Bioinformatica in occasione della Settimana Medica a Baden-Baden, argomento: <b>Guarire con la bioinformazione \u2013 concetti pratici di trattamento<b><\/b><\/b><\/td>\n<\/tr>\n<tr class=\"tr-even tr-30\">\n<td class=\"td-0\">2008<\/td>\n<td class=\"td-last td-1\">Facolt\u00e0 di Odontoiatria e Farmacia dell&#039;Universit\u00e0 \u201cOvidius\u201d Constanta di Constanta \/ Romania, lezioni dal 25 al 31 maggio: <b>Terapia del campo magnetico in pratica, prova dell&#039;omeopatia con l&#039;acqua<b><\/b><\/b><\/td>\n<\/tr>\n<tr class=\"tr-odd tr-31\">\n<td class=\"td-0\">2008<\/td>\n<td class=\"td-last td-1\">21\u00b0 Congresso International de Medizina orthomoleculars e radicais livres a San Paolo \/ Brasile, conferenza: <b>Novos Avancos com campo magnetico pulsante e gestione del simposio: Simposio Satelite com o topic: campo magnetico pulsante<b><\/b><\/b><\/td>\n<\/tr>\n<tr class=\"tr-even tr-32\">\n<td class=\"td-0\">2007<\/td>\n<td class=\"td-last td-1\">Facolt\u00e0 di Odontoiatria e Farmacia dell&#039;Universit\u00e0 \u201cOvidius\u201d Constanta di Costanza \/ Romania, conferenza: <b>Terapia del campo magnetico e medicina magnetica ad alta tecnologia<b><\/b><\/b><\/td>\n<\/tr>\n<tr class=\"tr-odd tr-last\">\n<td class=\"td-0\">2006<\/td>\n<td class=\"td-last td-1\">19\u00b0 Congresso International de Medizina orthomoleculars e radicais livres a San Paolo \/ Brasile, conferenza: <b>Terapia del campo magnetico e medicina bioinformatica<\/b><\/td>\n<\/tr>\n<\/tbody>\n<\/table>\t\t\t\t\t\t\t\t<\/div>\n\t\t\t\t<\/div>\n\t\t\t\t\t<\/div>\n\t\t<\/div>\n\t\t\t\t\t<\/div>\n\t\t<\/section>\n\t\t\t\t<section class=\"elementor-section elementor-top-section elementor-element elementor-element-a8309b5 elementor-section-boxed elementor-section-height-default elementor-section-height-default\" data-id=\"a8309b5\" data-element_type=\"section\" data-e-type=\"section\" data-settings=\"{&quot;background_background&quot;:&quot;classic&quot;}\">\n\t\t\t\t\t\t<div class=\"elementor-container elementor-column-gap-default\">\n\t\t\t\t\t<div class=\"elementor-column elementor-col-100 elementor-top-column elementor-element elementor-element-c66b0ff\" data-id=\"c66b0ff\" data-element_type=\"column\" data-e-type=\"column\">\n\t\t\t<div class=\"elementor-widget-wrap elementor-element-populated\">\n\t\t\t\t\t\t<div class=\"elementor-element elementor-element-93147df elementor-align-right elementor-mobile-align-center elementor-widget elementor-widget-button\" data-id=\"93147df\" data-element_type=\"widget\" data-e-type=\"widget\" data-widget_type=\"button.default\">\n\t\t\t\t<div class=\"elementor-widget-container\">\n\t\t\t\t\t\t\t\t\t<div class=\"elementor-button-wrapper\">\n\t\t\t\t\t<a class=\"elementor-button elementor-button-link elementor-size-sm\" href=\"https:\/\/www.ams-ag.de\/it\/ueber-ams\/ams-team\/\">\n\t\t\t\t\t\t<span class=\"elementor-button-content-wrapper\">\n\t\t\t\t\t\t<span class=\"elementor-button-icon\">\n\t\t\t\t<i aria-hidden=\"true\" class=\"fas fa-arrow-right\"><\/i>\t\t\t<\/span>\n\t\t\t\t\t\t\t\t\t<span class=\"elementor-button-text\">squadra dell&#039;AMS<\/span>\n\t\t\t\t\t<\/span>\n\t\t\t\t\t<\/a>\n\t\t\t\t<\/div>\n\t\t\t\t\t\t\t\t<\/div>\n\t\t\t\t<\/div>\n\t\t\t\t\t<\/div>\n\t\t<\/div>\n\t\t\t\t\t<\/div>\n\t\t<\/section>\n\t\t\t\t<\/div>","protected":false},"excerpt":{"rendered":"<p>Dr. rer. nat. Frank Beck Gesch\u00e4ftsf\u00fchrer und alleiniger Gesellschafter der AMS GmbH, Leiter des &#8222;Instituts f\u00fcr Bioinformative Medizin Dr. Ludwig&#8220; Leitung des &#8222;Instituts f\u00fcr Bioinformative Medizin Dr. Ludwig&#8220; Technischer Fachberater [&hellip;]<\/p>\n","protected":false},"author":1,"featured_media":0,"parent":177,"menu_order":2,"comment_status":"closed","ping_status":"closed","template":"","meta":{"pmpro_default_level":"","footnotes":""},"class_list":["post-2568","page","type-page","status-publish","hentry","pmpro-has-access"],"_links":{"self":[{"href":"https:\/\/www.ams-ag.de\/it\/wp-json\/wp\/v2\/pages\/2568","targetHints":{"allow":["GET"]}}],"collection":[{"href":"https:\/\/www.ams-ag.de\/it\/wp-json\/wp\/v2\/pages"}],"about":[{"href":"https:\/\/www.ams-ag.de\/it\/wp-json\/wp\/v2\/types\/page"}],"author":[{"embeddable":true,"href":"https:\/\/www.ams-ag.de\/it\/wp-json\/wp\/v2\/users\/1"}],"replies":[{"embeddable":true,"href":"https:\/\/www.ams-ag.de\/it\/wp-json\/wp\/v2\/comments?post=2568"}],"version-history":[{"count":9,"href":"https:\/\/www.ams-ag.de\/it\/wp-json\/wp\/v2\/pages\/2568\/revisions"}],"predecessor-version":[{"id":18760,"href":"https:\/\/www.ams-ag.de\/it\/wp-json\/wp\/v2\/pages\/2568\/revisions\/18760"}],"up":[{"embeddable":true,"href":"https:\/\/www.ams-ag.de\/it\/wp-json\/wp\/v2\/pages\/177"}],"wp:attachment":[{"href":"https:\/\/www.ams-ag.de\/it\/wp-json\/wp\/v2\/media?parent=2568"}],"curies":[{"name":"wp","href":"https:\/\/api.w.org\/{rel}","templated":true}]}}