{"id":2461,"date":"2023-05-11T16:50:34","date_gmt":"2023-05-11T14:50:34","guid":{"rendered":"http:\/\/www.ams-ag.de\/?page_id=2461"},"modified":"2024-09-05T17:57:12","modified_gmt":"2024-09-05T15:57:12","slug":"termini-e-condizioni-generali","status":"publish","type":"page","link":"https:\/\/www.ams-ag.de\/it\/agb\/","title":{"rendered":"Termini e Condizioni"},"content":{"rendered":"<div data-elementor-type=\"wp-page\" data-elementor-id=\"2461\" class=\"elementor elementor-2461\" data-elementor-post-type=\"page\">\n\t\t\t\t\t\t<section class=\"elementor-section elementor-top-section elementor-element elementor-element-28c086de elementor-section-boxed elementor-section-height-default elementor-section-height-default\" data-id=\"28c086de\" data-element_type=\"section\" data-e-type=\"section\">\n\t\t\t\t\t\t<div class=\"elementor-container elementor-column-gap-default\">\n\t\t\t\t\t<div class=\"elementor-column elementor-col-100 elementor-top-column elementor-element elementor-element-29ee1980\" data-id=\"29ee1980\" data-element_type=\"column\" data-e-type=\"column\">\n\t\t\t<div class=\"elementor-widget-wrap elementor-element-populated\">\n\t\t\t\t\t\t<div class=\"elementor-element elementor-element-44754997 elementor-widget elementor-widget-heading\" data-id=\"44754997\" data-element_type=\"widget\" data-e-type=\"widget\" data-widget_type=\"heading.default\">\n\t\t\t\t<div class=\"elementor-widget-container\">\n\t\t\t\t\t<h1 class=\"elementor-heading-title elementor-size-default\">Benvenuti alla AMS GmbH!<\/h1>\t\t\t\t<\/div>\n\t\t\t\t<\/div>\n\t\t\t\t<div class=\"elementor-element elementor-element-dbe26be elementor-widget elementor-widget-heading\" data-id=\"dbe26be\" data-element_type=\"widget\" data-e-type=\"widget\" data-widget_type=\"heading.default\">\n\t\t\t\t<div class=\"elementor-widget-container\">\n\t\t\t\t\t<h2 class=\"elementor-heading-title elementor-size-default\">TERMINI E CONDIZIONI GENERALI (CGC) di AMS Advanced Medical Systems GmbH<\/h2>\t\t\t\t<\/div>\n\t\t\t\t<\/div>\n\t\t\t\t<div class=\"elementor-element elementor-element-c0f6db2 elementor-widget elementor-widget-text-editor\" data-id=\"c0f6db2\" data-element_type=\"widget\" data-e-type=\"widget\" data-widget_type=\"text-editor.default\">\n\t\t\t\t<div class=\"elementor-widget-container\">\n\t\t\t\t\t\t\t\t\t<p>A partire dal: 1 settembre 2023<\/p><p>\u00c8 possibile scaricare la versione attuale delle condizioni generali di contratto di questo negozio come cosiddetto file Acrobat Reader (file PDF).\u00a0 <b><a href=\"https:\/\/www.ams-ag.de\/wp-content\/uploads\/2023\/10\/AMS_AGB_shop.pdf\" target=\"_blank\" rel=\"noopener\">Negozio AMS Condizioni Generali<\/a><\/b>\u00a0o \u00e8 permanentemente sotto <a href=\"https:\/\/www.ams-ag.de\/it\/\" target=\"_blank\" rel=\"noopener\">www.ams-ag.de<\/a> salvato. \u00c8 inoltre possibile in qualsiasi momento stampare le Condizioni Generali utilizzando le funzioni generali del browser (menu \u201cFile\u201d \u2013 comando \u201cStampa\u201d) oppure copiarle sul proprio disco fisso o su altro supporto di memorizzazione (menu \u201cFile\u201d \u2013 comando \u201cSalva\u201d).<\/p><hr \/><h3><b>1. Ambito<\/b><\/h3><p>I seguenti termini e condizioni generali (CGC) si applicano a tutti i contratti, consegne e altri servizi ai consumatori.<\/p><p>Un consumatore \u00e8 qualsiasi persona fisica che conclude un negozio giuridico per uno scopo che non pu\u00f2 essere prevalentemente attribuito n\u00e9 alla sua attivit\u00e0 commerciale n\u00e9 a quella professionale indipendente.<\/p><hr \/><h3><b>2. Offerta<\/b><\/h3><p>Le nostre offerte non sono vincolanti. La presentazione dei prodotti nel nostro negozio online non costituisce un&#039;offerta giuridicamente vincolante ma piuttosto un invito all&#039;ordine Sono possibili piccole deviazioni e modifiche tecniche rispetto alle nostre illustrazioni o descrizioni.<\/p><hr \/><h3><b>3. Prezzi, consegna e spese di spedizione<\/b><\/h3><p>Le condizioni di consegna di AMS sono dettagliate nel modulo d&#039;ordine. Non esiste una quantit\u00e0 minima di ordine. Tutti i nostri prezzi includono l&#039;IVA prevista dalla legge, che attualmente ammonta a 19% o 7% (libri). In Germania la spedizione dei libri, del \u201cGlucosamine Gold Gel\u201d (cod. n. 650) e del CD-ROM MEDICINA BIOINFORMATIVA (cod. n. 406) \u00e8 gratuita. Per tutti gli altri prodotti addebitiamo una tariffa fissa di spedizione in Germania di 7 euro o 15 euro a seconda del prodotto. Le fiale dei campioni, la punta di attacco per il laser CEPES e il supporto per fiale vengono spediti in Germania con spese di spedizione di 4 euro. Le spese di spedizione applicabili ti saranno chiaramente comunicate nel sistema del carrello o nella pagina dell&#039;ordine. Per le consegne negli altri paesi CE o in tutti gli altri paesi si applicano costi di spedizione differenti, visualizzati anche nella pagina dell&#039;ordine.<\/p><hr \/><h3><b>4. Tempi di consegna<\/b><\/h3><p>La merce ordinata verr\u00e0 spedita entro un massimo di 3 giorni lavorativi. Eventuali tempi di consegna diversi verranno segnalati nella rispettiva pagina prodotto.<\/p><hr \/><h3><b>5. Politica di cancellazione<\/b><\/h3><p>Se sei un imprenditore ai sensi del \u00a7 14 del Codice civile tedesco (BGB) e al momento della conclusione del contratto agisci nell&#039;esercizio della tua attivit\u00e0 commerciale o autonoma, non hai il diritto di recesso.<\/p><p><b>Diritto di recesso<\/b><\/p><p>Hai il diritto di recedere dal presente contratto entro quattordici giorni senza fornire alcuna motivazione. Il periodo di recesso \u00e8 di quattordici giorni dal giorno in cui tu o un terzo da te nominato che non \u00e8 il trasportatore avete preso possesso dell&#039;ultima merce.<\/p><p>Per esercitare il diritto di recesso \u00e8 necessario contattarci (AMS GmbH, Hauptstra\u00dfe 26, 97990 Weikersheim, telefono 07934\/993489-0, fax 07934\/993489-44, email\u00a0<a href=\"mailto:info@ams-ag.de\">info@ams-ag.de<\/a>) informarti della tua decisione di recedere dal presente contratto mediante una dichiarazione chiara (ad esempio una lettera inviata per posta, fax o e-mail). \u00c8 possibile utilizzare il seguente modulo di cancellazione campione, sebbene non sia obbligatorio.<\/p><p><b>Esempio di modulo di cancellazione<\/b><\/p><p>A: AMS GmbH, Hauptstra\u00dfe 26, 97990 Weikersheim<br \/>Telefono 07934\/993489-0, Fax 07934\/993489-44 (alla tariffa locale vigente)<br \/>e-mail\u00a0 <a href=\"mailto:info@ams-ag.de\">info@ams-ag.de<\/a><br \/><a href=\"mailto:info@ams-ag.de\">info@ams-ag.de<\/a><\/p><p>Io\/noi (*) revoco il contratto da me\/noi (*) concluso per l&#039;acquisto dei seguenti beni (*)\/la fornitura del seguente servizio (*)<\/p><p class=\"bodytext\">__________________________<\/p><p class=\"bodytext\">__________________________<\/p><p class=\"bodytext\">Ordinato il (*)________ \/ ricevuto il (*)________<\/p><p class=\"bodytext\">__________________________<\/p><p class=\"bodytext\">Nome del(i) consumatore(i)<\/p><p class=\"bodytext\">\u00a0__________________________<\/p><p class=\"bodytext\">Indirizzo del(i) consumatore(i)<\/p><p class=\"bodytext\">___________________________<\/p><p class=\"bodytext\">Firma del\/i consumatore\/i (solo per notifica cartacea)<\/p><p class=\"bodytext\">___________________________<\/p><p>Data<br \/>(*) Cancellare quanto non pertinente.<\/p><p>Per rispettare il termine di recesso \u00e8 sufficiente che invii la notifica dell&#039;esercizio del diritto di recesso prima della scadenza del periodo di recesso.<\/p><p><b>Conseguenze della revoca<\/b><\/p><p>\u00c8 necessario restituirci o consegnarci la merce immediatamente e comunque entro e non oltre quattordici giorni dal giorno in cui ci informate della risoluzione del presente contratto. Il termine \u00e8 rispettato se spedisci i beni prima della scadenza del periodo di quattordici giorni. Sostieni i costi diretti della restituzione della merce.<\/p><p>Sei responsabile dell&#039;eventuale perdita di valore dei beni solo se tale perdita di valore \u00e8 dovuta a una manipolazione diversa da quella necessaria per stabilire la natura, le caratteristiche e la funzionalit\u00e0 dei beni.<\/p><p>FINE DELLA POLITICA DI CANCELLAZIONE<\/p><p><b>LA NOSTRA GARANZIA DI RESO VOLONTARIO per l&#039;articolo\/ordine n. 100-107 (MEDISEND, MEDISEND protected, MEDICUR pro, METRONOM solar, METRONOM C, MEDICUR color e laser CEPES):<br \/>Fatti salvi i tuoi diritti legali, AMS ti offre la seguente garanzia di restituzione volontaria:<br \/>Puoi restituire tutti i piccoli elettrodomestici sopra menzionati (articolo\/ordine n. 100-107) ad AMS entro 90 giorni dal ricevimento della merce.<\/b><\/p><p><b>Se restituisci la merce in conformit\u00e0 con la Garanzia di reso volontario, ti rimborseremo il prezzo di acquisto gi\u00e0 pagato, ma non i costi di spedizione del tuo acquisto originale. Il prerequisito \u00e8 che la merce sia in perfette condizioni. \u00c8 tuttavia consentito l&#039;uso previsto della merce. Non \u00e8 necessario sostituire le batterie usate con batterie nuove. Il rischio del trasporto e le spese di restituzione sono a tuo carico.<\/b><br \/><b>Questa garanzia di restituzione estesa non limita i tuoi diritti legali e quindi non limita il tuo diritto di recesso come sopra descritto.<\/b><\/p><p>Questa garanzia di reso volontario non \u00e8 valida per la merce a prezzo ridotto e in occasione di campagne di vendita speciali.<\/p><hr \/><h3><b>6. Legge sulla risoluzione delle controversie dei consumatori<\/b><\/h3><p>La legge sulla risoluzione delle controversie dei consumatori (VSBG) non si applica all&#039;AMS a causa del numero di dipendenti impiegati. L&#039;AMS non prende parte a una procedura di risoluzione delle controversie dinanzi a un collegio arbitrale dei consumatori.<\/p><hr \/><h3><b>7. Modalit\u00e0 di pagamento<\/b><\/h3><p>Il pagamento pu\u00f2 essere effettuato sia in anticipo (con la conferma dell&#039;ordine riceverete una fattura PDF con le necessarie coordinate bancarie e vi consegneremo la merce dopo aver ricevuto il pagamento), in contrassegno (possibile solo in Germania e solo possibile se viene effettuata o selezionata la spedizione tramite GLS), addebito diretto\/addebito diretto (possibile in tutta Europa), carta di credito (Master e Visa; l&#039;addebito sulla tua carta di credito verr\u00e0 effettuato al completamento dell&#039;ordine), PayPal (devi essere sempre registrato con PayPal o registrati prima, autenticati con i tuoi dati di accesso e conferma con noi le istruzioni di pagamento) e tramite fattura (possibile solo per i clienti esistenti).<\/p><hr \/><h3><b>8. Dichiarazione di non responsabilit\u00e0<\/b><\/h3><p>L&#039;utilizzo dei prodotti offerti \u00e8 a proprio rischio. I prodotti non sostituiscono in alcun modo la visita e il trattamento da parte di un medico o di un professionista alternativo. Nessuno dei prodotti, ad eccezione del prodotto MEDICUR pro, \u00e8 un dispositivo medico ai sensi della MPG (Legge sui dispositivi medici).<\/p><hr \/><h3><b>9. Riserva di propriet\u00e0<\/b><\/h3><p>La merce resta di propriet\u00e0 di AMS fino al completo pagamento.<\/p><hr \/><h3><b>10. Archiviazione dei dati<\/b><\/h3><p>Ai sensi dell&#039;articolo 28 della legge federale sulla protezione dei dati (BDSG), desideriamo sottolineare che i dati necessari per le transazioni commerciali vengono elaborati e archiviati tramite un sistema informatico ai sensi dell&#039;articolo 33 (BDSG). Naturalmente i dati personali saranno trattati in modo confidenziale e non saranno ceduti a terzi.<\/p>\t\t\t\t\t\t\t\t<\/div>\n\t\t\t\t<\/div>\n\t\t\t\t\t<\/div>\n\t\t<\/div>\n\t\t\t\t\t<\/div>\n\t\t<\/section>\n\t\t\t\t<section class=\"elementor-section elementor-top-section elementor-element elementor-element-f162e14 elementor-section-boxed elementor-section-height-default elementor-section-height-default\" data-id=\"f162e14\" data-element_type=\"section\" data-e-type=\"section\" data-settings=\"{&quot;background_background&quot;:&quot;classic&quot;}\">\n\t\t\t\t\t\t<div class=\"elementor-container elementor-column-gap-default\">\n\t\t\t\t\t<div class=\"elementor-column elementor-col-100 elementor-top-column elementor-element elementor-element-2c7e19b\" data-id=\"2c7e19b\" data-element_type=\"column\" data-e-type=\"column\">\n\t\t\t<div class=\"elementor-widget-wrap elementor-element-populated\">\n\t\t\t\t\t\t<div class=\"elementor-element elementor-element-fccb9c4 elementor-align-right elementor-mobile-align-center elementor-widget elementor-widget-button\" data-id=\"fccb9c4\" data-element_type=\"widget\" data-e-type=\"widget\" data-widget_type=\"button.default\">\n\t\t\t\t<div class=\"elementor-widget-container\">\n\t\t\t\t\t\t\t\t\t<div class=\"elementor-button-wrapper\">\n\t\t\t\t\t<a class=\"elementor-button elementor-button-link elementor-size-sm\" href=\"https:\/\/www.ams-ag.de\/it\/impressum\/\">\n\t\t\t\t\t\t<span class=\"elementor-button-content-wrapper\">\n\t\t\t\t\t\t<span class=\"elementor-button-icon\">\n\t\t\t\t<i aria-hidden=\"true\" class=\"fas fa-arrow-right\"><\/i>\t\t\t<\/span>\n\t\t\t\t\t\t\t\t\t<span class=\"elementor-button-text\">impronta<\/span>\n\t\t\t\t\t<\/span>\n\t\t\t\t\t<\/a>\n\t\t\t\t<\/div>\n\t\t\t\t\t\t\t\t<\/div>\n\t\t\t\t<\/div>\n\t\t\t\t\t<\/div>\n\t\t<\/div>\n\t\t\t\t\t<\/div>\n\t\t<\/section>\n\t\t\t\t<\/div>","protected":false},"excerpt":{"rendered":"<p>Herzlich Willkommen bei der AMS GmbH! ALLGEMEINE GESCH\u00c4FTSBEDINGUNGEN (AGB) der AMS Advanced Medical Systems GmbH Stand: 01.09.2023 Die jeweils aktuelle Version der Allgemeinen Gesch\u00e4ftsbedingungen dieses Shops k\u00f6nnen Sie sich als [&hellip;]<\/p>\n","protected":false},"author":1,"featured_media":0,"parent":0,"menu_order":10,"comment_status":"closed","ping_status":"closed","template":"","meta":{"pmpro_default_level":"","footnotes":""},"class_list":["post-2461","page","type-page","status-publish","hentry","pmpro-has-access"],"_links":{"self":[{"href":"https:\/\/www.ams-ag.de\/it\/wp-json\/wp\/v2\/pages\/2461","targetHints":{"allow":["GET"]}}],"collection":[{"href":"https:\/\/www.ams-ag.de\/it\/wp-json\/wp\/v2\/pages"}],"about":[{"href":"https:\/\/www.ams-ag.de\/it\/wp-json\/wp\/v2\/types\/page"}],"author":[{"embeddable":true,"href":"https:\/\/www.ams-ag.de\/it\/wp-json\/wp\/v2\/users\/1"}],"replies":[{"embeddable":true,"href":"https:\/\/www.ams-ag.de\/it\/wp-json\/wp\/v2\/comments?post=2461"}],"version-history":[{"count":9,"href":"https:\/\/www.ams-ag.de\/it\/wp-json\/wp\/v2\/pages\/2461\/revisions"}],"predecessor-version":[{"id":18442,"href":"https:\/\/www.ams-ag.de\/it\/wp-json\/wp\/v2\/pages\/2461\/revisions\/18442"}],"wp:attachment":[{"href":"https:\/\/www.ams-ag.de\/it\/wp-json\/wp\/v2\/media?parent=2461"}],"curies":[{"name":"wp","href":"https:\/\/api.w.org\/{rel}","templated":true}]}}