{"id":177,"date":"2023-02-14T06:23:34","date_gmt":"2023-02-14T05:23:34","guid":{"rendered":"http:\/\/www.ams-ag.de\/?page_id=177"},"modified":"2024-04-28T21:29:29","modified_gmt":"2024-04-28T19:29:29","slug":"tramite-em","status":"publish","type":"page","link":"https:\/\/www.ams-ag.de\/it\/ueber-ams\/","title":{"rendered":"tramite AMS"},"content":{"rendered":"<div data-elementor-type=\"wp-page\" data-elementor-id=\"177\" class=\"elementor elementor-177\" data-elementor-post-type=\"page\">\n\t\t\t\t\t\t<section class=\"elementor-section elementor-top-section elementor-element elementor-element-91bd841 elementor-section-boxed elementor-section-height-default elementor-section-height-default\" data-id=\"91bd841\" data-element_type=\"section\" data-e-type=\"section\">\n\t\t\t\t\t\t<div class=\"elementor-container elementor-column-gap-default\">\n\t\t\t\t\t<div class=\"elementor-column elementor-col-100 elementor-top-column elementor-element elementor-element-be57439\" data-id=\"be57439\" data-element_type=\"column\" data-e-type=\"column\">\n\t\t\t<div class=\"elementor-widget-wrap elementor-element-populated\">\n\t\t\t\t\t\t<div class=\"elementor-element elementor-element-1e251fe6 elementor-widget elementor-widget-heading\" data-id=\"1e251fe6\" data-element_type=\"widget\" data-e-type=\"widget\" data-widget_type=\"heading.default\">\n\t\t\t\t<div class=\"elementor-widget-container\">\n\t\t\t\t\t<h1 class=\"elementor-heading-title elementor-size-default\">A proposito dell&#039;AMS<\/h1>\t\t\t\t<\/div>\n\t\t\t\t<\/div>\n\t\t\t\t\t<\/div>\n\t\t<\/div>\n\t\t\t\t\t<\/div>\n\t\t<\/section>\n\t\t\t\t<section class=\"elementor-section elementor-top-section elementor-element elementor-element-a68b91f elementor-section-boxed elementor-section-height-default elementor-section-height-default\" data-id=\"a68b91f\" data-element_type=\"section\" data-e-type=\"section\">\n\t\t\t\t\t\t<div class=\"elementor-container elementor-column-gap-default\">\n\t\t\t\t\t<div class=\"elementor-column elementor-col-100 elementor-top-column elementor-element elementor-element-30efd8c\" data-id=\"30efd8c\" data-element_type=\"column\" data-e-type=\"column\">\n\t\t\t<div class=\"elementor-widget-wrap elementor-element-populated\">\n\t\t\t\t\t\t<div class=\"elementor-element elementor-element-62109b5 elementor-widget elementor-widget-heading\" data-id=\"62109b5\" data-element_type=\"widget\" data-e-type=\"widget\" data-widget_type=\"heading.default\">\n\t\t\t\t<div class=\"elementor-widget-container\">\n\t\t\t\t\t<h2 class=\"elementor-heading-title elementor-size-default\">Ciao e benvenuto!<\/h2>\t\t\t\t<\/div>\n\t\t\t\t<\/div>\n\t\t\t\t<div class=\"elementor-element elementor-element-401cdb3c elementor-widget elementor-widget-text-editor\" data-id=\"401cdb3c\" data-element_type=\"widget\" data-e-type=\"widget\" data-widget_type=\"text-editor.default\">\n\t\t\t\t<div class=\"elementor-widget-container\">\n\t\t\t\t\t\t\t\t\t<p>In questa sezione potrete scoprire di pi\u00f9 su di noi e sulla nostra azienda. Incontro con l&#039;amministratore delegato Dott. Conosci Frank Beck e l&#039;intero team, leggi di Dr. Ludwig, il padre della terapia del campo magnetico e guarda brevi video informativi.<\/p>\t\t\t\t\t\t\t\t<\/div>\n\t\t\t\t<\/div>\n\t\t\t\t\t<\/div>\n\t\t<\/div>\n\t\t\t\t\t<\/div>\n\t\t<\/section>\n\t\t\t\t<section class=\"elementor-section elementor-top-section elementor-element elementor-element-98c3102 elementor-section-boxed elementor-section-height-default elementor-section-height-default\" data-id=\"98c3102\" data-element_type=\"section\" data-e-type=\"section\">\n\t\t\t\t\t\t<div class=\"elementor-container elementor-column-gap-default\">\n\t\t\t\t\t<div class=\"elementor-column elementor-col-100 elementor-top-column elementor-element elementor-element-0748039\" data-id=\"0748039\" data-element_type=\"column\" data-e-type=\"column\">\n\t\t\t<div class=\"elementor-widget-wrap elementor-element-populated\">\n\t\t\t\t\t\t<div class=\"elementor-element elementor-element-5b2bf71 elementor-widget elementor-widget-heading\" data-id=\"5b2bf71\" data-element_type=\"widget\" data-e-type=\"widget\" data-widget_type=\"heading.default\">\n\t\t\t\t<div class=\"elementor-widget-container\">\n\t\t\t\t\t<h2 class=\"elementor-heading-title elementor-size-default\">Puoi sfogliare le seguenti categorie:<\/h2>\t\t\t\t<\/div>\n\t\t\t\t<\/div>\n\t\t\t\t<div class=\"elementor-element elementor-element-e02928d elementor-widget elementor-widget-text-editor\" data-id=\"e02928d\" data-element_type=\"widget\" data-e-type=\"widget\" data-widget_type=\"text-editor.default\">\n\t\t\t\t<div class=\"elementor-widget-container\">\n\t\t\t\t\t\t\t\t\t<ul><li><a href=\"https:\/\/www.ams-ag.de\/it\/tramite-em\/chi-siamo\/\"><b>Chi siamo<\/b><\/a><br \/>Qui potete trovare alcune informazioni importanti su AMS GmbH.<\/li><li><a href=\"https:\/\/www.ams-ag.de\/it\/tramite-em\/dottor-rer-nat-frank-beck\/\"><b>Dott. Frank Beck<\/b><\/a><br \/>\u00c8 l&#039;amministratore delegato di AMS e ha un passato movimentato. Il suo percorso lo ha portato attraverso i momenti salienti dello sport e una impegnativa laurea in chimica fino all&#039;Dr. Ludwig e alla terapia del campo magnetico.<\/li><li><a href=\"https:\/\/www.ams-ag.de\/it\/tramite-em\/la-mia-squadra\/\"><b>squadra dell&#039;AMS<\/b><\/a><br \/>L&#039;AMS \u00e8 composto da un piccolo gruppo di persone amichevoli e laboriose - e anche da alcuni animali. Conoscili un po&#039; meglio qui.<\/li><li><a href=\"https:\/\/www.ams-ag.de\/it\/tramite-em\/sono-il-dottor-ludwig\/\"><b>AMS Dr. Ludwig<\/b><\/a><br \/>Cosa sarebbe la terapia del campo magnetico senza di lui? Non esisterebbe, perch\u00e9 Dr. rer. nat. W. Ludwig \u00e8 il suo inventore e sviluppatore. Come fisico, amava la sfida della ricerca e dello sviluppo. Leggi di pi\u00f9 su quest&#039;uomo unico in questa sezione.<\/li><li><a href=\"https:\/\/www.ams-ag.de\/it\/tramite-em\/ritratti-cinematografici-di-ams\/\"><b>Ritratti cinematografici AMS<\/b><\/a><br \/>Ci sono anche alcune immagini in movimento su di noi. Qui puoi guardare i contributi video pi\u00f9 vecchi e pi\u00f9 recenti provenienti da diverse fonti.<\/li><\/ul>\t\t\t\t\t\t\t\t<\/div>\n\t\t\t\t<\/div>\n\t\t\t\t\t<\/div>\n\t\t<\/div>\n\t\t\t\t\t<\/div>\n\t\t<\/section>\n\t\t\t\t<section class=\"elementor-section elementor-top-section elementor-element elementor-element-83a2f00 elementor-section-boxed elementor-section-height-default elementor-section-height-default\" data-id=\"83a2f00\" data-element_type=\"section\" data-e-type=\"section\" data-settings=\"{&quot;background_background&quot;:&quot;classic&quot;}\">\n\t\t\t\t\t\t<div class=\"elementor-container elementor-column-gap-default\">\n\t\t\t\t\t<div class=\"elementor-column elementor-col-100 elementor-top-column elementor-element elementor-element-8c1007c\" data-id=\"8c1007c\" data-element_type=\"column\" data-e-type=\"column\">\n\t\t\t<div class=\"elementor-widget-wrap elementor-element-populated\">\n\t\t\t\t\t\t<div class=\"elementor-element elementor-element-2bbae04 elementor-align-right elementor-mobile-align-center elementor-widget elementor-widget-button\" data-id=\"2bbae04\" data-element_type=\"widget\" data-e-type=\"widget\" data-widget_type=\"button.default\">\n\t\t\t\t<div class=\"elementor-widget-container\">\n\t\t\t\t\t\t\t\t\t<div class=\"elementor-button-wrapper\">\n\t\t\t\t\t<a class=\"elementor-button elementor-button-link elementor-size-sm\" href=\"https:\/\/www.ams-ag.de\/it\/ueber-ams\/wer-wir-sind\/\">\n\t\t\t\t\t\t<span class=\"elementor-button-content-wrapper\">\n\t\t\t\t\t\t<span class=\"elementor-button-icon\">\n\t\t\t\t<i aria-hidden=\"true\" class=\"fas fa-arrow-right\"><\/i>\t\t\t<\/span>\n\t\t\t\t\t\t\t\t\t<span class=\"elementor-button-text\">Chi siamo<\/span>\n\t\t\t\t\t<\/span>\n\t\t\t\t\t<\/a>\n\t\t\t\t<\/div>\n\t\t\t\t\t\t\t\t<\/div>\n\t\t\t\t<\/div>\n\t\t\t\t\t<\/div>\n\t\t<\/div>\n\t\t\t\t\t<\/div>\n\t\t<\/section>\n\t\t\t\t<\/div>","protected":false},"excerpt":{"rendered":"<p>\u00dcber AMS Hallo und herzlich Willkommen! In diesem Bereich erfahren Sie mehr \u00fcber uns und unser Unternehmen. Lernen Sie den Gesch\u00e4ftsf\u00fchrer Dr. Frank Beck und das gesamte Team kennen, lesen [&hellip;]<\/p>\n","protected":false},"author":1,"featured_media":0,"parent":0,"menu_order":5,"comment_status":"closed","ping_status":"closed","template":"","meta":{"pmpro_default_level":"","footnotes":""},"class_list":["post-177","page","type-page","status-publish","hentry","pmpro-has-access"],"_links":{"self":[{"href":"https:\/\/www.ams-ag.de\/it\/wp-json\/wp\/v2\/pages\/177","targetHints":{"allow":["GET"]}}],"collection":[{"href":"https:\/\/www.ams-ag.de\/it\/wp-json\/wp\/v2\/pages"}],"about":[{"href":"https:\/\/www.ams-ag.de\/it\/wp-json\/wp\/v2\/types\/page"}],"author":[{"embeddable":true,"href":"https:\/\/www.ams-ag.de\/it\/wp-json\/wp\/v2\/users\/1"}],"replies":[{"embeddable":true,"href":"https:\/\/www.ams-ag.de\/it\/wp-json\/wp\/v2\/comments?post=177"}],"version-history":[{"count":6,"href":"https:\/\/www.ams-ag.de\/it\/wp-json\/wp\/v2\/pages\/177\/revisions"}],"predecessor-version":[{"id":15748,"href":"https:\/\/www.ams-ag.de\/it\/wp-json\/wp\/v2\/pages\/177\/revisions\/15748"}],"wp:attachment":[{"href":"https:\/\/www.ams-ag.de\/it\/wp-json\/wp\/v2\/media?parent=177"}],"curies":[{"name":"wp","href":"https:\/\/api.w.org\/{rel}","templated":true}]}}