{"id":1426,"date":"2023-05-01T13:17:50","date_gmt":"2023-05-01T11:17:50","guid":{"rendered":"http:\/\/www.ams-ag.de\/?page_id=1426"},"modified":"2024-05-16T20:02:30","modified_gmt":"2024-05-16T18:02:30","slug":"terapia-del-campo-magnetico-e-medicina-bioinformatica","status":"publish","type":"page","link":"https:\/\/www.ams-ag.de\/it\/grundlagen-magnetfeldtherapie\/magnetfeldtherapie-und-bioinformative-medizin\/","title":{"rendered":"Terapia del campo magnetico e medicina bioinformatica"},"content":{"rendered":"<div data-elementor-type=\"wp-page\" data-elementor-id=\"1426\" class=\"elementor elementor-1426\" data-elementor-post-type=\"page\">\n\t\t\t\t\t\t<section class=\"elementor-section elementor-top-section elementor-element elementor-element-cdce28a elementor-section-boxed elementor-section-height-default elementor-section-height-default\" data-id=\"cdce28a\" data-element_type=\"section\" data-e-type=\"section\" data-settings=\"{&quot;background_background&quot;:&quot;classic&quot;}\">\n\t\t\t\t\t\t<div class=\"elementor-container elementor-column-gap-default\">\n\t\t\t\t\t<div class=\"elementor-column elementor-col-50 elementor-top-column elementor-element elementor-element-181e548\" data-id=\"181e548\" data-element_type=\"column\" data-e-type=\"column\">\n\t\t\t<div class=\"elementor-widget-wrap elementor-element-populated\">\n\t\t\t\t\t\t<div class=\"elementor-element elementor-element-18bf617 elementor-widget elementor-widget-image\" data-id=\"18bf617\" data-element_type=\"widget\" data-e-type=\"widget\" data-widget_type=\"image.default\">\n\t\t\t\t<div class=\"elementor-widget-container\">\n\t\t\t\t\t\t\t\t\t\t\t\t\t\t\t<img fetchpriority=\"high\" decoding=\"async\" width=\"768\" height=\"512\" src=\"https:\/\/www.ams-ag.de\/wp-content\/uploads\/2024\/02\/pexels-susanne-jutzeler-sujufoto-1169084-768x512.jpg\" class=\"attachment-medium_large size-medium_large wp-image-14375\" alt=\"\" srcset=\"https:\/\/www.ams-ag.de\/wp-content\/uploads\/2024\/02\/pexels-susanne-jutzeler-sujufoto-1169084-768x512.jpg 768w, https:\/\/www.ams-ag.de\/wp-content\/uploads\/2024\/02\/pexels-susanne-jutzeler-sujufoto-1169084-300x200.jpg 300w, https:\/\/www.ams-ag.de\/wp-content\/uploads\/2024\/02\/pexels-susanne-jutzeler-sujufoto-1169084-1536x1024.jpg 1536w, https:\/\/www.ams-ag.de\/wp-content\/uploads\/2024\/02\/pexels-susanne-jutzeler-sujufoto-1169084-18x12.jpg 18w, https:\/\/www.ams-ag.de\/wp-content\/uploads\/2024\/02\/pexels-susanne-jutzeler-sujufoto-1169084.jpg 1920w\" sizes=\"(max-width: 768px) 100vw, 768px\" \/>\t\t\t\t\t\t\t\t\t\t\t\t\t\t\t<\/div>\n\t\t\t\t<\/div>\n\t\t\t\t\t<\/div>\n\t\t<\/div>\n\t\t\t\t<div class=\"elementor-column elementor-col-50 elementor-top-column elementor-element elementor-element-c9d3ccb\" data-id=\"c9d3ccb\" data-element_type=\"column\" data-e-type=\"column\">\n\t\t\t<div class=\"elementor-widget-wrap elementor-element-populated\">\n\t\t\t\t\t\t<div class=\"elementor-element elementor-element-3578d0ff elementor-widget elementor-widget-heading\" data-id=\"3578d0ff\" data-element_type=\"widget\" data-e-type=\"widget\" data-widget_type=\"heading.default\">\n\t\t\t\t<div class=\"elementor-widget-container\">\n\t\t\t\t\t<h1 class=\"elementor-heading-title elementor-size-default\">Terapia del campo magnetico e medicina bioinformatica<\/h1>\t\t\t\t<\/div>\n\t\t\t\t<\/div>\n\t\t\t\t\t<\/div>\n\t\t<\/div>\n\t\t\t\t\t<\/div>\n\t\t<\/section>\n\t\t\t\t<section class=\"elementor-section elementor-top-section elementor-element elementor-element-5387abd elementor-section-boxed elementor-section-height-default elementor-section-height-default\" data-id=\"5387abd\" data-element_type=\"section\" data-e-type=\"section\">\n\t\t\t\t\t\t<div class=\"elementor-container elementor-column-gap-default\">\n\t\t\t\t\t<div class=\"elementor-column elementor-col-100 elementor-top-column elementor-element elementor-element-4e2cbe2\" data-id=\"4e2cbe2\" data-element_type=\"column\" data-e-type=\"column\">\n\t\t\t<div class=\"elementor-widget-wrap elementor-element-populated\">\n\t\t\t\t\t\t<div class=\"elementor-element elementor-element-d115451 elementor-widget elementor-widget-heading\" data-id=\"d115451\" data-element_type=\"widget\" data-e-type=\"widget\" data-widget_type=\"heading.default\">\n\t\t\t\t<div class=\"elementor-widget-container\">\n\t\t\t\t\t<h2 class=\"elementor-heading-title elementor-size-default\">Terapia del campo magnetico: a cosa serve?<\/h2>\t\t\t\t<\/div>\n\t\t\t\t<\/div>\n\t\t\t\t<div class=\"elementor-element elementor-element-58da6699 elementor-widget elementor-widget-text-editor\" data-id=\"58da6699\" data-element_type=\"widget\" data-e-type=\"widget\" data-widget_type=\"text-editor.default\">\n\t\t\t\t<div class=\"elementor-widget-container\">\n\t\t\t\t\t\t\t\t\t<p><b>Cosa si intende per terapia del campo magnetico\/medicina bioinformatica?<\/b><\/p><p>La terapia del campo magnetico \u00e8 adatta per aiutare il corpo a regolarsi. Non si tratta quindi di curare una malattia specifica - non vogliamo e non possiamo affermarlo - ma i nostri dispositivi generano vibrazioni bioenergetiche che stimolano i processi di autoregolazione.<\/p><p>Per fare ci\u00f2, i dispositivi generano un campo elettromagnetico che viene trasmesso al corpo. L&#039;applicazione \u00e8 molto semplice: a seconda del dispositivo, sul o accanto al corpo viene posizionato l&#039;applicatore collegato o il dispositivo stesso. Il campo elettromagnetico penetra negli indumenti e inonda ogni cellula.<\/p><p>\u00c8 possibile utilizzare frequenze diverse. Ad esempio, l&#039;intenzione di un&#039;applicazione pu\u00f2 essere stimolante, calmante o utile per la sensibilit\u00e0 all&#039;elettrosmog. Ci sono molte altre possibili applicazioni: come gi\u00e0 descritto, si tratta di aiutare il corpo a regolarsi.<\/p><p>I nostri piccoli apparecchi hanno frequenze preimpostate che possono essere utilizzate e selezionate a seconda della situazione. Gli apparecchi di grandi dimensioni non dispongono di preselezione del programma: offrono la possibilit\u00e0 di impostare frequenze diverse entro una determinata larghezza di banda.<\/p><p>Troverai le informazioni specifiche nelle sezioni corrispondenti dei rispettivi prodotti.<\/p>\t\t\t\t\t\t\t\t<\/div>\n\t\t\t\t<\/div>\n\t\t\t\t\t<\/div>\n\t\t<\/div>\n\t\t\t\t\t<\/div>\n\t\t<\/section>\n\t\t\t\t<section class=\"elementor-section elementor-top-section elementor-element elementor-element-68677c8 elementor-section-boxed elementor-section-height-default elementor-section-height-default\" data-id=\"68677c8\" data-element_type=\"section\" data-e-type=\"section\">\n\t\t\t\t\t\t<div class=\"elementor-container elementor-column-gap-default\">\n\t\t\t\t\t<div class=\"elementor-column elementor-col-100 elementor-top-column elementor-element elementor-element-ac7f362\" data-id=\"ac7f362\" data-element_type=\"column\" data-e-type=\"column\">\n\t\t\t<div class=\"elementor-widget-wrap elementor-element-populated\">\n\t\t\t\t\t\t<div class=\"elementor-element elementor-element-7a3f7ce elementor-widget elementor-widget-heading\" data-id=\"7a3f7ce\" data-element_type=\"widget\" data-e-type=\"widget\" data-widget_type=\"heading.default\">\n\t\t\t\t<div class=\"elementor-widget-container\">\n\t\t\t\t\t<h2 class=\"elementor-heading-title elementor-size-default\">Campi elettromagnetici alternati<\/h2>\t\t\t\t<\/div>\n\t\t\t\t<\/div>\n\t\t\t\t<div class=\"elementor-element elementor-element-c55d7f2 elementor-widget elementor-widget-text-editor\" data-id=\"c55d7f2\" data-element_type=\"widget\" data-e-type=\"widget\" data-widget_type=\"text-editor.default\">\n\t\t\t\t<div class=\"elementor-widget-container\">\n\t\t\t\t\t\t\t\t\t<p>La comunicazione nel nostro corpo avviene con l&#039;ausilio di campi elettromagnetici alternati. La biofisica li chiama biofotoni. Funzionano come una rete di informazioni senza fili che controlla tutte le attivit\u00e0 cellulari e promuove le basi per l&#039;autoregolazione bioenergetica. La trasmissione intra ed extracellulare delle informazioni avviene attraverso effetti di risonanza biologica.<\/p><p>I biofotoni o campi elettromagnetici alternati sono gli accoppiamenti pi\u00f9 elementari che avvengono nell&#039;organismo. Controllano tutte le attivit\u00e0 cellulari attraverso effetti di risonanza biologica e costituiscono la base per l&#039;autoregolazione bioenergetica.<\/p><p>Gli apparecchi per magnetoterapia sviluppati da Dr. W. Ludwig generano campi elettromagnetici alternati che creano effetti di risonanza biologica e possono quindi stimolare bioenergeticamente processi regolatori e attivare poteri di autoguarigione. I dispositivi funzionano sulla base di campi elettromagnetici deboli e in rapida evoluzione nella gamma delle frequenze basse e alte (in armoniche fino a 10 MHz).<\/p>\t\t\t\t\t\t\t\t<\/div>\n\t\t\t\t<\/div>\n\t\t\t\t\t<\/div>\n\t\t<\/div>\n\t\t\t\t\t<\/div>\n\t\t<\/section>\n\t\t\t\t<section class=\"elementor-section elementor-top-section elementor-element elementor-element-b0c4549 elementor-section-boxed elementor-section-height-default elementor-section-height-default\" data-id=\"b0c4549\" data-element_type=\"section\" data-e-type=\"section\">\n\t\t\t\t\t\t<div class=\"elementor-container elementor-column-gap-default\">\n\t\t\t\t\t<div class=\"elementor-column elementor-col-100 elementor-top-column elementor-element elementor-element-57d96ec\" data-id=\"57d96ec\" data-element_type=\"column\" data-e-type=\"column\">\n\t\t\t<div class=\"elementor-widget-wrap elementor-element-populated\">\n\t\t\t\t\t\t<div class=\"elementor-element elementor-element-eefc975 elementor-widget elementor-widget-heading\" data-id=\"eefc975\" data-element_type=\"widget\" data-e-type=\"widget\" data-widget_type=\"heading.default\">\n\t\t\t\t<div class=\"elementor-widget-container\">\n\t\t\t\t\t<h2 class=\"elementor-heading-title elementor-size-default\">Perch\u00e9 un dispositivo Dr. Ludwig?<\/h2>\t\t\t\t<\/div>\n\t\t\t\t<\/div>\n\t\t\t\t<div class=\"elementor-element elementor-element-30efbcf elementor-widget elementor-widget-text-editor\" data-id=\"30efbcf\" data-element_type=\"widget\" data-e-type=\"widget\" data-widget_type=\"text-editor.default\">\n\t\t\t\t<div class=\"elementor-widget-container\">\n\t\t\t\t\t\t\t\t\t<p><b>Cosa hanno di speciale i dispositivi AMS di Dr. Ludwig?<\/b><br \/>Dr. Ludwig era importante per sviluppare dispositivi che generassero un campo elettromagnetico pulsante artificiale il pi\u00f9 simile possibile al campo naturale dell&#039;ambiente. Voleva assicurarsi che il corpo riuscisse a comprendere facilmente questi segnali.<\/p><p>Per questo motivo ha esaminato a fondo il nostro ambiente e i campi naturali che ci circondano e ha progettato i suoi dispositivi per il campo magnetico in modo tale che queste frequenze naturali vengano riprodotte nel modo pi\u00f9 accurato possibile.<\/p><p>Ancora oggi tutti i nostri dispositivi sono costruiti secondo le specifiche dell&#039;Dr. Ludwig e quindi generano campi elettromagnetici in diverse frequenze particolarmente facili da comprendere da parte del corpo.<\/p><p>Leggi di seguito a cosa ha prestato particolare attenzione Dr. Ludwig durante lo sviluppo dei suoi dispositivi e come ha incorporato la sua vasta conoscenza nello sviluppo dei dispositivi.<\/p>\t\t\t\t\t\t\t\t<\/div>\n\t\t\t\t<\/div>\n\t\t\t\t\t<\/div>\n\t\t<\/div>\n\t\t\t\t\t<\/div>\n\t\t<\/section>\n\t\t\t\t<section class=\"elementor-section elementor-top-section elementor-element elementor-element-4851977 elementor-section-boxed elementor-section-height-default elementor-section-height-default\" data-id=\"4851977\" data-element_type=\"section\" data-e-type=\"section\">\n\t\t\t\t\t\t<div class=\"elementor-container elementor-column-gap-default\">\n\t\t\t\t\t<div class=\"elementor-column elementor-col-100 elementor-top-column elementor-element elementor-element-919a965\" data-id=\"919a965\" data-element_type=\"column\" data-e-type=\"column\">\n\t\t\t<div class=\"elementor-widget-wrap elementor-element-populated\">\n\t\t\t\t\t\t<div class=\"elementor-element elementor-element-be0251a elementor-widget elementor-widget-heading\" data-id=\"be0251a\" data-element_type=\"widget\" data-e-type=\"widget\" data-widget_type=\"heading.default\">\n\t\t\t\t<div class=\"elementor-widget-container\">\n\t\t\t\t\t<h2 class=\"elementor-heading-title elementor-size-default\">Campi magnetici pulsanti<\/h2>\t\t\t\t<\/div>\n\t\t\t\t<\/div>\n\t\t\t\t<div class=\"elementor-element elementor-element-cb3413c elementor-widget elementor-widget-text-editor\" data-id=\"cb3413c\" data-element_type=\"widget\" data-e-type=\"widget\" data-widget_type=\"text-editor.default\">\n\t\t\t\t<div class=\"elementor-widget-container\">\n\t\t\t\t\t\t\t\t\t<p><b>I campi magnetici pulsanti hanno alcune propriet\u00e0 di cui possiamo trarre vantaggio. Puoi trovare maggiori informazioni al riguardo nelle seguenti voci di menu:<\/b><\/p><ul><li>Una piccola escursione nella fisica, per alcune nozioni di base sui campi elettromagnetici:<br \/><a class=\"internal-link\" title=\"Apre il collegamento interno nella finestra corrente\" href=\"https:\/\/www.ams-ag.de\/it\/fisica\/\"><b>fisica<\/b>.<\/a><\/li><li>Segnali ambientali fisiologici: Schumann, geomagnete e frequenze solari - segnali che naturalmente ci circondano:<br \/><a class=\"internal-link\" title=\"Apre il collegamento interno nella finestra corrente\" href=\"https:\/\/www.ams-ag.de\/it\/segnali-ambientali\/\"><b>Segnali ambientali<\/b>.<\/a><\/li><li>Caratteristiche di qualit\u00e0 dei dispositivi a campo magnetico fisiologicamente efficaci \u2013 Quali criteri devono soddisfare i dispositivi in termini di intensit\u00e0 del campo magnetico e forma dell&#039;impulso per poter sviluppare il loro pieno effetto?<br \/><a class=\"internal-link\" title=\"Apre il collegamento interno nella finestra corrente\" href=\"https:\/\/www.ams-ag.de\/it\/caratteristiche-di-qualita\/\"><b>Caratteristiche di qualit\u00e0<\/b><\/a><\/li><li><a class=\"internal-link\" title=\"Apre il collegamento interno nella finestra corrente\" href=\"https:\/\/www.ams-ag.de\/it\/frequenze-e-possibili-applicazioni\/\"><b>Frequenze e possibili applicazioni<\/b><\/a> \u2013 Quali frequenze sono adatte all\u2019uso?<\/li><li><a class=\"internal-link\" title=\"Apre il collegamento interno nella finestra corrente\" href=\"https:\/\/www.ams-ag.de\/it\/trasferimento-del-substrato\/\"><b>Trasferimento del substrato<\/b><\/a> \u2013 Utilizzo del campo magnetico pulsante come binario di trasporto per la trasmissione di informazioni.<\/li><\/ul>\t\t\t\t\t\t\t\t<\/div>\n\t\t\t\t<\/div>\n\t\t\t\t\t<\/div>\n\t\t<\/div>\n\t\t\t\t\t<\/div>\n\t\t<\/section>\n\t\t\t\t<section class=\"elementor-section elementor-top-section elementor-element elementor-element-141228c elementor-section-boxed elementor-section-height-default elementor-section-height-default\" data-id=\"141228c\" data-element_type=\"section\" data-e-type=\"section\" data-settings=\"{&quot;background_background&quot;:&quot;classic&quot;}\">\n\t\t\t\t\t\t<div class=\"elementor-container elementor-column-gap-default\">\n\t\t\t\t\t<div class=\"elementor-column elementor-col-100 elementor-top-column elementor-element elementor-element-585427f\" data-id=\"585427f\" data-element_type=\"column\" data-e-type=\"column\">\n\t\t\t<div class=\"elementor-widget-wrap elementor-element-populated\">\n\t\t\t\t\t\t<div class=\"elementor-element elementor-element-5653943 elementor-align-right elementor-mobile-align-center elementor-widget elementor-widget-button\" data-id=\"5653943\" data-element_type=\"widget\" data-e-type=\"widget\" data-widget_type=\"button.default\">\n\t\t\t\t<div class=\"elementor-widget-container\">\n\t\t\t\t\t\t\t\t\t<div class=\"elementor-button-wrapper\">\n\t\t\t\t\t<a class=\"elementor-button elementor-button-link elementor-size-sm\" href=\"https:\/\/www.ams-ag.de\/it\/grundlagen-magnetfeldtherapie\/magnetfeldtherapie-und-bioinformative-medizin\/physik\/\">\n\t\t\t\t\t\t<span class=\"elementor-button-content-wrapper\">\n\t\t\t\t\t\t<span class=\"elementor-button-icon\">\n\t\t\t\t<i aria-hidden=\"true\" class=\"fas fa-arrow-right\"><\/i>\t\t\t<\/span>\n\t\t\t\t\t\t\t\t\t<span class=\"elementor-button-text\">fisica<\/span>\n\t\t\t\t\t<\/span>\n\t\t\t\t\t<\/a>\n\t\t\t\t<\/div>\n\t\t\t\t\t\t\t\t<\/div>\n\t\t\t\t<\/div>\n\t\t\t\t\t<\/div>\n\t\t<\/div>\n\t\t\t\t\t<\/div>\n\t\t<\/section>\n\t\t\t\t<\/div>","protected":false},"excerpt":{"rendered":"<p>Magnetfeldtherapie und Bioinformative Medizin Magnetfeldtherapie &#8211; wof\u00fcr? Was versteht man unter der Magnetfeldtherapie \/ Bioinformativer Medizin Die Magnetfeldtherapie ist daf\u00fcr geeignet, dem K\u00f6rper zur Regulation zu verhelfen. Es geht also [&hellip;]<\/p>\n","protected":false},"author":1,"featured_media":0,"parent":1499,"menu_order":1,"comment_status":"closed","ping_status":"closed","template":"","meta":{"pmpro_default_level":"","footnotes":""},"class_list":["post-1426","page","type-page","status-publish","hentry","pmpro-has-access"],"_links":{"self":[{"href":"https:\/\/www.ams-ag.de\/it\/wp-json\/wp\/v2\/pages\/1426","targetHints":{"allow":["GET"]}}],"collection":[{"href":"https:\/\/www.ams-ag.de\/it\/wp-json\/wp\/v2\/pages"}],"about":[{"href":"https:\/\/www.ams-ag.de\/it\/wp-json\/wp\/v2\/types\/page"}],"author":[{"embeddable":true,"href":"https:\/\/www.ams-ag.de\/it\/wp-json\/wp\/v2\/users\/1"}],"replies":[{"embeddable":true,"href":"https:\/\/www.ams-ag.de\/it\/wp-json\/wp\/v2\/comments?post=1426"}],"version-history":[{"count":24,"href":"https:\/\/www.ams-ag.de\/it\/wp-json\/wp\/v2\/pages\/1426\/revisions"}],"predecessor-version":[{"id":17513,"href":"https:\/\/www.ams-ag.de\/it\/wp-json\/wp\/v2\/pages\/1426\/revisions\/17513"}],"up":[{"embeddable":true,"href":"https:\/\/www.ams-ag.de\/it\/wp-json\/wp\/v2\/pages\/1499"}],"wp:attachment":[{"href":"https:\/\/www.ams-ag.de\/it\/wp-json\/wp\/v2\/media?parent=1426"}],"curies":[{"name":"wp","href":"https:\/\/api.w.org\/{rel}","templated":true}]}}