{"id":1398,"date":"2023-05-01T13:08:29","date_gmt":"2023-05-01T11:08:29","guid":{"rendered":"http:\/\/www.ams-ag.de\/?page_id=1398"},"modified":"2024-05-04T18:04:00","modified_gmt":"2024-05-04T16:04:00","slug":"trasferimento-del-substrato","status":"publish","type":"page","link":"https:\/\/www.ams-ag.de\/it\/grundlagen-magnetfeldtherapie\/magnetfeldtherapie-und-bioinformative-medizin\/substratuebertragung\/","title":{"rendered":"Trasferimento del substrato"},"content":{"rendered":"<div data-elementor-type=\"wp-page\" data-elementor-id=\"1398\" class=\"elementor elementor-1398\" data-elementor-post-type=\"page\">\n\t\t\t\t\t\t<section class=\"elementor-section elementor-top-section elementor-element elementor-element-c1df69a elementor-section-boxed elementor-section-height-default elementor-section-height-default\" data-id=\"c1df69a\" data-element_type=\"section\" data-e-type=\"section\" data-settings=\"{&quot;background_background&quot;:&quot;classic&quot;}\">\n\t\t\t\t\t\t<div class=\"elementor-container elementor-column-gap-default\">\n\t\t\t\t\t<div class=\"elementor-column elementor-col-50 elementor-top-column elementor-element elementor-element-9f1c352\" data-id=\"9f1c352\" data-element_type=\"column\" data-e-type=\"column\">\n\t\t\t<div class=\"elementor-widget-wrap elementor-element-populated\">\n\t\t\t\t\t\t<div class=\"elementor-element elementor-element-c2873ec elementor-widget elementor-widget-image\" data-id=\"c2873ec\" data-element_type=\"widget\" data-e-type=\"widget\" data-widget_type=\"image.default\">\n\t\t\t\t<div class=\"elementor-widget-container\">\n\t\t\t\t\t\t\t\t\t\t\t\t\t\t\t<img fetchpriority=\"high\" decoding=\"async\" width=\"768\" height=\"512\" src=\"https:\/\/www.ams-ag.de\/wp-content\/uploads\/2024\/02\/milada-vigerova-YbiL2tzN_ig-unsplash-768x512.jpg\" class=\"attachment-medium_large size-medium_large wp-image-14412\" alt=\"\" srcset=\"https:\/\/www.ams-ag.de\/wp-content\/uploads\/2024\/02\/milada-vigerova-YbiL2tzN_ig-unsplash-768x512.jpg 768w, https:\/\/www.ams-ag.de\/wp-content\/uploads\/2024\/02\/milada-vigerova-YbiL2tzN_ig-unsplash-300x200.jpg 300w, https:\/\/www.ams-ag.de\/wp-content\/uploads\/2024\/02\/milada-vigerova-YbiL2tzN_ig-unsplash-1536x1024.jpg 1536w, https:\/\/www.ams-ag.de\/wp-content\/uploads\/2024\/02\/milada-vigerova-YbiL2tzN_ig-unsplash-18x12.jpg 18w, https:\/\/www.ams-ag.de\/wp-content\/uploads\/2024\/02\/milada-vigerova-YbiL2tzN_ig-unsplash.jpg 1920w\" sizes=\"(max-width: 768px) 100vw, 768px\" \/>\t\t\t\t\t\t\t\t\t\t\t\t\t\t\t<\/div>\n\t\t\t\t<\/div>\n\t\t\t\t\t<\/div>\n\t\t<\/div>\n\t\t\t\t<div class=\"elementor-column elementor-col-50 elementor-top-column elementor-element elementor-element-0a69ad8\" data-id=\"0a69ad8\" data-element_type=\"column\" data-e-type=\"column\">\n\t\t\t<div class=\"elementor-widget-wrap elementor-element-populated\">\n\t\t\t\t\t\t<div class=\"elementor-element elementor-element-27973f85 elementor-widget elementor-widget-heading\" data-id=\"27973f85\" data-element_type=\"widget\" data-e-type=\"widget\" data-widget_type=\"heading.default\">\n\t\t\t\t<div class=\"elementor-widget-container\">\n\t\t\t\t\t<h1 class=\"elementor-heading-title elementor-size-default\">Trasferimento del substrato<\/h1>\t\t\t\t<\/div>\n\t\t\t\t<\/div>\n\t\t\t\t\t<\/div>\n\t\t<\/div>\n\t\t\t\t\t<\/div>\n\t\t<\/section>\n\t\t\t\t<section class=\"elementor-section elementor-top-section elementor-element elementor-element-63e20c25 elementor-section-boxed elementor-section-height-default elementor-section-height-default\" data-id=\"63e20c25\" data-element_type=\"section\" data-e-type=\"section\">\n\t\t\t\t\t\t<div class=\"elementor-container elementor-column-gap-default\">\n\t\t\t\t\t<div class=\"elementor-column elementor-col-100 elementor-top-column elementor-element elementor-element-56f7f6cb\" data-id=\"56f7f6cb\" data-element_type=\"column\" data-e-type=\"column\">\n\t\t\t<div class=\"elementor-widget-wrap elementor-element-populated\">\n\t\t\t\t\t\t<div class=\"elementor-element elementor-element-faaff3d elementor-widget elementor-widget-heading\" data-id=\"faaff3d\" data-element_type=\"widget\" data-e-type=\"widget\" data-widget_type=\"heading.default\">\n\t\t\t\t<div class=\"elementor-widget-container\">\n\t\t\t\t\t<h2 class=\"elementor-heading-title elementor-size-default\">Trasferimento delle informazioni sul substrato<\/h2>\t\t\t\t<\/div>\n\t\t\t\t<\/div>\n\t\t\t\t<div class=\"elementor-element elementor-element-20a33dc2 elementor-widget elementor-widget-text-editor\" data-id=\"20a33dc2\" data-element_type=\"widget\" data-e-type=\"widget\" data-widget_type=\"text-editor.default\">\n\t\t\t\t<div class=\"elementor-widget-container\">\n\t\t\t\t\t\t\t\t\t<p>Una particolarit\u00e0 che pu\u00f2 e deve essere sfruttata quando si utilizza la terapia del campo magnetico \u00e8 la trasmissione delle informazioni sul substrato.<\/p><p>Una delle propriet\u00e0 delle onde elettromagnetiche \u00e8 che sono in grado di assorbire e trasportare informazioni.<\/p><p>Ci\u00f2 significa che ulteriori informazioni possono essere trasmesse all&#039;applicazione con ciascuna delle frequenze selezionate.<\/p><p>L\u2019onda elettromagnetica pu\u00f2 essere utilizzata in due modi:<\/p><ul><li>come puro segnale applicativo con la frequenza corrispondente<\/li><li>e inoltre come onda portante con informazioni da trasportare<\/li><\/ul><p>\u00c8 lo stesso principio della radio e della televisione: viene modulata un&#039;onda portante, che trasmette immagini e suoni o informazioni.<\/p>\t\t\t\t\t\t\t\t<\/div>\n\t\t\t\t<\/div>\n\t\t\t\t<div class=\"elementor-element elementor-element-7faaee9 elementor-widget-divider--view-line elementor-widget elementor-widget-divider\" data-id=\"7faaee9\" data-element_type=\"widget\" data-e-type=\"widget\" data-widget_type=\"divider.default\">\n\t\t\t\t<div class=\"elementor-widget-container\">\n\t\t\t\t\t\t\t<div class=\"elementor-divider\">\n\t\t\t<span class=\"elementor-divider-separator\">\n\t\t\t\t\t\t<\/span>\n\t\t<\/div>\n\t\t\t\t\t\t<\/div>\n\t\t\t\t<\/div>\n\t\t\t\t<div class=\"elementor-element elementor-element-2fa7bc4 elementor-widget elementor-widget-heading\" data-id=\"2fa7bc4\" data-element_type=\"widget\" data-e-type=\"widget\" data-widget_type=\"heading.default\">\n\t\t\t\t<div class=\"elementor-widget-container\">\n\t\t\t\t\t<h2 class=\"elementor-heading-title elementor-size-default\">Cosa viene trasferito?<\/h2>\t\t\t\t<\/div>\n\t\t\t\t<\/div>\n\t\t\t\t<div class=\"elementor-element elementor-element-13dea28 elementor-widget elementor-widget-text-editor\" data-id=\"13dea28\" data-element_type=\"widget\" data-e-type=\"widget\" data-widget_type=\"text-editor.default\">\n\t\t\t\t<div class=\"elementor-widget-container\">\n\t\t\t\t\t\t\t\t\t<p>Le onde elettromagnetiche possono trasportare informazioni sia esogene (corpo estraneo) che endogene (proprie del corpo).<\/p>\n<p><b>Esempi di informazioni esogene:<\/b><\/p>\n<ul>\n<li>qualsiasi preparazione che funzioni in base al suo modello di vibrazione<\/li>\n<\/ul>\t\t\t\t\t\t\t\t<\/div>\n\t\t\t\t<\/div>\n\t\t\t\t<section class=\"elementor-section elementor-inner-section elementor-element elementor-element-2ab0770a elementor-section-boxed elementor-section-height-default elementor-section-height-default\" data-id=\"2ab0770a\" data-element_type=\"section\" data-e-type=\"section\">\n\t\t\t\t\t\t<div class=\"elementor-container elementor-column-gap-default\">\n\t\t\t\t\t<div class=\"elementor-column elementor-col-50 elementor-inner-column elementor-element elementor-element-103081d7\" data-id=\"103081d7\" data-element_type=\"column\" data-e-type=\"column\">\n\t\t\t<div class=\"elementor-widget-wrap elementor-element-populated\">\n\t\t\t\t\t\t<div class=\"elementor-element elementor-element-4d03f1e6 elementor-widget elementor-widget-text-editor\" data-id=\"4d03f1e6\" data-element_type=\"widget\" data-e-type=\"widget\" data-widget_type=\"text-editor.default\">\n\t\t\t\t<div class=\"elementor-widget-container\">\n\t\t\t\t\t\t\t\t\t<p><b>Esempi di informazioni endogene:<\/b><\/p><ul><li>saliva<\/li><li>secrezione<\/li><\/ul><p>Ogni piccolo dispositivo portatile \u00e8 dotato di un supporto per fiala che contiene una fiala di vetro per utilizzare la trasmissione delle informazioni. La sostanza cos\u00ec inserita viene trasmessa con la frequenza del campo magnetico selezionato.<\/p>\t\t\t\t\t\t\t\t<\/div>\n\t\t\t\t<\/div>\n\t\t\t\t\t<\/div>\n\t\t<\/div>\n\t\t\t\t<div class=\"elementor-column elementor-col-50 elementor-inner-column elementor-element elementor-element-25f498bb\" data-id=\"25f498bb\" data-element_type=\"column\" data-e-type=\"column\">\n\t\t\t<div class=\"elementor-widget-wrap elementor-element-populated\">\n\t\t\t\t\t\t<div class=\"elementor-element elementor-element-f18ed62 elementor-widget elementor-widget-image\" data-id=\"f18ed62\" data-element_type=\"widget\" data-e-type=\"widget\" data-widget_type=\"image.default\">\n\t\t\t\t<div class=\"elementor-widget-container\">\n\t\t\t\t\t\t\t\t\t\t\t\t\t\t\t<img decoding=\"async\" width=\"800\" height=\"309\" src=\"https:\/\/www.ams-ag.de\/wp-content\/uploads\/2023\/09\/csm_AMS_Metronom_solar_Ampullenhalter_Magnetfeldtherapie.jpg\" class=\"attachment-large size-large wp-image-5520\" alt=\"Porta ampolla solare metronomo AMS\" srcset=\"https:\/\/www.ams-ag.de\/wp-content\/uploads\/2023\/09\/csm_AMS_Metronom_solar_Ampullenhalter_Magnetfeldtherapie.jpg 1024w, https:\/\/www.ams-ag.de\/wp-content\/uploads\/2023\/09\/csm_AMS_Metronom_solar_Ampullenhalter_Magnetfeldtherapie-300x116.jpg 300w, https:\/\/www.ams-ag.de\/wp-content\/uploads\/2023\/09\/csm_AMS_Metronom_solar_Ampullenhalter_Magnetfeldtherapie-768x296.jpg 768w\" sizes=\"(max-width: 800px) 100vw, 800px\" \/>\t\t\t\t\t\t\t\t\t\t\t\t\t\t\t<\/div>\n\t\t\t\t<\/div>\n\t\t\t\t\t<\/div>\n\t\t<\/div>\n\t\t\t\t\t<\/div>\n\t\t<\/section>\n\t\t\t\t<div class=\"elementor-element elementor-element-5f7b3d3 elementor-widget elementor-widget-text-editor\" data-id=\"5f7b3d3\" data-element_type=\"widget\" data-e-type=\"widget\" data-widget_type=\"text-editor.default\">\n\t\t\t\t<div class=\"elementor-widget-container\">\n\t\t\t\t\t\t\t\t\tI dispositivi di grandi dimensioni dispongono di una connessione per una tazza (MEDICUP) che contiene pi\u00f9 fiale contemporaneamente. Ci\u00f2 consente di trasmettere informazioni diverse contemporaneamente.\t\t\t\t\t\t\t\t<\/div>\n\t\t\t\t<\/div>\n\t\t\t\t<section class=\"elementor-section elementor-inner-section elementor-element elementor-element-5bc833b elementor-section-boxed elementor-section-height-default elementor-section-height-default\" data-id=\"5bc833b\" data-element_type=\"section\" data-e-type=\"section\">\n\t\t\t\t\t\t<div class=\"elementor-container elementor-column-gap-default\">\n\t\t\t\t\t<div class=\"elementor-column elementor-col-50 elementor-inner-column elementor-element elementor-element-aadc9ed\" data-id=\"aadc9ed\" data-element_type=\"column\" data-e-type=\"column\">\n\t\t\t<div class=\"elementor-widget-wrap elementor-element-populated\">\n\t\t\t\t\t\t<div class=\"elementor-element elementor-element-9d3ab2e elementor-widget elementor-widget-text-editor\" data-id=\"9d3ab2e\" data-element_type=\"widget\" data-e-type=\"widget\" data-widget_type=\"text-editor.default\">\n\t\t\t\t<div class=\"elementor-widget-container\">\n\t\t\t\t\t\t\t\t\t<p>Per trasferire informazioni utilizzando il campo magnetico, \u00e8 meglio riempire il mezzo desiderato in un&#039;ampolla o in un tubo di vetro: sono possibili sia la forma liquida che quella solida. Non \u00e8 necessario riempire completamente l&#039;intera fiala: \u00e8 sufficiente riempire solo la parte inferiore del tubo.<\/p><p>Alcuni utenti assemblano un astuccio con tubi di vetro che riempiono secondo le proprie esigenze (vedi illustrazione per esempio). Ci\u00f2 significa che hai sempre a portata di mano le sostanze che usi pi\u00f9 frequentemente.<\/p>\t\t\t\t\t\t\t\t<\/div>\n\t\t\t\t<\/div>\n\t\t\t\t\t<\/div>\n\t\t<\/div>\n\t\t\t\t<div class=\"elementor-column elementor-col-50 elementor-inner-column elementor-element elementor-element-08a1cef\" data-id=\"08a1cef\" data-element_type=\"column\" data-e-type=\"column\">\n\t\t\t<div class=\"elementor-widget-wrap elementor-element-populated\">\n\t\t\t\t\t\t<div class=\"elementor-element elementor-element-c5901af elementor-widget elementor-widget-image\" data-id=\"c5901af\" data-element_type=\"widget\" data-e-type=\"widget\" data-widget_type=\"image.default\">\n\t\t\t\t<div class=\"elementor-widget-container\">\n\t\t\t\t\t\t\t\t\t\t\t\t\t\t\t<img decoding=\"async\" width=\"250\" height=\"248\" src=\"https:\/\/www.ams-ag.de\/wp-content\/uploads\/2023\/05\/image-40.jpeg\" class=\"attachment-medium size-medium wp-image-1801\" alt=\"\" srcset=\"https:\/\/www.ams-ag.de\/wp-content\/uploads\/2023\/05\/image-40.jpeg 250w, https:\/\/www.ams-ag.de\/wp-content\/uploads\/2023\/05\/image-40-150x150.jpeg 150w\" sizes=\"(max-width: 250px) 100vw, 250px\" \/>\t\t\t\t\t\t\t\t\t\t\t\t\t\t\t<\/div>\n\t\t\t\t<\/div>\n\t\t\t\t\t<\/div>\n\t\t<\/div>\n\t\t\t\t\t<\/div>\n\t\t<\/section>\n\t\t\t\t\t<\/div>\n\t\t<\/div>\n\t\t\t\t\t<\/div>\n\t\t<\/section>\n\t\t\t\t<section class=\"elementor-section elementor-top-section elementor-element elementor-element-a9e9b67 elementor-section-boxed elementor-section-height-default elementor-section-height-default\" data-id=\"a9e9b67\" data-element_type=\"section\" data-e-type=\"section\" data-settings=\"{&quot;background_background&quot;:&quot;classic&quot;}\">\n\t\t\t\t\t\t<div class=\"elementor-container elementor-column-gap-default\">\n\t\t\t\t\t<div class=\"elementor-column elementor-col-100 elementor-top-column elementor-element elementor-element-a1140c9\" data-id=\"a1140c9\" data-element_type=\"column\" data-e-type=\"column\">\n\t\t\t<div class=\"elementor-widget-wrap elementor-element-populated\">\n\t\t\t\t\t\t<div class=\"elementor-element elementor-element-e62cbdd elementor-align-right elementor-mobile-align-center elementor-widget elementor-widget-button\" data-id=\"e62cbdd\" data-element_type=\"widget\" data-e-type=\"widget\" data-widget_type=\"button.default\">\n\t\t\t\t<div class=\"elementor-widget-container\">\n\t\t\t\t\t\t\t\t\t<div class=\"elementor-button-wrapper\">\n\t\t\t\t\t<a class=\"elementor-button elementor-button-link elementor-size-sm\" href=\"https:\/\/www.ams-ag.de\/it\/grundlagen-magnetfeldtherapie\/pfeilsymbol\/\">\n\t\t\t\t\t\t<span class=\"elementor-button-content-wrapper\">\n\t\t\t\t\t\t<span class=\"elementor-button-icon\">\n\t\t\t\t<i aria-hidden=\"true\" class=\"fas fa-arrow-right\"><\/i>\t\t\t<\/span>\n\t\t\t\t\t\t\t\t\t<span class=\"elementor-button-text\">Simbolo della freccia<\/span>\n\t\t\t\t\t<\/span>\n\t\t\t\t\t<\/a>\n\t\t\t\t<\/div>\n\t\t\t\t\t\t\t\t<\/div>\n\t\t\t\t<\/div>\n\t\t\t\t\t<\/div>\n\t\t<\/div>\n\t\t\t\t\t<\/div>\n\t\t<\/section>\n\t\t\t\t<\/div>","protected":false},"excerpt":{"rendered":"<p>Substrat\u00fcbertragung \u00dcbertragung von Substratinformation Ein besonderes Highlight, das man sich bei der Anwendung der Magnetfeldtherapie zunutze machen kann und sollte, ist die \u00dcbertragung von Substratinformationen. Eine der Eigenschaften von elektromagnetischen [&hellip;]<\/p>\n","protected":false},"author":1,"featured_media":0,"parent":1426,"menu_order":5,"comment_status":"closed","ping_status":"closed","template":"","meta":{"pmpro_default_level":"","footnotes":""},"class_list":["post-1398","page","type-page","status-publish","hentry","pmpro-has-access"],"_links":{"self":[{"href":"https:\/\/www.ams-ag.de\/it\/wp-json\/wp\/v2\/pages\/1398","targetHints":{"allow":["GET"]}}],"collection":[{"href":"https:\/\/www.ams-ag.de\/it\/wp-json\/wp\/v2\/pages"}],"about":[{"href":"https:\/\/www.ams-ag.de\/it\/wp-json\/wp\/v2\/types\/page"}],"author":[{"embeddable":true,"href":"https:\/\/www.ams-ag.de\/it\/wp-json\/wp\/v2\/users\/1"}],"replies":[{"embeddable":true,"href":"https:\/\/www.ams-ag.de\/it\/wp-json\/wp\/v2\/comments?post=1398"}],"version-history":[{"count":15,"href":"https:\/\/www.ams-ag.de\/it\/wp-json\/wp\/v2\/pages\/1398\/revisions"}],"predecessor-version":[{"id":16137,"href":"https:\/\/www.ams-ag.de\/it\/wp-json\/wp\/v2\/pages\/1398\/revisions\/16137"}],"up":[{"embeddable":true,"href":"https:\/\/www.ams-ag.de\/it\/wp-json\/wp\/v2\/pages\/1426"}],"wp:attachment":[{"href":"https:\/\/www.ams-ag.de\/it\/wp-json\/wp\/v2\/media?parent=1398"}],"curies":[{"name":"wp","href":"https:\/\/api.w.org\/{rel}","templated":true}]}}