{"id":1396,"date":"2023-05-01T13:08:03","date_gmt":"2023-05-01T11:08:03","guid":{"rendered":"http:\/\/www.ams-ag.de\/?page_id=1396"},"modified":"2024-05-07T16:29:06","modified_gmt":"2024-05-07T14:29:06","slug":"frequenze-e-possibili-applicazioni","status":"publish","type":"page","link":"https:\/\/www.ams-ag.de\/it\/grundlagen-magnetfeldtherapie\/magnetfeldtherapie-und-bioinformative-medizin\/frequenzen-und-anwendungsmoeglichkeiten\/","title":{"rendered":"Frequenze e possibili applicazioni"},"content":{"rendered":"<div data-elementor-type=\"wp-page\" data-elementor-id=\"1396\" class=\"elementor elementor-1396\" data-elementor-post-type=\"page\">\n\t\t\t\t\t\t<section class=\"elementor-section elementor-top-section elementor-element elementor-element-dd3b7bd elementor-section-boxed elementor-section-height-default elementor-section-height-default\" data-id=\"dd3b7bd\" data-element_type=\"section\" data-e-type=\"section\" data-settings=\"{&quot;background_background&quot;:&quot;classic&quot;}\">\n\t\t\t\t\t\t<div class=\"elementor-container elementor-column-gap-default\">\n\t\t\t\t\t<div class=\"elementor-column elementor-col-50 elementor-top-column elementor-element elementor-element-451a6df\" data-id=\"451a6df\" data-element_type=\"column\" data-e-type=\"column\">\n\t\t\t<div class=\"elementor-widget-wrap elementor-element-populated\">\n\t\t\t\t\t\t<div class=\"elementor-element elementor-element-750fb81 elementor-widget elementor-widget-image\" data-id=\"750fb81\" data-element_type=\"widget\" data-e-type=\"widget\" data-widget_type=\"image.default\">\n\t\t\t\t<div class=\"elementor-widget-container\">\n\t\t\t\t\t\t\t\t\t\t\t\t\t\t\t<img fetchpriority=\"high\" decoding=\"async\" width=\"768\" height=\"576\" src=\"https:\/\/www.ams-ag.de\/wp-content\/uploads\/2024\/02\/pexels-luan-rezende-1093161-768x576.jpg\" class=\"attachment-medium_large size-medium_large wp-image-14407\" alt=\"\" srcset=\"https:\/\/www.ams-ag.de\/wp-content\/uploads\/2024\/02\/pexels-luan-rezende-1093161-768x576.jpg 768w, https:\/\/www.ams-ag.de\/wp-content\/uploads\/2024\/02\/pexels-luan-rezende-1093161-300x225.jpg 300w, https:\/\/www.ams-ag.de\/wp-content\/uploads\/2024\/02\/pexels-luan-rezende-1093161-1365x1024.jpg 1365w, https:\/\/www.ams-ag.de\/wp-content\/uploads\/2024\/02\/pexels-luan-rezende-1093161-1536x1152.jpg 1536w, https:\/\/www.ams-ag.de\/wp-content\/uploads\/2024\/02\/pexels-luan-rezende-1093161-16x12.jpg 16w, https:\/\/www.ams-ag.de\/wp-content\/uploads\/2024\/02\/pexels-luan-rezende-1093161.jpg 1920w\" sizes=\"(max-width: 768px) 100vw, 768px\" \/>\t\t\t\t\t\t\t\t\t\t\t\t\t\t\t<\/div>\n\t\t\t\t<\/div>\n\t\t\t\t\t<\/div>\n\t\t<\/div>\n\t\t\t\t<div class=\"elementor-column elementor-col-50 elementor-top-column elementor-element elementor-element-30d22ed\" data-id=\"30d22ed\" data-element_type=\"column\" data-e-type=\"column\">\n\t\t\t<div class=\"elementor-widget-wrap elementor-element-populated\">\n\t\t\t\t\t\t<div class=\"elementor-element elementor-element-41a8966c elementor-widget elementor-widget-heading\" data-id=\"41a8966c\" data-element_type=\"widget\" data-e-type=\"widget\" data-widget_type=\"heading.default\">\n\t\t\t\t<div class=\"elementor-widget-container\">\n\t\t\t\t\t<h1 class=\"elementor-heading-title elementor-size-default\">Frequenze e possibili applicazioni<\/h1>\t\t\t\t<\/div>\n\t\t\t\t<\/div>\n\t\t\t\t\t<\/div>\n\t\t<\/div>\n\t\t\t\t\t<\/div>\n\t\t<\/section>\n\t\t\t\t<section class=\"elementor-section elementor-top-section elementor-element elementor-element-33692e36 elementor-section-boxed elementor-section-height-default elementor-section-height-default\" data-id=\"33692e36\" data-element_type=\"section\" data-e-type=\"section\">\n\t\t\t\t\t\t<div class=\"elementor-container elementor-column-gap-default\">\n\t\t\t\t\t<div class=\"elementor-column elementor-col-100 elementor-top-column elementor-element elementor-element-2e746f82\" data-id=\"2e746f82\" data-element_type=\"column\" data-e-type=\"column\">\n\t\t\t<div class=\"elementor-widget-wrap elementor-element-populated\">\n\t\t\t\t\t\t<div class=\"elementor-element elementor-element-d2a5aec elementor-widget elementor-widget-heading\" data-id=\"d2a5aec\" data-element_type=\"widget\" data-e-type=\"widget\" data-widget_type=\"heading.default\">\n\t\t\t\t<div class=\"elementor-widget-container\">\n\t\t\t\t\t<h2 class=\"elementor-heading-title elementor-size-default\">Migliorare la capacit\u00e0 di regolazione<\/h2>\t\t\t\t<\/div>\n\t\t\t\t<\/div>\n\t\t\t\t<div class=\"elementor-element elementor-element-695a6a88 elementor-widget elementor-widget-text-editor\" data-id=\"695a6a88\" data-element_type=\"widget\" data-e-type=\"widget\" data-widget_type=\"text-editor.default\">\n\t\t\t\t<div class=\"elementor-widget-container\">\n\t\t\t\t\t\t\t\t\t<p>Gi\u00e0 nell\u2019antichit\u00e0 le malattie venivano curate con successo con la cosiddetta \u201cmagnetite\u201d (pietra magnetica naturale). Il principio \u00e8 semplice: i campi magnetici possono migliorare la capacit\u00e0 di regolazione e quindi contribuire all\u2019attivazione dei poteri di autoguarigione.<\/p><p>Una delle frequenze pi\u00f9 importanti, se non la frequenza pi\u00f9 importante di tutte, \u00e8 il valore principale dello spettro di frequenze di Schumann con il valore di 7,8 Hz. \u00c8 neutro, equilibra e favorisce la concentrazione. La chiamiamo la \u201cfrequenza del benessere\u201d.<\/p><p><a href=\"https:\/\/www.ams-ag.de\/it\/nozioni-di-base-sulla-terapia-del-campo-magnetico\/terapia-del-campo-magnetico-e-medicina-bioinformatica\/segnali-ambientali\/#Schumannfrequenz\"><b>Spettro di frequenze di Schumann<\/b><\/a><\/p>\t\t\t\t\t\t\t\t<\/div>\n\t\t\t\t<\/div>\n\t\t\t\t\t<\/div>\n\t\t<\/div>\n\t\t\t\t\t<\/div>\n\t\t<\/section>\n\t\t\t\t<section class=\"elementor-section elementor-top-section elementor-element elementor-element-65120cdc elementor-section-boxed elementor-section-height-default elementor-section-height-default\" data-id=\"65120cdc\" data-element_type=\"section\" data-e-type=\"section\">\n\t\t\t\t\t\t<div class=\"elementor-container elementor-column-gap-default\">\n\t\t\t\t\t<div class=\"elementor-column elementor-col-100 elementor-top-column elementor-element elementor-element-28b9658c\" data-id=\"28b9658c\" data-element_type=\"column\" data-e-type=\"column\" data-settings=\"{&quot;background_background&quot;:&quot;classic&quot;}\">\n\t\t\t<div class=\"elementor-widget-wrap elementor-element-populated\">\n\t\t\t\t\t\t<div class=\"elementor-element elementor-element-7f3e3c0b elementor-widget elementor-widget-heading\" data-id=\"7f3e3c0b\" data-element_type=\"widget\" data-e-type=\"widget\" data-widget_type=\"heading.default\">\n\t\t\t\t<div class=\"elementor-widget-container\">\n\t\t\t\t\t<h2 class=\"elementor-heading-title elementor-size-default\">Studio in doppio cieco<\/h2>\t\t\t\t<\/div>\n\t\t\t\t<\/div>\n\t\t\t\t<div class=\"elementor-element elementor-element-1c03cb58 elementor-widget elementor-widget-text-editor\" data-id=\"1c03cb58\" data-element_type=\"widget\" data-e-type=\"widget\" data-widget_type=\"text-editor.default\">\n\t\t\t\t<div class=\"elementor-widget-container\">\n\t\t\t\t\t\t\t\t\tLo studio randomizzato, controllato con placebo, in doppio cieco, condotto con MEDICUR\u00ae sviluppato da Dr. Ludwig presso il King&#039;s College Hospital di Londra nel 2001, ha dimostrato l&#039;efficacia di 7,8 Hz per l&#039;artrosi del ginocchio secondo i criteri medici convenzionali. Se sei interessato, puoi scaricare lo studio (in lingua inglese), che \u00e8 stato pubblicato in una rivista sottoposta a peer review, qui:\t\t\t\t\t\t\t\t<\/div>\n\t\t\t\t<\/div>\n\t\t\t\t<div class=\"elementor-element elementor-element-f254201 elementor-tabs-view-vertical elementor-widget elementor-widget-tabs\" data-id=\"f254201\" data-element_type=\"widget\" data-e-type=\"widget\" data-widget_type=\"tabs.default\">\n\t\t\t\t<div class=\"elementor-widget-container\">\n\t\t\t\t\t\t\t<div class=\"elementor-tabs\">\n\t\t\t<div class=\"elementor-tabs-wrapper\" role=\"tablist\" >\n\t\t\t\t\t\t\t\t\t<div id=\"elementor-tab-title-2541\" class=\"elementor-tab-title elementor-tab-desktop-title\" aria-selected=\"true\" data-tab=\"1\" role=\"tab\" tabindex=\"0\" aria-controls=\"elementor-tab-content-2541\" aria-expanded=\"false\">Inglese<\/div>\n\t\t\t\t\t\t\t<\/div>\n\t\t\t<div class=\"elementor-tabs-content-wrapper\" role=\"tablist\" aria-orientation=\"vertical\">\n\t\t\t\t\t\t\t\t\t<div class=\"elementor-tab-title elementor-tab-mobile-title\" aria-selected=\"true\" data-tab=\"1\" role=\"tab\" tabindex=\"0\" aria-controls=\"elementor-tab-content-2541\" aria-expanded=\"false\">Inglese<\/div>\n\t\t\t\t\t<div id=\"elementor-tab-content-2541\" class=\"elementor-tab-content elementor-clearfix\" data-tab=\"1\" role=\"tabpanel\" aria-labelledby=\"elementor-tab-title-2541\" tabindex=\"0\" hidden=\"false\"><ul>\n \t<li><strong><a href=\"https:\/\/www.ams-ag.de\/wp-content\/uploads\/2023\/06\/AMS_Doubleblind_study_Medicur.pdf\" target=\"_blank\" rel=\"noopener\">studio in doppio cieco MEDICUR\u00ae (100 KB) en<\/a><\/strong><\/li>\n<\/ul><\/div>\n\t\t\t\t\t\t\t<\/div>\n\t\t<\/div>\n\t\t\t\t\t\t<\/div>\n\t\t\t\t<\/div>\n\t\t\t\t\t<\/div>\n\t\t<\/div>\n\t\t\t\t\t<\/div>\n\t\t<\/section>\n\t\t\t\t<section class=\"elementor-section elementor-top-section elementor-element elementor-element-b7bc0b8 elementor-section-boxed elementor-section-height-default elementor-section-height-default\" data-id=\"b7bc0b8\" data-element_type=\"section\" data-e-type=\"section\">\n\t\t\t\t\t\t<div class=\"elementor-container elementor-column-gap-default\">\n\t\t\t\t\t<div class=\"elementor-column elementor-col-100 elementor-top-column elementor-element elementor-element-42710d07\" data-id=\"42710d07\" data-element_type=\"column\" data-e-type=\"column\">\n\t\t\t<div class=\"elementor-widget-wrap elementor-element-populated\">\n\t\t\t\t\t\t<section class=\"elementor-section elementor-inner-section elementor-element elementor-element-4f5e64a3 elementor-section-boxed elementor-section-height-default elementor-section-height-default\" data-id=\"4f5e64a3\" data-element_type=\"section\" data-e-type=\"section\">\n\t\t\t\t\t\t<div class=\"elementor-container elementor-column-gap-default\">\n\t\t\t\t\t<div class=\"elementor-column elementor-col-100 elementor-inner-column elementor-element elementor-element-6675cf93\" data-id=\"6675cf93\" data-element_type=\"column\" data-e-type=\"column\">\n\t\t\t<div class=\"elementor-widget-wrap elementor-element-populated\">\n\t\t\t\t\t\t<div class=\"elementor-element elementor-element-cab1ce3 elementor-widget elementor-widget-heading\" data-id=\"cab1ce3\" data-element_type=\"widget\" data-e-type=\"widget\" data-widget_type=\"heading.default\">\n\t\t\t\t<div class=\"elementor-widget-container\">\n\t\t\t\t\t<h2 class=\"elementor-heading-title elementor-size-default\">Selezione della frequenza<\/h2>\t\t\t\t<\/div>\n\t\t\t\t<\/div>\n\t\t\t\t<div class=\"elementor-element elementor-element-1b7e305c elementor-widget elementor-widget-text-editor\" data-id=\"1b7e305c\" data-element_type=\"widget\" data-e-type=\"widget\" data-widget_type=\"text-editor.default\">\n\t\t\t\t<div class=\"elementor-widget-container\">\n\t\t\t\t\t\t\t\t\t<p>\u00c8 importante trovare la frequenza giusta per l&#039;applicazione. In generale, qualsiasi frequenza pu\u00f2 essere adatta per un&#039;applicazione. Alcune frequenze si sono rivelate utili per determinate situazioni. Ad esempio, da un lato ci sono le frequenze stimolanti e dall&#039;altro quelle che vengono utilizzate maggiormente per il relax.<\/p><table class=\"contenttable contenttable-0\"><tbody><tr class=\"tr-even tr-0\"><td class=\"td-0\">7,8 Hz<\/td><td class=\"td-1\">bilanciamento<\/td><td class=\"td-last td-2\">Frequenza del benessere<\/td><\/tr><tr class=\"tr-odd tr-1\"><td class=\"td-0\">33Hz<\/td><td class=\"td-1\">stimolante<\/td><td class=\"td-last td-2\">caff\u00e8 elettromagnetico<\/td><\/tr><tr class=\"tr-even tr-2\"><td class=\"td-0\">3,0 Hz<\/td><td class=\"td-1\">calmante<\/td><td class=\"td-last td-2\">lavanda elettromagnetica<\/td><\/tr><tr class=\"tr-odd tr-last\"><td class=\"td-0\">1,2 Hz<\/td><td class=\"td-1\">rilassante<\/td><td class=\"td-last td-2\">utile per l&#039;elettrosensibilit\u00e0<\/td><\/tr><\/tbody><\/table>\t\t\t\t\t\t\t\t<\/div>\n\t\t\t\t<\/div>\n\t\t\t\t<div class=\"elementor-element elementor-element-cceb8bf elementor-widget elementor-widget-heading\" data-id=\"cceb8bf\" data-element_type=\"widget\" data-e-type=\"widget\" data-widget_type=\"heading.default\">\n\t\t\t\t<div class=\"elementor-widget-container\">\n\t\t\t\t\t<h2 class=\"elementor-heading-title elementor-size-default\">Dispositivi di campo magnetico da Dr. Ludwig<\/h2>\t\t\t\t<\/div>\n\t\t\t\t<\/div>\n\t\t\t\t<div class=\"elementor-element elementor-element-07c05a2 elementor-widget elementor-widget-text-editor\" data-id=\"07c05a2\" data-element_type=\"widget\" data-e-type=\"widget\" data-widget_type=\"text-editor.default\">\n\t\t\t\t<div class=\"elementor-widget-container\">\n\t\t\t\t\t\t\t\t\t<p>Con i piccoli apparecchi Dr. Ludwig \u00e8 possibile selezionare a seconda del modello diverse frequenze preimpostate. Su ciascun apparecchio \u00e8 disponibile un&#039;impostazione per il valore principale dello spettro di frequenze Schumann, 7,8 Hz.<\/p>\n<p><a href=\"https:\/\/www.ams-ag.de\/it\/prodotti\/forniture-per-la-casa\/piccoli-dispositivi\/\"><b>Piccoli elettrodomestici<\/b><\/a><\/p>\n<p>Tutti i dispositivi contengono anche componenti che vengono informati dalle frequenze geomagnetiche gi\u00e0 descritte, in modo che queste informazioni vengano trasportate con il campo magnetico di ciascuna frequenza selezionata.<\/p>\n<p>Alcuni dei piccoli apparecchi (MEDICUR\u00aepro, METRONOM solar e METRONOM C) contengono anche due bobine separate che emettono anche i seguenti spettri di frequenza con ciascuna frequenza selezionata:<\/p>\n<ul>\n<li>Frequenze solari<\/li>\n<li>2000Hz (2KHz)<\/li>\n<\/ul>\n<p>Con MEDICUR\u00aecolor le frequenze elettromagnetiche solari vengono emesse in diversi spettri a seconda della scelta del colore.<\/p>\n<p>I dispositivi di grandi dimensioni possono essere utilizzati per impostare qualsiasi frequenza compresa tra 0,1 e 1000 Hz. Inoltre, le frequenze geomagnetiche e solari vengono generate automaticamente.<\/p>\n<p><a href=\"https:\/\/www.ams-ag.de\/it\/prodotti\/terapisti\/dispositivi-di-grandi-dimensioni\/\"><b>Grandi elettrodomestici<\/b><\/a><\/p>\n<p>Chiamiamo le frequenze Schumann, geomagnetiche e solari gli \u201cstandard biologici\u201d. La descrizione esatta di queste frequenze si trova nella voce di menu Segnali Ambientali.<\/p>\n<p><a href=\"https:\/\/www.ams-ag.de\/it\/nozioni-di-base-sulla-terapia-del-campo-magnetico\/terapia-del-campo-magnetico-e-medicina-bioinformatica\/segnali-ambientali\/\"><b>Segnali ambientali<\/b><\/a><\/p>\t\t\t\t\t\t\t\t<\/div>\n\t\t\t\t<\/div>\n\t\t\t\t<div class=\"elementor-element elementor-element-afa9feb elementor-widget elementor-widget-heading\" data-id=\"afa9feb\" data-element_type=\"widget\" data-e-type=\"widget\" data-widget_type=\"heading.default\">\n\t\t\t\t<div class=\"elementor-widget-container\">\n\t\t\t\t\t<h2 class=\"elementor-heading-title elementor-size-default\">Trasferimento di informazioni<\/h2>\t\t\t\t<\/div>\n\t\t\t\t<\/div>\n\t\t\t\t<div class=\"elementor-element elementor-element-e47b280 elementor-widget elementor-widget-text-editor\" data-id=\"e47b280\" data-element_type=\"widget\" data-e-type=\"widget\" data-widget_type=\"text-editor.default\">\n\t\t\t\t<div class=\"elementor-widget-container\">\n\t\t\t\t\t\t\t\t\t<p>Una propriet\u00e0 delle onde elettromagnetiche \u00e8 la loro capacit\u00e0 di assorbire e trasportare informazioni. L&#039;onda elettromagnetica dei nostri dispositivi pu\u00f2 essere utilizzata come puro segnale applicativo con la frequenza adeguata e anche come onda portante. Pu\u00f2 trasportare informazioni sia esogene (corpo estraneo) che endogene (proprie del corpo).<\/p>\n<p>A questo scopo i piccoli apparecchi sono dotati di un supporto per fiale. I dispositivi di grandi dimensioni offrono la possibilit\u00e0 di collegare una tazza (MEDICUP) per la trasmissione delle informazioni\/oscillazione del substrato.<\/p>\n<p>Puoi leggere cosa riguarda l&#039;oscillazione dei substrati e delle informazioni qui:<\/p>\t\t\t\t\t\t\t\t<\/div>\n\t\t\t\t<\/div>\n\t\t\t\t\t<\/div>\n\t\t<\/div>\n\t\t\t\t\t<\/div>\n\t\t<\/section>\n\t\t\t\t\t<\/div>\n\t\t<\/div>\n\t\t\t\t\t<\/div>\n\t\t<\/section>\n\t\t\t\t<section class=\"elementor-section elementor-top-section elementor-element elementor-element-157b915 elementor-section-boxed elementor-section-height-default elementor-section-height-default\" data-id=\"157b915\" data-element_type=\"section\" data-e-type=\"section\" data-settings=\"{&quot;background_background&quot;:&quot;classic&quot;}\">\n\t\t\t\t\t\t<div class=\"elementor-container elementor-column-gap-default\">\n\t\t\t\t\t<div class=\"elementor-column elementor-col-100 elementor-top-column elementor-element elementor-element-a085a92\" data-id=\"a085a92\" data-element_type=\"column\" data-e-type=\"column\">\n\t\t\t<div class=\"elementor-widget-wrap elementor-element-populated\">\n\t\t\t\t\t\t<div class=\"elementor-element elementor-element-0b3fc97 elementor-align-right elementor-mobile-align-center elementor-widget elementor-widget-button\" data-id=\"0b3fc97\" data-element_type=\"widget\" data-e-type=\"widget\" data-widget_type=\"button.default\">\n\t\t\t\t<div class=\"elementor-widget-container\">\n\t\t\t\t\t\t\t\t\t<div class=\"elementor-button-wrapper\">\n\t\t\t\t\t<a class=\"elementor-button elementor-button-link elementor-size-sm\" href=\"https:\/\/www.ams-ag.de\/it\/grundlagen-magnetfeldtherapie\/magnetfeldtherapie-und-bioinformative-medizin\/substratuebertragung\/\">\n\t\t\t\t\t\t<span class=\"elementor-button-content-wrapper\">\n\t\t\t\t\t\t<span class=\"elementor-button-icon\">\n\t\t\t\t<i aria-hidden=\"true\" class=\"fas fa-arrow-right\"><\/i>\t\t\t<\/span>\n\t\t\t\t\t\t\t\t\t<span class=\"elementor-button-text\">Trasferimento del substrato<\/span>\n\t\t\t\t\t<\/span>\n\t\t\t\t\t<\/a>\n\t\t\t\t<\/div>\n\t\t\t\t\t\t\t\t<\/div>\n\t\t\t\t<\/div>\n\t\t\t\t\t<\/div>\n\t\t<\/div>\n\t\t\t\t\t<\/div>\n\t\t<\/section>\n\t\t\t\t<\/div>","protected":false},"excerpt":{"rendered":"<p>Frequenzen und Anwendungsm\u00f6glichkeiten Verbesserung der Regulationsf\u00e4higkeit Bereits im Altertum wurden Krankheiten mit sogenanntem &#8222;Magnetit&#8220; (nat\u00fcrlicher Magnet\u00adstein) erfolgreich behandelt. Das Prinzip ist einfach: Magnetfelder k\u00f6nnen die Regulations\u00adf\u00e4higkeit\u00a0verbessern und so zur Aktivierung [&hellip;]<\/p>\n","protected":false},"author":1,"featured_media":0,"parent":1426,"menu_order":4,"comment_status":"closed","ping_status":"closed","template":"","meta":{"pmpro_default_level":"","footnotes":""},"class_list":["post-1396","page","type-page","status-publish","hentry","pmpro-has-access"],"_links":{"self":[{"href":"https:\/\/www.ams-ag.de\/it\/wp-json\/wp\/v2\/pages\/1396","targetHints":{"allow":["GET"]}}],"collection":[{"href":"https:\/\/www.ams-ag.de\/it\/wp-json\/wp\/v2\/pages"}],"about":[{"href":"https:\/\/www.ams-ag.de\/it\/wp-json\/wp\/v2\/types\/page"}],"author":[{"embeddable":true,"href":"https:\/\/www.ams-ag.de\/it\/wp-json\/wp\/v2\/users\/1"}],"replies":[{"embeddable":true,"href":"https:\/\/www.ams-ag.de\/it\/wp-json\/wp\/v2\/comments?post=1396"}],"version-history":[{"count":33,"href":"https:\/\/www.ams-ag.de\/it\/wp-json\/wp\/v2\/pages\/1396\/revisions"}],"predecessor-version":[{"id":17233,"href":"https:\/\/www.ams-ag.de\/it\/wp-json\/wp\/v2\/pages\/1396\/revisions\/17233"}],"up":[{"embeddable":true,"href":"https:\/\/www.ams-ag.de\/it\/wp-json\/wp\/v2\/pages\/1426"}],"wp:attachment":[{"href":"https:\/\/www.ams-ag.de\/it\/wp-json\/wp\/v2\/media?parent=1396"}],"curies":[{"name":"wp","href":"https:\/\/api.w.org\/{rel}","templated":true}]}}