{"id":1394,"date":"2023-05-01T13:07:33","date_gmt":"2023-05-01T11:07:33","guid":{"rendered":"http:\/\/www.ams-ag.de\/?page_id=1394"},"modified":"2024-05-06T05:40:50","modified_gmt":"2024-05-06T03:40:50","slug":"caratteristiche-di-qualita","status":"publish","type":"page","link":"https:\/\/www.ams-ag.de\/it\/grundlagen-magnetfeldtherapie\/magnetfeldtherapie-und-bioinformative-medizin\/qualitaetsmerkmale\/","title":{"rendered":"Caratteristiche di qualit\u00e0"},"content":{"rendered":"\t\t<div data-elementor-type=\"wp-page\" data-elementor-id=\"1394\" class=\"elementor elementor-1394\" data-elementor-post-type=\"page\">\n\t\t\t\t\t\t<section class=\"elementor-section elementor-top-section elementor-element elementor-element-40fe144 elementor-section-boxed elementor-section-height-default elementor-section-height-default\" data-id=\"40fe144\" data-element_type=\"section\" data-e-type=\"section\" data-settings=\"{&quot;background_background&quot;:&quot;classic&quot;}\">\n\t\t\t\t\t\t<div class=\"elementor-container elementor-column-gap-default\">\n\t\t\t\t\t<div class=\"elementor-column elementor-col-50 elementor-top-column elementor-element elementor-element-d52f2cf\" data-id=\"d52f2cf\" data-element_type=\"column\" data-e-type=\"column\">\n\t\t\t<div class=\"elementor-widget-wrap elementor-element-populated\">\n\t\t\t\t\t\t<div class=\"elementor-element elementor-element-a6980d8 elementor-widget elementor-widget-image\" data-id=\"a6980d8\" data-element_type=\"widget\" data-e-type=\"widget\" data-widget_type=\"image.default\">\n\t\t\t\t<div class=\"elementor-widget-container\">\n\t\t\t\t\t\t\t\t\t\t\t\t\t\t\t<img fetchpriority=\"high\" decoding=\"async\" width=\"768\" height=\"576\" src=\"https:\/\/www.ams-ag.de\/wp-content\/uploads\/2024\/02\/pexels-anni-roenkae-3169299-768x576.jpg\" class=\"attachment-medium_large size-medium_large wp-image-14400\" alt=\"\" srcset=\"https:\/\/www.ams-ag.de\/wp-content\/uploads\/2024\/02\/pexels-anni-roenkae-3169299-768x576.jpg 768w, https:\/\/www.ams-ag.de\/wp-content\/uploads\/2024\/02\/pexels-anni-roenkae-3169299-300x225.jpg 300w, https:\/\/www.ams-ag.de\/wp-content\/uploads\/2024\/02\/pexels-anni-roenkae-3169299-1365x1024.jpg 1365w, https:\/\/www.ams-ag.de\/wp-content\/uploads\/2024\/02\/pexels-anni-roenkae-3169299-1536x1152.jpg 1536w, https:\/\/www.ams-ag.de\/wp-content\/uploads\/2024\/02\/pexels-anni-roenkae-3169299-16x12.jpg 16w, https:\/\/www.ams-ag.de\/wp-content\/uploads\/2024\/02\/pexels-anni-roenkae-3169299.jpg 1920w\" sizes=\"(max-width: 768px) 100vw, 768px\" \/>\t\t\t\t\t\t\t\t\t\t\t\t\t\t\t<\/div>\n\t\t\t\t<\/div>\n\t\t\t\t\t<\/div>\n\t\t<\/div>\n\t\t\t\t<div class=\"elementor-column elementor-col-50 elementor-top-column elementor-element elementor-element-546b47e\" data-id=\"546b47e\" data-element_type=\"column\" data-e-type=\"column\">\n\t\t\t<div class=\"elementor-widget-wrap elementor-element-populated\">\n\t\t\t\t\t\t<div class=\"elementor-element elementor-element-226cad8e elementor-widget elementor-widget-heading\" data-id=\"226cad8e\" data-element_type=\"widget\" data-e-type=\"widget\" data-widget_type=\"heading.default\">\n\t\t\t\t<div class=\"elementor-widget-container\">\n\t\t\t\t\t<h1 class=\"elementor-heading-title elementor-size-default\">Qualit\u00e4tsmerkmale<\/h1>\t\t\t\t<\/div>\n\t\t\t\t<\/div>\n\t\t\t\t\t<\/div>\n\t\t<\/div>\n\t\t\t\t\t<\/div>\n\t\t<\/section>\n\t\t\t\t<section class=\"elementor-section elementor-top-section elementor-element elementor-element-10ea9b36 elementor-section-boxed elementor-section-height-default elementor-section-height-default\" data-id=\"10ea9b36\" data-element_type=\"section\" data-e-type=\"section\">\n\t\t\t\t\t\t<div class=\"elementor-container elementor-column-gap-default\">\n\t\t\t\t\t<div class=\"elementor-column elementor-col-100 elementor-top-column elementor-element elementor-element-4b703c3\" data-id=\"4b703c3\" data-element_type=\"column\" data-e-type=\"column\">\n\t\t\t<div class=\"elementor-widget-wrap elementor-element-populated\">\n\t\t\t\t\t\t<div class=\"elementor-element elementor-element-0d6a42e elementor-widget elementor-widget-heading\" data-id=\"0d6a42e\" data-element_type=\"widget\" data-e-type=\"widget\" data-widget_type=\"heading.default\">\n\t\t\t\t<div class=\"elementor-widget-container\">\n\t\t\t\t\t<h2 class=\"elementor-heading-title elementor-size-default\">Bioenergetische Schwingungen<\/h2>\t\t\t\t<\/div>\n\t\t\t\t<\/div>\n\t\t\t\t<div class=\"elementor-element elementor-element-63071b96 elementor-widget elementor-widget-text-editor\" data-id=\"63071b96\" data-element_type=\"widget\" data-e-type=\"widget\" data-widget_type=\"text-editor.default\">\n\t\t\t\t<div class=\"elementor-widget-container\">\n\t\t\t\t\t\t\t\t\t<p>Die von Dr. W. Ludwig entwickelten Magnetfeldtherapieger\u00e4te generieren elektromagnetische Wechselfelder, die biologische Resonanzeffekte erzeugen und damit Regulationsprozesse bioenergetisch anregen und die Selbstheilungskr\u00e4fte aktivieren k\u00f6nnen.<\/p>\n<p>Die Resonanzeffekte lassen sich jedoch nur dann erzielen, wenn das erzeugte elektromagnetische Feld bestimmte physiologische Qualit\u00e4tsmerkmale erf\u00fcllt.<\/p>\n<p>Zum einen handelt es sich hierbei um die bereits erw\u00e4hnten Umweltsignale, die sogenannten &#8222;Biologischen Normale&#8220;, die als Steuerimpulse in Resonanz mit dem Organismus von Lebewesen stehen. Diese nat\u00fcrlichen und f\u00fcr den Menschen bioenergetisch wichtigen Signale lassen sich mit Hilfe der Mikroelektronik nachbilden &#8211; jedoch ist es wichtig, dass der K\u00f6rper diese Signale auch versteht.<\/p><p><a class=\"internal-link\" title=\"Opens internal link in current window\" href=\"https:\/\/www.ams-ag.de\/grundlagen-magnetfeldtherapie\/magnetfeldtherapie-und-bioinformative-medizin\/umweltsignale\/\"><b>Umweltsignale<\/b><\/a><\/p>\t\t\t\t\t\t\t\t<\/div>\n\t\t\t\t<\/div>\n\t\t\t\t<div class=\"elementor-element elementor-element-263d0bd6 elementor-widget elementor-widget-heading\" data-id=\"263d0bd6\" data-element_type=\"widget\" data-e-type=\"widget\" data-widget_type=\"heading.default\">\n\t\t\t\t<div class=\"elementor-widget-container\">\n\t\t\t\t\t<h2 class=\"elementor-heading-title elementor-size-default\">Die Wirksamkeit eines Magnetfeldes<\/h2>\t\t\t\t<\/div>\n\t\t\t\t<\/div>\n\t\t\t\t<div class=\"elementor-element elementor-element-731ad06c elementor-widget elementor-widget-text-editor\" data-id=\"731ad06c\" data-element_type=\"widget\" data-e-type=\"widget\" data-widget_type=\"text-editor.default\">\n\t\t\t\t<div class=\"elementor-widget-container\">\n\t\t\t\t\t\t\t\t\t<p>Die Wirksamkeit eines k\u00fcnstlich vom Ger\u00e4t erzeugten Magnetfeldes bestimmt sich zus\u00e4tzlich \u00fcber nachstehende&nbsp; technische Qualit\u00e4tsmerkmale, die bestimmte Eigenschaften aufweisen m\u00fcssen.<\/p>\n<p>Hierf\u00fcr sind Magnetfeldst\u00e4rke und Impulsform des Signals von besonderer Wichtigkeit.<\/p>\t\t\t\t\t\t\t\t<\/div>\n\t\t\t\t<\/div>\n\t\t\t\t\t<\/div>\n\t\t<\/div>\n\t\t\t\t\t<\/div>\n\t\t<\/section>\n\t\t\t\t<section class=\"elementor-section elementor-top-section elementor-element elementor-element-78ae206 elementor-section-boxed elementor-section-height-default elementor-section-height-default\" data-id=\"78ae206\" data-element_type=\"section\" data-e-type=\"section\">\n\t\t\t\t\t\t<div class=\"elementor-container elementor-column-gap-default\">\n\t\t\t\t\t<div class=\"elementor-column elementor-col-100 elementor-top-column elementor-element elementor-element-3d4e54a\" data-id=\"3d4e54a\" data-element_type=\"column\" data-e-type=\"column\">\n\t\t\t<div class=\"elementor-widget-wrap elementor-element-populated\">\n\t\t\t\t\t\t<div class=\"elementor-element elementor-element-73cb34d elementor-widget elementor-widget-heading\" data-id=\"73cb34d\" data-element_type=\"widget\" data-e-type=\"widget\" data-widget_type=\"heading.default\">\n\t\t\t\t<div class=\"elementor-widget-container\">\n\t\t\t\t\t<h2 class=\"elementor-heading-title elementor-size-default\">Inhalt<\/h2>\t\t\t\t<\/div>\n\t\t\t\t<\/div>\n\t\t\t\t<div class=\"elementor-element elementor-element-fddae7b elementor-icon-list--layout-inline elementor-align-start elementor-list-item-link-full_width elementor-widget elementor-widget-icon-list\" data-id=\"fddae7b\" data-element_type=\"widget\" data-e-type=\"widget\" data-settings=\"{&quot;sticky&quot;:&quot;top&quot;,&quot;sticky_on&quot;:[&quot;desktop&quot;,&quot;tablet&quot;],&quot;sticky_offset&quot;:0,&quot;sticky_effects_offset&quot;:0,&quot;sticky_anchor_link_offset&quot;:0}\" data-widget_type=\"icon-list.default\">\n\t\t\t\t<div class=\"elementor-widget-container\">\n\t\t\t\t\t\t\t<ul class=\"elementor-icon-list-items elementor-inline-items\">\n\t\t\t\t\t\t\t<li class=\"elementor-icon-list-item elementor-inline-item\">\n\t\t\t\t\t\t\t\t\t\t\t<a href=\"#Magnetfeldstaerke\">\n\n\t\t\t\t\t\t\t\t\t\t\t<span class=\"elementor-icon-list-text\">Magnetfeldst\u00e4rke<\/span>\n\t\t\t\t\t\t\t\t\t\t\t<\/a>\n\t\t\t\t\t\t\t\t\t<\/li>\n\t\t\t\t\t\t\t\t<li class=\"elementor-icon-list-item elementor-inline-item\">\n\t\t\t\t\t\t\t\t\t\t\t<a href=\"#Impulsform\">\n\n\t\t\t\t\t\t\t\t\t\t\t<span class=\"elementor-icon-list-text\">Impulsform<\/span>\n\t\t\t\t\t\t\t\t\t\t\t<\/a>\n\t\t\t\t\t\t\t\t\t<\/li>\n\t\t\t\t\t\t<\/ul>\n\t\t\t\t\t\t<\/div>\n\t\t\t\t<\/div>\n\t\t\t\t\t<\/div>\n\t\t<\/div>\n\t\t\t\t\t<\/div>\n\t\t<\/section>\n\t\t\t\t<section class=\"elementor-section elementor-top-section elementor-element elementor-element-ffabadf elementor-section-boxed elementor-section-height-default elementor-section-height-default\" data-id=\"ffabadf\" data-element_type=\"section\" data-e-type=\"section\">\n\t\t\t\t\t\t<div class=\"elementor-container elementor-column-gap-default\">\n\t\t\t\t\t<div class=\"elementor-column elementor-col-100 elementor-top-column elementor-element elementor-element-ed6df8f\" data-id=\"ed6df8f\" data-element_type=\"column\" data-e-type=\"column\">\n\t\t\t<div class=\"elementor-widget-wrap elementor-element-populated\">\n\t\t\t\t\t\t<div class=\"elementor-element elementor-element-545ef2a elementor-widget elementor-widget-menu-anchor\" data-id=\"545ef2a\" data-element_type=\"widget\" data-e-type=\"widget\" data-widget_type=\"menu-anchor.default\">\n\t\t\t\t<div class=\"elementor-widget-container\">\n\t\t\t\t\t\t\t<div class=\"elementor-menu-anchor\" id=\"Magnetfeldstaerke\"><\/div>\n\t\t\t\t\t\t<\/div>\n\t\t\t\t<\/div>\n\t\t\t\t<div class=\"elementor-element elementor-element-fa3cb0c elementor-widget elementor-widget-heading\" data-id=\"fa3cb0c\" data-element_type=\"widget\" data-e-type=\"widget\" data-widget_type=\"heading.default\">\n\t\t\t\t<div class=\"elementor-widget-container\">\n\t\t\t\t\t<h2 class=\"elementor-heading-title elementor-size-default\">Magnetfeldst\u00e4rke<\/h2>\t\t\t\t<\/div>\n\t\t\t\t<\/div>\n\t\t\t\t<div class=\"elementor-element elementor-element-812361d elementor-widget elementor-widget-heading\" data-id=\"812361d\" data-element_type=\"widget\" data-e-type=\"widget\" data-widget_type=\"heading.default\">\n\t\t\t\t<div class=\"elementor-widget-container\">\n\t\t\t\t\t<h3 class=\"elementor-heading-title elementor-size-default\">Physiologische Ansprechschwelle<\/h3>\t\t\t\t<\/div>\n\t\t\t\t<\/div>\n\t\t\t\t<div class=\"elementor-element elementor-element-7f22da0 elementor-widget elementor-widget-text-editor\" data-id=\"7f22da0\" data-element_type=\"widget\" data-e-type=\"widget\" data-widget_type=\"text-editor.default\">\n\t\t\t\t<div class=\"elementor-widget-container\">\n\t\t\t\t\t\t\t\t\t<p>Das k\u00fcnstlich erzeugte Magnetfeld darf eine bestimmte Intensit\u00e4t weder unter- noch \u00fcberschreiten.<\/p><p>Um dem K\u00f6rper die vom Ger\u00e4t erzeugte elektromagnetische Welle verst\u00e4ndlich zu machen, ist es zun\u00e4chst wichtig, dass die &#8222;physiologische Ansprechschwelle&#8220; erreicht wird.<\/p><p>Es ist so, wie wenn man Musik h\u00f6ren m\u00f6chte. Wenn man den Lautst\u00e4rkeregler komplett herunter dreht, ist die Musik nicht h\u00f6rbar. Dreht man ihn nun langsam herauf, kommt man irgendwann an einen Punkt, an dem die Musik h\u00f6rbar wird. Das ist die &#8222;physiologische Ansprechschwelle&#8220; \u2013 wir h\u00f6ren, wir &#8222;verstehen&#8220;.<\/p>\t\t\t\t\t\t\t\t<\/div>\n\t\t\t\t<\/div>\n\t\t\t\t<div class=\"elementor-element elementor-element-941154d elementor-widget elementor-widget-heading\" data-id=\"941154d\" data-element_type=\"widget\" data-e-type=\"widget\" data-widget_type=\"heading.default\">\n\t\t\t\t<div class=\"elementor-widget-container\">\n\t\t\t\t\t<h3 class=\"elementor-heading-title elementor-size-default\">Lauter ist nicht besser!<\/h3>\t\t\t\t<\/div>\n\t\t\t\t<\/div>\n\t\t\t\t<div class=\"elementor-element elementor-element-558b2f7 elementor-widget elementor-widget-text-editor\" data-id=\"558b2f7\" data-element_type=\"widget\" data-e-type=\"widget\" data-widget_type=\"text-editor.default\">\n\t\t\t\t<div class=\"elementor-widget-container\">\n\t\t\t\t\t\t\t\t\t<p>Dreht man den Lautst\u00e4rkeregler noch etwas lauter, wird es noch besser. Selbst noch ein wenig lauter macht das Verstehen noch ein wenig besser. Irgendwann ist aber der Punkt erreicht, an dem man die Musik nicht mehr noch besser h\u00f6rt, sondern sie nur noch lauter und damit immer unangenehmer wird und nach einer Weile ist sie unertr\u00e4glich. Es ist wie so oft im Leben \u2013 nicht\u00a0immer hei\u00dft es: Viel hilft viel.<\/p><p>Mit dem elektromagnetischen Feld ist es genauso. Nach dem Erreichen der physiologischen Ansprechschwelle durch eine gewisse St\u00e4rke, ist es dem K\u00f6rper m\u00f6glich, die Schwingung zu &#8222;verstehen&#8220;. Wird die St\u00e4rke nun intensiviert, verst\u00e4rkt sich der Effekt f\u00fcr eine Weile, bevor er abnimmt und ganz zum Erliegen kommt.<\/p>\t\t\t\t\t\t\t\t<\/div>\n\t\t\t\t<\/div>\n\t\t\t\t<div class=\"elementor-element elementor-element-af35e6d elementor-widget elementor-widget-heading\" data-id=\"af35e6d\" data-element_type=\"widget\" data-e-type=\"widget\" data-widget_type=\"heading.default\">\n\t\t\t\t<div class=\"elementor-widget-container\">\n\t\t\t\t\t<h3 class=\"elementor-heading-title elementor-size-default\">Das Adey-Fenster<\/h3>\t\t\t\t<\/div>\n\t\t\t\t<\/div>\n\t\t\t\t<div class=\"elementor-element elementor-element-b2c6549 elementor-widget elementor-widget-text-editor\" data-id=\"b2c6549\" data-element_type=\"widget\" data-e-type=\"widget\" data-widget_type=\"text-editor.default\">\n\t\t\t\t<div class=\"elementor-widget-container\">\n\t\t\t\t\t\t\t\t\t<p>Der amerikanische Physiker R. Adey stellte durch einen Versuch fest, dass eine positive physiologische Wirkung von Magnetfeldern auch schon bei schwacher Feldst\u00e4rke nachweisbar ist.<\/p><p>Er untersuchte den Einfluss eines st\u00e4rker werdenden elektromagnetischen Feldes auf das Einstr\u00f6men von Ca<sup>++<\/sup> Ionen in Zellen von K\u00fckeneiern. Dieser Ca<sup>++<\/sup> Einstrom ist ein physiologischer Vorgang.<\/p><p>Im Ergebnis war festzustellen, dass eine gewisse Grundintensit\u00e4t ben\u00f6tigt wird, um den Einstrom der Ca<sup>++<\/sup> Ionen positiv zu unterst\u00fctzen \u2013 das Erreichen der physiologischen Ansprechschwelle.<\/p><p>Mit Anstieg der Intensit\u00e4t des Magnetfeldes stieg auch der Einstrom von Ca<sup>++<\/sup> Ionen in die K\u00fckeneiern an. Nach dem Erreichen eines Maximums verringerte sich der Effekt wieder, bis er mit einer immer h\u00f6her werdenden Intensit\u00e4t des Magnetfeldes komplett zum Erliegen kam.<\/p><p>Diesen Intensit\u00e4ts-Bereich der positiven Beeinflussung durch das Magnetfeld nennt man das &#8222;Adey-Fenster&#8220;.<\/p>\t\t\t\t\t\t\t\t<\/div>\n\t\t\t\t<\/div>\n\t\t\t\t<div class=\"elementor-element elementor-element-f4b44dd elementor-widget elementor-widget-image\" data-id=\"f4b44dd\" data-element_type=\"widget\" data-e-type=\"widget\" data-widget_type=\"image.default\">\n\t\t\t\t<div class=\"elementor-widget-container\">\n\t\t\t\t\t\t\t\t\t\t\t\t\t\t\t<img decoding=\"async\" width=\"800\" height=\"455\" src=\"https:\/\/www.ams-ag.de\/wp-content\/uploads\/2023\/05\/image-38.jpeg\" class=\"attachment-large size-large wp-image-1787\" alt=\"ADEY-Fenster Grafik\" srcset=\"https:\/\/www.ams-ag.de\/wp-content\/uploads\/2023\/05\/image-38.jpeg 1024w, https:\/\/www.ams-ag.de\/wp-content\/uploads\/2023\/05\/image-38-300x171.jpeg 300w, https:\/\/www.ams-ag.de\/wp-content\/uploads\/2023\/05\/image-38-768x437.jpeg 768w\" sizes=\"(max-width: 800px) 100vw, 800px\" \/>\t\t\t\t\t\t\t\t\t\t\t\t\t\t\t<\/div>\n\t\t\t\t<\/div>\n\t\t\t\t<div class=\"elementor-element elementor-element-f6bcf36 elementor-widget elementor-widget-text-editor\" data-id=\"f6bcf36\" data-element_type=\"widget\" data-e-type=\"widget\" data-widget_type=\"text-editor.default\">\n\t\t\t\t<div class=\"elementor-widget-container\">\n\t\t\t\t\t\t\t\t\tF\u00fcr die Magnetfeldtherapie gilt also: Es muss lediglich die physiologische Ansprechschwelle erreicht werden \u2013 eine gr\u00f6\u00dfere Intensit\u00e4t kann unter Umst\u00e4nden sogar kontraproduktiv wirken. Deshalb liegt die Magnetfeldst\u00e4rke der von Dr. Ludwig entwickelten Ger\u00e4te bei geringen 0,2 \u2013 20 \u00b5Tesla.\t\t\t\t\t\t\t\t<\/div>\n\t\t\t\t<\/div>\n\t\t\t\t\t<\/div>\n\t\t<\/div>\n\t\t\t\t\t<\/div>\n\t\t<\/section>\n\t\t\t\t<section class=\"elementor-section elementor-top-section elementor-element elementor-element-ef80f62 elementor-section-boxed elementor-section-height-default elementor-section-height-default\" data-id=\"ef80f62\" data-element_type=\"section\" data-e-type=\"section\">\n\t\t\t\t\t\t<div class=\"elementor-container elementor-column-gap-default\">\n\t\t\t\t\t<div class=\"elementor-column elementor-col-100 elementor-top-column elementor-element elementor-element-a6d9418\" data-id=\"a6d9418\" data-element_type=\"column\" data-e-type=\"column\">\n\t\t\t<div class=\"elementor-widget-wrap elementor-element-populated\">\n\t\t\t\t\t\t<div class=\"elementor-element elementor-element-f107838 elementor-widget-divider--view-line elementor-widget elementor-widget-divider\" data-id=\"f107838\" data-element_type=\"widget\" data-e-type=\"widget\" data-widget_type=\"divider.default\">\n\t\t\t\t<div class=\"elementor-widget-container\">\n\t\t\t\t\t\t\t<div class=\"elementor-divider\">\n\t\t\t<span class=\"elementor-divider-separator\">\n\t\t\t\t\t\t<\/span>\n\t\t<\/div>\n\t\t\t\t\t\t<\/div>\n\t\t\t\t<\/div>\n\t\t\t\t<div class=\"elementor-element elementor-element-4951eda elementor-widget elementor-widget-menu-anchor\" data-id=\"4951eda\" data-element_type=\"widget\" data-e-type=\"widget\" data-widget_type=\"menu-anchor.default\">\n\t\t\t\t<div class=\"elementor-widget-container\">\n\t\t\t\t\t\t\t<div class=\"elementor-menu-anchor\" id=\"Impulsform\"><\/div>\n\t\t\t\t\t\t<\/div>\n\t\t\t\t<\/div>\n\t\t\t\t<div class=\"elementor-element elementor-element-50df012 elementor-widget elementor-widget-heading\" data-id=\"50df012\" data-element_type=\"widget\" data-e-type=\"widget\" data-widget_type=\"heading.default\">\n\t\t\t\t<div class=\"elementor-widget-container\">\n\t\t\t\t\t<h2 class=\"elementor-heading-title elementor-size-default\">Impulsform<\/h2>\t\t\t\t<\/div>\n\t\t\t\t<\/div>\n\t\t\t\t<div class=\"elementor-element elementor-element-cbc3430 elementor-widget elementor-widget-heading\" data-id=\"cbc3430\" data-element_type=\"widget\" data-e-type=\"widget\" data-widget_type=\"heading.default\">\n\t\t\t\t<div class=\"elementor-widget-container\">\n\t\t\t\t\t<h3 class=\"elementor-heading-title elementor-size-default\">Signalform der Nervenkommunikation<\/h3>\t\t\t\t<\/div>\n\t\t\t\t<\/div>\n\t\t\t\t<div class=\"elementor-element elementor-element-ec231c0 elementor-widget elementor-widget-text-editor\" data-id=\"ec231c0\" data-element_type=\"widget\" data-e-type=\"widget\" data-widget_type=\"text-editor.default\">\n\t\t\t\t<div class=\"elementor-widget-container\">\n\t\t\t\t\t\t\t\t\tWeiterhin ist die Wirkung des elektromagnetischen Feldes auf den Organismus abh\u00e4ngig von der Impulsform.\t\t\t\t\t\t\t\t<\/div>\n\t\t\t\t<\/div>\n\t\t\t\t<section class=\"elementor-section elementor-inner-section elementor-element elementor-element-6acf0c9 elementor-section-boxed elementor-section-height-default elementor-section-height-default\" data-id=\"6acf0c9\" data-element_type=\"section\" data-e-type=\"section\">\n\t\t\t\t\t\t<div class=\"elementor-container elementor-column-gap-default\">\n\t\t\t\t\t<div class=\"elementor-column elementor-col-50 elementor-inner-column elementor-element elementor-element-929e0e2\" data-id=\"929e0e2\" data-element_type=\"column\" data-e-type=\"column\">\n\t\t\t<div class=\"elementor-widget-wrap elementor-element-populated\">\n\t\t\t\t\t\t<div class=\"elementor-element elementor-element-5774cd5 elementor-widget elementor-widget-text-editor\" data-id=\"5774cd5\" data-element_type=\"widget\" data-e-type=\"widget\" data-widget_type=\"text-editor.default\">\n\t\t\t\t<div class=\"elementor-widget-container\">\n\t\t\t\t\t\t\t\t\tDa es f\u00fcr Dr. Ludwig besonders wichtig war, eine Impulsform zu nutzen, die dem K\u00f6rper schon bekannt ist, w\u00e4hlte er den zeitlichen Verlauf der Signalform der Impulsweiterleitung des Nervensystems. Diese ist gekennzeichnet durch einen schnellen Anstieg und ein darauf folgendes langsames Abklingen des Impulses.\t\t\t\t\t\t\t\t<\/div>\n\t\t\t\t<\/div>\n\t\t\t\t\t<\/div>\n\t\t<\/div>\n\t\t\t\t<div class=\"elementor-column elementor-col-50 elementor-inner-column elementor-element elementor-element-06a1b38\" data-id=\"06a1b38\" data-element_type=\"column\" data-e-type=\"column\">\n\t\t\t<div class=\"elementor-widget-wrap elementor-element-populated\">\n\t\t\t\t\t\t<div class=\"elementor-element elementor-element-f3bb0d4 elementor-widget elementor-widget-image\" data-id=\"f3bb0d4\" data-element_type=\"widget\" data-e-type=\"widget\" data-widget_type=\"image.default\">\n\t\t\t\t<div class=\"elementor-widget-container\">\n\t\t\t\t\t\t\t\t\t\t\t\t\t\t\t<img decoding=\"async\" width=\"250\" height=\"116\" src=\"https:\/\/www.ams-ag.de\/wp-content\/uploads\/2023\/05\/image-4.jpeg\" class=\"attachment-large size-large wp-image-1551\" alt=\"\" \/>\t\t\t\t\t\t\t\t\t\t\t\t\t\t\t<\/div>\n\t\t\t\t<\/div>\n\t\t\t\t\t<\/div>\n\t\t<\/div>\n\t\t\t\t\t<\/div>\n\t\t<\/section>\n\t\t\t\t<div class=\"elementor-element elementor-element-64c4272 elementor-widget elementor-widget-text-editor\" data-id=\"64c4272\" data-element_type=\"widget\" data-e-type=\"widget\" data-widget_type=\"text-editor.default\">\n\t\t\t\t<div class=\"elementor-widget-container\">\n\t\t\t\t\t\t\t\t\t<p>Es w\u00e4re m\u00f6glich gewesen, andere Impulsformen zu w\u00e4hlen \u2013 so gibt es beispielsweise S\u00e4gezahn-, Rechteck- oder Sinussignale. Jedoch werden diese Arten der Signale h\u00e4ufig nur anfangs als angenehm stimulierend empfunden. Deshalb arbeiten alle von Dr. Ludwig entwickelten Ger\u00e4te mit der oben genannten Impulsform der Signalweiterleitung zwischen Nervenzellen. Um zu erfahren, welche Frequenzen sich in bestimmten Situationen bew\u00e4hrt haben, lesen Sie weiter im Men\u00fcpunkt:<\/p>\t\t\t\t\t\t\t\t<\/div>\n\t\t\t\t<\/div>\n\t\t\t\t\t<\/div>\n\t\t<\/div>\n\t\t\t\t\t<\/div>\n\t\t<\/section>\n\t\t\t\t<section class=\"elementor-section elementor-top-section elementor-element elementor-element-f8d3b2a elementor-section-boxed elementor-section-height-default elementor-section-height-default\" data-id=\"f8d3b2a\" data-element_type=\"section\" data-e-type=\"section\" data-settings=\"{&quot;background_background&quot;:&quot;classic&quot;}\">\n\t\t\t\t\t\t<div class=\"elementor-container elementor-column-gap-default\">\n\t\t\t\t\t<div class=\"elementor-column elementor-col-100 elementor-top-column elementor-element elementor-element-b8af127\" data-id=\"b8af127\" data-element_type=\"column\" data-e-type=\"column\">\n\t\t\t<div class=\"elementor-widget-wrap elementor-element-populated\">\n\t\t\t\t\t\t<div class=\"elementor-element elementor-element-236856c elementor-align-right elementor-mobile-align-center elementor-widget elementor-widget-button\" data-id=\"236856c\" data-element_type=\"widget\" data-e-type=\"widget\" data-widget_type=\"button.default\">\n\t\t\t\t<div class=\"elementor-widget-container\">\n\t\t\t\t\t\t\t\t\t<div class=\"elementor-button-wrapper\">\n\t\t\t\t\t<a class=\"elementor-button elementor-button-link elementor-size-sm\" href=\"https:\/\/www.ams-ag.de\/it\/grundlagen-magnetfeldtherapie\/magnetfeldtherapie-und-bioinformative-medizin\/frequenzen-und-anwendungsmoeglichkeiten\/\">\n\t\t\t\t\t\t<span class=\"elementor-button-content-wrapper\">\n\t\t\t\t\t\t<span class=\"elementor-button-icon\">\n\t\t\t\t<i aria-hidden=\"true\" class=\"fas fa-arrow-right\"><\/i>\t\t\t<\/span>\n\t\t\t\t\t\t\t\t\t<span class=\"elementor-button-text\">Frequenzen und Anwendungsm\u00f6glichkeiten<\/span>\n\t\t\t\t\t<\/span>\n\t\t\t\t\t<\/a>\n\t\t\t\t<\/div>\n\t\t\t\t\t\t\t\t<\/div>\n\t\t\t\t<\/div>\n\t\t\t\t\t<\/div>\n\t\t<\/div>\n\t\t\t\t\t<\/div>\n\t\t<\/section>\n\t\t\t\t<\/div>\n\t\t","protected":false},"excerpt":{"rendered":"<p>Qualit\u00e4tsmerkmale Bioenergetische Schwingungen Die von Dr. W. Ludwig entwickelten Magnetfeldtherapieger\u00e4te generieren elektromagnetische Wechselfelder, die biologische Resonanzeffekte erzeugen und damit Regulationsprozesse bioenergetisch anregen und die Selbstheilungskr\u00e4fte aktivieren k\u00f6nnen. Die Resonanzeffekte lassen [&hellip;]<\/p>\n","protected":false},"author":1,"featured_media":0,"parent":1426,"menu_order":3,"comment_status":"closed","ping_status":"closed","template":"","meta":{"pmpro_default_level":"","footnotes":""},"class_list":["post-1394","page","type-page","status-publish","hentry","pmpro-has-access"],"_links":{"self":[{"href":"https:\/\/www.ams-ag.de\/it\/wp-json\/wp\/v2\/pages\/1394","targetHints":{"allow":["GET"]}}],"collection":[{"href":"https:\/\/www.ams-ag.de\/it\/wp-json\/wp\/v2\/pages"}],"about":[{"href":"https:\/\/www.ams-ag.de\/it\/wp-json\/wp\/v2\/types\/page"}],"author":[{"embeddable":true,"href":"https:\/\/www.ams-ag.de\/it\/wp-json\/wp\/v2\/users\/1"}],"replies":[{"embeddable":true,"href":"https:\/\/www.ams-ag.de\/it\/wp-json\/wp\/v2\/comments?post=1394"}],"version-history":[{"count":45,"href":"https:\/\/www.ams-ag.de\/it\/wp-json\/wp\/v2\/pages\/1394\/revisions"}],"predecessor-version":[{"id":16874,"href":"https:\/\/www.ams-ag.de\/it\/wp-json\/wp\/v2\/pages\/1394\/revisions\/16874"}],"up":[{"embeddable":true,"href":"https:\/\/www.ams-ag.de\/it\/wp-json\/wp\/v2\/pages\/1426"}],"wp:attachment":[{"href":"https:\/\/www.ams-ag.de\/it\/wp-json\/wp\/v2\/media?parent=1394"}],"curies":[{"name":"wp","href":"https:\/\/api.w.org\/{rel}","templated":true}]}}