{"id":6493,"date":"2023-09-29T21:13:19","date_gmt":"2023-09-29T19:13:19","guid":{"rendered":"http:\/\/www.ams-ag.de\/?page_id=6493"},"modified":"2025-03-22T01:40:42","modified_gmt":"2025-03-22T00:40:42","slug":"filtre-de-remplacement-purwater-pro","status":"publish","type":"page","link":"https:\/\/www.ams-ag.de\/fr\/produkte\/heimbedarf\/wasseraufbereitung\/ersatzfilter-purwater-pro\/","title":{"rendered":"Filtre de remplacement PURWATER pro"},"content":{"rendered":"<div data-elementor-type=\"wp-page\" data-elementor-id=\"6493\" class=\"elementor elementor-6493\" data-elementor-post-type=\"page\">\n\t\t\t\t\t\t<section class=\"elementor-section elementor-top-section elementor-element elementor-element-d8f1a38 elementor-section-boxed elementor-section-height-default elementor-section-height-default\" data-id=\"d8f1a38\" data-element_type=\"section\" data-e-type=\"section\">\n\t\t\t\t\t\t<div class=\"elementor-container elementor-column-gap-default\">\n\t\t\t\t\t<div class=\"elementor-column elementor-col-100 elementor-top-column elementor-element elementor-element-12ab49c\" data-id=\"12ab49c\" data-element_type=\"column\" data-e-type=\"column\">\n\t\t\t<div class=\"elementor-widget-wrap elementor-element-populated\">\n\t\t\t\t\t\t<div class=\"elementor-element elementor-element-174879a elementor-widget elementor-widget-heading\" data-id=\"174879a\" data-element_type=\"widget\" data-e-type=\"widget\" data-widget_type=\"heading.default\">\n\t\t\t\t<div class=\"elementor-widget-container\">\n\t\t\t\t\t<h2 class=\"elementor-heading-title elementor-size-default\">Filtre de remplacement PURWATER pro<\/h2>\t\t\t\t<\/div>\n\t\t\t\t<\/div>\n\t\t\t\t<div class=\"elementor-element elementor-element-821918e elementor-widget elementor-widget-button\" data-id=\"821918e\" data-element_type=\"widget\" data-e-type=\"widget\" data-widget_type=\"button.default\">\n\t\t\t\t<div class=\"elementor-widget-container\">\n\t\t\t\t\t\t\t\t\t<div class=\"elementor-button-wrapper\">\n\t\t\t\t\t<a class=\"elementor-button elementor-button-link elementor-size-sm\" href=\"http:\/\/ams-onlineshop.de\/produkt-kategorie\/heimbedarf\/wasseraufbereitung\/purwater-pro\/\" target=\"_blank\">\n\t\t\t\t\t\t<span class=\"elementor-button-content-wrapper\">\n\t\t\t\t\t\t<span class=\"elementor-button-icon\">\n\t\t\t\t<i aria-hidden=\"true\" class=\"fas fa-arrow-right\"><\/i>\t\t\t<\/span>\n\t\t\t\t\t\t\t\t\t<span class=\"elementor-button-text\">Filtres de remplacement dans la boutique<\/span>\n\t\t\t\t\t<\/span>\n\t\t\t\t\t<\/a>\n\t\t\t\t<\/div>\n\t\t\t\t\t\t\t\t<\/div>\n\t\t\t\t<\/div>\n\t\t\t\t<div class=\"elementor-element elementor-element-d372367 elementor-widget__width-auto elementor-widget elementor-widget-heading\" data-id=\"d372367\" data-element_type=\"widget\" data-e-type=\"widget\" data-widget_type=\"heading.default\">\n\t\t\t\t<div class=\"elementor-widget-container\">\n\t\t\t\t\t<span class=\"elementor-heading-title elementor-size-default\">Uniquement disponible en\u00a0: Allemagne, Autriche, Suisse<\/span>\t\t\t\t<\/div>\n\t\t\t\t<\/div>\n\t\t\t\t\t<\/div>\n\t\t<\/div>\n\t\t\t\t\t<\/div>\n\t\t<\/section>\n\t\t\t\t<section class=\"elementor-section elementor-top-section elementor-element elementor-element-3a1e3e9 elementor-section-boxed elementor-section-height-default elementor-section-height-default\" data-id=\"3a1e3e9\" data-element_type=\"section\" data-e-type=\"section\">\n\t\t\t\t\t\t<div class=\"elementor-container elementor-column-gap-default\">\n\t\t\t\t\t<div class=\"elementor-column elementor-col-100 elementor-top-column elementor-element elementor-element-743eda9\" data-id=\"743eda9\" data-element_type=\"column\" data-e-type=\"column\">\n\t\t\t<div class=\"elementor-widget-wrap elementor-element-populated\">\n\t\t\t\t\t\t<div class=\"elementor-element elementor-element-aa901bc elementor-widget elementor-widget-heading\" data-id=\"aa901bc\" data-element_type=\"widget\" data-e-type=\"widget\" data-widget_type=\"heading.default\">\n\t\t\t\t<div class=\"elementor-widget-container\">\n\t\t\t\t\t<h2 class=\"elementor-heading-title elementor-size-default\">Bonne et mauvaise nouvelle...<\/h2>\t\t\t\t<\/div>\n\t\t\t\t<\/div>\n\t\t\t\t<div class=\"elementor-element elementor-element-d5e7fed elementor-widget elementor-widget-text-editor\" data-id=\"d5e7fed\" data-element_type=\"widget\" data-e-type=\"widget\" data-widget_type=\"text-editor.default\">\n\t\t\t\t<div class=\"elementor-widget-container\">\n\t\t\t\t\t\t\t\t\t<p><b>D&#039;abord le mauvais :<br>\n<\/b>Malheureusement, notre PURWATER pro, l&#039;appareil de traitement d&#039;eau que nous vendons depuis longtemps, n&#039;est plus disponible. Sa production s&#039;est arr\u00eat\u00e9e et nous avons d\u00e9sormais vendu le dernier de nos appareils.<\/p>\n<p><b>La bonne nouvelle est :<br>\n<\/b>Si vous poss\u00e9dez un appareil PURWATER pro, vous n&#039;avez pas \u00e0 vous soucier des changements de filtre tout au long de sa dur\u00e9e de vie. Les filtres sont et resteront disponibles. En effet, outre le PURWATER pro, d&#039;autres appareils sont \u00e9quip\u00e9s de ces filtres. L&#039;arr\u00eat de la production du PURWATER pro n&#039;a donc rien \u00e0 voir avec la disponibilit\u00e9 des filtres.<\/p>\n<p><b>Autre bonne nouvelle :<br>\n<\/b>Si vous n&#039;avez pas encore d&#039;appareil de traitement de l&#039;eau ou si vous souhaitez le recommander \u00e0 quelqu&#039;un, nous avons d\u00e9j\u00e0 ce qu&#039;il vous faut.<\/p>\n<p>Avec le spring-time\u00ae420 pro, nous avons ajout\u00e9 un nouvel appareil de traitement de l&#039;eau \u00e0 notre gamme de produits.<\/p>\n<p>Apr\u00e8s des recherches intensives, nous sommes tr\u00e8s heureux d&#039;avoir trouv\u00e9 un nouveau partenaire de coop\u00e9ration :<br>\nLa soci\u00e9t\u00e9 Aqua Living, l&#039;un des principaux fournisseurs de syst\u00e8mes de purification d&#039;eau fabriqu\u00e9s exclusivement en Allemagne.<\/p>\n<p>Pour plus d\u2019informations cliquez ici :<\/p>\n<p><a href=\"https:\/\/www.ams-ag.de\/fr\/produits\/fournitures-pour-la-maison\/traitement-de-leau\/printemps-time420-pro\/\"><b>spring-time\u00ae420 pro<\/b><\/a><\/p>\t\t\t\t\t\t\t\t<\/div>\n\t\t\t\t<\/div>\n\t\t\t\t<div class=\"elementor-element elementor-element-541aa02 elementor-widget elementor-widget-button\" data-id=\"541aa02\" data-element_type=\"widget\" data-e-type=\"widget\" data-widget_type=\"button.default\">\n\t\t\t\t<div class=\"elementor-widget-container\">\n\t\t\t\t\t\t\t\t\t<div class=\"elementor-button-wrapper\">\n\t\t\t\t\t<a class=\"elementor-button elementor-button-link elementor-size-sm\" href=\"http:\/\/ams-onlineshop.de\/produkt-kategorie\/heimbedarf\/wasseraufbereitung\/purwater-pro\/\" target=\"_blank\">\n\t\t\t\t\t\t<span class=\"elementor-button-content-wrapper\">\n\t\t\t\t\t\t<span class=\"elementor-button-icon\">\n\t\t\t\t<i aria-hidden=\"true\" class=\"fas fa-arrow-right\"><\/i>\t\t\t<\/span>\n\t\t\t\t\t\t\t\t\t<span class=\"elementor-button-text\">Filtres de remplacement dans la boutique<\/span>\n\t\t\t\t\t<\/span>\n\t\t\t\t\t<\/a>\n\t\t\t\t<\/div>\n\t\t\t\t\t\t\t\t<\/div>\n\t\t\t\t<\/div>\n\t\t\t\t\t<\/div>\n\t\t<\/div>\n\t\t\t\t\t<\/div>\n\t\t<\/section>\n\t\t\t\t<section class=\"elementor-section elementor-top-section elementor-element elementor-element-1784d46 elementor-section-boxed elementor-section-height-default elementor-section-height-default\" data-id=\"1784d46\" data-element_type=\"section\" data-e-type=\"section\" data-settings=\"{&quot;background_background&quot;:&quot;classic&quot;}\">\n\t\t\t\t\t\t<div class=\"elementor-container elementor-column-gap-default\">\n\t\t\t\t\t<div class=\"elementor-column elementor-col-100 elementor-top-column elementor-element elementor-element-a0f2297\" data-id=\"a0f2297\" data-element_type=\"column\" data-e-type=\"column\">\n\t\t\t<div class=\"elementor-widget-wrap elementor-element-populated\">\n\t\t\t\t\t\t<div class=\"elementor-element elementor-element-d6b214c elementor-align-right elementor-mobile-align-center elementor-widget elementor-widget-button\" data-id=\"d6b214c\" data-element_type=\"widget\" data-e-type=\"widget\" data-widget_type=\"button.default\">\n\t\t\t\t<div class=\"elementor-widget-container\">\n\t\t\t\t\t\t\t\t\t<div class=\"elementor-button-wrapper\">\n\t\t\t\t\t<a class=\"elementor-button elementor-button-link elementor-size-sm\" href=\"https:\/\/www.ams-ag.de\/fr\/veranstaltungen-und-termine\/\">\n\t\t\t\t\t\t<span class=\"elementor-button-content-wrapper\">\n\t\t\t\t\t\t<span class=\"elementor-button-icon\">\n\t\t\t\t<i aria-hidden=\"true\" class=\"fas fa-arrow-right\"><\/i>\t\t\t<\/span>\n\t\t\t\t\t\t\t\t\t<span class=\"elementor-button-text\">\u00c9v\u00e9nements et dates<\/span>\n\t\t\t\t\t<\/span>\n\t\t\t\t\t<\/a>\n\t\t\t\t<\/div>\n\t\t\t\t\t\t\t\t<\/div>\n\t\t\t\t<\/div>\n\t\t\t\t\t<\/div>\n\t\t<\/div>\n\t\t\t\t\t<\/div>\n\t\t<\/section>\n\t\t\t\t<\/div>","protected":false},"excerpt":{"rendered":"<p>Ersatzfilter PURWATER pro Ersatzfilter im Shop Nur verf\u00fcgbar in: Deutschland, \u00d6sterreich, Schweiz Eine gute und eine schlechte Nachricht &#8230; Zuerst die schlechte: Unser PURWATER pro, das Wasseraufbereitungsger\u00e4t, das wir \u00fcber [&hellip;]<\/p>\n","protected":false},"author":1,"featured_media":0,"parent":3990,"menu_order":8,"comment_status":"closed","ping_status":"closed","template":"","meta":{"pmpro_default_level":"","footnotes":""},"class_list":["post-6493","page","type-page","status-publish","hentry","pmpro-has-access"],"_links":{"self":[{"href":"https:\/\/www.ams-ag.de\/fr\/wp-json\/wp\/v2\/pages\/6493","targetHints":{"allow":["GET"]}}],"collection":[{"href":"https:\/\/www.ams-ag.de\/fr\/wp-json\/wp\/v2\/pages"}],"about":[{"href":"https:\/\/www.ams-ag.de\/fr\/wp-json\/wp\/v2\/types\/page"}],"author":[{"embeddable":true,"href":"https:\/\/www.ams-ag.de\/fr\/wp-json\/wp\/v2\/users\/1"}],"replies":[{"embeddable":true,"href":"https:\/\/www.ams-ag.de\/fr\/wp-json\/wp\/v2\/comments?post=6493"}],"version-history":[{"count":12,"href":"https:\/\/www.ams-ag.de\/fr\/wp-json\/wp\/v2\/pages\/6493\/revisions"}],"predecessor-version":[{"id":18664,"href":"https:\/\/www.ams-ag.de\/fr\/wp-json\/wp\/v2\/pages\/6493\/revisions\/18664"}],"up":[{"embeddable":true,"href":"https:\/\/www.ams-ag.de\/fr\/wp-json\/wp\/v2\/pages\/3990"}],"wp:attachment":[{"href":"https:\/\/www.ams-ag.de\/fr\/wp-json\/wp\/v2\/media?parent=6493"}],"curies":[{"name":"wp","href":"https:\/\/api.w.org\/{rel}","templated":true}]}}