{"id":5842,"date":"2023-09-27T14:59:16","date_gmt":"2023-09-27T12:59:16","guid":{"rendered":"http:\/\/www.ams-ag.de\/?page_id=5842"},"modified":"2025-03-22T01:40:13","modified_gmt":"2025-03-22T00:40:13","slug":"bloc-aimants","status":"publish","type":"page","link":"https:\/\/www.ams-ag.de\/fr\/produkte\/heimbedarf\/wasseraufbereitung\/blockmagnete\/","title":{"rendered":"Bloquer les aimants"},"content":{"rendered":"<div data-elementor-type=\"wp-page\" data-elementor-id=\"5842\" class=\"elementor elementor-5842\" data-elementor-post-type=\"page\">\n\t\t\t\t\t\t<section class=\"elementor-section elementor-top-section elementor-element elementor-element-250a5cf elementor-section-boxed elementor-section-height-default elementor-section-height-default\" data-id=\"250a5cf\" data-element_type=\"section\" data-e-type=\"section\" data-settings=\"{&quot;background_background&quot;:&quot;classic&quot;}\">\n\t\t\t\t\t\t<div class=\"elementor-container elementor-column-gap-default\">\n\t\t\t\t\t<div class=\"elementor-column elementor-col-50 elementor-top-column elementor-element elementor-element-f59fea3\" data-id=\"f59fea3\" data-element_type=\"column\" data-e-type=\"column\">\n\t\t\t<div class=\"elementor-widget-wrap elementor-element-populated\">\n\t\t\t\t\t\t<div class=\"elementor-element elementor-element-52ae00f elementor-widget elementor-widget-image\" data-id=\"52ae00f\" data-element_type=\"widget\" data-e-type=\"widget\" data-widget_type=\"image.default\">\n\t\t\t\t<div class=\"elementor-widget-container\">\n\t\t\t\t\t\t\t\t\t\t\t\t\t\t\t<img fetchpriority=\"high\" decoding=\"async\" width=\"250\" height=\"230\" src=\"https:\/\/www.ams-ag.de\/wp-content\/uploads\/2024\/01\/csm_AMS_Blockmagnete_Paar_756e02c44d.jpg\" class=\"attachment-medium_large size-medium_large wp-image-14157\" alt=\"\" srcset=\"https:\/\/www.ams-ag.de\/wp-content\/uploads\/2024\/01\/csm_AMS_Blockmagnete_Paar_756e02c44d.jpg 250w, https:\/\/www.ams-ag.de\/wp-content\/uploads\/2024\/01\/csm_AMS_Blockmagnete_Paar_756e02c44d-13x12.jpg 13w\" sizes=\"(max-width: 250px) 100vw, 250px\" \/>\t\t\t\t\t\t\t\t\t\t\t\t\t\t\t<\/div>\n\t\t\t\t<\/div>\n\t\t\t\t\t<\/div>\n\t\t<\/div>\n\t\t\t\t<div class=\"elementor-column elementor-col-50 elementor-top-column elementor-element elementor-element-76ef3d9\" data-id=\"76ef3d9\" data-element_type=\"column\" data-e-type=\"column\">\n\t\t\t<div class=\"elementor-widget-wrap elementor-element-populated\">\n\t\t\t\t\t\t<div class=\"elementor-element elementor-element-a1b359b elementor-widget elementor-widget-heading\" data-id=\"a1b359b\" data-element_type=\"widget\" data-e-type=\"widget\" data-widget_type=\"heading.default\">\n\t\t\t\t<div class=\"elementor-widget-container\">\n\t\t\t\t\t<div class=\"elementor-heading-title elementor-size-default\">SBM - Blocs magn\u00e9tiques \u00e0 structure modifi\u00e9e<\/div>\t\t\t\t<\/div>\n\t\t\t\t<\/div>\n\t\t\t\t<div class=\"elementor-element elementor-element-fa7592c elementor-widget elementor-widget-heading\" data-id=\"fa7592c\" data-element_type=\"widget\" data-e-type=\"widget\" data-widget_type=\"heading.default\">\n\t\t\t\t<div class=\"elementor-widget-container\">\n\t\t\t\t\t<h1 class=\"elementor-heading-title elementor-size-default\">Bloquer les aimants<\/h1>\t\t\t\t<\/div>\n\t\t\t\t<\/div>\n\t\t\t\t<div class=\"elementor-element elementor-element-7231bf0 elementor-widget elementor-widget-text-editor\" data-id=\"7231bf0\" data-element_type=\"widget\" data-e-type=\"widget\" data-widget_type=\"text-editor.default\">\n\t\t\t\t<div class=\"elementor-widget-container\">\n\t\t\t\t\t\t\t\t\t<p><b>Le compl\u00e9ment optimal \u00e0 votre appareil de traitement de l&#039;eau spring-time\u00ae420 pro.<\/b><b><\/b><\/p><p><a href=\"https:\/\/www.ams-ag.de\/fr\/produits\/fournitures-pour-la-maison\/traitement-de-leau\/printemps-time420-pro\/\"><b>spring-time\u00ae420 pro<\/b><\/a><\/p><p>SBM \u2013 c&#039;est-\u00e0-dire des blocs magn\u00e9tiques structurellement modifi\u00e9s \u2013 pour votre conduite d&#039;eau<br \/>Les blocs magn\u00e9tiques peuvent \u00eatre facilement fix\u00e9s vous-m\u00eame sur la conduite d&#039;eau (principale).<\/p><p>Le calcaire contenu dans l&#039;eau est transform\u00e9 en nanocristaux, qui ont moins tendance \u00e0 se d\u00e9poser et gardent donc votre conduite d&#039;eau claire plus longtemps.<\/p>\t\t\t\t\t\t\t\t<\/div>\n\t\t\t\t<\/div>\n\t\t\t\t\t<\/div>\n\t\t<\/div>\n\t\t\t\t\t<\/div>\n\t\t<\/section>\n\t\t\t\t<section class=\"elementor-section elementor-top-section elementor-element elementor-element-458794c elementor-section-boxed elementor-section-height-default elementor-section-height-default\" data-id=\"458794c\" data-element_type=\"section\" data-e-type=\"section\">\n\t\t\t\t\t\t<div class=\"elementor-container elementor-column-gap-default\">\n\t\t\t\t\t<div class=\"elementor-column elementor-col-100 elementor-top-column elementor-element elementor-element-5ecbdd4\" data-id=\"5ecbdd4\" data-element_type=\"column\" data-e-type=\"column\">\n\t\t\t<div class=\"elementor-widget-wrap elementor-element-populated\">\n\t\t\t\t\t\t<div class=\"elementor-element elementor-element-60806c3 elementor-widget elementor-widget-heading\" data-id=\"60806c3\" data-element_type=\"widget\" data-e-type=\"widget\" data-widget_type=\"heading.default\">\n\t\t\t\t<div class=\"elementor-widget-container\">\n\t\t\t\t\t<h2 class=\"elementor-heading-title elementor-size-default\">Modification structurelle<\/h2>\t\t\t\t<\/div>\n\t\t\t\t<\/div>\n\t\t\t\t<div class=\"elementor-element elementor-element-183f21c elementor-widget elementor-widget-text-editor\" data-id=\"183f21c\" data-element_type=\"widget\" data-e-type=\"widget\" data-widget_type=\"text-editor.default\">\n\t\t\t\t<div class=\"elementor-widget-container\">\n\t\t\t\t\t\t\t\t\t<p>De plus, les blocs magn\u00e9tiques sont structurellement modifi\u00e9s selon le proc\u00e9d\u00e9 de Dr. rer. nat. W. Ludwig.<\/p>\n<p>La modification structurelle signifie que les spectres de vibration des 64 oligo-\u00e9l\u00e9ments les plus importants, les g\u00e9ofr\u00e9quences, sont \u00ab programm\u00e9s \u00bb dans les aimants et modulent ainsi le champ magn\u00e9tique.<\/p>\n<p><a href=\"https:\/\/www.ams-ag.de\/fr\/bases-de-la-therapie-par-champ-magnetique\/therapie-par-champ-magnetique-et-medecine-bioinformative\/signaux-environnementaux\/#Geomagnetfrequenzen\"><b>Fr\u00e9quences g\u00e9omagn\u00e9tiques<\/b><\/a><\/p>\n<p>Ils assurent un regroupement positif de votre eau.<\/p>\t\t\t\t\t\t\t\t<\/div>\n\t\t\t\t<\/div>\n\t\t\t\t\t<\/div>\n\t\t<\/div>\n\t\t\t\t\t<\/div>\n\t\t<\/section>\n\t\t\t\t<section class=\"elementor-section elementor-top-section elementor-element elementor-element-4d754d4 elementor-section-boxed elementor-section-height-default elementor-section-height-default\" data-id=\"4d754d4\" data-element_type=\"section\" data-e-type=\"section\">\n\t\t\t\t\t\t<div class=\"elementor-container elementor-column-gap-default\">\n\t\t\t\t\t<div class=\"elementor-column elementor-col-100 elementor-top-column elementor-element elementor-element-9d0cf95\" data-id=\"9d0cf95\" data-element_type=\"column\" data-e-type=\"column\">\n\t\t\t<div class=\"elementor-widget-wrap elementor-element-populated\">\n\t\t\t\t\t\t<div class=\"elementor-element elementor-element-eee4247 elementor-widget elementor-widget-heading\" data-id=\"eee4247\" data-element_type=\"widget\" data-e-type=\"widget\" data-widget_type=\"heading.default\">\n\t\t\t\t<div class=\"elementor-widget-container\">\n\t\t\t\t\t<h2 class=\"elementor-heading-title elementor-size-default\">Donn\u00e9es techniques<\/h2>\t\t\t\t<\/div>\n\t\t\t\t<\/div>\n\t\t\t\t<div class=\"elementor-element elementor-element-e325100 elementor-widget elementor-widget-text-editor\" data-id=\"e325100\" data-element_type=\"widget\" data-e-type=\"widget\" data-widget_type=\"text-editor.default\">\n\t\t\t\t<div class=\"elementor-widget-container\">\n\t\t\t\t\t\t\t\t\t<table class=\"contenttable contenttable-0\"><tbody><tr class=\"tr-even tr-0\"><td class=\"td-0\"><b>Poids:<\/b><\/td><td class=\"td-last td-1\">133 g chacun<\/td><\/tr><tr class=\"tr-odd tr-1\"><td class=\"td-0\"><b>Taille:<\/b><\/td><td class=\"td-last td-1\">6,0 x 2,0 x 1,5 cm chacun<\/td><\/tr><tr class=\"tr-even tr-2\"><td class=\"td-0\"><b>R\u00e9manence Br\/intensit\u00e9 du champ magn\u00e9tique\u00a0:<\/b><\/td><td class=\"td-last td-1\">environ 1 150 mT<\/td><\/tr><tr class=\"tr-odd tr-3\"><td class=\"td-0\"><b>Mat\u00e9riel:<\/b><\/td><td class=\"td-last td-1\">Nd-Fe-B<\/td><\/tr><\/tbody><\/table>\t\t\t\t\t\t\t\t<\/div>\n\t\t\t\t<\/div>\n\t\t\t\t<div class=\"elementor-element elementor-element-964d64f elementor-widget elementor-widget-button\" data-id=\"964d64f\" data-element_type=\"widget\" data-e-type=\"widget\" data-widget_type=\"button.default\">\n\t\t\t\t<div class=\"elementor-widget-container\">\n\t\t\t\t\t\t\t\t\t<div class=\"elementor-button-wrapper\">\n\t\t\t\t\t<a class=\"elementor-button elementor-button-link elementor-size-sm\" href=\"http:\/\/ams-onlineshop.de\/produkt\/blockmagnete\/\" target=\"_blank\">\n\t\t\t\t\t\t<span class=\"elementor-button-content-wrapper\">\n\t\t\t\t\t\t<span class=\"elementor-button-icon\">\n\t\t\t\t<i aria-hidden=\"true\" class=\"fas fa-arrow-right\"><\/i>\t\t\t<\/span>\n\t\t\t\t\t\t\t\t\t<span class=\"elementor-button-text\">Bloquer les aimants dans la boutique<\/span>\n\t\t\t\t\t<\/span>\n\t\t\t\t\t<\/a>\n\t\t\t\t<\/div>\n\t\t\t\t\t\t\t\t<\/div>\n\t\t\t\t<\/div>\n\t\t\t\t\t<\/div>\n\t\t<\/div>\n\t\t\t\t\t<\/div>\n\t\t<\/section>\n\t\t\t\t<section class=\"elementor-section elementor-top-section elementor-element elementor-element-b530ac6 elementor-section-boxed elementor-section-height-default elementor-section-height-default\" data-id=\"b530ac6\" data-element_type=\"section\" data-e-type=\"section\" data-settings=\"{&quot;background_background&quot;:&quot;classic&quot;}\">\n\t\t\t\t\t\t<div class=\"elementor-container elementor-column-gap-default\">\n\t\t\t\t\t<div class=\"elementor-column elementor-col-100 elementor-top-column elementor-element elementor-element-2d15e07\" data-id=\"2d15e07\" data-element_type=\"column\" data-e-type=\"column\">\n\t\t\t<div class=\"elementor-widget-wrap elementor-element-populated\">\n\t\t\t\t\t\t<div class=\"elementor-element elementor-element-e5fccef elementor-align-right elementor-mobile-align-center elementor-widget elementor-widget-button\" data-id=\"e5fccef\" data-element_type=\"widget\" data-e-type=\"widget\" data-widget_type=\"button.default\">\n\t\t\t\t<div class=\"elementor-widget-container\">\n\t\t\t\t\t\t\t\t\t<div class=\"elementor-button-wrapper\">\n\t\t\t\t\t<a class=\"elementor-button elementor-button-link elementor-size-sm\" href=\"https:\/\/www.ams-ag.de\/fr\/produkte\/heimbedarf\/wasseraufbereitung\/haeufigste-fragen\/\">\n\t\t\t\t\t\t<span class=\"elementor-button-content-wrapper\">\n\t\t\t\t\t\t<span class=\"elementor-button-icon\">\n\t\t\t\t<i aria-hidden=\"true\" class=\"fas fa-arrow-right\"><\/i>\t\t\t<\/span>\n\t\t\t\t\t\t\t\t\t<span class=\"elementor-button-text\">Les questions les plus fr\u00e9quemment pos\u00e9es<\/span>\n\t\t\t\t\t<\/span>\n\t\t\t\t\t<\/a>\n\t\t\t\t<\/div>\n\t\t\t\t\t\t\t\t<\/div>\n\t\t\t\t<\/div>\n\t\t\t\t\t<\/div>\n\t\t<\/div>\n\t\t\t\t\t<\/div>\n\t\t<\/section>\n\t\t\t\t<\/div>","protected":false},"excerpt":{"rendered":"<p>SBM &#8211; Strukturmodifizierte Blockmagnete Blockmagnete Die optimale Erg\u00e4nzung zu Ihrem Wasseraufbereitungsger\u00e4t spring-time\u00ae420 pro. spring-time\u00ae420 pro SBM &#8211; das bedeutet\u00a0strukturmodifizierte Blockmagnete\u00a0&#8211; f\u00fcr Ihre WasserleitungDie Blockmagnete lassen sich in einfacher Selbstmontage an [&hellip;]<\/p>\n","protected":false},"author":1,"featured_media":0,"parent":3990,"menu_order":5,"comment_status":"closed","ping_status":"closed","template":"","meta":{"pmpro_default_level":"","footnotes":""},"class_list":["post-5842","page","type-page","status-publish","hentry","pmpro-has-access"],"_links":{"self":[{"href":"https:\/\/www.ams-ag.de\/fr\/wp-json\/wp\/v2\/pages\/5842","targetHints":{"allow":["GET"]}}],"collection":[{"href":"https:\/\/www.ams-ag.de\/fr\/wp-json\/wp\/v2\/pages"}],"about":[{"href":"https:\/\/www.ams-ag.de\/fr\/wp-json\/wp\/v2\/types\/page"}],"author":[{"embeddable":true,"href":"https:\/\/www.ams-ag.de\/fr\/wp-json\/wp\/v2\/users\/1"}],"replies":[{"embeddable":true,"href":"https:\/\/www.ams-ag.de\/fr\/wp-json\/wp\/v2\/comments?post=5842"}],"version-history":[{"count":27,"href":"https:\/\/www.ams-ag.de\/fr\/wp-json\/wp\/v2\/pages\/5842\/revisions"}],"predecessor-version":[{"id":18424,"href":"https:\/\/www.ams-ag.de\/fr\/wp-json\/wp\/v2\/pages\/5842\/revisions\/18424"}],"up":[{"embeddable":true,"href":"https:\/\/www.ams-ag.de\/fr\/wp-json\/wp\/v2\/pages\/3990"}],"wp:attachment":[{"href":"https:\/\/www.ams-ag.de\/fr\/wp-json\/wp\/v2\/media?parent=5842"}],"curies":[{"name":"wp","href":"https:\/\/api.w.org\/{rel}","templated":true}]}}