{"id":4153,"date":"2023-09-07T21:24:45","date_gmt":"2023-09-07T19:24:45","guid":{"rendered":"http:\/\/www.ams-ag.de\/?page_id=4153"},"modified":"2025-09-29T19:01:14","modified_gmt":"2025-09-29T17:01:14","slug":"fournitures-pour-la-maison","status":"publish","type":"page","link":"https:\/\/www.ams-ag.de\/fr\/produkte\/heimbedarf\/","title":{"rendered":"fournitures pour la maison"},"content":{"rendered":"<div data-elementor-type=\"wp-page\" data-elementor-id=\"4153\" class=\"elementor elementor-4153\" data-elementor-post-type=\"page\">\n\t\t\t\t\t\t<section class=\"elementor-section elementor-top-section elementor-element elementor-element-1210e5f elementor-section-boxed elementor-section-height-default elementor-section-height-default\" data-id=\"1210e5f\" data-element_type=\"section\" data-e-type=\"section\" data-settings=\"{&quot;background_background&quot;:&quot;classic&quot;}\">\n\t\t\t\t\t\t<div class=\"elementor-container elementor-column-gap-default\">\n\t\t\t\t\t<div class=\"elementor-column elementor-col-50 elementor-top-column elementor-element elementor-element-8c80145\" data-id=\"8c80145\" data-element_type=\"column\" data-e-type=\"column\">\n\t\t\t<div class=\"elementor-widget-wrap elementor-element-populated\">\n\t\t\t\t\t\t<div class=\"elementor-element elementor-element-745878c elementor-widget elementor-widget-image\" data-id=\"745878c\" data-element_type=\"widget\" data-e-type=\"widget\" data-widget_type=\"image.default\">\n\t\t\t\t<div class=\"elementor-widget-container\">\n\t\t\t\t\t\t\t\t\t\t\t\t\t\t\t<img fetchpriority=\"high\" decoding=\"async\" width=\"768\" height=\"512\" src=\"https:\/\/www.ams-ag.de\/wp-content\/uploads\/2023\/12\/jonathan-borba-DUrU_bZV8So-unsplash-768x512.jpg\" class=\"attachment-medium_large size-medium_large wp-image-11632\" alt=\"\" srcset=\"https:\/\/www.ams-ag.de\/wp-content\/uploads\/2023\/12\/jonathan-borba-DUrU_bZV8So-unsplash-768x512.jpg 768w, https:\/\/www.ams-ag.de\/wp-content\/uploads\/2023\/12\/jonathan-borba-DUrU_bZV8So-unsplash-300x200.jpg 300w, https:\/\/www.ams-ag.de\/wp-content\/uploads\/2023\/12\/jonathan-borba-DUrU_bZV8So-unsplash-1536x1024.jpg 1536w, https:\/\/www.ams-ag.de\/wp-content\/uploads\/2023\/12\/jonathan-borba-DUrU_bZV8So-unsplash.jpg 1920w\" sizes=\"(max-width: 768px) 100vw, 768px\" \/>\t\t\t\t\t\t\t\t\t\t\t\t\t\t\t<\/div>\n\t\t\t\t<\/div>\n\t\t\t\t\t<\/div>\n\t\t<\/div>\n\t\t\t\t<div class=\"elementor-column elementor-col-50 elementor-top-column elementor-element elementor-element-e534d15\" data-id=\"e534d15\" data-element_type=\"column\" data-e-type=\"column\">\n\t\t\t<div class=\"elementor-widget-wrap elementor-element-populated\">\n\t\t\t\t\t\t<div class=\"elementor-element elementor-element-9b8060f elementor-widget elementor-widget-heading\" data-id=\"9b8060f\" data-element_type=\"widget\" data-e-type=\"widget\" data-widget_type=\"heading.default\">\n\t\t\t\t<div class=\"elementor-widget-container\">\n\t\t\t\t\t<h1 class=\"elementor-heading-title elementor-size-default\">Appareils \u00e0 usage domestique<\/h1>\t\t\t\t<\/div>\n\t\t\t\t<\/div>\n\t\t\t\t<div class=\"elementor-element elementor-element-635d0dab elementor-widget elementor-widget-text-editor\" data-id=\"635d0dab\" data-element_type=\"widget\" data-e-type=\"widget\" data-widget_type=\"text-editor.default\">\n\t\t\t\t<div class=\"elementor-widget-container\">\n\t\t\t\t\t\t\t\t\t<p>Ci-dessous, vous pouvez voir toutes les cat\u00e9gories contenant divers produits \u00e0 usage domestique. En cliquant sur la cat\u00e9gorie, vous acc\u00e9dez \u00e0 une page d&#039;introduction qui vous permet de d\u00e9marrer plus facilement avec la gamme de produits correspondante. Retrouvez ensuite les descriptions sp\u00e9cifiques de chaque produit.<\/p>\t\t\t\t\t\t\t\t<\/div>\n\t\t\t\t<\/div>\n\t\t\t\t\t<\/div>\n\t\t<\/div>\n\t\t\t\t\t<\/div>\n\t\t<\/section>\n\t\t\t\t<section class=\"elementor-section elementor-top-section elementor-element elementor-element-4ed167c3 elementor-section-boxed elementor-section-height-default elementor-section-height-default\" data-id=\"4ed167c3\" data-element_type=\"section\" data-e-type=\"section\">\n\t\t\t\t\t\t<div class=\"elementor-container elementor-column-gap-default\">\n\t\t\t\t\t<div class=\"elementor-column elementor-col-100 elementor-top-column elementor-element elementor-element-391bbc52\" data-id=\"391bbc52\" data-element_type=\"column\" data-e-type=\"column\">\n\t\t\t<div class=\"elementor-widget-wrap elementor-element-populated\">\n\t\t\t\t\t\t<div class=\"elementor-element elementor-element-c86b186 elementor-widget elementor-widget-heading\" data-id=\"c86b186\" data-element_type=\"widget\" data-e-type=\"widget\" data-widget_type=\"heading.default\">\n\t\t\t\t<div class=\"elementor-widget-container\">\n\t\t\t\t\t<h2 class=\"elementor-heading-title elementor-size-default\">Vous pouvez parcourir les cat\u00e9gories suivantes\u00a0:<\/h2>\t\t\t\t<\/div>\n\t\t\t\t<\/div>\n\t\t\t\t<div class=\"elementor-element elementor-element-8157736 elementor-widget elementor-widget-text-editor\" data-id=\"8157736\" data-element_type=\"widget\" data-e-type=\"widget\" data-widget_type=\"text-editor.default\">\n\t\t\t\t<div class=\"elementor-widget-container\">\n\t\t\t\t\t\t\t\t\t<ul>\n<li><a href=\"https:\/\/www.ams-ag.de\/fr\/home\/fournitures-pour-la-maison\/petits-appareils\/\"><b>Petits appareils<\/b><\/a><br>\nNos petits appareils sont pratiques et faciles \u00e0 utiliser. Ce sont des compagnons fid\u00e8les et adapt\u00e9s \u00e0 un usage quotidien.<\/li>\n<li><a href=\"https:\/\/www.ams-ag.de\/fr\/home\/fournitures-pour-la-maison\/gros-appareil\/\"><b>Grand appareil MEDISEND\u00aesuper<\/b><\/a><br>\nCertains utilisateurs domestiques utilisent m\u00eame notre gros appareil MEDISEND\u00aesuper. Il ne dispose pas de programmes pr\u00e9d\u00e9finis comme les petits appareils, mais plut\u00f4t d&#039;un r\u00e9glage individuel de toutes les fr\u00e9quences du champ magn\u00e9tique entre 0,1 et 1 000 Hz.<\/li>\n<li><a href=\"https:\/\/www.ams-ag.de\/fr\/fournitures-pour-la-maison\/traitement-de-leau\/\"><b>Traitement de l&#039;eau<\/b><\/a><br>\nL\u2019eau pure et \u00e9nergis\u00e9e est particuli\u00e8rement importante pour notre corps. Nous vous proposons un appareil de traitement de l&#039;eau qui dynamise simultan\u00e9ment l&#039;eau purifi\u00e9e \u00e0 l&#039;aide d&#039;un dispositif \u00e0 champ magn\u00e9tique int\u00e9gr\u00e9.<\/li>\n<li><a href=\"http:\/\/ams-onlineshop.de\/produkt-kategorie\/heimbedarf\/grossgeraet\/geraetezubehoer\/\" target=\"_blank\" rel=\"noopener\"><b>pour les accessoires d&#039;appareils dans la BOUTIQUE<\/b><\/a><br>\nIl existe des accessoires utiles pour certains de nos appareils.<\/li>\n<li><a href=\"http:\/\/ams-onlineshop.de\/produkt-kategorie\/heimbedarf\/sonstiges\/\" target=\"_blank\" rel=\"noopener\"><b>D&#039;autres dans la BOUTIQUE<\/b><\/a><br>\nVous trouverez ici notre tenseur pour tester des fr\u00e9quences ou des substances, notre Glucosamine Gold Gel et un appareil de mesure du stress \u00e9lectrique. Cette cat\u00e9gorie contient \u00e9galement tous les livres de notre gamme.<\/li>\n<\/ul>\t\t\t\t\t\t\t\t<\/div>\n\t\t\t\t<\/div>\n\t\t\t\t<div class=\"elementor-element elementor-element-2bdb192 elementor-widget elementor-widget-button\" data-id=\"2bdb192\" data-element_type=\"widget\" data-e-type=\"widget\" data-widget_type=\"button.default\">\n\t\t\t\t<div class=\"elementor-widget-container\">\n\t\t\t\t\t\t\t\t\t<div class=\"elementor-button-wrapper\">\n\t\t\t\t\t<a class=\"elementor-button elementor-button-link elementor-size-sm\" href=\"http:\/\/ams-onlineshop.de\/produkt-kategorie\/heimbedarf\/\" target=\"_blank\">\n\t\t\t\t\t\t<span class=\"elementor-button-content-wrapper\">\n\t\t\t\t\t\t<span class=\"elementor-button-icon\">\n\t\t\t\t<i aria-hidden=\"true\" class=\"fas fa-arrow-right\"><\/i>\t\t\t<\/span>\n\t\t\t\t\t\t\t\t\t<span class=\"elementor-button-text\">Produits pour la maison dans la boutique<\/span>\n\t\t\t\t\t<\/span>\n\t\t\t\t\t<\/a>\n\t\t\t\t<\/div>\n\t\t\t\t\t\t\t\t<\/div>\n\t\t\t\t<\/div>\n\t\t\t\t\t<\/div>\n\t\t<\/div>\n\t\t\t\t\t<\/div>\n\t\t<\/section>\n\t\t\t\t<section class=\"elementor-section elementor-top-section elementor-element elementor-element-59249228 elementor-section-boxed elementor-section-height-default elementor-section-height-default\" data-id=\"59249228\" data-element_type=\"section\" data-e-type=\"section\">\n\t\t\t\t\t\t<div class=\"elementor-container elementor-column-gap-default\">\n\t\t\t\t\t<div class=\"elementor-column elementor-col-100 elementor-top-column elementor-element elementor-element-47bbe785\" data-id=\"47bbe785\" data-element_type=\"column\" data-e-type=\"column\">\n\t\t\t<div class=\"elementor-widget-wrap elementor-element-populated\">\n\t\t\t\t\t\t<div class=\"elementor-element elementor-element-5c27b896 elementor-widget elementor-widget-menu-anchor\" data-id=\"5c27b896\" data-element_type=\"widget\" data-e-type=\"widget\" data-widget_type=\"menu-anchor.default\">\n\t\t\t\t<div class=\"elementor-widget-container\">\n\t\t\t\t\t\t\t<div class=\"elementor-menu-anchor\" id=\"90\"><\/div>\n\t\t\t\t\t\t<\/div>\n\t\t\t\t<\/div>\n\t\t\t\t<section class=\"elementor-section elementor-inner-section elementor-element elementor-element-744d40bb elementor-section-boxed elementor-section-height-default elementor-section-height-default\" data-id=\"744d40bb\" data-element_type=\"section\" data-e-type=\"section\">\n\t\t\t\t\t\t<div class=\"elementor-container elementor-column-gap-default\">\n\t\t\t\t\t<div class=\"elementor-column elementor-col-50 elementor-inner-column elementor-element elementor-element-4510a1b1\" data-id=\"4510a1b1\" data-element_type=\"column\" data-e-type=\"column\">\n\t\t\t<div class=\"elementor-widget-wrap elementor-element-populated\">\n\t\t\t\t\t\t<div class=\"elementor-element elementor-element-496483bb elementor-widget elementor-widget-image\" data-id=\"496483bb\" data-element_type=\"widget\" data-e-type=\"widget\" data-widget_type=\"image.default\">\n\t\t\t\t<div class=\"elementor-widget-container\">\n\t\t\t\t\t\t\t\t\t\t\t\t\t\t\t<img decoding=\"async\" width=\"800\" height=\"800\" src=\"https:\/\/www.ams-ag.de\/wp-content\/uploads\/2025\/09\/AMS-90-Tage-1024x1024.jpg\" class=\"attachment-large size-large wp-image-19627\" alt=\"Politique de retour AMS de 90 jours, timbre\" srcset=\"https:\/\/www.ams-ag.de\/wp-content\/uploads\/2025\/09\/AMS-90-Tage-1024x1024.jpg 1024w, https:\/\/www.ams-ag.de\/wp-content\/uploads\/2025\/09\/AMS-90-Tage-300x300.jpg 300w, https:\/\/www.ams-ag.de\/wp-content\/uploads\/2025\/09\/AMS-90-Tage-150x150.jpg 150w, https:\/\/www.ams-ag.de\/wp-content\/uploads\/2025\/09\/AMS-90-Tage-768x768.jpg 768w, https:\/\/www.ams-ag.de\/wp-content\/uploads\/2025\/09\/AMS-90-Tage-1536x1536.jpg 1536w, https:\/\/www.ams-ag.de\/wp-content\/uploads\/2025\/09\/AMS-90-Tage-12x12.jpg 12w, https:\/\/www.ams-ag.de\/wp-content\/uploads\/2025\/09\/AMS-90-Tage.jpg 1540w\" sizes=\"(max-width: 800px) 100vw, 800px\" \/>\t\t\t\t\t\t\t\t\t\t\t\t\t\t\t<\/div>\n\t\t\t\t<\/div>\n\t\t\t\t\t<\/div>\n\t\t<\/div>\n\t\t\t\t<div class=\"elementor-column elementor-col-50 elementor-inner-column elementor-element elementor-element-7bdc8846\" data-id=\"7bdc8846\" data-element_type=\"column\" data-e-type=\"column\">\n\t\t\t<div class=\"elementor-widget-wrap elementor-element-populated\">\n\t\t\t\t\t\t<div class=\"elementor-element elementor-element-30f168f4 elementor-widget elementor-widget-heading\" data-id=\"30f168f4\" data-element_type=\"widget\" data-e-type=\"widget\" data-widget_type=\"heading.default\">\n\t\t\t\t<div class=\"elementor-widget-container\">\n\t\t\t\t\t<h1 class=\"elementor-heading-title elementor-size-default\">Politique de retour de 90 jours*<\/h1>\t\t\t\t<\/div>\n\t\t\t\t<\/div>\n\t\t\t\t<div class=\"elementor-element elementor-element-58da63ec elementor-widget elementor-widget-text-editor\" data-id=\"58da63ec\" data-element_type=\"widget\" data-e-type=\"widget\" data-widget_type=\"text-editor.default\">\n\t\t\t\t<div class=\"elementor-widget-container\">\n\t\t\t\t\t\t\t\t\t<p>Pour l&#039;achat d&#039;un de nos petits appareils \u00e9lectrom\u00e9nagers, vous disposez d&#039;un droit de retour de 90 jours. Si vous nous retournez l&#039;appareil dans ce d\u00e9lai en parfait \u00e9tat, nous vous rembourserons l&#039;int\u00e9gralit\u00e9 du prix d&#039;achat (hors frais de port).<\/p>\t\t\t\t\t\t\t\t<\/div>\n\t\t\t\t<\/div>\n\t\t\t\t<div class=\"elementor-element elementor-element-56dda71c elementor-widget elementor-widget-text-editor\" data-id=\"56dda71c\" data-element_type=\"widget\" data-e-type=\"widget\" data-widget_type=\"text-editor.default\">\n\t\t\t\t<div class=\"elementor-widget-container\">\n\t\t\t\t\t\t\t\t\t<p>*Cette politique s&#039;applique uniquement aux commandes trait\u00e9es directement via AMS. Nos partenaires commerciaux nationaux et internationaux peuvent appliquer des politiques diff\u00e9rentes.<\/p>\t\t\t\t\t\t\t\t<\/div>\n\t\t\t\t<\/div>\n\t\t\t\t\t<\/div>\n\t\t<\/div>\n\t\t\t\t\t<\/div>\n\t\t<\/section>\n\t\t\t\t\t<\/div>\n\t\t<\/div>\n\t\t\t\t\t<\/div>\n\t\t<\/section>\n\t\t\t\t<section class=\"elementor-section elementor-top-section elementor-element elementor-element-8e9d5f6 elementor-section-boxed elementor-section-height-default elementor-section-height-default\" data-id=\"8e9d5f6\" data-element_type=\"section\" data-e-type=\"section\" data-settings=\"{&quot;background_background&quot;:&quot;classic&quot;}\">\n\t\t\t\t\t\t<div class=\"elementor-container elementor-column-gap-default\">\n\t\t\t\t\t<div class=\"elementor-column elementor-col-100 elementor-top-column elementor-element elementor-element-2fe0089\" data-id=\"2fe0089\" data-element_type=\"column\" data-e-type=\"column\">\n\t\t\t<div class=\"elementor-widget-wrap elementor-element-populated\">\n\t\t\t\t\t\t<div class=\"elementor-element elementor-element-b185982 elementor-widget elementor-widget-heading\" data-id=\"b185982\" data-element_type=\"widget\" data-e-type=\"widget\" data-widget_type=\"heading.default\">\n\t\t\t\t<div class=\"elementor-widget-container\">\n\t\t\t\t\t<h2 class=\"elementor-heading-title elementor-size-default\">entrer en contact<\/h2>\t\t\t\t<\/div>\n\t\t\t\t<\/div>\n\t\t\t\t<div class=\"elementor-element elementor-element-c59d608 elementor-widget elementor-widget-text-editor\" data-id=\"c59d608\" data-element_type=\"widget\" data-e-type=\"widget\" data-widget_type=\"text-editor.default\">\n\t\t\t\t<div class=\"elementor-widget-container\">\n\t\t\t\t\t\t\t\t\t<p>Si vous avez besoin de plus d&#039;informations ou de conseils, contactez-nous. Nous sommes heureux d&#039;\u00eatre l\u00e0 pour vous.<\/p>\t\t\t\t\t\t\t\t<\/div>\n\t\t\t\t<\/div>\n\t\t\t\t<div class=\"elementor-element elementor-element-55ecc59 elementor-widget-divider--view-line elementor-widget elementor-widget-divider\" data-id=\"55ecc59\" data-element_type=\"widget\" data-e-type=\"widget\" data-widget_type=\"divider.default\">\n\t\t\t\t<div class=\"elementor-widget-container\">\n\t\t\t\t\t\t\t<div class=\"elementor-divider\">\n\t\t\t<span class=\"elementor-divider-separator\">\n\t\t\t\t\t\t<\/span>\n\t\t<\/div>\n\t\t\t\t\t\t<\/div>\n\t\t\t\t<\/div>\n\t\t\t\t<div class=\"elementor-element elementor-element-3c8397b elementor-widget__width-initial elementor-widget elementor-widget-text-editor\" data-id=\"3c8397b\" data-element_type=\"widget\" data-e-type=\"widget\" data-widget_type=\"text-editor.default\">\n\t\t\t\t<div class=\"elementor-widget-container\">\n\t\t\t\t\t\t\t\t\t<p><strong>Advanced Medical Systems GmbH (AMS)<\/strong><br \/>Hauptstra\u00dfe26<br \/>D-97990 Weikersheim<\/p>\t\t\t\t\t\t\t\t<\/div>\n\t\t\t\t<\/div>\n\t\t\t\t<div class=\"elementor-element elementor-element-9b8991e elementor-widget__width-initial elementor-widget elementor-widget-text-editor\" data-id=\"9b8991e\" data-element_type=\"widget\" data-e-type=\"widget\" data-widget_type=\"text-editor.default\">\n\t\t\t\t<div class=\"elementor-widget-container\">\n\t\t\t\t\t\t\t\t\t<p>T\u00e9l\u00e9phone: <a href=\"tel:+4979349934890\" target=\"_blank\" rel=\"noopener\"><b>+49 7934 993489-0<\/b><\/a><br>\nT\u00e9l\u00e9copie : +49 7934 993489-44<br>\nE-mail: <a class=\"mail\" title=\"Ouvre la fen\u00eatre d&#039;envoi d&#039;e-mail\" href=\"mailto:info@ams-ag.de\"><b>info@ams-ag.de<\/b><\/a><\/p>\t\t\t\t\t\t\t\t<\/div>\n\t\t\t\t<\/div>\n\t\t\t\t<div class=\"elementor-element elementor-element-161f556 elementor-widget__width-initial elementor-widget elementor-widget-text-editor\" data-id=\"161f556\" data-element_type=\"widget\" data-e-type=\"widget\" data-widget_type=\"text-editor.default\">\n\t\t\t\t<div class=\"elementor-widget-container\">\n\t\t\t\t\t\t\t\t\t<p><b>Heures de travail:<br \/><\/b>Du lundi au jeudi de 8h00 \u00e0 17h00 CET<br \/>Vendredi de 8h00 \u00e0 14h30 CET<\/p>\t\t\t\t\t\t\t\t<\/div>\n\t\t\t\t<\/div>\n\t\t\t\t<div class=\"elementor-element elementor-element-2c36cd4 elementor-widget-divider--view-line elementor-widget elementor-widget-divider\" data-id=\"2c36cd4\" data-element_type=\"widget\" data-e-type=\"widget\" data-widget_type=\"divider.default\">\n\t\t\t\t<div class=\"elementor-widget-container\">\n\t\t\t\t\t\t\t<div class=\"elementor-divider\">\n\t\t\t<span class=\"elementor-divider-separator\">\n\t\t\t\t\t\t<\/span>\n\t\t<\/div>\n\t\t\t\t\t\t<\/div>\n\t\t\t\t<\/div>\n\t\t\t\t<div class=\"elementor-element elementor-element-6a34dca elementor-align-left elementor-widget__width-auto elementor-widget-tablet__width-inherit elementor-widget elementor-widget-button\" data-id=\"6a34dca\" data-element_type=\"widget\" data-e-type=\"widget\" data-widget_type=\"button.default\">\n\t\t\t\t<div class=\"elementor-widget-container\">\n\t\t\t\t\t\t\t\t\t<div class=\"elementor-button-wrapper\">\n\t\t\t\t\t<a class=\"elementor-button elementor-button-link elementor-size-sm\" href=\"https:\/\/www.ams-ag.de\/fr\/contact\/date-de-rappel\/\">\n\t\t\t\t\t\t<span class=\"elementor-button-content-wrapper\">\n\t\t\t\t\t\t<span class=\"elementor-button-icon\">\n\t\t\t\t<i aria-hidden=\"true\" class=\"fas fa-phone\"><\/i>\t\t\t<\/span>\n\t\t\t\t\t\t\t\t\t<span class=\"elementor-button-text\">Date de rappel<\/span>\n\t\t\t\t\t<\/span>\n\t\t\t\t\t<\/a>\n\t\t\t\t<\/div>\n\t\t\t\t\t\t\t\t<\/div>\n\t\t\t\t<\/div>\n\t\t\t\t<div class=\"elementor-element elementor-element-a7c501c elementor-align-left elementor-widget__width-auto elementor-widget elementor-widget-button\" data-id=\"a7c501c\" data-element_type=\"widget\" data-e-type=\"widget\" data-widget_type=\"button.default\">\n\t\t\t\t<div class=\"elementor-widget-container\">\n\t\t\t\t\t\t\t\t\t<div class=\"elementor-button-wrapper\">\n\t\t\t\t\t<a class=\"elementor-button elementor-button-link elementor-size-sm\" href=\"https:\/\/www.ams-ag.de\/fr\/contact\/materiel-dinformation\/\">\n\t\t\t\t\t\t<span class=\"elementor-button-content-wrapper\">\n\t\t\t\t\t\t<span class=\"elementor-button-icon\">\n\t\t\t\t<i aria-hidden=\"true\" class=\"fas fa-file-alt\"><\/i>\t\t\t<\/span>\n\t\t\t\t\t\t\t\t\t<span class=\"elementor-button-text\">Mat\u00e9riel d&#039;information sur la commande<\/span>\n\t\t\t\t\t<\/span>\n\t\t\t\t\t<\/a>\n\t\t\t\t<\/div>\n\t\t\t\t\t\t\t\t<\/div>\n\t\t\t\t<\/div>\n\t\t\t\t<div class=\"elementor-element elementor-element-09735d8 elementor-align-left elementor-widget__width-auto elementor-widget elementor-widget-button\" data-id=\"09735d8\" data-element_type=\"widget\" data-e-type=\"widget\" data-widget_type=\"button.default\">\n\t\t\t\t<div class=\"elementor-widget-container\">\n\t\t\t\t\t\t\t\t\t<div class=\"elementor-button-wrapper\">\n\t\t\t\t\t<a class=\"elementor-button elementor-button-link elementor-size-sm\" href=\"https:\/\/www.ams-ag.de\/fr\/contact\/demande-de-connexion\/\">\n\t\t\t\t\t\t<span class=\"elementor-button-content-wrapper\">\n\t\t\t\t\t\t<span class=\"elementor-button-icon\">\n\t\t\t\t<i aria-hidden=\"true\" class=\"fas fa-user\"><\/i>\t\t\t<\/span>\n\t\t\t\t\t\t\t\t\t<span class=\"elementor-button-text\">Demander une connexion<\/span>\n\t\t\t\t\t<\/span>\n\t\t\t\t\t<\/a>\n\t\t\t\t<\/div>\n\t\t\t\t\t\t\t\t<\/div>\n\t\t\t\t<\/div>\n\t\t\t\t<div class=\"elementor-element elementor-element-05ef715 elementor-align-left elementor-widget__width-auto elementor-widget elementor-widget-button\" data-id=\"05ef715\" data-element_type=\"widget\" data-e-type=\"widget\" data-widget_type=\"button.default\">\n\t\t\t\t<div class=\"elementor-widget-container\">\n\t\t\t\t\t\t\t\t\t<div class=\"elementor-button-wrapper\">\n\t\t\t\t\t<a class=\"elementor-button elementor-button-link elementor-size-sm\" href=\"https:\/\/www.ams-ag.de\/fr\/contact\/abonnez-vous-a-la-newsletter\/\">\n\t\t\t\t\t\t<span class=\"elementor-button-content-wrapper\">\n\t\t\t\t\t\t<span class=\"elementor-button-icon\">\n\t\t\t\t<i aria-hidden=\"true\" class=\"fas fa-envelope\"><\/i>\t\t\t<\/span>\n\t\t\t\t\t\t\t\t\t<span class=\"elementor-button-text\">S&#039;inscrire \u00e0 la Newsletter<\/span>\n\t\t\t\t\t<\/span>\n\t\t\t\t\t<\/a>\n\t\t\t\t<\/div>\n\t\t\t\t\t\t\t\t<\/div>\n\t\t\t\t<\/div>\n\t\t\t\t\t<\/div>\n\t\t<\/div>\n\t\t\t\t\t<\/div>\n\t\t<\/section>\n\t\t\t\t<section class=\"elementor-section elementor-top-section elementor-element elementor-element-ed7d809 elementor-section-boxed elementor-section-height-default elementor-section-height-default\" data-id=\"ed7d809\" data-element_type=\"section\" data-e-type=\"section\" data-settings=\"{&quot;background_background&quot;:&quot;classic&quot;}\">\n\t\t\t\t\t\t<div class=\"elementor-container elementor-column-gap-default\">\n\t\t\t\t\t<div class=\"elementor-column elementor-col-100 elementor-top-column elementor-element elementor-element-a8e764d\" data-id=\"a8e764d\" data-element_type=\"column\" data-e-type=\"column\">\n\t\t\t<div class=\"elementor-widget-wrap elementor-element-populated\">\n\t\t\t\t\t\t<div class=\"elementor-element elementor-element-d7b5932 elementor-align-right elementor-mobile-align-center elementor-widget elementor-widget-button\" data-id=\"d7b5932\" data-element_type=\"widget\" data-e-type=\"widget\" data-widget_type=\"button.default\">\n\t\t\t\t<div class=\"elementor-widget-container\">\n\t\t\t\t\t\t\t\t\t<div class=\"elementor-button-wrapper\">\n\t\t\t\t\t<a class=\"elementor-button elementor-button-link elementor-size-sm\" href=\"https:\/\/www.ams-ag.de\/fr\/produkte\/heimbedarf\/kleingeraete\/\">\n\t\t\t\t\t\t<span class=\"elementor-button-content-wrapper\">\n\t\t\t\t\t\t<span class=\"elementor-button-icon\">\n\t\t\t\t<i aria-hidden=\"true\" class=\"fas fa-arrow-right\"><\/i>\t\t\t<\/span>\n\t\t\t\t\t\t\t\t\t<span class=\"elementor-button-text\">Petits appareils<\/span>\n\t\t\t\t\t<\/span>\n\t\t\t\t\t<\/a>\n\t\t\t\t<\/div>\n\t\t\t\t\t\t\t\t<\/div>\n\t\t\t\t<\/div>\n\t\t\t\t\t<\/div>\n\t\t<\/div>\n\t\t\t\t\t<\/div>\n\t\t<\/section>\n\t\t\t\t<\/div>","protected":false},"excerpt":{"rendered":"<p>Ger\u00e4te f\u00fcr den Heimbedarf Nachfolgend sehen Sie alle Kategorien, die verschiedene Produkte f\u00fcr den\u00a0Heimbedarf enthalten. Ein Klick auf die Kategorie bringt Sie zu einer\u00a0Einleitungsseite, die Ihnen den Einstieg in das [&hellip;]<\/p>\n","protected":false},"author":1,"featured_media":0,"parent":4805,"menu_order":1,"comment_status":"closed","ping_status":"closed","template":"","meta":{"pmpro_default_level":"","footnotes":""},"class_list":["post-4153","page","type-page","status-publish","hentry","pmpro-has-access"],"_links":{"self":[{"href":"https:\/\/www.ams-ag.de\/fr\/wp-json\/wp\/v2\/pages\/4153","targetHints":{"allow":["GET"]}}],"collection":[{"href":"https:\/\/www.ams-ag.de\/fr\/wp-json\/wp\/v2\/pages"}],"about":[{"href":"https:\/\/www.ams-ag.de\/fr\/wp-json\/wp\/v2\/types\/page"}],"author":[{"embeddable":true,"href":"https:\/\/www.ams-ag.de\/fr\/wp-json\/wp\/v2\/users\/1"}],"replies":[{"embeddable":true,"href":"https:\/\/www.ams-ag.de\/fr\/wp-json\/wp\/v2\/comments?post=4153"}],"version-history":[{"count":33,"href":"https:\/\/www.ams-ag.de\/fr\/wp-json\/wp\/v2\/pages\/4153\/revisions"}],"predecessor-version":[{"id":19730,"href":"https:\/\/www.ams-ag.de\/fr\/wp-json\/wp\/v2\/pages\/4153\/revisions\/19730"}],"up":[{"embeddable":true,"href":"https:\/\/www.ams-ag.de\/fr\/wp-json\/wp\/v2\/pages\/4805"}],"wp:attachment":[{"href":"https:\/\/www.ams-ag.de\/fr\/wp-json\/wp\/v2\/media?parent=4153"}],"curies":[{"name":"wp","href":"https:\/\/api.w.org\/{rel}","templated":true}]}}