{"id":3990,"date":"2023-09-05T18:44:55","date_gmt":"2023-09-05T16:44:55","guid":{"rendered":"http:\/\/www.ams-ag.de\/?page_id=3990"},"modified":"2025-07-25T14:41:51","modified_gmt":"2025-07-25T12:41:51","slug":"traitement-de-leau","status":"publish","type":"page","link":"https:\/\/www.ams-ag.de\/fr\/produkte\/heimbedarf\/wasseraufbereitung\/","title":{"rendered":"Traitement de l&#039;eau"},"content":{"rendered":"<div data-elementor-type=\"wp-page\" data-elementor-id=\"3990\" class=\"elementor elementor-3990\" data-elementor-post-type=\"page\">\n\t\t\t\t\t\t<section class=\"elementor-section elementor-top-section elementor-element elementor-element-92d41f9 elementor-section-boxed elementor-section-height-default elementor-section-height-default\" data-id=\"92d41f9\" data-element_type=\"section\" data-e-type=\"section\" data-settings=\"{&quot;background_background&quot;:&quot;classic&quot;}\">\n\t\t\t\t\t\t<div class=\"elementor-container elementor-column-gap-default\">\n\t\t\t\t\t<div class=\"elementor-column elementor-col-50 elementor-top-column elementor-element elementor-element-047fe45\" data-id=\"047fe45\" data-element_type=\"column\" data-e-type=\"column\">\n\t\t\t<div class=\"elementor-widget-wrap elementor-element-populated\">\n\t\t\t\t\t\t<div class=\"elementor-element elementor-element-9fc910b elementor-widget elementor-widget-image\" data-id=\"9fc910b\" data-element_type=\"widget\" data-e-type=\"widget\" data-widget_type=\"image.default\">\n\t\t\t\t<div class=\"elementor-widget-container\">\n\t\t\t\t\t\t\t\t\t\t\t\t\t\t\t<img fetchpriority=\"high\" decoding=\"async\" width=\"768\" height=\"548\" src=\"https:\/\/www.ams-ag.de\/wp-content\/uploads\/2024\/01\/pexels-pixabay-416528-768x548.jpg\" class=\"attachment-medium_large size-medium_large wp-image-14137\" alt=\"\" srcset=\"https:\/\/www.ams-ag.de\/wp-content\/uploads\/2024\/01\/pexels-pixabay-416528-768x548.jpg 768w, https:\/\/www.ams-ag.de\/wp-content\/uploads\/2024\/01\/pexels-pixabay-416528-300x214.jpg 300w, https:\/\/www.ams-ag.de\/wp-content\/uploads\/2024\/01\/pexels-pixabay-416528-1434x1024.jpg 1434w, https:\/\/www.ams-ag.de\/wp-content\/uploads\/2024\/01\/pexels-pixabay-416528-1536x1097.jpg 1536w, https:\/\/www.ams-ag.de\/wp-content\/uploads\/2024\/01\/pexels-pixabay-416528-18x12.jpg 18w, https:\/\/www.ams-ag.de\/wp-content\/uploads\/2024\/01\/pexels-pixabay-416528.jpg 1920w\" sizes=\"(max-width: 768px) 100vw, 768px\" \/>\t\t\t\t\t\t\t\t\t\t\t\t\t\t\t<\/div>\n\t\t\t\t<\/div>\n\t\t\t\t\t<\/div>\n\t\t<\/div>\n\t\t\t\t<div class=\"elementor-column elementor-col-50 elementor-top-column elementor-element elementor-element-6ff9a75\" data-id=\"6ff9a75\" data-element_type=\"column\" data-e-type=\"column\">\n\t\t\t<div class=\"elementor-widget-wrap elementor-element-populated\">\n\t\t\t\t\t\t<div class=\"elementor-element elementor-element-577aa42 elementor-widget elementor-widget-heading\" data-id=\"577aa42\" data-element_type=\"widget\" data-e-type=\"widget\" data-widget_type=\"heading.default\">\n\t\t\t\t<div class=\"elementor-widget-container\">\n\t\t\t\t\t<h1 class=\"elementor-heading-title elementor-size-default\">Traitement de l&#039;eau<\/h1>\t\t\t\t<\/div>\n\t\t\t\t<\/div>\n\t\t\t\t<div class=\"elementor-element elementor-element-44a14f0 elementor-widget elementor-widget-text-editor\" data-id=\"44a14f0\" data-element_type=\"widget\" data-e-type=\"widget\" data-widget_type=\"text-editor.default\">\n\t\t\t\t<div class=\"elementor-widget-container\">\n\t\t\t\t\t\t\t\t\t<a href=\"http:\/\/ams-onlineshop.de\/wp-content\/uploads\/2023\/03\/Achtung_Preisvergleich_spring-time.pdf\" target=\"_blank\" rel=\"noopener\"><b>Soyez prudent lorsque vous comparez les prix !<\/b><\/a>\t\t\t\t\t\t\t\t<\/div>\n\t\t\t\t<\/div>\n\t\t\t\t<div class=\"elementor-element elementor-element-8874bb2 elementor-widget__width-auto elementor-widget elementor-widget-heading\" data-id=\"8874bb2\" data-element_type=\"widget\" data-e-type=\"widget\" data-widget_type=\"heading.default\">\n\t\t\t\t<div class=\"elementor-widget-container\">\n\t\t\t\t\t<span class=\"elementor-heading-title elementor-size-default\">Disponible directement en boutique dans certains pays de l&#039;UE et en Suisse.<br>Autres pays sur demande. Envoyez-nous un court e-mail nous indiquant comment nous pouvons vous joindre.<\/span>\t\t\t\t<\/div>\n\t\t\t\t<\/div>\n\t\t\t\t\t<\/div>\n\t\t<\/div>\n\t\t\t\t\t<\/div>\n\t\t<\/section>\n\t\t\t\t<section class=\"elementor-section elementor-top-section elementor-element elementor-element-68e0b9f elementor-section-boxed elementor-section-height-default elementor-section-height-default\" data-id=\"68e0b9f\" data-element_type=\"section\" data-e-type=\"section\" data-settings=\"{&quot;background_background&quot;:&quot;classic&quot;}\">\n\t\t\t\t\t\t<div class=\"elementor-container elementor-column-gap-default\">\n\t\t\t\t\t<div class=\"elementor-column elementor-col-100 elementor-top-column elementor-element elementor-element-17540ae\" data-id=\"17540ae\" data-element_type=\"column\" data-e-type=\"column\">\n\t\t\t<div class=\"elementor-widget-wrap elementor-element-populated\">\n\t\t\t\t\t\t<div class=\"elementor-element elementor-element-ade309c elementor-widget elementor-widget-heading\" data-id=\"ade309c\" data-element_type=\"widget\" data-e-type=\"widget\" data-widget_type=\"heading.default\">\n\t\t\t\t<div class=\"elementor-widget-container\">\n\t\t\t\t\t<h2 class=\"elementor-heading-title elementor-size-default\">S\u00e9lection rapide<\/h2>\t\t\t\t<\/div>\n\t\t\t\t<\/div>\n\t\t\t\t<div class=\"elementor-element elementor-element-41f71a7 elementor-widget elementor-widget-text-editor\" data-id=\"41f71a7\" data-element_type=\"widget\" data-e-type=\"widget\" data-widget_type=\"text-editor.default\">\n\t\t\t\t<div class=\"elementor-widget-container\">\n\t\t\t\t\t\t\t\t\tSi vous savez d\u00e9j\u00e0 quel produit de la cat\u00e9gorie traitement de l&#039;eau vous souhaitez acheter, cliquez simplement sur le lien et trouvez votre produit :\t\t\t\t\t\t\t\t<\/div>\n\t\t\t\t<\/div>\n\t\t\t\t<div class=\"elementor-element elementor-element-9b2adce elementor-widget elementor-widget-button\" data-id=\"9b2adce\" data-element_type=\"widget\" data-e-type=\"widget\" data-widget_type=\"button.default\">\n\t\t\t\t<div class=\"elementor-widget-container\">\n\t\t\t\t\t\t\t\t\t<div class=\"elementor-button-wrapper\">\n\t\t\t\t\t<a class=\"elementor-button elementor-button-link elementor-size-sm\" href=\"http:\/\/ams-onlineshop.de\/produkt-kategorie\/heimbedarf\/wasseraufbereitung\/\" target=\"_blank\">\n\t\t\t\t\t\t<span class=\"elementor-button-content-wrapper\">\n\t\t\t\t\t\t<span class=\"elementor-button-icon\">\n\t\t\t\t<i aria-hidden=\"true\" class=\"fas fa-arrow-right\"><\/i>\t\t\t<\/span>\n\t\t\t\t\t\t\t\t\t<span class=\"elementor-button-text\">Traitement de l&#039;eau en magasin<\/span>\n\t\t\t\t\t<\/span>\n\t\t\t\t\t<\/a>\n\t\t\t\t<\/div>\n\t\t\t\t\t\t\t\t<\/div>\n\t\t\t\t<\/div>\n\t\t\t\t\t<\/div>\n\t\t<\/div>\n\t\t\t\t\t<\/div>\n\t\t<\/section>\n\t\t\t\t<section class=\"elementor-section elementor-top-section elementor-element elementor-element-0339bd0 elementor-section-boxed elementor-section-height-default elementor-section-height-default\" data-id=\"0339bd0\" data-element_type=\"section\" data-e-type=\"section\">\n\t\t\t\t\t\t<div class=\"elementor-container elementor-column-gap-default\">\n\t\t\t\t\t<div class=\"elementor-column elementor-col-100 elementor-top-column elementor-element elementor-element-307f589\" data-id=\"307f589\" data-element_type=\"column\" data-e-type=\"column\">\n\t\t\t<div class=\"elementor-widget-wrap elementor-element-populated\">\n\t\t\t\t\t\t<div class=\"elementor-element elementor-element-8a88e63 elementor-widget elementor-widget-heading\" data-id=\"8a88e63\" data-element_type=\"widget\" data-e-type=\"widget\" data-widget_type=\"heading.default\">\n\t\t\t\t<div class=\"elementor-widget-container\">\n\t\t\t\t\t<h2 class=\"elementor-heading-title elementor-size-default\">l&#039;eau est la vie<\/h2>\t\t\t\t<\/div>\n\t\t\t\t<\/div>\n\t\t\t\t<div class=\"elementor-element elementor-element-4e71773 elementor-widget elementor-widget-text-editor\" data-id=\"4e71773\" data-element_type=\"widget\" data-e-type=\"widget\" data-widget_type=\"text-editor.default\">\n\t\t\t\t<div class=\"elementor-widget-container\">\n\t\t\t\t\t\t\t\t\t<p>L\u2019eau est la base de la vie sur notre plan\u00e8te, l\u2019\u00e9l\u00e9ment constitutif le plus important de tous les organismes vivants. Il p\u00e9n\u00e8tre dans chaque cellule du corps et r\u00e9gule toutes les fonctions de notre corps. L\u2019eau est m\u00eame responsable de notre conscience et permet de penser et de ressentir.<\/p><p><b>L&#039;eau potable est notre aliment le plus important.<\/b><\/p><p>En moyenne, nous, les humains, constituons environ 60% d&#039;eau - pour un nourrisson, c&#039;est pr\u00e8s de 90%, et pour un homme \u00e2g\u00e9, c&#039;est encore environ 45%. Les fonctions les plus importantes de l\u2019eau dans le corps comprennent le m\u00e9tabolisme et la r\u00e9gulation de la temp\u00e9rature.<br \/>Un approvisionnement quotidien en eau potable en quantit\u00e9 suffisante est essentiel \u00e0 la vie. Un manque d\u2019apport hydrique met le corps \u00e0 rude \u00e9preuve et entra\u00eene t\u00f4t ou tard des probl\u00e8mes de sant\u00e9. En raison du manque de liquide, les cellules et les organes re\u00e7oivent trop peu de nutriments, ce qui entra\u00eene une diminution sensible de la concentration et des performances.<\/p><p>Nous pouvons survivre 50 jours sans nourriture solide, mais sans eau potable, nous ne pouvons survivre que quelques jours.<\/p><p>Nous devrions boire deux \u00e0 trois litres d\u2019eau chaque jour. Bien entendu, les aliments contenant de l&#039;eau, comme les fruits et les l\u00e9gumes, fournissent \u00e9galement des liquides suppl\u00e9mentaires, mais ceux-ci ne peuvent \u00e0 eux seuls couvrir vos besoins en liquides.<\/p>\t\t\t\t\t\t\t\t<\/div>\n\t\t\t\t<\/div>\n\t\t\t\t\t<\/div>\n\t\t<\/div>\n\t\t\t\t\t<\/div>\n\t\t<\/section>\n\t\t\t\t<section class=\"elementor-section elementor-top-section elementor-element elementor-element-f325829 elementor-section-boxed elementor-section-height-default elementor-section-height-default\" data-id=\"f325829\" data-element_type=\"section\" data-e-type=\"section\">\n\t\t\t\t\t\t<div class=\"elementor-container elementor-column-gap-default\">\n\t\t\t\t\t<div class=\"elementor-column elementor-col-100 elementor-top-column elementor-element elementor-element-f44798b\" data-id=\"f44798b\" data-element_type=\"column\" data-e-type=\"column\">\n\t\t\t<div class=\"elementor-widget-wrap elementor-element-populated\">\n\t\t\t\t\t\t<div class=\"elementor-element elementor-element-dc317d9 elementor-widget elementor-widget-heading\" data-id=\"dc317d9\" data-element_type=\"widget\" data-e-type=\"widget\" data-widget_type=\"heading.default\">\n\t\t\t\t<div class=\"elementor-widget-container\">\n\t\t\t\t\t<h2 class=\"elementor-heading-title elementor-size-default\">Saviez-vous que...<\/h2>\t\t\t\t<\/div>\n\t\t\t\t<\/div>\n\t\t\t\t<div class=\"elementor-element elementor-element-d19d053 elementor-widget elementor-widget-text-editor\" data-id=\"d19d053\" data-element_type=\"widget\" data-e-type=\"widget\" data-widget_type=\"text-editor.default\">\n\t\t\t\t<div class=\"elementor-widget-container\">\n\t\t\t\t\t\t\t\t\t<p>L&#039;eau est l&#039;un des aliments les plus contr\u00f4l\u00e9s en Allemagne, mais saviez-vous que...<\/p><ul><li>La valeur limite g\u00e9n\u00e9rale (valeur indicative) pour la pollution admissible des eaux dans l&#039;ordonnance allemande sur l&#039;eau potable est d\u00e9sormais plus de deux fois plus \u00e9lev\u00e9e qu&#039;elle ne l&#039;\u00e9tait en 1990 ?<\/li><li>L\u2019Agence f\u00e9d\u00e9rale allemande de l\u2019environnement confirme : \u00ab L\u2019eau qui reste dans le robinet pendant plus de 4 heures n\u2019est plus de l\u2019eau potable ni de la nourriture. \u00bb<\/li><\/ul><p>Bien s\u00fbr, vous pouvez vous d\u00e9brouiller et opter pour de l\u2019eau min\u00e9rale disponible dans le commerce. Mais cela signifie transporter des cartons et \u00e9galement mettre l\u2019environnement \u00e0 rude \u00e9preuve. Que vous achetiez des bouteilles en verre ou en PET : la pollution de l&#039;environnement caus\u00e9e par le transport, le nettoyage ou le recyclage des bouteilles est in\u00e9vitable.<\/p><p>Imaginez\u00a0: vous poss\u00e9dez votre propre \u00ab\u00a0eau de source\u00a0\u00bb et, pour quelques centimes par litre, vous pouvez filtrer l&#039;eau de votre robinet et la dynamiser gr\u00e2ce \u00e0 la \u00ab\u00a0Technologie Ludwig\u00a0\u00bb, au lieu de payer des frais \u00e9lev\u00e9s pour l&#039;embouteillage et le transport de l&#039;eau en bouteille. Des \u00e9conomies de plusieurs centaines d&#039;euros par an sont possibles.<\/p><p>Souhaitez-vous presser vous-m\u00eame une eau d\u00e9licieuse et pure \u00e0 tout moment ?<\/p><p>Alors jetez un \u0153il \u00e0 nos syst\u00e8mes d\u2019osmose inverse :<\/p><p><a href=\"https:\/\/www.ams-ag.de\/fr\/produits\/fournitures-pour-la-maison\/traitement-de-leau\/printemps-time420-pro\/\"><b>spring-time\u00ae420 pro<\/b><\/a><\/p><p><a href=\"https:\/\/www.ams-ag.de\/fr\/produits\/fournitures-pour-la-maison\/traitement-de-leau\/printemps-premium-pro\/\"><b>spring-time\u00aepremium pro<\/b><\/a><\/p><p><a href=\"https:\/\/www.ams-ag.de\/fr\/produits\/fournitures-pour-la-maison\/traitement-de-leau\/printemps-professionnel-pro\/\"><b>spring-time\u00aeprofessionnel pro<\/b><\/a><\/p><p>Quelles que soient vos inqui\u00e9tudes concernant le principe de l\u2019osmose inverse ou concernant les filtres \u00e0 eau en g\u00e9n\u00e9ral, n\u2019h\u00e9sitez pas \u00e0 nous appeler. Nous serons heureux de r\u00e9pondre \u00e0 vos questions!<\/p>\t\t\t\t\t\t\t\t<\/div>\n\t\t\t\t<\/div>\n\t\t\t\t<div class=\"elementor-element elementor-element-d3c2151 elementor-widget elementor-widget-button\" data-id=\"d3c2151\" data-element_type=\"widget\" data-e-type=\"widget\" data-widget_type=\"button.default\">\n\t\t\t\t<div class=\"elementor-widget-container\">\n\t\t\t\t\t\t\t\t\t<div class=\"elementor-button-wrapper\">\n\t\t\t\t\t<a class=\"elementor-button elementor-button-link elementor-size-sm\" href=\"http:\/\/ams-onlineshop.de\/produkt-kategorie\/heimbedarf\/wasseraufbereitung\/\" target=\"_blank\">\n\t\t\t\t\t\t<span class=\"elementor-button-content-wrapper\">\n\t\t\t\t\t\t<span class=\"elementor-button-icon\">\n\t\t\t\t<i aria-hidden=\"true\" class=\"fas fa-arrow-right\"><\/i>\t\t\t<\/span>\n\t\t\t\t\t\t\t\t\t<span class=\"elementor-button-text\">Traitement de l&#039;eau en magasin<\/span>\n\t\t\t\t\t<\/span>\n\t\t\t\t\t<\/a>\n\t\t\t\t<\/div>\n\t\t\t\t\t\t\t\t<\/div>\n\t\t\t\t<\/div>\n\t\t\t\t\t<\/div>\n\t\t<\/div>\n\t\t\t\t\t<\/div>\n\t\t<\/section>\n\t\t\t\t<section class=\"elementor-section elementor-top-section elementor-element elementor-element-1249374 elementor-section-boxed elementor-section-height-default elementor-section-height-default\" data-id=\"1249374\" data-element_type=\"section\" data-e-type=\"section\" data-settings=\"{&quot;background_background&quot;:&quot;classic&quot;}\">\n\t\t\t\t\t\t<div class=\"elementor-container elementor-column-gap-default\">\n\t\t\t\t\t<div class=\"elementor-column elementor-col-100 elementor-top-column elementor-element elementor-element-3c9892c\" data-id=\"3c9892c\" data-element_type=\"column\" data-e-type=\"column\">\n\t\t\t<div class=\"elementor-widget-wrap elementor-element-populated\">\n\t\t\t\t\t\t<div class=\"elementor-element elementor-element-6500389 elementor-align-right elementor-mobile-align-center elementor-widget elementor-widget-button\" data-id=\"6500389\" data-element_type=\"widget\" data-e-type=\"widget\" data-widget_type=\"button.default\">\n\t\t\t\t<div class=\"elementor-widget-container\">\n\t\t\t\t\t\t\t\t\t<div class=\"elementor-button-wrapper\">\n\t\t\t\t\t<a class=\"elementor-button elementor-button-link elementor-size-sm\" href=\"https:\/\/www.ams-ag.de\/fr\/produkte\/heimbedarf\/wasseraufbereitung\/spring-time420-pro\/\">\n\t\t\t\t\t\t<span class=\"elementor-button-content-wrapper\">\n\t\t\t\t\t\t<span class=\"elementor-button-icon\">\n\t\t\t\t<i aria-hidden=\"true\" class=\"fas fa-arrow-right\"><\/i>\t\t\t<\/span>\n\t\t\t\t\t\t\t\t\t<span class=\"elementor-button-text\">spring-time\u00ae420 pro<\/span>\n\t\t\t\t\t<\/span>\n\t\t\t\t\t<\/a>\n\t\t\t\t<\/div>\n\t\t\t\t\t\t\t\t<\/div>\n\t\t\t\t<\/div>\n\t\t\t\t\t<\/div>\n\t\t<\/div>\n\t\t\t\t\t<\/div>\n\t\t<\/section>\n\t\t\t\t<\/div>","protected":false},"excerpt":{"rendered":"<p>Wasseraufbereitung Obacht beim Preisvergleich! Direkt \u00fcber den Shop verf\u00fcgbar in einigen L\u00e4ndern der EU und der Schweiz.Andere L\u00e4nder auf Anfrage. Schreiben Sie uns eine kurze E-Mail wie wir Sie erreichen [&hellip;]<\/p>\n","protected":false},"author":1,"featured_media":0,"parent":4153,"menu_order":3,"comment_status":"closed","ping_status":"closed","template":"","meta":{"pmpro_default_level":"","footnotes":""},"class_list":["post-3990","page","type-page","status-publish","hentry","pmpro-has-access"],"_links":{"self":[{"href":"https:\/\/www.ams-ag.de\/fr\/wp-json\/wp\/v2\/pages\/3990","targetHints":{"allow":["GET"]}}],"collection":[{"href":"https:\/\/www.ams-ag.de\/fr\/wp-json\/wp\/v2\/pages"}],"about":[{"href":"https:\/\/www.ams-ag.de\/fr\/wp-json\/wp\/v2\/types\/page"}],"author":[{"embeddable":true,"href":"https:\/\/www.ams-ag.de\/fr\/wp-json\/wp\/v2\/users\/1"}],"replies":[{"embeddable":true,"href":"https:\/\/www.ams-ag.de\/fr\/wp-json\/wp\/v2\/comments?post=3990"}],"version-history":[{"count":72,"href":"https:\/\/www.ams-ag.de\/fr\/wp-json\/wp\/v2\/pages\/3990\/revisions"}],"predecessor-version":[{"id":19352,"href":"https:\/\/www.ams-ag.de\/fr\/wp-json\/wp\/v2\/pages\/3990\/revisions\/19352"}],"up":[{"embeddable":true,"href":"https:\/\/www.ams-ag.de\/fr\/wp-json\/wp\/v2\/pages\/4153"}],"wp:attachment":[{"href":"https:\/\/www.ams-ag.de\/fr\/wp-json\/wp\/v2\/media?parent=3990"}],"curies":[{"name":"wp","href":"https:\/\/api.w.org\/{rel}","templated":true}]}}