{"id":2568,"date":"2023-06-07T20:53:55","date_gmt":"2023-06-07T18:53:55","guid":{"rendered":"http:\/\/www.ams-ag.de\/?page_id=2568"},"modified":"2024-12-04T20:22:54","modified_gmt":"2024-12-04T19:22:54","slug":"dr-rer-nat-frank-beck","status":"publish","type":"page","link":"https:\/\/www.ams-ag.de\/fr\/ueber-ams\/dr-rer-nat-frank-beck\/","title":{"rendered":"Dr. rer. nat. Frank Beck"},"content":{"rendered":"<div data-elementor-type=\"wp-page\" data-elementor-id=\"2568\" class=\"elementor elementor-2568\" data-elementor-post-type=\"page\">\n\t\t\t\t\t\t<section class=\"elementor-section elementor-top-section elementor-element elementor-element-2b27f78 elementor-section-boxed elementor-section-height-default elementor-section-height-default\" data-id=\"2b27f78\" data-element_type=\"section\" data-e-type=\"section\">\n\t\t\t\t\t\t<div class=\"elementor-container elementor-column-gap-default\">\n\t\t\t\t\t<div class=\"elementor-column elementor-col-100 elementor-top-column elementor-element elementor-element-f2cae81\" data-id=\"f2cae81\" data-element_type=\"column\" data-e-type=\"column\">\n\t\t\t<div class=\"elementor-widget-wrap elementor-element-populated\">\n\t\t\t\t\t\t<div class=\"elementor-element elementor-element-47eb35a elementor-widget elementor-widget-heading\" data-id=\"47eb35a\" data-element_type=\"widget\" data-e-type=\"widget\" data-widget_type=\"heading.default\">\n\t\t\t\t<div class=\"elementor-widget-container\">\n\t\t\t\t\t<h1 class=\"elementor-heading-title elementor-size-default\">Dr. rer. nat. Frank Beck<\/h1>\t\t\t\t<\/div>\n\t\t\t\t<\/div>\n\t\t\t\t<section class=\"elementor-section elementor-inner-section elementor-element elementor-element-0e977c6 elementor-section-boxed elementor-section-height-default elementor-section-height-default\" data-id=\"0e977c6\" data-element_type=\"section\" data-e-type=\"section\">\n\t\t\t\t\t\t<div class=\"elementor-container elementor-column-gap-default\">\n\t\t\t\t\t<div class=\"elementor-column elementor-col-66 elementor-inner-column elementor-element elementor-element-8145fed\" data-id=\"8145fed\" data-element_type=\"column\" data-e-type=\"column\">\n\t\t\t<div class=\"elementor-widget-wrap elementor-element-populated\">\n\t\t\t\t\t\t<div class=\"elementor-element elementor-element-80ba1f9 elementor-widget elementor-widget-text-editor\" data-id=\"80ba1f9\" data-element_type=\"widget\" data-e-type=\"widget\" data-widget_type=\"text-editor.default\">\n\t\t\t\t<div class=\"elementor-widget-container\">\n\t\t\t\t\t\t\t\t\t<p><b>Directeur g\u00e9n\u00e9ral et actionnaire unique d&#039;AMS GmbH, directeur de l&#039;\u00ab Institut de m\u00e9decine bioinformative Dr. Ludwig \u00bb<\/b><\/p><ul><li>Directeur de l&#039;Institut de M\u00e9decine Bioinformative Dr. Ludwig<\/li><li>Conseiller technique pour les substances dangereuses aupr\u00e8s des pompiers de Bad Mergentheim<\/li><li>N\u00e9 en 1961 (signe astrologique Cancer) \u00e0 Tauberbischofsheim<\/li><li>mari\u00e9 \u00e0 Angelika Beck, n\u00e9e Heer, depuis 1989<\/li><li>trois filles : les jumelles Laura et Sina, Tara<\/li><li>Animal de compagnie\u00a0: Chat \u00ab\u00a0Chi-Chu\u00a0\u00bb<\/li><\/ul>\t\t\t\t\t\t\t\t<\/div>\n\t\t\t\t<\/div>\n\t\t\t\t\t<\/div>\n\t\t<\/div>\n\t\t\t\t<div class=\"elementor-column elementor-col-33 elementor-inner-column elementor-element elementor-element-0925844\" data-id=\"0925844\" data-element_type=\"column\" data-e-type=\"column\">\n\t\t\t<div class=\"elementor-widget-wrap elementor-element-populated\">\n\t\t\t\t\t\t<div class=\"elementor-element elementor-element-f391be8 elementor-widget elementor-widget-image\" data-id=\"f391be8\" data-element_type=\"widget\" data-e-type=\"widget\" data-widget_type=\"image.default\">\n\t\t\t\t<div class=\"elementor-widget-container\">\n\t\t\t\t\t\t\t\t\t\t\t\t\t\t\t<img fetchpriority=\"high\" decoding=\"async\" width=\"245\" height=\"300\" src=\"https:\/\/www.ams-ag.de\/wp-content\/uploads\/2023\/06\/csm_Frank_Beck_GF_06d1c7cd2a-245x300.jpg\" class=\"attachment-medium size-medium wp-image-2570\" alt=\"Dr. rer. filet. Franck Beck\" srcset=\"https:\/\/www.ams-ag.de\/wp-content\/uploads\/2023\/06\/csm_Frank_Beck_GF_06d1c7cd2a-245x300.jpg 245w, https:\/\/www.ams-ag.de\/wp-content\/uploads\/2023\/06\/csm_Frank_Beck_GF_06d1c7cd2a.jpg 250w\" sizes=\"(max-width: 245px) 100vw, 245px\" \/>\t\t\t\t\t\t\t\t\t\t\t\t\t\t\t<\/div>\n\t\t\t\t<\/div>\n\t\t\t\t\t<\/div>\n\t\t<\/div>\n\t\t\t\t\t<\/div>\n\t\t<\/section>\n\t\t\t\t\t<\/div>\n\t\t<\/div>\n\t\t\t\t\t<\/div>\n\t\t<\/section>\n\t\t\t\t<section class=\"elementor-section elementor-top-section elementor-element elementor-element-00b2e8c elementor-section-boxed elementor-section-height-default elementor-section-height-default\" data-id=\"00b2e8c\" data-element_type=\"section\" data-e-type=\"section\">\n\t\t\t\t\t\t<div class=\"elementor-container elementor-column-gap-default\">\n\t\t\t\t\t<div class=\"elementor-column elementor-col-100 elementor-top-column elementor-element elementor-element-7db3989\" data-id=\"7db3989\" data-element_type=\"column\" data-e-type=\"column\">\n\t\t\t<div class=\"elementor-widget-wrap elementor-element-populated\">\n\t\t\t\t\t\t<div class=\"elementor-element elementor-element-5e580a6 elementor-widget elementor-widget-heading\" data-id=\"5e580a6\" data-element_type=\"widget\" data-e-type=\"widget\" data-widget_type=\"heading.default\">\n\t\t\t\t<div class=\"elementor-widget-container\">\n\t\t\t\t\t<h2 class=\"elementor-heading-title elementor-size-default\">Vita<\/h2>\t\t\t\t<\/div>\n\t\t\t\t<\/div>\n\t\t\t\t<div class=\"elementor-element elementor-element-6f3f64b elementor-widget elementor-widget-text-editor\" data-id=\"6f3f64b\" data-element_type=\"widget\" data-e-type=\"widget\" data-widget_type=\"text-editor.default\">\n\t\t\t\t<div class=\"elementor-widget-container\">\n\t\t\t\t\t\t\t\t\t<table class=\"contenttable contenttable-0\">\n<tbody>\n<tr class=\"tr-even tr-0\">\n<td class=\"td-0\">1983<\/td>\n<td class=\"td-last td-1\">M\u00e9daille d&#039;or aux Championnats du monde d&#039;escrime (fleuret, \u00e9quipe) \u00e0 Vienne<\/td>\n<\/tr>\n<tr class=\"tr-odd tr-1\">\n<td class=\"td-0\">1984<\/td>\n<td class=\"td-last td-1\">M\u00e9daille d&#039;argent aux Jeux Olympiques (fleuret, par \u00e9quipe) \u00e0 Los Angeles<\/td>\n<\/tr>\n<tr class=\"tr-even tr-2\">\n<td class=\"td-0\">84-92<\/td>\n<td class=\"td-last td-1\">A \u00e9tudi\u00e9 la chimie \u00e0 l&#039;Universit\u00e9 Julius Maximilian de W\u00fcrzburg (dipl\u00f4me : chimiste dipl\u00f4m\u00e9)<\/td>\n<\/tr>\n<tr class=\"tr-odd tr-3\">\n<td class=\"td-0\">1992<\/td>\n<td class=\"td-last td-1\">Doctorat (incluant une sp\u00e9cialisation en toxicologie)<\/td>\n<\/tr>\n<tr class=\"tr-even tr-4\">\n<td class=\"td-0\">92-97<\/td>\n<td class=\"td-last td-1\">Poste de direction dans une entreprise commerciale de construction de machines sp\u00e9ciales avec un accent sur la recherche\/d\u00e9veloppement<\/td>\n<\/tr>\n<tr class=\"tr-odd tr-5\">\n<td class=\"td-0\">1997<\/td>\n<td class=\"td-last td-1\">Position de leader dans le domaine de la technologie m\u00e9dicale chez AMS \u2013 Advanced Medical Systems GmbH<\/td>\n<\/tr>\n<tr class=\"tr-even tr-6\">\n<td class=\"td-0\">Depuis 1998<\/td>\n<td class=\"td-last td-1\">Associ\u00e9 g\u00e9rant d&#039;AMS GmbH<\/td>\n<\/tr>\n<tr class=\"tr-odd tr-7\">\n<td class=\"td-0\">1999<\/td>\n<td class=\"td-last td-1\">Reprise et gestion de l&#039;\u00ab Institut de M\u00e9decine Bioinformative Dr. Ludwig \u00bb, avec les principaux domaines de recherche : th\u00e9rapie par champ magn\u00e9tique, th\u00e9rapie par bior\u00e9sonance et r\u00e9gulation, th\u00e9rapie par la couleur et au laser et transfert d&#039;informations biophysiques<\/td>\n<\/tr>\n<tr class=\"tr-even tr-last\">\n<td class=\"td-0\">depuis 1999<\/td>\n<td class=\"td-last td-1\">Conf\u00e9rences nationales et internationales dans les domaines de la th\u00e9rapie par champ magn\u00e9tique et bior\u00e9sonance, de l&#039;eau comme vecteur d&#039;informations \u00e9nerg\u00e9tiques et de la sensibilit\u00e9 \u00e0 l&#039;\u00e9lectrosmog<\/td>\n<\/tr>\n<\/tbody>\n<\/table>\t\t\t\t\t\t\t\t<\/div>\n\t\t\t\t<\/div>\n\t\t\t\t\t<\/div>\n\t\t<\/div>\n\t\t\t\t\t<\/div>\n\t\t<\/section>\n\t\t\t\t<section class=\"elementor-section elementor-top-section elementor-element elementor-element-d99c03c elementor-section-boxed elementor-section-height-default elementor-section-height-default\" data-id=\"d99c03c\" data-element_type=\"section\" data-e-type=\"section\">\n\t\t\t\t\t\t<div class=\"elementor-container elementor-column-gap-default\">\n\t\t\t\t\t<div class=\"elementor-column elementor-col-100 elementor-top-column elementor-element elementor-element-4783df8\" data-id=\"4783df8\" data-element_type=\"column\" data-e-type=\"column\">\n\t\t\t<div class=\"elementor-widget-wrap elementor-element-populated\">\n\t\t\t\t\t\t<div class=\"elementor-element elementor-element-956ad3f elementor-widget elementor-widget-heading\" data-id=\"956ad3f\" data-element_type=\"widget\" data-e-type=\"widget\" data-widget_type=\"heading.default\">\n\t\t\t\t<div class=\"elementor-widget-container\">\n\t\t\t\t\t<h2 class=\"elementor-heading-title elementor-size-default\"><span style=\"color: inherit;font-family: inherit;font-size: 2rem;font-weight: 500\">Activit\u00e9s de cours et d\u2019enseignement (extrait)<\/span><\/h2>\t\t\t\t<\/div>\n\t\t\t\t<\/div>\n\t\t\t\t<div class=\"elementor-element elementor-element-25d3216 elementor-widget elementor-widget-text-editor\" data-id=\"25d3216\" data-element_type=\"widget\" data-e-type=\"widget\" data-widget_type=\"text-editor.default\">\n\t\t\t\t<div class=\"elementor-widget-container\">\n\t\t\t\t\t\t\t\t\t<table class=\"contenttable contenttable-0\">\n<tbody>\n<tr class=\"tr-even tr-0\">\n<td class=\"td-0\">2024<\/td>\n<td class=\"td-last td-1\">En coop\u00e9ration avec la plateforme sant\u00e9\u00a0<b><a href=\"https:\/\/schnelleinfachgesund.de\/\" target=\"_blank\" rel=\"noopener\">Schnelleinfachgesund.de<\/a>,<\/b> Th\u00e8me: <b>La v\u00e9rit\u00e9 sur le WiFi et le Bluetooth<\/b><\/td>\n<\/tr>\n<tr class=\"tr-even tr-0\">\n<td class=\"td-0\">2023<\/td>\n<td class=\"td-last td-1\">En coop\u00e9ration avec la plateforme sant\u00e9\u00a0<b><a href=\"https:\/\/schnelleinfachgesund.de\/\" target=\"_blank\" rel=\"noopener\">Schnelleinfachgesund.de<\/a>,<\/b> Conf\u00e9rence:\u00a0<b>Renforcez l\u2019autor\u00e9gulation \u2013 retrouvez l\u2019\u00e9quilibre avec les vibrations naturelles !<\/b><\/td>\n<\/tr>\n<tr class=\"tr-even tr-0\">\n<td class=\"td-0\">2022<\/td>\n<td class=\"td-last td-1\">Congr\u00e8s Eau Vitalit\u00e9 2022, conf\u00e9rence : <b>Effets de l&#039;\u00e9lectrosmog sur la structure de l&#039;eau<b><\/b><\/b><\/td>\n<\/tr>\n<tr class=\"tr-odd tr-1\">\n<td class=\"td-0\">2022<\/td>\n<td class=\"td-last td-1\">Congr\u00e8s Eau Vitalit\u00e9 2022, conf\u00e9rence : <b>\u00c9lectrosmog \/ 5G. Quelles sont les options de protection disponibles ?<b><\/b><\/b><\/td>\n<\/tr>\n<tr class=\"tr-even tr-2\">\n<td class=\"td-0\">2020<\/td>\n<td class=\"td-last td-1\">Foire de Paracelse \u00e0 Wiesbaden, conf\u00e9rence : <b>De nouvelles d\u00e9couvertes sur les effets de l&#039;\u00e9lectrosmog sur nous et sur notre eau potable, en tenant notamment compte du futur r\u00e9seau de t\u00e9l\u00e9phonie mobile 5G. Quelles sont les options de protection disponibles ?<b><\/b><\/b><\/td>\n<\/tr>\n<tr class=\"tr-odd tr-3\">\n<td class=\"td-0\">2019<\/td>\n<td class=\"td-last td-1\">23e BBQ \u2013 Cercle de qualit\u00e9 berlinois-bavarois pour les m\u00e9thodes de gu\u00e9rison naturelles au ch\u00e2teau de Ziehten \u00e0 Kremmen Conf\u00e9rence : <b>La capacit\u00e9 de l\u2019eau \u00e0 stocker de l\u2019\u00e9nergie et des informations. Comment utiliser cette propri\u00e9t\u00e9 pour ma sant\u00e9 ?<b><\/b><\/b><\/td>\n<\/tr>\n<tr class=\"tr-even tr-4\">\n<td class=\"td-0\">2019<\/td>\n<td class=\"td-last td-1\">Journ\u00e9es des praticiens de la sant\u00e9 animale \u00e0 Hohenroda, discours d&#039;ouverture : <b>Les effets de l\u2019\u00e9lectrosmog sur les humains et les animaux, sur notre eau potable et notre alimentation. Quelles sont les options de protection disponibles ?<b><\/b><\/b><\/td>\n<\/tr>\n<tr class=\"tr-odd tr-5\">\n<td class=\"td-0\">2019<\/td>\n<td class=\"td-last td-1\">20e Symposium international de m\u00e9decine bioinformative \u00e0 l&#039;occasion de la Semaine m\u00e9dicale de Baden-Baden, conf\u00e9rence : <b>Quelles options de protection la m\u00e9decine bioinformative m&#039;offre-t-elle pour l&#039;\u00e9lectrosensibilit\u00e9 ?<b><\/b><\/b><\/td>\n<\/tr>\n<tr class=\"tr-even tr-6\">\n<td class=\"td-0\">2018<\/td>\n<td class=\"td-last td-1\">31\u00e8me Congresso International de Medizina orthomoleculars e radicalais livres \u00e0 Sao Paulo \/ Br\u00e9sil, conf\u00e9rence : <b>\u00c9lectrosmog, ou p\u00e9rigo invisible ! Possibilit\u00e9s pour une protection passive et active<b><\/b><\/b><\/td>\n<\/tr>\n<tr class=\"tr-odd tr-7\">\n<td class=\"td-0\">2018<\/td>\n<td class=\"td-last td-1\">CAM Salon europ\u00e9en des m\u00e9decines compl\u00e9mentaires et alternatives \u00e0 D\u00fcsseldorf, conf\u00e9rence : <b>Les effets de l\u2019\u00e9lectrosmog sur les humains et les animaux, sur notre eau potable et notre alimentation. Quelles sont les options de protection disponibles ?<b><\/b><\/b><\/td>\n<\/tr>\n<tr class=\"tr-even tr-8\">\n<td class=\"td-0\">2018<\/td>\n<td class=\"td-last td-1\">36e Journ\u00e9es de naturopathie d&#039;Allemagne du Sud \u00e0 Fellbach, conf\u00e9rence : <b>L&#039;\u00e9lectrosmog, le danger invisible ! Les possibilit\u00e9s de protection passive et active<b><\/b><\/b><\/td>\n<\/tr>\n<tr class=\"tr-odd tr-9\">\n<td class=\"td-0\">2017<\/td>\n<td class=\"td-last td-1\">Congr\u00e8s tripartite sur l&#039;eau 2017, Forum du lac de Constance \u00e0 Constance, conf\u00e9rence\u00a0: <b>Les effets de l&#039;\u00e9lectrosmog sur la structure de l&#039;eau<b><\/b><\/b><\/td>\n<\/tr>\n<tr class=\"tr-even tr-10\">\n<td class=\"td-0\">2017<\/td>\n<td class=\"td-last td-1\">30\u00e8me Congresso International de Medizina orthomoleculars e radicalais livres \u00e0 Sao Paulo \/ Br\u00e9sil, conf\u00e9rence : <b>Selon les possibilit\u00e9s de Terapia do Campo Magn\u00e9tico et da Bioresson\u00e2ncia em fermidades agudas e cr\u00f4nicas<b><\/b><\/b><\/td>\n<\/tr>\n<tr class=\"tr-odd tr-11\">\n<td class=\"td-0\">2017<\/td>\n<td class=\"td-last td-1\">20e BBQ \u2013 Cercle de qualit\u00e9 berlinois-bavarois pour les m\u00e9thodes de gu\u00e9rison naturelles \u00e0 Nauen, conf\u00e9rence : <b>Juste de bonnes vibrations ! Les possibilit\u00e9s de la th\u00e9rapie par champ magn\u00e9tique et par bior\u00e9sonance pour les maladies aigu\u00ebs et chroniques<b><\/b><\/b><\/td>\n<\/tr>\n<tr class=\"tr-even tr-12\">\n<td class=\"td-0\">2017<\/td>\n<td class=\"td-last td-1\">36\u00e8me Congr\u00e8s DGfAN (Soci\u00e9t\u00e9 allemande d&#039;acupuncture et de th\u00e9rapie neuronale) \u00e0 Erfurt, conf\u00e9rence pl\u00e9ni\u00e8re : <b>Mod\u00e8les efficaces de m\u00e9decine bioinformative \u2013 th\u00e9orie et pratique<b><\/b><\/b><\/td>\n<\/tr>\n<tr class=\"tr-odd tr-13\">\n<td class=\"td-0\">2016<\/td>\n<td class=\"td-last td-1\">17\u00e8me Symposium International de M\u00e9decine Bioinformative \u00e0 l&#039;occasion de la Semaine M\u00e9dicale de Baden-Baden, conf\u00e9rence : <b>Tests num\u00e9riques avec informations analogiques\u00a0! Comment est-ce possible?<b><\/b><\/b><\/td>\n<\/tr>\n<tr class=\"tr-even tr-14\">\n<td class=\"td-0\">2016<\/td>\n<td class=\"td-last td-1\">34e Journ\u00e9es de naturopathie d&#039;Allemagne du Sud \u00e0 Fellbach, conf\u00e9rence : <b>Les possibilit\u00e9s de la th\u00e9rapie par champ magn\u00e9tique et par bior\u00e9sonance pour les maladies aigu\u00ebs et chroniques<b><\/b><\/b><\/td>\n<\/tr>\n<tr class=\"tr-odd tr-15\">\n<td class=\"td-0\">2015<\/td>\n<td class=\"td-last td-1\">34e Congr\u00e8s de la DGfAN (Soci\u00e9t\u00e9 allemande d&#039;acupuncture et de th\u00e9rapie neuronale) \u00e0 Erfurt, conf\u00e9rence pl\u00e9ni\u00e8re : <b>\u00c9lectrosmog \u2013 Les effets sur notre sant\u00e9 et comment nous prot\u00e9ger<b><\/b><\/b><\/td>\n<\/tr>\n<tr class=\"tr-even tr-16\">\n<td class=\"td-0\">2015<\/td>\n<td class=\"td-last td-1\">Foire de Paracelse \u00e0 Wallau, conf\u00e9rence : <b>La capacit\u00e9 de l\u2019eau \u00e0 stocker de l\u2019\u00e9nergie et des informations. Comment utiliser cette propri\u00e9t\u00e9 pour ma sant\u00e9 ?<b><\/b><\/b><\/td>\n<\/tr>\n<tr class=\"tr-odd tr-17\">\n<td class=\"td-0\">2014<\/td>\n<td class=\"td-last td-1\">15e Symposium international de m\u00e9decine bioinformative \u00e0 l&#039;occasion de la Semaine m\u00e9dicale de Baden-Baden, conf\u00e9rence : <b>L&#039;eau a-t-elle une m\u00e9moire ? Mod\u00e8les efficaces de m\u00e9decine bioinformative<b><\/b><\/b><\/td>\n<\/tr>\n<tr class=\"tr-even tr-18\">\n<td class=\"td-0\">2014<\/td>\n<td class=\"td-last td-1\">5\u00e8me Congr\u00e8s international de th\u00e9rapie neuronale \u00e0 Istanbul \/ Turquie, conf\u00e9rence\u00a0: <b> \u00c9lectrosmog \u2013 Les effets sur notre sant\u00e9 et comment nous prot\u00e9ger<b><\/b><\/b><\/td>\n<\/tr>\n<tr class=\"tr-odd tr-19\">\n<td class=\"td-0\">2014<\/td>\n<td class=\"td-last td-1\">33\u00e8me Congr\u00e8s DGfAN (Soci\u00e9t\u00e9 allemande d&#039;acupuncture et de th\u00e9rapie neuronale) \u00e0 Erfurt, conf\u00e9rence pl\u00e9ni\u00e8re : <b>L&#039;eau a-t-elle une m\u00e9moire ? Mod\u00e8les efficaces d&#039;hom\u00e9opathie et de m\u00e9decine bioinformative<b><\/b><\/b><\/td>\n<\/tr>\n<tr class=\"tr-even tr-20\">\n<td class=\"td-0\">2013<\/td>\n<td class=\"td-last td-1\">Direction du 14\u00e8me Symposium International de M\u00e9decine Bioinformative \u00e0 l&#039;occasion de la Semaine M\u00e9dicale \u00e0 Baden-Baden, th\u00e8me : <b>Am\u00e9liorer la capacit\u00e9 de r\u00e9gulation gr\u00e2ce \u00e0 des processus bioinformatifs<b><\/b><\/b><\/td>\n<\/tr>\n<tr class=\"tr-odd tr-21\">\n<td class=\"td-0\">2013<\/td>\n<td class=\"td-last td-1\">Assembl\u00e9e g\u00e9n\u00e9rale de la Soci\u00e9t\u00e9 Suisse pour l&#039;Energie, la Bior\u00e9sonance et la M\u00e9decine de l&#039;Information (SEBIM) \u00e0 Zurich \/ Suisse, conf\u00e9rence : <b>Tests num\u00e9riques avec informations analogiques\u00a0! Comment est-ce possible?<b><\/b><\/b><\/td>\n<\/tr>\n<tr class=\"tr-even tr-22\">\n<td class=\"td-0\">2012<\/td>\n<td class=\"td-last td-1\">4\u00e8me Congr\u00e8s international de th\u00e9rapie neuronale \u00e0 Istanbul \/ Turquie, conf\u00e9rence\u00a0: <b>Technologie m\u00e9dicale et m\u00e9thodes de gu\u00e9rison naturelles modernes dans un seul syst\u00e8me<b> Gestion de l&#039;atelier : <b>Les possibilit\u00e9s des m\u00e9thodes bioinformatives dans la pratique<b><\/b><\/b><\/b><\/b><\/td>\n<\/tr>\n<tr class=\"tr-odd tr-23\">\n<td class=\"td-0\">2011<\/td>\n<td class=\"td-last td-1\">Gestion du 13\u00e8me Symposium International de M\u00e9decine Bioinformative \u00e0 l&#039;occasion de la Semaine M\u00e9dicale \u00e0 Baden-Baden, th\u00e8me : <b>La nouvelle g\u00e9n\u00e9ration C \u2013 Tout dans un seul syst\u00e8me ! Tests et th\u00e9rapies \u2013 analogiques et num\u00e9riques<b><\/b><\/b><\/td>\n<\/tr>\n<tr class=\"tr-even tr-24\">\n<td class=\"td-0\">2011<\/td>\n<td class=\"td-last td-1\">Foire de Paracelse \u00e0 Wiesbaden, conf\u00e9rence : <b>Utilisation et application du champ magn\u00e9tique puls\u00e9. Th\u00e9rapie par l\u2019information \u2013 sans effets secondaires<b><\/b><\/b><\/td>\n<\/tr>\n<tr class=\"tr-odd tr-25\">\n<td class=\"td-0\">2010<\/td>\n<td class=\"td-last td-1\">Direction du Symposium International de M\u00e9decine Bioinformative \u00e0 l&#039;occasion de la Semaine M\u00e9dicale de Baden-Baden, th\u00e8me : <b>R\u00e9sistance \u00e0 la th\u00e9rapie ? Ce qu&#039;il faut faire? Lumi\u00e8re et couleurs dans le cadre de la r\u00e9gulation et de la th\u00e9rapie par bior\u00e9sonance<b><\/b><\/b><\/td>\n<\/tr>\n<tr class=\"tr-even tr-26\">\n<td class=\"td-0\">2010<\/td>\n<td class=\"td-last td-1\">23\u00e8me Congresso International de Medizina orthomoleculars e radicalais livres \u00e0 Sao Paulo \/ Br\u00e9sil, conf\u00e9rence : <b>Interacao Terapeutica par Metodologia Complementar<b><\/b><\/b><\/td>\n<\/tr>\n<tr class=\"tr-odd tr-27\">\n<td class=\"td-0\">2009<\/td>\n<td class=\"td-last td-1\">Journ\u00e9es des praticiens de la sant\u00e9 animale \u00e0 Hohenroda, discours d&#039;ouverture : <b>L&#039;eau a-t-elle une m\u00e9moire ? Mod\u00e8les efficaces d&#039;hom\u00e9opathie et de m\u00e9decine bioinformative<b><\/b><\/b><\/td>\n<\/tr>\n<tr class=\"tr-even tr-28\">\n<td class=\"td-0\">2009<\/td>\n<td class=\"td-last td-1\">Le VIIe Congr\u00e8s international sur la sant\u00e9 et la gestion bucco-dentaire dans les pays de la mer Noire \u00e0 Constanza \/ Roumanie, conf\u00e9rence\u00a0: <b>Bases scientifiques et application de la th\u00e9rapie par champ magn\u00e9tique et bior\u00e9sonance en dentisterie naturopathique, enseignement du 28 au 31 mai : <b>M\u00e9decine dentaire compl\u00e9mentaire dans le temps<b><\/b><\/b><\/b><\/td>\n<\/tr>\n<tr class=\"tr-odd tr-29\">\n<td class=\"td-0\">2008<\/td>\n<td class=\"td-last td-1\">Direction du Symposium International de M\u00e9decine Bioinformative \u00e0 l&#039;occasion de la Semaine M\u00e9dicale de Baden-Baden, th\u00e8me : <b>Gu\u00e9rir avec la bioinformation \u2013 concepts de traitement pratiques<b><\/b><\/b><\/td>\n<\/tr>\n<tr class=\"tr-even tr-30\">\n<td class=\"td-0\">2008<\/td>\n<td class=\"td-last td-1\">Universit\u00e9 \u00ab Ovidius \u00bb Constanta Facult\u00e9 de m\u00e9decine dentaire et de pharmacie \u00e0 Constanza \/ Roumanie, enseignement du 25 au 31 mai : <b>La th\u00e9rapie par champ magn\u00e9tique en pratique, preuve de l&#039;hom\u00e9opathie par l&#039;eau<b><\/b><\/b><\/td>\n<\/tr>\n<tr class=\"tr-odd tr-31\">\n<td class=\"td-0\">2008<\/td>\n<td class=\"td-last td-1\">21\u00e8me Congresso International de Medizina orthomoleculars e radicalais livres \u00e0 Sao Paulo \/ Br\u00e9sil, conf\u00e9rence : <b>Novos Avancos avec campo magnetique pulsante et gestion du symposium : Simposio Satelite avec th\u00e8me : campo magnetique pulsante<b><\/b><\/b><\/td>\n<\/tr>\n<tr class=\"tr-even tr-32\">\n<td class=\"td-0\">2007<\/td>\n<td class=\"td-last td-1\">Universit\u00e9 \u00ab Ovidius \u00bb Constanta Facult\u00e9 de m\u00e9decine dentaire et de pharmacie \u00e0 Constanza \/ Roumanie, cours\u00a0: <b>Th\u00e9rapie par champ magn\u00e9tique et m\u00e9decine magn\u00e9tique de haute technologie<b><\/b><\/b><\/td>\n<\/tr>\n<tr class=\"tr-odd tr-last\">\n<td class=\"td-0\">2006<\/td>\n<td class=\"td-last td-1\">19\u00e8me Congresso International de Medizina orthomoleculars e radicalais livres \u00e0 Sao Paulo \/ Br\u00e9sil, conf\u00e9rence : <b>Th\u00e9rapie par champ magn\u00e9tique et m\u00e9decine bioinformatique<\/b><\/td>\n<\/tr>\n<\/tbody>\n<\/table>\t\t\t\t\t\t\t\t<\/div>\n\t\t\t\t<\/div>\n\t\t\t\t\t<\/div>\n\t\t<\/div>\n\t\t\t\t\t<\/div>\n\t\t<\/section>\n\t\t\t\t<section class=\"elementor-section elementor-top-section elementor-element elementor-element-a8309b5 elementor-section-boxed elementor-section-height-default elementor-section-height-default\" data-id=\"a8309b5\" data-element_type=\"section\" data-e-type=\"section\" data-settings=\"{&quot;background_background&quot;:&quot;classic&quot;}\">\n\t\t\t\t\t\t<div class=\"elementor-container elementor-column-gap-default\">\n\t\t\t\t\t<div class=\"elementor-column elementor-col-100 elementor-top-column elementor-element elementor-element-c66b0ff\" data-id=\"c66b0ff\" data-element_type=\"column\" data-e-type=\"column\">\n\t\t\t<div class=\"elementor-widget-wrap elementor-element-populated\">\n\t\t\t\t\t\t<div class=\"elementor-element elementor-element-93147df elementor-align-right elementor-mobile-align-center elementor-widget elementor-widget-button\" data-id=\"93147df\" data-element_type=\"widget\" data-e-type=\"widget\" data-widget_type=\"button.default\">\n\t\t\t\t<div class=\"elementor-widget-container\">\n\t\t\t\t\t\t\t\t\t<div class=\"elementor-button-wrapper\">\n\t\t\t\t\t<a class=\"elementor-button elementor-button-link elementor-size-sm\" href=\"https:\/\/www.ams-ag.de\/fr\/ueber-ams\/ams-team\/\">\n\t\t\t\t\t\t<span class=\"elementor-button-content-wrapper\">\n\t\t\t\t\t\t<span class=\"elementor-button-icon\">\n\t\t\t\t<i aria-hidden=\"true\" class=\"fas fa-arrow-right\"><\/i>\t\t\t<\/span>\n\t\t\t\t\t\t\t\t\t<span class=\"elementor-button-text\">L&#039;\u00e9quipe AMS<\/span>\n\t\t\t\t\t<\/span>\n\t\t\t\t\t<\/a>\n\t\t\t\t<\/div>\n\t\t\t\t\t\t\t\t<\/div>\n\t\t\t\t<\/div>\n\t\t\t\t\t<\/div>\n\t\t<\/div>\n\t\t\t\t\t<\/div>\n\t\t<\/section>\n\t\t\t\t<\/div>","protected":false},"excerpt":{"rendered":"<p>Dr. rer. nat. Frank Beck Gesch\u00e4ftsf\u00fchrer und alleiniger Gesellschafter der AMS GmbH, Leiter des &#8222;Instituts f\u00fcr Bioinformative Medizin Dr. Ludwig&#8220; Leitung des &#8222;Instituts f\u00fcr Bioinformative Medizin Dr. Ludwig&#8220; Technischer Fachberater [&hellip;]<\/p>\n","protected":false},"author":1,"featured_media":0,"parent":177,"menu_order":2,"comment_status":"closed","ping_status":"closed","template":"","meta":{"pmpro_default_level":"","footnotes":""},"class_list":["post-2568","page","type-page","status-publish","hentry","pmpro-has-access"],"_links":{"self":[{"href":"https:\/\/www.ams-ag.de\/fr\/wp-json\/wp\/v2\/pages\/2568","targetHints":{"allow":["GET"]}}],"collection":[{"href":"https:\/\/www.ams-ag.de\/fr\/wp-json\/wp\/v2\/pages"}],"about":[{"href":"https:\/\/www.ams-ag.de\/fr\/wp-json\/wp\/v2\/types\/page"}],"author":[{"embeddable":true,"href":"https:\/\/www.ams-ag.de\/fr\/wp-json\/wp\/v2\/users\/1"}],"replies":[{"embeddable":true,"href":"https:\/\/www.ams-ag.de\/fr\/wp-json\/wp\/v2\/comments?post=2568"}],"version-history":[{"count":9,"href":"https:\/\/www.ams-ag.de\/fr\/wp-json\/wp\/v2\/pages\/2568\/revisions"}],"predecessor-version":[{"id":18760,"href":"https:\/\/www.ams-ag.de\/fr\/wp-json\/wp\/v2\/pages\/2568\/revisions\/18760"}],"up":[{"embeddable":true,"href":"https:\/\/www.ams-ag.de\/fr\/wp-json\/wp\/v2\/pages\/177"}],"wp:attachment":[{"href":"https:\/\/www.ams-ag.de\/fr\/wp-json\/wp\/v2\/media?parent=2568"}],"curies":[{"name":"wp","href":"https:\/\/api.w.org\/{rel}","templated":true}]}}