{"id":2461,"date":"2023-05-11T16:50:34","date_gmt":"2023-05-11T14:50:34","guid":{"rendered":"http:\/\/www.ams-ag.de\/?page_id=2461"},"modified":"2024-09-05T17:57:12","modified_gmt":"2024-09-05T15:57:12","slug":"conditions-generales","status":"publish","type":"page","link":"https:\/\/www.ams-ag.de\/fr\/agb\/","title":{"rendered":"Conditions"},"content":{"rendered":"<div data-elementor-type=\"wp-page\" data-elementor-id=\"2461\" class=\"elementor elementor-2461\" data-elementor-post-type=\"page\">\n\t\t\t\t\t\t<section class=\"elementor-section elementor-top-section elementor-element elementor-element-28c086de elementor-section-boxed elementor-section-height-default elementor-section-height-default\" data-id=\"28c086de\" data-element_type=\"section\" data-e-type=\"section\">\n\t\t\t\t\t\t<div class=\"elementor-container elementor-column-gap-default\">\n\t\t\t\t\t<div class=\"elementor-column elementor-col-100 elementor-top-column elementor-element elementor-element-29ee1980\" data-id=\"29ee1980\" data-element_type=\"column\" data-e-type=\"column\">\n\t\t\t<div class=\"elementor-widget-wrap elementor-element-populated\">\n\t\t\t\t\t\t<div class=\"elementor-element elementor-element-44754997 elementor-widget elementor-widget-heading\" data-id=\"44754997\" data-element_type=\"widget\" data-e-type=\"widget\" data-widget_type=\"heading.default\">\n\t\t\t\t<div class=\"elementor-widget-container\">\n\t\t\t\t\t<h1 class=\"elementor-heading-title elementor-size-default\">Bienvenue chez AMS GmbH !<\/h1>\t\t\t\t<\/div>\n\t\t\t\t<\/div>\n\t\t\t\t<div class=\"elementor-element elementor-element-dbe26be elementor-widget elementor-widget-heading\" data-id=\"dbe26be\" data-element_type=\"widget\" data-e-type=\"widget\" data-widget_type=\"heading.default\">\n\t\t\t\t<div class=\"elementor-widget-container\">\n\t\t\t\t\t<h2 class=\"elementor-heading-title elementor-size-default\">CONDITIONS G\u00c9N\u00c9RALES (CGV) d&#039;AMS Advanced Medical Systems GmbH<\/h2>\t\t\t\t<\/div>\n\t\t\t\t<\/div>\n\t\t\t\t<div class=\"elementor-element elementor-element-c0f6db2 elementor-widget elementor-widget-text-editor\" data-id=\"c0f6db2\" data-element_type=\"widget\" data-e-type=\"widget\" data-widget_type=\"text-editor.default\">\n\t\t\t\t<div class=\"elementor-widget-container\">\n\t\t\t\t\t\t\t\t\t<p>En date du : 1er septembre 2023<\/p><p>Vous pouvez t\u00e9l\u00e9charger la version actuelle des conditions g\u00e9n\u00e9rales de cette boutique sous forme de fichier Acrobat Reader (fichier PDF).\u00a0 <b><a href=\"https:\/\/www.ams-ag.de\/wp-content\/uploads\/2023\/10\/AMS_AGB_shop.pdf\" target=\"_blank\" rel=\"noopener\">Boutique Conditions G\u00e9n\u00e9rales AMS<\/a><\/b>\u00a0ou est en permanence sous <a href=\"https:\/\/www.ams-ag.de\/fr\/\" target=\"_blank\" rel=\"noopener\">www.ams-ag.de<\/a> enregistr\u00e9. Il est \u00e9galement possible \u00e0 tout moment d\u2019imprimer les Conditions G\u00e9n\u00e9rales gr\u00e2ce aux fonctions g\u00e9n\u00e9rales du navigateur (menu \u00ab Fichier \u00bb \u2013 commande \u00ab Imprimer \u00bb) ou de les copier sur votre propre disque dur ou sur un autre support de stockage (menu \u00ab Fichier \u00bb \u2013 commande \u00ab Enregistrer \u00bb) .<\/p><hr \/><h3><b>1. Port\u00e9e<\/b><\/h3><p>Les conditions g\u00e9n\u00e9rales (CGV) suivantes s&#039;appliquent \u00e0 tous les contrats, livraisons et autres services aux consommateurs.<\/p><p>Un consommateur est toute personne physique qui conclut un acte juridique dans un but qui ne peut \u00eatre attribu\u00e9 principalement \u00e0 son activit\u00e9 commerciale ou professionnelle ind\u00e9pendante.<\/p><hr \/><h3><b>2. Offre<\/b><\/h3><p>Nos offres sont sans engagement. La pr\u00e9sentation des produits dans notre boutique en ligne ne constitue pas une offre juridiquement contraignante mais plut\u00f4t une invitation \u00e0 commander. De petits \u00e9carts et modifications techniques par rapport \u00e0 nos illustrations ou descriptions sont possibles.<\/p><hr \/><h3><b>3. Prix, livraison et frais d&#039;exp\u00e9dition<\/b><\/h3><p>Les conditions de livraison d\u2019AMS sont d\u00e9taill\u00e9es dans le bon de commande. Il n\u2019y a pas de quantit\u00e9 minimum de commande. Tous nos prix incluent la TVA l\u00e9gale, qui s&#039;\u00e9l\u00e8ve actuellement \u00e0 19% ou 7% (livres). En Allemagne, les envois de livres, du \u00ab Glucosamine Gold Gel \u00bb (n\u00b0 de commande 650) et du CD-ROM BIOINFORMATIVE MEDECINE (n\u00b0 de commande 406) sont gratuits. Pour tous les autres produits, nous facturons des frais d&#039;exp\u00e9dition forfaitaires en Allemagne de 7 euros ou 15 euros, selon le produit. Les flacons d&#039;\u00e9chantillons, l&#039;embout de fixation pour le laser CEPES et le porte-ampoule sont envoy\u00e9s en Allemagne avec des frais d&#039;exp\u00e9dition de 4 euros. Les frais de port applicables vous seront clairement communiqu\u00e9s dans le syst\u00e8me de panier ou sur la page de commande. Pour les livraisons vers d&#039;autres pays de la CE ou vers tous les autres pays, des frais d&#039;exp\u00e9dition diff\u00e9rents s&#039;appliquent, qui sont \u00e9galement affich\u00e9s sur la page de commande.<\/p><hr \/><h3><b>4. D\u00e9lais de livraison<\/b><\/h3><p>Les marchandises command\u00e9es seront exp\u00e9di\u00e9es dans un d\u00e9lai maximum de 3 jours ouvrables. Nous indiquerons les \u00e9ventuels d\u00e9lais de livraison diff\u00e9rents sur la page produit correspondante.<\/p><hr \/><h3><b>5. Politique d&#039;annulation<\/b><\/h3><p>Si vous \u00eates un entrepreneur au sens de l&#039;article 14 du Code civil allemand (BGB) et que vous agissez dans le cadre de l&#039;exercice de votre activit\u00e9 commerciale ou ind\u00e9pendante au moment de la conclusion du contrat, vous n&#039;avez pas de droit de r\u00e9tractation.<\/p><p><b>Droit de r\u00e9tractation<\/b><\/p><p>Vous avez le droit de r\u00e9silier ce contrat dans un d\u00e9lai de quatorze jours sans donner de motif. Le d\u00e9lai de r\u00e9tractation est de quatorze jours \u00e0 compter du jour o\u00f9 vous ou un tiers d\u00e9sign\u00e9 par vous qui n&#039;est pas le transporteur avez pris possession de la derni\u00e8re marchandise.<\/p><p>Pour exercer votre droit de r\u00e9tractation, vous devez nous contacter (AMS GmbH, Hauptstra\u00dfe 26, 97990 Weikersheim, t\u00e9l\u00e9phone 07934\/993489-0, fax 07934\/993489-44, e-mail\u00a0<a href=\"mailto:info@ams-ag.de\">info@ams-ag.de<\/a>) vous informer de votre d\u00e9cision de vous r\u00e9tracter du pr\u00e9sent contrat au moyen d&#039;une d\u00e9claration claire (par exemple une lettre envoy\u00e9e par courrier, fax ou e-mail). Vous pouvez utiliser le mod\u00e8le de formulaire d\u2019annulation suivant, bien que cela ne soit pas obligatoire.<\/p><p><b>Exemple de formulaire d&#039;annulation<\/b><\/p><p>\u00c0 : AMS GmbH, Hauptstra\u00dfe 26, 97990 Weikersheim<br \/>T\u00e9l\u00e9phone 07934\/993489-0, Fax 07934\/993489-44 (au tarif local en vigueur)<br \/>e-mail\u00a0 <a href=\"mailto:info@ams-ag.de\">info@ams-ag.de<\/a><br \/><a href=\"mailto:info@ams-ag.de\">info@ams-ag.de<\/a><\/p><p>Je\/nous (*) r\u00e9voquons par la pr\u00e9sente le contrat conclu par moi\/nous (*) pour l&#039;achat des biens suivants (*)\/la fourniture du service suivant (*)<\/p><p class=\"bodytext\">__________________________<\/p><p class=\"bodytext\">__________________________<\/p><p class=\"bodytext\">Command\u00e9 le (*)________ \/ re\u00e7u le (*)________<\/p><p class=\"bodytext\">__________________________<\/p><p class=\"bodytext\">Nom du ou des consommateurs<\/p><p class=\"bodytext\">\u00a0__________________________<\/p><p class=\"bodytext\">Adresse du ou des consommateurs<\/p><p class=\"bodytext\">___________________________<\/p><p class=\"bodytext\">Signature du ou des consommateurs (uniquement pour la notification papier)<\/p><p class=\"bodytext\">___________________________<\/p><p>Date<br \/>(*) Supprimer ce qui n&#039;est pas applicable.<\/p><p>Afin de respecter le d\u00e9lai de r\u00e9tractation, il suffit que vous envoyiez la notification de votre exercice du droit de r\u00e9tractation avant l&#039;expiration du d\u00e9lai de r\u00e9tractation.<\/p><p><b>Cons\u00e9quences de la r\u00e9vocation<\/b><\/p><p>Vous devez nous restituer ou nous remettre la marchandise imm\u00e9diatement et en tout cas au plus tard quatorze jours \u00e0 compter du jour o\u00f9 vous nous informez de votre r\u00e9siliation du pr\u00e9sent contrat. Le d\u00e9lai est respect\u00e9 si vous envoyez la marchandise avant l&#039;expiration du d\u00e9lai de quatorze jours. Vous supportez les frais directs de retour de la marchandise.<\/p><p>Vous n&#039;\u00eates responsable de toute perte de valeur des marchandises que si cette perte de valeur est due \u00e0 une manipulation autre que celle n\u00e9cessaire pour \u00e9tablir la nature, les caract\u00e9ristiques et la fonctionnalit\u00e9 des marchandises.<\/p><p>FIN DE R\u00c9VOCATION<\/p><p><b>NOTRE GARANTIE DE RETOUR VOLONTAIRE pour l&#039;article\/num\u00e9ro de commande. 100-107 (MEDISEND, MEDISEND protector, MEDICUR pro, METRONOM solar, METRONOM C, MEDICUR color et CEPES laser) :<br \/>Sans pr\u00e9judice de vos droits l\u00e9gaux, AMS vous propose la garantie de retour volontaire suivante :<br \/>Vous pouvez retourner tous les petits appareils mentionn\u00e9s ci-dessus (article\/commande n\u00b0 100-107) \u00e0 AMS dans les 90 jours suivant la r\u00e9ception de la marchandise.<\/b><\/p><p><b>Si vous retournez des marchandises conform\u00e9ment \u00e0 cette garantie de retour volontaire, nous vous rembourserons le prix d&#039;achat que vous avez d\u00e9j\u00e0 pay\u00e9, mais pas les frais d&#039;exp\u00e9dition de votre achat initial. La condition pr\u00e9alable est que les marchandises soient en parfait \u00e9tat. L&#039;utilisation pr\u00e9vue des marchandises est toutefois autoris\u00e9e. Il n&#039;est pas n\u00e9cessaire de remplacer les piles usag\u00e9es par des neuves. Les risques du transport et les frais de retour sont \u00e0 votre charge.<\/b><br \/><b>Cette garantie de retour \u00e9tendue ne limite pas vos droits l\u00e9gaux et ne limite donc pas votre droit de r\u00e9tractation tel que d\u00e9crit ci-dessus.<\/b><\/p><p>Cette garantie de retour volontaire n&#039;est pas valable pour les marchandises \u00e0 prix r\u00e9duit et \u00e0 l&#039;occasion d&#039;op\u00e9rations commerciales particuli\u00e8res.<\/p><hr \/><h3><b>6. Loi sur le r\u00e8glement des litiges de consommation<\/b><\/h3><p>La loi sur le r\u00e8glement des litiges de consommation (VSBG) ne s&#039;applique pas \u00e0 l&#039;AMS en raison du nombre d&#039;employ\u00e9s employ\u00e9s. L&#039;AMS ne participe pas \u00e0 une proc\u00e9dure de r\u00e8glement des litiges devant un conseil d&#039;arbitrage des consommateurs.<\/p><hr \/><h3><b>7. Modes de paiement<\/b><\/h3><p>Le paiement peut \u00eatre effectu\u00e9 soit \u00e0 l&#039;avance (avec la confirmation de commande, vous recevrez une facture PDF avec les d\u00e9tails n\u00e9cessaires de nos coordonn\u00e9es bancaires et nous vous livrerons la marchandise apr\u00e8s r\u00e9ception du paiement), contre remboursement (uniquement possible en Allemagne et uniquement possible si l&#039;exp\u00e9dition via GLS est effectu\u00e9e ou s\u00e9lectionn\u00e9e), pr\u00e9l\u00e8vement automatique \/ pr\u00e9l\u00e8vement automatique (possible dans toute l&#039;Europe), carte de cr\u00e9dit (Master et Visa ; votre carte de cr\u00e9dit sera d\u00e9bit\u00e9e lorsque vous finaliserez votre commande), PayPal (vous devez toujours \u00eatre enregistr\u00e9 aupr\u00e8s de PayPal ou inscrivez-vous d&#039;abord, authentifiez-vous avec vos donn\u00e9es d&#039;acc\u00e8s et les instructions de paiement (confirmez-les avec nous) et par facture (possible uniquement pour les clients existants).<\/p><hr \/><h3><b>8. Avis de non-responsabilit\u00e9<\/b><\/h3><p>L&#039;utilisation des produits propos\u00e9s est \u00e0 vos propres risques. Les produits ne remplacent en aucun cas l&#039;examen et le traitement par un m\u00e9decin ou un praticien alternatif. Aucun des produits, \u00e0 l&#039;exception du produit MEDICUR pro, n&#039;est un dispositif m\u00e9dical au sens de la MPG (Medical Devices Act).<\/p><hr \/><h3><b>9. R\u00e9serve de propri\u00e9t\u00e9<\/b><\/h3><p>Les marchandises restent la propri\u00e9t\u00e9 d&#039;AMS jusqu&#039;au paiement int\u00e9gral du prix.<\/p><hr \/><h3><b>10. Stockage des donn\u00e9es<\/b><\/h3><p>Conform\u00e9ment \u00e0 l&#039;article 28 de la loi f\u00e9d\u00e9rale sur la protection des donn\u00e9es (BDSG), nous attirons votre attention sur le fait que les donn\u00e9es n\u00e9cessaires aux transactions commerciales sont trait\u00e9es et stock\u00e9es au moyen d&#039;un syst\u00e8me informatique conform\u00e9ment \u00e0 l&#039;article 33 (BDSG). Les donn\u00e9es personnelles seront bien entendu trait\u00e9es de mani\u00e8re confidentielle et ne seront pas transmises \u00e0 des tiers.<\/p>\t\t\t\t\t\t\t\t<\/div>\n\t\t\t\t<\/div>\n\t\t\t\t\t<\/div>\n\t\t<\/div>\n\t\t\t\t\t<\/div>\n\t\t<\/section>\n\t\t\t\t<section class=\"elementor-section elementor-top-section elementor-element elementor-element-f162e14 elementor-section-boxed elementor-section-height-default elementor-section-height-default\" data-id=\"f162e14\" data-element_type=\"section\" data-e-type=\"section\" data-settings=\"{&quot;background_background&quot;:&quot;classic&quot;}\">\n\t\t\t\t\t\t<div class=\"elementor-container elementor-column-gap-default\">\n\t\t\t\t\t<div class=\"elementor-column elementor-col-100 elementor-top-column elementor-element elementor-element-2c7e19b\" data-id=\"2c7e19b\" data-element_type=\"column\" data-e-type=\"column\">\n\t\t\t<div class=\"elementor-widget-wrap elementor-element-populated\">\n\t\t\t\t\t\t<div class=\"elementor-element elementor-element-fccb9c4 elementor-align-right elementor-mobile-align-center elementor-widget elementor-widget-button\" data-id=\"fccb9c4\" data-element_type=\"widget\" data-e-type=\"widget\" data-widget_type=\"button.default\">\n\t\t\t\t<div class=\"elementor-widget-container\">\n\t\t\t\t\t\t\t\t\t<div class=\"elementor-button-wrapper\">\n\t\t\t\t\t<a class=\"elementor-button elementor-button-link elementor-size-sm\" href=\"https:\/\/www.ams-ag.de\/fr\/impressum\/\">\n\t\t\t\t\t\t<span class=\"elementor-button-content-wrapper\">\n\t\t\t\t\t\t<span class=\"elementor-button-icon\">\n\t\t\t\t<i aria-hidden=\"true\" class=\"fas fa-arrow-right\"><\/i>\t\t\t<\/span>\n\t\t\t\t\t\t\t\t\t<span class=\"elementor-button-text\">imprimer<\/span>\n\t\t\t\t\t<\/span>\n\t\t\t\t\t<\/a>\n\t\t\t\t<\/div>\n\t\t\t\t\t\t\t\t<\/div>\n\t\t\t\t<\/div>\n\t\t\t\t\t<\/div>\n\t\t<\/div>\n\t\t\t\t\t<\/div>\n\t\t<\/section>\n\t\t\t\t<\/div>","protected":false},"excerpt":{"rendered":"<p>Herzlich Willkommen bei der AMS GmbH! ALLGEMEINE GESCH\u00c4FTSBEDINGUNGEN (AGB) der AMS Advanced Medical Systems GmbH Stand: 01.09.2023 Die jeweils aktuelle Version der Allgemeinen Gesch\u00e4ftsbedingungen dieses Shops k\u00f6nnen Sie sich als [&hellip;]<\/p>\n","protected":false},"author":1,"featured_media":0,"parent":0,"menu_order":10,"comment_status":"closed","ping_status":"closed","template":"","meta":{"pmpro_default_level":"","footnotes":""},"class_list":["post-2461","page","type-page","status-publish","hentry","pmpro-has-access"],"_links":{"self":[{"href":"https:\/\/www.ams-ag.de\/fr\/wp-json\/wp\/v2\/pages\/2461","targetHints":{"allow":["GET"]}}],"collection":[{"href":"https:\/\/www.ams-ag.de\/fr\/wp-json\/wp\/v2\/pages"}],"about":[{"href":"https:\/\/www.ams-ag.de\/fr\/wp-json\/wp\/v2\/types\/page"}],"author":[{"embeddable":true,"href":"https:\/\/www.ams-ag.de\/fr\/wp-json\/wp\/v2\/users\/1"}],"replies":[{"embeddable":true,"href":"https:\/\/www.ams-ag.de\/fr\/wp-json\/wp\/v2\/comments?post=2461"}],"version-history":[{"count":9,"href":"https:\/\/www.ams-ag.de\/fr\/wp-json\/wp\/v2\/pages\/2461\/revisions"}],"predecessor-version":[{"id":18442,"href":"https:\/\/www.ams-ag.de\/fr\/wp-json\/wp\/v2\/pages\/2461\/revisions\/18442"}],"wp:attachment":[{"href":"https:\/\/www.ams-ag.de\/fr\/wp-json\/wp\/v2\/media?parent=2461"}],"curies":[{"name":"wp","href":"https:\/\/api.w.org\/{rel}","templated":true}]}}